{"id":98093,"date":"2024-08-12T11:41:41","date_gmt":"2024-08-12T15:41:41","guid":{"rendered":"https:\/\/www.upla.cl\/transparencia\/?page_id=98093"},"modified":"2026-04-13T16:26:50","modified_gmt":"2026-04-13T20:26:50","slug":"estructura-organica-de-transparencia-y-proteccion-de-datos","status":"publish","type":"page","link":"https:\/\/www.upla.cl\/transparencia\/estructura-organica-y-facultades-funciones-y-atribuciones\/estructura-organica-de-transparencia-y-proteccion-de-datos\/","title":{"rendered":"Estructura org\u00e1nica de Transparencia y protecci\u00f3n de datos"},"content":{"rendered":"<p>[et_pb_section fb_built=\u00bb1&#8243; admin_label=\u00bbmen\u00fa secundario\u00bb _builder_version=\u00bb4.27.4&#8243; _module_preset=\u00bbdefault\u00bb background_color=\u00bb#009bdb\u00bb min_height=\u00bb40px\u00bb custom_margin=\u00bb0px||0px||false|false\u00bb custom_padding=\u00bb1%||1%||true|false\u00bb global_module=\u00bb104025&#8243; global_colors_info=\u00bb{}\u00bb][et_pb_row use_custom_gutter=\u00bbon\u00bb _builder_version=\u00bb4.27.4&#8243; _module_preset=\u00bbdefault\u00bb width=\u00bb90%\u00bb max_width=\u00bb1920px\u00bb custom_margin=\u00bb0px||0px||true|false\u00bb custom_padding=\u00bb0px||0px||true|false\u00bb global_colors_info=\u00bb{}\u00bb][et_pb_column type=\u00bb4_4&#8243; _builder_version=\u00bb4.27.4&#8243; _module_preset=\u00bbdefault\u00bb global_colors_info=\u00bb{}\u00bb][et_pb_text _builder_version=\u00bb4.27.4&#8243; _module_preset=\u00bbdefault\u00bb text_font=\u00bb|600|||||||\u00bb text_text_color=\u00bb#FFFFFF\u00bb text_font_size=\u00bb12px\u00bb text_line_height=\u00bb1.2em\u00bb link_text_color=\u00bb#FFFFFF\u00bb link_font_size=\u00bb12px\u00bb text_orientation=\u00bbright\u00bb custom_margin=\u00bb0px||0px||true|false\u00bb custom_padding=\u00bb0px||0px||true|false\u00bb text_orientation_tablet=\u00bbright\u00bb text_orientation_phone=\u00bbleft\u00bb text_orientation_last_edited=\u00bbon|phone\u00bb global_colors_info=\u00bb{}\u00bb]<\/p>\n<p><strong>-Accesos directos-<\/strong> \u00a0<a href=\"https:\/\/www.upla.cl\/admision\/\" target=\"_blank\" rel=\"noopener\">Admisi\u00f3n<\/a>\u00a0 \u00a0 \u00a0<a href=\"https:\/\/acceso.upla.cl\/sinte\/login.aspx\" target=\"_blank\" rel=\"noopener\">SINTE \u00a0 <\/a><a href=\"https:\/\/upla.cl\/generoydiversidad\/\" target=\"_blank\" rel=\"noopener\">Equidad e Igualdad de G\u00e9nero<\/a>\u00a0 \u00a0\u00a0<a href=\"https:\/\/www.upla.cl\/leykarin\/\" target=\"_blank\" rel=\"noopener\">Ley Karin<\/a> \u00a0\u00a0 <a href=\"https:\/\/www.upla.cl\/calidad\/acreditacion\/\" target=\"_blank\" rel=\"noopener\">Aseguramiento de la Calidad<\/a> \u00a0\u00a0 <a href=\"http:\/\/www.upla.cl\/transparencia\/\" target=\"_blank\" rel=\"noopener\">Transparencia Universitaria<\/a> \u00a0\u00a0 <a href=\"https:\/\/www.upla.cl\/noticias\/\" target=\"_blank\" rel=\"noopener\">Noticias UPLA<\/a><\/p>\n<p>[\/et_pb_text][\/et_pb_column][\/et_pb_row][\/et_pb_section][et_pb_section fb_built=\u00bb1&#8243; _builder_version=\u00bb3.18.4&#8243; _module_preset=\u00bbdefault\u00bb custom_padding=\u00bb50px|0px|0|0px|false|false\u00bb global_module=\u00bb6320&#8243; saved_tabs=\u00bball\u00bb global_colors_info=\u00bb{}\u00bb][et_pb_row column_structure=\u00bb1_2,1_4,1_4&#8243; module_class=\u00bb et_pb_row_fullwidth\u00bb _builder_version=\u00bb4.16&#8243; _module_preset=\u00bbdefault\u00bb width=\u00bb94%\u00bb width_tablet=\u00bb80%\u00bb width_phone=\u00bb\u00bb width_last_edited=\u00bbon|desktop\u00bb max_width=\u00bb94%\u00bb max_width_tablet=\u00bb80%\u00bb max_width_phone=\u00bb\u00bb max_width_last_edited=\u00bbon|desktop\u00bb custom_padding=\u00bb0|0px|0|0px|false|false\u00bb make_fullwidth=\u00bbon\u00bb global_colors_info=\u00bb{}\u00bb][et_pb_column type=\u00bb1_2&#8243; _builder_version=\u00bb4.16&#8243; _module_preset=\u00bbdefault\u00bb custom_padding=\u00bb|||\u00bb global_colors_info=\u00bb{}\u00bb custom_padding__hover=\u00bb|||\u00bb][et_pb_image src=\u00bbhttps:\/\/www.upla.cl\/transparencia\/wp-content\/uploads\/2018\/12\/2018_1210_transparencia_logo.png\u00bb url=\u00bbhttps:\/\/www.upla.cl\/transparencia\/\u00bb align=\u00bbright\u00bb align_tablet=\u00bbcenter\u00bb align_phone=\u00bb\u00bb align_last_edited=\u00bbon|desktop\u00bb admin_label=\u00bbInicio\u00bb _builder_version=\u00bb4.16&#8243; _module_preset=\u00bbdefault\u00bb global_colors_info=\u00bb{}\u00bb][\/et_pb_image][\/et_pb_column][et_pb_column type=\u00bb1_4&#8243; _builder_version=\u00bb4.16&#8243; _module_preset=\u00bbdefault\u00bb custom_padding=\u00bb|||\u00bb global_colors_info=\u00bb{}\u00bb custom_padding__hover=\u00bb|||\u00bb][\/et_pb_column][et_pb_column type=\u00bb1_4&#8243; _builder_version=\u00bb4.16&#8243; _module_preset=\u00bbdefault\u00bb custom_padding=\u00bb|||\u00bb global_colors_info=\u00bb{}\u00bb custom_padding__hover=\u00bb|||\u00bb][et_pb_blurb title=\u00bb\u00daltima actualizaci\u00f3n general del sitio\u00bb use_icon=\u00bbon\u00bb font_icon=\u00bb&#xe02c;||divi||400&#8243; icon_color=\u00bb#009bdb\u00bb image_icon_background_color=\u00bb#ffffff\u00bb icon_placement=\u00bbleft\u00bb image_icon_width=\u00bb16px\u00bb content_max_width=\u00bb930px\u00bb admin_label=\u00bb\u00daltima actualizaci\u00f3n\u00bb _builder_version=\u00bb4.27.5&#8243; _module_preset=\u00bbdefault\u00bb image_icon_custom_padding=\u00bb8px|8px|8px|8px|false|false\u00bb custom_padding=\u00bb20px|20px|20px|20px\u00bb animation_style=\u00bbfade\u00bb border_width_all=\u00bb1px\u00bb border_color_all=\u00bb#009bdb\u00bb border_radii_image=\u00bbon|100%|100%|100%|100%\u00bb border_width_all_image=\u00bb2px\u00bb border_color_all_image=\u00bb#009bdb\u00bb box_shadow_style=\u00bbpreset2&#8243; use_circle=\u00bbon\u00bb use_circle_border=\u00bbon\u00bb circle_border_color=\u00bb#009bdb\u00bb circle_color=\u00bb#ffffff\u00bb global_colors_info=\u00bb{}\u00bb image_icon_background_color__sticky_enabled=\u00bb#7EBEC5&#8243; image_icon_background_color__sticky=\u00bb#7EBEC5&#8243;]<\/p>\n<p>Lunes 13 de abril de 2026.<\/p>\n<p>[\/et_pb_blurb][\/et_pb_column][\/et_pb_row][\/et_pb_section][et_pb_section fb_built=\u00bb1&#8243; _builder_version=\u00bb4.16&#8243; custom_padding=\u00bb27px|0px|0|0px|false|false\u00bb global_colors_info=\u00bb{}\u00bb][et_pb_row use_custom_gutter=\u00bbon\u00bb module_class=\u00bb et_pb_row_fullwidth\u00bb _builder_version=\u00bb4.27.4&#8243; width=\u00bb100%\u00bb width_tablet=\u00bb80%\u00bb width_phone=\u00bb\u00bb width_last_edited=\u00bbon|desktop\u00bb max_width=\u00bb100%\u00bb max_width_tablet=\u00bb80%\u00bb max_width_phone=\u00bb\u00bb max_width_last_edited=\u00bbon|desktop\u00bb custom_padding=\u00bb0|0px|0|0px|false|false\u00bb make_fullwidth=\u00bbon\u00bb global_colors_info=\u00bb{}\u00bb][et_pb_column type=\u00bb4_4&#8243; _builder_version=\u00bb4.16&#8243; custom_padding=\u00bb|||\u00bb global_colors_info=\u00bb{}\u00bb custom_padding__hover=\u00bb|||\u00bb][et_pb_post_title meta=\u00bboff\u00bb featured_placement=\u00bbbackground\u00bb text_color=\u00bblight\u00bb _builder_version=\u00bb4.27.0&#8243; title_font=\u00bb||||||||\u00bb title_font_size=\u00bb30px\u00bb background_color=\u00bb#009bdb\u00bb background_image=\u00bbhttps:\/\/www.upla.cl\/transparencia\/wp-content\/uploads\/2013\/05\/casacentralfrontis.jpg\u00bb background_repeat=\u00bbspace\u00bb background_blend=\u00bbmultiply\u00bb global_colors_info=\u00bb{}\u00bb][\/et_pb_post_title][\/et_pb_column][\/et_pb_row][\/et_pb_section][et_pb_section fb_built=\u00bb1&#8243; _builder_version=\u00bb4.27.4&#8243; custom_padding=\u00bb1%||1%||true|false\u00bb global_colors_info=\u00bb{}\u00bb][et_pb_row module_class=\u00bb et_pb_row_fullwidth\u00bb _builder_version=\u00bb4.27.4&#8243; background_color=\u00bb#f2f9f9&#8243; background_size=\u00bbinitial\u00bb background_position=\u00bbtop_left\u00bb background_repeat=\u00bbrepeat\u00bb width=\u00bb94%\u00bb width_tablet=\u00bb80%\u00bb width_phone=\u00bb\u00bb width_last_edited=\u00bbon|desktop\u00bb max_width=\u00bb94%\u00bb max_width_tablet=\u00bb80%\u00bb max_width_phone=\u00bb\u00bb max_width_last_edited=\u00bbon|desktop\u00bb custom_padding=\u00bb1%|1%|1%|1%|true|true\u00bb border_radii=\u00bbon|10px|10px|10px|10px\u00bb make_fullwidth=\u00bbon\u00bb global_colors_info=\u00bb{}\u00bb][et_pb_column type=\u00bb4_4&#8243; _builder_version=\u00bb4.16&#8243; custom_padding=\u00bb|||\u00bb global_colors_info=\u00bb{}\u00bb custom_padding__hover=\u00bb|||\u00bb][et_pb_text admin_label=\u00bbBreadcrumbs\u00bb _builder_version=\u00bb4.27.4&#8243; _module_preset=\u00bbdefault\u00bb text_font=\u00bb||||||||\u00bb text_text_color=\u00bb#565656&#8243; text_font_size=\u00bb16px\u00bb link_text_color=\u00bb#0C71C3&#8243; border_style_right=\u00bbdashed\u00bb border_style_bottom=\u00bbdashed\u00bb global_colors_info=\u00bb{}\u00bb]<a title=\"Volver al inicio\" href=\"https:\/\/www.upla.cl\/transparencia\/\"> Transparencia<\/a> &gt; <a title=\"Estructura org\u00e1nica y facultades, funciones y atribuciones\" href=\"https:\/\/www.upla.cl\/transparencia\/estructura-organica-y-facultades-funciones-y-atribuciones\/\">Estructura org\u00e1nica y facultades, funciones y atribuciones<\/a> &gt; Estructura org\u00e1nica de Transparencia y protecci\u00f3n de datos[\/et_pb_text][\/et_pb_column][\/et_pb_row][\/et_pb_section][et_pb_section fb_built=\u00bb1&#8243; _builder_version=\u00bb4.16&#8243; custom_padding=\u00bb0|0px|40px|0px|false|false\u00bb global_colors_info=\u00bb{}\u00bb][et_pb_row _builder_version=\u00bb4.27.0&#8243; _module_preset=\u00bbdefault\u00bb max_width=\u00bb2560px\u00bb global_colors_info=\u00bb{}\u00bb][et_pb_column type=\u00bb4_4&#8243; _builder_version=\u00bb4.19.5&#8243; _module_preset=\u00bbdefault\u00bb global_colors_info=\u00bb{}\u00bb][et_pb_text _builder_version=\u00bb4.27.5&#8243; _module_preset=\u00bbdefault\u00bb hover_enabled=\u00bb0&#8243; global_colors_info=\u00bb{}\u00bb sticky_enabled=\u00bb0&#8243;]<\/p>\n<p>Fecha \u00faltima actualizaci\u00f3n: 12 de marzo de 2025.<br \/><span>En el mes de marzo<\/span><span> de 2026 este organismo no realiz\u00f3 cambios en la Estructura org\u00e1nica de Transparencia.<\/span><\/p>\n<p>[\/et_pb_text][\/et_pb_column][\/et_pb_row][et_pb_row column_structure=\u00bb1_3,1_3,1_3&#8243; _builder_version=\u00bb4.27.0&#8243; _module_preset=\u00bbdefault\u00bb max_width=\u00bb2560px\u00bb global_colors_info=\u00bb{}\u00bb][et_pb_column type=\u00bb1_3&#8243; _builder_version=\u00bb4.19.5&#8243; _module_preset=\u00bbdefault\u00bb global_colors_info=\u00bb{}\u00bb][et_pb_blurb title=\u00bbCargo, nombre y apellido de la Jefa o Jefe Superior del sujeto obligado\u00bb admin_label=\u00bbOrganizaci\u00f3n interna\u00bb _builder_version=\u00bb4.27.4&#8243; background_color=\u00bb#f2f9f9&#8243; min_height=\u00bb200px\u00bb custom_padding=\u00bb20px|20px|20px|20px\u00bb global_colors_info=\u00bb{}\u00bb]<strong>Carlos Gonz\u00e1lez Morales<\/strong><br \/>\nRector<\/p>\n<p><strong>Carmen Zavala Sanino<\/strong><br \/>\nContralora Universitaria (S)[\/et_pb_blurb][\/et_pb_column][et_pb_column type=\u00bb1_3&#8243; _builder_version=\u00bb4.19.5&#8243; _module_preset=\u00bbdefault\u00bb global_colors_info=\u00bb{}\u00bb][et_pb_blurb title=\u00bbUnidad o dependencia del sujeto obligado que tiene a cargo las funciones relacionadas con el cumplimiento de la Ley de Transparencia\u00bb admin_label=\u00bbOrganizaci\u00f3n interna\u00bb _builder_version=\u00bb4.27.0&#8243; background_color=\u00bb#f2f9f9&#8243; min_height=\u00bb200px\u00bb custom_padding=\u00bb20px|20px|20px|20px\u00bb global_colors_info=\u00bb{}\u00bb]<\/p>\n<p><strong>Unidad de Transparencia<\/strong><\/p>\n<p>[\/et_pb_blurb][\/et_pb_column][et_pb_column type=\u00bb1_3&#8243; _builder_version=\u00bb4.19.5&#8243; _module_preset=\u00bbdefault\u00bb global_colors_info=\u00bb{}\u00bb][et_pb_blurb title=\u00bbCalidad jur\u00eddica en la que se desempe\u00f1a el o los funcionarios o funcionarias que forman parte de dicha unidad o dependencia (planta, contrata, honorarios, C\u00f3digo del Trabajo).\u00bb admin_label=\u00bbOrganizaci\u00f3n interna\u00bb _builder_version=\u00bb4.27.0&#8243; background_color=\u00bb#f2f9f9&#8243; min_height=\u00bb200px\u00bb custom_padding=\u00bb20px|20px|20px|20px\u00bb global_colors_info=\u00bb{}\u00bb]<\/p>\n<p><strong>Contrata<\/strong><\/p>\n<p>[\/et_pb_blurb][\/et_pb_column][\/et_pb_row][\/et_pb_section][et_pb_section fb_built=\u00bb1&#8243; _builder_version=\u00bb4.27.4&#8243; background_color=\u00bb#565656&#8243; custom_padding=\u00bb0|0px|0|0px|false|false\u00bb global_module=\u00bb98757&#8243; global_colors_info=\u00bb{}\u00bb][et_pb_row column_structure=\u00bb1_4,1_4,1_4,1_4&#8243; use_custom_gutter=\u00bbon\u00bb module_class=\u00bb et_pb_row_fullwidth\u00bb _builder_version=\u00bb4.27.5&#8243; width=\u00bb94%\u00bb width_tablet=\u00bb80%\u00bb width_phone=\u00bb\u00bb width_last_edited=\u00bbon|desktop\u00bb max_width=\u00bb94%\u00bb max_width_tablet=\u00bb80%\u00bb max_width_phone=\u00bb\u00bb max_width_last_edited=\u00bbon|desktop\u00bb custom_padding=\u00bb60px|0px|0|0px|false|false\u00bb make_fullwidth=\u00bbon\u00bb global_colors_info=\u00bb{}\u00bb][et_pb_column type=\u00bb1_4&#8243; _builder_version=\u00bb4.16&#8243; custom_padding=\u00bb|||\u00bb global_colors_info=\u00bb{}\u00bb custom_padding__hover=\u00bb|||\u00bb][et_pb_sidebar area=\u00bbsidebar-2&#8243; _builder_version=\u00bb4.27.2&#8243; header_font=\u00bb|600|||||||\u00bb header_text_color=\u00bb#bce3fa\u00bb body_text_color=\u00bb#FFFFFF\u00bb global_colors_info=\u00bb{}\u00bb][\/et_pb_sidebar][et_pb_search placeholder=\u00bbBusca en el sitio\u00bb admin_label=\u00bbBuscar en el sitio\u00bb _builder_version=\u00bb4.27.5&#8243; _module_preset=\u00bbdefault\u00bb background_color=\u00bb#FFFFFF\u00bb global_colors_info=\u00bb{}\u00bb][\/et_pb_search][\/et_pb_column][et_pb_column type=\u00bb1_4&#8243; _builder_version=\u00bb4.16&#8243; custom_padding=\u00bb|||\u00bb global_colors_info=\u00bb{}\u00bb custom_padding__hover=\u00bb|||\u00bb][et_pb_sidebar area=\u00bbsidebar-3&#8243; _builder_version=\u00bb4.16&#8243; header_font=\u00bb|600|||||||\u00bb header_text_color=\u00bb#bce3fa\u00bb body_text_color=\u00bb#FFFFFF\u00bb global_colors_info=\u00bb{}\u00bb][\/et_pb_sidebar][\/et_pb_column][et_pb_column type=\u00bb1_4&#8243; _builder_version=\u00bb4.16&#8243; custom_padding=\u00bb|||\u00bb global_colors_info=\u00bb{}\u00bb custom_padding__hover=\u00bb|||\u00bb][et_pb_sidebar area=\u00bbsidebar-4&#8243; _builder_version=\u00bb4.16&#8243; header_font=\u00bb|600|||||||\u00bb header_text_color=\u00bb#bce3fa\u00bb body_text_color=\u00bb#FFFFFF\u00bb global_colors_info=\u00bb{}\u00bb][\/et_pb_sidebar][\/et_pb_column][et_pb_column type=\u00bb1_4&#8243; _builder_version=\u00bb4.16&#8243; custom_padding=\u00bb|||\u00bb global_colors_info=\u00bb{}\u00bb custom_padding__hover=\u00bb|||\u00bb][et_pb_sidebar area=\u00bbsidebar-5&#8243; _builder_version=\u00bb4.27.4&#8243; header_font=\u00bb|600|||||||\u00bb header_text_color=\u00bb#bce3fa\u00bb body_text_color=\u00bb#FFFFFF\u00bb global_colors_info=\u00bb{}\u00bb][\/et_pb_sidebar][et_pb_blurb title=\u00bbUpla.cl\u00bb url=\u00bbhttp:\/\/www.upla.cl\u00bb url_new_window=\u00bbon\u00bb image=\u00bbhttps:\/\/www.upla.cl\/transparencia\/wp-content\/uploads\/2024\/07\/faroupla.png.png\u00bb alt=\u00bb\u00cdcono Faro Universidad de Playa Ancha\u00bb icon_placement=\u00bbleft\u00bb admin_label=\u00bbUPLA.cl &#8211; Sitio web institucional\u00bb _builder_version=\u00bb4.27.4&#8243; header_text_color=\u00bb#FFFFFF\u00bb body_text_color=\u00bb#FFFFFF\u00bb link_option_url=\u00bbhttp:\/\/www.upla.cl\/\u00bb link_option_url_new_window=\u00bbon\u00bb global_colors_info=\u00bb{}\u00bb]<\/p>\n<p>Sitio web institucional<\/p>\n<p>[\/et_pb_blurb][\/et_pb_column][\/et_pb_row][\/et_pb_section]<\/p>\n","protected":false},"excerpt":{"rendered":"<p>En esta p\u00e1gina del sitio de Transparencia Universitaria de la Universidad de Playa Ancha (UPLA) publicaremos informaci\u00f3n sobre la Estructura Org\u00e1nica de Transparencia y protecci\u00f3n de datos de la instituci\u00f3n.<\/p>\n","protected":false},"author":6,"featured_media":3610,"parent":322,"menu_order":0,"comment_status":"closed","ping_status":"closed","template":"page-template-blank.php","meta":{"_et_pb_use_builder":"on","_et_pb_old_content":"","_et_gb_content_width":"","_relevanssi_hide_post":"","_relevanssi_hide_content":"","_relevanssi_pin_for_all":"","_relevanssi_pin_keywords":"","_relevanssi_unpin_keywords":"","_relevanssi_related_keywords":"","_relevanssi_related_include_ids":"","_relevanssi_related_exclude_ids":"","_relevanssi_related_no_append":"","_relevanssi_related_not_related":"","_relevanssi_related_posts":"","_relevanssi_noindex_reason":"","footnotes":""},"class_list":["post-98093","page","type-page","status-publish","has-post-thumbnail","hentry"],"_links":{"self":[{"href":"https:\/\/www.upla.cl\/transparencia\/wp-json\/wp\/v2\/pages\/98093","targetHints":{"allow":["GET"]}}],"collection":[{"href":"https:\/\/www.upla.cl\/transparencia\/wp-json\/wp\/v2\/pages"}],"about":[{"href":"https:\/\/www.upla.cl\/transparencia\/wp-json\/wp\/v2\/types\/page"}],"author":[{"embeddable":true,"href":"https:\/\/www.upla.cl\/transparencia\/wp-json\/wp\/v2\/users\/6"}],"replies":[{"embeddable":true,"href":"https:\/\/www.upla.cl\/transparencia\/wp-json\/wp\/v2\/comments?post=98093"}],"version-history":[{"count":4,"href":"https:\/\/www.upla.cl\/transparencia\/wp-json\/wp\/v2\/pages\/98093\/revisions"}],"predecessor-version":[{"id":17230263,"href":"https:\/\/www.upla.cl\/transparencia\/wp-json\/wp\/v2\/pages\/98093\/revisions\/17230263"}],"up":[{"embeddable":true,"href":"https:\/\/www.upla.cl\/transparencia\/wp-json\/wp\/v2\/pages\/322"}],"wp:featuredmedia":[{"embeddable":true,"href":"https:\/\/www.upla.cl\/transparencia\/wp-json\/wp\/v2\/media\/3610"}],"wp:attachment":[{"href":"https:\/\/www.upla.cl\/transparencia\/wp-json\/wp\/v2\/media?parent=98093"}],"curies":[{"name":"wp","href":"https:\/\/api.w.org\/{rel}","templated":true}]}}