{"id":385,"date":"2013-05-08T23:58:46","date_gmt":"2013-05-09T03:58:46","guid":{"rendered":"http:\/\/www.upla.cl\/transparencia\/?page_id=385"},"modified":"2026-02-13T10:54:41","modified_gmt":"2026-02-13T13:54:41","slug":"informacion-presupuestaria","status":"publish","type":"page","link":"https:\/\/www.upla.cl\/transparencia\/informacion-presupuestaria\/","title":{"rendered":"Informaci\u00f3n presupuestaria"},"content":{"rendered":"<p>[et_pb_section fb_built=\u00bb1&#8243; _builder_version=\u00bb3.18.4&#8243; _module_preset=\u00bbdefault\u00bb custom_padding=\u00bb50px|0px|0|0px|false|false\u00bb global_module=\u00bb6320&#8243; saved_tabs=\u00bball\u00bb global_colors_info=\u00bb{}\u00bb][et_pb_row column_structure=\u00bb1_2,1_4,1_4&#8243; module_class=\u00bb et_pb_row_fullwidth\u00bb _builder_version=\u00bb4.16&#8243; _module_preset=\u00bbdefault\u00bb width=\u00bb94%\u00bb width_tablet=\u00bb80%\u00bb width_phone=\u00bb\u00bb width_last_edited=\u00bbon|desktop\u00bb max_width=\u00bb94%\u00bb max_width_tablet=\u00bb80%\u00bb max_width_phone=\u00bb\u00bb max_width_last_edited=\u00bbon|desktop\u00bb custom_padding=\u00bb0|0px|0|0px|false|false\u00bb make_fullwidth=\u00bbon\u00bb global_colors_info=\u00bb{}\u00bb][et_pb_column type=\u00bb1_2&#8243; _builder_version=\u00bb4.16&#8243; _module_preset=\u00bbdefault\u00bb custom_padding=\u00bb|||\u00bb global_colors_info=\u00bb{}\u00bb custom_padding__hover=\u00bb|||\u00bb][et_pb_image src=\u00bbhttps:\/\/www.upla.cl\/transparencia\/wp-content\/uploads\/2018\/12\/2018_1210_transparencia_logo.png\u00bb url=\u00bbhttps:\/\/www.upla.cl\/transparencia\/\u00bb align=\u00bbright\u00bb align_tablet=\u00bbcenter\u00bb align_phone=\u00bb\u00bb align_last_edited=\u00bbon|desktop\u00bb admin_label=\u00bbInicio\u00bb _builder_version=\u00bb4.16&#8243; _module_preset=\u00bbdefault\u00bb global_colors_info=\u00bb{}\u00bb][\/et_pb_image][\/et_pb_column][et_pb_column type=\u00bb1_4&#8243; _builder_version=\u00bb4.16&#8243; _module_preset=\u00bbdefault\u00bb custom_padding=\u00bb|||\u00bb global_colors_info=\u00bb{}\u00bb custom_padding__hover=\u00bb|||\u00bb][\/et_pb_column][et_pb_column type=\u00bb1_4&#8243; _builder_version=\u00bb4.16&#8243; _module_preset=\u00bbdefault\u00bb custom_padding=\u00bb|||\u00bb global_colors_info=\u00bb{}\u00bb custom_padding__hover=\u00bb|||\u00bb][et_pb_blurb title=\u00bb\u00daltima actualizaci\u00f3n general del sitio\u00bb use_icon=\u00bbon\u00bb font_icon=\u00bb&#xe02c;||divi||400&#8243; icon_color=\u00bb#009bdb\u00bb image_icon_background_color=\u00bb#ffffff\u00bb icon_placement=\u00bbleft\u00bb image_icon_width=\u00bb16px\u00bb content_max_width=\u00bb930px\u00bb admin_label=\u00bb\u00daltima actualizaci\u00f3n\u00bb _builder_version=\u00bb4.27.5&#8243; _module_preset=\u00bbdefault\u00bb image_icon_custom_padding=\u00bb8px|8px|8px|8px|false|false\u00bb custom_padding=\u00bb20px|20px|20px|20px\u00bb animation_style=\u00bbfade\u00bb border_width_all=\u00bb1px\u00bb border_color_all=\u00bb#009bdb\u00bb border_radii_image=\u00bbon|100%|100%|100%|100%\u00bb border_width_all_image=\u00bb2px\u00bb border_color_all_image=\u00bb#009bdb\u00bb box_shadow_style=\u00bbpreset2&#8243; use_circle=\u00bbon\u00bb use_circle_border=\u00bbon\u00bb circle_border_color=\u00bb#009bdb\u00bb circle_color=\u00bb#ffffff\u00bb global_colors_info=\u00bb{}\u00bb image_icon_background_color__sticky_enabled=\u00bb#7EBEC5&#8243; image_icon_background_color__sticky=\u00bb#7EBEC5&#8243;]<\/p>\n<p>Jueves 12 de febrero de 2026.<\/p>\n<p>[\/et_pb_blurb][\/et_pb_column][\/et_pb_row][\/et_pb_section][et_pb_section fb_built=\u00bb1&#8243; _builder_version=\u00bb4.16&#8243; custom_padding=\u00bb27px|0px|0|0px|false|false\u00bb global_colors_info=\u00bb{}\u00bb][et_pb_row use_custom_gutter=\u00bbon\u00bb module_class=\u00bb et_pb_row_fullwidth\u00bb _builder_version=\u00bb4.16&#8243; width=\u00bb94%\u00bb width_tablet=\u00bb80%\u00bb width_phone=\u00bb80%\u00bb width_last_edited=\u00bbon|desktop\u00bb max_width=\u00bb94%\u00bb max_width_tablet=\u00bb80%\u00bb max_width_phone=\u00bb80%\u00bb max_width_last_edited=\u00bbon|desktop\u00bb custom_padding=\u00bb0|0px|0|0px|false|false\u00bb make_fullwidth=\u00bbon\u00bb global_colors_info=\u00bb{}\u00bb][et_pb_column type=\u00bb4_4&#8243; _builder_version=\u00bb4.16&#8243; custom_padding=\u00bb|||\u00bb global_colors_info=\u00bb{}\u00bb custom_padding__hover=\u00bb|||\u00bb][et_pb_post_title meta=\u00bboff\u00bb featured_placement=\u00bbbackground\u00bb text_color=\u00bblight\u00bb _builder_version=\u00bb4.16&#8243; title_font=\u00bb||||||||\u00bb title_font_size=\u00bb30px\u00bb background_color=\u00bb#009bdb\u00bb background_repeat=\u00bbspace\u00bb background_blend=\u00bbmultiply\u00bb global_colors_info=\u00bb{}\u00bb][\/et_pb_post_title][\/et_pb_column][\/et_pb_row][\/et_pb_section][et_pb_section fb_built=\u00bb1&#8243; _builder_version=\u00bb4.27.4&#8243; custom_padding=\u00bb1%||1%||true|false\u00bb global_colors_info=\u00bb{}\u00bb][et_pb_row module_class=\u00bb et_pb_row_fullwidth\u00bb _builder_version=\u00bb4.27.4&#8243; background_color=\u00bb#f2f9f9&#8243; background_size=\u00bbinitial\u00bb background_position=\u00bbtop_left\u00bb background_repeat=\u00bbrepeat\u00bb width=\u00bb94%\u00bb width_tablet=\u00bb80%\u00bb width_phone=\u00bb\u00bb width_last_edited=\u00bbon|desktop\u00bb max_width=\u00bb94%\u00bb max_width_tablet=\u00bb80%\u00bb max_width_phone=\u00bb\u00bb max_width_last_edited=\u00bbon|desktop\u00bb custom_padding=\u00bb1%|1%|1%|1%|true|true\u00bb border_radii=\u00bbon|10px|10px|10px|10px\u00bb make_fullwidth=\u00bbon\u00bb global_colors_info=\u00bb{}\u00bb][et_pb_column type=\u00bb4_4&#8243; _builder_version=\u00bb4.16&#8243; custom_padding=\u00bb|||\u00bb global_colors_info=\u00bb{}\u00bb custom_padding__hover=\u00bb|||\u00bb][et_pb_text admin_label=\u00bbBreadcrumbs\u00bb _builder_version=\u00bb4.27.4&#8243; _module_preset=\u00bbdefault\u00bb text_font=\u00bb||||||||\u00bb text_text_color=\u00bb#565656&#8243; text_font_size=\u00bb16px\u00bb link_text_color=\u00bb#0C71C3&#8243; border_style_right=\u00bbdashed\u00bb border_style_bottom=\u00bbdashed\u00bb global_colors_info=\u00bb{}\u00bb]<\/p>\n<p><a title=\"Volver al inicio\" href=\"https:\/\/www.upla.cl\/transparencia\/\"> Transparencia<\/a> &gt; Informaci\u00f3n presupuestaria<\/p>\n<p>[\/et_pb_text][\/et_pb_column][\/et_pb_row][\/et_pb_section][et_pb_section fb_built=\u00bb1&#8243; _builder_version=\u00bb4.16&#8243; custom_padding=\u00bb60px|0px|60px|0px|false|false\u00bb global_colors_info=\u00bb{}\u00bb][et_pb_row column_structure=\u00bb1_3,1_3,1_3&#8243; use_custom_gutter=\u00bbon\u00bb module_class=\u00bb et_pb_row_fullwidth\u00bb _builder_version=\u00bb4.16&#8243; background_size=\u00bbinitial\u00bb background_position=\u00bbtop_left\u00bb background_repeat=\u00bbrepeat\u00bb width=\u00bb94%\u00bb width_tablet=\u00bb80%\u00bb width_phone=\u00bb80%\u00bb width_last_edited=\u00bbon|desktop\u00bb max_width=\u00bb94%\u00bb max_width_tablet=\u00bb80%\u00bb max_width_phone=\u00bb80%\u00bb max_width_last_edited=\u00bbon|desktop\u00bb custom_padding=\u00bb0|0px|0|0px|false|false\u00bb make_fullwidth=\u00bbon\u00bb global_colors_info=\u00bb{}\u00bb][et_pb_column type=\u00bb1_3&#8243; _builder_version=\u00bb4.16&#8243; custom_padding=\u00bb|||\u00bb global_colors_info=\u00bb{}\u00bb custom_padding__hover=\u00bb|||\u00bb][et_pb_text admin_label=\u00bbInformaci\u00f3n presupuestaria\u00bb _builder_version=\u00bb4.27.5&#8243; background_size=\u00bbinitial\u00bb background_position=\u00bbtop_left\u00bb background_repeat=\u00bbrepeat\u00bb custom_padding=\u00bb20px|20px|20px|20px\u00bb link_option_url=\u00bbhttps:\/\/www.upla.cl\/transparencia\/informacion-presupuestaria\/presupuesto-asignado-y-modificaciones\/\u00bb hover_enabled=\u00bb0&#8243; border_width_all=\u00bb1px\u00bb border_color_all=\u00bb#009bdb\u00bb global_colors_info=\u00bb{}\u00bb sticky_enabled=\u00bb0&#8243;]<\/p>\n<p>Presupuesto asignado y modificaciones<\/p>\n<p>[\/et_pb_text][\/et_pb_column][et_pb_column type=\u00bb1_3&#8243; _builder_version=\u00bb4.16&#8243; custom_padding=\u00bb|||\u00bb global_colors_info=\u00bb{}\u00bb custom_padding__hover=\u00bb|||\u00bb][et_pb_text admin_label=\u00bbResultados de auditor\u00edas\u00bb _builder_version=\u00bb4.27.4&#8243; background_size=\u00bbinitial\u00bb background_position=\u00bbtop_left\u00bb background_repeat=\u00bbrepeat\u00bb custom_padding=\u00bb20px|20px|20px|20px\u00bb link_option_url=\u00bbhttps:\/\/www.upla.cl\/transparencia\/informacion-presupuestaria\/ejecucion-presupuestaria\/\u00bb border_width_all=\u00bb1px\u00bb border_color_all=\u00bb#009bdb\u00bb global_colors_info=\u00bb{}\u00bb]<\/p>\n<p>Ejecuci\u00f3n presupuestaria<\/p>\n<p>[\/et_pb_text][\/et_pb_column][et_pb_column type=\u00bb1_3&#8243; _builder_version=\u00bb4.16&#8243; custom_padding=\u00bb|||\u00bb global_colors_info=\u00bb{}\u00bb custom_padding__hover=\u00bb|||\u00bb][et_pb_text admin_label=\u00bbEjecuci\u00f3n presupuestaria\u00bb _builder_version=\u00bb4.27.4&#8243; background_size=\u00bbinitial\u00bb background_position=\u00bbtop_left\u00bb background_repeat=\u00bbrepeat\u00bb custom_padding=\u00bb20px|20px|20px|20px\u00bb link_option_url=\u00bbhttps:\/\/www.upla.cl\/transparencia\/informacion-presupuestaria\/gastos-de-representacion-protocolo-y-ceremonial\/\u00bb border_width_all=\u00bb1px\u00bb border_color_all=\u00bb#009bdb\u00bb global_colors_info=\u00bb{}\u00bb]<\/p>\n<p>Gastos de representaci\u00f3n, protocolo y ceremonial (En actualizaci\u00f3n)<\/p>\n<p>[\/et_pb_text][\/et_pb_column][\/et_pb_row][\/et_pb_section]<\/p>\n","protected":false},"excerpt":{"rendered":"<p>Jueves 12 de febrero de 2026. Transparencia &gt; Informaci\u00f3n presupuestariaPresupuesto asignado y modificacionesEjecuci\u00f3n presupuestariaGastos de representaci\u00f3n, protocolo y ceremonial (En actualizaci\u00f3n)<\/p>\n","protected":false},"author":2,"featured_media":3610,"parent":0,"menu_order":8,"comment_status":"closed","ping_status":"closed","template":"page-template-blank.php","meta":{"_et_pb_use_builder":"on","_et_pb_old_content":"\u00a0\r\n<ul>\r\n \t<li><a title=\"Informaci\u00f3n presupuestaria\" href=\"https:\/\/www.upla.cl\/transparencia\/presupuesto-y-auditoria\/informacion-presupuestaria\/\"><span style=\"line-height: 13px;\">Informaci\u00f3n presupuestaria<\/span><\/a><\/li>\r\n \t<li><a title=\"Resultados de las auditor\u00edas al ejercicio presupuestario del \u00f3rgano y, en su caso, aclaraciones que procedan\" href=\"https:\/\/www.upla.cl\/transparencia\/presupuesto-y-auditoria\/resultados-de-las-auditorias-al-ejercicio-presupuestario-del-organo-y-en-su-caso-aclaraciones-que-procedan\/\">Resultados de las auditor\u00edas al ejercicio presupuestario del \u00f3rgano y, en su caso, aclaraciones que procedan<\/a><\/li>\r\n<\/ul>","_et_gb_content_width":"","_relevanssi_hide_post":"","_relevanssi_hide_content":"","_relevanssi_pin_for_all":"","_relevanssi_pin_keywords":"","_relevanssi_unpin_keywords":"","_relevanssi_related_keywords":"","_relevanssi_related_include_ids":"","_relevanssi_related_exclude_ids":"","_relevanssi_related_no_append":"","_relevanssi_related_not_related":"","_relevanssi_related_posts":"","_relevanssi_noindex_reason":"","footnotes":""},"class_list":["post-385","page","type-page","status-publish","has-post-thumbnail","hentry"],"_links":{"self":[{"href":"https:\/\/www.upla.cl\/transparencia\/wp-json\/wp\/v2\/pages\/385","targetHints":{"allow":["GET"]}}],"collection":[{"href":"https:\/\/www.upla.cl\/transparencia\/wp-json\/wp\/v2\/pages"}],"about":[{"href":"https:\/\/www.upla.cl\/transparencia\/wp-json\/wp\/v2\/types\/page"}],"author":[{"embeddable":true,"href":"https:\/\/www.upla.cl\/transparencia\/wp-json\/wp\/v2\/users\/2"}],"replies":[{"embeddable":true,"href":"https:\/\/www.upla.cl\/transparencia\/wp-json\/wp\/v2\/comments?post=385"}],"version-history":[{"count":2,"href":"https:\/\/www.upla.cl\/transparencia\/wp-json\/wp\/v2\/pages\/385\/revisions"}],"predecessor-version":[{"id":17230158,"href":"https:\/\/www.upla.cl\/transparencia\/wp-json\/wp\/v2\/pages\/385\/revisions\/17230158"}],"wp:featuredmedia":[{"embeddable":true,"href":"https:\/\/www.upla.cl\/transparencia\/wp-json\/wp\/v2\/media\/3610"}],"wp:attachment":[{"href":"https:\/\/www.upla.cl\/transparencia\/wp-json\/wp\/v2\/media?parent=385"}],"curies":[{"name":"wp","href":"https:\/\/api.w.org\/{rel}","templated":true}]}}