{"id":363,"date":"2013-05-08T23:10:03","date_gmt":"2013-05-08T23:10:03","guid":{"rendered":"http:\/\/www.upla.cl\/transparencia\/?page_id=363"},"modified":"2026-04-13T17:10:11","modified_gmt":"2026-04-13T21:10:11","slug":"valores-de-honorarios","status":"publish","type":"page","link":"https:\/\/www.upla.cl\/transparencia\/personal-y-remuneraciones\/valores-de-honorarios\/","title":{"rendered":"Valores de honorarios"},"content":{"rendered":"<p>[et_pb_section fb_built=\u00bb1&#8243; admin_label=\u00bbmen\u00fa secundario\u00bb _builder_version=\u00bb4.27.4&#8243; _module_preset=\u00bbdefault\u00bb background_color=\u00bb#009bdb\u00bb min_height=\u00bb40px\u00bb custom_margin=\u00bb0px||0px||false|false\u00bb custom_padding=\u00bb1%||1%||true|false\u00bb global_module=\u00bb104025&#8243; global_colors_info=\u00bb{}\u00bb][et_pb_row use_custom_gutter=\u00bbon\u00bb _builder_version=\u00bb4.27.4&#8243; _module_preset=\u00bbdefault\u00bb width=\u00bb90%\u00bb max_width=\u00bb1920px\u00bb custom_margin=\u00bb0px||0px||true|false\u00bb custom_padding=\u00bb0px||0px||true|false\u00bb global_colors_info=\u00bb{}\u00bb][et_pb_column type=\u00bb4_4&#8243; _builder_version=\u00bb4.27.4&#8243; _module_preset=\u00bbdefault\u00bb global_colors_info=\u00bb{}\u00bb][et_pb_text _builder_version=\u00bb4.27.4&#8243; _module_preset=\u00bbdefault\u00bb text_font=\u00bb|600|||||||\u00bb text_text_color=\u00bb#FFFFFF\u00bb text_font_size=\u00bb12px\u00bb text_line_height=\u00bb1.2em\u00bb link_text_color=\u00bb#FFFFFF\u00bb link_font_size=\u00bb12px\u00bb text_orientation=\u00bbright\u00bb custom_margin=\u00bb0px||0px||true|false\u00bb custom_padding=\u00bb0px||0px||true|false\u00bb text_orientation_tablet=\u00bbright\u00bb text_orientation_phone=\u00bbleft\u00bb text_orientation_last_edited=\u00bbon|phone\u00bb global_colors_info=\u00bb{}\u00bb]<\/p>\n<p><strong>-Accesos directos-<\/strong> \u00a0<a href=\"https:\/\/www.upla.cl\/admision\/\" target=\"_blank\" rel=\"noopener\">Admisi\u00f3n<\/a>\u00a0 \u00a0 \u00a0<a href=\"https:\/\/acceso.upla.cl\/sinte\/login.aspx\" target=\"_blank\" rel=\"noopener\">SINTE \u00a0 <\/a><a href=\"https:\/\/upla.cl\/generoydiversidad\/\" target=\"_blank\" rel=\"noopener\">Equidad e Igualdad de G\u00e9nero<\/a>\u00a0 \u00a0\u00a0<a href=\"https:\/\/www.upla.cl\/leykarin\/\" target=\"_blank\" rel=\"noopener\">Ley Karin<\/a> \u00a0\u00a0 <a href=\"https:\/\/www.upla.cl\/calidad\/acreditacion\/\" target=\"_blank\" rel=\"noopener\">Aseguramiento de la Calidad<\/a> \u00a0\u00a0 <a href=\"http:\/\/www.upla.cl\/transparencia\/\" target=\"_blank\" rel=\"noopener\">Transparencia Universitaria<\/a> \u00a0\u00a0 <a href=\"https:\/\/www.upla.cl\/noticias\/\" target=\"_blank\" rel=\"noopener\">Noticias UPLA<\/a><\/p>\n<p>[\/et_pb_text][\/et_pb_column][\/et_pb_row][\/et_pb_section][et_pb_section fb_built=\u00bb1&#8243; _builder_version=\u00bb3.18.4&#8243; _module_preset=\u00bbdefault\u00bb custom_padding=\u00bb50px|0px|0|0px|false|false\u00bb global_module=\u00bb6320&#8243; saved_tabs=\u00bball\u00bb global_colors_info=\u00bb{}\u00bb][et_pb_row column_structure=\u00bb1_2,1_4,1_4&#8243; module_class=\u00bb et_pb_row_fullwidth\u00bb _builder_version=\u00bb4.16&#8243; _module_preset=\u00bbdefault\u00bb width=\u00bb94%\u00bb width_tablet=\u00bb80%\u00bb width_phone=\u00bb\u00bb width_last_edited=\u00bbon|desktop\u00bb max_width=\u00bb94%\u00bb max_width_tablet=\u00bb80%\u00bb max_width_phone=\u00bb\u00bb max_width_last_edited=\u00bbon|desktop\u00bb custom_padding=\u00bb0|0px|0|0px|false|false\u00bb make_fullwidth=\u00bbon\u00bb global_colors_info=\u00bb{}\u00bb][et_pb_column type=\u00bb1_2&#8243; _builder_version=\u00bb4.16&#8243; _module_preset=\u00bbdefault\u00bb custom_padding=\u00bb|||\u00bb global_colors_info=\u00bb{}\u00bb custom_padding__hover=\u00bb|||\u00bb][et_pb_image src=\u00bbhttps:\/\/www.upla.cl\/transparencia\/wp-content\/uploads\/2018\/12\/2018_1210_transparencia_logo.png\u00bb url=\u00bbhttps:\/\/www.upla.cl\/transparencia\/\u00bb align=\u00bbright\u00bb align_tablet=\u00bbcenter\u00bb align_phone=\u00bb\u00bb align_last_edited=\u00bbon|desktop\u00bb admin_label=\u00bbInicio\u00bb _builder_version=\u00bb4.16&#8243; _module_preset=\u00bbdefault\u00bb global_colors_info=\u00bb{}\u00bb][\/et_pb_image][\/et_pb_column][et_pb_column type=\u00bb1_4&#8243; _builder_version=\u00bb4.16&#8243; _module_preset=\u00bbdefault\u00bb custom_padding=\u00bb|||\u00bb global_colors_info=\u00bb{}\u00bb custom_padding__hover=\u00bb|||\u00bb][\/et_pb_column][et_pb_column type=\u00bb1_4&#8243; _builder_version=\u00bb4.16&#8243; _module_preset=\u00bbdefault\u00bb custom_padding=\u00bb|||\u00bb global_colors_info=\u00bb{}\u00bb custom_padding__hover=\u00bb|||\u00bb][et_pb_blurb title=\u00bb\u00daltima actualizaci\u00f3n general del sitio\u00bb use_icon=\u00bbon\u00bb font_icon=\u00bb&#xe02c;||divi||400&#8243; icon_color=\u00bb#009bdb\u00bb image_icon_background_color=\u00bb#ffffff\u00bb icon_placement=\u00bbleft\u00bb image_icon_width=\u00bb16px\u00bb content_max_width=\u00bb930px\u00bb admin_label=\u00bb\u00daltima actualizaci\u00f3n\u00bb _builder_version=\u00bb4.27.5&#8243; _module_preset=\u00bbdefault\u00bb image_icon_custom_padding=\u00bb8px|8px|8px|8px|false|false\u00bb custom_padding=\u00bb20px|20px|20px|20px\u00bb animation_style=\u00bbfade\u00bb border_width_all=\u00bb1px\u00bb border_color_all=\u00bb#009bdb\u00bb border_radii_image=\u00bbon|100%|100%|100%|100%\u00bb border_width_all_image=\u00bb2px\u00bb border_color_all_image=\u00bb#009bdb\u00bb box_shadow_style=\u00bbpreset2&#8243; use_circle=\u00bbon\u00bb use_circle_border=\u00bbon\u00bb circle_border_color=\u00bb#009bdb\u00bb circle_color=\u00bb#ffffff\u00bb global_colors_info=\u00bb{}\u00bb image_icon_background_color__sticky_enabled=\u00bb#7EBEC5&#8243; image_icon_background_color__sticky=\u00bb#7EBEC5&#8243;]<\/p>\n<p>Lunes 13 de abril de 2026.<\/p>\n<p>[\/et_pb_blurb][\/et_pb_column][\/et_pb_row][\/et_pb_section][et_pb_section fb_built=\u00bb1&#8243; _builder_version=\u00bb4.16&#8243; custom_padding=\u00bb27px|0px|0|0px|false|false\u00bb global_colors_info=\u00bb{}\u00bb][et_pb_row use_custom_gutter=\u00bbon\u00bb module_class=\u00bb et_pb_row_fullwidth\u00bb _builder_version=\u00bb4.16&#8243; width=\u00bb94%\u00bb width_tablet=\u00bb80%\u00bb width_phone=\u00bb\u00bb width_last_edited=\u00bbon|desktop\u00bb max_width=\u00bb94%\u00bb max_width_tablet=\u00bb80%\u00bb max_width_phone=\u00bb\u00bb max_width_last_edited=\u00bbon|desktop\u00bb custom_padding=\u00bb0|0px|0|0px|false|false\u00bb make_fullwidth=\u00bbon\u00bb global_colors_info=\u00bb{}\u00bb][et_pb_column type=\u00bb4_4&#8243; _builder_version=\u00bb4.16&#8243; custom_padding=\u00bb|||\u00bb global_colors_info=\u00bb{}\u00bb custom_padding__hover=\u00bb|||\u00bb][et_pb_post_title meta=\u00bboff\u00bb featured_placement=\u00bbbackground\u00bb text_color=\u00bblight\u00bb _builder_version=\u00bb4.16&#8243; title_font=\u00bb||||||||\u00bb title_font_size=\u00bb30px\u00bb background_color=\u00bb#009bdb\u00bb background_repeat=\u00bbspace\u00bb background_blend=\u00bbmultiply\u00bb global_colors_info=\u00bb{}\u00bb][\/et_pb_post_title][\/et_pb_column][\/et_pb_row][\/et_pb_section][et_pb_section fb_built=\u00bb1&#8243; _builder_version=\u00bb4.27.4&#8243; custom_padding=\u00bb1%||1%||true|false\u00bb global_colors_info=\u00bb{}\u00bb][et_pb_row module_class=\u00bb et_pb_row_fullwidth\u00bb _builder_version=\u00bb4.27.4&#8243; background_color=\u00bb#f2f9f9&#8243; background_size=\u00bbinitial\u00bb background_position=\u00bbtop_left\u00bb background_repeat=\u00bbrepeat\u00bb width=\u00bb94%\u00bb width_tablet=\u00bb80%\u00bb width_phone=\u00bb\u00bb width_last_edited=\u00bbon|desktop\u00bb max_width=\u00bb94%\u00bb max_width_tablet=\u00bb80%\u00bb max_width_phone=\u00bb\u00bb max_width_last_edited=\u00bbon|desktop\u00bb custom_padding=\u00bb1%|1%|1%|1%|true|true\u00bb border_radii=\u00bbon|10px|10px|10px|10px\u00bb make_fullwidth=\u00bbon\u00bb global_colors_info=\u00bb{}\u00bb][et_pb_column type=\u00bb4_4&#8243; _builder_version=\u00bb4.16&#8243; custom_padding=\u00bb|||\u00bb global_colors_info=\u00bb{}\u00bb custom_padding__hover=\u00bb|||\u00bb][et_pb_text admin_label=\u00bbBreadcrumbs\u00bb _builder_version=\u00bb4.27.4&#8243; _module_preset=\u00bbdefault\u00bb text_font=\u00bb||||||||\u00bb text_text_color=\u00bb#565656&#8243; text_font_size=\u00bb16px\u00bb link_text_color=\u00bb#0C71C3&#8243; border_style_right=\u00bbdashed\u00bb border_style_bottom=\u00bbdashed\u00bb global_colors_info=\u00bb{}\u00bb]<\/p>\n<p><a title=\"Volver al inicio\" href=\"https:\/\/www.upla.cl\/transparencia\/\"> Transparencia<\/a> &gt; <a title=\"Secci\u00f3n\" href=\"https:\/\/www.upla.cl\/transparencia\/personal-y-remuneraciones\/\">Personal y remuneraciones<\/a> &gt; Valores de honorarios<\/p>\n<p>[\/et_pb_text][\/et_pb_column][\/et_pb_row][\/et_pb_section][et_pb_section fb_built=\u00bb1&#8243; _builder_version=\u00bb4.16&#8243; custom_padding=\u00bb0px|0px|40px|0px|false|false\u00bb global_colors_info=\u00bb{}\u00bb][et_pb_row module_class=\u00bb et_pb_row_fullwidth\u00bb _builder_version=\u00bb4.16&#8243; width=\u00bb94%\u00bb width_tablet=\u00bb80%\u00bb width_phone=\u00bb\u00bb width_last_edited=\u00bbon|desktop\u00bb max_width=\u00bb94%\u00bb max_width_tablet=\u00bb80%\u00bb max_width_phone=\u00bb\u00bb max_width_last_edited=\u00bbon|desktop\u00bb make_fullwidth=\u00bbon\u00bb global_colors_info=\u00bb{}\u00bb][et_pb_column type=\u00bb4_4&#8243; _builder_version=\u00bb4.16&#8243; custom_padding=\u00bb|||\u00bb global_colors_info=\u00bb{}\u00bb custom_padding__hover=\u00bb|||\u00bb][et_pb_text _builder_version=\u00bb4.27.5&#8243; _module_preset=\u00bbdefault\u00bb hover_enabled=\u00bb0&#8243; global_colors_info=\u00bb{}\u00bb sticky_enabled=\u00bb0&#8243;]<\/p>\n<p><span>Fecha de la \u00faltima actualizaci\u00f3n de esta p\u00e1gina: 14 de julio de 2021.<br \/>En el mes de marzo <\/span><span>de 2026 este organismo no tramit\u00f3 decretos sobre Valores de honorarios.<br \/><\/span><\/p>\n<p>&nbsp;<\/p>\n<p>[\/et_pb_text][et_pb_text _builder_version=\u00bb4.27.4&#8243; text_font=\u00bb||||||||\u00bb text_font_size=\u00bb11px\u00bb custom_css_main_element=\u00bboverflow: scroll;\u00bb box_shadow_style=\u00bbpreset3&#8243; global_colors_info=\u00bb{}\u00bb]<\/p>\n<table>\n<tbody>\n<tr>\n<td>\n<h4>Tipo de norma<\/h4>\n<\/td>\n<td>\n<h4>N\u00famero<\/h4>\n<\/td>\n<td>\n<h4>Autor\u00eda<\/h4>\n<\/td>\n<td>\n<h4>Referencia<\/h4>\n<\/td>\n<td>\n<h4>Fecha<\/h4>\n<\/td>\n<td>\n<h4>Enlace<\/h4>\n<\/td>\n<\/tr>\n<tr>\n<td>Decreto<br \/>Exento<\/td>\n<td>0359\/2021<\/td>\n<td>Rector\u00eda<\/td>\n<td>Modifica el Decreto Exento N\u00ba 0358\/2020 que fij\u00f3 valores de honorarios para el Instituto Tecnol\u00f3gico Universidad de Playa Ancha, a partir del a\u00f1o 2020<\/td>\n<td>3 de junio de 2021, <span>totalmente tramitado por Contralor\u00eda Interna el 10 de junio de 2021<\/span><\/td>\n<td><a href=\"https:\/\/www.upla.cl\/transparencia\/wp-content\/uploads\/2021\/07\/20210709_valoresdehonorarios_dto_exto_0359-2021.pdf\" target=\"_blank\" rel=\"noopener\" title=\"Decreto Exento N\u00ba 0359\/2021\">Descarga<\/a><\/td>\n<\/tr>\n<tr>\n<td>Decreto<br \/>Exento<\/td>\n<td>0355\/2016<\/td>\n<td>Rector\u00eda<\/td>\n<td>Fija valores honorarios para profesores sin v\u00ednculo contractual con la Universidad, que impartan docencia en programas que indica, en promociones que ingresen a contar del primer semestre de 2016<\/td>\n<td>18 de marzo de 2016, tomado raz\u00f3n por Contralor\u00eda Interna el 6 de abril de 2016<\/td>\n<td><a href=\"https:\/\/www.upla.cl\/transparencia\/wp-content\/uploads\/2016\/05\/2016_0510_valoreshonorarios_abr-2016_dto_exto_0355-2016.pdf\" target=\"_blank\" rel=\"noopener noreferrer\">Descarga<\/a><\/td>\n<\/tr>\n<tr>\n<td>Decreto<br \/>Exento<\/td>\n<td>5850\/2015<\/td>\n<td>Rector\u00eda<\/td>\n<td>Modifica el Decreto Exento N\u00ba 0725\/2013 que fija valores de honorarios para el Instituto Tecnol\u00f3gico Universidad de Playa Ancha Ignacio Domeyko<\/td>\n<td>30 de diciembre de 2015, tomado raz\u00f3n por Contralor\u00eda Interna el 12 de enero de 2016<\/td>\n<td><a href=\"https:\/\/www.upla.cl\/transparencia\/wp-content\/uploads\/2016\/02\/2016_0207_valoreshonorarios_ene-2016_dto_exto_5850-2015.pdf\" target=\"_blank\" rel=\"noopener noreferrer\">Descarga<\/a><\/td>\n<\/tr>\n<tr>\n<td>Decreto<br \/>Exento<\/td>\n<td>0891\/2014<\/td>\n<td>Rector\u00eda<\/td>\n<td>Modifica el Decreto N\u00ba 0066\/2013 de Rector\u00eda que fija valores de honorarios por labores realizadas en la Direcci\u00f3n de Programas Especiales de la Universidad de Playa Ancha de Ciencias de la Educaci\u00f3n<\/td>\n<td>19 de marzo de 2014, registrado por Contralor\u00eda Interna el 07 de abril de 2014<\/td>\n<td><a href=\"https:\/\/www.upla.cl\/transparencia\/wp-content\/uploads\/2014\/05\/2014_0509_honorarios_valores_dto_exto_0891-2014.pdf\" target=\"_blank\" rel=\"noopener noreferrer\">Descarga<\/a><\/td>\n<\/tr>\n<tr>\n<td>Decreto<br \/>Exento<\/td>\n<td>0725\/2013<\/td>\n<td>Rector\u00eda<\/td>\n<td>Fija valores de honorarios para el Instituto Tecnol\u00f3gico Universidad de Playa Ancha Ignacio Domeyko.<\/td>\n<td>2 de abril de 2013.<\/td>\n<td><a href=\"https:\/\/www.upla.cl\/transparencia\/wp-content\/uploads\/2013\/06\/2013_0607_dto_exto_0725-2013.pdf\" target=\"_blank\" rel=\"noopener noreferrer\">Descarga<\/a><\/td>\n<\/tr>\n<tr>\n<td>Decreto<br \/>Exento<\/td>\n<td>0066\/2013<\/td>\n<td>Rector\u00eda<\/td>\n<td>Fija valores de honorarios por labores realizadas en la Direcci\u00f3n de Programas Especiales de la Universidad de Playa Ancha de Ciencias de la Educaci\u00f3n.<\/td>\n<td>8 de enero de 2013.<\/td>\n<td><a href=\"https:\/\/www.upla.cl\/transparencia\/wp-content\/uploads\/2013\/05\/2013_0409_dto_exto_0066_2013.pdf\" target=\"_blank\" rel=\"noopener noreferrer\">Descarga<\/a><\/td>\n<\/tr>\n<tr>\n<td>Decreto<br \/>Exento<\/td>\n<td>1919\/2012<\/td>\n<td>Rector\u00eda<\/td>\n<td>Modifica el Decreto Exento N\u00ba 2.200\/2010 de Rector\u00eda que fija valores de honorarios por labores docentes o actividades de coordinaci\u00f3n en los Programas de Mag\u00edster y Doctorado.<\/td>\n<td>4 de junio de 2012.<\/td>\n<td><a href=\"https:\/\/www.upla.cl\/transparencia\/wp-content\/uploads\/2013\/05\/2013_0409_dto_exto_1919-2012.pdf\" target=\"_blank\" rel=\"noopener noreferrer\">Descarga<\/a><\/td>\n<\/tr>\n<tr>\n<td>Decreto<br \/>Exento<\/td>\n<td>2200\/2010<\/td>\n<td>Rector\u00eda<\/td>\n<td>Fija valores de honorarios por labores docentes o actividades de coordinaci\u00f3n en los Programas de Mag\u00edster y Doctorado.<\/td>\n<td>31 de agosto de 2010.<\/td>\n<td><a href=\"https:\/\/www.upla.cl\/transparencia\/wp-content\/uploads\/2013\/05\/201111_dto_exto_h_docentes-2200_2010.pdf\" target=\"_blank\" rel=\"noopener noreferrer\">Descarga<\/a><\/td>\n<\/tr>\n<tr>\n<td>Decreto<br \/>Exento<\/td>\n<td>1382\/2010<\/td>\n<td>Rector\u00eda<\/td>\n<td>Fija valores honorarios para labores docentes a\u00f1o 2010.<\/td>\n<td>23 de junio de 2010.<\/td>\n<td><a href=\"https:\/\/www.upla.cl\/transparencia\/wp-content\/uploads\/2013\/10\/2013_1015_dto_exto_1382-2010.pdf\" target=\"_blank\" rel=\"noopener noreferrer\">Descarga<\/a><\/td>\n<\/tr>\n<\/tbody>\n<\/table>\n<p>[\/et_pb_text][\/et_pb_column][\/et_pb_row][\/et_pb_section][et_pb_section fb_built=\u00bb1&#8243; _builder_version=\u00bb4.27.4&#8243; background_color=\u00bb#565656&#8243; custom_padding=\u00bb0|0px|0|0px|false|false\u00bb global_module=\u00bb98757&#8243; global_colors_info=\u00bb{}\u00bb][et_pb_row column_structure=\u00bb1_4,1_4,1_4,1_4&#8243; use_custom_gutter=\u00bbon\u00bb module_class=\u00bb et_pb_row_fullwidth\u00bb _builder_version=\u00bb4.27.5&#8243; width=\u00bb94%\u00bb width_tablet=\u00bb80%\u00bb width_phone=\u00bb\u00bb width_last_edited=\u00bbon|desktop\u00bb max_width=\u00bb94%\u00bb max_width_tablet=\u00bb80%\u00bb max_width_phone=\u00bb\u00bb max_width_last_edited=\u00bbon|desktop\u00bb custom_padding=\u00bb60px|0px|0|0px|false|false\u00bb make_fullwidth=\u00bbon\u00bb global_colors_info=\u00bb{}\u00bb][et_pb_column type=\u00bb1_4&#8243; _builder_version=\u00bb4.16&#8243; custom_padding=\u00bb|||\u00bb global_colors_info=\u00bb{}\u00bb custom_padding__hover=\u00bb|||\u00bb][et_pb_sidebar area=\u00bbsidebar-2&#8243; _builder_version=\u00bb4.27.2&#8243; header_font=\u00bb|600|||||||\u00bb header_text_color=\u00bb#bce3fa\u00bb body_text_color=\u00bb#FFFFFF\u00bb global_colors_info=\u00bb{}\u00bb][\/et_pb_sidebar][et_pb_search placeholder=\u00bbBusca en el sitio\u00bb admin_label=\u00bbBuscar en el sitio\u00bb _builder_version=\u00bb4.27.5&#8243; _module_preset=\u00bbdefault\u00bb background_color=\u00bb#FFFFFF\u00bb global_colors_info=\u00bb{}\u00bb][\/et_pb_search][\/et_pb_column][et_pb_column type=\u00bb1_4&#8243; _builder_version=\u00bb4.16&#8243; custom_padding=\u00bb|||\u00bb global_colors_info=\u00bb{}\u00bb custom_padding__hover=\u00bb|||\u00bb][et_pb_sidebar area=\u00bbsidebar-3&#8243; _builder_version=\u00bb4.16&#8243; header_font=\u00bb|600|||||||\u00bb header_text_color=\u00bb#bce3fa\u00bb body_text_color=\u00bb#FFFFFF\u00bb global_colors_info=\u00bb{}\u00bb][\/et_pb_sidebar][\/et_pb_column][et_pb_column type=\u00bb1_4&#8243; _builder_version=\u00bb4.16&#8243; custom_padding=\u00bb|||\u00bb global_colors_info=\u00bb{}\u00bb custom_padding__hover=\u00bb|||\u00bb][et_pb_sidebar area=\u00bbsidebar-4&#8243; _builder_version=\u00bb4.16&#8243; header_font=\u00bb|600|||||||\u00bb header_text_color=\u00bb#bce3fa\u00bb body_text_color=\u00bb#FFFFFF\u00bb global_colors_info=\u00bb{}\u00bb][\/et_pb_sidebar][\/et_pb_column][et_pb_column type=\u00bb1_4&#8243; _builder_version=\u00bb4.16&#8243; custom_padding=\u00bb|||\u00bb global_colors_info=\u00bb{}\u00bb custom_padding__hover=\u00bb|||\u00bb][et_pb_sidebar area=\u00bbsidebar-5&#8243; _builder_version=\u00bb4.27.4&#8243; header_font=\u00bb|600|||||||\u00bb header_text_color=\u00bb#bce3fa\u00bb body_text_color=\u00bb#FFFFFF\u00bb global_colors_info=\u00bb{}\u00bb][\/et_pb_sidebar][et_pb_blurb title=\u00bbUpla.cl\u00bb url=\u00bbhttp:\/\/www.upla.cl\u00bb url_new_window=\u00bbon\u00bb image=\u00bbhttps:\/\/www.upla.cl\/transparencia\/wp-content\/uploads\/2024\/07\/faroupla.png.png\u00bb alt=\u00bb\u00cdcono Faro Universidad de Playa Ancha\u00bb icon_placement=\u00bbleft\u00bb admin_label=\u00bbUPLA.cl &#8211; Sitio web institucional\u00bb _builder_version=\u00bb4.27.4&#8243; header_text_color=\u00bb#FFFFFF\u00bb body_text_color=\u00bb#FFFFFF\u00bb link_option_url=\u00bbhttp:\/\/www.upla.cl\/\u00bb link_option_url_new_window=\u00bbon\u00bb global_colors_info=\u00bb{}\u00bb]<\/p>\n<p>Sitio web institucional<\/p>\n<p>[\/et_pb_blurb][\/et_pb_column][\/et_pb_row][\/et_pb_section]<\/p>\n","protected":false},"excerpt":{"rendered":"<p>En esta p\u00e1gina del sitio de Transparencia Universitaria de la Universidad de Playa Ancha (UPLA) publicaremos informaci\u00f3n sobre Valores de honorarios de la instituci\u00f3n.<\/p>\n","protected":false},"author":2,"featured_media":3610,"parent":344,"menu_order":9,"comment_status":"closed","ping_status":"closed","template":"page-template-blank.php","meta":{"_et_pb_use_builder":"on","_et_pb_old_content":"<table style=\"border-color: #009bdb;\" border=\"1\" cellpadding=\"1\">\r\n<tbody>\r\n<tr>\r\n<td>\r\n<h4>Tipo de norma<\/h4>\r\n<\/td>\r\n<td>\r\n<h4>N\u00famero<\/h4>\r\n<\/td>\r\n<td>\r\n<h4>Autor\u00eda<\/h4>\r\n<\/td>\r\n<td>\r\n<h4>Referencia<\/h4>\r\n<\/td>\r\n<td>\r\n<h4>Fecha<\/h4>\r\n<\/td>\r\n<td>\r\n<h4>Enlace<\/h4>\r\n<\/td>\r\n<\/tr>\r\n<tr>\r\n<td>Decreto\r\nExento<\/td>\r\n<td>0355\/2016<\/td>\r\n<td>Rector\u00eda<\/td>\r\n<td>Fija valores honorarios para profesores sin v\u00ednculo contractual con la Universidad, que impartan docencia en programas que indica, en promociones que ingresen a contar del primer semestre de 2016<\/td>\r\n<td>18 de marzo de 2016, tomado raz\u00f3n por Contralor\u00eda Interna el 6 de abril de 2016<\/td>\r\n<td><a href=\"https:\/\/www.upla.cl\/transparencia\/wp-content\/uploads\/2016\/05\/2016_0510_valoreshonorarios_abr-2016_dto_exto_0355-2016.pdf\" target=\"_blank\" rel=\"noopener noreferrer\">Descarga<\/a><\/td>\r\n<\/tr>\r\n<tr>\r\n<td>Decreto\r\nExento<\/td>\r\n<td>5850\/2015<\/td>\r\n<td>Rector\u00eda<\/td>\r\n<td>Modifica el Decreto Exento N\u00ba 0725\/2013 que fija valores de honorarios para el Instituto Tecnol\u00f3gico Universidad de Playa Ancha Ignacio Domeyko<\/td>\r\n<td>30 de diciembre de 2015, tomado raz\u00f3n por Contralor\u00eda Interna el 12 de enero de 2016<\/td>\r\n<td><a href=\"https:\/\/www.upla.cl\/transparencia\/wp-content\/uploads\/2016\/02\/2016_0207_valoreshonorarios_ene-2016_dto_exto_5850-2015.pdf\" target=\"_blank\" rel=\"noopener noreferrer\">Descarga<\/a><\/td>\r\n<\/tr>\r\n<tr>\r\n<td>Decreto\r\nExento<\/td>\r\n<td>0891\/2014<\/td>\r\n<td>Rector\u00eda<\/td>\r\n<td>Modifica el Decreto N\u00ba 0066\/2013 de Rector\u00eda que fija valores de honorarios por labores realizadas en la Direcci\u00f3n de Programas Especiales de la Universidad de Playa Ancha de Ciencias de la Educaci\u00f3n<\/td>\r\n<td>19 de marzo de 2014, registrado por Contralor\u00eda Interna el 07 de abril de 2014<\/td>\r\n<td><a href=\"https:\/\/www.upla.cl\/transparencia\/wp-content\/uploads\/2014\/05\/2014_0509_honorarios_valores_dto_exto_0891-2014.pdf\" target=\"_blank\" rel=\"noopener noreferrer\">Descarga<\/a><\/td>\r\n<\/tr>\r\n<tr>\r\n<td>Decreto\r\nExento<\/td>\r\n<td>0725\/2013<\/td>\r\n<td>Rector\u00eda<\/td>\r\n<td>Fija valores de honorarios para el Instituto Tecnol\u00f3gico Universidad de Playa Ancha Ignacio Domeyko.<\/td>\r\n<td>2 de abril de 2013.<\/td>\r\n<td><a href=\"https:\/\/www.upla.cl\/transparencia\/wp-content\/uploads\/2013\/06\/2013_0607_dto_exto_0725-2013.pdf\" target=\"_blank\" rel=\"noopener noreferrer\">Descarga<\/a><\/td>\r\n<\/tr>\r\n<tr>\r\n<td>Decreto\r\nExento<\/td>\r\n<td>0066\/2013<\/td>\r\n<td>Rector\u00eda<\/td>\r\n<td>Fija valores de honorarios por labores realizadas en la Direcci\u00f3n de Programas Especiales de la Universidad de Playa Ancha de Ciencias de la Educaci\u00f3n.<\/td>\r\n<td>8 de enero de 2013.<\/td>\r\n<td><a href=\"https:\/\/www.upla.cl\/transparencia\/wp-content\/uploads\/2013\/05\/2013_0409_dto_exto_0066_2013.pdf\" target=\"_blank\" rel=\"noopener noreferrer\">Descarga<\/a><\/td>\r\n<\/tr>\r\n<tr>\r\n<td>Decreto\r\nExento<\/td>\r\n<td>1919\/2012<\/td>\r\n<td>Rector\u00eda<\/td>\r\n<td>Modifica el Decreto Exento N\u00ba 2.200\/2010 de Rector\u00eda que fija valores de honorarios por labores docentes o actividades de coordinaci\u00f3n en los Programas de Mag\u00edster y Doctorado.<\/td>\r\n<td>4 de junio de 2012.<\/td>\r\n<td><a href=\"https:\/\/www.upla.cl\/transparencia\/wp-content\/uploads\/2013\/05\/2013_0409_dto_exto_1919-2012.pdf\" target=\"_blank\" rel=\"noopener noreferrer\">Descarga<\/a><\/td>\r\n<\/tr>\r\n<tr>\r\n<td>Decreto\r\nExento<\/td>\r\n<td>2200\/2010<\/td>\r\n<td>Rector\u00eda<\/td>\r\n<td>Fija valores de honorarios por labores docentes o actividades de coordinaci\u00f3n en los Programas de Mag\u00edster y Doctorado.<\/td>\r\n<td>31 de agosto de 2010.<\/td>\r\n<td><a href=\"https:\/\/www.upla.cl\/transparencia\/wp-content\/uploads\/2013\/05\/201111_dto_exto_h_docentes-2200_2010.pdf\" target=\"_blank\" rel=\"noopener noreferrer\">Descarga<\/a><\/td>\r\n<\/tr>\r\n<tr>\r\n<td>Decreto\r\nExento<\/td>\r\n<td>1382\/2010<\/td>\r\n<td>Rector\u00eda<\/td>\r\n<td>Fija valores honorarios para labores docentes a\u00f1o 2010.<\/td>\r\n<td>23 de junio de 2010.<\/td>\r\n<td><a href=\"https:\/\/www.upla.cl\/transparencia\/wp-content\/uploads\/2013\/10\/2013_1015_dto_exto_1382-2010.pdf\" target=\"_blank\" rel=\"noopener noreferrer\">Descarga<\/a><\/td>\r\n<\/tr>\r\n<\/tbody>\r\n<\/table>","_et_gb_content_width":"","_relevanssi_hide_post":"","_relevanssi_hide_content":"","_relevanssi_pin_for_all":"","_relevanssi_pin_keywords":"","_relevanssi_unpin_keywords":"","_relevanssi_related_keywords":"","_relevanssi_related_include_ids":"","_relevanssi_related_exclude_ids":"","_relevanssi_related_no_append":"","_relevanssi_related_not_related":"","_relevanssi_related_posts":"","_relevanssi_noindex_reason":"","footnotes":""},"class_list":["post-363","page","type-page","status-publish","has-post-thumbnail","hentry"],"_links":{"self":[{"href":"https:\/\/www.upla.cl\/transparencia\/wp-json\/wp\/v2\/pages\/363","targetHints":{"allow":["GET"]}}],"collection":[{"href":"https:\/\/www.upla.cl\/transparencia\/wp-json\/wp\/v2\/pages"}],"about":[{"href":"https:\/\/www.upla.cl\/transparencia\/wp-json\/wp\/v2\/types\/page"}],"author":[{"embeddable":true,"href":"https:\/\/www.upla.cl\/transparencia\/wp-json\/wp\/v2\/users\/2"}],"replies":[{"embeddable":true,"href":"https:\/\/www.upla.cl\/transparencia\/wp-json\/wp\/v2\/comments?post=363"}],"version-history":[{"count":3,"href":"https:\/\/www.upla.cl\/transparencia\/wp-json\/wp\/v2\/pages\/363\/revisions"}],"predecessor-version":[{"id":17230279,"href":"https:\/\/www.upla.cl\/transparencia\/wp-json\/wp\/v2\/pages\/363\/revisions\/17230279"}],"up":[{"embeddable":true,"href":"https:\/\/www.upla.cl\/transparencia\/wp-json\/wp\/v2\/pages\/344"}],"wp:featuredmedia":[{"embeddable":true,"href":"https:\/\/www.upla.cl\/transparencia\/wp-json\/wp\/v2\/media\/3610"}],"wp:attachment":[{"href":"https:\/\/www.upla.cl\/transparencia\/wp-json\/wp\/v2\/media?parent=363"}],"curies":[{"name":"wp","href":"https:\/\/api.w.org\/{rel}","templated":true}]}}