{"id":290,"date":"2013-05-08T22:16:57","date_gmt":"2013-05-08T22:16:57","guid":{"rendered":"http:\/\/www.upla.cl\/transparencia\/?page_id=290"},"modified":"2025-05-16T00:26:17","modified_gmt":"2025-05-16T04:26:17","slug":"solicitud-de-acceso-a-la-informacion","status":"publish","type":"page","link":"https:\/\/www.upla.cl\/transparencia\/aspectos-generales\/solicitud-de-acceso-a-la-informacion\/","title":{"rendered":"Acceso a informaci\u00f3n p\u00fablica"},"content":{"rendered":"<p>[et_pb_section fb_built=\u00bb1&#8243; admin_label=\u00bbmen\u00fa secundario\u00bb _builder_version=\u00bb4.27.4&#8243; _module_preset=\u00bbdefault\u00bb background_color=\u00bb#009bdb\u00bb min_height=\u00bb40px\u00bb custom_margin=\u00bb0px||0px||false|false\u00bb custom_padding=\u00bb1%||1%||true|false\u00bb global_module=\u00bb104025&#8243; global_colors_info=\u00bb{}\u00bb][et_pb_row use_custom_gutter=\u00bbon\u00bb _builder_version=\u00bb4.27.4&#8243; _module_preset=\u00bbdefault\u00bb width=\u00bb90%\u00bb max_width=\u00bb1920px\u00bb custom_margin=\u00bb0px||0px||true|false\u00bb custom_padding=\u00bb0px||0px||true|false\u00bb global_colors_info=\u00bb{}\u00bb][et_pb_column type=\u00bb4_4&#8243; _builder_version=\u00bb4.27.4&#8243; _module_preset=\u00bbdefault\u00bb global_colors_info=\u00bb{}\u00bb][et_pb_text _builder_version=\u00bb4.27.4&#8243; _module_preset=\u00bbdefault\u00bb text_font=\u00bb|600|||||||\u00bb text_text_color=\u00bb#FFFFFF\u00bb text_font_size=\u00bb12px\u00bb text_line_height=\u00bb1.2em\u00bb link_text_color=\u00bb#FFFFFF\u00bb link_font_size=\u00bb12px\u00bb text_orientation=\u00bbright\u00bb custom_margin=\u00bb0px||0px||true|false\u00bb custom_padding=\u00bb0px||0px||true|false\u00bb text_orientation_tablet=\u00bbright\u00bb text_orientation_phone=\u00bbleft\u00bb text_orientation_last_edited=\u00bbon|phone\u00bb global_colors_info=\u00bb{}\u00bb]<\/p>\n<p><strong>-Accesos directos-<\/strong> \u00a0<a href=\"https:\/\/www.upla.cl\/admision\/\" target=\"_blank\" rel=\"noopener\">Admisi\u00f3n<\/a>\u00a0 \u00a0 \u00a0<a href=\"https:\/\/acceso.upla.cl\/sinte\/login.aspx\" target=\"_blank\" rel=\"noopener\">SINTE \u00a0 <\/a><a href=\"https:\/\/upla.cl\/generoydiversidad\/\" target=\"_blank\" rel=\"noopener\">Equidad e Igualdad de G\u00e9nero<\/a>\u00a0 \u00a0\u00a0<a href=\"https:\/\/www.upla.cl\/leykarin\/\" target=\"_blank\" rel=\"noopener\">Ley Karin<\/a> \u00a0\u00a0 <a href=\"https:\/\/www.upla.cl\/calidad\/acreditacion\/\" target=\"_blank\" rel=\"noopener\">Aseguramiento de la Calidad<\/a> \u00a0\u00a0 <a href=\"http:\/\/www.upla.cl\/transparencia\/\" target=\"_blank\" rel=\"noopener\">Transparencia Universitaria<\/a> \u00a0\u00a0 <a href=\"https:\/\/www.upla.cl\/noticias\/\" target=\"_blank\" rel=\"noopener\">Noticias UPLA<\/a><\/p>\n<p>[\/et_pb_text][\/et_pb_column][\/et_pb_row][\/et_pb_section][et_pb_section fb_built=\u00bb1&#8243; _builder_version=\u00bb3.18.4&#8243; _module_preset=\u00bbdefault\u00bb custom_padding=\u00bb50px|0px|0|0px|false|false\u00bb global_module=\u00bb6320&#8243; saved_tabs=\u00bball\u00bb global_colors_info=\u00bb{}\u00bb][et_pb_row column_structure=\u00bb1_2,1_4,1_4&#8243; module_class=\u00bb et_pb_row_fullwidth\u00bb _builder_version=\u00bb4.16&#8243; _module_preset=\u00bbdefault\u00bb width=\u00bb94%\u00bb width_tablet=\u00bb80%\u00bb width_phone=\u00bb\u00bb width_last_edited=\u00bbon|desktop\u00bb max_width=\u00bb94%\u00bb max_width_tablet=\u00bb80%\u00bb max_width_phone=\u00bb\u00bb max_width_last_edited=\u00bbon|desktop\u00bb custom_padding=\u00bb0|0px|0|0px|false|false\u00bb make_fullwidth=\u00bbon\u00bb global_colors_info=\u00bb{}\u00bb][et_pb_column type=\u00bb1_2&#8243; _builder_version=\u00bb4.16&#8243; _module_preset=\u00bbdefault\u00bb custom_padding=\u00bb|||\u00bb global_colors_info=\u00bb{}\u00bb custom_padding__hover=\u00bb|||\u00bb][et_pb_image src=\u00bbhttps:\/\/www.upla.cl\/transparencia\/wp-content\/uploads\/2018\/12\/2018_1210_transparencia_logo.png\u00bb url=\u00bbhttps:\/\/www.upla.cl\/transparencia\/\u00bb align=\u00bbright\u00bb align_tablet=\u00bbcenter\u00bb align_phone=\u00bb\u00bb align_last_edited=\u00bbon|desktop\u00bb admin_label=\u00bbInicio\u00bb _builder_version=\u00bb4.16&#8243; _module_preset=\u00bbdefault\u00bb global_colors_info=\u00bb{}\u00bb][\/et_pb_image][\/et_pb_column][et_pb_column type=\u00bb1_4&#8243; _builder_version=\u00bb4.16&#8243; _module_preset=\u00bbdefault\u00bb custom_padding=\u00bb|||\u00bb global_colors_info=\u00bb{}\u00bb custom_padding__hover=\u00bb|||\u00bb][\/et_pb_column][et_pb_column type=\u00bb1_4&#8243; _builder_version=\u00bb4.16&#8243; _module_preset=\u00bbdefault\u00bb custom_padding=\u00bb|||\u00bb global_colors_info=\u00bb{}\u00bb custom_padding__hover=\u00bb|||\u00bb][et_pb_blurb title=\u00bb\u00daltima actualizaci\u00f3n general del sitio\u00bb use_icon=\u00bbon\u00bb font_icon=\u00bb&#xe02c;||divi||400&#8243; icon_color=\u00bb#009bdb\u00bb image_icon_background_color=\u00bb#ffffff\u00bb icon_placement=\u00bbleft\u00bb image_icon_width=\u00bb16px\u00bb content_max_width=\u00bb930px\u00bb admin_label=\u00bb\u00daltima actualizaci\u00f3n\u00bb _builder_version=\u00bb4.27.4&#8243; _module_preset=\u00bbdefault\u00bb image_icon_custom_padding=\u00bb8px|8px|8px|8px|false|false\u00bb custom_padding=\u00bb20px|20px|20px|20px\u00bb animation_style=\u00bbfade\u00bb border_width_all=\u00bb1px\u00bb border_color_all=\u00bb#009bdb\u00bb border_radii_image=\u00bbon|100%|100%|100%|100%\u00bb border_width_all_image=\u00bb2px\u00bb border_color_all_image=\u00bb#009bdb\u00bb box_shadow_style=\u00bbpreset2&#8243; use_circle=\u00bbon\u00bb use_circle_border=\u00bbon\u00bb circle_border_color=\u00bb#009bdb\u00bb circle_color=\u00bb#ffffff\u00bb global_colors_info=\u00bb{}\u00bb image_icon_background_color__sticky_enabled=\u00bb#7EBEC5&#8243; image_icon_background_color__sticky=\u00bb#7EBEC5&#8243;]<\/p>\n<p>Jueves 15 de mayo de 2025.<\/p>\n<p>[\/et_pb_blurb][\/et_pb_column][\/et_pb_row][\/et_pb_section][et_pb_section fb_built=\u00bb1&#8243; _builder_version=\u00bb4.16&#8243; custom_padding=\u00bb27px|0px|0|0px|false|false\u00bb global_colors_info=\u00bb{}\u00bb][et_pb_row use_custom_gutter=\u00bbon\u00bb module_class=\u00bb et_pb_row_fullwidth\u00bb _builder_version=\u00bb4.27.4&#8243; width=\u00bb100%\u00bb width_tablet=\u00bb80%\u00bb width_phone=\u00bb80%\u00bb width_last_edited=\u00bbon|desktop\u00bb max_width=\u00bb100%\u00bb max_width_tablet=\u00bb80%\u00bb max_width_phone=\u00bb80%\u00bb max_width_last_edited=\u00bbon|desktop\u00bb custom_padding=\u00bb0|0px|0|0px|false|false\u00bb hover_enabled=\u00bb0&#8243; make_fullwidth=\u00bbon\u00bb global_colors_info=\u00bb{}\u00bb sticky_enabled=\u00bb0&#8243;][et_pb_column type=\u00bb4_4&#8243; _builder_version=\u00bb4.16&#8243; custom_padding=\u00bb|||\u00bb global_colors_info=\u00bb{}\u00bb custom_padding__hover=\u00bb|||\u00bb][et_pb_post_title meta=\u00bboff\u00bb featured_placement=\u00bbbackground\u00bb text_color=\u00bblight\u00bb _builder_version=\u00bb4.16&#8243; title_font=\u00bb||||||||\u00bb title_font_size=\u00bb30px\u00bb background_color=\u00bb#009bdb\u00bb background_repeat=\u00bbspace\u00bb background_blend=\u00bbmultiply\u00bb global_colors_info=\u00bb{}\u00bb][\/et_pb_post_title][\/et_pb_column][\/et_pb_row][\/et_pb_section][et_pb_section fb_built=\u00bb1&#8243; _builder_version=\u00bb4.27.4&#8243; custom_padding=\u00bb1%||1%||true|false\u00bb global_colors_info=\u00bb{}\u00bb][et_pb_row module_class=\u00bb et_pb_row_fullwidth\u00bb _builder_version=\u00bb4.27.4&#8243; background_color=\u00bb#f2f9f9&#8243; background_size=\u00bbinitial\u00bb background_position=\u00bbtop_left\u00bb background_repeat=\u00bbrepeat\u00bb width=\u00bb94%\u00bb width_tablet=\u00bb80%\u00bb width_phone=\u00bb\u00bb width_last_edited=\u00bbon|desktop\u00bb max_width=\u00bb94%\u00bb max_width_tablet=\u00bb80%\u00bb max_width_phone=\u00bb\u00bb max_width_last_edited=\u00bbon|desktop\u00bb custom_padding=\u00bb1%|1%|1%|1%|true|true\u00bb border_radii=\u00bbon|10px|10px|10px|10px\u00bb make_fullwidth=\u00bbon\u00bb global_colors_info=\u00bb{}\u00bb][et_pb_column type=\u00bb4_4&#8243; _builder_version=\u00bb4.16&#8243; custom_padding=\u00bb|||\u00bb global_colors_info=\u00bb{}\u00bb custom_padding__hover=\u00bb|||\u00bb][et_pb_text admin_label=\u00bbBreadcrumbs\u00bb _builder_version=\u00bb4.27.4&#8243; _module_preset=\u00bbdefault\u00bb text_font=\u00bb||||||||\u00bb text_text_color=\u00bb#565656&#8243; text_font_size=\u00bb16px\u00bb link_text_color=\u00bb#0C71C3&#8243; hover_enabled=\u00bb0&#8243; border_style_right=\u00bbdashed\u00bb border_style_bottom=\u00bbdashed\u00bb global_colors_info=\u00bb{}\u00bb sticky_enabled=\u00bb0&#8243;]<\/p>\n<p><a title=\"Volver al inicio\" href=\"https:\/\/www.upla.cl\/transparencia\/\"> Transparencia<\/a> &gt; Acceso a informaci\u00f3n p\u00fablica<\/p>\n<p>[\/et_pb_text][\/et_pb_column][\/et_pb_row][\/et_pb_section][et_pb_section fb_built=\u00bb1&#8243; _builder_version=\u00bb4.16&#8243; custom_padding=\u00bb40px|0px|40px|0px|false|false\u00bb global_colors_info=\u00bb{}\u00bb][et_pb_row module_class=\u00bb et_pb_row_fullwidth\u00bb _builder_version=\u00bb4.16&#8243; background_size=\u00bbinitial\u00bb background_position=\u00bbtop_left\u00bb background_repeat=\u00bbrepeat\u00bb width=\u00bb94%\u00bb width_tablet=\u00bb80%\u00bb width_phone=\u00bb80%\u00bb width_last_edited=\u00bbon|desktop\u00bb max_width=\u00bb94%\u00bb max_width_tablet=\u00bb80%\u00bb max_width_phone=\u00bb80%\u00bb max_width_last_edited=\u00bbon|desktop\u00bb custom_padding=\u00bb0|0px|27px|0px|false|false\u00bb make_fullwidth=\u00bbon\u00bb global_colors_info=\u00bb{}\u00bb][et_pb_column type=\u00bb4_4&#8243; _builder_version=\u00bb4.16&#8243; custom_padding=\u00bb|||\u00bb global_colors_info=\u00bb{}\u00bb custom_padding__hover=\u00bb|||\u00bb][et_pb_text _builder_version=\u00bb4.16&#8243; background_size=\u00bbinitial\u00bb background_position=\u00bbtop_left\u00bb background_repeat=\u00bbrepeat\u00bb global_colors_info=\u00bb{}\u00bb]<\/p>\n<h3>Transparencia pasiva<\/h3>\n<p>&nbsp;<\/p>\n<p>De acuerdo a la <strong><a href=\"http:\/\/bcn.cl\/1lze1\" target=\"_blank\" rel=\"noopener noreferrer\">Ley 20.285, sobre Acceso a la Informaci\u00f3n P\u00fablica<\/a>,<\/strong>\u00a0toda persona tiene derecho a solicitar y recibir informaci\u00f3n de cualquier \u00f3rgano de la Administraci\u00f3n de Estado, en la forma y condiciones que establece esta ley.<\/p>\n<p>Seg\u00fan lo dispone el art\u00edculo 12 del mismo cuerpo legal, la solicitud de acceso a la informaci\u00f3n puede ser formulada por escrito o por medios electr\u00f3nicos, cumpliendo con los requisitos que dicha norma dispone.<\/p>\n<p>De acuerdo a lo anterior, si la solicitud se formula por escrito, rogamos dirigirse directamente a Asesor\u00eda Jur\u00eddica de la Universidad de Playa Ancha, Avenida Gran Breta\u00f1a N\u00ba 40, 4\u00ba Piso, de lunes a viernes de 09:00 horas a 13:30 horas y de 15:00 horas a 18:00 horas, o en su defecto env\u00ede su solicitud por correo a la misma direcci\u00f3n.<\/p>\n<p>El peticionario podr\u00e1 expresar en la solicitud, su voluntad de ser notificado mediante comunicaci\u00f3n electr\u00f3nica para todas las actuaciones y resoluciones del procedimiento acceso a la informaci\u00f3n, indicando para ello, bajo su responsabilidad, una direcci\u00f3n de correo electr\u00f3nico habilitada. En los dem\u00e1s casos las notificaciones a que haya lugar en el procedimiento se efectuaran conforme a las reglas de los art\u00edculos 46 y 47 de la ley N\u00ba 19.880, sobre Bases de los Procedimientos Administrativos.<\/p>\n<h4>Etapas<\/h4>\n<p>El procedimiento para dar respuesta a su solicitud consta de las siguientes etapas:<\/p>\n<p><strong>Etapa 1<\/strong><\/p>\n<p>Presentaci\u00f3n y recepci\u00f3n de la solicitud de acceso a la informaci\u00f3n<br \/> Conformada por el ingreso o presentaci\u00f3n de la solicitud de acceso a la informaci\u00f3n y su recepci\u00f3n por parte de la Universidad de Playa Ancha.<\/p>\n<p><strong>Etapa 2<\/strong><\/p>\n<p>An\u00e1lisis formal de la solicitud de acceso a la informaci\u00f3n<br \/> Conformada por la verificaci\u00f3n de competencia de la Universidad; revisi\u00f3n de los aspectos formales de la solicitud y eventual subsanaci\u00f3n; b\u00fasqueda de la informaci\u00f3n; y, cuando corresponda, determinaci\u00f3n, notificaci\u00f3n y eventual oposici\u00f3n de los terceros cuyos derechos pudieran verse afectados.<\/p>\n<p><strong>Etapa 3<\/strong><\/p>\n<p>Resoluci\u00f3n de la solicitud de acceso a la informaci\u00f3n<br \/> Conformada por la revisi\u00f3n de fondo de la solicitud, la preparaci\u00f3n y firma del acto administrativo de respuesta por parte del \u00f3rgano de la Administraci\u00f3n del Estado y su notificaci\u00f3n al peticionario.<\/p>\n<p><strong>Etapa 4<\/strong><\/p>\n<p>Cumplimiento de lo resuelto<br \/> Conformada por el eventual cobro de los costos directos de reproducci\u00f3n y la entrega efectiva de la informaci\u00f3n y certificaci\u00f3n de la misma. El no pago de \u00e9ste impide la entrega de la informaci\u00f3n.<\/p>\n<h4>Plazo<\/h4>\n<p>El plazo para dar respuesta a su solicitud es de 20 d\u00edas h\u00e1biles, y excepcionalmente puede ser prorrogado por otros 10 d\u00edas h\u00e1biles, cuando existan circunstancias que hagan dif\u00edcil reunir la informaci\u00f3n solicitada, caso en que la Instituci\u00f3n requerida comunicar\u00e1 al solicitante, antes del vencimiento del plazo, la pr\u00f3rroga y sus fundamentos.<\/p>\n<h4>Acreditaci\u00f3n de la representaci\u00f3n del apoderado<\/h4>\n<p>Cabe hacer presente que se exigir\u00e1 acreditar poder de representaci\u00f3n del requirente cuando la informaci\u00f3n solicitada contengan antecedentes protegidos por el secreto empresarial del que es titular o cuando se soliciten datos personales de la persona representada. En esos casos, el poder deber\u00e1 constar en escritura p\u00fablica o documento privado suscrito ante notario facultando al representante a conocer dicha informaci\u00f3n.<\/p>\n<p>[\/et_pb_text][\/et_pb_column][\/et_pb_row][et_pb_row column_structure=\u00bb1_4,1_4,1_4,1_4&#8243; use_custom_gutter=\u00bbon\u00bb module_class=\u00bb et_pb_row_fullwidth\u00bb _builder_version=\u00bb4.16&#8243; width=\u00bb94%\u00bb width_tablet=\u00bb80%\u00bb width_phone=\u00bb80%\u00bb width_last_edited=\u00bbon|desktop\u00bb max_width=\u00bb94%\u00bb max_width_tablet=\u00bb80%\u00bb max_width_phone=\u00bb80%\u00bb max_width_last_edited=\u00bbon|desktop\u00bb custom_padding=\u00bb0|0px|0|0px|false|false\u00bb make_fullwidth=\u00bbon\u00bb global_colors_info=\u00bb{}\u00bb][et_pb_column type=\u00bb1_4&#8243; _builder_version=\u00bb4.16&#8243; custom_padding=\u00bb|||\u00bb global_colors_info=\u00bb{}\u00bb custom_padding__hover=\u00bb|||\u00bb][et_pb_button button_url=\u00bbhttps:\/\/www.upla.cl\/transparencia\/aspectos-generales\/solicitud-de-acceso-a-la-informacion\/formulario-en-linea\/\u00bb button_text=\u00bbFormulario en l\u00ednea\u00bb admin_label=\u00bbBot\u00f3n formulario en l\u00ednea solicitud de informaci\u00f3n\u00bb _builder_version=\u00bb4.16&#8243; global_colors_info=\u00bb{}\u00bb][\/et_pb_button][\/et_pb_column][et_pb_column type=\u00bb1_4&#8243; _builder_version=\u00bb4.16&#8243; custom_padding=\u00bb|||\u00bb global_colors_info=\u00bb{}\u00bb custom_padding__hover=\u00bb|||\u00bb][et_pb_button button_url=\u00bbhttps:\/\/www.upla.cl\/transparencia\/wp-content\/uploads\/2013\/05\/2012_0629_solicitud_informacion_formulario.pdf\u00bb url_new_window=\u00bbon\u00bb button_text=\u00bbFormulario descargable\u00bb admin_label=\u00bbBot\u00f3n formulario imprimible\u00bb _builder_version=\u00bb4.16&#8243; global_colors_info=\u00bb{}\u00bb][\/et_pb_button][\/et_pb_column][et_pb_column type=\u00bb1_4&#8243; _builder_version=\u00bb4.16&#8243; custom_padding=\u00bb|||\u00bb global_colors_info=\u00bb{}\u00bb custom_padding__hover=\u00bb|||\u00bb][\/et_pb_column][et_pb_column type=\u00bb1_4&#8243; _builder_version=\u00bb4.16&#8243; custom_padding=\u00bb|||\u00bb global_colors_info=\u00bb{}\u00bb custom_padding__hover=\u00bb|||\u00bb][\/et_pb_column][\/et_pb_row][\/et_pb_section][et_pb_section fb_built=\u00bb1&#8243; _builder_version=\u00bb4.27.4&#8243; background_color=\u00bb#565656&#8243; custom_padding=\u00bb0|0px|0|0px|false|false\u00bb global_module=\u00bb98757&#8243; global_colors_info=\u00bb{}\u00bb][et_pb_row column_structure=\u00bb1_4,1_4,1_4,1_4&#8243; use_custom_gutter=\u00bbon\u00bb module_class=\u00bb et_pb_row_fullwidth\u00bb _builder_version=\u00bb4.16&#8243; width=\u00bb94%\u00bb width_tablet=\u00bb80%\u00bb width_phone=\u00bb\u00bb width_last_edited=\u00bbon|desktop\u00bb max_width=\u00bb94%\u00bb max_width_tablet=\u00bb80%\u00bb max_width_phone=\u00bb\u00bb max_width_last_edited=\u00bbon|desktop\u00bb custom_padding=\u00bb60px|0px|0|0px|false|false\u00bb make_fullwidth=\u00bbon\u00bb global_colors_info=\u00bb{}\u00bb][et_pb_column type=\u00bb1_4&#8243; _builder_version=\u00bb4.16&#8243; custom_padding=\u00bb|||\u00bb global_colors_info=\u00bb{}\u00bb custom_padding__hover=\u00bb|||\u00bb][et_pb_sidebar area=\u00bbsidebar-2&#8243; _builder_version=\u00bb4.27.2&#8243; header_font=\u00bb|600|||||||\u00bb header_text_color=\u00bb#bce3fa\u00bb body_text_color=\u00bb#FFFFFF\u00bb global_colors_info=\u00bb{}\u00bb][\/et_pb_sidebar][\/et_pb_column][et_pb_column type=\u00bb1_4&#8243; _builder_version=\u00bb4.16&#8243; custom_padding=\u00bb|||\u00bb global_colors_info=\u00bb{}\u00bb custom_padding__hover=\u00bb|||\u00bb][et_pb_sidebar area=\u00bbsidebar-3&#8243; _builder_version=\u00bb4.16&#8243; header_font=\u00bb|600|||||||\u00bb header_text_color=\u00bb#bce3fa\u00bb body_text_color=\u00bb#FFFFFF\u00bb global_colors_info=\u00bb{}\u00bb][\/et_pb_sidebar][\/et_pb_column][et_pb_column type=\u00bb1_4&#8243; _builder_version=\u00bb4.16&#8243; custom_padding=\u00bb|||\u00bb global_colors_info=\u00bb{}\u00bb custom_padding__hover=\u00bb|||\u00bb][et_pb_sidebar area=\u00bbsidebar-4&#8243; _builder_version=\u00bb4.16&#8243; header_font=\u00bb|600|||||||\u00bb header_text_color=\u00bb#bce3fa\u00bb body_text_color=\u00bb#FFFFFF\u00bb global_colors_info=\u00bb{}\u00bb][\/et_pb_sidebar][\/et_pb_column][et_pb_column type=\u00bb1_4&#8243; _builder_version=\u00bb4.16&#8243; custom_padding=\u00bb|||\u00bb global_colors_info=\u00bb{}\u00bb custom_padding__hover=\u00bb|||\u00bb][et_pb_sidebar area=\u00bbsidebar-5&#8243; _builder_version=\u00bb4.27.4&#8243; header_font=\u00bb|600|||||||\u00bb header_text_color=\u00bb#bce3fa\u00bb body_text_color=\u00bb#FFFFFF\u00bb global_colors_info=\u00bb{}\u00bb][\/et_pb_sidebar][et_pb_blurb title=\u00bbUpla.cl\u00bb url=\u00bbhttp:\/\/www.upla.cl\u00bb url_new_window=\u00bbon\u00bb image=\u00bbhttps:\/\/www.upla.cl\/transparencia\/wp-content\/uploads\/2024\/07\/faroupla.png.png\u00bb alt=\u00bb\u00cdcono Faro Universidad de Playa Ancha\u00bb icon_placement=\u00bbleft\u00bb admin_label=\u00bbUPLA.cl &#8211; Sitio web institucional\u00bb _builder_version=\u00bb4.27.4&#8243; header_text_color=\u00bb#FFFFFF\u00bb body_text_color=\u00bb#FFFFFF\u00bb link_option_url=\u00bbhttp:\/\/www.upla.cl\/\u00bb link_option_url_new_window=\u00bbon\u00bb global_colors_info=\u00bb{}\u00bb]<\/p>\n<p>Sitio web institucional<\/p>\n<p>[\/et_pb_blurb][\/et_pb_column][\/et_pb_row][\/et_pb_section]<\/p>\n","protected":false},"excerpt":{"rendered":"<p>-Accesos directos- \u00a0Admisi\u00f3n\u00a0 \u00a0 \u00a0SINTE \u00a0 Equidad e Igualdad de G\u00e9nero\u00a0 \u00a0\u00a0Ley Karin \u00a0\u00a0 Aseguramiento de la Calidad \u00a0\u00a0 Transparencia Universitaria \u00a0\u00a0 Noticias UPLAJueves 15 de mayo de 2025. Transparencia &gt; Acceso a informaci\u00f3n p\u00fablicaTransparencia pasiva &nbsp; De acuerdo a la Ley 20.285, sobre Acceso a la Informaci\u00f3n P\u00fablica,\u00a0toda persona tiene derecho a solicitar y [&hellip;]<\/p>\n","protected":false},"author":2,"featured_media":3610,"parent":283,"menu_order":3,"comment_status":"closed","ping_status":"closed","template":"page-template-blank.php","meta":{"_et_pb_use_builder":"on","_et_pb_old_content":"<strong>De acuerdo a la <a href=\"http:\/\/bcn.cl\/1lze1\" target=\"_blank\" rel=\"noopener noreferrer\">Ley 20.285, sobre Acceso a la Informaci\u00f3n P\u00fablica<\/a>,<\/strong>\u00a0toda persona tiene derecho a solicitar y recibir informaci\u00f3n de cualquier \u00f3rgano de la Administraci\u00f3n de Estado, en la forma y condiciones que establece esta ley.\r\n\r\nSeg\u00fan lo dispone el art\u00edculo 12 del mismo cuerpo legal, la solicitud de acceso a la informaci\u00f3n puede ser formulada por escrito o por medios electr\u00f3nicos, cumpliendo con los requisitos que dicha norma dispone.\r\n\r\nDe acuerdo a lo anterior, si la solicitud se formula por escrito, rogamos dirigirse directamente a Asesor\u00eda Jur\u00eddica de la Universidad de Playa Ancha, Avenida Gran Breta\u00f1a N\u00ba 40, 4\u00ba Piso, de lunes a viernes de 09:00 horas a 13:30 horas y de 15:00 horas a 18:00 horas, o en su defecto env\u00ede su solicitud por correo a la misma direcci\u00f3n.\r\n\r\nEl peticionario podr\u00e1 expresar en la solicitud, su voluntad de ser notificado mediante comunicaci\u00f3n electr\u00f3nica para todas las actuaciones y resoluciones del procedimiento acceso a la informaci\u00f3n, indicando para ello, bajo su responsabilidad, una direcci\u00f3n de correo electr\u00f3nico habilitada. En los dem\u00e1s casos las notificaciones a que haya lugar en el procedimiento se efectuaran conforme a las reglas de los art\u00edculos 46 y 47 de la ley N\u00ba 19.880, sobre Bases de los Procedimientos Administrativos.\r\n<h3>Etapas<\/h3>\r\nEl procedimiento para dar respuesta a su solicitud consta de las siguientes etapas:\r\n<h4>Etapa 1<\/h4>\r\nPresentaci\u00f3n y recepci\u00f3n de la solicitud de acceso a la informaci\u00f3n\r\nConformada por el ingreso o presentaci\u00f3n de la solicitud de acceso a la informaci\u00f3n y su recepci\u00f3n por parte de la Universidad de Playa Ancha.\r\n<h4>Etapa 2<\/h4>\r\nAn\u00e1lisis formal de la solicitud de acceso a la informaci\u00f3n\r\nConformada por la verificaci\u00f3n de competencia de la Universidad; revisi\u00f3n de los aspectos formales de la solicitud y eventual subsanaci\u00f3n; b\u00fasqueda de la informaci\u00f3n; y, cuando corresponda, determinaci\u00f3n, notificaci\u00f3n y eventual oposici\u00f3n de los terceros cuyos derechos pudieran verse afectados.\r\n<h4>Etapa 3<\/h4>\r\nResoluci\u00f3n de la solicitud de acceso a la informaci\u00f3n\r\nConformada por la revisi\u00f3n de fondo de la solicitud, la preparaci\u00f3n y firma del acto administrativo de respuesta por parte del \u00f3rgano de la Administraci\u00f3n del Estado y su notificaci\u00f3n al peticionario.\r\n<h4>Etapa 4<\/h4>\r\nCumplimiento de lo resuelto\r\nConformada por el eventual cobro de los costos directos de reproducci\u00f3n y la entrega efectiva de la informaci\u00f3n y certificaci\u00f3n de la misma. El no pago de \u00e9ste impide la entrega de la informaci\u00f3n.\r\n<h3>Plazo<\/h3>\r\nEl plazo para dar respuesta a su solicitud es de 20 d\u00edas h\u00e1biles, y excepcionalmente puede ser prorrogado por otros 10 d\u00edas h\u00e1biles, cuando existan circunstancias que hagan dif\u00edcil reunir la informaci\u00f3n solicitada, caso en que la Instituci\u00f3n requerida comunicar\u00e1 al solicitante, antes del vencimiento del plazo, la pr\u00f3rroga y sus fundamentos.\r\n<h3>Acreditaci\u00f3n de la representaci\u00f3n del apoderado<\/h3>\r\nCabe hacer presente que se exigir\u00e1 acreditar poder de representaci\u00f3n del requirente cuando la informaci\u00f3n solicitada contengan antecedentes protegidos por el secreto empresarial del que es titular o cuando se soliciten datos personales de la persona representada. En esos casos, el poder deber\u00e1 constar en escritura p\u00fablica o documento privado suscrito ante notario facultando al representante a conocer dicha informaci\u00f3n.\r\n<ul>\r\n \t<li><a title=\"Formulario en l\u00ednea\" href=\"https:\/\/www.upla.cl\/transparencia\/aspectos-generales\/solicitud-de-acceso-a-la-informacion\/formulario-en-linea\/\" target=\"_blank\" rel=\"noopener noreferrer\">Formulario en l\u00ednea<\/a><\/li>\r\n \t<li><a href=\"https:\/\/www.upla.cl\/transparencia\/wp-content\/uploads\/2013\/05\/2012_0629_solicitud_informacion_formulario.pdf\" target=\"_blank\" rel=\"noopener noreferrer\">Descarga formulario en formato pdf para presentar de manera presencial<\/a>\u00a0(603 KB)<\/li>\r\n<\/ul>","_et_gb_content_width":"","_relevanssi_hide_post":"","_relevanssi_hide_content":"","_relevanssi_pin_for_all":"","_relevanssi_pin_keywords":"","_relevanssi_unpin_keywords":"","_relevanssi_related_keywords":"","_relevanssi_related_include_ids":"","_relevanssi_related_exclude_ids":"","_relevanssi_related_no_append":"","_relevanssi_related_not_related":"","_relevanssi_related_posts":"","_relevanssi_noindex_reason":"","footnotes":""},"class_list":["post-290","page","type-page","status-publish","has-post-thumbnail","hentry"],"_links":{"self":[{"href":"https:\/\/www.upla.cl\/transparencia\/wp-json\/wp\/v2\/pages\/290","targetHints":{"allow":["GET"]}}],"collection":[{"href":"https:\/\/www.upla.cl\/transparencia\/wp-json\/wp\/v2\/pages"}],"about":[{"href":"https:\/\/www.upla.cl\/transparencia\/wp-json\/wp\/v2\/types\/page"}],"author":[{"embeddable":true,"href":"https:\/\/www.upla.cl\/transparencia\/wp-json\/wp\/v2\/users\/2"}],"replies":[{"embeddable":true,"href":"https:\/\/www.upla.cl\/transparencia\/wp-json\/wp\/v2\/comments?post=290"}],"version-history":[{"count":0,"href":"https:\/\/www.upla.cl\/transparencia\/wp-json\/wp\/v2\/pages\/290\/revisions"}],"up":[{"embeddable":true,"href":"https:\/\/www.upla.cl\/transparencia\/wp-json\/wp\/v2\/pages\/283"}],"wp:featuredmedia":[{"embeddable":true,"href":"https:\/\/www.upla.cl\/transparencia\/wp-json\/wp\/v2\/media\/3610"}],"wp:attachment":[{"href":"https:\/\/www.upla.cl\/transparencia\/wp-json\/wp\/v2\/media?parent=290"}],"curies":[{"name":"wp","href":"https:\/\/api.w.org\/{rel}","templated":true}]}}