{"id":17229005,"date":"2025-05-16T02:56:25","date_gmt":"2025-05-16T06:56:25","guid":{"rendered":"https:\/\/www.upla.cl\/transparencia\/?page_id=17229005"},"modified":"2026-04-14T11:35:49","modified_gmt":"2026-04-14T15:35:49","slug":"indice-de-actos-que-deniegan-solicitudes-de-acceso-a-la-informacion","status":"publish","type":"page","link":"https:\/\/www.upla.cl\/transparencia\/indice-de-actos-que-deniegan-solicitudes-de-acceso-a-la-informacion\/","title":{"rendered":"\u00cdndice de actos que deniegan solicitudes de acceso a la informaci\u00f3n"},"content":{"rendered":"<p>[et_pb_section fb_built=\u00bb1&#8243; _builder_version=\u00bb3.18.4&#8243; _module_preset=\u00bbdefault\u00bb custom_padding=\u00bb50px|0px|0|0px|false|false\u00bb global_module=\u00bb6320&#8243; saved_tabs=\u00bball\u00bb global_colors_info=\u00bb{}\u00bb][et_pb_row column_structure=\u00bb1_2,1_4,1_4&#8243; module_class=\u00bb et_pb_row_fullwidth\u00bb _builder_version=\u00bb4.16&#8243; _module_preset=\u00bbdefault\u00bb width=\u00bb94%\u00bb width_tablet=\u00bb80%\u00bb width_phone=\u00bb\u00bb width_last_edited=\u00bbon|desktop\u00bb max_width=\u00bb94%\u00bb max_width_tablet=\u00bb80%\u00bb max_width_phone=\u00bb\u00bb max_width_last_edited=\u00bbon|desktop\u00bb custom_padding=\u00bb0|0px|0|0px|false|false\u00bb make_fullwidth=\u00bbon\u00bb global_colors_info=\u00bb{}\u00bb][et_pb_column type=\u00bb1_2&#8243; _builder_version=\u00bb4.16&#8243; _module_preset=\u00bbdefault\u00bb custom_padding=\u00bb|||\u00bb global_colors_info=\u00bb{}\u00bb custom_padding__hover=\u00bb|||\u00bb][et_pb_image src=\u00bbhttps:\/\/www.upla.cl\/transparencia\/wp-content\/uploads\/2018\/12\/2018_1210_transparencia_logo.png\u00bb url=\u00bbhttps:\/\/www.upla.cl\/transparencia\/\u00bb align=\u00bbright\u00bb align_tablet=\u00bbcenter\u00bb align_phone=\u00bb\u00bb align_last_edited=\u00bbon|desktop\u00bb admin_label=\u00bbInicio\u00bb _builder_version=\u00bb4.16&#8243; _module_preset=\u00bbdefault\u00bb global_colors_info=\u00bb{}\u00bb][\/et_pb_image][\/et_pb_column][et_pb_column type=\u00bb1_4&#8243; _builder_version=\u00bb4.16&#8243; _module_preset=\u00bbdefault\u00bb custom_padding=\u00bb|||\u00bb global_colors_info=\u00bb{}\u00bb custom_padding__hover=\u00bb|||\u00bb][\/et_pb_column][et_pb_column type=\u00bb1_4&#8243; _builder_version=\u00bb4.16&#8243; _module_preset=\u00bbdefault\u00bb custom_padding=\u00bb|||\u00bb global_colors_info=\u00bb{}\u00bb custom_padding__hover=\u00bb|||\u00bb][et_pb_blurb title=\u00bb\u00daltima actualizaci\u00f3n general del sitio\u00bb use_icon=\u00bbon\u00bb font_icon=\u00bb&#xe02c;||divi||400&#8243; icon_color=\u00bb#009bdb\u00bb image_icon_background_color=\u00bb#ffffff\u00bb icon_placement=\u00bbleft\u00bb image_icon_width=\u00bb16px\u00bb content_max_width=\u00bb930px\u00bb admin_label=\u00bb\u00daltima actualizaci\u00f3n\u00bb _builder_version=\u00bb4.27.5&#8243; _module_preset=\u00bbdefault\u00bb image_icon_custom_padding=\u00bb8px|8px|8px|8px|false|false\u00bb custom_padding=\u00bb20px|20px|20px|20px\u00bb animation_style=\u00bbfade\u00bb border_width_all=\u00bb1px\u00bb border_color_all=\u00bb#009bdb\u00bb border_radii_image=\u00bbon|100%|100%|100%|100%\u00bb border_width_all_image=\u00bb2px\u00bb border_color_all_image=\u00bb#009bdb\u00bb box_shadow_style=\u00bbpreset2&#8243; use_circle=\u00bbon\u00bb use_circle_border=\u00bbon\u00bb circle_border_color=\u00bb#009bdb\u00bb circle_color=\u00bb#ffffff\u00bb global_colors_info=\u00bb{}\u00bb image_icon_background_color__sticky_enabled=\u00bb#7EBEC5&#8243; image_icon_background_color__sticky=\u00bb#7EBEC5&#8243;]<\/p>\n<p>Lunes 13 de abril de 2026.<\/p>\n<p>[\/et_pb_blurb][\/et_pb_column][\/et_pb_row][\/et_pb_section][et_pb_section fb_built=\u00bb1&#8243; _builder_version=\u00bb4.16&#8243; custom_padding=\u00bb27px|0px|0|0px|false|false\u00bb global_colors_info=\u00bb{}\u00bb][et_pb_row use_custom_gutter=\u00bbon\u00bb module_class=\u00bb et_pb_row_fullwidth\u00bb _builder_version=\u00bb4.27.4&#8243; width=\u00bb100%\u00bb width_tablet=\u00bb80%\u00bb width_phone=\u00bb\u00bb width_last_edited=\u00bbon|desktop\u00bb max_width=\u00bb100%\u00bb max_width_tablet=\u00bb80%\u00bb max_width_phone=\u00bb\u00bb max_width_last_edited=\u00bbon|desktop\u00bb min_height_tablet=\u00bb\u00bb min_height_phone=\u00bb\u00bb min_height_last_edited=\u00bbon|desktop\u00bb custom_padding=\u00bb0|0px|0|0px|false|false\u00bb make_fullwidth=\u00bbon\u00bb global_colors_info=\u00bb{}\u00bb][et_pb_column type=\u00bb4_4&#8243; _builder_version=\u00bb4.16&#8243; custom_padding=\u00bb|||\u00bb global_colors_info=\u00bb{}\u00bb custom_padding__hover=\u00bb|||\u00bb][et_pb_post_title meta=\u00bboff\u00bb featured_placement=\u00bbbackground\u00bb text_color=\u00bblight\u00bb _builder_version=\u00bb4.16&#8243; title_font=\u00bb||||||||\u00bb title_font_size=\u00bb30px\u00bb background_color=\u00bb#009bdb\u00bb background_repeat=\u00bbspace\u00bb background_blend=\u00bbmultiply\u00bb global_colors_info=\u00bb{}\u00bb][\/et_pb_post_title][\/et_pb_column][\/et_pb_row][\/et_pb_section][et_pb_section fb_built=\u00bb1&#8243; _builder_version=\u00bb4.27.4&#8243; custom_padding=\u00bb1%||1%||true|false\u00bb global_colors_info=\u00bb{}\u00bb][et_pb_row module_class=\u00bb et_pb_row_fullwidth\u00bb _builder_version=\u00bb4.27.4&#8243; background_color=\u00bb#f2f9f9&#8243; background_size=\u00bbinitial\u00bb background_position=\u00bbtop_left\u00bb background_repeat=\u00bbrepeat\u00bb width=\u00bb94%\u00bb width_tablet=\u00bb80%\u00bb width_phone=\u00bb\u00bb width_last_edited=\u00bbon|desktop\u00bb max_width=\u00bb94%\u00bb max_width_tablet=\u00bb80%\u00bb max_width_phone=\u00bb\u00bb max_width_last_edited=\u00bbon|desktop\u00bb custom_padding=\u00bb1%|1%|1%|1%|true|true\u00bb border_radii=\u00bbon|10px|10px|10px|10px\u00bb make_fullwidth=\u00bbon\u00bb global_colors_info=\u00bb{}\u00bb][et_pb_column type=\u00bb4_4&#8243; _builder_version=\u00bb4.16&#8243; custom_padding=\u00bb|||\u00bb global_colors_info=\u00bb{}\u00bb custom_padding__hover=\u00bb|||\u00bb][et_pb_text admin_label=\u00bbBreadcrumbs\u00bb _builder_version=\u00bb4.27.4&#8243; _module_preset=\u00bbdefault\u00bb text_font=\u00bb||||||||\u00bb text_text_color=\u00bb#565656&#8243; text_font_size=\u00bb16px\u00bb link_text_color=\u00bb#0C71C3&#8243; border_style_right=\u00bbdashed\u00bb border_style_bottom=\u00bbdashed\u00bb global_colors_info=\u00bb{}\u00bb]<\/p>\n<p><a title=\"Volver al inicio\" href=\"https:\/\/www.upla.cl\/transparencia\/\"> Transparencia<\/a> &gt; \u00cdndice de actos que deniegan solicitudes de acceso a la informaci\u00f3n<\/p>\n<p>[\/et_pb_text][\/et_pb_column][\/et_pb_row][\/et_pb_section][et_pb_section fb_built=\u00bb1&#8243; _builder_version=\u00bb4.16&#8243; custom_padding=\u00bb40px|0px|60px|0px|false|false\u00bb global_colors_info=\u00bb{}\u00bb][et_pb_row use_custom_gutter=\u00bbon\u00bb module_class=\u00bb et_pb_row_fullwidth\u00bb _builder_version=\u00bb4.16&#8243; background_size=\u00bbinitial\u00bb background_position=\u00bbtop_left\u00bb background_repeat=\u00bbrepeat\u00bb width=\u00bb94%\u00bb width_tablet=\u00bb80%\u00bb width_phone=\u00bb\u00bb width_last_edited=\u00bbon|desktop\u00bb max_width=\u00bb94%\u00bb max_width_tablet=\u00bb80%\u00bb max_width_phone=\u00bb\u00bb max_width_last_edited=\u00bbon|desktop\u00bb custom_padding=\u00bb0|0px|15px|0px|false|false\u00bb make_fullwidth=\u00bbon\u00bb global_colors_info=\u00bb{}\u00bb][et_pb_column type=\u00bb4_4&#8243; _builder_version=\u00bb4.16&#8243; custom_padding=\u00bb|||\u00bb global_colors_info=\u00bb{}\u00bb custom_padding__hover=\u00bb|||\u00bb][et_pb_text _builder_version=\u00bb4.27.6&#8243; _module_preset=\u00bbdefault\u00bb hover_enabled=\u00bb0&#8243; global_colors_info=\u00bb{}\u00bb sticky_enabled=\u00bb0&#8243;]<\/p>\n<p>Fecha \u00faltima actualizaci\u00f3n: marzo de 2025.<\/p>\n<p>En el mes de marzo de 2026 no se registraron actos que deniegan solicitudes de acceso a la informaci\u00f3n.<\/p>\n<p>&nbsp;<\/p>\n<p>&nbsp;<\/p>\n<table width=\"100%\" style=\"width: 100%; height: 1016px;\">\n<tbody>\n<tr style=\"height: 72px;\">\n<td width=\"347\" style=\"height: 72px;\"><strong>Individualizaci\u00f3n del acto o resoluci\u00f3n denegatoria<\/strong><\/td>\n<td width=\"332\" style=\"height: 72px;\"><strong>Actos, documentos e informaciones declarados secreto o reservado<\/strong><\/td>\n<td width=\"355\" style=\"height: 72px;\"><strong>Identificaci\u00f3n de la parte del acto, documento o informaci\u00f3n\u00a0 declarada como secreta\u00a0<\/strong><\/td>\n<td width=\"220\" style=\"height: 72px;\"><strong>Fundamento legal<\/strong><\/td>\n<td width=\"165\" style=\"height: 72px;\"><strong>Fecha de notificaci\u00f3n del acto\u00a0<\/strong><\/td>\n<td width=\"87\" style=\"height: 72px;\"><strong>Enlace<\/strong><\/td>\n<\/tr>\n<tr style=\"height: 104px;\">\n<td width=\"347\" style=\"height: 104px;\">Deniega parcialmente entrega de informaci\u00f3n solicitada por \u00c1lvaro Arriagada Zanetta<\/td>\n<td width=\"332\" style=\"height: 104px;\">Matricula, situaci\u00f3n financiera, r\u00e9gimen acad\u00e9mico, Situaci\u00f3n de Estado de Matricula Acad\u00e9mica de una persona natural identificable.<\/td>\n<td width=\"355\" style=\"height: 104px;\">Matr\u00edcula, situaci\u00f3n financiera, r\u00e9gimen acad\u00e9mico, situaci\u00f3n de estado de matricula acad\u00e9mica de una persona natural identificable.<\/td>\n<td width=\"220\" style=\"height: 104px;\">Transparencia.<\/td>\n<td width=\"165\" style=\"text-align: right; height: 104px;\">24.1.2025<\/td>\n<td width=\"87\" style=\"height: 104px;\"><a href=\"https:\/\/www.upla.cl\/transparencia\/wp-content\/uploads\/2025\/05\/20250507_indiceactosdenegados_abr-2025_arriagada.pdf\" target=\"_blank\" rel=\"noopener\" title=\"Deniega parcialmente entrega de informaci\u00f3n\">Enlace<\/a><\/td>\n<\/tr>\n<tr style=\"height: 72px;\">\n<td width=\"347\" style=\"height: 72px;\">Deniega solicitud de entrega de informaci\u00f3n solicitada por Vicente Fr\u00edas Torrej\u00f3n<\/td>\n<td width=\"332\" style=\"height: 72px;\">Todos los decretos dictados\u00a0 por la Universidad desde la fecha de su creaci\u00f3n hasta 21 d\u00edas corridos despu\u00e9s.<\/td>\n<td width=\"355\" style=\"height: 72px;\">No aplica<\/td>\n<td width=\"220\" style=\"height: 72px;\">Art. 21, N\u00b01, letra c), de la Ley N\u00ba 20.285<\/td>\n<td width=\"165\" style=\"text-align: right; height: 72px;\">20.1.2025<\/td>\n<td width=\"87\" style=\"height: 72px;\"><a href=\"https:\/\/www.upla.cl\/transparencia\/wp-content\/uploads\/2025\/05\/20250507_indiceactosdenegados_abr-2025_friastorrejon.pdf\" target=\"_blank\" rel=\"noopener\" title=\"Deniega solicitud de entrega de informaci\u00f3n\">Enlace<\/a><\/td>\n<\/tr>\n<tr style=\"height: 648px;\">\n<td width=\"347\" style=\"height: 648px;\">Deniega solicitud de entrega de informaci\u00f3n solicitada por Catalina Rivera Olavarria, Renata Saavedra Santis, Francisco Apablaza Meza, Javiera Flores Frey, Cristobal N\u00fa\u00f1ez Nall, Catalina Millan Flores<\/td>\n<td width=\"332\" style=\"height: 648px;\">N\u00famero de profesionales de salud mental: Detallar la cantidad de psic\u00f3logos, psiquiatras y consejeros a tiempo completo y parcial empleados por la universidad, entre 2017 y 2020 desglosado por a\u00f1o.Casos de suicidio: N\u00famero de casos de suicidio de estudiantes universitarios entre 2017 y 2020, desglosado por meses.<br \/>Estad\u00edsticas de deserci\u00f3n: Datos anuales sobre la deserci\u00f3n estudiantil entre 2017 y 2020, incluyendo razones reportadas para la deserci\u00f3n.<br \/>Informes internos: Cualquier informe o estudio interno que analice la relaci\u00f3n entre la salud mental de los estudiantes y la deserci\u00f3n o el suicidio. , entre 2017 y 2020.<br \/>Programas o servicios de salud mental: Descripci\u00f3n y funcionamiento de los programas o servicios de salud mental disponibles para los estudiantes, entre 2017 y 2020 desglosado por a\u00f1o.<br \/>Presupuesto: Informaci\u00f3n sobre el presupuesto anual destinado a la salud mental y el bienestar estudiantil, entre 2017 y 2020 desglosado por a\u00f1o.<br \/>Estad\u00edsticas de utilizaci\u00f3n: Datos sobre la cantidad de estudiantes que utilizan los servicios de salud mental ofrecidos por la universidad, entre 2017 y 2020, desglosado por meses.<\/td>\n<td width=\"355\" style=\"height: 648px;\">No aplica<\/td>\n<td width=\"220\" style=\"height: 648px;\">Art. 21, N\u00b01, letra c), de la Ley N\u00ba 20.285<\/td>\n<td width=\"165\" style=\"text-align: right; height: 648px;\">3.9.2024<\/td>\n<td style=\"height: 648px;\">Enlace<\/td>\n<\/tr>\n<tr style=\"height: 48px;\">\n<td width=\"347\" style=\"height: 48px;\">Deniega solicitud de entrega de informaci\u00f3n solicitada por Vicente Fr\u00edas Torrej\u00f3n<\/td>\n<td width=\"332\" style=\"height: 48px;\">\u00a0Decretos emitidos durante toda la historia de la Universidad.<\/td>\n<td width=\"355\" style=\"height: 48px;\">No aplica<\/td>\n<td width=\"220\" style=\"height: 48px;\">Art. 21, N\u00b01, letra c), de la Ley N\u00ba 20.285<\/td>\n<td width=\"165\" style=\"text-align: right; height: 48px;\">3.9.2024<\/td>\n<td style=\"height: 48px;\">Enlace<\/td>\n<\/tr>\n<tr style=\"height: 72px;\">\n<td width=\"347\" style=\"height: 72px;\">Deniega solicitud de entrega de informaci\u00f3n solicitada por Vicente Fr\u00edas Torrej\u00f3n<\/td>\n<td width=\"332\" style=\"height: 72px;\">Todas los actos denegatorios de la solicitudes de acceso a la informaci{on que hayan existido, sin importar total o parcial.<\/td>\n<td width=\"355\" style=\"height: 72px;\">No aplica<\/td>\n<td width=\"220\" style=\"height: 72px;\">Art. 21 N\u00b0 1 letra c) de la Ley N\u00ba 20.285.<\/td>\n<td width=\"165\" style=\"text-align: right; height: 72px;\">14.2.2024<\/td>\n<td width=\"87\" style=\"height: 72px;\"><a href=\"https:\/\/www.upla.cl\/transparencia\/wp-content\/uploads\/2025\/05\/20250507_indiceactosdenegados_abr-2025_frias.pdf\" target=\"_blank\" rel=\"noopener\" title=\"Deniega solicitud de entrega de informaci\u00f3n solicitada\">Enlace<\/a><\/td>\n<\/tr>\n<\/tbody>\n<\/table>\n<p>[\/et_pb_text][\/et_pb_column][\/et_pb_row][\/et_pb_section][et_pb_section fb_built=\u00bb1&#8243; _builder_version=\u00bb4.27.4&#8243; background_color=\u00bb#565656&#8243; custom_padding=\u00bb0|0px|0|0px|false|false\u00bb global_module=\u00bb98757&#8243; global_colors_info=\u00bb{}\u00bb][et_pb_row column_structure=\u00bb1_4,1_4,1_4,1_4&#8243; use_custom_gutter=\u00bbon\u00bb module_class=\u00bb et_pb_row_fullwidth\u00bb _builder_version=\u00bb4.27.5&#8243; width=\u00bb94%\u00bb width_tablet=\u00bb80%\u00bb width_phone=\u00bb\u00bb width_last_edited=\u00bbon|desktop\u00bb max_width=\u00bb94%\u00bb max_width_tablet=\u00bb80%\u00bb max_width_phone=\u00bb\u00bb max_width_last_edited=\u00bbon|desktop\u00bb custom_padding=\u00bb60px|0px|0|0px|false|false\u00bb make_fullwidth=\u00bbon\u00bb global_colors_info=\u00bb{}\u00bb][et_pb_column type=\u00bb1_4&#8243; _builder_version=\u00bb4.16&#8243; custom_padding=\u00bb|||\u00bb global_colors_info=\u00bb{}\u00bb custom_padding__hover=\u00bb|||\u00bb][et_pb_sidebar area=\u00bbsidebar-2&#8243; _builder_version=\u00bb4.27.2&#8243; header_font=\u00bb|600|||||||\u00bb header_text_color=\u00bb#bce3fa\u00bb body_text_color=\u00bb#FFFFFF\u00bb global_colors_info=\u00bb{}\u00bb][\/et_pb_sidebar][et_pb_search placeholder=\u00bbBusca en el sitio\u00bb admin_label=\u00bbBuscar en el sitio\u00bb _builder_version=\u00bb4.27.5&#8243; _module_preset=\u00bbdefault\u00bb background_color=\u00bb#FFFFFF\u00bb global_colors_info=\u00bb{}\u00bb][\/et_pb_search][\/et_pb_column][et_pb_column type=\u00bb1_4&#8243; _builder_version=\u00bb4.16&#8243; custom_padding=\u00bb|||\u00bb global_colors_info=\u00bb{}\u00bb custom_padding__hover=\u00bb|||\u00bb][et_pb_sidebar area=\u00bbsidebar-3&#8243; _builder_version=\u00bb4.16&#8243; header_font=\u00bb|600|||||||\u00bb header_text_color=\u00bb#bce3fa\u00bb body_text_color=\u00bb#FFFFFF\u00bb global_colors_info=\u00bb{}\u00bb][\/et_pb_sidebar][\/et_pb_column][et_pb_column type=\u00bb1_4&#8243; _builder_version=\u00bb4.16&#8243; custom_padding=\u00bb|||\u00bb global_colors_info=\u00bb{}\u00bb custom_padding__hover=\u00bb|||\u00bb][et_pb_sidebar area=\u00bbsidebar-4&#8243; _builder_version=\u00bb4.16&#8243; header_font=\u00bb|600|||||||\u00bb header_text_color=\u00bb#bce3fa\u00bb body_text_color=\u00bb#FFFFFF\u00bb global_colors_info=\u00bb{}\u00bb][\/et_pb_sidebar][\/et_pb_column][et_pb_column type=\u00bb1_4&#8243; _builder_version=\u00bb4.16&#8243; custom_padding=\u00bb|||\u00bb global_colors_info=\u00bb{}\u00bb custom_padding__hover=\u00bb|||\u00bb][et_pb_sidebar area=\u00bbsidebar-5&#8243; _builder_version=\u00bb4.27.4&#8243; header_font=\u00bb|600|||||||\u00bb header_text_color=\u00bb#bce3fa\u00bb body_text_color=\u00bb#FFFFFF\u00bb global_colors_info=\u00bb{}\u00bb][\/et_pb_sidebar][et_pb_blurb title=\u00bbUpla.cl\u00bb url=\u00bbhttp:\/\/www.upla.cl\u00bb url_new_window=\u00bbon\u00bb image=\u00bbhttps:\/\/www.upla.cl\/transparencia\/wp-content\/uploads\/2024\/07\/faroupla.png.png\u00bb alt=\u00bb\u00cdcono Faro Universidad de Playa Ancha\u00bb icon_placement=\u00bbleft\u00bb admin_label=\u00bbUPLA.cl &#8211; Sitio web institucional\u00bb _builder_version=\u00bb4.27.4&#8243; header_text_color=\u00bb#FFFFFF\u00bb body_text_color=\u00bb#FFFFFF\u00bb link_option_url=\u00bbhttp:\/\/www.upla.cl\/\u00bb link_option_url_new_window=\u00bbon\u00bb global_colors_info=\u00bb{}\u00bb]<\/p>\n<p>Sitio web institucional<\/p>\n<p>[\/et_pb_blurb][\/et_pb_column][\/et_pb_row][\/et_pb_section]<\/p>\n","protected":false},"excerpt":{"rendered":"<p>Lunes 13 de abril de 2026. Transparencia &gt; \u00cdndice de actos que deniegan solicitudes de acceso a la informaci\u00f3nFecha \u00faltima actualizaci\u00f3n: marzo de 2025. En el mes de marzo de 2026 no se registraron actos que deniegan solicitudes de acceso a la informaci\u00f3n. &nbsp; &nbsp; Individualizaci\u00f3n del acto o resoluci\u00f3n denegatoria Actos, documentos e informaciones [&hellip;]<\/p>\n","protected":false},"author":2,"featured_media":3610,"parent":0,"menu_order":0,"comment_status":"closed","ping_status":"closed","template":"page-template-blank.php","meta":{"_et_pb_use_builder":"on","_et_pb_old_content":"","_et_gb_content_width":"","_relevanssi_hide_post":"","_relevanssi_hide_content":"","_relevanssi_pin_for_all":"","_relevanssi_pin_keywords":"","_relevanssi_unpin_keywords":"","_relevanssi_related_keywords":"","_relevanssi_related_include_ids":"","_relevanssi_related_exclude_ids":"","_relevanssi_related_no_append":"","_relevanssi_related_not_related":"","_relevanssi_related_posts":"","_relevanssi_noindex_reason":"","footnotes":""},"class_list":["post-17229005","page","type-page","status-publish","has-post-thumbnail","hentry"],"_links":{"self":[{"href":"https:\/\/www.upla.cl\/transparencia\/wp-json\/wp\/v2\/pages\/17229005","targetHints":{"allow":["GET"]}}],"collection":[{"href":"https:\/\/www.upla.cl\/transparencia\/wp-json\/wp\/v2\/pages"}],"about":[{"href":"https:\/\/www.upla.cl\/transparencia\/wp-json\/wp\/v2\/types\/page"}],"author":[{"embeddable":true,"href":"https:\/\/www.upla.cl\/transparencia\/wp-json\/wp\/v2\/users\/2"}],"replies":[{"embeddable":true,"href":"https:\/\/www.upla.cl\/transparencia\/wp-json\/wp\/v2\/comments?post=17229005"}],"version-history":[{"count":5,"href":"https:\/\/www.upla.cl\/transparencia\/wp-json\/wp\/v2\/pages\/17229005\/revisions"}],"predecessor-version":[{"id":17230311,"href":"https:\/\/www.upla.cl\/transparencia\/wp-json\/wp\/v2\/pages\/17229005\/revisions\/17230311"}],"wp:featuredmedia":[{"embeddable":true,"href":"https:\/\/www.upla.cl\/transparencia\/wp-json\/wp\/v2\/media\/3610"}],"wp:attachment":[{"href":"https:\/\/www.upla.cl\/transparencia\/wp-json\/wp\/v2\/media?parent=17229005"}],"curies":[{"name":"wp","href":"https:\/\/api.w.org\/{rel}","templated":true}]}}