{"id":17228711,"date":"2025-05-14T20:58:20","date_gmt":"2025-05-15T00:58:20","guid":{"rendered":"https:\/\/www.upla.cl\/transparencia\/?page_id=17228711"},"modified":"2026-03-12T11:48:28","modified_gmt":"2026-03-12T14:48:28","slug":"contrataciones-de-tracto-sucesivo","status":"publish","type":"page","link":"https:\/\/www.upla.cl\/transparencia\/adquisiciones-y-contrataciones\/contrataciones-de-tracto-sucesivo\/","title":{"rendered":"Contrataciones de Tracto sucesivo"},"content":{"rendered":"<p>[et_pb_section fb_built=\u00bb1&#8243; admin_label=\u00bbmen\u00fa secundario\u00bb _builder_version=\u00bb4.27.4&#8243; _module_preset=\u00bbdefault\u00bb background_color=\u00bb#009bdb\u00bb min_height=\u00bb40px\u00bb custom_margin=\u00bb0px||0px||false|false\u00bb custom_padding=\u00bb1%||1%||true|false\u00bb global_module=\u00bb104025&#8243; global_colors_info=\u00bb{}\u00bb][et_pb_row use_custom_gutter=\u00bbon\u00bb _builder_version=\u00bb4.27.4&#8243; _module_preset=\u00bbdefault\u00bb width=\u00bb90%\u00bb max_width=\u00bb1920px\u00bb custom_margin=\u00bb0px||0px||true|false\u00bb custom_padding=\u00bb0px||0px||true|false\u00bb global_colors_info=\u00bb{}\u00bb][et_pb_column type=\u00bb4_4&#8243; _builder_version=\u00bb4.27.4&#8243; _module_preset=\u00bbdefault\u00bb global_colors_info=\u00bb{}\u00bb][et_pb_text _builder_version=\u00bb4.27.4&#8243; _module_preset=\u00bbdefault\u00bb text_font=\u00bb|600|||||||\u00bb text_text_color=\u00bb#FFFFFF\u00bb text_font_size=\u00bb12px\u00bb text_line_height=\u00bb1.2em\u00bb link_text_color=\u00bb#FFFFFF\u00bb link_font_size=\u00bb12px\u00bb text_orientation=\u00bbright\u00bb custom_margin=\u00bb0px||0px||true|false\u00bb custom_padding=\u00bb0px||0px||true|false\u00bb text_orientation_tablet=\u00bbright\u00bb text_orientation_phone=\u00bbleft\u00bb text_orientation_last_edited=\u00bbon|phone\u00bb global_colors_info=\u00bb{}\u00bb]<\/p>\n<p><strong>-Accesos directos-<\/strong> \u00a0<a href=\"https:\/\/www.upla.cl\/admision\/\" target=\"_blank\" rel=\"noopener\">Admisi\u00f3n<\/a>\u00a0 \u00a0 \u00a0<a href=\"https:\/\/acceso.upla.cl\/sinte\/login.aspx\" target=\"_blank\" rel=\"noopener\">SINTE \u00a0 <\/a><a href=\"https:\/\/upla.cl\/generoydiversidad\/\" target=\"_blank\" rel=\"noopener\">Equidad e Igualdad de G\u00e9nero<\/a>\u00a0 \u00a0\u00a0<a href=\"https:\/\/www.upla.cl\/leykarin\/\" target=\"_blank\" rel=\"noopener\">Ley Karin<\/a> \u00a0\u00a0 <a href=\"https:\/\/www.upla.cl\/calidad\/acreditacion\/\" target=\"_blank\" rel=\"noopener\">Aseguramiento de la Calidad<\/a> \u00a0\u00a0 <a href=\"http:\/\/www.upla.cl\/transparencia\/\" target=\"_blank\" rel=\"noopener\">Transparencia Universitaria<\/a> \u00a0\u00a0 <a href=\"https:\/\/www.upla.cl\/noticias\/\" target=\"_blank\" rel=\"noopener\">Noticias UPLA<\/a><\/p>\n<p>[\/et_pb_text][\/et_pb_column][\/et_pb_row][\/et_pb_section][et_pb_section fb_built=\u00bb1&#8243; _builder_version=\u00bb3.18.4&#8243; _module_preset=\u00bbdefault\u00bb custom_padding=\u00bb50px|0px|0|0px|false|false\u00bb global_module=\u00bb6320&#8243; saved_tabs=\u00bball\u00bb global_colors_info=\u00bb{}\u00bb][et_pb_row column_structure=\u00bb1_2,1_4,1_4&#8243; module_class=\u00bb et_pb_row_fullwidth\u00bb _builder_version=\u00bb4.16&#8243; _module_preset=\u00bbdefault\u00bb width=\u00bb94%\u00bb width_tablet=\u00bb80%\u00bb width_phone=\u00bb\u00bb width_last_edited=\u00bbon|desktop\u00bb max_width=\u00bb94%\u00bb max_width_tablet=\u00bb80%\u00bb max_width_phone=\u00bb\u00bb max_width_last_edited=\u00bbon|desktop\u00bb custom_padding=\u00bb0|0px|0|0px|false|false\u00bb make_fullwidth=\u00bbon\u00bb global_colors_info=\u00bb{}\u00bb][et_pb_column type=\u00bb1_2&#8243; _builder_version=\u00bb4.16&#8243; _module_preset=\u00bbdefault\u00bb custom_padding=\u00bb|||\u00bb global_colors_info=\u00bb{}\u00bb custom_padding__hover=\u00bb|||\u00bb][et_pb_image src=\u00bbhttps:\/\/www.upla.cl\/transparencia\/wp-content\/uploads\/2018\/12\/2018_1210_transparencia_logo.png\u00bb url=\u00bbhttps:\/\/www.upla.cl\/transparencia\/\u00bb align=\u00bbright\u00bb align_tablet=\u00bbcenter\u00bb align_phone=\u00bb\u00bb align_last_edited=\u00bbon|desktop\u00bb admin_label=\u00bbInicio\u00bb _builder_version=\u00bb4.16&#8243; _module_preset=\u00bbdefault\u00bb global_colors_info=\u00bb{}\u00bb][\/et_pb_image][\/et_pb_column][et_pb_column type=\u00bb1_4&#8243; _builder_version=\u00bb4.16&#8243; _module_preset=\u00bbdefault\u00bb custom_padding=\u00bb|||\u00bb global_colors_info=\u00bb{}\u00bb custom_padding__hover=\u00bb|||\u00bb][\/et_pb_column][et_pb_column type=\u00bb1_4&#8243; _builder_version=\u00bb4.16&#8243; _module_preset=\u00bbdefault\u00bb custom_padding=\u00bb|||\u00bb global_colors_info=\u00bb{}\u00bb custom_padding__hover=\u00bb|||\u00bb][et_pb_blurb title=\u00bb\u00daltima actualizaci\u00f3n general del sitio\u00bb use_icon=\u00bbon\u00bb font_icon=\u00bb&#xe02c;||divi||400&#8243; icon_color=\u00bb#009bdb\u00bb image_icon_background_color=\u00bb#ffffff\u00bb icon_placement=\u00bbleft\u00bb image_icon_width=\u00bb16px\u00bb content_max_width=\u00bb930px\u00bb admin_label=\u00bb\u00daltima actualizaci\u00f3n\u00bb _builder_version=\u00bb4.27.5&#8243; _module_preset=\u00bbdefault\u00bb image_icon_custom_padding=\u00bb8px|8px|8px|8px|false|false\u00bb custom_padding=\u00bb20px|20px|20px|20px\u00bb animation_style=\u00bbfade\u00bb border_width_all=\u00bb1px\u00bb border_color_all=\u00bb#009bdb\u00bb border_radii_image=\u00bbon|100%|100%|100%|100%\u00bb border_width_all_image=\u00bb2px\u00bb border_color_all_image=\u00bb#009bdb\u00bb box_shadow_style=\u00bbpreset2&#8243; use_circle=\u00bbon\u00bb use_circle_border=\u00bbon\u00bb circle_border_color=\u00bb#009bdb\u00bb circle_color=\u00bb#ffffff\u00bb global_colors_info=\u00bb{}\u00bb image_icon_background_color__sticky_enabled=\u00bb#7EBEC5&#8243; image_icon_background_color__sticky=\u00bb#7EBEC5&#8243;]<\/p>\n<p>Jueves 12 de marzo de 2026.<\/p>\n<p>[\/et_pb_blurb][\/et_pb_column][\/et_pb_row][\/et_pb_section][et_pb_section fb_built=\u00bb1&#8243; _builder_version=\u00bb4.16&#8243; custom_padding=\u00bb27px|0px|0|0px|false|false\u00bb global_colors_info=\u00bb{}\u00bb][et_pb_row use_custom_gutter=\u00bbon\u00bb module_class=\u00bb et_pb_row_fullwidth\u00bb _builder_version=\u00bb4.27.4&#8243; width=\u00bb100%\u00bb width_tablet=\u00bb80%\u00bb width_phone=\u00bb80%\u00bb width_last_edited=\u00bbon|desktop\u00bb max_width=\u00bb100%\u00bb max_width_tablet=\u00bb80%\u00bb max_width_phone=\u00bb80%\u00bb max_width_last_edited=\u00bbon|desktop\u00bb custom_padding=\u00bb0|0px|0|0px|false|false\u00bb make_fullwidth=\u00bbon\u00bb global_colors_info=\u00bb{}\u00bb][et_pb_column type=\u00bb4_4&#8243; _builder_version=\u00bb4.16&#8243; custom_padding=\u00bb|||\u00bb global_colors_info=\u00bb{}\u00bb custom_padding__hover=\u00bb|||\u00bb][et_pb_post_title meta=\u00bboff\u00bb featured_placement=\u00bbbackground\u00bb text_color=\u00bblight\u00bb _builder_version=\u00bb4.27.4&#8243; title_font=\u00bb||||||||\u00bb title_font_size=\u00bb30px\u00bb background_color=\u00bb#009bdb\u00bb background_image=\u00bbhttps:\/\/www.upla.cl\/transparencia\/wp-content\/uploads\/2013\/05\/casacentralfrontis.jpg\u00bb background_repeat=\u00bbspace\u00bb background_blend=\u00bbmultiply\u00bb global_colors_info=\u00bb{}\u00bb][\/et_pb_post_title][\/et_pb_column][\/et_pb_row][\/et_pb_section][et_pb_section fb_built=\u00bb1&#8243; _builder_version=\u00bb4.27.4&#8243; custom_padding=\u00bb1%||1%||true|false\u00bb global_colors_info=\u00bb{}\u00bb][et_pb_row module_class=\u00bb et_pb_row_fullwidth\u00bb _builder_version=\u00bb4.27.4&#8243; background_color=\u00bb#f2f9f9&#8243; background_size=\u00bbinitial\u00bb background_position=\u00bbtop_left\u00bb background_repeat=\u00bbrepeat\u00bb width=\u00bb94%\u00bb width_tablet=\u00bb80%\u00bb width_phone=\u00bb\u00bb width_last_edited=\u00bbon|desktop\u00bb max_width=\u00bb94%\u00bb max_width_tablet=\u00bb80%\u00bb max_width_phone=\u00bb\u00bb max_width_last_edited=\u00bbon|desktop\u00bb custom_padding=\u00bb1%|1%|1%|1%|true|true\u00bb border_radii=\u00bbon|10px|10px|10px|10px\u00bb make_fullwidth=\u00bbon\u00bb global_colors_info=\u00bb{}\u00bb][et_pb_column type=\u00bb4_4&#8243; _builder_version=\u00bb4.16&#8243; custom_padding=\u00bb|||\u00bb global_colors_info=\u00bb{}\u00bb custom_padding__hover=\u00bb|||\u00bb][et_pb_text admin_label=\u00bbBreadcrumbs\u00bb _builder_version=\u00bb4.27.4&#8243; _module_preset=\u00bbdefault\u00bb text_font=\u00bb||||||||\u00bb text_text_color=\u00bb#565656&#8243; text_font_size=\u00bb16px\u00bb link_text_color=\u00bb#0C71C3&#8243; border_style_right=\u00bbdashed\u00bb border_style_bottom=\u00bbdashed\u00bb global_colors_info=\u00bb{}\u00bb]<\/p>\n<p><a title=\"Volver al inicio\" href=\"https:\/\/www.upla.cl\/transparencia\/\"> Transparencia<\/a> &gt; <a href=\"https:\/\/www.upla.cl\/transparencia\/adquisiciones-y-contrataciones\/\" title=\"Adquisiciones y contrataciones\">Adquisiciones y contrataciones<\/a> &gt; Contrataciones de Tracto sucesivo<\/p>\n<p>[\/et_pb_text][\/et_pb_column][\/et_pb_row][\/et_pb_section][et_pb_section fb_built=\u00bb1&#8243; _builder_version=\u00bb4.16&#8243; custom_padding=\u00bb60px|0px|60px|0px|false|false\u00bb global_colors_info=\u00bb{}\u00bb][et_pb_row use_custom_gutter=\u00bbon\u00bb module_class=\u00bb et_pb_row_fullwidth\u00bb _builder_version=\u00bb4.16&#8243; width=\u00bb94%\u00bb width_tablet=\u00bb80%\u00bb width_phone=\u00bb80%\u00bb width_last_edited=\u00bbon|desktop\u00bb max_width=\u00bb94%\u00bb max_width_tablet=\u00bb80%\u00bb max_width_phone=\u00bb80%\u00bb max_width_last_edited=\u00bbon|desktop\u00bb custom_padding=\u00bb0|0px|27px|0px|false|false\u00bb make_fullwidth=\u00bbon\u00bb global_colors_info=\u00bb{}\u00bb][et_pb_column type=\u00bb4_4&#8243; _builder_version=\u00bb4.16&#8243; custom_padding=\u00bb|||\u00bb global_colors_info=\u00bb{}\u00bb custom_padding__hover=\u00bb|||\u00bb][et_pb_text _builder_version=\u00bb4.27.5&#8243; text_font=\u00bb||||||||\u00bb hover_enabled=\u00bb0&#8243; global_colors_info=\u00bb{}\u00bb sticky_enabled=\u00bb0&#8243;]<\/p>\n<h2>Contrataciones de tracto sucesivo tramitadas entre el 1 y el 28 de febrero de 2026.<\/h2>\n<p>Fecha de la \u00faltima actualizaci\u00f3n de esta p\u00e1gina: 12 de marzo de 2026.<\/p>\n<p>[\/et_pb_text][et_pb_text _builder_version=\u00bb4.27.5&#8243; text_font=\u00bb||||||||\u00bb hover_enabled=\u00bb0&#8243; global_colors_info=\u00bb{}\u00bb sticky_enabled=\u00bb0&#8243;]<\/p>\n<p>En febrero de 2026 no se tramitaron contrataciones de tracto sucesivo.<\/p>\n<p>[\/et_pb_text][\/et_pb_column][\/et_pb_row][\/et_pb_section][et_pb_section fb_built=\u00bb1&#8243; _builder_version=\u00bb4.16&#8243; custom_padding=\u00bb3px|0px|60px|0px|false|false\u00bb global_colors_info=\u00bb{}\u00bb][et_pb_row use_custom_gutter=\u00bbon\u00bb module_class=\u00bb et_pb_row_fullwidth\u00bb _builder_version=\u00bb4.16&#8243; width=\u00bb94%\u00bb width_tablet=\u00bb80%\u00bb width_phone=\u00bb80%\u00bb width_last_edited=\u00bbon|desktop\u00bb max_width=\u00bb94%\u00bb max_width_tablet=\u00bb80%\u00bb max_width_phone=\u00bb80%\u00bb max_width_last_edited=\u00bbon|desktop\u00bb custom_padding=\u00bb0|0px|27px|0px|false|false\u00bb hover_enabled=\u00bb0&#8243; make_fullwidth=\u00bbon\u00bb global_colors_info=\u00bb{}\u00bb sticky_enabled=\u00bb0&#8243;][et_pb_column type=\u00bb4_4&#8243; _builder_version=\u00bb4.16&#8243; custom_padding=\u00bb|||\u00bb global_colors_info=\u00bb{}\u00bb custom_padding__hover=\u00bb|||\u00bb][et_pb_toggle title=\u00bbHist\u00f3rico\u00bb _builder_version=\u00bb4.27.5&#8243; _module_preset=\u00bbdefault\u00bb hover_enabled=\u00bb0&#8243; global_colors_info=\u00bb{}\u00bb sticky_enabled=\u00bb0&#8243;]<\/p>\n<h2>Contrataciones de tracto sucesivo tramitadas entre el 1 y el 31 de enero de 2026.<\/h2>\n<table style=\"width: 100%; border-collapse: collapse; border-style: hidden;\">\n<tbody>\n<tr>\n<th style=\"width: 8.3%;\">Acto administrativo que aprueba la contrataci\u00f3n<\/th>\n<th style=\"width: 8.3%;\">Persona Jur\u00eddica \/ Raz\u00f3n Social<\/th>\n<th style=\"width: 8.3%;\">RUT<\/th>\n<th style=\"width: 8.3%;\">Personas naturales \/ Nombre completo<\/th>\n<th style=\"width: 8.3%;\">Individualizaci\u00f3n de los socios, socias o accionistas principales<\/th>\n<th style=\"width: 8.3%;\">Objeto de la contrataci\u00f3n o adquisici\u00f3n<\/th>\n<th style=\"width: 8.3%;\">Unidad Monetaria<\/th>\n<th style=\"width: 8.3%;\">Monto<\/th>\n<th style=\"width: 8.3%;\">Duraci\u00f3n del contrato (Inicio-T\u00e9rmino o Renovaci\u00f3n Autom\u00e1tica)<\/th>\n<th style=\"width: 8.3%;\">Enlace al contrato<\/th>\n<th style=\"width: 8.3%;\">Enlace al acto administrativo que lo apruebe<\/th>\n<th style=\"width: 8.3%;\">Modificaciones<\/th>\n<\/tr>\n<tr>\n<td style=\"width: 8.3%;\">Decreto Exento N\u00b00053\/2026<\/td>\n<td style=\"width: 8.3%;\">Banco de Chile<\/td>\n<td style=\"width: 8.3%;\">97.004.000-5<\/td>\n<td style=\"width: 8.3%;\">(no procede)<\/td>\n<td style=\"width: 8.3%;\">&#8211;<\/td>\n<td style=\"width: 8.3%;\">Reconoce y reprograma deuda.<\/td>\n<td style=\"width: 8.3%;\">Pesos<\/td>\n<td style=\"width: 8.3%;\">$195.749.413.-<\/td>\n<td style=\"width: 8.3%;\">15 meses<\/td>\n<td style=\"width: 8.3%;\"><a href=\"https:\/\/www.upla.cl\/transparencia\/wp-content\/uploads\/2026\/02\/20260213_transparencia-enero26_adquisiciones-tracto-sucesivo_dex_0053-2026.pdf\" target=\"_blank\" rel=\"noopener\" title=\"Decreto Exento N\u00b0 0053\/2026\">Decreto Exento N\u00b0 0053\/2026<\/a><\/td>\n<td style=\"width: 8.3%;\"><a href=\"https:\/\/www.upla.cl\/transparencia\/wp-content\/uploads\/2026\/02\/20260213_transparencia-enero26_adquisiciones-tracto-sucesivo_dex_0053-2026.pdf\" target=\"_blank\" rel=\"noopener\" title=\"Decreto Exento N\u00b0 0053\/2026\">Decreto Exento N\u00b0 0053\/2026<\/a><\/td>\n<td style=\"width: 8.3%;\">No procede<\/td>\n<\/tr>\n<\/tbody>\n<\/table>\n<p>&nbsp;<\/p>\n<h2>Contrataciones de tracto sucesivo tramitadas entre el 1 y el 31 de diciembre de 2025.<\/h2>\n<p>En diciembre de 2025 no se tramitaron contrataciones de tracto sucesivo.<\/p>\n<h2>Contrataciones de tracto sucesivo tramitadas entre el 1 y el 30 de noviembre de 2025.<\/h2>\n<p>En noviembre de 2025 no se tramitaron contrataciones de tracto sucesivo.<\/p>\n<h2>Contrataciones de tracto sucesivo tramitadas entre el 1 y el 31 de octubre de 2025.<\/h2>\n<p>En octubre de 2025 no se tramitaron contrataciones de tracto sucesivo.<\/p>\n<h2>Contrataciones de tracto sucesivo tramitadas entre el 1 y el 30 de septiembre de 2025.<\/h2>\n<p>En septiembre de 2025 no se tramitaron contrataciones de tracto sucesivo.<\/p>\n<h2>Contrataciones de tracto sucesivo tramitadas entre el 1 y el 31 de agosto de 2025.<\/h2>\n<p>En agosto de 2025 no se tramitaron contrataciones de tracto sucesivo.<\/p>\n<h2>Contrataciones de tracto sucesivo tramitadas entre el 1 y el 30 de abril de 2025.<\/h2>\n<p>En el mes de julio de 2025 no se tramitaron contrataciones de tracto sucesivo.<\/p>\n<p>&nbsp;<\/p>\n<table xmlns=\"http:\/\/www.w3.org\/1999\/xhtml\" dir=\"ltr\" data-sheets-root=\"1\" data-sheets-baot=\"1\" style=\"width: 100%; border-style: hidden; height: 298px;\">\n<colgroup>\n<col width=\"221\" \/>\n<col width=\"154\" \/>\n<col width=\"284\" \/>\n<col width=\"185\" \/>\n<col width=\"79\" \/>\n<col width=\"74\" \/>\n<col width=\"344\" \/>\n<col width=\"156\" \/>\n<col width=\"74\" \/>\n<col width=\"218\" \/>\n<col width=\"169\" \/><\/colgroup>\n<tbody>\n<tr style=\"height: 120px;\">\n<td style=\"width: 120.266px; height: 120px;\"><strong>Acto administrativo que aprueba la contrataci\u00f3n<\/strong><\/td>\n<td style=\"width: 92.1094px; height: 120px;\"><strong>Persona jur\u00eddica o raz\u00f3n social<\/strong><\/td>\n<td style=\"width: 113.328px; height: 120px;\"><strong>RUT<\/strong><\/td>\n<td style=\"width: 84.7656px; height: 120px;\"><strong>Nombre Completo si se trata de persona natural<\/strong><\/td>\n<td style=\"width: 129.594px; height: 120px;\"><strong>Individualizaci\u00f3n de los socios, socias o accionistas principales<\/strong><\/td>\n<td style=\"width: 113.172px; height: 120px;\"><strong>Objeto de la contrataci\u00f3n o adquisici\u00f3n<\/strong><\/td>\n<td style=\"width: 111.5px; height: 120px;\"><strong>Unidad monetaria<\/strong><\/td>\n<td style=\"width: 92.375px; height: 120px;\"><strong>Monto<\/strong><\/td>\n<td style=\"width: 90.0625px; height: 120px;\"><strong>Duraci\u00f3n del contrato<\/strong><\/td>\n<\/tr>\n<tr style=\"height: 168px;\">\n<td style=\"width: 120.266px; height: 168px;\">Decreto Exento N\u00b0120\/2025<\/td>\n<td style=\"width: 92.1094px; height: 168px;\">Inversiones Pac\u00edfico Limitada<\/td>\n<td style=\"width: 113.328px; height: 168px;\">77.531.630-6<\/td>\n<td style=\"width: 84.7656px; height: 168px;\">( no procede)<\/td>\n<td style=\"width: 129.594px; height: 168px;\">Jos\u00e9 Fern\u00e1ndez Teller\u00eda<\/td>\n<td style=\"width: 113.172px; height: 168px;\">Arrendamiendo de dependencias para la Cl\u00ednica Jur\u00eddica de la carrera de Derecho.<\/td>\n<td style=\"width: 111.5px; height: 168px;\">Pesos<\/td>\n<td style=\"width: 92.375px; height: 168px;\">$480.000-.<\/td>\n<td style=\"width: 90.0625px; height: 168px;\">2 a\u00f1os renovable.<\/td>\n<\/tr>\n<tr style=\"height: 10px;\">\n<td style=\"width: 120.266px; height: 10px;\">Decreto Exento N\u00b0117\/2025<\/td>\n<td style=\"width: 92.1094px; height: 10px;\">EFE Valpara\u00edso S.A<\/td>\n<td style=\"width: 113.328px; height: 10px;\">96.776.340-9<\/td>\n<td style=\"width: 84.7656px; height: 10px;\">( no procede)<\/td>\n<td style=\"width: 129.594px; height: 10px;\">Empresa de Ferrocarriles del Estado<\/td>\n<td style=\"width: 113.172px; height: 10px;\">Arrendamiento para oficinas.<\/td>\n<td style=\"width: 111.5px; height: 10px;\">UF<\/td>\n<td style=\"width: 92.375px; height: 10px;\">108 UF. 2025\/122 UF. 2026\/136 UF. 2027\/ 151 UF. 2028\/165 UF. 2029<\/td>\n<td style=\"width: 90.0625px; height: 10px;\">5 a\u00f1os renovable<\/td>\n<\/tr>\n<\/tbody>\n<\/table>\n<p>&nbsp;<\/p>\n<p>[\/et_pb_toggle][\/et_pb_column][\/et_pb_row][\/et_pb_section][et_pb_section fb_built=\u00bb1&#8243; _builder_version=\u00bb4.27.4&#8243; background_color=\u00bb#565656&#8243; custom_padding=\u00bb0|0px|0|0px|false|false\u00bb global_module=\u00bb98757&#8243; global_colors_info=\u00bb{}\u00bb][et_pb_row column_structure=\u00bb1_4,1_4,1_4,1_4&#8243; use_custom_gutter=\u00bbon\u00bb module_class=\u00bb et_pb_row_fullwidth\u00bb _builder_version=\u00bb4.27.5&#8243; width=\u00bb94%\u00bb width_tablet=\u00bb80%\u00bb width_phone=\u00bb\u00bb width_last_edited=\u00bbon|desktop\u00bb max_width=\u00bb94%\u00bb max_width_tablet=\u00bb80%\u00bb max_width_phone=\u00bb\u00bb max_width_last_edited=\u00bbon|desktop\u00bb custom_padding=\u00bb60px|0px|0|0px|false|false\u00bb make_fullwidth=\u00bbon\u00bb global_colors_info=\u00bb{}\u00bb][et_pb_column type=\u00bb1_4&#8243; _builder_version=\u00bb4.16&#8243; custom_padding=\u00bb|||\u00bb global_colors_info=\u00bb{}\u00bb custom_padding__hover=\u00bb|||\u00bb][et_pb_sidebar area=\u00bbsidebar-2&#8243; _builder_version=\u00bb4.27.2&#8243; header_font=\u00bb|600|||||||\u00bb header_text_color=\u00bb#bce3fa\u00bb body_text_color=\u00bb#FFFFFF\u00bb global_colors_info=\u00bb{}\u00bb][\/et_pb_sidebar][et_pb_search placeholder=\u00bbBusca en el sitio\u00bb admin_label=\u00bbBuscar en el sitio\u00bb _builder_version=\u00bb4.27.5&#8243; _module_preset=\u00bbdefault\u00bb background_color=\u00bb#FFFFFF\u00bb global_colors_info=\u00bb{}\u00bb][\/et_pb_search][\/et_pb_column][et_pb_column type=\u00bb1_4&#8243; _builder_version=\u00bb4.16&#8243; custom_padding=\u00bb|||\u00bb global_colors_info=\u00bb{}\u00bb custom_padding__hover=\u00bb|||\u00bb][et_pb_sidebar area=\u00bbsidebar-3&#8243; _builder_version=\u00bb4.16&#8243; header_font=\u00bb|600|||||||\u00bb header_text_color=\u00bb#bce3fa\u00bb body_text_color=\u00bb#FFFFFF\u00bb global_colors_info=\u00bb{}\u00bb][\/et_pb_sidebar][\/et_pb_column][et_pb_column type=\u00bb1_4&#8243; _builder_version=\u00bb4.16&#8243; custom_padding=\u00bb|||\u00bb global_colors_info=\u00bb{}\u00bb custom_padding__hover=\u00bb|||\u00bb][et_pb_sidebar area=\u00bbsidebar-4&#8243; _builder_version=\u00bb4.16&#8243; header_font=\u00bb|600|||||||\u00bb header_text_color=\u00bb#bce3fa\u00bb body_text_color=\u00bb#FFFFFF\u00bb global_colors_info=\u00bb{}\u00bb][\/et_pb_sidebar][\/et_pb_column][et_pb_column type=\u00bb1_4&#8243; _builder_version=\u00bb4.16&#8243; custom_padding=\u00bb|||\u00bb global_colors_info=\u00bb{}\u00bb custom_padding__hover=\u00bb|||\u00bb][et_pb_sidebar area=\u00bbsidebar-5&#8243; _builder_version=\u00bb4.27.4&#8243; header_font=\u00bb|600|||||||\u00bb header_text_color=\u00bb#bce3fa\u00bb body_text_color=\u00bb#FFFFFF\u00bb global_colors_info=\u00bb{}\u00bb][\/et_pb_sidebar][et_pb_blurb title=\u00bbUpla.cl\u00bb url=\u00bbhttp:\/\/www.upla.cl\u00bb url_new_window=\u00bbon\u00bb image=\u00bbhttps:\/\/www.upla.cl\/transparencia\/wp-content\/uploads\/2024\/07\/faroupla.png.png\u00bb alt=\u00bb\u00cdcono Faro Universidad de Playa Ancha\u00bb icon_placement=\u00bbleft\u00bb admin_label=\u00bbUPLA.cl &#8211; Sitio web institucional\u00bb _builder_version=\u00bb4.27.4&#8243; header_text_color=\u00bb#FFFFFF\u00bb body_text_color=\u00bb#FFFFFF\u00bb link_option_url=\u00bbhttp:\/\/www.upla.cl\/\u00bb link_option_url_new_window=\u00bbon\u00bb global_colors_info=\u00bb{}\u00bb]<\/p>\n<p>Sitio web institucional<\/p>\n<p>[\/et_pb_blurb][\/et_pb_column][\/et_pb_row][\/et_pb_section]<\/p>\n","protected":false},"excerpt":{"rendered":"<p>-Accesos directos- \u00a0Admisi\u00f3n\u00a0 \u00a0 \u00a0SINTE \u00a0 Equidad e Igualdad de G\u00e9nero\u00a0 \u00a0\u00a0Ley Karin \u00a0\u00a0 Aseguramiento de la Calidad \u00a0\u00a0 Transparencia Universitaria \u00a0\u00a0 Noticias UPLAJueves 12 de marzo de 2026. Transparencia &gt; Adquisiciones y contrataciones &gt; Contrataciones de Tracto sucesivoContrataciones de tracto sucesivo tramitadas entre el 1 y el 28 de febrero de 2026. Fecha de [&hellip;]<\/p>\n","protected":false},"author":6,"featured_media":0,"parent":365,"menu_order":0,"comment_status":"closed","ping_status":"closed","template":"page-template-blank.php","meta":{"_et_pb_use_builder":"on","_et_pb_old_content":"","_et_gb_content_width":"","_relevanssi_hide_post":"","_relevanssi_hide_content":"","_relevanssi_pin_for_all":"","_relevanssi_pin_keywords":"","_relevanssi_unpin_keywords":"","_relevanssi_related_keywords":"","_relevanssi_related_include_ids":"","_relevanssi_related_exclude_ids":"","_relevanssi_related_no_append":"","_relevanssi_related_not_related":"","_relevanssi_related_posts":"","_relevanssi_noindex_reason":"","footnotes":""},"class_list":["post-17228711","page","type-page","status-publish","hentry"],"_links":{"self":[{"href":"https:\/\/www.upla.cl\/transparencia\/wp-json\/wp\/v2\/pages\/17228711","targetHints":{"allow":["GET"]}}],"collection":[{"href":"https:\/\/www.upla.cl\/transparencia\/wp-json\/wp\/v2\/pages"}],"about":[{"href":"https:\/\/www.upla.cl\/transparencia\/wp-json\/wp\/v2\/types\/page"}],"author":[{"embeddable":true,"href":"https:\/\/www.upla.cl\/transparencia\/wp-json\/wp\/v2\/users\/6"}],"replies":[{"embeddable":true,"href":"https:\/\/www.upla.cl\/transparencia\/wp-json\/wp\/v2\/comments?post=17228711"}],"version-history":[{"count":4,"href":"https:\/\/www.upla.cl\/transparencia\/wp-json\/wp\/v2\/pages\/17228711\/revisions"}],"predecessor-version":[{"id":17230206,"href":"https:\/\/www.upla.cl\/transparencia\/wp-json\/wp\/v2\/pages\/17228711\/revisions\/17230206"}],"up":[{"embeddable":true,"href":"https:\/\/www.upla.cl\/transparencia\/wp-json\/wp\/v2\/pages\/365"}],"wp:attachment":[{"href":"https:\/\/www.upla.cl\/transparencia\/wp-json\/wp\/v2\/media?parent=17228711"}],"curies":[{"name":"wp","href":"https:\/\/api.w.org\/{rel}","templated":true}]}}