{"id":839,"date":"2017-01-03T11:20:25","date_gmt":"2017-01-03T14:20:25","guid":{"rendered":"http:\/\/www.upla.cl\/titulosygrados\/?page_id=839"},"modified":"2025-12-11T17:42:56","modified_gmt":"2025-12-11T20:42:56","slug":"carreras-profesionales-sin-grado","status":"publish","type":"page","link":"https:\/\/www.upla.cl\/titulosygrados\/valores-por-tramite\/carreras-profesionales-sin-grado\/","title":{"rendered":"Carreras profesionales sin grado"},"content":{"rendered":"<p>[et_pb_section fb_built=\u00bb1&#8243; admin_label=\u00bbHeader\u00bb _builder_version=\u00bb4.16&#8243; background_image=\u00bbhttps:\/\/www.upla.cl\/titulosygrados\/wp-content\/uploads\/2018\/12\/notary-05.jpg\u00bb parallax=\u00bbon\u00bb custom_margin=\u00bb|||\u00bb custom_padding=\u00bb22vw|0px|0|0px|false|false\u00bb top_divider_style=\u00bbarrow3&#8243; top_divider_color=\u00bb#009bdb\u00bb global_colors_info=\u00bb{}\u00bb][et_pb_row column_structure=\u00bb3_5,2_5&#8243; padding_top_bottom_link_1=\u00bbfalse\u00bb padding_left_right_link_1=\u00bbtrue\u00bb _builder_version=\u00bb4.16&#8243; background_size=\u00bbinitial\u00bb background_position=\u00bbtop_left\u00bb background_repeat=\u00bbrepeat\u00bb max_width=\u00bb1160px\u00bb custom_margin=\u00bb|||||false\u00bb custom_padding=\u00bb27px|0px|0|0px|false|false\u00bb use_custom_width=\u00bbon\u00bb custom_width_px=\u00bb1160px\u00bb global_colors_info=\u00bb{}\u00bb][et_pb_column type=\u00bb3_5&#8243; _builder_version=\u00bb4.16&#8243; background_color=\u00bb#ffffff\u00bb custom_padding=\u00bb40px|40px|0px|40px\u00bb global_colors_info=\u00bb{}\u00bb custom_padding__hover=\u00bb|||\u00bb][et_pb_text _builder_version=\u00bb4.16&#8243; text_font=\u00bbLato||||||||\u00bb ul_font=\u00bb||||||||\u00bb ol_font=\u00bb||||||||\u00bb header_font=\u00bbLato|700|||||||\u00bb header_font_size=\u00bb48px\u00bb header_line_height=\u00bb1.5em\u00bb header_2_font=\u00bb||||||||\u00bb header_3_font=\u00bbLato|500||on|||||\u00bb header_3_text_color=\u00bb#009bdb\u00bb header_3_font_size=\u00bb14px\u00bb header_3_letter_spacing=\u00bb2px\u00bb header_3_line_height=\u00bb2em\u00bb header_4_font=\u00bb||||||||\u00bb header_5_font=\u00bb||||||||\u00bb header_6_font=\u00bb||||||||\u00bb header_font_size_tablet=\u00bb38px\u00bb header_font_size_phone=\u00bb28px\u00bb header_font_size_last_edited=\u00bbon|phone\u00bb locked=\u00bboff\u00bb global_colors_info=\u00bb{}\u00bb]<\/p>\n<h3>Revisa aqu\u00ed<\/h3>\n<h1>Valores por tr\u00e1mites<\/h1>\n<p>[\/et_pb_text][et_pb_post_title meta=\u00bboff\u00bb featured_image=\u00bboff\u00bb _builder_version=\u00bb4.16&#8243; global_colors_info=\u00bb{}\u00bb][\/et_pb_post_title][et_pb_divider color=\u00bb#098cf2&#8243; divider_weight=\u00bb4px\u00bb _builder_version=\u00bb4.16&#8243; max_width=\u00bb140px\u00bb height=\u00bb4px\u00bb locked=\u00bboff\u00bb global_colors_info=\u00bb{}\u00bb][\/et_pb_divider][\/et_pb_column][et_pb_column type=\u00bb2_5&#8243; _builder_version=\u00bb4.16&#8243; custom_padding=\u00bb|||\u00bb global_colors_info=\u00bb{}\u00bb custom_padding__hover=\u00bb|||\u00bb][\/et_pb_column][\/et_pb_row][\/et_pb_section][et_pb_section fb_built=\u00bb1&#8243; admin_label=\u00bbsection\u00bb _builder_version=\u00bb4.16&#8243; global_colors_info=\u00bb{}\u00bb][et_pb_row column_structure=\u00bb1_2,1_2&#8243; admin_label=\u00bbrow\u00bb _builder_version=\u00bb4.16&#8243; background_size=\u00bbinitial\u00bb background_position=\u00bbtop_left\u00bb background_repeat=\u00bbrepeat\u00bb global_colors_info=\u00bb{}\u00bb][et_pb_column type=\u00bb1_2&#8243; _builder_version=\u00bb4.16&#8243; custom_padding=\u00bb|||\u00bb global_colors_info=\u00bb{}\u00bb custom_padding__hover=\u00bb|||\u00bb][et_pb_text admin_label=\u00bbText\u00bb _builder_version=\u00bb4.16&#8243; background_size=\u00bbinitial\u00bb background_position=\u00bbtop_left\u00bb background_repeat=\u00bbrepeat\u00bb global_colors_info=\u00bb{}\u00bb]<\/p>\n<ul>\n<li>Dibujante Proyectista.<\/li>\n<li>Estad\u00edstica y Computaci\u00f3n.<\/li>\n<li>Traductolog\u00eda en Ingl\u00e9s-Espa\u00f1ol.<\/li>\n<li>Traducci\u00f3n e Interpretaci\u00f3n Ingl\u00e9s-Espa\u00f1ol.<\/li>\n<li>Ingenier\u00eda Ambiental (promociones anteriores a 2001)<\/li>\n<\/ul>\n<p>[\/et_pb_text][\/et_pb_column][et_pb_column type=\u00bb1_2&#8243; _builder_version=\u00bb4.16&#8243; global_colors_info=\u00bb{}\u00bb][et_pb_text admin_label=\u00bbText\u00bb _builder_version=\u00bb4.27.5&#8243; background_size=\u00bbinitial\u00bb background_position=\u00bbtop_left\u00bb background_repeat=\u00bbrepeat\u00bb hover_enabled=\u00bb0&#8243; global_colors_info=\u00bb{}\u00bb sticky_enabled=\u00bb0&#8243;]<\/p>\n<table border=\"1\" cellpadding=\"1\" style=\"border-color: #009bdb;\">\n<tbody>\n<tr style=\"height: 65px;\">\n<td style=\"height: 65px;\">\n<h3>Documento<\/h3>\n<\/td>\n<td style=\"height: 65px;\">\n<h3>Valor<\/h3>\n<\/td>\n<\/tr>\n<tr style=\"height: 24px;\">\n<td style=\"height: 24px;\">Expedientes de T\u00edtulo<\/td>\n<td style=\"text-align: right; height: 24px;\">$10.000<\/td>\n<\/tr>\n<tr style=\"height: 24px;\">\n<td style=\"height: 24px;\">Concentraci\u00f3n de notas para T\u00edtulo<\/td>\n<td style=\"text-align: right; height: 24px;\">Sin costo<\/td>\n<\/tr>\n<tr style=\"height: 24px;\">\n<td style=\"height: 24px;\">Certificado de T\u00edtulo<\/td>\n<td style=\"text-align: right; height: 24px;\">$30.000<\/td>\n<\/tr>\n<tr style=\"height: 24px;\">\n<td style=\"height: 24px;\">Diploma de T\u00edtulo<\/td>\n<td style=\"text-align: right; height: 24px;\">$96.000<\/td>\n<\/tr>\n<tr style=\"height: 24px;\">\n<td style=\"height: 24px;\"><strong>Total<\/strong><\/td>\n<td style=\"text-align: right; height: 24px;\"><strong>$136.000<\/strong><\/td>\n<\/tr>\n<\/tbody>\n<\/table>\n<p>[\/et_pb_text][et_pb_text admin_label=\u00bbText\u00bb _builder_version=\u00bb4.27.5&#8243; background_size=\u00bbinitial\u00bb background_position=\u00bbtop_left\u00bb background_repeat=\u00bbrepeat\u00bb custom_margin=\u00bb||30px|||\u00bb global_module=\u00bb1198&#8243; saved_tabs=\u00bball\u00bb global_colors_info=\u00bb{}\u00bb]<\/p>\n<p><span class=\"m_-5731052101585162133gmail-il\">Valores<\/span> a contar del 2 de marzo de <span class=\"m_-5731052101585162133gmail-il\">2026, seg\u00fan el <strong><a href=\"https:\/\/www.upla.cl\/titulosygrados\/wp-content\/uploads\/2025\/12\/20251209_secretariadeestudios_dto_exto_1579-2025_timbresyestampillas2026.pdf\" target=\"_blank\" rel=\"noopener\" title=\"Decreto Exento N\u00ba 1579\/2025\">Decreto Exento N\u00ba 1579\/2025<\/a><\/strong>.<\/span><\/p>\n<p>Otros documentos: Visite sitio web de la <a title=\"Direcci\u00f3n de Gesti\u00f3n Curricular\" href=\"http:\/\/www.upla.cl\/gestioncurricular\" target=\"_blank\" rel=\"noopener noreferrer\">Secretar\u00eda de Estudios<\/a><\/p>\n<p>[\/et_pb_text][\/et_pb_column][\/et_pb_row][\/et_pb_section]<\/p>\n","protected":false},"excerpt":{"rendered":"<p>Revisa aqu\u00ed Valores por tr\u00e1mites Dibujante Proyectista. Estad\u00edstica y Computaci\u00f3n. Traductolog\u00eda en Ingl\u00e9s-Espa\u00f1ol. Traducci\u00f3n e Interpretaci\u00f3n Ingl\u00e9s-Espa\u00f1ol. Ingenier\u00eda Ambiental (promociones anteriores a 2001) Documento Valor Expedientes de T\u00edtulo $10.000 Concentraci\u00f3n de notas para T\u00edtulo Sin costo Certificado de T\u00edtulo $30.000 Diploma de T\u00edtulo $96.000 Total $136.000 Valores a contar del 2 de marzo de 2026, [&hellip;]<\/p>\n","protected":false},"author":2,"featured_media":0,"parent":26,"menu_order":7,"comment_status":"closed","ping_status":"closed","template":"","meta":{"_et_pb_use_builder":"on","_et_pb_old_content":"<ul>\n \t<li>Dibujante Proyectista.<\/li>\n \t<li>Estad\u00edstica y Computaci\u00f3n.<\/li>\n \t<li>Traductolog\u00eda en Ingl\u00e9s-Espa\u00f1ol.<\/li>\n \t<li>Traducci\u00f3n e Interpretaci\u00f3n Ingl\u00e9s-Espa\u00f1ol.<\/li>\n \t<li>Ingenier\u00eda Ambiental (promociones anteriores a 2001)<\/li>\n \t<li>Programas especiales sin licenciatura.<\/li>\n \t<li>Pedagog\u00edas (promociones anteriores a 1991)<\/li>\n<\/ul>\n<table style=\"border-color: #009bdb;\" border=\"1\" cellpadding=\"1\">\n<tbody>\n<tr style=\"height: 65px;\">\n<td style=\"height: 65px;\">\n<h3>Documento<\/h3>\n<\/td>\n<td style=\"height: 65px;\">\n<h3>Valor<\/h3>\n<\/td>\n<\/tr>\n<tr style=\"height: 24px;\">\n<td style=\"height: 24px;\">Expedientes de T\u00edtulo<\/td>\n<td style=\"text-align: right; height: 24px;\">$5.900<\/td>\n<\/tr>\n<tr style=\"height: 24px;\">\n<td style=\"height: 24px;\">Concentraci\u00f3n de notas para T\u00edtulo<\/td>\n<td style=\"text-align: right; height: 24px;\">$7.000<\/td>\n<\/tr>\n<tr style=\"height: 24px;\">\n<td style=\"height: 24px;\">Certificado de T\u00edtulo<\/td>\n<td style=\"text-align: right; height: 24px;\">$21.100<\/td>\n<\/tr>\n<tr style=\"height: 24px;\">\n<td style=\"height: 24px;\">Diploma de T\u00edtulo<\/td>\n<td style=\"text-align: right; height: 24px;\">$70.200<\/td>\n<\/tr>\n<tr style=\"height: 24px;\">\n<td style=\"height: 24px;\"><strong>Total<\/strong><\/td>\n<td style=\"text-align: right; height: 24px;\"><strong>$104.200<\/strong><\/td>\n<\/tr>\n<\/tbody>\n<\/table>\n<span class=\"m_-5731052101585162133gmail-il\">Valores<\/span>\u00a0a contar del 2 de enero de\u00a0<span class=\"m_-5731052101585162133gmail-il\">2019<\/span>,\u00a0\u00a0de acuerdo a\u00a0<a title=\"Decreto Exento N\u00ba 1143\/2018\" href=\"https:\/\/www.upla.cl\/titulosygrados\/wp-content\/uploads\/2018\/12\/2018_1226_titulosygrados_dtoi_exto_1143-2018.pdf\" target=\"_blank\" rel=\"noopener\">Decreto Exento N\u00ba 1143\/2018<\/a>.\n\nOtros documentos: Visite sitio web de la <a title=\"Direcci\u00f3n de Gesti\u00f3n Curricular\" href=\"http:\/\/www.upla.cl\/gestioncurricular\" target=\"_blank\" rel=\"noopener\">Direcci\u00f3n de Gesti\u00f3n Curricular.<\/a>","_et_gb_content_width":"","footnotes":""},"class_list":["post-839","page","type-page","status-publish","hentry"],"_links":{"self":[{"href":"https:\/\/www.upla.cl\/titulosygrados\/wp-json\/wp\/v2\/pages\/839","targetHints":{"allow":["GET"]}}],"collection":[{"href":"https:\/\/www.upla.cl\/titulosygrados\/wp-json\/wp\/v2\/pages"}],"about":[{"href":"https:\/\/www.upla.cl\/titulosygrados\/wp-json\/wp\/v2\/types\/page"}],"author":[{"embeddable":true,"href":"https:\/\/www.upla.cl\/titulosygrados\/wp-json\/wp\/v2\/users\/2"}],"replies":[{"embeddable":true,"href":"https:\/\/www.upla.cl\/titulosygrados\/wp-json\/wp\/v2\/comments?post=839"}],"version-history":[{"count":13,"href":"https:\/\/www.upla.cl\/titulosygrados\/wp-json\/wp\/v2\/pages\/839\/revisions"}],"predecessor-version":[{"id":2185,"href":"https:\/\/www.upla.cl\/titulosygrados\/wp-json\/wp\/v2\/pages\/839\/revisions\/2185"}],"up":[{"embeddable":true,"href":"https:\/\/www.upla.cl\/titulosygrados\/wp-json\/wp\/v2\/pages\/26"}],"wp:attachment":[{"href":"https:\/\/www.upla.cl\/titulosygrados\/wp-json\/wp\/v2\/media?parent=839"}],"curies":[{"name":"wp","href":"https:\/\/api.w.org\/{rel}","templated":true}]}}