{"id":164,"date":"2013-10-31T20:05:04","date_gmt":"2013-10-31T23:05:04","guid":{"rendered":"http:\/\/www.upla.cl\/titulosygrados\/?page_id=164"},"modified":"2013-10-31T20:05:04","modified_gmt":"2013-10-31T23:05:04","slug":"facultad-de-ciencias-naturales-y-exactas","status":"publish","type":"page","link":"https:\/\/www.upla.cl\/titulosygrados\/ceremonias\/valparaiso\/facultad-de-ciencias-naturales-y-exactas\/","title":{"rendered":"Facultad de Ciencias Naturales y Exactas"},"content":{"rendered":"<p>Listado de carreras y nombres de titulaciones del martes 26 de noviembre a las 16.00 horas.<\/p>\n<h2 id=\"tablepress-20-name\" class=\"tablepress-table-name tablepress-table-name-id-20\">PROFESOR DE BIOLOG\u00cdA Y CIENCIAS - LICENCIADO EN CIENCIAS DE LA EDUCACI\u00d3N<\/h2>\n\n<table id=\"tablepress-20\" class=\"tablepress tablepress-id-20\" aria-labelledby=\"tablepress-20-name\">\n<thead>\n<tr class=\"row-1\">\n\t<th class=\"column-1\">APELLIDO PATERNO<\/th><th class=\"column-2\">APELLIDO MATERNO<\/th><th class=\"column-3\">NOMBRES<\/th>\n<\/tr>\n<\/thead>\n<tbody class=\"row-striping row-hover\">\n<tr class=\"row-2\">\n\t<td class=\"column-1\">AGUILAR<\/td><td class=\"column-2\">QUIROGA<\/td><td class=\"column-3\">JOS\u00c9 CLAUDIO<\/td>\n<\/tr>\n<tr class=\"row-3\">\n\t<td class=\"column-1\">CABRERA<\/td><td class=\"column-2\">VIDAL<\/td><td class=\"column-3\">NATALIA MACKARENNA<\/td>\n<\/tr>\n<tr class=\"row-4\">\n\t<td class=\"column-1\">C\u00c1RCAMO<\/td><td class=\"column-2\">MORALES<\/td><td class=\"column-3\">DANIELA CELESTE<\/td>\n<\/tr>\n<tr class=\"row-5\">\n\t<td class=\"column-1\">CUADRA<\/td><td class=\"column-2\">MOYA<\/td><td class=\"column-3\">EDUARDO ARMANDO<\/td>\n<\/tr>\n<tr class=\"row-6\">\n\t<td class=\"column-1\">DEL CASTILLO<\/td><td class=\"column-2\">MATTUS<\/td><td class=\"column-3\">MYKY BRYAN<\/td>\n<\/tr>\n<tr class=\"row-7\">\n\t<td class=\"column-1\">DELGADILLO<\/td><td class=\"column-2\">ORELLANA<\/td><td class=\"column-3\">CARLOS HERN\u00c1N<\/td>\n<\/tr>\n<tr class=\"row-8\">\n\t<td class=\"column-1\">FERN\u00c1NDEZ<\/td><td class=\"column-2\">ORTIZ<\/td><td class=\"column-3\">PAMELA ANDREA<\/td>\n<\/tr>\n<tr class=\"row-9\">\n\t<td class=\"column-1\">GAJARDO<\/td><td class=\"column-2\">CH\u00c1VEZ<\/td><td class=\"column-3\">FRANCHESCA NICOLE<\/td>\n<\/tr>\n<tr class=\"row-10\">\n\t<td class=\"column-1\">GARRIDO <\/td><td class=\"column-2\">PI\u00d1A<\/td><td class=\"column-3\">MAR\u00cdA FERNANDA<\/td>\n<\/tr>\n<tr class=\"row-11\">\n\t<td class=\"column-1\">GUERRERO<\/td><td class=\"column-2\">RIQUELME<\/td><td class=\"column-3\">MARCELA MAR\u00cdA<\/td>\n<\/tr>\n<tr class=\"row-12\">\n\t<td class=\"column-1\">HASS<\/td><td class=\"column-2\">CALDER\u00d3N<\/td><td class=\"column-3\">HILDEGARDE<\/td>\n<\/tr>\n<tr class=\"row-13\">\n\t<td class=\"column-1\">HERN\u00c1NDEZ<\/td><td class=\"column-2\">AVIL\u00c9S<\/td><td class=\"column-3\">FELIPE ANDR\u00c9S<\/td>\n<\/tr>\n<tr class=\"row-14\">\n\t<td class=\"column-1\">JARA<\/td><td class=\"column-2\">C\u00c1CERES<\/td><td class=\"column-3\">ANDR\u00c9S ORLANDO<\/td>\n<\/tr>\n<tr class=\"row-15\">\n\t<td class=\"column-1\">LARA<\/td><td class=\"column-2\">PATTZI<\/td><td class=\"column-3\">INDIRA VANEZA<\/td>\n<\/tr>\n<tr class=\"row-16\">\n\t<td class=\"column-1\">LATTES<\/td><td class=\"column-2\">HOFFENS<\/td><td class=\"column-3\">CLAUDIO ANDR\u00c9S<\/td>\n<\/tr>\n<tr class=\"row-17\">\n\t<td class=\"column-1\">N\u00da\u00d1EZ<\/td><td class=\"column-2\">\u00c1LVAREZ<\/td><td class=\"column-3\">DANIELA ALEXANDRA<\/td>\n<\/tr>\n<tr class=\"row-18\">\n\t<td class=\"column-1\">OLMEDO<\/td><td class=\"column-2\">SEP\u00daLVEDA<\/td><td class=\"column-3\">DANISSA BEL\u00c9N<\/td>\n<\/tr>\n<tr class=\"row-19\">\n\t<td class=\"column-1\">OYARCE<\/td><td class=\"column-2\">CARVAJAL<\/td><td class=\"column-3\">NATALIA CASTAGNA DE LA CRUZ<\/td>\n<\/tr>\n<tr class=\"row-20\">\n\t<td class=\"column-1\">VICENCIO<\/td><td class=\"column-2\">D\u00cdAZ<\/td><td class=\"column-3\">YENNY ELIZABETH<\/td>\n<\/tr>\n<\/tbody>\n<\/table>\n<!-- #tablepress-20 from cache -->\n<h2 id=\"tablepress-21-name\" class=\"tablepress-table-name tablepress-table-name-id-21\">PROFESOR DE F\u00cdSICA Y COMPUTACI\u00d3N - LICENCIADO EN CIENCIAS DE LA EDUCACI\u00d3N<\/h2>\n\n<table id=\"tablepress-21\" class=\"tablepress tablepress-id-21\" aria-labelledby=\"tablepress-21-name\">\n<thead>\n<tr class=\"row-1\">\n\t<th class=\"column-1\">APELLIDO PATERNO<\/th><th class=\"column-2\">APELLIDO MATERNO<\/th><th class=\"column-3\">NOMBRES<\/th>\n<\/tr>\n<\/thead>\n<tbody class=\"row-striping row-hover\">\n<tr class=\"row-2\">\n\t<td class=\"column-1\">ALVI\u00d1A <\/td><td class=\"column-2\">RIVAS<\/td><td class=\"column-3\">GER\u00d3NIMO ALBERTO<\/td>\n<\/tr>\n<tr class=\"row-3\">\n\t<td class=\"column-1\">GARNIAS<\/td><td class=\"column-2\">MAMANI<\/td><td class=\"column-3\">C\u00c9SAR JAVIER<\/td>\n<\/tr>\n<tr class=\"row-4\">\n\t<td class=\"column-1\">GUTI\u00c9RREZ<\/td><td class=\"column-2\">ORELLANA<\/td><td class=\"column-3\">VALERIA ROMAN\u00c9<\/td>\n<\/tr>\n<tr class=\"row-5\">\n\t<td class=\"column-1\">LOBOS<\/td><td class=\"column-2\">M\u00c9NDEZ<\/td><td class=\"column-3\">PILAR ANDREA<\/td>\n<\/tr>\n<tr class=\"row-6\">\n\t<td class=\"column-1\">NAVARRO<\/td><td class=\"column-2\">LISBOA<\/td><td class=\"column-3\">ALFREDO ANTONIO<\/td>\n<\/tr>\n<tr class=\"row-7\">\n\t<td class=\"column-1\">N\u00da\u00d1EZ<\/td><td class=\"column-2\">ARRATIA<\/td><td class=\"column-3\">LEANDRO TOM\u00c1S<\/td>\n<\/tr>\n<tr class=\"row-8\">\n\t<td class=\"column-1\">R\u00cdOS<\/td><td class=\"column-2\">PACHECO<\/td><td class=\"column-3\">NELSON ANDR\u00c9S<\/td>\n<\/tr>\n<tr class=\"row-9\">\n\t<td class=\"column-1\">VARGAS<\/td><td class=\"column-2\">GUZM\u00c1N<\/td><td class=\"column-3\">FACSON ENRIQUE<\/td>\n<\/tr>\n<\/tbody>\n<\/table>\n<!-- #tablepress-21 from cache -->\n<h2 id=\"tablepress-22-name\" class=\"tablepress-table-name tablepress-table-name-id-22\">GE\u00d3GRAFO - LICENCIADO EN GEOGRAF\u00cdA CON MENCI\u00d3N EN GESTI\u00d3N Y ORDENAMIENTO TERRITORIAL<\/h2>\n\n<table id=\"tablepress-22\" class=\"tablepress tablepress-id-22\" aria-labelledby=\"tablepress-22-name\">\n<thead>\n<tr class=\"row-1\">\n\t<th class=\"column-1\">APELLIDO PATERNO<\/th><th class=\"column-2\">APELLIDO MATERNO<\/th><th class=\"column-3\">NOMBRES<\/th>\n<\/tr>\n<\/thead>\n<tbody class=\"row-striping row-hover\">\n<tr class=\"row-2\">\n\t<td class=\"column-1\">ALTAMIRANO<\/td><td class=\"column-2\">BRIONES<\/td><td class=\"column-3\">MARTINA VALESKA<\/td>\n<\/tr>\n<tr class=\"row-3\">\n\t<td class=\"column-1\">ANJAR\u00cd<\/td><td class=\"column-2\">BASCU\u00d1\u00c1N<\/td><td class=\"column-3\">CLAUDIO PATRICIO<\/td>\n<\/tr>\n<tr class=\"row-4\">\n\t<td class=\"column-1\">ARANCIBIA<\/td><td class=\"column-2\">TAPIA<\/td><td class=\"column-3\">LIZANDRO REN\u00c9<\/td>\n<\/tr>\n<tr class=\"row-5\">\n\t<td class=\"column-1\">ARANCIBIA<\/td><td class=\"column-2\">SALAS<\/td><td class=\"column-3\">CASANDRA PAZ<\/td>\n<\/tr>\n<tr class=\"row-6\">\n\t<td class=\"column-1\">ARAYA<\/td><td class=\"column-2\">VALDERRAMA<\/td><td class=\"column-3\">VIVIANA IVONNE<\/td>\n<\/tr>\n<tr class=\"row-7\">\n\t<td class=\"column-1\">CONTRERAS<\/td><td class=\"column-2\">CELIS<\/td><td class=\"column-3\">VICTOR MANUEL<\/td>\n<\/tr>\n<tr class=\"row-8\">\n\t<td class=\"column-1\">CONTRERAS<\/td><td class=\"column-2\">CONTRERAS<\/td><td class=\"column-3\">LUIS EDUARDO<\/td>\n<\/tr>\n<tr class=\"row-9\">\n\t<td class=\"column-1\">DOM\u00cdNGUEZ<\/td><td class=\"column-2\">VIDAL<\/td><td class=\"column-3\">RODOLFO ENRIQUE<\/td>\n<\/tr>\n<tr class=\"row-10\">\n\t<td class=\"column-1\">ECHIBURU <\/td><td class=\"column-2\">G\u00d3MEZ<\/td><td class=\"column-3\">ROBERTO ARTURO<\/td>\n<\/tr>\n<tr class=\"row-11\">\n\t<td class=\"column-1\">HUERTA<\/td><td class=\"column-2\">MIRANDA<\/td><td class=\"column-3\">SOLEDAD ELIANA<\/td>\n<\/tr>\n<tr class=\"row-12\">\n\t<td class=\"column-1\">ITURRIETA<\/td><td class=\"column-2\">GONZ\u00c1LEZ<\/td><td class=\"column-3\">PAULINA FERNANDA<\/td>\n<\/tr>\n<tr class=\"row-13\">\n\t<td class=\"column-1\">P\u00c9REZ<\/td><td class=\"column-2\">LEIVA<\/td><td class=\"column-3\">ISAAC FRANCISCO<\/td>\n<\/tr>\n<tr class=\"row-14\">\n\t<td class=\"column-1\">VEGA<\/td><td class=\"column-2\">VALD\u00c9S<\/td><td class=\"column-3\">DEBORA DEL PILAR<\/td>\n<\/tr>\n<tr class=\"row-15\">\n\t<td class=\"column-1\">VIVEROS<\/td><td class=\"column-2\">AR\u00c1NGUIZ<\/td><td class=\"column-3\">CECILIA ALEJANDRA<\/td>\n<\/tr>\n<\/tbody>\n<\/table>\n<!-- #tablepress-22 from cache -->\n<h2 id=\"tablepress-23-name\" class=\"tablepress-table-name tablepress-table-name-id-23\">PROFESOR DE MATEM\u00c1TICAS Y COMPUTACI\u00d3N - LICENCIADO EN EDUCACI\u00d3N<\/h2>\n\n<table id=\"tablepress-23\" class=\"tablepress tablepress-id-23\" aria-labelledby=\"tablepress-23-name\">\n<thead>\n<tr class=\"row-1\">\n\t<th class=\"column-1\">APELLIDO PATERNO<\/th><th class=\"column-2\">APELLIDO MATERNO<\/th><th class=\"column-3\">NOMBRES<\/th>\n<\/tr>\n<\/thead>\n<tbody class=\"row-striping row-hover\">\n<tr class=\"row-2\">\n\t<td class=\"column-1\">ANDAUR<\/td><td class=\"column-2\">MARAMBIO<\/td><td class=\"column-3\">FRANCISCO RAM\u00d3N<\/td>\n<\/tr>\n<tr class=\"row-3\">\n\t<td class=\"column-1\">BOCAZ<\/td><td class=\"column-2\">AHUMADA<\/td><td class=\"column-3\">NINNA ANDREA<\/td>\n<\/tr>\n<tr class=\"row-4\">\n\t<td class=\"column-1\">CABELLO<\/td><td class=\"column-2\">MORAGA<\/td><td class=\"column-3\">VIANCA TAMARA<\/td>\n<\/tr>\n<tr class=\"row-5\">\n\t<td class=\"column-1\">CELED\u00d3N<\/td><td class=\"column-2\">RIQUELME<\/td><td class=\"column-3\">MAR\u00cdA TERESA<\/td>\n<\/tr>\n<tr class=\"row-6\">\n\t<td class=\"column-1\">CORREA <\/td><td class=\"column-2\">P\u00c9REZ<\/td><td class=\"column-3\">ELIHU SAMUEL<\/td>\n<\/tr>\n<tr class=\"row-7\">\n\t<td class=\"column-1\">LLAUPE<\/td><td class=\"column-2\">ARAVENA<\/td><td class=\"column-3\">ROSAL\u00cdA PAZ<\/td>\n<\/tr>\n<tr class=\"row-8\">\n\t<td class=\"column-1\">MART\u00cdNEZ<\/td><td class=\"column-2\">MART\u00cdNEZ<\/td><td class=\"column-3\">MACARENA KATERINA<\/td>\n<\/tr>\n<tr class=\"row-9\">\n\t<td class=\"column-1\">MIRANDA<\/td><td class=\"column-2\">MIRANDA<\/td><td class=\"column-3\">KAREN ANDREA<\/td>\n<\/tr>\n<tr class=\"row-10\">\n\t<td class=\"column-1\">MORAGA<\/td><td class=\"column-2\">VALENZUELA<\/td><td class=\"column-3\">XIMENA ALEJANDRA<\/td>\n<\/tr>\n<tr class=\"row-11\">\n\t<td class=\"column-1\">REYES<\/td><td class=\"column-2\">ACEVEDO<\/td><td class=\"column-3\">LUZ ALICIA<\/td>\n<\/tr>\n<tr class=\"row-12\">\n\t<td class=\"column-1\">RIVERA<\/td><td class=\"column-2\">RIVERA<\/td><td class=\"column-3\">MICHAEL DANN<\/td>\n<\/tr>\n<tr class=\"row-13\">\n\t<td class=\"column-1\">SEP\u00daLVEDA<\/td><td class=\"column-2\">PINILLA<\/td><td class=\"column-3\">ESTEFAN\u00cdA ANTONIETA<\/td>\n<\/tr>\n<tr class=\"row-14\">\n\t<td class=\"column-1\">TOLEDO<\/td><td class=\"column-2\">IB\u00c1\u00d1EZ <\/td><td class=\"column-3\">CLAUDIA PAOLA<\/td>\n<\/tr>\n<tr class=\"row-15\">\n\t<td class=\"column-1\">TORRES<\/td><td class=\"column-2\">BUSTOS<\/td><td class=\"column-3\">LENNY FERNANDO<\/td>\n<\/tr>\n<\/tbody>\n<\/table>\n<!-- #tablepress-23 from cache -->\n<h2 id=\"tablepress-24-name\" class=\"tablepress-table-name tablepress-table-name-id-24\">PROFESOR DE QU\u00cdMICA Y CIENCIAS - LICENCIADO EN EDUCACI\u00d3N<\/h2>\n\n<table id=\"tablepress-24\" class=\"tablepress tablepress-id-24\" aria-labelledby=\"tablepress-24-name\">\n<thead>\n<tr class=\"row-1\">\n\t<th class=\"column-1\">APELLIDO PATERNO<\/th><th class=\"column-2\">APELLIDO MATERNO<\/th><th class=\"column-3\">NOMBRES<\/th>\n<\/tr>\n<\/thead>\n<tbody class=\"row-striping row-hover\">\n<tr class=\"row-2\">\n\t<td class=\"column-1\">ALARC\u00d3N<\/td><td class=\"column-2\">WIKE<\/td><td class=\"column-3\">RODRIGO ANDR\u00c9S<\/td>\n<\/tr>\n<tr class=\"row-3\">\n\t<td class=\"column-1\">CASTA\u00d1EDA<\/td><td class=\"column-2\">ARAYA<\/td><td class=\"column-3\">V\u00cdCTOR ANDR\u00c9S<\/td>\n<\/tr>\n<tr class=\"row-4\">\n\t<td class=\"column-1\">CONTRERAS<\/td><td class=\"column-2\">ACU\u00d1A<\/td><td class=\"column-3\">ANDRE MAURICIO<\/td>\n<\/tr>\n<tr class=\"row-5\">\n\t<td class=\"column-1\">CORTEZ<\/td><td class=\"column-2\">AHUMADA<\/td><td class=\"column-3\">MARGOT NATALIA<\/td>\n<\/tr>\n<tr class=\"row-6\">\n\t<td class=\"column-1\">ENCINA<\/td><td class=\"column-2\">SALOMON<\/td><td class=\"column-3\">MILENA DE LOS ANGELES<\/td>\n<\/tr>\n<tr class=\"row-7\">\n\t<td class=\"column-1\">GALAZ<\/td><td class=\"column-2\">VERGARA<\/td><td class=\"column-3\">HANSEL ROBERTO ALEJANDRO<\/td>\n<\/tr>\n<tr class=\"row-8\">\n\t<td class=\"column-1\">GONZ\u00c1LEZ<\/td><td class=\"column-2\">GALLEGUILLOS<\/td><td class=\"column-3\">ANDR\u00c9S JAVIER<\/td>\n<\/tr>\n<tr class=\"row-9\">\n\t<td class=\"column-1\">GU\u00cd\u00d1EZ<\/td><td class=\"column-2\">ALARC\u00d3N<\/td><td class=\"column-3\">P\u00cdA STEPHANI<\/td>\n<\/tr>\n<tr class=\"row-10\">\n\t<td class=\"column-1\">MALLEA<\/td><td class=\"column-2\">CATAL\u00c1N<\/td><td class=\"column-3\">MICHAEL ALEXIS<\/td>\n<\/tr>\n<tr class=\"row-11\">\n\t<td class=\"column-1\">MART\u00cdNEZ<\/td><td class=\"column-2\">GONZ\u00c1LEZ<\/td><td class=\"column-3\">MARIBEL MARGARITA<\/td>\n<\/tr>\n<tr class=\"row-12\">\n\t<td class=\"column-1\">MENESES<\/td><td class=\"column-2\">CAMPOS<\/td><td class=\"column-3\">MAR\u00cdA JOS\u00c9<\/td>\n<\/tr>\n<tr class=\"row-13\">\n\t<td class=\"column-1\">PONCE<\/td><td class=\"column-2\">GONZ\u00c1LEZ<\/td><td class=\"column-3\">YANINA ANDREA<\/td>\n<\/tr>\n<tr class=\"row-14\">\n\t<td class=\"column-1\">SAN MART\u00cdN<\/td><td class=\"column-2\">LAZO<\/td><td class=\"column-3\">JUAN PABLO<\/td>\n<\/tr>\n<tr class=\"row-15\">\n\t<td class=\"column-1\">ZAPATA<\/td><td class=\"column-2\">LE\u00d3N<\/td><td class=\"column-3\">FREDDY ALBERT<\/td>\n<\/tr>\n<\/tbody>\n<\/table>\n<!-- #tablepress-24 from cache -->\n<p>&nbsp;<\/p>\n<p>&nbsp;<\/p>\n","protected":false},"excerpt":{"rendered":"<p>Listado de carreras y nombres de titulaciones del martes 26 de noviembre a las 16.00 horas. &nbsp; &nbsp;<\/p>\n","protected":false},"author":2,"featured_media":0,"parent":22,"menu_order":1,"comment_status":"closed","ping_status":"closed","template":"","meta":{"_et_pb_use_builder":"","_et_pb_old_content":"","_et_gb_content_width":"","footnotes":""},"class_list":["post-164","page","type-page","status-publish","hentry"],"_links":{"self":[{"href":"https:\/\/www.upla.cl\/titulosygrados\/wp-json\/wp\/v2\/pages\/164","targetHints":{"allow":["GET"]}}],"collection":[{"href":"https:\/\/www.upla.cl\/titulosygrados\/wp-json\/wp\/v2\/pages"}],"about":[{"href":"https:\/\/www.upla.cl\/titulosygrados\/wp-json\/wp\/v2\/types\/page"}],"author":[{"embeddable":true,"href":"https:\/\/www.upla.cl\/titulosygrados\/wp-json\/wp\/v2\/users\/2"}],"replies":[{"embeddable":true,"href":"https:\/\/www.upla.cl\/titulosygrados\/wp-json\/wp\/v2\/comments?post=164"}],"version-history":[{"count":1,"href":"https:\/\/www.upla.cl\/titulosygrados\/wp-json\/wp\/v2\/pages\/164\/revisions"}],"predecessor-version":[{"id":168,"href":"https:\/\/www.upla.cl\/titulosygrados\/wp-json\/wp\/v2\/pages\/164\/revisions\/168"}],"up":[{"embeddable":true,"href":"https:\/\/www.upla.cl\/titulosygrados\/wp-json\/wp\/v2\/pages\/22"}],"wp:attachment":[{"href":"https:\/\/www.upla.cl\/titulosygrados\/wp-json\/wp\/v2\/media?parent=164"}],"curies":[{"name":"wp","href":"https:\/\/api.w.org\/{rel}","templated":true}]}}