{"id":98976,"date":"2022-03-30T14:38:33","date_gmt":"2022-03-30T17:38:33","guid":{"rendered":"https:\/\/www.upla.cl\/postgrado\/?page_id=98976"},"modified":"2025-10-20T16:03:56","modified_gmt":"2025-10-20T19:03:56","slug":"magister-en-educacion-inclusiva","status":"publish","type":"page","link":"https:\/\/www.upla.cl\/postgrado\/magisteres\/magister-en-educacion-inclusiva\/","title":{"rendered":"Mag\u00edster en Educaci\u00f3n Inclusiva"},"content":{"rendered":"<p>[et_pb_section fb_built=\u00bb1&#8243; fullwidth=\u00bbon\u00bb _builder_version=\u00bb4.16&#8243; _module_preset=\u00bbdefault\u00bb global_colors_info=\u00bb{}\u00bb][et_pb_fullwidth_post_title meta=\u00bboff\u00bb featured_placement=\u00bbbackground\u00bb _builder_version=\u00bb4.27.4&#8243; _module_preset=\u00bbdefault\u00bb title_font=\u00bb|700||on|||||\u00bb title_text_color=\u00bb#FFFFFF\u00bb title_font_size=\u00bb35px\u00bb background_color=\u00bb#b55103&#8243; background_position=\u00bbtop_center\u00bb background_blend=\u00bboverlay\u00bb custom_padding=\u00bb250px||250px||true|false\u00bb global_colors_info=\u00bb{}\u00bb][\/et_pb_fullwidth_post_title][\/et_pb_section][et_pb_section fb_built=\u00bb1&#8243; _builder_version=\u00bb4.16&#8243; global_colors_info=\u00bb{}\u00bb][et_pb_row column_structure=\u00bb3_4,1_4&#8243; use_custom_gutter=\u00bbon\u00bb gutter_width=\u00bb2&#8243; _builder_version=\u00bb4.16&#8243; global_colors_info=\u00bb{}\u00bb][et_pb_column type=\u00bb3_4&#8243; _builder_version=\u00bb4.16&#8243; custom_padding=\u00bb|||\u00bb global_colors_info=\u00bb{}\u00bb custom_padding__hover=\u00bb|||\u00bb][et_pb_accordion admin_label=\u00bbAcorde\u00f3n: ficha programa\u00bb _builder_version=\u00bb4.27.4&#8243; hover_enabled=\u00bb0&#8243; global_colors_info=\u00bb{}\u00bb sticky_enabled=\u00bb0&#8243;][et_pb_accordion_item title=\u00bbPresentaci\u00f3n\u00bb open=\u00bbon\u00bb _builder_version=\u00bb4.16&#8243; global_colors_info=\u00bb{}\u00bb]<\/p>\n<p>El Mag\u00edster en Educaci\u00f3n Inclusiva de la Universidad de Playa Ancha (UPLA) es un programa profesionalizante en el \u00e1mbito de la educaci\u00f3n inclusiva, que con perspectiva interdisciplinar, te\u00f3rica e investigativa, tiene como objetivo permitir la gesti\u00f3n transformadora de conocimientos, mecanismos y procesos de inclusi\u00f3n, para la optimizaci\u00f3n de los aprendizajes y las organizaciones educativas.<\/p>\n<p>[\/et_pb_accordion_item][et_pb_accordion_item title=\u00bbPlan de estudios\u00bb _builder_version=\u00bb4.19.2&#8243; global_colors_info=\u00bb{}\u00bb open=\u00bboff\u00bb]<\/p>\n<table border=\"1\" width=\"100%\" cellpadding=\"1\" style=\"width: 100%;\">\n<tbody>\n<tr>\n<td style=\"width: 47.7876%;\"><strong>Primer semestre<\/strong><\/td>\n<td style=\"width: 49.8525%;\"><strong>Segundo semestre<\/strong><\/td>\n<\/tr>\n<tr>\n<td style=\"width: 47.7876%;\">\n<ul>\n<li>Pol\u00edticas para la Gesti\u00f3n de sistemas Educativos Inclusivos.<\/li>\n<li>Bases Neurobiol\u00f3gicas para la Generaci\u00f3n de Ambientes Educativos Inclusivos.<\/li>\n<li>Estrategias y Apoyos para la Atenci\u00f3n de la Diversidad.<\/li>\n<li>Proyecto de Aplicaci\u00f3n Profesional Integrado I.<\/li>\n<\/ul>\n<\/td>\n<td style=\"width: 49.8525%;\">\n<ul>\n<li>Convivencia Escolar para las Relaciones Inclusivas.<\/li>\n<li>Gesti\u00f3n de Sistemas y Servicios para la Inclusi\u00f3n.<\/li>\n<li>Trayectoria Educativa y Diversificaci\u00f3n Curricular.<\/li>\n<li>Proyecto de Aplicaci\u00f3n Profesional Integrado II.<\/li>\n<\/ul>\n<\/td>\n<\/tr>\n<\/tbody>\n<\/table>\n<p>&nbsp;<\/p>\n<p>[\/et_pb_accordion_item][et_pb_accordion_item title=\u00bbCuerpo acad\u00e9mico\u00bb _builder_version=\u00bb4.22.1&#8243; global_colors_info=\u00bb{}\u00bb open=\u00bboff\u00bb]<\/p>\n<p><strong>Claudio Berr\u00edos Bravo<\/strong><br \/>Mag\u00edster en Neurobiolog\u00eda y Ciencias de la Conducta, Universidad de Chile.<br \/>Profesor de Biolog\u00eda y Ciencias, Universidad de Chile.<\/p>\n<p><strong>Ivette Doll Castillo<\/strong><br \/>Doctora en Educaci\u00f3n, Universidad de Almer\u00eda, Espa\u00f1a.<br \/>Mag\u00edster en Educaci\u00f3n, Menci\u00f3n Intervenci\u00f3n Cognitiva, Universidad de Almer\u00eda, Espa\u00f1a.<br \/>Educadora Diferencial, Pontificia Universidad Cat\u00f3lica de Valpara\u00edso.<br \/>Profesora de Educaci\u00f3n Diferencial, menci\u00f3n en Trastornos Espec\u00edficos del Aprendizaje, Pontificia Universidad Cat\u00f3lica de Valpara\u00edso, Chile<\/p>\n<p><strong>Mar\u00eda Teresa Hidalgo N.<\/strong><br \/>Mag\u00edster en Administraci\u00f3n Educacional, menci\u00f3n en Gesti\u00f3n de Sistemas Educativos, Universidad de Playa Ancha, Chile.<br \/>Profesora de Estado en Educaci\u00f3n Diferencial, menci\u00f3n en Trastornos de Audici\u00f3n y Lenguaje, Universidad de Chile.<\/p>\n<p><strong>Patricio Ib\u00e1\u00f1ez Le\u00f3n<\/strong><br \/>Doctor en Ciencias de la Educaci\u00f3n, Universidad de La Serena, Chile<br \/>Mag\u00edster en Historia de Chile y Am\u00e9rica, Universidad de Valpara\u00edso, Chile<br \/>Profesor de Estado en Historia y Geograf\u00eda, Universidad de Playa Ancha, Chile<\/p>\n<p><strong>Ivette Norambuena Sandoval<\/strong><br \/>Mag\u00edster en Gesti\u00f3n Pedag\u00f3gica y Curricular, Universidad Andr\u00e9s Bello, Chile<br \/>Profesora de Educaci\u00f3n Diferencial y Licenciada en Educaci\u00f3n, Universidad de Playa Ancha, Chile<\/p>\n<p><strong>Ver\u00f3nica Past\u00e9n Valenzuela<\/strong><br \/>Doctora en Ling\u00fc\u00edstica, Pontificia Universidad Cat\u00f3lica de Valpara\u00edso, Chile<br \/>Mag\u00edster en Gesti\u00f3n de Organizaciones (MBA), Universidad de Valpara\u00edso, Chile<br \/>Psicopedagoga, menci\u00f3n en Trastornos Espec\u00edficos del Aprendizaje, Universidad de Playa Ancha.<\/p>\n<p><strong>Daysi Reinoso Salinas<\/strong><br \/>Doctora en Psicolog\u00eda, Universidad de Oviedo, Espa\u00f1a.<br \/>Mag\u00edster en Evaluaci\u00f3n Educacional, Universidad de Playa Ancha, Chile.<br \/>M\u00e1ster en Ciencias de la Educaci\u00f3n, Universidad de la Sorbonne, Par\u00eds V, Francia.<br \/>Educadora de P\u00e1rvulos y licenciada en Educaci\u00f3n, Pontificia Universidad Cat\u00f3lica de Chile.<\/p>\n<p><strong>Silvia Sarzoza Herrera<\/strong><br \/>Doctora en Intervenci\u00f3n Pedag\u00f3gica y Psicopedag\u00f3gica, Universidad de Granada, Espa\u00f1a.<\/p>\n<p><strong>Mauricio Valenzuela Harrington<\/strong><br \/>Doctor en Neurociencias y Biolog\u00eda del comportamiento, Universidad Pablo de Olavide e Instituto Cajal, Espa\u00f1a.<br \/>Diplomado en Prevenci\u00f3n y Rehabilitaci\u00f3n de Drogodependencias, Universidad de Valpara\u00edso.<br \/>Estudios de postgrado en el Institut des Neurosciences de la Universidad Pierre et Marie Curie, Paris VI. Francia.<br \/>Profesor de Estado en Biolog\u00eda y Ciencias, Universidad de Playa Ancha.<\/p>\n<p>[\/et_pb_accordion_item][et_pb_accordion_item title=\u00bbModalidad\u00bb _builder_version=\u00bb4.19.2&#8243; global_colors_info=\u00bb{}\u00bb open=\u00bboff\u00bb]<\/p>\n<p>Virtual.<\/p>\n<p>[\/et_pb_accordion_item][et_pb_accordion_item title=\u00bbRequisitos\u00bb _builder_version=\u00bb4.27.4&#8243; global_colors_info=\u00bb{}\u00bb open=\u00bboff\u00bb]<\/p>\n<ul>\n<li>Copia Licencia de Ense\u00f1anza Media.<\/li>\n<li>Copia del t\u00edtulo profesional y\/o licenciatura debidamente legalizada ante notario.<\/li>\n<li>Copia de la concentraci\u00f3n de notas (<span>fotocopia\u00a0 legalizada ante notario)<\/span><\/li>\n<li>Fotocopia de la C\u00e9dula de Identidad por ambos lados o del pasaporte, en caso de personas extranjeras<\/li>\n<li>Curriculum Vitae.<\/li>\n<li>Carta de intenci\u00f3n del postulante en donde exprese las razones para postular al programa.<\/li>\n<\/ul>\n<p><strong>\u00a0<\/strong><\/p>\n<p>[\/et_pb_accordion_item][et_pb_accordion_item title=\u00bbDuraci\u00f3n\u00bb _builder_version=\u00bb4.19.2&#8243; global_colors_info=\u00bb{}\u00bb open=\u00bboff\u00bb]<\/p>\n<p>Dos semestres.<\/p>\n<p>[\/et_pb_accordion_item][et_pb_accordion_item title=\u00bbCoordinaci\u00f3n\u00bb _builder_version=\u00bb4.27.4&#8243; global_colors_info=\u00bb{}\u00bb open=\u00bboff\u00bb]<\/p>\n<p><b>Mar\u00eda Teresa Hidalgo Neira<br \/><\/b>Mag\u00edster en Administraci\u00f3n Educacional, Universidad de Playa Ancha, Chile<\/p>\n<p>Correo electr\u00f3nico: <a href=\"mailto:mag.educacioninclusiva@upla.cl\">mag.educacioninclusiva@upla.cl<\/a><\/p>\n<p>[\/et_pb_accordion_item][et_pb_accordion_item title=\u00bbUnidad acad\u00e9mica responsable\u00bb _builder_version=\u00bb4.16&#8243; global_colors_info=\u00bb{}\u00bb open=\u00bboff\u00bb]<a href=\"http:\/\/www.upla.cl\/cienciaseducacion\" target=\"_blank\" rel=\"noopener noreferrer\">Facultad de Ciencias de la Educaci\u00f3n<\/a>[\/et_pb_accordion_item][et_pb_accordion_item title=\u00bbM\u00e1s informaci\u00f3n\u00bb _builder_version=\u00bb4.17.0&#8243; global_colors_info=\u00bb{}\u00bb open=\u00bboff\u00bb]<\/p>\n<p>Correos electr\u00f3nicos:<br \/><a href=\"mailto:mag.educacioninclusiva@upla.cl\" target=\"_blank\" rel=\"noopener\">mag.educacioninclusiva@upla.cl<\/a> y\u00a0<a href=\"mailto:escueladepostgrado@upla.cl\" target=\"_blank\" rel=\"noopener noreferrer\">escueladepostgrado@upla.cl<\/a><a href=\"https:\/\/www.facebook.com\/PostgradoUPLA\" target=\"_blank\" rel=\"noopener noreferrer\"><\/a><\/p>\n<p>[\/et_pb_accordion_item][et_pb_accordion_item title=\u00bbFecha de inicio\u00bb _builder_version=\u00bb4.27.4&#8243; global_colors_info=\u00bb{}\u00bb open=\u00bboff\u00bb]<\/p>\n<p>Abril de 2026.<\/p>\n<p>[\/et_pb_accordion_item][et_pb_accordion_item title=\u00bbD\u00edas y horarios\u00bb _builder_version=\u00bb4.27.4&#8243; global_colors_info=\u00bb{}\u00bb open=\u00bboff\u00bb]<\/p>\n<ul>\n<li>S\u00e1bados de 9.00 a 18.00 horas.<\/li>\n<\/ul>\n<p>[\/et_pb_accordion_item][\/et_pb_accordion][et_pb_blurb title=\u00bbAcreditaci\u00f3n\u00bb url=\u00bbhttps:\/\/www.upla.cl\/calidad\/acreditacion\/programas-postgrado-acreditados-2\/\u00bb url_new_window=\u00bbon\u00bb use_icon=\u00bbon\u00bb font_icon=\u00bb&#x5a;||divi||400&#8243; icon_color=\u00bb#009966&#8243; icon_placement=\u00bbleft\u00bb image_icon_width=\u00bb39px\u00bb content_max_width=\u00bb1100px\u00bb _builder_version=\u00bb4.23.1&#8243; _module_preset=\u00bbdefault\u00bb header_font=\u00bb|700|||||||\u00bb header_text_color=\u00bb#686868&#8243; header_font_size=\u00bb25px\u00bb body_font=\u00bb|700|||||||\u00bb body_text_color=\u00bb#0C71C3&#8243; body_font_size=\u00bb18px\u00bb background_color=\u00bb#FFFFFF\u00bb custom_padding=\u00bb20px|50px|20px|50px|true|true\u00bb link_option_url=\u00bbhttps:\/\/www.upla.cl\/calidad\/acreditacion\/programas-postgrado-acreditados-2\/\u00bb link_option_url_new_window=\u00bbon\u00bb box_shadow_style=\u00bbpreset1&#8243; icon_font_size=\u00bb39px\u00bb global_module=\u00bb98647&#8243; saved_tabs=\u00bball\u00bb global_colors_info=\u00bb{}\u00bb transform_styles__hover_enabled=\u00bbon|hover\u00bb transform_scale__hover_enabled=\u00bbon|hover\u00bb transform_translate__hover_enabled=\u00bbon|desktop\u00bb transform_rotate__hover_enabled=\u00bbon|desktop\u00bb transform_skew__hover_enabled=\u00bbon|desktop\u00bb transform_origin__hover_enabled=\u00bbon|desktop\u00bb transform_scale__hover=\u00bb95%|95%\u00bb]<\/p>\n<p>Revisa el estado de la acreditaci\u00f3n de este programa en <a href=\"https:\/\/www.upla.cl\/calidad\/acreditacion\/programas-postgrado-acreditados-2\/\" target=\"_blank\" rel=\"noopener\" title=\"Acreditaci\u00f3n de Programas de Postgrado UPLA\"><span style=\"text-decoration: underline;\"><strong>este enlace<\/strong><\/span><\/a><\/p>\n<p>[\/et_pb_blurb][\/et_pb_column][et_pb_column type=\u00bb1_4&#8243; _builder_version=\u00bb4.16&#8243; custom_padding=\u00bb|||\u00bb global_colors_info=\u00bb{}\u00bb custom_padding__hover=\u00bb|||\u00bb][et_pb_blurb title=\u00bbPostula aqu\u00ed\u00bb url=\u00bbhttps:\/\/acceso.upla.cl\/Postulacion_Postgrado\/Portal\/Index\u00bb url_new_window=\u00bbon\u00bb use_icon=\u00bbon\u00bb font_icon=\u00bb&#x6c;||divi||400&#8243; icon_color=\u00bb#FFFFFF\u00bb icon_placement=\u00bbleft\u00bb image_icon_width=\u00bb50px\u00bb disabled_on=\u00bboff|off|off\u00bb admin_label=\u00bbPostulaci\u00f3n de postgrado\u00bb _builder_version=\u00bb4.27.4&#8243; _module_preset=\u00bbdefault\u00bb header_font=\u00bb|800|||||||\u00bb header_text_color=\u00bb#FFFFFF\u00bb header_font_size=\u00bb23px\u00bb body_font=\u00bb|600|||||||\u00bb body_text_color=\u00bb#FFFFFF\u00bb body_font_size=\u00bb13px\u00bb background_color=\u00bb#006b8e\u00bb custom_padding=\u00bb20px|10px|20px|10px|true|true\u00bb link_option_url=\u00bbhttps:\/\/acceso.upla.cl\/Postulacion_Postgrado\/Portal\/Index\u00bb link_option_url_new_window=\u00bbon\u00bb global_module=\u00bb129011&#8243; saved_tabs=\u00bball\u00bb global_colors_info=\u00bb{}\u00bb header_text_color__hover_enabled=\u00bbon|hover\u00bb header_text_color__hover=\u00bb#bce3fa\u00bb icon_color__hover_enabled=\u00bbon|hover\u00bb icon_color__hover=\u00bb#bce3fa\u00bb]<\/p>\n<p>a los programas de postgrado<\/p>\n<p>[\/et_pb_blurb][et_pb_button button_url=\u00bbhttps:\/\/www.upla.cl\/postgrado\/formulario-de-solicitud-de-informacion-de-programas\/\u00bb button_text=\u00bbSolicita m\u00e1s informaci\u00f3n sobre nuestros programas\u00bb admin_label=\u00bbBot\u00f3n Solicita m\u00e1s informaci\u00f3n sobre nuestros programas\u00bb _builder_version=\u00bb4.16&#8243; global_colors_info=\u00bb{}\u00bb button_text_size__hover_enabled=\u00bboff\u00bb button_one_text_size__hover_enabled=\u00bboff\u00bb button_two_text_size__hover_enabled=\u00bboff\u00bb button_text_color__hover_enabled=\u00bboff\u00bb button_one_text_color__hover_enabled=\u00bboff\u00bb button_two_text_color__hover_enabled=\u00bboff\u00bb button_border_width__hover_enabled=\u00bboff\u00bb button_one_border_width__hover_enabled=\u00bboff\u00bb button_two_border_width__hover_enabled=\u00bboff\u00bb button_border_color__hover_enabled=\u00bboff\u00bb button_one_border_color__hover_enabled=\u00bboff\u00bb button_two_border_color__hover_enabled=\u00bboff\u00bb button_border_radius__hover_enabled=\u00bboff\u00bb button_one_border_radius__hover_enabled=\u00bboff\u00bb button_two_border_radius__hover_enabled=\u00bboff\u00bb button_letter_spacing__hover_enabled=\u00bboff\u00bb button_one_letter_spacing__hover_enabled=\u00bboff\u00bb button_two_letter_spacing__hover_enabled=\u00bboff\u00bb button_bg_color__hover_enabled=\u00bboff\u00bb button_one_bg_color__hover_enabled=\u00bboff\u00bb button_two_bg_color__hover_enabled=\u00bboff\u00bb]<\/p>\n<p>\u00a0<\/p>\n<p>[\/et_pb_button][et_pb_button button_url=\u00bbhttps:\/\/www.upla.cl\/postgrado\/escuela-de-postgrado\/aranceles\/\u00bb button_text=\u00bbAranceles\u00bb admin_label=\u00bbBot\u00f3n aranceles\u00bb _builder_version=\u00bb4.16&#8243; global_colors_info=\u00bb{}\u00bb button_text_size__hover_enabled=\u00bboff\u00bb button_one_text_size__hover_enabled=\u00bboff\u00bb button_two_text_size__hover_enabled=\u00bboff\u00bb button_text_color__hover_enabled=\u00bboff\u00bb button_one_text_color__hover_enabled=\u00bboff\u00bb button_two_text_color__hover_enabled=\u00bboff\u00bb button_border_width__hover_enabled=\u00bboff\u00bb button_one_border_width__hover_enabled=\u00bboff\u00bb button_two_border_width__hover_enabled=\u00bboff\u00bb button_border_color__hover_enabled=\u00bboff\u00bb button_one_border_color__hover_enabled=\u00bboff\u00bb button_two_border_color__hover_enabled=\u00bboff\u00bb button_border_radius__hover_enabled=\u00bboff\u00bb button_one_border_radius__hover_enabled=\u00bboff\u00bb button_two_border_radius__hover_enabled=\u00bboff\u00bb button_letter_spacing__hover_enabled=\u00bboff\u00bb button_one_letter_spacing__hover_enabled=\u00bboff\u00bb button_two_letter_spacing__hover_enabled=\u00bboff\u00bb button_bg_color__hover_enabled=\u00bboff\u00bb button_one_bg_color__hover_enabled=\u00bboff\u00bb button_two_bg_color__hover_enabled=\u00bboff\u00bb]<\/p>\n<p>\u00a0<\/p>\n<p>[\/et_pb_button][et_pb_button button_url=\u00bbhttps:\/\/www.upla.cl\/postgrado\/escuela-de-postgrado\/becas-de-postgrado\/\u00bb button_text=\u00bbBecas\u00bb admin_label=\u00bbBot\u00f3n becas\u00bb _builder_version=\u00bb4.16&#8243; global_colors_info=\u00bb{}\u00bb button_text_size__hover_enabled=\u00bboff\u00bb button_one_text_size__hover_enabled=\u00bboff\u00bb button_two_text_size__hover_enabled=\u00bboff\u00bb button_text_color__hover_enabled=\u00bboff\u00bb button_one_text_color__hover_enabled=\u00bboff\u00bb button_two_text_color__hover_enabled=\u00bboff\u00bb button_border_width__hover_enabled=\u00bboff\u00bb button_one_border_width__hover_enabled=\u00bboff\u00bb button_two_border_width__hover_enabled=\u00bboff\u00bb button_border_color__hover_enabled=\u00bboff\u00bb button_one_border_color__hover_enabled=\u00bboff\u00bb button_two_border_color__hover_enabled=\u00bboff\u00bb button_border_radius__hover_enabled=\u00bboff\u00bb button_one_border_radius__hover_enabled=\u00bboff\u00bb button_two_border_radius__hover_enabled=\u00bboff\u00bb button_letter_spacing__hover_enabled=\u00bboff\u00bb button_one_letter_spacing__hover_enabled=\u00bboff\u00bb button_two_letter_spacing__hover_enabled=\u00bboff\u00bb button_bg_color__hover_enabled=\u00bboff\u00bb button_one_bg_color__hover_enabled=\u00bboff\u00bb button_two_bg_color__hover_enabled=\u00bboff\u00bb]<\/p>\n<p>\u00a0<\/p>\n<p>[\/et_pb_button][et_pb_button button_url=\u00bbhttps:\/\/www.upla.cl\/facultad\/cienciaseducacion\/\u00bb url_new_window=\u00bbon\u00bb button_text=\u00bbFacultad de Ciencias de la Educaci\u00f3n\u00bb admin_label=\u00bbBot\u00f3n Facultad\u00bb _builder_version=\u00bb4.27.4&#8243; custom_button=\u00bbon\u00bb button_border_color=\u00bb#b55103&#8243; global_colors_info=\u00bb{}\u00bb button_text_size__hover_enabled=\u00bboff\u00bb button_one_text_size__hover_enabled=\u00bboff\u00bb button_two_text_size__hover_enabled=\u00bboff\u00bb button_text_color__hover_enabled=\u00bboff\u00bb button_one_text_color__hover_enabled=\u00bboff\u00bb button_two_text_color__hover_enabled=\u00bboff\u00bb button_border_width__hover_enabled=\u00bboff\u00bb button_one_border_width__hover_enabled=\u00bboff\u00bb button_two_border_width__hover_enabled=\u00bboff\u00bb button_border_color__hover_enabled=\u00bboff\u00bb button_one_border_color__hover_enabled=\u00bboff\u00bb button_two_border_color__hover_enabled=\u00bboff\u00bb button_border_radius__hover_enabled=\u00bboff\u00bb button_one_border_radius__hover_enabled=\u00bboff\u00bb button_two_border_radius__hover_enabled=\u00bboff\u00bb button_letter_spacing__hover_enabled=\u00bboff\u00bb button_one_letter_spacing__hover_enabled=\u00bboff\u00bb button_two_letter_spacing__hover_enabled=\u00bboff\u00bb button_bg_color__hover_enabled=\u00bboff\u00bb button_one_bg_color__hover_enabled=\u00bboff\u00bb button_two_bg_color__hover_enabled=\u00bboff\u00bb]<\/p>\n<p>\u00a0<\/p>\n<p>[\/et_pb_button][\/et_pb_column][\/et_pb_row][\/et_pb_section]<\/p>\n","protected":false},"excerpt":{"rendered":"<p>El Mag\u00edster en Educaci\u00f3n Inclusiva de la Universidad de Playa Ancha (UPLA) es un programa profesionalizante en el \u00e1mbito de la educaci\u00f3n inclusiva, que con perspectiva interdisciplinar, te\u00f3rica e investigativa, tiene como objetivo permitir la gesti\u00f3n transformadora de conocimientos, mecanismos y procesos de inclusi\u00f3n, para la optimizaci\u00f3n de los aprendizajes y las organizaciones educativas. Primer [&hellip;]<\/p>\n","protected":false},"author":2,"featured_media":99347,"parent":9,"menu_order":0,"comment_status":"closed","ping_status":"closed","template":"","meta":{"_et_pb_use_builder":"on","_et_pb_old_content":"","_et_gb_content_width":"","footnotes":""},"class_list":["post-98976","page","type-page","status-publish","has-post-thumbnail","hentry"],"_links":{"self":[{"href":"https:\/\/www.upla.cl\/postgrado\/wp-json\/wp\/v2\/pages\/98976","targetHints":{"allow":["GET"]}}],"collection":[{"href":"https:\/\/www.upla.cl\/postgrado\/wp-json\/wp\/v2\/pages"}],"about":[{"href":"https:\/\/www.upla.cl\/postgrado\/wp-json\/wp\/v2\/types\/page"}],"author":[{"embeddable":true,"href":"https:\/\/www.upla.cl\/postgrado\/wp-json\/wp\/v2\/users\/2"}],"replies":[{"embeddable":true,"href":"https:\/\/www.upla.cl\/postgrado\/wp-json\/wp\/v2\/comments?post=98976"}],"version-history":[{"count":50,"href":"https:\/\/www.upla.cl\/postgrado\/wp-json\/wp\/v2\/pages\/98976\/revisions"}],"predecessor-version":[{"id":129110,"href":"https:\/\/www.upla.cl\/postgrado\/wp-json\/wp\/v2\/pages\/98976\/revisions\/129110"}],"up":[{"embeddable":true,"href":"https:\/\/www.upla.cl\/postgrado\/wp-json\/wp\/v2\/pages\/9"}],"wp:featuredmedia":[{"embeddable":true,"href":"https:\/\/www.upla.cl\/postgrado\/wp-json\/wp\/v2\/media\/99347"}],"wp:attachment":[{"href":"https:\/\/www.upla.cl\/postgrado\/wp-json\/wp\/v2\/media?parent=98976"}],"curies":[{"name":"wp","href":"https:\/\/api.w.org\/{rel}","templated":true}]}}