{"id":813,"date":"2014-10-27T13:20:41","date_gmt":"2014-10-27T16:20:41","guid":{"rendered":"http:\/\/www.upla.cl\/postgrado\/?page_id=813"},"modified":"2017-11-16T19:59:39","modified_gmt":"2017-11-16T22:59:39","slug":"cursos","status":"publish","type":"page","link":"https:\/\/www.upla.cl\/postgrado\/cursos\/","title":{"rendered":"Cursos"},"content":{"rendered":"<p>[et_pb_section bb_built=\u00bb1&#8243; admin_label=\u00bbUPLA &#8211; Postgrado\u00bb module_id=\u00bbinicio\u00bb _builder_version=\u00bb3.0.89&#8243; custom_padding=\u00bb0px|0px|39px|0px\u00bb global_module=\u00bb2025&#8243;][et_pb_row admin_label=\u00bbrow\u00bb global_parent=\u00bb2025&#8243; make_fullwidth=\u00bbon\u00bb custom_padding=\u00bb22px||213px|\u00bb make_equal=\u00bbon\u00bb parallax_method_1=\u00bboff\u00bb parallax_method_2=\u00bboff\u00bb background_position_1=\u00bbtop_left\u00bb background_position_2=\u00bbtop_left\u00bb background_repeat_1=\u00bbno-repeat\u00bb background_repeat_2=\u00bbno-repeat\u00bb _builder_version=\u00bb3.0.89&#8243; background_size=\u00bbinitial\u00bb background_position=\u00bbtop_left\u00bb background_repeat=\u00bbrepeat\u00bb background_video_width=\u00bb1920&#8243; background_video_height=\u00bb1080&#8243;][et_pb_column type=\u00bb2_3&#8243;][et_pb_image admin_label=\u00bbLogo de Postgrado\u00bb global_parent=\u00bb2025&#8243; src=\u00bbhttps:\/\/www.upla.cl\/postgrado\/wp-content\/uploads\/2013\/11\/2013_1121_postgrados_header.png\u00bb url=\u00bbhttps:\/\/www.upla.cl\/postgrado\u00bb _builder_version=\u00bb3.0.89&#8243; \/][\/et_pb_column][et_pb_column type=\u00bb1_3&#8243;][et_pb_image global_parent=\u00bb2025&#8243; src=\u00bbhttps:\/\/www.upla.cl\/postgrado\/wp-content\/uploads\/2016\/11\/upla_acreditacion-5.png\u00bb show_bottom_space=\u00bboff\u00bb align=\u00bbright\u00bb _builder_version=\u00bb3.0.89&#8243; max_width=\u00bb50%\u00bb module_alignment=\u00bbright\u00bb custom_padding=\u00bb|20px||\u00bb \/][\/et_pb_column][\/et_pb_row][\/et_pb_section][et_pb_section bb_built=\u00bb1&#8243; _builder_version=\u00bb3.0.89&#8243;][et_pb_row _builder_version=\u00bb3.0.89&#8243; background_color=\u00bb#014c89&#8243; make_fullwidth=\u00bbon\u00bb][et_pb_column type=\u00bb1_2&#8243;][et_pb_gallery _builder_version=\u00bb3.0.89&#8243; show_title_and_caption=\u00bboff\u00bb show_pagination=\u00bboff\u00bb gallery_ids=\u00bb2040,2061,2043,2062&#8243; fullwidth=\u00bbon\u00bb orientation=\u00bblandscape\u00bb zoom_icon_color=\u00bb#2ea3f2&#8243; hover_overlay_color=\u00bbrgba(255,255,255,0.9)\u00bb background_layout=\u00bblight\u00bb pagination_font_size_tablet=\u00bb51&#8243; pagination_line_height_tablet=\u00bb2&#8243; auto=\u00bbon\u00bb \/][\/et_pb_column][et_pb_column type=\u00bb1_2&#8243;][et_pb_cta admin_label=\u00bbCURSOS DE POSTGRADO\u00bb title=\u00bbCURSOS DE POSTGRADO\u00bb button_url=\u00bbhttp:\/\/www.upla.cl\/facultad\/ingenieria\/carreras-y-potgrado\/ia\/\u00bb background_color=\u00bb#014c89&#8243; _builder_version=\u00bb3.0.89&#8243; body_font=\u00bbLato||||\u00bb background_size=\u00bbinitial\u00bb background_position=\u00bbtop_left\u00bb background_repeat=\u00bbrepeat\u00bb text_orientation=\u00bbleft\u00bb custom_margin=\u00bb3px|2px||3px\u00bb custom_button=\u00bbon\u00bb button_text_size=\u00bb15px\u00bb button_bg_color=\u00bb#592c00&#8243; button_border_width=\u00bb0px\u00bb button_border_radius=\u00bb1px\u00bb button_use_icon=\u00bboff\u00bb button_bg_color_hover=\u00bb#009bdb\u00bb saved_tabs=\u00bball\u00bb url_new_window=\u00bboff\u00bb use_background_color=\u00bbon\u00bb background_layout=\u00bbdark\u00bb button_icon_placement=\u00bbright\u00bb global_module=\u00bb2030&#8243;]<\/p>\n<ul>\n<li><a href=\"https:\/\/www.upla.cl\/postgrado\/cursos\/analisis-del-discurso\/\" target=\"_blank\" rel=\"noopener\">An\u00e1lisis del Discurso<\/a><\/li>\n<li><a href=\"https:\/\/www.upla.cl\/postgrado\/cursos\/metodologia-archivistica\/\" target=\"_blank\" rel=\"noopener\">Metodolog\u00eda archiv\u00edstica<\/a><\/li>\n<li><a href=\"https:\/\/www.upla.cl\/postgrado\/cursos\/lexicologia-chilena\/\" target=\"_blank\" rel=\"noopener\">Lexicolog\u00eda chilena<\/a><\/li>\n<\/ul>\n<p>[\/et_pb_cta][et_pb_text _builder_version=\u00bb3.0.89&#8243; background_layout=\u00bblight\u00bb] [su_button url=\u00bbhttps:\/\/www.upla.cl\/postgrado\/formulario-de-solicitud-de-informacion-de-programas\/\u00bb target=\u00bbblank\u00bb style=\u00bbflat\u00bb background=\u00bb#ffffff\u00bb color=\u00bb#009bdb\u00bb size=\u00bb5&#8243; radius=\u00bb0&#8243; icon=\u00bbicon: chevron-right\u00bb icon_color=\u00bb#000000&#8243;]Solicita m\u00e1s informaci\u00f3n sobre nuestros programas[\/su_button] [\/et_pb_text][\/et_pb_column][\/et_pb_row][\/et_pb_section]<\/p>\n","protected":false},"excerpt":{"rendered":"<p>An\u00e1lisis del Discurso Metodolog\u00eda archiv\u00edstica Lexicolog\u00eda chilena [su_button url=\u00bbhttps:\/\/www.upla.cl\/postgrado\/formulario-de-solicitud-de-informacion-de-programas\/\u00bb target=\u00bbblank\u00bb style=\u00bbflat\u00bb background=\u00bb#ffffff\u00bb color=\u00bb#009bdb\u00bb size=\u00bb5&#8243; radius=\u00bb0&#8243; icon=\u00bbicon: chevron-right\u00bb icon_color=\u00bb#000000&#8243;]Solicita m\u00e1s informaci\u00f3n sobre nuestros programas[\/su_button]<\/p>\n","protected":false},"author":2,"featured_media":286,"parent":0,"menu_order":6,"comment_status":"closed","ping_status":"closed","template":"","meta":{"_et_pb_use_builder":"on","_et_pb_old_content":"Oferta de cursos de postgrado:\r\n<ul>\r\n \t<li><a href=\"https:\/\/www.upla.cl\/postgrado\/cursos\/analisis-del-discurso\/\">An\u00e1lisis del Discurso<\/a><\/li>\r\n \t<li><a href=\"https:\/\/www.upla.cl\/postgrado\/cursos\/lexicologia-chilena\/\">Lexicolog\u00eda Chilena<\/a><\/li>\r\n \t<li><a href=\"https:\/\/www.upla.cl\/postgrado\/cursos\/metodologia-archivistica\/\">Metodolog\u00eda Archiv\u00edstica<\/a><\/li>\r\n<\/ul>","_et_gb_content_width":"","footnotes":""},"class_list":["post-813","page","type-page","status-publish","has-post-thumbnail","hentry"],"_links":{"self":[{"href":"https:\/\/www.upla.cl\/postgrado\/wp-json\/wp\/v2\/pages\/813","targetHints":{"allow":["GET"]}}],"collection":[{"href":"https:\/\/www.upla.cl\/postgrado\/wp-json\/wp\/v2\/pages"}],"about":[{"href":"https:\/\/www.upla.cl\/postgrado\/wp-json\/wp\/v2\/types\/page"}],"author":[{"embeddable":true,"href":"https:\/\/www.upla.cl\/postgrado\/wp-json\/wp\/v2\/users\/2"}],"replies":[{"embeddable":true,"href":"https:\/\/www.upla.cl\/postgrado\/wp-json\/wp\/v2\/comments?post=813"}],"version-history":[{"count":16,"href":"https:\/\/www.upla.cl\/postgrado\/wp-json\/wp\/v2\/pages\/813\/revisions"}],"predecessor-version":[{"id":2066,"href":"https:\/\/www.upla.cl\/postgrado\/wp-json\/wp\/v2\/pages\/813\/revisions\/2066"}],"wp:featuredmedia":[{"embeddable":true,"href":"https:\/\/www.upla.cl\/postgrado\/wp-json\/wp\/v2\/media\/286"}],"wp:attachment":[{"href":"https:\/\/www.upla.cl\/postgrado\/wp-json\/wp\/v2\/media?parent=813"}],"curies":[{"name":"wp","href":"https:\/\/api.w.org\/{rel}","templated":true}]}}