{"id":510,"date":"2014-03-31T17:19:30","date_gmt":"2014-03-31T20:19:30","guid":{"rendered":"http:\/\/www.upla.cl\/postgrado\/?page_id=510"},"modified":"2018-06-14T15:11:55","modified_gmt":"2018-06-14T19:11:55","slug":"funciones","status":"publish","type":"page","link":"https:\/\/www.upla.cl\/postgrado\/direccion-general-de-postgrado\/funciones\/","title":{"rendered":"Funciones"},"content":{"rendered":"<p>[et_pb_section fb_built=\u00bb1&#8243; admin_label=\u00bbUPLA &#8211; Postgrado\u00bb module_id=\u00bbinicio\u00bb _builder_version=\u00bb3.0.89&#8243; custom_padding=\u00bb0px|0px|0|0px\u00bb global_module=\u00bb2025&#8243;][et_pb_row make_fullwidth=\u00bbon\u00bb custom_padding=\u00bb22px||245px|\u00bb make_equal=\u00bbon\u00bb parallax_method_1=\u00bboff\u00bb parallax_method_2=\u00bboff\u00bb background_position_1=\u00bbtop_left\u00bb background_position_2=\u00bbtop_left\u00bb background_repeat_1=\u00bbno-repeat\u00bb background_repeat_2=\u00bbno-repeat\u00bb admin_label=\u00bbrow\u00bb _builder_version=\u00bb3.0.89&#8243; background_size=\u00bbinitial\u00bb background_position=\u00bbtop_left\u00bb background_repeat=\u00bbrepeat\u00bb background_video_width=\u00bb1920&#8243; background_video_height=\u00bb1080&#8243;][et_pb_column type=\u00bb2_3&#8243; _builder_version=\u00bb3.0.47&#8243; parallax=\u00bboff\u00bb parallax_method=\u00bboff\u00bb background_position=\u00bbtop_left\u00bb background_repeat=\u00bbno-repeat\u00bb][et_pb_image src=\u00bbhttps:\/\/www.upla.cl\/postgrado\/wp-content\/uploads\/2017\/11\/2017_1117_postgrado_header.png\u00bb url=\u00bbhttps:\/\/www.upla.cl\/postgrado\u00bb admin_label=\u00bbLogo de Postgrado\u00bb _builder_version=\u00bb3.0.89&#8243;][\/et_pb_image][\/et_pb_column][et_pb_column type=\u00bb1_3&#8243; _builder_version=\u00bb3.0.47&#8243; parallax=\u00bboff\u00bb parallax_method=\u00bboff\u00bb background_position=\u00bbtop_left\u00bb background_repeat=\u00bbno-repeat\u00bb][et_pb_image src=\u00bbhttps:\/\/www.upla.cl\/postgrado\/wp-content\/uploads\/2016\/11\/upla_acreditacion-5.png\u00bb show_bottom_space=\u00bboff\u00bb align=\u00bbright\u00bb _builder_version=\u00bb3.0.106&#8243; max_width=\u00bb50%\u00bb module_alignment=\u00bbright\u00bb custom_padding=\u00bb|20px|10px|\u00bb][\/et_pb_image][\/et_pb_column][\/et_pb_row][\/et_pb_section][et_pb_section fb_built=\u00bb1&#8243; fullwidth=\u00bbon\u00bb _builder_version=\u00bb3.0.89&#8243; background_color=\u00bb#004562&#8243; custom_padding=\u00bb0px|0px|0px|0px\u00bb][et_pb_fullwidth_post_title meta=\u00bboff\u00bb text_color=\u00bblight\u00bb _builder_version=\u00bb3.0.89&#8243;][\/et_pb_fullwidth_post_title][\/et_pb_section][et_pb_section fb_built=\u00bb1&#8243; _builder_version=\u00bb3.0.89&#8243;][et_pb_row use_custom_gutter=\u00bbon\u00bb gutter_width=\u00bb2&#8243; _builder_version=\u00bb3.0.89&#8243;][et_pb_column type=\u00bb3_4&#8243; _builder_version=\u00bb3.0.47&#8243; parallax=\u00bboff\u00bb parallax_method=\u00bbon\u00bb][et_pb_text admin_label=\u00bbFunciones\u00bb _builder_version=\u00bb3.0.89&#8243;]De acuerdo al\u00a0Reglamento General de Postgrado (Decreto Exento N\u00ba 2054\/2013, Art\u00edculo 5), son tareas de la Direcci\u00f3n General de Postgrado:<\/p>\n<ol>\n<li>Pronunciarse t\u00e9cnicamente sobre los proyectos de creaci\u00f3n de programas y cursos de Postgrado, Informes de Autoevaluaci\u00f3n y sobre todas aquellas materias asociadas al mejoramiento de su calidad que le sean demandadas.<\/li>\n<li>Coordinar los procesos de Autoevaluaci\u00f3n y Acreditaci\u00f3n de los programas de Postgrado, estableciendo los procedimientos y plazos para estos procesos, en com\u00fan acuerdo con las facultades de las cuales dependen los programas y con la Direcci\u00f3n General de Gesti\u00f3n de la Calidad (Dirgecal)<\/li>\n<li>Pronunciarse t\u00e9cnicamente sobre comisiones de estudio relativas al perfeccionamiento de Postgrado de acad\u00e9micos y no acad\u00e9micos de la Universidad.<\/li>\n<li>Proponer nuevas l\u00edneas y mecanismos de estudios de Postgrado.<\/li>\n<li>Promover el perfeccionamiento de Postgrado y el desarrollo del nivel cuaternario en la universidad.<\/li>\n<li>Proponer el presupuesto asociado a la planificaci\u00f3n referida al Postgrado.<\/li>\n<li>Proponer y ejecutar los presupuestos anuales de la Direcci\u00f3n General de Postgrado.<\/li>\n<li>Coordinar las actividades asociadas al Postgrado a nivel nacional e internacional.<\/li>\n<li>Pronunciarse t\u00e9cnicamente sobre acuerdos interinstitucionales que tengan que ver con el Postgrado.<\/li>\n<li>Aplicar en el nivel operativo, las pol\u00edticas y definiciones estrat\u00e9gicas atingentes a las actividades de Postgrado.<\/li>\n<\/ol>\n<p>[\/et_pb_text][\/et_pb_column][et_pb_column type=\u00bb1_4&#8243; _builder_version=\u00bb3.0.47&#8243; parallax=\u00bboff\u00bb parallax_method=\u00bbon\u00bb][et_pb_button button_url=\u00bbhttps:\/\/www.upla.cl\/postgrado\/wp-content\/uploads\/2013\/11\/2013_0906_postgrados_dto_exto_2054-2013_rglto_gral.pdf\u00bb button_text=\u00bbReglamento General de Postgrado\u00bb admin_label=\u00bbBot\u00f3n reglamento postgrado\u00bb _builder_version=\u00bb3.0.89&#8243;][\/et_pb_button][et_pb_button button_url=\u00bbhttps:\/\/www.upla.cl\/postgrado\/wp-content\/uploads\/2018\/06\/2018_0614_postgrado_dto_exto_0415-2018_reglamentogeneral.pdf\u00bb button_text=\u00bbAutorizaci\u00f3n excepcional de reincorporaci\u00f3n seg\u00fan se indica\u00bb admin_label=\u00bbAutorizaci\u00f3n excepcional de reincorporaci\u00f3n seg\u00fan se indica\u00bb _builder_version=\u00bb3.7&#8243;][\/et_pb_button][et_pb_button button_url=\u00bbhttp:\/\/www.upla.cl\/calidad\u00bb url_new_window=\u00bbon\u00bb button_text=\u00bbGesti\u00f3n de la Calidad\u00bb admin_label=\u00bbBot\u00f3n calidad\u00bb _builder_version=\u00bb3.0.89&#8243;][\/et_pb_button][\/et_pb_column][\/et_pb_row][\/et_pb_section][et_pb_section fb_built=\u00bb1&#8243; module_id=\u00bbaccesos\u00bb _builder_version=\u00bb3.0.89&#8243; custom_padding=\u00bb0px|0px|0px|0px\u00bb global_module=\u00bb2034&#8243;][et_pb_row custom_padding=\u00bb0px|0px|0px|0px\u00bb _builder_version=\u00bb3.0.47&#8243; background_size=\u00bbinitial\u00bb background_position=\u00bbtop_left\u00bb background_repeat=\u00bbrepeat\u00bb][et_pb_column type=\u00bb4_4&#8243; _builder_version=\u00bb3.0.47&#8243; parallax=\u00bboff\u00bb parallax_method=\u00bbon\u00bb][et_pb_text admin_label=\u00bbTexto: suspensi\u00f3n de realizaci\u00f3n por m\u00ednimo de estudiantes requeridos\u00bb _builder_version=\u00bb3.0.89&#8243; max_width=\u00bb95%\u00bb module_alignment=\u00bbright\u00bb]<\/p>\n<p>\u00a0<\/p>\n<p>Cada programa se reserva el derecho de suspender su realizaci\u00f3n de no contar con el m\u00ednimo de estudiantes requeridos. En tal caso, se reembolsar\u00e1 a los matriculados la totalidad de la matr\u00edcula.<\/p>\n<p>\u00a0<\/p>\n<p>[\/et_pb_text][\/et_pb_column][\/et_pb_row][et_pb_row make_fullwidth=\u00bbon\u00bb custom_padding=\u00bb0px|0px|24.2667px|0px\u00bb background_color_1=\u00bb#009bdb\u00bb admin_label=\u00bbrow\u00bb _builder_version=\u00bb3.0.48&#8243;][et_pb_column type=\u00bb4_4&#8243; _builder_version=\u00bb3.0.47&#8243; background_color=\u00bb#009bdb\u00bb parallax=\u00bboff\u00bb parallax_method=\u00bbon\u00bb][et_pb_cta title=\u00bbACCESOS\u00bb admin_label=\u00bbACCESOS\u00bb _builder_version=\u00bb3.0.89&#8243; header_font_size=\u00bb20&#8243; use_background_color=\u00bboff\u00bb background_size=\u00bbinitial\u00bb background_position=\u00bbtop_left\u00bb background_repeat=\u00bbrepeat\u00bb text_orientation=\u00bbleft\u00bb custom_margin=\u00bb|||50px\u00bb custom_padding=\u00bb15px||0px|\u00bb saved_tabs=\u00bball\u00bb][\/et_pb_cta][\/et_pb_column][\/et_pb_row][et_pb_row custom_padding=\u00bb0px|0px|0px|0px\u00bb _builder_version=\u00bb3.0.47&#8243; background_size=\u00bbinitial\u00bb background_position=\u00bbtop_left\u00bb background_repeat=\u00bbrepeat\u00bb][et_pb_column type=\u00bb1_3&#8243; _builder_version=\u00bb3.0.47&#8243; parallax=\u00bboff\u00bb parallax_method=\u00bbon\u00bb][et_pb_text admin_label=\u00bbAccesos 1&#8243; _builder_version=\u00bb3.0.89&#8243; text_font=\u00bbLato||||\u00bb text_text_color=\u00bb#000000&#8243;]<\/p>\n<ul style=\"list-style-type: disc;\">\n<li><span style=\"color: #000000;\"><a style=\"color: #000000;\" href=\"https:\/\/acceso.upla.cl\/sinte\/Login.aspx?ReturnUrl=%2fsinte%2f\" target=\"_blank\" rel=\"noopener noreferrer\">Sistema Integrado Institucional<\/a><\/span><\/li>\n<li><span style=\"color: #000000;\"><a style=\"color: #000000;\" href=\"https:\/\/accounts.google.com\/signin\/v2\/identifier?continue=https%3A%2F%2Fmail.google.com%2Fmail%2F&amp;service=mail&amp;hd=alumnos.upla.cl&amp;sacu=1&amp;flowName=GlifWebSignIn&amp;flowEntry=AddSession\" target=\"_blank\" rel=\"noopener noreferrer\">Correo del estudiante<\/a><\/span><\/li>\n<li><span style=\"color: #000000;\"><a style=\"color: #000000;\" href=\"https:\/\/accounts.google.com\/signin\/v2\/identifier?continue=https%3A%2F%2Fmail.google.com%2Fmail%2F&amp;service=mail&amp;hd=upla.cl&amp;sacu=1&amp;flowName=GlifWebSignIn&amp;flowEntry=AddSession\" target=\"_blank\" rel=\"noopener noreferrer\">Correo institucional<\/a><\/span><\/li>\n<li><span style=\"color: #000000;\"><a href=\"https:\/\/acceso.upla.cl\/Contacto_Institucional\/\" target=\"_blank\" rel=\"noopener\"><span style=\"color: #000000;\">Sistema de Contacto Institucional<\/span><\/a><\/span><\/li>\n<\/ul>\n<p>[\/et_pb_text][\/et_pb_column][et_pb_column type=\u00bb1_3&#8243; _builder_version=\u00bb3.0.47&#8243; parallax=\u00bboff\u00bb parallax_method=\u00bbon\u00bb][et_pb_text admin_label=\u00bbAccesos 2&#8243; _builder_version=\u00bb3.0.106&#8243;]<\/p>\n<ul style=\"list-style-type: disc;\">\n<li><a title=\"Becas de Postgrado\" href=\"https:\/\/www.upla.cl\/postgrado\/escuela-de-postgrado\/becas-de-postgrado\/\"><span style=\"color: #000000;\">Becas de Postgrado<\/span><\/a><\/li>\n<li><a title=\"Calendario Acad\u00e9mico\" href=\"http:\/\/www.upla.cl\/calendarioacademico\" target=\"_blank\" rel=\"noopener\"><span style=\"color: #000000;\">Calendario Acad\u00e9mico<\/span><\/a><\/li>\n<li><a title=\"Direcci\u00f3n de Gesti\u00f3n Institucional\" href=\"http:\/\/www.upla.cl\/gestioninstitucional\" target=\"_blank\" rel=\"noopener\"><span style=\"color: #000000;\">Gesti\u00f3n Institucional<\/span><\/a><\/li>\n<\/ul>\n<p>[\/et_pb_text][\/et_pb_column][et_pb_column type=\u00bb1_3&#8243; _builder_version=\u00bb3.0.47&#8243; parallax=\u00bboff\u00bb parallax_method=\u00bbon\u00bb][et_pb_text admin_label=\u00bbAccesos 3&#8243; _builder_version=\u00bb3.0.89&#8243;]<\/p>\n<ul style=\"list-style-type: disc;\">\n<li><span style=\"color: #000000;\"><a style=\"color: #000000;\" href=\"http:\/\/www.upla.cl\/titulosygrados\/\" target=\"_blank\" rel=\"noopener noreferrer\">T\u00edtulos y grados<\/a><\/span><\/li>\n<li><span style=\"color: #000000;\"><a style=\"color: #000000;\" href=\"https:\/\/www.upla.cl\/postgrado\/escuela-de-postgrado\/aranceles\/\" target=\"_blank\" rel=\"noopener noreferrer\">Aranceles<\/a><\/span><\/li>\n<li><span style=\"color: #000000;\"><a style=\"color: #000000;\" href=\"http:\/\/www.upla.cl\/bibliotecas\" target=\"_blank\" rel=\"noopener noreferrer\">Bibliotecas UPLA<\/a><\/span><\/li>\n<li><span style=\"color: #000000;\"><a style=\"color: #000000;\" href=\"https:\/\/www.upla.cl\/postgrado\/wp-content\/uploads\/2013\/11\/2014_1007_postgrado_colecciones_biblioteca.pdf\" target=\"_blank\" rel=\"noopener noreferrer\">Cat\u00e1logo de colecciones electr\u00f3nicas disponibles (formato pdf)<\/a><\/span><\/li>\n<\/ul>\n<p>[\/et_pb_text][\/et_pb_column][\/et_pb_row][\/et_pb_section]<\/p>\n","protected":false},"excerpt":{"rendered":"<p>De acuerdo al\u00a0Reglamento General de Postgrado (Decreto Exento N\u00ba 2054\/2013, Art\u00edculo 5), son tareas de la Direcci\u00f3n General de Postgrado: Pronunciarse t\u00e9cnicamente sobre los proyectos de creaci\u00f3n de programas y cursos de Postgrado, Informes de Autoevaluaci\u00f3n y sobre todas aquellas materias asociadas al mejoramiento de su calidad que le sean demandadas. Coordinar los procesos de [&hellip;]<\/p>\n","protected":false},"author":2,"featured_media":2085,"parent":17,"menu_order":2,"comment_status":"closed","ping_status":"closed","template":"","meta":{"_et_pb_use_builder":"on","_et_pb_old_content":"<p>De acuerdo al\u00a0<a href=\"https:\/\/www.upla.cl\/postgrado\/wp-content\/uploads\/2013\/11\/2013_0906_postgrados_dto_exto_2054-2013_rglto_gral.pdf\" target=\"_blank\" rel=\"noopener\">Reglamento General de Postgrado (Decreto Exento N\u00ba 2054\/2013, Art\u00edculo 5)<\/a>, son tareas de la Direcci\u00f3n General de Postgrado:<\/p><ol><li>Pronunciarse t\u00e9cnicamente sobre los proyectos de creaci\u00f3n de programas y cursos de Postgrado, Informes de Autoevaluaci\u00f3n y sobre todas aquellas materias asociadas al mejoramiento de su calidad que le sean demandadas.<\/li><li>Coordinar los procesos de Autoevaluaci\u00f3n y Acreditaci\u00f3n de los programas de Postgrado, estableciendo los procedimientos y plazos para estos procesos, en com\u00fan acuerdo con las facultades de las cuales dependen los programas y con la <a href=\"http:\/\/www.upla.cl\/calidad\/\" target=\"_blank\" rel=\"noopener\">Direcci\u00f3n General de Gesti\u00f3n de la Calidad (Dirgecal)<\/a><\/li><li>Pronunciarse t\u00e9cnicamente sobre comisiones de estudio relativas al perfeccionamiento de Postgrado de acad\u00e9micos y no acad\u00e9micos de la Universidad.<\/li><li>Proponer nuevas l\u00edneas y mecanismos de estudios de Postgrado.<\/li><li>Promover el perfeccionamiento de Postgrado y el desarrollo del nivel cuaternario en la universidad.<\/li><li>Proponer el presupuesto asociado a la planificaci\u00f3n referida al Postgrado.<\/li><li>Proponer y ejecutar los presupuestos anuales de la Direcci\u00f3n General de Postgrado.<\/li><li>Coordinar las actividades asociadas al Postgrado a nivel nacional e internacional.<\/li><li>Pronunciarse t\u00e9cnicamente sobre acuerdos interinstitucionales que tengan que ver con el Postgrado.<\/li><li>Aplicar en el nivel operativo, las pol\u00edticas y definiciones estrat\u00e9gicas atingentes a las actividades de Postgrado.<\/li><\/ol>","_et_gb_content_width":"","footnotes":""},"class_list":["post-510","page","type-page","status-publish","has-post-thumbnail","hentry"],"_links":{"self":[{"href":"https:\/\/www.upla.cl\/postgrado\/wp-json\/wp\/v2\/pages\/510","targetHints":{"allow":["GET"]}}],"collection":[{"href":"https:\/\/www.upla.cl\/postgrado\/wp-json\/wp\/v2\/pages"}],"about":[{"href":"https:\/\/www.upla.cl\/postgrado\/wp-json\/wp\/v2\/types\/page"}],"author":[{"embeddable":true,"href":"https:\/\/www.upla.cl\/postgrado\/wp-json\/wp\/v2\/users\/2"}],"replies":[{"embeddable":true,"href":"https:\/\/www.upla.cl\/postgrado\/wp-json\/wp\/v2\/comments?post=510"}],"version-history":[{"count":3,"href":"https:\/\/www.upla.cl\/postgrado\/wp-json\/wp\/v2\/pages\/510\/revisions"}],"predecessor-version":[{"id":2533,"href":"https:\/\/www.upla.cl\/postgrado\/wp-json\/wp\/v2\/pages\/510\/revisions\/2533"}],"up":[{"embeddable":true,"href":"https:\/\/www.upla.cl\/postgrado\/wp-json\/wp\/v2\/pages\/17"}],"wp:featuredmedia":[{"embeddable":true,"href":"https:\/\/www.upla.cl\/postgrado\/wp-json\/wp\/v2\/media\/2085"}],"wp:attachment":[{"href":"https:\/\/www.upla.cl\/postgrado\/wp-json\/wp\/v2\/media?parent=510"}],"curies":[{"name":"wp","href":"https:\/\/api.w.org\/{rel}","templated":true}]}}