{"id":375,"date":"2014-01-07T14:36:13","date_gmt":"2014-01-07T17:36:13","guid":{"rendered":"http:\/\/www.upla.cl\/postgrado\/?page_id=375"},"modified":"2025-12-10T12:41:49","modified_gmt":"2025-12-10T15:41:49","slug":"aranceles","status":"publish","type":"page","link":"https:\/\/www.upla.cl\/postgrado\/escuela-de-postgrado\/aranceles\/","title":{"rendered":"Aranceles"},"content":{"rendered":"<p>[et_pb_section fb_built=\u00bb1&#8243; admin_label=\u00bbUPLA &#8211; Postgrado\u00bb module_id=\u00bbinicio\u00bb _builder_version=\u00bb3.0.89&#8243; custom_padding=\u00bb0px|0px|0|0px\u00bb global_module=\u00bb2025&#8243; global_colors_info=\u00bb{}\u00bb][\/et_pb_section][et_pb_section fb_built=\u00bb1&#8243; fullwidth=\u00bbon\u00bb _builder_version=\u00bb4.16&#8243; background_color=\u00bb#004562&#8243; custom_padding=\u00bb0px|0px|0px|0px\u00bb global_colors_info=\u00bb{}\u00bb][et_pb_fullwidth_post_title meta=\u00bboff\u00bb featured_placement=\u00bbbackground\u00bb text_color=\u00bblight\u00bb _builder_version=\u00bb4.27.5&#8243; background_color=\u00bb#004562&#8243; background_blend=\u00bbmultiply\u00bb custom_padding=\u00bb250px||250px||true|false\u00bb global_colors_info=\u00bb{}\u00bb][\/et_pb_fullwidth_post_title][\/et_pb_section][et_pb_section fb_built=\u00bb1&#8243; _builder_version=\u00bb4.16&#8243; global_colors_info=\u00bb{}\u00bb][et_pb_row use_custom_gutter=\u00bbon\u00bb gutter_width=\u00bb2&#8243; _builder_version=\u00bb4.16&#8243; global_colors_info=\u00bb{}\u00bb][et_pb_column type=\u00bb4_4&#8243; _builder_version=\u00bb4.16&#8243; custom_padding=\u00bb|||\u00bb global_colors_info=\u00bb{}\u00bb custom_padding__hover=\u00bb|||\u00bb][et_pb_text admin_label=\u00bbAranceles: derechos b\u00e1sicos\u00bb _builder_version=\u00bb4.27.5&#8243; global_colors_info=\u00bb{}\u00bb]<\/p>\n<p>De acuerdo al <strong><a title=\"Decreto Exento N\u00ba 1197\/2025\" href=\"https:\/\/www.upla.cl\/postgrado\/wp-content\/uploads\/2025\/10\/20251021_postgrado_dex-1197-2025_derechos-basicosyaranceles.pdf\" target=\"_blank\" rel=\"noopener\">Decreto Exento N\u00ba 1197\/2025<\/a><\/strong> y su complemento <a title=\"Decreto Exento N\u00b0 1503\/2025\" href=\"https:\/\/www.upla.cl\/postgrado\/wp-content\/uploads\/2025\/12\/20251210_postgrado_aranceles_doc-educacion-consorciado_dex_1503-2025.pdf\" target=\"_blank\" rel=\"noopener\"><strong>Decreto Exento N\u00b0 1503\/2025<\/strong><\/a>, que fijan los valores para el a\u00f1o acad\u00e9mico 2026\u00a0de Derechos B\u00e1sicos y de aranceles para las y los estudiantes de Post\u00edtulo y Postgrado de la Universidad de Playa Ancha, los valores a considerar son:<\/p>\n<h2>Derechos b\u00e1sicos<\/h2>\n<p>Deber\u00e1 efectuarse en una sola cuota, al contado, y ser\u00e1 requisito indispensable para iniciar las actividades acad\u00e9micas.<\/p>\n<p>&nbsp;<\/p>\n<table style=\"height: 185px; width: 100%; border-style: solid;\" cellpadding=\"1\">\n<tbody>\n<tr style=\"height: 65px;\">\n<td style=\"width: 89.7508%; height: 65px;\">\n<h3>Tipo de matr\u00edcula<\/h3>\n<\/td>\n<td style=\"width: 10%; height: 65px;\">\n<h3>Valor<\/h3>\n<\/td>\n<\/tr>\n<tr style=\"height: 24px;\">\n<td style=\"width: 89.7508%; height: 24px;\">Post\u00edtulo<\/td>\n<td style=\"text-align: right; width: 10%; height: 24px;\">$193.000.-<\/td>\n<\/tr>\n<tr style=\"height: 24px;\">\n<td style=\"width: 89.7508%; height: 24px;\">Diplomado<\/td>\n<td style=\"text-align: right; width: 10%; height: 24px;\">$193.000.-<\/td>\n<\/tr>\n<tr style=\"height: 24px;\">\n<td style=\"width: 89.7508%; height: 24px;\">Mag\u00edster<\/td>\n<td style=\"text-align: right; width: 10%; height: 24px;\">$193.000.-<\/td>\n<\/tr>\n<tr style=\"height: 24px;\">\n<td style=\"width: 89.7508%; height: 24px;\">Doctorado<\/td>\n<td style=\"text-align: right; width: 10%; height: 24px;\">$193.000.-<\/td>\n<\/tr>\n<tr style=\"height: 24px;\">\n<td style=\"width: 89.7508%; height: 24px;\">Situaci\u00f3n acad\u00e9mica especial (Inscripci\u00f3n de una o m\u00e1s asignaturas por segunda oportunidad)<\/td>\n<td style=\"text-align: right; width: 10%; height: 24px;\">$193.000.-<\/td>\n<\/tr>\n<\/tbody>\n<\/table>\n<p>[\/et_pb_text][\/et_pb_column][\/et_pb_row][et_pb_row use_custom_gutter=\u00bbon\u00bb gutter_width=\u00bb2&#8243; _builder_version=\u00bb4.16&#8243; global_colors_info=\u00bb{}\u00bb][et_pb_column type=\u00bb4_4&#8243; _builder_version=\u00bb4.16&#8243; custom_padding=\u00bb|||\u00bb global_colors_info=\u00bb{}\u00bb custom_padding__hover=\u00bb|||\u00bb][et_pb_text admin_label=\u00bbAranceles: postitulos\u00bb _builder_version=\u00bb4.27.4&#8243; global_colors_info=\u00bb{}\u00bb]<\/p>\n<h2>Post\u00edtulo<\/h2>\n<table style=\"width: 100%; border-style: solid;\" cellpadding=\"1\">\n<tbody>\n<tr>\n<td style=\"width: 80.40164899882214%;\">\n<h3>Programa<\/h3>\n<\/td>\n<td style=\"width: 10%;\">\n<h3>Valor<\/h3>\n<\/td>\n<td style=\"width: 10%;\">\n<h3>Cuotas<\/h3>\n<\/td>\n<\/tr>\n<tr>\n<td style=\"width: 80.40164899882214%;\">Post\u00edtulo en Orientaci\u00f3n Educacional<\/td>\n<td style=\"text-align: right; width: 10%;\">$1.500.000.-<\/td>\n<td style=\"text-align: right; width: 10%;\">10<\/td>\n<\/tr>\n<\/tbody>\n<\/table>\n<p>[\/et_pb_text][\/et_pb_column][\/et_pb_row][et_pb_row use_custom_gutter=\u00bbon\u00bb gutter_width=\u00bb2&#8243; disabled_on=\u00bbon|on|on\u00bb _builder_version=\u00bb4.27.4&#8243; disabled=\u00bbon\u00bb ab_subject=\u00bbon\u00bb ab_subject_id=\u00bb1&#8243; ab_goal=\u00bbon\u00bb global_colors_info=\u00bb{}\u00bb][et_pb_column type=\u00bb4_4&#8243; _builder_version=\u00bb4.16&#8243; custom_padding=\u00bb|||\u00bb global_colors_info=\u00bb{}\u00bb custom_padding__hover=\u00bb|||\u00bb][et_pb_text admin_label=\u00bbAranceles diplomados\u00bb _builder_version=\u00bb4.27.4&#8243; global_colors_info=\u00bb{}\u00bb]<\/p>\n<h2>Diplomado<\/h2>\n<table style=\"width: 100%;\" border=\"1\" cellpadding=\"1\">\n<tbody>\n<tr>\n<td style=\"width: 80.7428%;\">\n<h3>Programa<\/h3>\n<\/td>\n<td style=\"width: 10%;\">\n<h3>Valor<\/h3>\n<\/td>\n<td style=\"width: 10%;\">\n<h3>Cuotas<\/h3>\n<\/td>\n<\/tr>\n<tr>\n<td style=\"width: 80.7428%;\">Diplomado en Gesti\u00f3n Cultural<\/td>\n<td style=\"text-align: right; width: 10%;\">$2.420.000.-<\/td>\n<td style=\"text-align: right; width: 10%;\">10<\/td>\n<\/tr>\n<tr>\n<td style=\"width: 80.7428%;\">Diplomado en Educaci\u00f3n de Adultos<\/td>\n<td style=\"text-align: right; width: 10%;\">$1.990.000.-<\/td>\n<td style=\"text-align: right; width: 10%;\">10<\/td>\n<\/tr>\n<tr>\n<td style=\"width: 80.7428%;\">Diplomado en Desarrollo de Personas y Equipos para el Fortalecimiento de Grupos y Organizaciones<\/td>\n<td style=\"text-align: right; width: 10%;\">$2.400.000.-<\/td>\n<td style=\"text-align: right; width: 10%;\">10<\/td>\n<\/tr>\n<\/tbody>\n<\/table>\n<p>[\/et_pb_text][\/et_pb_column][\/et_pb_row][et_pb_row use_custom_gutter=\u00bbon\u00bb gutter_width=\u00bb2&#8243; disabled_on=\u00bbon|on|on\u00bb _builder_version=\u00bb4.16&#8243; disabled=\u00bbon\u00bb ab_subject=\u00bbon\u00bb ab_subject_id=\u00bb2&#8243; ab_goal=\u00bbon\u00bb global_colors_info=\u00bb{}\u00bb][et_pb_column type=\u00bb4_4&#8243; _builder_version=\u00bb4.16&#8243; custom_padding=\u00bb|||\u00bb global_colors_info=\u00bb{}\u00bb custom_padding__hover=\u00bb|||\u00bb][et_pb_text admin_label=\u00bbAranceles diplomados\u00bb _builder_version=\u00bb4.27.4&#8243; global_colors_info=\u00bb{}\u00bb]<\/p>\n<h2>Diplomado<\/h2>\n<table style=\"width: 100%;\" border=\"1\" cellpadding=\"1\">\n<tbody>\n<tr>\n<td style=\"width: 80.7428%;\">\n<h3>Programa<\/h3>\n<\/td>\n<td style=\"width: 10%;\">\n<h3>Valor<\/h3>\n<\/td>\n<td style=\"width: 10%;\">\n<h3>Cuotas<\/h3>\n<\/td>\n<\/tr>\n<tr>\n<td style=\"width: 80.7428%;\">Diplomado en Gesti\u00f3n Cultural<\/td>\n<td style=\"text-align: right; width: 10%;\">$2.420.000.-<\/td>\n<td style=\"text-align: right; width: 10%;\">10<\/td>\n<\/tr>\n<tr>\n<td style=\"width: 80.7428%;\">Diplomado en Educaci\u00f3n de Adultos<\/td>\n<td style=\"text-align: right; width: 10%;\">$1.990.000.-<\/td>\n<td style=\"text-align: right; width: 10%;\">10<\/td>\n<\/tr>\n<tr>\n<td style=\"width: 80.7428%;\">Diplomado en Desarrollo de Personas y Equipos para el Fortalecimiento de Grupos y Organizaciones<\/td>\n<td style=\"text-align: right; width: 10%;\">$2.400.000.-<\/td>\n<td style=\"text-align: right; width: 10%;\">10<\/td>\n<\/tr>\n<\/tbody>\n<\/table>\n<p>[\/et_pb_text][\/et_pb_column][\/et_pb_row][et_pb_row use_custom_gutter=\u00bbon\u00bb gutter_width=\u00bb2&#8243; _builder_version=\u00bb4.16&#8243; global_colors_info=\u00bb{}\u00bb][et_pb_column type=\u00bb4_4&#8243; _builder_version=\u00bb4.16&#8243; custom_padding=\u00bb|||\u00bb global_colors_info=\u00bb{}\u00bb custom_padding__hover=\u00bb|||\u00bb][et_pb_text admin_label=\u00bbAranceles: magister\u00bb _builder_version=\u00bb4.27.4&#8243; global_colors_info=\u00bb{}\u00bb]<\/p>\n<h2>Mag\u00edster<\/h2>\n<table style=\"height: 250px; width: 100%; border-style: solid;\" 1=\"\" cellpadding=\"1\">\n<tbody>\n<tr style=\"height: 65px;\">\n<td style=\"height: 10px; width: 79%;\">\n<h3>Programa<\/h3>\n<\/td>\n<td style=\"height: 10px; width: 10.9993%;\">\n<h3>Valor<\/h3>\n<\/td>\n<td style=\"height: 10px; width: 10%;\">\n<h3>Cuotas<\/h3>\n<\/td>\n<\/tr>\n<tr style=\"height: 24px;\">\n<td style=\"width: 79%; height: 24px;\">Mag\u00edster en Evaluaci\u00f3n Educacional<\/td>\n<td style=\"text-align: right; width: 10.9993%; height: 24px;\">$5.000.000.-<\/td>\n<td style=\"text-align: right; width: 10%; height: 24px;\">20<\/td>\n<\/tr>\n<tr style=\"height: 24px;\">\n<td style=\"width: 79%; height: 24px;\">Mag\u00edster en Educaci\u00f3n de Adultos y Procesos Formativos<\/td>\n<td style=\"text-align: right; width: 10.9993%; height: 24px;\">$5.000.000.-<\/td>\n<td style=\"text-align: right; width: 10%; height: 24px;\">20<\/td>\n<\/tr>\n<tr style=\"height: 24px;\">\n<td style=\"width: 79%; height: 24px;\">Mag\u00edster en Ense\u00f1anza de las Ciencias<\/td>\n<td style=\"text-align: right; width: 10.9993%; height: 24px;\">$5.000.000.-<\/td>\n<td style=\"text-align: right; width: 10%; height: 24px;\">20<\/td>\n<\/tr>\n<tr style=\"height: 24px;\">\n<td style=\"width: 79%; height: 24px;\">Mag\u00edster en Ling\u00fc\u00edstica (2 menciones)<\/td>\n<td style=\"text-align: right; width: 10.9993%; height: 24px;\">$5.000.000.-<\/td>\n<td style=\"text-align: right; width: 10%; height: 24px;\">20<\/td>\n<\/tr>\n<tr style=\"height: 24px;\">\n<td style=\"width: 79%; height: 24px;\">Mag\u00edster en Literatura (2 menciones)<\/td>\n<td style=\"text-align: right; width: 10.9993%; height: 24px;\">$5.000.000.-<\/td>\n<td style=\"text-align: right; width: 10%; height: 24px;\">20<\/td>\n<\/tr>\n<tr style=\"height: 24px;\">\n<td style=\"width: 79%; height: 24px;\"><span>Magister en Liderazgo y Gesti\u00f3n de Organizaciones Educativas<\/span><\/td>\n<td style=\"text-align: right; width: 10.9993%; height: 24px;\">$5.000.000.-<\/td>\n<td style=\"text-align: right; width: 10%; height: 24px;\">20<\/td>\n<\/tr>\n<tr style=\"height: 24px;\">\n<td style=\"width: 79%; height: 24px;\"><span>Mag\u00edster en Ciencia de Datos y Medio Ambiente<\/span><\/td>\n<td style=\"text-align: right; width: 10.9993%; height: 24px;\">$5.000.000.-<\/td>\n<td style=\"text-align: right; width: 10%; height: 24px;\">20<\/td>\n<\/tr>\n<tr style=\"height: 24px;\">\n<td style=\"width: 79%; height: 24px;\"><span>Mag\u00edster en Investigaci\u00f3n Educativa<\/span><\/td>\n<td style=\"text-align: right; width: 10.9993%; height: 24px;\">$3.750.000.-<\/td>\n<td style=\"text-align: right; width: 10%; height: 24px;\">15<\/td>\n<\/tr>\n<tr style=\"height: 24px;\">\n<td style=\"width: 79%; height: 24px;\"><span>Mag\u00edster en Actividad F\u00edsica para el Desarrollo Humano<\/span><\/td>\n<td style=\"text-align: right; width: 10.9993%; height: 24px;\">$2.840.000.-<\/td>\n<td style=\"text-align: right; width: 10%; height: 24px;\">10<\/td>\n<\/tr>\n<tr style=\"height: 24px;\">\n<td style=\"width: 79%; height: 24px;\"><span>Mag\u00edster en Educaci\u00f3n Inclusiva<\/span><\/td>\n<td style=\"text-align: right; width: 10.9993%; height: 24px;\">$2.840.000.-<\/td>\n<td style=\"text-align: right; width: 10%; height: 24px;\">10<\/td>\n<\/tr>\n<tr>\n<td style=\"width: 79%;\"><span>Situaci\u00f3n acad\u00e9mica especial (Inscripci\u00f3n de una o dos asignaturas en segunda oportunidad)<\/span><\/td>\n<td style=\"text-align: right; width: 10.9993%;\">$700.000.-<\/td>\n<td style=\"text-align: right; width: 10%;\">5 cuotas por semestre<\/td>\n<\/tr>\n<\/tbody>\n<\/table>\n<p>[\/et_pb_text][\/et_pb_column][\/et_pb_row][et_pb_row use_custom_gutter=\u00bbon\u00bb gutter_width=\u00bb2&#8243; _builder_version=\u00bb4.16&#8243; global_colors_info=\u00bb{}\u00bb][et_pb_column type=\u00bb4_4&#8243; _builder_version=\u00bb4.16&#8243; custom_padding=\u00bb|||\u00bb global_colors_info=\u00bb{}\u00bb custom_padding__hover=\u00bb|||\u00bb][et_pb_text admin_label=\u00bbAranceles Doctorado\u00bb _builder_version=\u00bb4.27.5&#8243; hover_enabled=\u00bb0&#8243; global_colors_info=\u00bb{}\u00bb sticky_enabled=\u00bb0&#8243;]<\/p>\n<h2>Doctorado<\/h2>\n<table style=\"width: 100%; border-style: solid; height: 161px;\" cellpadding=\"1\">\n<tbody>\n<tr style=\"height: 65px;\">\n<td style=\"width: 77.3369%; height: 65px;\">\n<h3>Programa<\/h3>\n<\/td>\n<td style=\"width: 10%; height: 65px;\">\n<h3>Valor<\/h3>\n<\/td>\n<td style=\"width: 10%; height: 65px;\">\n<h3>Cuotas<\/h3>\n<\/td>\n<\/tr>\n<tr>\n<td style=\"width: 77.3369%;\">Doctorado en Educaci\u00f3n (Consorciado)<\/td>\n<td style=\"text-align: right; width: 10%;\">$14.116.000.-<\/td>\n<td style=\"text-align: right; width: 10%;\">40<\/td>\n<\/tr>\n<tr style=\"height: 24px;\">\n<td style=\"width: 77.3369%; height: 24px;\">Doctorado en Literatura Hispanoamericana Contempor\u00e1nea<\/td>\n<td style=\"text-align: right; width: 10%; height: 24px;\">$11.340.000.-<\/td>\n<td style=\"text-align: right; width: 10%; height: 24px;\">40<\/td>\n<\/tr>\n<tr style=\"height: 24px;\">\n<td style=\"width: 77.3369%; height: 24px;\">Doctorado Interdisciplinario en Ciencias Ambientales<\/td>\n<td style=\"text-align: right; width: 10%; height: 24px;\">$11.340.000.-<\/td>\n<td style=\"text-align: right; width: 10%; height: 24px;\">40<\/td>\n<\/tr>\n<tr style=\"height: 24px;\">\n<td style=\"width: 77.3369%; height: 24px;\">Doctorado en Ciencias Sociales<\/td>\n<td style=\"text-align: right; width: 10%; height: 24px;\">$11.340.000.-<\/td>\n<td style=\"text-align: right; width: 10%; height: 24px;\">40<\/td>\n<\/tr>\n<tr style=\"height: 24px;\">\n<td style=\"width: 77.3369%; height: 24px;\">Doctorado en Artes Integradas<\/td>\n<td style=\"text-align: right; width: 10%; height: 24px;\">$10.000.000.-<\/td>\n<td style=\"text-align: right; width: 10%; height: 24px;\">40<\/td>\n<\/tr>\n<\/tbody>\n<\/table>\n<p>[\/et_pb_text][\/et_pb_column][\/et_pb_row][et_pb_row use_custom_gutter=\u00bbon\u00bb gutter_width=\u00bb2&#8243; _builder_version=\u00bb4.16&#8243; global_colors_info=\u00bb{}\u00bb][et_pb_column type=\u00bb4_4&#8243; _builder_version=\u00bb4.16&#8243; custom_padding=\u00bb|||\u00bb global_colors_info=\u00bb{}\u00bb custom_padding__hover=\u00bb|||\u00bb][et_pb_text admin_label=\u00bbAranceles Estudiantes provisionales\u00bb _builder_version=\u00bb4.27.4&#8243; global_colors_info=\u00bb{}\u00bb]<\/p>\n<h2>Estudiantes provisionales<\/h2>\n<table style=\"width: 100%; border-style: solid;\" cellpadding=\"1\">\n<tbody>\n<tr>\n<td style=\"width: 90.0177%;\">Estudiantes provisionales de Postgrado<\/td>\n<td style=\"text-align: right; width: 1.20627%;\">$400.000.-<\/td>\n<td style=\"text-align: right; width: 18.7936%;\">4 cuotas<\/td>\n<\/tr>\n<tr>\n<td style=\"width: 90.0177%;\">Inscripci\u00f3n<\/td>\n<td style=\"text-align: right; width: 1.20627%;\">$42.000.-<\/td>\n<td style=\"text-align: right; width: 18.7936%;\"><\/td>\n<\/tr>\n<tr>\n<td style=\"width: 90.0177%;\">Estudiantes provisionales extranjeros (Pasant\u00edas doctorales)<\/td>\n<td style=\"text-align: right; width: 1.20627%;\">$870.000.-<\/td>\n<td style=\"text-align: right; width: 18.7936%;\"><\/td>\n<\/tr>\n<\/tbody>\n<\/table>\n<p>[\/et_pb_text][\/et_pb_column][\/et_pb_row][et_pb_row use_custom_gutter=\u00bbon\u00bb gutter_width=\u00bb2&#8243; _builder_version=\u00bb4.16&#8243; global_colors_info=\u00bb{}\u00bb][et_pb_column type=\u00bb4_4&#8243; _builder_version=\u00bb4.16&#8243; custom_padding=\u00bb|||\u00bb global_colors_info=\u00bb{}\u00bb custom_padding__hover=\u00bb|||\u00bb][et_pb_text admin_label=\u00bbAranceles Estudiantes provisionales\u00bb _builder_version=\u00bb4.27.4&#8243; global_colors_info=\u00bb{}\u00bb]<\/p>\n<h2>Estudiantes de programas discontinuados<\/h2>\n<table style=\"height: 167px; width: 100.295%; border-style: solid;\" cellpadding=\"1\">\n<tbody>\n<tr style=\"height: 24px;\">\n<td style=\"width: 90.0177%; height: 24px;\">\n<h3>Programa<\/h3>\n<\/td>\n<td style=\"text-align: right; width: 10%; height: 24px;\">\n<h3>Valor<\/h3>\n<\/td>\n<td style=\"text-align: right; width: 10.295%; height: 24px;\">\n<h3>Cuotas<\/h3>\n<\/td>\n<\/tr>\n<tr style=\"height: 23px;\">\n<td style=\"width: 90.0177%; height: 23px;\">Mag\u00edster en Ciencias de la Actividad F\u00edsica, semestre adicional (Plan programa totalmente cancelado)<\/td>\n<td style=\"text-align: right; width: 10%; height: 23px;\">$830.000.-<\/td>\n<td style=\"text-align: right; width: 10.295%; height: 23px;\">5<\/td>\n<\/tr>\n<tr style=\"height: 24px;\">\n<td style=\"width: 90.0177%; height: 24px;\">Mag\u00edster en Ciencias de la Actividad F\u00edsica, semestre adicional (Plan programa parcialmente cancelado)<\/td>\n<td style=\"text-align: right; width: 10%; height: 24px;\">$1.250.000.-<\/td>\n<td style=\"text-align: right; width: 10.295%; height: 24px;\">5<\/td>\n<\/tr>\n<tr style=\"height: 24px;\">\n<td style=\"width: 90.0177%; height: 24px;\">Otros programas de Mag\u00edster, con semestre adicional (Plan del programa totalmente cancelado)<\/td>\n<td style=\"text-align: right; width: 10%; height: 24px;\">$720.000.-<\/td>\n<td style=\"text-align: right; width: 10.295%; height: 24px;\">5<\/td>\n<\/tr>\n<tr style=\"height: 24px;\">\n<td style=\"width: 90.0177%; height: 24px;\">Otros programas de Mag\u00edster, con semestre adicional (Plan del programa parcialmente cancelado o reincorporaci\u00f3n para terminar el programa)<\/td>\n<td style=\"text-align: right; width: 10%; height: 24px;\">$1.080.000.-<\/td>\n<td style=\"text-align: right; width: 10.295%; height: 24px;\">5<\/td>\n<\/tr>\n<tr style=\"height: 24px;\">\n<td style=\"width: 90.0177%; height: 24px;\">Doctorados, valor por semestre adicional \u00a0(Plan del programa totalmente cancelado)<\/td>\n<td style=\"text-align: right; width: 10%; height: 24px;\">$990.000.-<\/td>\n<td style=\"text-align: right; width: 10.295%; height: 24px;\">5<\/td>\n<\/tr>\n<tr style=\"height: 24px;\">\n<td style=\"width: 90.0177%; height: 24px;\">Doctorados, valor por semestre adicional (Plan del programa parcialmente cancelado)<\/td>\n<td style=\"text-align: right; width: 10%; height: 24px;\">$1.490.000<\/td>\n<td style=\"text-align: right; width: 10.295%; height: 24px;\">5<\/td>\n<\/tr>\n<\/tbody>\n<\/table>\n<p>&nbsp;<\/p>\n<p>[\/et_pb_text][\/et_pb_column][\/et_pb_row][\/et_pb_section]<\/p>\n","protected":false},"excerpt":{"rendered":"<p>Se fijan los valores para el a\u00f1o acad\u00e9mico en curso\u00a0de Derechos B\u00e1sicos y de aranceles para las y los estudiantes de Post\u00edtulo y Postgrado de la Universidad de Playa Ancha.<\/p>\n","protected":false},"author":2,"featured_media":2090,"parent":15,"menu_order":6,"comment_status":"closed","ping_status":"closed","template":"","meta":{"_et_pb_use_builder":"on","_et_pb_old_content":"<p>De acuerdo al <a href=\"https:\/\/www.upla.cl\/postgrado\/wp-content\/uploads\/2014\/01\/2017_0109_postgrado_dto_exto1642-2016_aranceles2017.pdf\">Decreto Exento N\u00ba 1642\/2016<\/a>, los valores para el a\u00f1o acad\u00e9mico 2017 de derechos b\u00e1sicos y de aranceles para los estudiantes de post\u00edtulo y postgrado de la universidad son los siguientes:<\/p><h2>Derechos b\u00e1sicos<\/h2><p>Deber\u00e1 efectuarse en una sola cuota, al contado, y ser\u00e1 requisito indispensable para iniciar las actividades acad\u00e9micas.<\/p><table style=\"border-color: #009bdb;\" border=\"1\" cellpadding=\"1\"><tbody><tr><td><h3>Tipo de matr\u00edcula<\/h3><\/td><td><h3>Valor<\/h3><\/td><\/tr><tr><td>Post\u00edtulo<\/td><td style=\"text-align: right;\">$137.000.-<\/td><\/tr><tr><td>Diplomado<\/td><td style=\"text-align: right;\">$137.000.-<\/td><\/tr><tr><td>Mag\u00edster<\/td><td style=\"text-align: right;\">$140.000.-<\/td><\/tr><tr><td>Doctorado<\/td><td style=\"text-align: right;\">$140.000.-<\/td><\/tr><\/tbody><\/table><h2>Post\u00edtulo<\/h2><table style=\"border-color: #009bdb;\" border=\"1\" cellpadding=\"1\"><tbody><tr><td><h3>Programa<\/h3><\/td><td><h3>Valor<\/h3><\/td><td><h3>Cuotas<\/h3><\/td><\/tr><tr><td>Post\u00edtulo en Orientaci\u00f3n Educacional<\/td><td style=\"text-align: right;\">$1.275.000.-<\/td><td style=\"text-align: right;\">12<\/td><\/tr><\/tbody><\/table><h2>Diplomado<\/h2><table style=\"border-color: #009bdb;\" border=\"1\" cellpadding=\"1\"><tbody><tr><td><h3>Programa<\/h3><\/td><td><h3>Valor<\/h3><\/td><td><h3>Cuotas<\/h3><\/td><\/tr><tr><td>Diplomado en Educaci\u00f3n de la Voz<\/td><td style=\"text-align: right;\">$1.970.000.-<\/td><td style=\"text-align: right;\">12<\/td><\/tr><tr><td>Diplomado en Gesti\u00f3n Cultural<\/td><td style=\"text-align: right;\">$1.970.000.-<\/td><td style=\"text-align: right;\">12<\/td><\/tr><tr><td>Diplomado en Desarrollo de Personas y Equipos<\/td><td style=\"text-align: right;\">$1.970.000.-<\/td><td style=\"text-align: right;\">12<\/td><\/tr><\/tbody><\/table><h2>Mag\u00edster<\/h2><table style=\"border-color: #009bdb;\" border=\"1\" cellpadding=\"1\"><tbody><tr style=\"height: 65px;\"><td style=\"height: 65px;\"><h3>Programa<\/h3><\/td><td style=\"height: 65px;\"><h3>Valor<\/h3><\/td><td style=\"height: 65px;\"><h3>Cuotas<\/h3><\/td><\/tr><tr style=\"height: 48px;\"><td style=\"height: 48px;\">Mag\u00edster en Administraci\u00f3n Educacional con menci\u00f3n en Sistemas Educativos<\/td><td style=\"text-align: right; height: 48px;\">$3.750.000.-<\/td><td style=\"text-align: right; height: 48px;\">24<\/td><\/tr><tr style=\"height: 24px;\"><td style=\"height: 24px;\">Mag\u00edster en Evaluaci\u00f3n Educacional<\/td><td style=\"text-align: right; height: 24px;\">$3.950.000.-<\/td><td style=\"text-align: right; height: 24px;\">24<\/td><\/tr><tr style=\"height: 24px;\"><td style=\"height: 24px;\">Mag\u00edster en Creaci\u00f3n de Ambientes Propicios para el Aprendizaje<\/td><td style=\"text-align: right; height: 24px;\">$3.750.000.-<\/td><td style=\"text-align: right; height: 24px;\">24<\/td><\/tr><tr style=\"height: 24px;\"><td style=\"height: 24px;\">Mag\u00edster en Educaci\u00f3n de Adultos y Procesos Formativos<\/td><td style=\"text-align: right; height: 24px;\">$3.950.000.-<\/td><td style=\"text-align: right; height: 24px;\">24<\/td><\/tr><tr style=\"height: 24px;\"><td style=\"height: 24px;\">Mag\u00edster en Primer Ciclo de la Educaci\u00f3n Parvularia<\/td><td style=\"text-align: right; height: 24px;\">$3.750.000.-<\/td><td style=\"text-align: right; height: 24px;\">24<\/td><\/tr><tr style=\"height: 24px;\"><td style=\"height: 24px;\">Mag\u00edster en Comunicaci\u00f3n Local y Comunicaci\u00f3n Organizacional<\/td><td style=\"text-align: right; height: 24px;\">$3.750.000.-<\/td><td style=\"text-align: right; height: 24px;\">24<\/td><\/tr><tr style=\"height: 24px;\"><td style=\"height: 24px;\">Mag\u00edster en Bibliotecolog\u00eda<\/td><td style=\"text-align: right; height: 24px;\">$3.750.000.-<\/td><td style=\"text-align: right; height: 24px;\">24<\/td><\/tr><tr style=\"height: 24px;\"><td style=\"height: 24px;\">Mag\u00edster en Arte<\/td><td style=\"text-align: right; height: 24px;\">$3.950.000.-<\/td><td style=\"text-align: right; height: 24px;\">24<\/td><\/tr><tr style=\"height: 24.4375px;\"><td style=\"height: 24.4375px;\">Mag\u00edster en Educaci\u00f3n Art\u00edstica<\/td><td style=\"text-align: right; height: 24.4375px;\">$3.750.000.-<\/td><td style=\"text-align: right; height: 24.4375px;\">24<\/td><\/tr><tr style=\"height: 24px;\"><td style=\"height: 24px;\">Mag\u00edster en Ense\u00f1anza de las Ciencias<\/td><td style=\"text-align: right; height: 24px;\">$3.950.000.-<\/td><td style=\"text-align: right; height: 24px;\">\u00a024<\/td><\/tr><tr style=\"height: 24px;\"><td style=\"height: 24px;\">Mag\u00edster en Gesti\u00f3n Cultural<\/td><td style=\"text-align: right; height: 24px;\">$3.750.000.-<\/td><td style=\"text-align: right; height: 24px;\">\u00a024<\/td><\/tr><tr style=\"height: 24px;\"><td style=\"height: 24px;\">Mag\u00edster en Ling\u00fc\u00edstica<\/td><td style=\"text-align: right; height: 24px;\">$3.950.000.-<\/td><td style=\"text-align: right; height: 24px;\">\u00a024<\/td><\/tr><tr style=\"height: 24px;\"><td style=\"height: 24px;\">Mag\u00edster en Literatura<\/td><td style=\"text-align: right; height: 24px;\">$3.950.000.-<\/td><td style=\"text-align: right; height: 24px;\">\u00a024<\/td><\/tr><tr style=\"height: 24px;\"><td style=\"height: 24px;\">Mag\u00edster en Ciencias de la Actividad F\u00edsica y del Deporte<\/td><td style=\"text-align: right; height: 24px;\">$4.950.000.-<\/td><td style=\"text-align: right; height: 24px;\">24<\/td><\/tr><\/tbody><\/table><h2>Doctorado<\/h2><table style=\"border-color: #009bdb;\" border=\"1\" cellpadding=\"1\"><tbody><tr><td><h3>Programa<\/h3><\/td><td><h3>Valor<\/h3><\/td><td><h3>Cuotas<\/h3><\/td><\/tr><tr><td>Doctorado en Literatura<\/td><td style=\"text-align: right;\">$8.300.000.-<\/td><td style=\"text-align: right;\">40<\/td><\/tr><tr><td>Doctorado en Pol\u00edtica y Gesti\u00f3n Educativa<\/td><td style=\"text-align: right;\">$8.800.000.-<\/td><td style=\"text-align: right;\">36<\/td><\/tr><tr><td>Doctorado Interdisciplinario en Ciencias Ambientales<\/td><td style=\"text-align: right;\">$3.000.000.-<\/td><td style=\"text-align: right;\">Anual<\/td><\/tr><\/tbody><\/table><h2>Estudiantes provisionales<\/h2><table style=\"border-color: #009bdb;\" border=\"1\" cellpadding=\"1\"><tbody><tr><td>Valor de cada asignatura de postgrado<\/td><td style=\"text-align: right;\">$272.000.-<\/td><\/tr><tr><td>Inscripci\u00f3n<\/td><td style=\"text-align: right;\">$23.300.-<\/td><\/tr><\/tbody><\/table>","_et_gb_content_width":"","footnotes":""},"class_list":["post-375","page","type-page","status-publish","has-post-thumbnail","hentry"],"_links":{"self":[{"href":"https:\/\/www.upla.cl\/postgrado\/wp-json\/wp\/v2\/pages\/375","targetHints":{"allow":["GET"]}}],"collection":[{"href":"https:\/\/www.upla.cl\/postgrado\/wp-json\/wp\/v2\/pages"}],"about":[{"href":"https:\/\/www.upla.cl\/postgrado\/wp-json\/wp\/v2\/types\/page"}],"author":[{"embeddable":true,"href":"https:\/\/www.upla.cl\/postgrado\/wp-json\/wp\/v2\/users\/2"}],"replies":[{"embeddable":true,"href":"https:\/\/www.upla.cl\/postgrado\/wp-json\/wp\/v2\/comments?post=375"}],"version-history":[{"count":39,"href":"https:\/\/www.upla.cl\/postgrado\/wp-json\/wp\/v2\/pages\/375\/revisions"}],"predecessor-version":[{"id":129182,"href":"https:\/\/www.upla.cl\/postgrado\/wp-json\/wp\/v2\/pages\/375\/revisions\/129182"}],"up":[{"embeddable":true,"href":"https:\/\/www.upla.cl\/postgrado\/wp-json\/wp\/v2\/pages\/15"}],"wp:featuredmedia":[{"embeddable":true,"href":"https:\/\/www.upla.cl\/postgrado\/wp-json\/wp\/v2\/media\/2090"}],"wp:attachment":[{"href":"https:\/\/www.upla.cl\/postgrado\/wp-json\/wp\/v2\/media?parent=375"}],"curies":[{"name":"wp","href":"https:\/\/api.w.org\/{rel}","templated":true}]}}