{"id":262,"date":"2013-11-26T15:14:16","date_gmt":"2013-11-26T18:14:16","guid":{"rendered":"http:\/\/www.upla.cl\/postgrado\/?page_id=262"},"modified":"2025-08-07T10:01:48","modified_gmt":"2025-08-07T14:01:48","slug":"creacion-de-programas","status":"publish","type":"page","link":"https:\/\/www.upla.cl\/postgrado\/escuela-de-postgrado\/creacion-de-programas\/","title":{"rendered":"Creaci\u00f3n de programas"},"content":{"rendered":"<p>[et_pb_section fb_built=\u00bb1&#8243; admin_label=\u00bbUPLA &#8211; Postgrado\u00bb module_id=\u00bbinicio\u00bb _builder_version=\u00bb3.0.89&#8243; custom_padding=\u00bb0px|0px|0|0px\u00bb global_module=\u00bb2025&#8243; global_colors_info=\u00bb{}\u00bb][\/et_pb_section][et_pb_section fb_built=\u00bb1&#8243; fullwidth=\u00bbon\u00bb _builder_version=\u00bb4.16&#8243; background_color=\u00bb#004562&#8243; custom_padding=\u00bb0px|0px|0px|0px\u00bb global_colors_info=\u00bb{}\u00bb][et_pb_fullwidth_post_title meta=\u00bboff\u00bb text_color=\u00bblight\u00bb _builder_version=\u00bb4.16&#8243; global_colors_info=\u00bb{}\u00bb][\/et_pb_fullwidth_post_title][\/et_pb_section][et_pb_section fb_built=\u00bb1&#8243; _builder_version=\u00bb4.16&#8243; global_colors_info=\u00bb{}\u00bb][et_pb_row column_structure=\u00bb1_4,3_4&#8243; use_custom_gutter=\u00bbon\u00bb gutter_width=\u00bb2&#8243; _builder_version=\u00bb4.16&#8243; global_colors_info=\u00bb{}\u00bb][et_pb_column type=\u00bb1_4&#8243; _builder_version=\u00bb4.16&#8243; custom_padding=\u00bb|||\u00bb global_colors_info=\u00bb{}\u00bb custom_padding__hover=\u00bb|||\u00bb][et_pb_text admin_label=\u00bbPresentaci\u00f3n Direcci\u00f3n General de Investigaci\u00f3n\u00bb _builder_version=\u00bb4.16&#8243; global_colors_info=\u00bb{}\u00bb]La creaci\u00f3n de programas de postgrado ser\u00e1 iniciativa de equipos acad\u00e9micos con grado de Magister o Doctor, seg\u00fan se trate, pertenecientes a las Facultades. Los programas deben responder al Plan Estrat\u00e9gico de la Universidad, Facultad, Departamento y sus l\u00edneas de desarrollo disciplinario.<br \/>\n[\/et_pb_text][\/et_pb_column][et_pb_column type=\u00bb3_4&#8243; _builder_version=\u00bb4.16&#8243; custom_padding=\u00bb|||\u00bb global_colors_info=\u00bb{}\u00bb custom_padding__hover=\u00bb|||\u00bb][et_pb_blurb title=\u00bbPrograma de actividad formativa para postgrado\u00bb use_icon=\u00bbon\u00bb font_icon=\u00bb&#x69;||divi||400&#8243; icon_placement=\u00bbleft\u00bb image_icon_width=\u00bb70px\u00bb content_max_width=\u00bb1100px\u00bb _builder_version=\u00bb4.18.0&#8243; _module_preset=\u00bbdefault\u00bb header_font_size=\u00bb30px\u00bb body_font_size=\u00bb18px\u00bb global_colors_info=\u00bb{}\u00bb]<\/p>\n<p>Protocolo de dise\u00f1o curricular para la creaci\u00f3n de nuevos programas de Postgrado en la Universidad de Playa Ancha<\/p>\n<p>[\/et_pb_blurb][et_pb_text _builder_version=\u00bb4.18.0&#8243; _module_preset=\u00bbdefault\u00bb hover_enabled=\u00bb0&#8243; global_colors_info=\u00bb{}\u00bb sticky_enabled=\u00bb0&#8243;]<div class=\"_df_book df-lite\" id=\"df_99224\"  _slug=\"formato-de-presentacion-de-programas\" data-title=\"formato-de-presentacion-de-programas\" wpoptions=\"true\" thumbtype=\"\" ><\/div><script class=\"df-shortcode-script\" nowprocket type=\"application\/javascript\">window.option_df_99224 = {\"outline\":[],\"autoEnableOutline\":\"false\",\"autoEnableThumbnail\":\"false\",\"overwritePDFOutline\":\"false\",\"direction\":\"1\",\"pageSize\":\"2\",\"source\":\"https:\\\/\\\/www.upla.cl\\\/postgrado\\\/wp-content\\\/uploads\\\/2022\\\/09\\\/20220902_postgrado_formatodeprogramasformativos.pdf\",\"wpOptions\":\"true\"}; if(window.DFLIP && window.DFLIP.parseBooks){window.DFLIP.parseBooks();}<\/script>[\/et_pb_text][\/et_pb_column][\/et_pb_row][\/et_pb_section][et_pb_section fb_built=\u00bb1&#8243; module_id=\u00bbaccesos\u00bb _builder_version=\u00bb3.0.89&#8243; _module_preset=\u00bbdefault\u00bb custom_padding=\u00bb0px|0px|0px|0px\u00bb global_module=\u00bb2034&#8243; global_colors_info=\u00bb{}\u00bb][et_pb_row column_structure=\u00bb1_3,1_3,1_3&#8243; _builder_version=\u00bb4.16&#8243; background_size=\u00bbinitial\u00bb background_position=\u00bbtop_left\u00bb background_repeat=\u00bbrepeat\u00bb custom_padding=\u00bb0px|0px|0px|0px\u00bb global_colors_info=\u00bb{}\u00bb][et_pb_column type=\u00bb1_3&#8243; _builder_version=\u00bb4.16&#8243; custom_padding=\u00bb|||\u00bb global_colors_info=\u00bb{}\u00bb custom_padding__hover=\u00bb|||\u00bb][et_pb_text admin_label=\u00bbAccesos 1&#8243; _builder_version=\u00bb4.16&#8243; text_font=\u00bbLato||||\u00bb text_text_color=\u00bb#000000&#8243; global_colors_info=\u00bb{}\u00bb]<\/p>\n<ul style=\"list-style-type: disc;\">\n<li><span style=\"color: #000000;\"><a style=\"color: #000000;\" href=\"https:\/\/acceso.upla.cl\/sinte\/Login.aspx?ReturnUrl=%2fsinte%2f\" target=\"_blank\" rel=\"noopener noreferrer\">Sistema Integrado Institucional<\/a><\/span><\/li>\n<li><span style=\"color: #000000;\"><a style=\"color: #000000;\" href=\"https:\/\/accounts.google.com\/signin\/v2\/identifier?continue=https%3A%2F%2Fmail.google.com%2Fmail%2F&amp;service=mail&amp;hd=alumnos.upla.cl&amp;sacu=1&amp;flowName=GlifWebSignIn&amp;flowEntry=AddSession\" target=\"_blank\" rel=\"noopener noreferrer\">Correo del estudiante<\/a><\/span><\/li>\n<li><span style=\"color: #000000;\"><a style=\"color: #000000;\" href=\"https:\/\/accounts.google.com\/signin\/v2\/identifier?continue=https%3A%2F%2Fmail.google.com%2Fmail%2F&amp;service=mail&amp;hd=upla.cl&amp;sacu=1&amp;flowName=GlifWebSignIn&amp;flowEntry=AddSession\" target=\"_blank\" rel=\"noopener noreferrer\">Correo institucional<\/a><\/span><\/li>\n<li><span style=\"color: #000000;\"><a href=\"https:\/\/acceso.upla.cl\/Contacto_Institucional\/\" target=\"_blank\" rel=\"noopener noreferrer\"><span style=\"color: #000000;\">Sistema de Contacto Institucional<\/span><\/a><\/span><\/li>\n<\/ul>\n<p>[\/et_pb_text][\/et_pb_column][et_pb_column type=\u00bb1_3&#8243; _builder_version=\u00bb4.16&#8243; custom_padding=\u00bb|||\u00bb global_colors_info=\u00bb{}\u00bb custom_padding__hover=\u00bb|||\u00bb][et_pb_text admin_label=\u00bbAccesos 2&#8243; _builder_version=\u00bb4.16&#8243; global_colors_info=\u00bb{}\u00bb]<\/p>\n<ul style=\"list-style-type: disc;\">\n<li><a title=\"Becas de Postgrado\" href=\"https:\/\/www.upla.cl\/postgrado\/escuela-de-postgrado\/becas-de-postgrado\/\"><span style=\"color: #000000;\">Becas de Postgrado<\/span><\/a><\/li>\n<li><a title=\"Calendario Acad\u00e9mico\" href=\"https:\/\/www.upla.cl\/calendarioacademico\" target=\"_blank\" rel=\"noopener noreferrer\"><span style=\"color: #000000;\">Calendario Acad\u00e9mico<\/span><\/a><\/li>\n<li><a title=\"Secretar\u00eda de Estudios\" href=\"https:\/\/www.upla.cl\/gestioninstitucional\" target=\"_blank\" rel=\"noopener noreferrer\"><span style=\"color: #000000;\">Secretar\u00eda de Estudios<\/span><\/a><\/li>\n<\/ul>\n<p>[\/et_pb_text][\/et_pb_column][et_pb_column type=\u00bb1_3&#8243; _builder_version=\u00bb4.16&#8243; custom_padding=\u00bb|||\u00bb global_colors_info=\u00bb{}\u00bb custom_padding__hover=\u00bb|||\u00bb][et_pb_text admin_label=\u00bbAccesos 3&#8243; _builder_version=\u00bb4.16&#8243; global_colors_info=\u00bb{}\u00bb]<\/p>\n<ul style=\"list-style-type: disc;\">\n<li><span style=\"color: #000000;\"><a style=\"color: #000000;\" href=\"https:\/\/www.upla.cl\/titulosygrados\/\" target=\"_blank\" rel=\"noopener noreferrer\">T\u00edtulos y grados<\/a><\/span><\/li>\n<li><span style=\"color: #000000;\"><a style=\"color: #000000;\" href=\"https:\/\/www.upla.cl\/postgrado\/escuela-de-postgrado\/aranceles\/\" target=\"_blank\" rel=\"noopener noreferrer\">Aranceles<\/a><\/span><\/li>\n<li><span style=\"color: #000000;\"><a style=\"color: #000000;\" href=\"https:\/\/www.upla.cl\/bibliotecas\" target=\"_blank\" rel=\"noopener noreferrer\">Bibliotecas UPLA<\/a><\/span><\/li>\n<li><span style=\"color: #000000;\"><a style=\"color: #000000;\" href=\"https:\/\/www.upla.cl\/postgrado\/wp-content\/uploads\/2013\/11\/2014_1007_postgrado_colecciones_biblioteca.pdf\" target=\"_blank\" rel=\"noopener noreferrer\">Cat\u00e1logo de colecciones electr\u00f3nicas disponibles (formato pdf)<\/a><\/span><\/li>\n<\/ul>\n<p>[\/et_pb_text][\/et_pb_column][\/et_pb_row][\/et_pb_section]<\/p>\n","protected":false},"excerpt":{"rendered":"<p>La creaci\u00f3n de programas de postgrado ser\u00e1 iniciativa de equipos acad\u00e9micos con grado de Magister o Doctor, seg\u00fan se trate, pertenecientes a las Facultades. Los programas deben responder al Plan Estrat\u00e9gico de la Universidad, Facultad, Departamento y sus l\u00edneas de desarrollo disciplinario. Protocolo de dise\u00f1o curricular para la creaci\u00f3n de nuevos programas de Postgrado en [&hellip;]<\/p>\n","protected":false},"author":2,"featured_media":2091,"parent":15,"menu_order":6,"comment_status":"closed","ping_status":"closed","template":"","meta":{"_et_pb_use_builder":"on","_et_pb_old_content":"<p>La creaci\u00f3n de programas de postgrado ser\u00e1 iniciativa de equipos acad\u00e9micos con Grado de Magister o Doctor, seg\u00fan se trate, pertenecientes a las Facultades. Los programas deben responder al Plan Estrat\u00e9gico de la Universidad, Facultad, Departamento y sus l\u00edneas de desarrollo disciplinario.<\/p><p>El Informe debe seguir la siguiente estructura:<\/p><h3>1. Informe del Programa<\/h3><ul><li>Vinculaci\u00f3n con Plan Estrat\u00e9gico de la Unidad Acad\u00e9mica.<\/li><li>Descripci\u00f3n.<\/li><li>Fundamentaci\u00f3n te\u00f3rica.<\/li><li>Objetivos Generales.<\/li><li>Objetivos Espec\u00edficos.<\/li><li>R\u00e9gimen: intensivo \/ d\u00eda semana horario vespertino \/ d\u00eda s\u00e1bado \/ modalidad semivirtual.<\/li><li>Poblaci\u00f3n blanco.<\/li><li>Requisitos de ingreso - Acorde a Nuevo Reglamento de Postgrado.<\/li><li>Informe de competencia en el medio local.<\/li><li>Cuerpo docente. Profesores con grado igual o superior al programa que se crea.<\/li><li>Curr\u00edculum Vitae de cada acad\u00e9mico\/a adscrito al programa.<\/li><li>Malla Curricular (contemplando \u00e1reas electivas flexibles).<\/li><li>Sistema de cr\u00e9ditos. Acorde a Nuevo Reglamento de Postgrado.<\/li><li>Infrestructura:<ul><li>Biblioteca, material bibliogr\u00e1fico. Presentar listado de material bibliogr\u00e1fico requerido y existente en biblioteca. Los est\u00e1ndares para programas en condiciones de acreditaci\u00f3n son los siguientes:<ul><li>El 50% del material debe estar en versi\u00f3n impresa.<\/li><li>Los programas de Magister deben estar suscritos a 12 publicaciones peri\u00f3dicas internacionales en su \u00e1rea.<\/li><li>Los programas de Doctorado deben estar suscritos a 16 publicaciones peri\u00f3dicas internacionales en su \u00e1rea (REFERENCIA: \u201cEst\u00e1ndares para bibliotecas universitarias chilenas\u201d. 2\u00ba Edici\u00f3n Consejo de Rectores de las universidades chilenas y Comisi\u00f3n asesora de bibliotecas y documentaci\u00f3n, 2003.).<\/li><\/ul><\/li><\/ul><\/li><li>Estudio Financiero entregado por la Vice-Rector\u00eda de Finanzas.<\/li><\/ul><h3>2. Estructura curricular<\/h3><p>Criterios:<\/p><ul><li>Educaci\u00f3n continua, flexibilidad, estructura modular, que posibilite la salida intermedia y propenda a la diversificaci\u00f3n de la oferta:<ul><li>Curso de Especializaci\u00f3n (1 mes, 1 semestre) factible de convalidarse por opci\u00f3n de continuar.<\/li><li>Post\u00edtulo (1 semestre, 1 a\u00f1o) de actualizaci\u00f3n hasta 200 hrs., de profundizaci\u00f3n hasta 400 hrs.<\/li><li>Diplomado (1 semestre, 1 a\u00f1o) de actualizaci\u00f3n hasta 200 hrs., de profundizaci\u00f3n hasta 400 hrs.<\/li><li>Mag\u00edster: profesionalizante (1 a\u00f1o) con tesina o estudio de caso, acad\u00e9mico (2 a\u00f1os) con tesis.<\/li><li>Doctorado (3 a\u00f1os con Tesis)<\/li><\/ul><\/li><\/ul><h3>3. Procedimiento a seguir<\/h3><p>Los Programas deber\u00e1n ser presentados y aprobados en las siguientes unidades y en el orden que se indica:<\/p><ol><li>Consejo de Facultad<\/li><li>Escuela de Postgrado<\/li><li>Consejo Acad\u00e9mico<\/li><li>Junta Directiva<\/li><\/ol><h3>4. Decreto y firma de Rector\u00eda<\/h3><p>La creaci\u00f3n del programa debe ser decretada y firmada por el Rector para los efectos de su vigencia oficial.<\/p><h4>Anexo<\/h4><p>Una vez emitido el Decreto de Creaci\u00f3n del Programa se debe solicitar a la <strong>Direcci\u00f3n de Selecci\u00f3n y Admisi\u00f3n de Alumnos<\/strong> la creaci\u00f3n de c\u00f3digo arancelario de Carrera. Para esto se deben enviar los siguientes datos:<\/p><ul><li>Decreto de creaci\u00f3n<\/li><li>A\u00f1o de inicio<\/li><li>Centro de Costo<\/li><li>Unidad Acad\u00e9mica<\/li><li>Nombre Coordinador\/a<\/li><li>Rut<\/li><li>Fono<\/li><li>E-mail<\/li><li>Secretaria<\/li><li>Anexo<\/li><\/ul>","_et_gb_content_width":"","footnotes":""},"class_list":["post-262","page","type-page","status-publish","has-post-thumbnail","hentry"],"_links":{"self":[{"href":"https:\/\/www.upla.cl\/postgrado\/wp-json\/wp\/v2\/pages\/262","targetHints":{"allow":["GET"]}}],"collection":[{"href":"https:\/\/www.upla.cl\/postgrado\/wp-json\/wp\/v2\/pages"}],"about":[{"href":"https:\/\/www.upla.cl\/postgrado\/wp-json\/wp\/v2\/types\/page"}],"author":[{"embeddable":true,"href":"https:\/\/www.upla.cl\/postgrado\/wp-json\/wp\/v2\/users\/2"}],"replies":[{"embeddable":true,"href":"https:\/\/www.upla.cl\/postgrado\/wp-json\/wp\/v2\/comments?post=262"}],"version-history":[{"count":7,"href":"https:\/\/www.upla.cl\/postgrado\/wp-json\/wp\/v2\/pages\/262\/revisions"}],"predecessor-version":[{"id":128872,"href":"https:\/\/www.upla.cl\/postgrado\/wp-json\/wp\/v2\/pages\/262\/revisions\/128872"}],"up":[{"embeddable":true,"href":"https:\/\/www.upla.cl\/postgrado\/wp-json\/wp\/v2\/pages\/15"}],"wp:featuredmedia":[{"embeddable":true,"href":"https:\/\/www.upla.cl\/postgrado\/wp-json\/wp\/v2\/media\/2091"}],"wp:attachment":[{"href":"https:\/\/www.upla.cl\/postgrado\/wp-json\/wp\/v2\/media?parent=262"}],"curies":[{"name":"wp","href":"https:\/\/api.w.org\/{rel}","templated":true}]}}