{"id":190,"date":"2013-11-25T19:50:08","date_gmt":"2013-11-25T22:50:08","guid":{"rendered":"http:\/\/www.upla.cl\/postgrado\/?page_id=190"},"modified":"2026-04-21T12:59:33","modified_gmt":"2026-04-21T16:59:33","slug":"postitulo-en-orientacion-educacional","status":"publish","type":"page","link":"https:\/\/www.upla.cl\/postgrado\/postitulo-en-orientacion-educacional\/","title":{"rendered":"Post\u00edtulo en Orientaci\u00f3n Educacional"},"content":{"rendered":"<p>[et_pb_section fb_built=\u00bb1&#8243; admin_label=\u00bbUPLA &#8211; Postgrado\u00bb module_id=\u00bbinicio\u00bb _builder_version=\u00bb3.0.89&#8243; custom_padding=\u00bb0px|0px|0|0px\u00bb global_module=\u00bb2025&#8243; global_colors_info=\u00bb{}\u00bb][\/et_pb_section][et_pb_section fb_built=\u00bb1&#8243; fullwidth=\u00bbon\u00bb _builder_version=\u00bb4.16&#8243; _module_preset=\u00bbdefault\u00bb global_colors_info=\u00bb{}\u00bb][et_pb_fullwidth_post_title meta=\u00bboff\u00bb featured_placement=\u00bbbackground\u00bb _builder_version=\u00bb4.16&#8243; _module_preset=\u00bbdefault\u00bb title_font=\u00bb|700||on|||||\u00bb title_text_color=\u00bb#FFFFFF\u00bb title_font_size=\u00bb35px\u00bb background_color=\u00bb#b55103&#8243; background_blend=\u00bboverlay\u00bb custom_padding=\u00bb250px||250px||true|false\u00bb global_colors_info=\u00bb{}\u00bb][\/et_pb_fullwidth_post_title][\/et_pb_section][et_pb_section fb_built=\u00bb1&#8243; _builder_version=\u00bb4.16&#8243; global_colors_info=\u00bb{}\u00bb][et_pb_row column_structure=\u00bb3_4,1_4&#8243; use_custom_gutter=\u00bbon\u00bb gutter_width=\u00bb2&#8243; _builder_version=\u00bb4.16&#8243; global_colors_info=\u00bb{}\u00bb][et_pb_column type=\u00bb3_4&#8243; _builder_version=\u00bb4.16&#8243; custom_padding=\u00bb|||\u00bb global_colors_info=\u00bb{}\u00bb custom_padding__hover=\u00bb|||\u00bb][et_pb_accordion admin_label=\u00bbAcorde\u00f3n: ficha programa\u00bb _builder_version=\u00bb4.27.6&#8243; hover_enabled=\u00bb0&#8243; global_colors_info=\u00bb{}\u00bb sticky_enabled=\u00bb0&#8243;][et_pb_accordion_item title=\u00bbPresentaci\u00f3n\u00bb open=\u00bbon\u00bb _builder_version=\u00bb4.27.5&#8243; global_colors_info=\u00bb{}\u00bb]<\/p>\n<p>El programa pretende formar un profesional de post\u00edtulo capaz de liderar y actuar como agente de cambio en la organizaci\u00f3n educativa, interviniendo en los procesos formativos de los estudiantes en los \u00e1mbitos de aprendizaje, afectividad, relaciones interpersonales y en la generaci\u00f3n de condiciones organizacionales favorecedoras de las relaciones humanas y el progreso personal y social de sus integrantes.<\/p>\n<p>Est\u00e1 dirigido a profesionales que posean el grado de licenciado en Educaci\u00f3n y\/o t\u00edtulo profesional universitario de Educador de P\u00e1rvulos, profesor de Educaci\u00f3n B\u00e1sica, profesor de Educaci\u00f3n Media o equivalente. Pueden postular otros profesionales universitarios titulados y\/o graduados en \u00e1reas de las Ciencias Sociales<\/p>\n<p>[\/et_pb_accordion_item][et_pb_accordion_item title=\u00bbPlan de estudios\u00bb _builder_version=\u00bb4.16&#8243; global_colors_info=\u00bb{}\u00bb open=\u00bboff\u00bb]<\/p>\n<table border=\"1\" width=\"100%\" cellpadding=\"1\">\n<tbody>\n<tr>\n<td><strong>Primer semestre<\/strong><\/td>\n<td><strong>Segundo semestre<\/strong><\/td>\n<\/tr>\n<tr>\n<td>\n<ul>\n<li>Enfoques Te\u00f3ricos y Modelos de Intervenci\u00f3n en la Orientaci\u00f3n.<\/li>\n<li>Orientaci\u00f3n y Tutor\u00eda.<\/li>\n<li>Orientaci\u00f3n para el Desarrollo de la Persona: Nuevos Contenidos.<\/li>\n<li>Orientaci\u00f3n Vocacional y Profesional: Perspectivas Actuales<\/li>\n<\/ul>\n<\/td>\n<td>\n<ul>\n<li>Dise\u00f1o y Gesti\u00f3n de Programas de Orientaci\u00f3n.<\/li>\n<li>Estrategias para una Orientaci\u00f3n Eficaz en el Contexto Educativo.<\/li>\n<li>Problem\u00e1ticas Educativas en el Contexto de la Orientaci\u00f3n Educacional.<\/li>\n<li>Pr\u00e1ctica Profesional.<\/li>\n<\/ul>\n<\/td>\n<\/tr>\n<\/tbody>\n<\/table>\n<p>[\/et_pb_accordion_item][et_pb_accordion_item title=\u00bbCuerpo acad\u00e9mico\u00bb _builder_version=\u00bb4.27.4&#8243; global_colors_info=\u00bb{}\u00bb open=\u00bboff\u00bb]<strong>Rafael Andaur Troncoso<\/strong><br \/>\nMag\u00edster en Gerencia P\u00fablica, Universidad de Santiago de Chile.<\/p>\n<p><strong>Sindy Arzani Jorquera<\/strong><br \/>\nMag\u00edster en Psicolog\u00eda Educacional, Universidad de Barcelona, Espa\u00f1a.<\/p>\n<p><strong>Sebasti\u00e1n Farias Figueroa<\/strong><br \/>\nMagister en Orientaci\u00f3n Educacional, Universidad de Playa Ancha, Chile.<\/p>\n<p><strong>Alejandro Gallardo Jaque<\/strong><br \/>\nDoctor en Educaci\u00f3n, Universidad de Girona, Espa\u00f1a.<\/p>\n<p><strong>Lorena Godoy Pe\u00f1a<\/strong><br \/>\nDoctora en Estudios Americanos, Universidad de Santiago de Chile.<\/p>\n<p><strong>Ignacio Reyes Cayul<\/strong><br \/>\nPhd en educaci\u00f3n, Universidad de Ginebra, Suiza.<\/p>\n<p><strong>Mar\u00eda Eugenia Sandoval Pastene<\/strong><br \/>\nMagister en Orientaci\u00f3n Educacional, Universidad de Playa Ancha, Chile.<\/p>\n<p><strong>Margarita Opazo Salvatierra<\/strong><br \/>\nDoctora en Educaci\u00f3n, Universidad de Girona, Espa\u00f1a.[\/et_pb_accordion_item][et_pb_accordion_item title=\u00bbModalidad\u00bb _builder_version=\u00bb4.27.4&#8243; global_colors_info=\u00bb{}\u00bb open=\u00bboff\u00bb]&nbsp;<\/p>\n<p>H\u00edbrida.[\/et_pb_accordion_item][et_pb_accordion_item title=\u00bbRequisitos\u00bb _builder_version=\u00bb4.27.4&#8243; global_colors_info=\u00bb{}\u00bb open=\u00bboff\u00bb]<\/p>\n<p>Los postulantes a los programas de postgrado dictados por la universidad, deber\u00e1n acompa\u00f1ar a sus solicitudes de ingreso la siguiente\u00a0documentaci\u00f3n:<\/p>\n<ol>\n<li><span style=\"font-weight: 400;\">Licencia de Ense\u00f1anza Media.<\/span><\/li>\n<li>Certificado de Licenciatura y\/o T\u00edtulo Profesional (<span class=\"s1\">original o fotocopia legalizada ante notario<\/span>).<\/li>\n<li>Concentraci\u00f3n de notas\u00a0original o fotocopia\u00a0 legalizada ante notario.<\/li>\n<li>Curr\u00edculum vitae.<\/li>\n<li>Dos informes que avalen las capacidades personales y profesionales del postulante para realizar el programa. Trat\u00e1ndose de postulantes a un doctorado, al menos uno de ellos debe provenir de un acad\u00e9mico universitario con quien haya trabajado el postulante.<\/li>\n<li>Otros antecedentes establecidos por reglamento espec\u00edfico del programa al que postula.<\/li>\n<li>Fotocopia c\u00e9dula de identidad por ambos lados.<\/li>\n<\/ol>\n<p>[\/et_pb_accordion_item][et_pb_accordion_item title=\u00bbDuraci\u00f3n\u00bb _builder_version=\u00bb4.16&#8243; global_colors_info=\u00bb{}\u00bb open=\u00bboff\u00bb]Dos semestres.<br \/>\n[\/et_pb_accordion_item][et_pb_accordion_item title=\u00bbCoordinaci\u00f3n\u00bb _builder_version=\u00bb4.27.4&#8243; global_colors_info=\u00bb{}\u00bb open=\u00bboff\u00bb]<\/p>\n<p><strong>Margarita Opazo Salvatierra<\/strong><br \/>Doctora en Educaci\u00f3n, Universidad de Girona, Espa\u00f1a.<br \/>Magister en Orientaci\u00f3n, Universidad de Playa Ancha.<br \/>Correo electr\u00f3nico: <a href=\"mailto:mopazo@upla.cl\" target=\"_blank\" rel=\"noopener\">mopazo@upla.cl<\/a><\/p>\n<p>[\/et_pb_accordion_item][et_pb_accordion_item title=\u00bbUnidad acad\u00e9mica responsable\u00bb _builder_version=\u00bb4.16&#8243; global_colors_info=\u00bb{}\u00bb open=\u00bboff\u00bb]<a href=\"http:\/\/www.upla.cl\/cienciaseducacion\" target=\"_blank\" rel=\"noopener noreferrer\">Facultad de Ciencias de la Educaci\u00f3n<\/a><br \/>\n[\/et_pb_accordion_item][et_pb_accordion_item title=\u00bbM\u00e1s informaci\u00f3n\u00bb _builder_version=\u00bb4.22.2&#8243; global_colors_info=\u00bb{}\u00bb open=\u00bboff\u00bb]<\/p>\n<p><a href=\"mailto:escueladepostgrado@upla.cl\" target=\"_blank\" rel=\"noopener noreferrer\">escueladepostgrado@upla.cl<\/a><\/p>\n<p>Avenida Playa Ancha N\u00ba 850, quinto piso de la Casa Central, Valpara\u00edso.<\/p>\n<p>Tel\u00e9fonos: <a href=\"tel:+56322205080\" title=\"+56 32 2205080\">+56 32 2205080<\/a> \/ <a href=\"tel:+56322205197\" title=\"+56 32 2205197\">+56 32 2205197<\/a><\/p>\n<p>[\/et_pb_accordion_item][et_pb_accordion_item title=\u00bbFecha de inicio\u00bb _builder_version=\u00bb4.27.5&#8243; global_colors_info=\u00bb{}\u00bb open=\u00bboff\u00bb]<\/p>\n<p>Abril de 2026.<\/p>\n<p>[\/et_pb_accordion_item][et_pb_accordion_item title=\u00bbD\u00edas y horarios\u00bb _builder_version=\u00bb4.16&#8243; global_colors_info=\u00bb{}\u00bb open=\u00bboff\u00bb]<\/p>\n<ul>\n<li><span>S\u00e1bado de 9.00 a 18.00 horas.<\/span><\/li>\n<\/ul>\n<p>[\/et_pb_accordion_item][et_pb_accordion_item title=\u00bbPostulaciones\u00bb _builder_version=\u00bb4.27.6&#8243; hover_enabled=\u00bb0&#8243; global_colors_info=\u00bb{}\u00bb open=\u00bboff\u00bb sticky_enabled=\u00bb0&#8243;]<\/p>\n<p>Cerradas.<\/p>\n<p>[\/et_pb_accordion_item][\/et_pb_accordion][\/et_pb_column][et_pb_column type=\u00bb1_4&#8243; _builder_version=\u00bb4.16&#8243; custom_padding=\u00bb|||\u00bb global_colors_info=\u00bb{}\u00bb custom_padding__hover=\u00bb|||\u00bb][et_pb_button button_url=\u00bbhttps:\/\/www.upla.cl\/postgrado\/formulario-de-solicitud-de-informacion-de-programas\/\u00bb button_text=\u00bbSolicita m\u00e1s informaci\u00f3n sobre nuestros programas\u00bb admin_label=\u00bbBot\u00f3n Solicita m\u00e1s informaci\u00f3n sobre nuestros programas\u00bb _builder_version=\u00bb4.16&#8243; global_colors_info=\u00bb{}\u00bb button_text_size__hover_enabled=\u00bboff\u00bb button_one_text_size__hover_enabled=\u00bboff\u00bb button_two_text_size__hover_enabled=\u00bboff\u00bb button_text_color__hover_enabled=\u00bboff\u00bb button_one_text_color__hover_enabled=\u00bboff\u00bb button_two_text_color__hover_enabled=\u00bboff\u00bb button_border_width__hover_enabled=\u00bboff\u00bb button_one_border_width__hover_enabled=\u00bboff\u00bb button_two_border_width__hover_enabled=\u00bboff\u00bb button_border_color__hover_enabled=\u00bboff\u00bb button_one_border_color__hover_enabled=\u00bboff\u00bb button_two_border_color__hover_enabled=\u00bboff\u00bb button_border_radius__hover_enabled=\u00bboff\u00bb button_one_border_radius__hover_enabled=\u00bboff\u00bb button_two_border_radius__hover_enabled=\u00bboff\u00bb button_letter_spacing__hover_enabled=\u00bboff\u00bb button_one_letter_spacing__hover_enabled=\u00bboff\u00bb button_two_letter_spacing__hover_enabled=\u00bboff\u00bb button_bg_color__hover_enabled=\u00bboff\u00bb button_one_bg_color__hover_enabled=\u00bboff\u00bb button_two_bg_color__hover_enabled=\u00bboff\u00bb][\/et_pb_button][et_pb_button button_url=\u00bbhttps:\/\/www.upla.cl\/postgrado\/escuela-de-postgrado\/aranceles\/\u00bb button_text=\u00bbAranceles\u00bb admin_label=\u00bbBot\u00f3n aranceles\u00bb _builder_version=\u00bb4.16&#8243; global_colors_info=\u00bb{}\u00bb button_text_size__hover_enabled=\u00bboff\u00bb button_one_text_size__hover_enabled=\u00bboff\u00bb button_two_text_size__hover_enabled=\u00bboff\u00bb button_text_color__hover_enabled=\u00bboff\u00bb button_one_text_color__hover_enabled=\u00bboff\u00bb button_two_text_color__hover_enabled=\u00bboff\u00bb button_border_width__hover_enabled=\u00bboff\u00bb button_one_border_width__hover_enabled=\u00bboff\u00bb button_two_border_width__hover_enabled=\u00bboff\u00bb button_border_color__hover_enabled=\u00bboff\u00bb button_one_border_color__hover_enabled=\u00bboff\u00bb button_two_border_color__hover_enabled=\u00bboff\u00bb button_border_radius__hover_enabled=\u00bboff\u00bb button_one_border_radius__hover_enabled=\u00bboff\u00bb button_two_border_radius__hover_enabled=\u00bboff\u00bb button_letter_spacing__hover_enabled=\u00bboff\u00bb button_one_letter_spacing__hover_enabled=\u00bboff\u00bb button_two_letter_spacing__hover_enabled=\u00bboff\u00bb button_bg_color__hover_enabled=\u00bboff\u00bb button_one_bg_color__hover_enabled=\u00bboff\u00bb button_two_bg_color__hover_enabled=\u00bboff\u00bb][\/et_pb_button][et_pb_button button_url=\u00bbhttps:\/\/www.upla.cl\/postgrado\/escuela-de-postgrado\/becas-de-postgrado\/\u00bb button_text=\u00bbBecas\u00bb admin_label=\u00bbBot\u00f3n becas\u00bb _builder_version=\u00bb4.16&#8243; global_colors_info=\u00bb{}\u00bb button_text_size__hover_enabled=\u00bboff\u00bb button_one_text_size__hover_enabled=\u00bboff\u00bb button_two_text_size__hover_enabled=\u00bboff\u00bb button_text_color__hover_enabled=\u00bboff\u00bb button_one_text_color__hover_enabled=\u00bboff\u00bb button_two_text_color__hover_enabled=\u00bboff\u00bb button_border_width__hover_enabled=\u00bboff\u00bb button_one_border_width__hover_enabled=\u00bboff\u00bb button_two_border_width__hover_enabled=\u00bboff\u00bb button_border_color__hover_enabled=\u00bboff\u00bb button_one_border_color__hover_enabled=\u00bboff\u00bb button_two_border_color__hover_enabled=\u00bboff\u00bb button_border_radius__hover_enabled=\u00bboff\u00bb button_one_border_radius__hover_enabled=\u00bboff\u00bb button_two_border_radius__hover_enabled=\u00bboff\u00bb button_letter_spacing__hover_enabled=\u00bboff\u00bb button_one_letter_spacing__hover_enabled=\u00bboff\u00bb button_two_letter_spacing__hover_enabled=\u00bboff\u00bb button_bg_color__hover_enabled=\u00bboff\u00bb button_one_bg_color__hover_enabled=\u00bboff\u00bb button_two_bg_color__hover_enabled=\u00bboff\u00bb][\/et_pb_button][et_pb_button button_url=\u00bbhttp:\/\/www.upla.cl\/cienciaseducacion\/\u00bb url_new_window=\u00bbon\u00bb button_text=\u00bbFacultad de Ciencias de la Educaci\u00f3n\u00bb admin_label=\u00bbBot\u00f3n Facultad\u00bb _builder_version=\u00bb4.16&#8243; custom_button=\u00bbon\u00bb button_border_color=\u00bb#b55103&#8243; global_colors_info=\u00bb{}\u00bb button_text_size__hover_enabled=\u00bboff\u00bb button_one_text_size__hover_enabled=\u00bboff\u00bb button_two_text_size__hover_enabled=\u00bboff\u00bb button_text_color__hover_enabled=\u00bboff\u00bb button_one_text_color__hover_enabled=\u00bboff\u00bb button_two_text_color__hover_enabled=\u00bboff\u00bb button_border_width__hover_enabled=\u00bboff\u00bb button_one_border_width__hover_enabled=\u00bboff\u00bb button_two_border_width__hover_enabled=\u00bboff\u00bb button_border_color__hover_enabled=\u00bboff\u00bb button_one_border_color__hover_enabled=\u00bboff\u00bb button_two_border_color__hover_enabled=\u00bboff\u00bb button_border_radius__hover_enabled=\u00bboff\u00bb button_one_border_radius__hover_enabled=\u00bboff\u00bb button_two_border_radius__hover_enabled=\u00bboff\u00bb button_letter_spacing__hover_enabled=\u00bboff\u00bb button_one_letter_spacing__hover_enabled=\u00bboff\u00bb button_two_letter_spacing__hover_enabled=\u00bboff\u00bb button_bg_color__hover_enabled=\u00bboff\u00bb button_one_bg_color__hover_enabled=\u00bboff\u00bb button_two_bg_color__hover_enabled=\u00bboff\u00bb][\/et_pb_button][\/et_pb_column][\/et_pb_row][\/et_pb_section]<\/p>\n","protected":false},"excerpt":{"rendered":"<p>El programa pretende formar un profesional de post\u00edtulo capaz de liderar y actuar como agente de cambio en la organizaci\u00f3n educativa, interviniendo en los procesos formativos de los estudiantes en los \u00e1mbitos de aprendizaje, afectividad, relaciones interpersonales y en la generaci\u00f3n de condiciones organizacionales favorecedoras de las relaciones humanas y el progreso personal y social de sus integrantes.<\/p>\n","protected":false},"author":2,"featured_media":2209,"parent":0,"menu_order":1,"comment_status":"closed","ping_status":"closed","template":"","meta":{"_et_pb_use_builder":"on","_et_pb_old_content":"<p><img class=\"alignnone size-full wp-image-68\" src=\"https:\/\/www.upla.cl\/postgrado\/wp-content\/uploads\/2013\/11\/2013_1121_postgrados_17_postitulo_orientacion_educacional640.jpg\" alt=\"Universidad de Playa Ancha - Postgrados - Post\u00edtulo en Orientaci\u00f3n Educacional\" width=\"640\" height=\"320\" \/><\/p><h3>Post\u00edtulo en Orientaci\u00f3n Educacional<\/h3><h4>Presentaci\u00f3n<\/h4><p>El programa pretende formar un profesional de post\u00edtulo capaz de liderar y actuar como agente de cambio en la organizaci\u00f3n educativa, interviniendo en los procesos formativos de los estudiantes en los \u00e1mbitos de aprendizaje, afectividad, relaciones interpersonales y en la generaci\u00f3n de condiciones organizacionales favorecedoras de las relaciones humanas y el progreso personal y social de sus integrantes.<\/p><p>Est\u00e1 dirigido a profesionales que posean el grado de licenciado en Educaci\u00f3n y\/o t\u00edtulo profesional universitario de Educador de P\u00e1rvulos, profesor de Educaci\u00f3n B\u00e1sica, profesor de Educaci\u00f3n Media o equivalente. Pueden postular otros profesionales universitarios titulados y\/o graduados en \u00e1reas de las Ciencias Sociales<\/p><h4>Plan de estudio<\/h4><p>[table id=16 \/]<\/p><h4>Cuerpo Acad\u00e9mico<\/h4><p>Gast\u00f3n Aguilar Pulido<br \/> Mag\u00edster en Administraci\u00f3n Educacional, Universidad de Playa Ancha, Chile.<\/p><p>Francisca Bernal Ruiz<br \/> Mag\u00edster en Pedagog\u00eda Universitaria, Universidad de Playa Ancha, Chile.<\/p><p>Francisca Briones Rosas<br \/> Mag\u00edster en Gesti\u00f3n, menci\u00f3n Control, Pontificia Universidad Cat\u00f3lica de Valpara\u00edso, Chile.<\/p><p>Ren\u00e9 Flores Castillo<br \/> Doctor en Psicolog\u00eda Escolar y Desarrollo, Universidad Complutense de Madrid, Espa\u00f1a.<\/p><p>Alejandro Gallardo Jaque<br \/> Mag\u00edster en Orientaci\u00f3n Educacional, Universidad de Playa Ancha, Chile.<\/p><p>Rodolfo Marcone Trigo<br \/> Doctor en Intervenci\u00f3n Psicol\u00f3gica en Contextos Educativos, Universidad de Oviedo, Espa\u00f1a.<\/p><p>Sindy Arzani Jorquera<br \/> Mag\u00edster en Psicolog\u00eda Educacional, Universidad de Barcelona, Espa\u00f1a.<\/p><p>Margarita Opazo Salvatierra<br \/> Mag\u00edster en Orientaci\u00f3n Educacional, Universidad de Playa Ancha, Chile.<\/p><h4>Modalidad<\/h4><p>Presencial.<\/p><h4>Requisitos<\/h4><ul><li>Experiencia profesional m\u00ednima de dos a\u00f1os.<\/li><li>Deseable experiencia en funciones de orientaci\u00f3n educacional.<\/li><li><a title=\"Admisi\u00f3n\" href=\"https:\/\/www.upla.cl\/postgrado\/admision\/\">Requisitos Generales<\/a>.<\/li><\/ul><h4>Duraci\u00f3n<\/h4><p>Dos semestres.<\/p><h4>Coordinador<\/h4><p>Gast\u00f3n Aguilar Pulido<br \/> Mag\u00edster en Administraci\u00f3n Educacional, Universidad de Playa Ancha, Chile.<br \/> Tel\u00e9fono: +56322205376<br \/> Correo electr\u00f3nico: <a href=\"mailto:gaguilar@upla.cl\">gaguilar@upla.cl<\/a><\/p><h4>Facultad o unidad acad\u00e9mica responsable<\/h4><p>Facultad de Ciencias de la Educaci\u00f3n.<\/p><h4>Informaci\u00f3n complementaria<\/h4><p>Correo electr\u00f3nico:\u00a0<a href=\"mailto:gaguilar@upla.cl\">gaguilar@upla.cl<\/a><\/p><h4>Valor 2017<\/h4><p>Matr\u00edcula: $ 137.000.-<br \/> Arancel: $ 1.275.000 (12 cuotas)<\/p><p><strong>Inicio<\/strong><\/p><p>28 de agosto de 2017.<\/p><h4>Periodo de Postulaci\u00f3n<\/h4><p class=\"p1\">Hasta el 1 de agosto de 2017.<\/p><h4>Postula en l\u00ednea<\/h4><p>Completa el formulario de postulaci\u00f3n a continuaci\u00f3n<\/p><p><iframe src=\"http:\/\/aplica.upla.cl\/portal_postgrado\/PostulacionAlumnos\/WfIngresarFormularioPostulacion.aspx\" width=\"640\" height=\"800\" frameborder=\"0\" allowfullscreen=\"allowfullscreen\"><\/iframe><\/p>","_et_gb_content_width":"","footnotes":""},"class_list":["post-190","page","type-page","status-publish","has-post-thumbnail","hentry"],"_links":{"self":[{"href":"https:\/\/www.upla.cl\/postgrado\/wp-json\/wp\/v2\/pages\/190","targetHints":{"allow":["GET"]}}],"collection":[{"href":"https:\/\/www.upla.cl\/postgrado\/wp-json\/wp\/v2\/pages"}],"about":[{"href":"https:\/\/www.upla.cl\/postgrado\/wp-json\/wp\/v2\/types\/page"}],"author":[{"embeddable":true,"href":"https:\/\/www.upla.cl\/postgrado\/wp-json\/wp\/v2\/users\/2"}],"replies":[{"embeddable":true,"href":"https:\/\/www.upla.cl\/postgrado\/wp-json\/wp\/v2\/comments?post=190"}],"version-history":[{"count":84,"href":"https:\/\/www.upla.cl\/postgrado\/wp-json\/wp\/v2\/pages\/190\/revisions"}],"predecessor-version":[{"id":129336,"href":"https:\/\/www.upla.cl\/postgrado\/wp-json\/wp\/v2\/pages\/190\/revisions\/129336"}],"wp:featuredmedia":[{"embeddable":true,"href":"https:\/\/www.upla.cl\/postgrado\/wp-json\/wp\/v2\/media\/2209"}],"wp:attachment":[{"href":"https:\/\/www.upla.cl\/postgrado\/wp-json\/wp\/v2\/media?parent=190"}],"curies":[{"name":"wp","href":"https:\/\/api.w.org\/{rel}","templated":true}]}}