{"id":1167,"date":"2015-10-22T11:40:23","date_gmt":"2015-10-22T14:40:23","guid":{"rendered":"http:\/\/www.upla.cl\/postgrado\/?page_id=1167"},"modified":"2017-11-17T12:38:19","modified_gmt":"2017-11-17T15:38:19","slug":"formulario-de-solicitud-de-informacion-de-programas","status":"publish","type":"page","link":"https:\/\/www.upla.cl\/postgrado\/formulario-de-solicitud-de-informacion-de-programas\/","title":{"rendered":"Formulario de solicitud de informaci\u00f3n de programas"},"content":{"rendered":"<p>[et_pb_section bb_built=\u00bb1&#8243; admin_label=\u00bbUPLA &#8211; Postgrado\u00bb module_id=\u00bbinicio\u00bb _builder_version=\u00bb3.0.89&#8243; custom_padding=\u00bb0px|0px|39px|0px\u00bb global_module=\u00bb2025&#8243;][et_pb_row admin_label=\u00bbrow\u00bb global_parent=\u00bb2025&#8243; make_fullwidth=\u00bbon\u00bb custom_padding=\u00bb22px||213px|\u00bb make_equal=\u00bbon\u00bb parallax_method_1=\u00bboff\u00bb parallax_method_2=\u00bboff\u00bb background_position_1=\u00bbtop_left\u00bb background_position_2=\u00bbtop_left\u00bb background_repeat_1=\u00bbno-repeat\u00bb background_repeat_2=\u00bbno-repeat\u00bb _builder_version=\u00bb3.0.89&#8243; background_size=\u00bbinitial\u00bb background_position=\u00bbtop_left\u00bb background_repeat=\u00bbrepeat\u00bb background_video_width=\u00bb1920&#8243; background_video_height=\u00bb1080&#8243;][et_pb_column type=\u00bb2_3&#8243;][et_pb_image admin_label=\u00bbLogo de Postgrado\u00bb global_parent=\u00bb2025&#8243; src=\u00bbhttps:\/\/www.upla.cl\/postgrado\/wp-content\/uploads\/2013\/11\/2013_1121_postgrados_header.png\u00bb url=\u00bbhttps:\/\/www.upla.cl\/postgrado\u00bb _builder_version=\u00bb3.0.89&#8243; \/][\/et_pb_column][et_pb_column type=\u00bb1_3&#8243;][et_pb_image global_parent=\u00bb2025&#8243; src=\u00bbhttps:\/\/www.upla.cl\/postgrado\/wp-content\/uploads\/2016\/11\/upla_acreditacion-5.png\u00bb show_bottom_space=\u00bboff\u00bb align=\u00bbright\u00bb _builder_version=\u00bb3.0.89&#8243; max_width=\u00bb50%\u00bb module_alignment=\u00bbright\u00bb custom_padding=\u00bb|20px||\u00bb \/][\/et_pb_column][\/et_pb_row][\/et_pb_section][et_pb_section bb_built=\u00bb1&#8243; background_color=\u00bb#004562&#8243; fullwidth=\u00bbon\u00bb _builder_version=\u00bb3.0.89&#8243; custom_padding=\u00bb0px|0px|0px|0px\u00bb][et_pb_fullwidth_post_title meta=\u00bboff\u00bb text_color=\u00bblight\u00bb _builder_version=\u00bb3.0.89&#8243; \/][\/et_pb_section][et_pb_section bb_built=\u00bb1&#8243; _builder_version=\u00bb3.0.89&#8243;][et_pb_row use_custom_gutter=\u00bbon\u00bb gutter_width=\u00bb2&#8243; _builder_version=\u00bb3.0.89&#8243;][et_pb_column type=\u00bb4_4&#8243;][et_pb_text admin_label=\u00bbFormulario de contacto\u00bb _builder_version=\u00bb3.0.89&#8243; background_layout=\u00bblight\u00bb]<\/p>\n<p><iframe loading=\"lazy\" src=\"https:\/\/docs.google.com\/forms\/d\/1049LEPzZxdwDRMsjBgu81oTHwU7D0B-RJkYqF9DhDD4\/viewform?embedded=true\" width=\"100%\" height=\"1200\" frameborder=\"0\" marginwidth=\"0\" marginheight=\"0\">Cargando&#8230;<\/iframe><\/p>\n<p>[\/et_pb_text][\/et_pb_column][\/et_pb_row][\/et_pb_section][et_pb_section bb_built=\u00bb1&#8243; module_id=\u00bbaccesos\u00bb _builder_version=\u00bb3.0.89&#8243; custom_padding=\u00bb0px|0px|0px|0px\u00bb global_module=\u00bb2034&#8243;][et_pb_row admin_label=\u00bbrow\u00bb global_parent=\u00bb2034&#8243; make_fullwidth=\u00bbon\u00bb custom_padding=\u00bb0px|0px|24.2667px|0px\u00bb background_color_1=\u00bb#009bdb\u00bb _builder_version=\u00bb3.0.48&#8243;][et_pb_column type=\u00bb4_4&#8243;][et_pb_cta admin_label=\u00bbACCESOS\u00bb global_parent=\u00bb2034&#8243; title=\u00bbACCESOS\u00bb use_background_color=\u00bboff\u00bb _builder_version=\u00bb3.0.89&#8243; header_font_size=\u00bb20&#8243; background_size=\u00bbinitial\u00bb background_position=\u00bbtop_left\u00bb background_repeat=\u00bbrepeat\u00bb text_orientation=\u00bbleft\u00bb custom_margin=\u00bb|||50px\u00bb custom_padding=\u00bb15px||0px|\u00bb saved_tabs=\u00bball\u00bb \/][\/et_pb_column][\/et_pb_row][et_pb_row global_parent=\u00bb2034&#8243; custom_padding=\u00bb0px|0px|0px|0px\u00bb _builder_version=\u00bb3.0.47&#8243; background_size=\u00bbinitial\u00bb background_position=\u00bbtop_left\u00bb background_repeat=\u00bbrepeat\u00bb][et_pb_column type=\u00bb1_3&#8243;][et_pb_text admin_label=\u00bbAccesos 1&#8243; global_parent=\u00bb2034&#8243; _builder_version=\u00bb3.0.89&#8243; text_font=\u00bbLato||||\u00bb text_text_color=\u00bb#000000&#8243;]<\/p>\n<ul style=\"list-style-type: disc;\">\n<li><span style=\"color: #000000;\"><a style=\"color: #000000;\" href=\"https:\/\/acceso.upla.cl\/sinte\/Login.aspx?ReturnUrl=%2fsinte%2f\" target=\"_blank\" rel=\"noopener noreferrer\">Sistema Integrado Institucional<\/a><\/span><\/li>\n<li><span style=\"color: #000000;\"><a style=\"color: #000000;\" href=\"https:\/\/accounts.google.com\/signin\/v2\/identifier?continue=https%3A%2F%2Fmail.google.com%2Fmail%2F&amp;service=mail&amp;hd=alumnos.upla.cl&amp;sacu=1&amp;flowName=GlifWebSignIn&amp;flowEntry=AddSession\" target=\"_blank\" rel=\"noopener noreferrer\">Correo del estudiante<\/a><\/span><\/li>\n<li><span style=\"color: #000000;\"><a style=\"color: #000000;\" href=\"https:\/\/accounts.google.com\/signin\/v2\/identifier?continue=https%3A%2F%2Fmail.google.com%2Fmail%2F&amp;service=mail&amp;hd=upla.cl&amp;sacu=1&amp;flowName=GlifWebSignIn&amp;flowEntry=AddSession\" target=\"_blank\" rel=\"noopener noreferrer\">Correo institucional<\/a><\/span><\/li>\n<li><span style=\"color: #000000;\"><a href=\"https:\/\/acceso.upla.cl\/Contacto_Institucional\/\" target=\"_blank\" rel=\"noopener\"><span style=\"color: #000000;\">Sistema de Contacto Institucional<\/span><\/a><\/span><\/li>\n<\/ul>\n<p>[\/et_pb_text][\/et_pb_column][et_pb_column type=\u00bb1_3&#8243;][et_pb_text admin_label=\u00bbAccesos 2&#8243; global_parent=\u00bb2034&#8243; _builder_version=\u00bb3.0.89&#8243;]<\/p>\n<ul style=\"list-style-type: disc;\">\n<li><span style=\"color: #000000;\">Becas de Postgrado<\/span><\/li>\n<li><a title=\"Calendario Acad\u00e9mico\" href=\"http:\/\/www.upla.cl\/calendarioacademico\" target=\"_blank\" rel=\"noopener\"><span style=\"color: #000000;\">Calendario Acad\u00e9mico<\/span><\/a><\/li>\n<li><a title=\"Direcci\u00f3n de Gesti\u00f3n Institucional\" href=\"http:\/\/www.upla.cl\/gestioninstitucional\" target=\"_blank\" rel=\"noopener\"><span style=\"color: #000000;\">Gesti\u00f3n Institucional<\/span><\/a><\/li>\n<\/ul>\n<p>[\/et_pb_text][\/et_pb_column][et_pb_column type=\u00bb1_3&#8243;][et_pb_text admin_label=\u00bbAccesos 3&#8243; global_parent=\u00bb2034&#8243; _builder_version=\u00bb3.0.89&#8243; background_layout=\u00bblight\u00bb]<\/p>\n<ul style=\"list-style-type: disc;\">\n<li><span style=\"color: #000000;\"><a style=\"color: #000000;\" href=\"http:\/\/www.upla.cl\/titulosygrados\/\" target=\"_blank\" rel=\"noopener noreferrer\">T\u00edtulos y grados<\/a><\/span><\/li>\n<li><span style=\"color: #000000;\"><a style=\"color: #000000;\" href=\"https:\/\/www.upla.cl\/postgrado\/escuela-de-postgrado\/aranceles\/\" target=\"_blank\" rel=\"noopener noreferrer\">Aranceles<\/a><\/span><\/li>\n<li><span style=\"color: #000000;\"><a style=\"color: #000000;\" href=\"http:\/\/www.upla.cl\/bibliotecas\" target=\"_blank\" rel=\"noopener noreferrer\">Bibliotecas UPLA<\/a><\/span><\/li>\n<li><span style=\"color: #000000;\"><a style=\"color: #000000;\" href=\"https:\/\/www.upla.cl\/postgrado\/wp-content\/uploads\/2013\/11\/2014_1007_postgrado_colecciones_biblioteca.pdf\" target=\"_blank\" rel=\"noopener noreferrer\">Cat\u00e1logo de colecciones electr\u00f3nicas disponibles (formato pdf)<\/a><\/span><\/li>\n<\/ul>\n<p>[\/et_pb_text][\/et_pb_column][\/et_pb_row][\/et_pb_section]<\/p>\n","protected":false},"excerpt":{"rendered":"<p>Cargando&#8230; Sistema Integrado Institucional Correo del estudiante Correo institucional Sistema de Contacto Institucional Becas de Postgrado Calendario Acad\u00e9mico Gesti\u00f3n Institucional T\u00edtulos y grados Aranceles Bibliotecas UPLA Cat\u00e1logo de colecciones electr\u00f3nicas disponibles (formato pdf)<\/p>\n","protected":false},"author":2,"featured_media":2122,"parent":0,"menu_order":0,"comment_status":"closed","ping_status":"closed","template":"","meta":{"_et_pb_use_builder":"on","_et_pb_old_content":"<iframe src=\"https:\/\/docs.google.com\/forms\/d\/1049LEPzZxdwDRMsjBgu81oTHwU7D0B-RJkYqF9DhDD4\/viewform?embedded=true\" width=\"100%\" height=\"1200\" frameborder=\"0\" marginwidth=\"0\" marginheight=\"0\">Cargando...<\/iframe>","_et_gb_content_width":"","footnotes":""},"class_list":["post-1167","page","type-page","status-publish","has-post-thumbnail","hentry"],"_links":{"self":[{"href":"https:\/\/www.upla.cl\/postgrado\/wp-json\/wp\/v2\/pages\/1167","targetHints":{"allow":["GET"]}}],"collection":[{"href":"https:\/\/www.upla.cl\/postgrado\/wp-json\/wp\/v2\/pages"}],"about":[{"href":"https:\/\/www.upla.cl\/postgrado\/wp-json\/wp\/v2\/types\/page"}],"author":[{"embeddable":true,"href":"https:\/\/www.upla.cl\/postgrado\/wp-json\/wp\/v2\/users\/2"}],"replies":[{"embeddable":true,"href":"https:\/\/www.upla.cl\/postgrado\/wp-json\/wp\/v2\/comments?post=1167"}],"version-history":[{"count":4,"href":"https:\/\/www.upla.cl\/postgrado\/wp-json\/wp\/v2\/pages\/1167\/revisions"}],"predecessor-version":[{"id":2123,"href":"https:\/\/www.upla.cl\/postgrado\/wp-json\/wp\/v2\/pages\/1167\/revisions\/2123"}],"wp:featuredmedia":[{"embeddable":true,"href":"https:\/\/www.upla.cl\/postgrado\/wp-json\/wp\/v2\/media\/2122"}],"wp:attachment":[{"href":"https:\/\/www.upla.cl\/postgrado\/wp-json\/wp\/v2\/media?parent=1167"}],"curies":[{"name":"wp","href":"https:\/\/api.w.org\/{rel}","templated":true}]}}