{"id":304,"date":"2017-09-26T18:20:21","date_gmt":"2017-09-26T21:20:21","guid":{"rendered":"http:\/\/www.upla.cl\/otec\/?page_id=304"},"modified":"2020-06-11T10:31:03","modified_gmt":"2020-06-11T14:31:03","slug":"cursos-area-logistica","status":"publish","type":"page","link":"https:\/\/www.upla.cl\/otec\/cursos-area-logistica\/","title":{"rendered":"Cursos \u00c1rea Log\u00edstica"},"content":{"rendered":"<p>[et_pb_section fb_built=\u00bb1&#8243; _builder_version=\u00bb3.22&#8243; background_image=\u00bbhttps:\/\/www.upla.cl\/otec\/wp-content\/uploads\/2017\/09\/administracion_1280.png\u00bb custom_padding=\u00bb13.6094px|0px|250px|0px\u00bb][et_pb_row column_structure=\u00bb1_3,1_3,1_3&#8243; module_class=\u00bb et_pb_row_fullwidth\u00bb _builder_version=\u00bb3.25&#8243; width=\u00bb100%\u00bb width_tablet=\u00bb100%\u00bb width_phone=\u00bb\u00bb width_last_edited=\u00bbon|desktop\u00bb max_width=\u00bb100%\u00bb max_width_tablet=\u00bb100%\u00bb max_width_phone=\u00bb\u00bb max_width_last_edited=\u00bbon|desktop\u00bb make_fullwidth=\u00bbon\u00bb][et_pb_column type=\u00bb1_3&#8243; _builder_version=\u00bb3.25&#8243; custom_padding=\u00bb|||\u00bb custom_padding__hover=\u00bb|||\u00bb][et_pb_blurb title=\u00bbLog\u00edstica\u00bb use_icon=\u00bbon\u00bb font_icon=\u00bb%%147%%\u00bb icon_color=\u00bb#444444&#8243; use_circle=\u00bbon\u00bb circle_color=\u00bb#bce3fa\u00bb use_circle_border=\u00bbon\u00bb circle_border_color=\u00bb#444444&#8243; admin_label=\u00bbLog\u00edstica\u00bb _builder_version=\u00bb3.0.76&#8243; text_orientation=\u00bbcenter\u00bb background_layout=\u00bbdark\u00bb saved_tabs=\u00bball\u00bb]&nbsp;<br \/>\n[\/et_pb_blurb][\/et_pb_column][et_pb_column type=\u00bb1_3&#8243; _builder_version=\u00bb3.25&#8243; custom_padding=\u00bb|||\u00bb custom_padding__hover=\u00bb|||\u00bb][\/et_pb_column][et_pb_column type=\u00bb1_3&#8243; _builder_version=\u00bb3.25&#8243; custom_padding=\u00bb|||\u00bb custom_padding__hover=\u00bb|||\u00bb][et_pb_image src=\u00bbhttps:\/\/www.upla.cl\/otec\/wp-content\/uploads\/2017\/08\/2017_0818_otec_logofondotransparente_letrablanca.png\u00bb align_tablet=\u00bbcenter\u00bb align_phone=\u00bb\u00bb align_last_edited=\u00bbon|desktop\u00bb admin_label=\u00bbLogo OTEC\u00bb _builder_version=\u00bb3.23&#8243;]&nbsp;<br \/>\n[\/et_pb_image][et_pb_text admin_label=\u00bbBuscamos cambiar la vida de las personas\u00bb _builder_version=\u00bb3.27.4&#8243; background_layout=\u00bbdark\u00bb border_style=\u00bbsolid\u00bb saved_tabs=\u00bball\u00bb]<\/p>\n<h3><\/h3>\n<h3 style=\"text-align: right;\">Buscamos cambiar la vida de las personas<\/h3>\n<p>[\/et_pb_text][\/et_pb_column][\/et_pb_row][\/et_pb_section][et_pb_section fb_built=\u00bb1&#8243; _builder_version=\u00bb3.22&#8243; custom_padding=\u00bb13.6094px|0px|0px|0px\u00bb][et_pb_row _builder_version=\u00bb3.25&#8243; background_size=\u00bbinitial\u00bb background_position=\u00bbtop_left\u00bb background_repeat=\u00bbrepeat\u00bb][et_pb_column type=\u00bb4_4&#8243; _builder_version=\u00bb3.25&#8243; custom_padding=\u00bb|||\u00bb custom_padding__hover=\u00bb|||\u00bb][et_pb_text admin_label=\u00bbTexto Log\u00edstica\u00bb _builder_version=\u00bb3.27.4&#8243;]El control de la gesti\u00f3n log\u00edstica permite una ventaja competitiva sobre la cadena de la producci\u00f3n y distribuci\u00f3n, raz\u00f3n por la cual se hace fundamental contar con herramientas que permitan dar un servicio real en acciones relacionadas con el aprovisionamiento y almacenamiento. El Organismo T\u00e9cnico de Capacitaci\u00f3n, aporta en ese contexto a la actualizaci\u00f3n de los conocimientos, a trav\u00e9s de distintos cursos relacionados con el tema.<br \/>\n[\/et_pb_text][\/et_pb_column][\/et_pb_row][et_pb_row column_structure=\u00bb2_3,1_3&#8243; use_custom_gutter=\u00bbon\u00bb gutter_width=\u00bb2&#8243; _builder_version=\u00bb3.25&#8243; custom_padding=\u00bb0px|0px|0px|0px\u00bb][et_pb_column type=\u00bb2_3&#8243; _builder_version=\u00bb3.25&#8243; custom_padding=\u00bb|||\u00bb custom_padding__hover=\u00bb|||\u00bb][et_pb_text admin_label=\u00bbListado de cursos sin franquicia Sence\u00bb _builder_version=\u00bb4.4.7&#8243;]<\/p>\n<p>Consulte la disponiblidad de cursos del \u00e1rea al correo <a href=\"mailto:otecupla@upla.cl\" target=\"_blank\" rel=\"noopener noreferrer\" title=\"otecupla@upla.cl\">otecupla@upla.cl<\/a><\/p>\n<p>[\/et_pb_text][\/et_pb_column][et_pb_column type=\u00bb1_3&#8243; _builder_version=\u00bb3.25&#8243; custom_padding=\u00bb|||\u00bb custom_padding__hover=\u00bb|||\u00bb][et_pb_text _builder_version=\u00bb4.4.8&#8243; hover_enabled=\u00bb0&#8243;]<\/p>\n<h2>Especificaciones t\u00e9cnicas de los cursos<\/h2>\n<ul>\n<li>Modalidad: Presencial.<\/li>\n<li>Horarios: Por confirmar.<\/li>\n<li>Fecha de inicio: Por confirmar.<\/li>\n<li>Lugar: De mutuo acuerdo.<\/li>\n<\/ul>\n<p>[\/et_pb_text][\/et_pb_column][\/et_pb_row][\/et_pb_section][et_pb_section fb_built=\u00bb1&#8243; admin_label=\u00bbcontacto\u00bb _builder_version=\u00bb4.4.7&#8243; background_color=\u00bb#ffffff\u00bb custom_padding=\u00bb120px|0px|13.6094px|0px||\u00bb top_divider_style=\u00bbarrow3&#8243; top_divider_color=\u00bb#0c71c3&#8243; global_module=\u00bb785&#8243;][et_pb_row _builder_version=\u00bb3.25&#8243; custom_padding=\u00bb0|0px|0px|0px\u00bb][et_pb_column type=\u00bb4_4&#8243; _builder_version=\u00bb3.25&#8243; custom_padding=\u00bb|||\u00bb custom_padding__hover=\u00bb|||\u00bb][et_pb_text admin_label=\u00bbContacto\u00bb _builder_version=\u00bb3.27.4&#8243;]<\/p>\n<h1>Contacto<\/h1>\n<p>[\/et_pb_text][\/et_pb_column][\/et_pb_row][et_pb_row column_structure=\u00bb2_5,3_5&#8243; use_custom_gutter=\u00bbon\u00bb gutter_width=\u00bb2&#8243; _builder_version=\u00bb3.25&#8243; custom_padding=\u00bb15px|0px|27.2188px|0px\u00bb][et_pb_column type=\u00bb2_5&#8243; _builder_version=\u00bb3.25&#8243; custom_padding=\u00bb|||\u00bb custom_padding__hover=\u00bb|||\u00bb][et_pb_text admin_label=\u00bbTel\u00e9fonos de contacto\u00bb _builder_version=\u00bb4.4.8&#8243; saved_tabs=\u00bball\u00bb]<\/p>\n<h3>Tel\u00e9fonos de contacto<\/h3>\n<p><strong>+56 32 2205088<\/strong><\/p>\n<p><strong>+56 32 2205009<\/strong><\/p>\n<p><strong>+569 54841433<\/strong><\/p>\n<h3>Correos electr\u00f3nicos<\/h3>\n<ul>\n<li><span><a href=\"mailto:otecupla@upla.cl\">otecupla@upla.cl<\/a><\/span><\/li>\n<li><span><\/span><span><a href=\"mailto:pablo.rosas@upla.cl\">pablo.rosas@upla.cl<\/a><\/span><\/li>\n<\/ul>\n<p><strong><b><span style=\"color: #0b5394;\"><a href=\"mailto:paola.toledo@upla.cl\" target=\"_blank\" rel=\"noopener noreferrer\"><\/a><\/span><\/b><\/strong><\/p>\n<p>[\/et_pb_text][et_pb_text admin_label=\u00bbUbicaci\u00f3n\u00bb _builder_version=\u00bb3.27.4&#8243;]<\/p>\n<h2>Ubicaci\u00f3n<\/h2>\n<p>[\/et_pb_text][et_pb_code admin_label=\u00bbUbicaci\u00f3n\u00bb]<iframe loading=\"lazy\" src=\"https:\/\/www.google.com\/maps\/embed?pb=!1m18!1m12!1m3!1d3344.317210411784!2d-71.61825738384275!3d-33.04811468089078!2m3!1f0!2f0!3f0!3m2!1i1024!2i768!4f13.1!3m3!1m2!1s0x9689e0d90f9ffbff%3A0x69605a4dbc7511d0!2sIndependencia+2002%2C+Valpara%C3%ADso%2C+Regi%C3%B3n+de+Valpara%C3%ADso!5e0!3m2!1ses!2scl!4v1506446394103\" width=\"600\" height=\"450\" frameborder=\"0\" style=\"border:0\" allowfullscreen><\/iframe>[\/et_pb_code][\/et_pb_column][et_pb_column type=\u00bb3_5&#8243; _builder_version=\u00bb3.25&#8243; custom_padding=\u00bb|||\u00bb custom_padding__hover=\u00bb|||\u00bb][et_pb_code _builder_version=\u00bb4.4.7&#8243;]<iframe loading=\"lazy\" src=\"https:\/\/docs.google.com\/forms\/d\/e\/1FAIpQLSf5KtByZIrXhKrabp6la0iEnjVgZe9omaCRgGex_TkGzshVsQ\/viewform?embedded=true\" width=\"100%\" height=\"1150\" frameborder=\"0\" marginheight=\"0\" marginwidth=\"0\">Cargando\u2026<\/iframe>[\/et_pb_code][\/et_pb_column][\/et_pb_row][\/et_pb_section]<\/p>\n","protected":false},"excerpt":{"rendered":"<p>&nbsp; &nbsp; Buscamos cambiar la vida de las personas El control de la gesti\u00f3n log\u00edstica permite una ventaja competitiva sobre la cadena de la producci\u00f3n y distribuci\u00f3n, raz\u00f3n por la cual se hace fundamental contar con herramientas que permitan dar un servicio real en acciones relacionadas con el aprovisionamiento y almacenamiento. El Organismo T\u00e9cnico de [&hellip;]<\/p>\n","protected":false},"author":1,"featured_media":0,"parent":0,"menu_order":7,"comment_status":"closed","ping_status":"closed","template":"","meta":{"_et_pb_use_builder":"on","_et_pb_old_content":"","_et_gb_content_width":"","footnotes":""},"class_list":["post-304","page","type-page","status-publish","hentry"],"_links":{"self":[{"href":"https:\/\/www.upla.cl\/otec\/wp-json\/wp\/v2\/pages\/304","targetHints":{"allow":["GET"]}}],"collection":[{"href":"https:\/\/www.upla.cl\/otec\/wp-json\/wp\/v2\/pages"}],"about":[{"href":"https:\/\/www.upla.cl\/otec\/wp-json\/wp\/v2\/types\/page"}],"author":[{"embeddable":true,"href":"https:\/\/www.upla.cl\/otec\/wp-json\/wp\/v2\/users\/1"}],"replies":[{"embeddable":true,"href":"https:\/\/www.upla.cl\/otec\/wp-json\/wp\/v2\/comments?post=304"}],"version-history":[{"count":12,"href":"https:\/\/www.upla.cl\/otec\/wp-json\/wp\/v2\/pages\/304\/revisions"}],"predecessor-version":[{"id":133402,"href":"https:\/\/www.upla.cl\/otec\/wp-json\/wp\/v2\/pages\/304\/revisions\/133402"}],"wp:attachment":[{"href":"https:\/\/www.upla.cl\/otec\/wp-json\/wp\/v2\/media?parent=304"}],"curies":[{"name":"wp","href":"https:\/\/api.w.org\/{rel}","templated":true}]}}