{"id":45,"date":"2016-01-19T14:26:36","date_gmt":"2016-01-19T17:26:36","guid":{"rendered":"http:\/\/www.upla.cl\/normasgraficas\/?page_id=45"},"modified":"2016-03-17T17:27:10","modified_gmt":"2016-03-17T20:27:10","slug":"color","status":"publish","type":"page","link":"https:\/\/www.upla.cl\/normasgraficas\/color\/","title":{"rendered":"Color"},"content":{"rendered":"<p><strong>ESPECIFICACI\u00d3N T\u00c9CNICA<\/strong><\/p>\n<p>Los colores a utilizar seg\u00fan pantone y cuatricrom\u00eda son CYAN y NEGRO, en su amplia gama de porcentajes, as\u00ed como tambi\u00e9n el tercer color derivado de la mezcla de ambos. A modo de facilitar la impresi\u00f3n de documentos y\/o productos tanto de manera interna como externa.<\/p>\n<p>Cabe destacar que se han establecido \u00e9stos y no otros colores para todas las aplicaciones desarrolladas por la instituci\u00f3n, sitio web institucional, publicidad, carteles, y soportes de impresi\u00f3n y gr\u00e1fica en general.<\/p>\n<p>______________________<br \/>\n<img loading=\"lazy\" decoding=\"async\" class=\"alignnone size-full wp-image-46\" src=\"https:\/\/www.upla.cl\/normasgraficas\/wp-content\/uploads\/2016\/01\/color_upla.png\" alt=\"color_upla\" width=\"614\" height=\"754\" srcset=\"https:\/\/www.upla.cl\/normasgraficas\/wp-content\/uploads\/2016\/01\/color_upla.png 614w, https:\/\/www.upla.cl\/normasgraficas\/wp-content\/uploads\/2016\/01\/color_upla-244x300.png 244w\" sizes=\"(max-width: 614px) 100vw, 614px\" \/><\/p>\n","protected":false},"excerpt":{"rendered":"<p>ESPECIFICACI\u00d3N T\u00c9CNICA Los colores a utilizar seg\u00fan pantone y cuatricrom\u00eda son CYAN y NEGRO, en su amplia gama de porcentajes, as\u00ed como tambi\u00e9n el tercer color derivado de la mezcla de ambos. A modo de facilitar la impresi\u00f3n de documentos y\/o productos tanto de manera interna como externa. Cabe destacar que se han establecido \u00e9stos [&hellip;]<\/p>\n","protected":false},"author":1,"featured_media":274,"parent":0,"menu_order":0,"comment_status":"closed","ping_status":"closed","template":"","meta":{"_et_pb_use_builder":"","_et_pb_old_content":"","_et_gb_content_width":"","footnotes":""},"class_list":["post-45","page","type-page","status-publish","has-post-thumbnail","hentry"],"_links":{"self":[{"href":"https:\/\/www.upla.cl\/normasgraficas\/wp-json\/wp\/v2\/pages\/45","targetHints":{"allow":["GET"]}}],"collection":[{"href":"https:\/\/www.upla.cl\/normasgraficas\/wp-json\/wp\/v2\/pages"}],"about":[{"href":"https:\/\/www.upla.cl\/normasgraficas\/wp-json\/wp\/v2\/types\/page"}],"author":[{"embeddable":true,"href":"https:\/\/www.upla.cl\/normasgraficas\/wp-json\/wp\/v2\/users\/1"}],"replies":[{"embeddable":true,"href":"https:\/\/www.upla.cl\/normasgraficas\/wp-json\/wp\/v2\/comments?post=45"}],"version-history":[{"count":3,"href":"https:\/\/www.upla.cl\/normasgraficas\/wp-json\/wp\/v2\/pages\/45\/revisions"}],"predecessor-version":[{"id":51,"href":"https:\/\/www.upla.cl\/normasgraficas\/wp-json\/wp\/v2\/pages\/45\/revisions\/51"}],"wp:featuredmedia":[{"embeddable":true,"href":"https:\/\/www.upla.cl\/normasgraficas\/wp-json\/wp\/v2\/media\/274"}],"wp:attachment":[{"href":"https:\/\/www.upla.cl\/normasgraficas\/wp-json\/wp\/v2\/media?parent=45"}],"curies":[{"name":"wp","href":"https:\/\/api.w.org\/{rel}","templated":true}]}}