{"id":20,"date":"2016-01-19T10:14:43","date_gmt":"2016-01-19T13:14:43","guid":{"rendered":"http:\/\/www.upla.cl\/normasgraficas\/?page_id=20"},"modified":"2022-06-02T11:56:01","modified_gmt":"2022-06-02T15:56:01","slug":"tipografia","status":"publish","type":"page","link":"https:\/\/www.upla.cl\/normasgraficas\/tipografia\/","title":{"rendered":"Tipograf\u00eda"},"content":{"rendered":"<p>[et_pb_section fb_built=\u00bb1&#8243; admin_label=\u00bbsection\u00bb _builder_version=\u00bb4.16&#8243; global_colors_info=\u00bb{}\u00bb][et_pb_row column_structure=\u00bb1_3,1_3,1_3&#8243; admin_label=\u00bbrow\u00bb _builder_version=\u00bb4.16&#8243; background_size=\u00bbinitial\u00bb background_position=\u00bbtop_left\u00bb background_repeat=\u00bbrepeat\u00bb global_colors_info=\u00bb{}\u00bb][et_pb_column type=\u00bb1_3&#8243; _builder_version=\u00bb4.16&#8243; custom_padding=\u00bb|||\u00bb global_colors_info=\u00bb{}\u00bb custom_padding__hover=\u00bb|||\u00bb][et_pb_blurb title=\u00bbTipograf\u00eda institucional para uso en gr\u00e1fica\u00bb url=\u00bbhttps:\/\/www.upla.cl\/normasgraficas\/wp-content\/uploads\/2016\/01\/Din-Pro-OTF.zip\u00bb image=\u00bbhttps:\/\/www.upla.cl\/normasgraficas\/wp-content\/uploads\/2022\/05\/din.jpg\u00bb alt=\u00bbTipograf\u00eda Din para Upla\u00bb icon_alignment=\u00bbleft\u00bb content_max_width=\u00bb1100px\u00bb admin_label=\u00bbDescarga Din\u00bb _builder_version=\u00bb4.17.4&#8243; _module_preset=\u00bbdefault\u00bb header_font=\u00bb|700||on|||||\u00bb header_text_color=\u00bb#009bdb\u00bb body_font=\u00bb||||||||\u00bb body_font_size=\u00bb16px\u00bb body_line_height=\u00bb1.1em\u00bb custom_padding=\u00bb40px|40px|40px|40px|true|true\u00bb animation_style=\u00bbbounce\u00bb link_option_url=\u00bbhttps:\/\/www.upla.cl\/normasgraficas\/wp-content\/uploads\/2016\/01\/Din-Pro-OTF.zip\u00bb box_shadow_style=\u00bbpreset2&#8243; global_colors_info=\u00bb{}\u00bb]<\/p>\n<p>La tipograf\u00eda utilizada para la construcci\u00f3n de la marca institucional Universidad de Playa Ancha y uso gr\u00e1fico comunicacional, se denomina DIN-PRO.<br \/>Se sugiere su uso:<br \/>Din-pro Regular para texto general, en altas y bajas.<br \/>Din-pro Ligth, Medium, Din-pro Bold y Din-pro Black, para t\u00edtulos y subt\u00edtulos, en altas o may\u00fasculas.<\/p>\n<p style=\"text-align: right;\"><a href=\"https:\/\/www.upla.cl\/normasgraficas\/wp-content\/uploads\/2016\/01\/Din-Pro-OTF.zip\" title=\"Descarga tipograf\u00eda DIN\"><strong>Descarga aqu\u00ed<\/strong><\/a><\/p>\n<p>[\/et_pb_blurb][\/et_pb_column][et_pb_column type=\u00bb1_3&#8243; _builder_version=\u00bb4.16&#8243; custom_padding=\u00bb|||\u00bb global_colors_info=\u00bb{}\u00bb custom_padding__hover=\u00bb|||\u00bb][et_pb_blurb title=\u00bbTipograf\u00eda institucional para uso general\u00bb url=\u00bbhttps:\/\/www.upla.cl\/normasgraficas\/wp-content\/uploads\/2016\/01\/Verdana.zip\u00bb image=\u00bbhttps:\/\/www.upla.cl\/normasgraficas\/wp-content\/uploads\/2022\/06\/verdana.jpg\u00bb alt=\u00bbTipograf\u00eda Verdana para Upla\u00bb icon_alignment=\u00bbleft\u00bb content_max_width=\u00bb1100px\u00bb admin_label=\u00bbTipograf\u00eda Verdana para Upla\u00bb _builder_version=\u00bb4.17.4&#8243; _module_preset=\u00bbdefault\u00bb header_font=\u00bb|700||on|||||\u00bb header_text_color=\u00bb#009bdb\u00bb body_font=\u00bb||||||||\u00bb body_font_size=\u00bb16px\u00bb body_line_height=\u00bb1.1em\u00bb custom_padding=\u00bb40px|40px|40px|40px|true|true\u00bb animation_style=\u00bbbounce\u00bb link_option_url=\u00bbhttps:\/\/www.upla.cl\/normasgraficas\/wp-content\/uploads\/2016\/01\/Verdana.zip\u00bb hover_enabled=\u00bb0&#8243; box_shadow_style=\u00bbpreset2&#8243; global_colors_info=\u00bb{}\u00bb sticky_enabled=\u00bb0&#8243;]<\/p>\n<p>La tipograf\u00eda VERDANA, en todas sus versiones, es la es la fuente para la elaboraci\u00f3n de documentos est\u00e1ndar de papeler\u00eda en general, por ejemplo: cartas, invitaciones y documentos de cualquier tipo que no sean elaborados por la Direcci\u00f3n General de Comunicaciones UPLA.<\/p>\n<p style=\"text-align: right;\"><a href=\"https:\/\/www.upla.cl\/normasgraficas\/wp-content\/uploads\/2016\/01\/Verdana.zip\" title=\"Tipograf\u00eda Verdana UPLA\"><strong>Descarga aqu\u00ed<\/strong><\/a><\/p>\n<p>[\/et_pb_blurb][\/et_pb_column][et_pb_column type=\u00bb1_3&#8243; _builder_version=\u00bb4.16&#8243; custom_padding=\u00bb|||\u00bb global_colors_info=\u00bb{}\u00bb custom_padding__hover=\u00bb|||\u00bb][et_pb_blurb title=\u00bbTipograf\u00eda institucional para uso en sitios web\u00bb url=\u00bbhttps:\/\/www.upla.cl\/normasgraficas\/wp-content\/uploads\/2016\/01\/Lato2OFL.zip\u00bb image=\u00bbhttps:\/\/www.upla.cl\/normasgraficas\/wp-content\/uploads\/2022\/05\/lato.png\u00bb alt=\u00bbTipograf\u00eda Lato para Upla\u00bb icon_alignment=\u00bbleft\u00bb content_max_width=\u00bb1100px\u00bb admin_label=\u00bbDescarga Lato\u00bb _builder_version=\u00bb4.17.4&#8243; _module_preset=\u00bbdefault\u00bb header_font=\u00bb|700||on|||||\u00bb header_text_color=\u00bb#009bdb\u00bb body_font=\u00bb||||||||\u00bb body_font_size=\u00bb16px\u00bb body_line_height=\u00bb1.1em\u00bb custom_padding=\u00bb40px|40px|40px|40px|true|true\u00bb animation_style=\u00bbbounce\u00bb link_option_url=\u00bbhttps:\/\/www.upla.cl\/normasgraficas\/wp-content\/uploads\/2016\/01\/Lato2OFL.zip\u00bb hover_enabled=\u00bb0&#8243; box_shadow_style=\u00bbpreset2&#8243; global_colors_info=\u00bb{}\u00bb sticky_enabled=\u00bb0&#8243;]<\/p>\n<p>La tipograf\u00eda LATO, en todas sus versiones, es la denominada para la utilizaci\u00f3n en desarrollo de web institucional.<\/p>\n<p style=\"text-align: right;\"><a href=\"https:\/\/www.upla.cl\/normasgraficas\/wp-content\/uploads\/2016\/01\/Lato2OFL.zip\"><strong>Descarga aqu\u00ed<\/strong><\/a><\/p>\n<p>[\/et_pb_blurb][\/et_pb_column][\/et_pb_row][\/et_pb_section]<\/p>\n","protected":false},"excerpt":{"rendered":"<p>La tipograf\u00eda utilizada para la construcci\u00f3n de la marca institucional Universidad de Playa Ancha y uso gr\u00e1fico comunicacional, se denomina DIN-PRO.Se sugiere su uso:Din-pro Regular para texto general, en altas y bajas.Din-pro Ligth, Medium, Din-pro Bold y Din-pro Black, para t\u00edtulos y subt\u00edtulos, en altas o may\u00fasculas. Descarga aqu\u00edLa tipograf\u00eda VERDANA, en todas sus versiones, [&hellip;]<\/p>\n","protected":false},"author":1,"featured_media":275,"parent":0,"menu_order":0,"comment_status":"closed","ping_status":"closed","template":"","meta":{"_et_pb_use_builder":"on","_et_pb_old_content":"<strong>TIPOGRAF\u00cdA INSTITUCIONAL \/ USO GR\u00c1FICO<\/strong>\r\nLa tipograf\u00eda utilizada para la construcci\u00f3n de la marca institucional Universidad de Playa Ancha y uso gr\u00e1fico comunicacional,\u00a0se denomina\u00a0<a href=\"https:\/\/www.upla.cl\/normasgraficas\/wp-content\/uploads\/2016\/01\/Din-Pro-OTF.zip\">DIN-PRO<\/a>.\r\n<strong>Se sugiere su uso:<\/strong>\r\nDin-pro Regular para texto general, en altas y bajas.\r\nDin-pro Ligth, Medium, Din-pro Bold y Din-pro Black, para t\u00edtulos y subt\u00edtulos, en altas o may\u00fasculas.\r\n<blockquote><a href=\"https:\/\/www.upla.cl\/normasgraficas\/wp-content\/uploads\/2016\/01\/Din-Pro-OTF.zip\"><strong>DESCARGAR TIPOGRAF\u00cdA DIN-PRO DESDE AC\u00c1<\/strong><\/a><\/blockquote>\r\n<strong><a href=\"https:\/\/www.upla.cl\/normasgraficas\/wp-content\/uploads\/2016\/01\/Din-Pro-OTF.zip\"><img class=\"alignnone size-full wp-image-52\" src=\"https:\/\/www.upla.cl\/normasgraficas\/wp-content\/uploads\/2016\/01\/tipo_din_pro.png\" alt=\"tipo_din_pro\" width=\"577\" height=\"746\" \/><\/a>__________________________________<\/strong>\r\n\r\n\u00a0\r\n\r\n<strong>TIPOGRAF\u00edA USO STANDARD<\/strong>\r\nLa tipograf\u00eda <strong><a href=\"https:\/\/www.upla.cl\/normasgraficas\/wp-content\/uploads\/2016\/01\/Verdana.zip\">VERDANA<\/a><\/strong>, en todas sus versiones, es la denominada para la utilizaci\u00f3n\u00a0de\u00a0documentos standard de papeler\u00eda en general.\r\n(ejemplo: cartas, invitaciones y documentos de cualquier tipo que no sean elaborados por la Direcci\u00f3n General de Comunicaciones UPLA).\r\n<blockquote><a href=\"https:\/\/www.upla.cl\/normasgraficas\/wp-content\/uploads\/2016\/01\/Verdana.zip\">DESCARGAR TIPOGRAF\u00cdA VERDANA\u00a0DESDE AC\u00c1<\/a><\/blockquote>\r\n<a href=\"https:\/\/www.upla.cl\/normasgraficas\/wp-content\/uploads\/2016\/01\/Verdana.zip\"><img class=\"alignnone size-full wp-image-56\" src=\"https:\/\/www.upla.cl\/normasgraficas\/wp-content\/uploads\/2016\/01\/tipo_verdana-1.png\" alt=\"tipo_verdana\" width=\"577\" height=\"478\" \/><\/a><strong>_______________<\/strong><strong>_______________<\/strong><strong>____<\/strong>\r\n\r\n\u00a0\r\n\r\n<strong>TIPOGRAF\u00edA USO\u00a0WEB<\/strong>\r\nLa tipograf\u00eda\u00a0<strong><a href=\"https:\/\/www.upla.cl\/normasgraficas\/wp-content\/uploads\/2016\/01\/Lato2OFL.zip\">LATO<\/a><\/strong>, en todas sus versiones, es la denominada para la utilizaci\u00f3n en desarrollo de web institucional.\r\n<blockquote><a href=\"https:\/\/www.upla.cl\/normasgraficas\/wp-content\/uploads\/2016\/01\/Lato2OFL.zip\">DESCARGAR TIPOGRAF\u00cdA LATO\u00a0DESDE AC\u00c1<\/a><\/blockquote>\r\n<a href=\"https:\/\/www.upla.cl\/normasgraficas\/wp-content\/uploads\/2016\/01\/Lato2OFL.zip\"><img class=\"alignnone size-full wp-image-57\" src=\"https:\/\/www.upla.cl\/normasgraficas\/wp-content\/uploads\/2016\/01\/tipoLATO.png\" alt=\"tipoLATO\" width=\"577\" height=\"892\" \/><\/a>","_et_gb_content_width":"","footnotes":""},"class_list":["post-20","page","type-page","status-publish","has-post-thumbnail","hentry"],"_links":{"self":[{"href":"https:\/\/www.upla.cl\/normasgraficas\/wp-json\/wp\/v2\/pages\/20","targetHints":{"allow":["GET"]}}],"collection":[{"href":"https:\/\/www.upla.cl\/normasgraficas\/wp-json\/wp\/v2\/pages"}],"about":[{"href":"https:\/\/www.upla.cl\/normasgraficas\/wp-json\/wp\/v2\/types\/page"}],"author":[{"embeddable":true,"href":"https:\/\/www.upla.cl\/normasgraficas\/wp-json\/wp\/v2\/users\/1"}],"replies":[{"embeddable":true,"href":"https:\/\/www.upla.cl\/normasgraficas\/wp-json\/wp\/v2\/comments?post=20"}],"version-history":[{"count":26,"href":"https:\/\/www.upla.cl\/normasgraficas\/wp-json\/wp\/v2\/pages\/20\/revisions"}],"predecessor-version":[{"id":508,"href":"https:\/\/www.upla.cl\/normasgraficas\/wp-json\/wp\/v2\/pages\/20\/revisions\/508"}],"wp:featuredmedia":[{"embeddable":true,"href":"https:\/\/www.upla.cl\/normasgraficas\/wp-json\/wp\/v2\/media\/275"}],"wp:attachment":[{"href":"https:\/\/www.upla.cl\/normasgraficas\/wp-json\/wp\/v2\/media?parent=20"}],"curies":[{"name":"wp","href":"https:\/\/api.w.org\/{rel}","templated":true}]}}