{"id":17,"date":"2016-01-19T10:14:24","date_gmt":"2016-01-19T13:14:24","guid":{"rendered":"http:\/\/www.upla.cl\/normasgraficas\/?page_id=17"},"modified":"2025-04-04T10:55:08","modified_gmt":"2025-04-04T13:55:08","slug":"decreto","status":"publish","type":"page","link":"https:\/\/www.upla.cl\/normasgraficas\/decreto\/","title":{"rendered":"Decreto"},"content":{"rendered":"<p>[et_pb_section fb_built=\u00bb1&#8243; _builder_version=\u00bb4.16&#8243; global_colors_info=\u00bb{}\u00bb][et_pb_row module_class=\u00bb et_pb_row_fullwidth\u00bb _builder_version=\u00bb4.16&#8243; width=\u00bb94%\u00bb width_tablet=\u00bb80%\u00bb width_phone=\u00bb\u00bb width_last_edited=\u00bbon|desktop\u00bb max_width=\u00bb94%\u00bb max_width_tablet=\u00bb80%\u00bb max_width_phone=\u00bb\u00bb max_width_last_edited=\u00bbon|desktop\u00bb make_fullwidth=\u00bbon\u00bb global_colors_info=\u00bb{}\u00bb][et_pb_column type=\u00bb4_4&#8243; _builder_version=\u00bb4.16&#8243; custom_padding=\u00bb|||\u00bb global_colors_info=\u00bb{}\u00bb custom_padding__hover=\u00bb|||\u00bb][et_pb_post_title meta=\u00bboff\u00bb _builder_version=\u00bb4.16&#8243; global_colors_info=\u00bb{}\u00bb][\/et_pb_post_title][\/et_pb_column][\/et_pb_row][\/et_pb_section][et_pb_section fb_built=\u00bb1&#8243; _builder_version=\u00bb4.16&#8243; global_colors_info=\u00bb{}\u00bb][et_pb_row column_structure=\u00bb2_3,1_3&#8243; _builder_version=\u00bb4.16&#8243; background_size=\u00bbinitial\u00bb background_position=\u00bbtop_left\u00bb background_repeat=\u00bbrepeat\u00bb global_colors_info=\u00bb{}\u00bb][et_pb_column type=\u00bb2_3&#8243; _builder_version=\u00bb4.16&#8243; custom_padding=\u00bb|||\u00bb global_colors_info=\u00bb{}\u00bb custom_padding__hover=\u00bb|||\u00bb][et_pb_text _builder_version=\u00bb4.16&#8243; global_colors_info=\u00bb{}\u00bb]<\/p>\n<p>El presente trabajo de actualizaci\u00f3n sobre la imagen gr\u00e1fica de la Universidad de Playa Ancha, est\u00e1 basado en el Plan de Desarrollo Estrat\u00e9gico Institucional (PDEI) de nuestra casa de estudios. El mismo, responde a la necesidad de establecer criterios de orden tanto en su uso interno como externo, pretendiendo adem\u00e1s, representar visualmente la proyecci\u00f3n de esta casa de estudios dentro del complejo y competitivo escenario del mercado de la educaci\u00f3n superior nacional.<\/p>\n<p>Para el desarrollo de esta modernizaci\u00f3n de la imagen institucional, se tom\u00f3 como referencia el antiguo manual de normas gr\u00e1ficas, aplicando cambios importantes en t\u00e9rminos crom\u00e1ticos y tipogr\u00e1ficos, as\u00ed como tambi\u00e9n algunas modificaciones m\u00ednimas en su isotipo tradicional.<\/p>\n<p>En el presente manual se establecen las normas para el buen uso de la imagen gr\u00e1fica institucional, no permiti\u00e9ndose\u00a0 la transformaci\u00f3n del logotipo ni el aspecto crom\u00e1tico ni en el de la forma de las marcas Universidad de Playa Ancha y direcci\u00f3n del sitio web www.upla.cl.<\/p>\n<p>Todas las aplicaciones anteriores a este documento quedan obsoletas al no representar el proceso de modernizaci\u00f3n institucional y de estandarizaci\u00f3n interna de una imagen de marca visual de la Universidad de Playa Ancha.<\/p>\n<p>El trabajo de modernizaci\u00f3n de la imagen gr\u00e1fica institucional UPLA fue desarrollado\u00a0por la Direcci\u00f3n General de Comunicaciones\u00a0de la Universidad de Playa Ancha.<\/p>\n<p>[\/et_pb_text][\/et_pb_column][et_pb_column type=\u00bb1_3&#8243; _builder_version=\u00bb4.16&#8243; custom_padding=\u00bb|||\u00bb global_colors_info=\u00bb{}\u00bb custom_padding__hover=\u00bb|||\u00bb][et_pb_code _builder_version=\u00bb4.16&#8243; global_colors_info=\u00bb{}\u00bb] [su_document url=\u00bbhttps:\/\/www.upla.cl\/normasgraficas\/wp-content\/uploads\/2018\/01\/Decreto_Exento_1389-2009.pdf\u00bb height=\u00bb800&#8243;] [\/et_pb_code][et_pb_button button_url=\u00bbhttps:\/\/www.upla.cl\/normasgraficas\/wp-content\/uploads\/2018\/01\/Decreto_Exento_1389-2009.pdf\u00bb url_new_window=\u00bbon\u00bb button_text=\u00bbDescarga el Decreto Exento N\u00ba 1389\/2009, que regula la imagen institucional de la Universidad de Playa Ancha\u00bb admin_label=\u00bbDescarga Decreto Exento N\u00ba 1389\/2009&#8243; _builder_version=\u00bb4.27.4&#8243; hover_enabled=\u00bb0&#8243; global_colors_info=\u00bb{}\u00bb sticky_enabled=\u00bb0&#8243;][\/et_pb_button][\/et_pb_column][\/et_pb_row][\/et_pb_section][et_pb_section fb_built=\u00bb1&#8243; _builder_version=\u00bb4.27.4&#8243; hover_enabled=\u00bb0&#8243; global_colors_info=\u00bb{}\u00bb module_id=\u00bbregistromarca\u00bb sticky_enabled=\u00bb0&#8243;][et_pb_row _builder_version=\u00bb4.16&#8243; background_size=\u00bbinitial\u00bb background_position=\u00bbtop_left\u00bb background_repeat=\u00bbrepeat\u00bb global_colors_info=\u00bb{}\u00bb][et_pb_column type=\u00bb4_4&#8243; _builder_version=\u00bb4.16&#8243; custom_padding=\u00bb|||\u00bb global_colors_info=\u00bb{}\u00bb custom_padding__hover=\u00bb|||\u00bb][et_pb_text _builder_version=\u00bb4.16&#8243; global_colors_info=\u00bb{}\u00bb]<\/p>\n<h3>Registro de marca<\/h3>\n<p>Fuente: <a href=\"https:\/\/www.inapi.cl\" target=\"_blank\" rel=\"noopener\">Instituto Nacional de Propiedad Intelectual<\/a>.<br \/>\n[\/et_pb_text][\/et_pb_column][\/et_pb_row][et_pb_row column_structure=\u00bb1_4,1_4,1_4,1_4&#8243; _builder_version=\u00bb4.16&#8243; background_size=\u00bbinitial\u00bb background_position=\u00bbtop_left\u00bb background_repeat=\u00bbrepeat\u00bb global_colors_info=\u00bb{}\u00bb][et_pb_column type=\u00bb1_4&#8243; _builder_version=\u00bb4.16&#8243; custom_padding=\u00bb|||\u00bb global_colors_info=\u00bb{}\u00bb custom_padding__hover=\u00bb|||\u00bb][et_pb_button button_url=\u00bbhttps:\/\/www.upla.cl\/normasgraficas\/wp-content\/uploads\/2018\/01\/2014_1104_inapi_registromarca_upla.pdf\u00bb url_new_window=\u00bbon\u00bb button_text=\u00bbRegistro de marca %22Universidad de Playa Ancha%22 en INAPI\u00bb admin_label=\u00bbBot\u00f3n: Registro de marca Universidad de Playa Ancha\u00bb _builder_version=\u00bb4.16&#8243; custom_button=\u00bbon\u00bb button_text_color=\u00bb#009bdb\u00bb global_colors_info=\u00bb{}\u00bb button_text_size__hover_enabled=\u00bboff\u00bb button_one_text_size__hover_enabled=\u00bboff\u00bb button_two_text_size__hover_enabled=\u00bboff\u00bb button_text_color__hover_enabled=\u00bboff\u00bb button_one_text_color__hover_enabled=\u00bboff\u00bb button_two_text_color__hover_enabled=\u00bboff\u00bb button_border_width__hover_enabled=\u00bboff\u00bb button_one_border_width__hover_enabled=\u00bboff\u00bb button_two_border_width__hover_enabled=\u00bboff\u00bb button_border_color__hover_enabled=\u00bboff\u00bb button_one_border_color__hover_enabled=\u00bboff\u00bb button_two_border_color__hover_enabled=\u00bboff\u00bb button_border_radius__hover_enabled=\u00bboff\u00bb button_one_border_radius__hover_enabled=\u00bboff\u00bb button_two_border_radius__hover_enabled=\u00bboff\u00bb button_letter_spacing__hover_enabled=\u00bboff\u00bb button_one_letter_spacing__hover_enabled=\u00bboff\u00bb button_two_letter_spacing__hover_enabled=\u00bboff\u00bb button_bg_color__hover_enabled=\u00bboff\u00bb button_one_bg_color__hover_enabled=\u00bboff\u00bb button_two_bg_color__hover_enabled=\u00bboff\u00bb][\/et_pb_button][\/et_pb_column][et_pb_column type=\u00bb1_4&#8243; _builder_version=\u00bb4.16&#8243; custom_padding=\u00bb|||\u00bb global_colors_info=\u00bb{}\u00bb custom_padding__hover=\u00bb|||\u00bb][et_pb_button button_url=\u00bbhttps:\/\/www.upla.cl\/normasgraficas\/wp-content\/uploads\/2025\/04\/Documento_20242498304.pdf\u00bb url_new_window=\u00bbon\u00bb button_text=\u00bbResoluci\u00f3n de aceptaci\u00f3n e inscripci\u00f3n de renovaci\u00f3n %22Universidad de Playa Ancha%22 en INAPI\u00bb admin_label=\u00bbBot\u00f3n: Registro de marca Universidad de Playa Ancha\u00bb _builder_version=\u00bb4.27.4&#8243; custom_button=\u00bbon\u00bb button_text_color=\u00bb#009bdb\u00bb global_colors_info=\u00bb{}\u00bb button_text_size__hover_enabled=\u00bboff\u00bb button_one_text_size__hover_enabled=\u00bboff\u00bb button_two_text_size__hover_enabled=\u00bboff\u00bb button_text_color__hover_enabled=\u00bboff\u00bb button_one_text_color__hover_enabled=\u00bboff\u00bb button_two_text_color__hover_enabled=\u00bboff\u00bb button_border_width__hover_enabled=\u00bboff\u00bb button_one_border_width__hover_enabled=\u00bboff\u00bb button_two_border_width__hover_enabled=\u00bboff\u00bb button_border_color__hover_enabled=\u00bboff\u00bb button_one_border_color__hover_enabled=\u00bboff\u00bb button_two_border_color__hover_enabled=\u00bboff\u00bb button_border_radius__hover_enabled=\u00bboff\u00bb button_one_border_radius__hover_enabled=\u00bboff\u00bb button_two_border_radius__hover_enabled=\u00bboff\u00bb button_letter_spacing__hover_enabled=\u00bboff\u00bb button_one_letter_spacing__hover_enabled=\u00bboff\u00bb button_two_letter_spacing__hover_enabled=\u00bboff\u00bb button_bg_color__hover_enabled=\u00bboff\u00bb button_one_bg_color__hover_enabled=\u00bboff\u00bb button_two_bg_color__hover_enabled=\u00bboff\u00bb][\/et_pb_button][\/et_pb_column][et_pb_column type=\u00bb1_4&#8243; _builder_version=\u00bb4.16&#8243; custom_padding=\u00bb|||\u00bb global_colors_info=\u00bb{}\u00bb custom_padding__hover=\u00bb|||\u00bb][et_pb_button button_url=\u00bbhttps:\/\/www.upla.cl\/normasgraficas\/wp-content\/uploads\/2018\/01\/2014_1104_inapi_registromarca_uplaced.pdf\u00bb url_new_window=\u00bbon\u00bb button_text=\u00bbRegistro de marca %22Universidad de Playa Ancha de Ciencias de la Educaci\u00f3n%22 en INAPI\u00bb admin_label=\u00bbBot\u00f3n: Registro de marca Universidad de Playa Ancha de Ciencias de la Educaci\u00f3n\u00bb _builder_version=\u00bb4.16&#8243; custom_button=\u00bbon\u00bb button_text_color=\u00bb#009bdb\u00bb global_colors_info=\u00bb{}\u00bb button_text_size__hover_enabled=\u00bboff\u00bb button_one_text_size__hover_enabled=\u00bboff\u00bb button_two_text_size__hover_enabled=\u00bboff\u00bb button_text_color__hover_enabled=\u00bboff\u00bb button_one_text_color__hover_enabled=\u00bboff\u00bb button_two_text_color__hover_enabled=\u00bboff\u00bb button_border_width__hover_enabled=\u00bboff\u00bb button_one_border_width__hover_enabled=\u00bboff\u00bb button_two_border_width__hover_enabled=\u00bboff\u00bb button_border_color__hover_enabled=\u00bboff\u00bb button_one_border_color__hover_enabled=\u00bboff\u00bb button_two_border_color__hover_enabled=\u00bboff\u00bb button_border_radius__hover_enabled=\u00bboff\u00bb button_one_border_radius__hover_enabled=\u00bboff\u00bb button_two_border_radius__hover_enabled=\u00bboff\u00bb button_letter_spacing__hover_enabled=\u00bboff\u00bb button_one_letter_spacing__hover_enabled=\u00bboff\u00bb button_two_letter_spacing__hover_enabled=\u00bboff\u00bb button_bg_color__hover_enabled=\u00bboff\u00bb button_one_bg_color__hover_enabled=\u00bboff\u00bb button_two_bg_color__hover_enabled=\u00bboff\u00bb][\/et_pb_button][\/et_pb_column][et_pb_column type=\u00bb1_4&#8243; _builder_version=\u00bb4.16&#8243; custom_padding=\u00bb|||\u00bb global_colors_info=\u00bb{}\u00bb custom_padding__hover=\u00bb|||\u00bb][et_pb_button button_url=\u00bbhttps:\/\/www.upla.cl\/normasgraficas\/wp-content\/uploads\/2018\/01\/2016_0630_inapi_registromarca_upla.pdf\u00bb url_new_window=\u00bbon\u00bb button_text=\u00bbRegistro de marca %22UPLA%22 en INAPI\u00bb admin_label=\u00bbBot\u00f3n: Registro de marca UPLA\u00bb _builder_version=\u00bb4.16&#8243; custom_button=\u00bbon\u00bb button_text_color=\u00bb#009bdb\u00bb global_colors_info=\u00bb{}\u00bb button_text_size__hover_enabled=\u00bboff\u00bb button_one_text_size__hover_enabled=\u00bboff\u00bb button_two_text_size__hover_enabled=\u00bboff\u00bb button_text_color__hover_enabled=\u00bboff\u00bb button_one_text_color__hover_enabled=\u00bboff\u00bb button_two_text_color__hover_enabled=\u00bboff\u00bb button_border_width__hover_enabled=\u00bboff\u00bb button_one_border_width__hover_enabled=\u00bboff\u00bb button_two_border_width__hover_enabled=\u00bboff\u00bb button_border_color__hover_enabled=\u00bboff\u00bb button_one_border_color__hover_enabled=\u00bboff\u00bb button_two_border_color__hover_enabled=\u00bboff\u00bb button_border_radius__hover_enabled=\u00bboff\u00bb button_one_border_radius__hover_enabled=\u00bboff\u00bb button_two_border_radius__hover_enabled=\u00bboff\u00bb button_letter_spacing__hover_enabled=\u00bboff\u00bb button_one_letter_spacing__hover_enabled=\u00bboff\u00bb button_two_letter_spacing__hover_enabled=\u00bboff\u00bb button_bg_color__hover_enabled=\u00bboff\u00bb button_one_bg_color__hover_enabled=\u00bboff\u00bb button_two_bg_color__hover_enabled=\u00bboff\u00bb][\/et_pb_button][\/et_pb_column][\/et_pb_row][\/et_pb_section]<\/p>\n","protected":false},"excerpt":{"rendered":"<p>El presente trabajo de actualizaci\u00f3n sobre la imagen gr\u00e1fica de la Universidad de Playa Ancha, est\u00e1 basado en el Plan de Desarrollo Estrat\u00e9gico Institucional (PDEI) de nuestra casa de estudios. El mismo, responde a la necesidad de establecer criterios de orden tanto en su uso interno como externo, pretendiendo adem\u00e1s, representar visualmente la proyecci\u00f3n de [&hellip;]<\/p>\n","protected":false},"author":1,"featured_media":277,"parent":0,"menu_order":0,"comment_status":"closed","ping_status":"closed","template":"","meta":{"_et_pb_use_builder":"on","_et_pb_old_content":"<p>El presente trabajo de actualizaci\u00f3n sobre la imagen gr\u00e1fica de la Universidad de Playa Ancha, est\u00e1 basado en el Plan de Desarrollo Estrat\u00e9gico Institucional actualmente vigente. El mismo, responde a la necesidad de establecer criterios de orden tanto en su uso interno como externo, pretendiendo adem\u00e1s, representar visualmente la proyecci\u00f3n de esta casa de estudios dentro del complejo y competitivo escenario del mercado de la educaci\u00f3n superior nacional.<\/p><p>Para el desarrollo de esta modernizaci\u00f3n de la imagen institucional, hemos tomado como referencia el antiguo manual de normas gr\u00e1ficas, aplicando cambios importantes en t\u00e9rminos crom\u00e1ticos y tipogr\u00e1ficos, as\u00ed como tambi\u00e9n algunas modificaciones m\u00ednimas en su isotipo tradicional.<\/p><p>En el presente manual se establecen las normas para el buen uso de la imagen gr\u00e1fica institucional. No permiti\u00e9ndose\u00a0 la transformaci\u00f3n del logotipo ni el aspecto crom\u00e1tico ni en el de la forma de las marcas Universidad de Playa Ancha y direcci\u00f3n del sitio web www.upla.cl.<\/p><p>Todas las aplicaciones anteriores a este documento quedan obsoletas al no representar el proceso de modernizaci\u00f3n expuesto en el PDEI.<\/p><p><em>El trabajo de modernizaci\u00f3n de la imagen gr\u00e1fica institucional UPLA fue desarrollado\u00a0por Ernesto Iturrieta Andrades \/ Director Creativo - Dise\u00f1ador Gr\u00e1fico en la Direcci\u00f3n General de Comunicaciones\u00a0de la Universidad de Playa Ancha.<\/em><\/p><blockquote><p><a href=\"http:\/\/sitios.upla.cl\/documentos\/Decreto_Exento_1389-2009.pdf\" target=\"_blank\" rel=\"noopener\">Ver decreto en sitio institucional aqu\u00ed<\/a><\/p><\/blockquote><p><a href=\"http:\/\/sitios.upla.cl\/documentos\/Decreto_Exento_1389-2009.pdf\" target=\"_blank\" rel=\"noopener\"><img class=\"alignnone size-full wp-image-70\" src=\"https:\/\/www.upla.cl\/normasgraficas\/wp-content\/uploads\/2016\/01\/decreto.png\" alt=\"decreto\" width=\"586\" height=\"830\" \/><\/a><\/p>","_et_gb_content_width":"","footnotes":""},"class_list":["post-17","page","type-page","status-publish","has-post-thumbnail","hentry"],"_links":{"self":[{"href":"https:\/\/www.upla.cl\/normasgraficas\/wp-json\/wp\/v2\/pages\/17","targetHints":{"allow":["GET"]}}],"collection":[{"href":"https:\/\/www.upla.cl\/normasgraficas\/wp-json\/wp\/v2\/pages"}],"about":[{"href":"https:\/\/www.upla.cl\/normasgraficas\/wp-json\/wp\/v2\/types\/page"}],"author":[{"embeddable":true,"href":"https:\/\/www.upla.cl\/normasgraficas\/wp-json\/wp\/v2\/users\/1"}],"replies":[{"embeddable":true,"href":"https:\/\/www.upla.cl\/normasgraficas\/wp-json\/wp\/v2\/comments?post=17"}],"version-history":[{"count":13,"href":"https:\/\/www.upla.cl\/normasgraficas\/wp-json\/wp\/v2\/pages\/17\/revisions"}],"predecessor-version":[{"id":582,"href":"https:\/\/www.upla.cl\/normasgraficas\/wp-json\/wp\/v2\/pages\/17\/revisions\/582"}],"wp:featuredmedia":[{"embeddable":true,"href":"https:\/\/www.upla.cl\/normasgraficas\/wp-json\/wp\/v2\/media\/277"}],"wp:attachment":[{"href":"https:\/\/www.upla.cl\/normasgraficas\/wp-json\/wp\/v2\/media?parent=17"}],"curies":[{"name":"wp","href":"https:\/\/api.w.org\/{rel}","templated":true}]}}