{"id":153,"date":"2016-03-14T13:24:21","date_gmt":"2016-03-14T16:24:21","guid":{"rendered":"http:\/\/www.upla.cl\/normasgraficas\/?page_id=153"},"modified":"2025-05-26T09:40:36","modified_gmt":"2025-05-26T13:40:36","slug":"153-2","status":"publish","type":"page","link":"https:\/\/www.upla.cl\/normasgraficas\/","title":{"rendered":"Inicio"},"content":{"rendered":"<p>[et_pb_section fb_built=\u00bb1&#8243; admin_label=\u00bbsection\u00bb _builder_version=\u00bb4.16&#8243; global_colors_info=\u00bb{}\u00bb][et_pb_row column_structure=\u00bb3_5,2_5&#8243; admin_label=\u00bbrow\u00bb _builder_version=\u00bb4.16&#8243; background_size=\u00bbinitial\u00bb background_position=\u00bbtop_left\u00bb background_repeat=\u00bbrepeat\u00bb global_colors_info=\u00bb{}\u00bb][et_pb_column type=\u00bb3_5&#8243; _builder_version=\u00bb4.16&#8243; custom_padding=\u00bb|||\u00bb global_colors_info=\u00bb{}\u00bb custom_padding__hover=\u00bb|||\u00bb][et_pb_image src=\u00bbhttps:\/\/www.upla.cl\/normasgraficas\/wp-content\/uploads\/2016\/01\/logo_upla-1.png\u00bb alt=\u00bbCabecera Sitio Gu\u00eda de Normas Gr\u00e1ficas\u00bb title_text=\u00bblogo_upla\u00bb url=\u00bbhttps:\/\/www.upla.cl\/normasgraficas\/\u00bb force_fullwidth=\u00bbon\u00bb align_tablet=\u00bbcenter\u00bb align_phone=\u00bb\u00bb align_last_edited=\u00bbon|desktop\u00bb admin_label=\u00bbCabecera\u00bb _builder_version=\u00bb4.14.6&#8243; custom_margin=\u00bb||0px|\u00bb custom_padding=\u00bb|||\u00bb use_border_color=\u00bboff\u00bb always_center_on_mobile=\u00bbon\u00bb global_module=\u00bb231&#8243; saved_tabs=\u00bball\u00bb global_colors_info=\u00bb{}\u00bb][\/et_pb_image][\/et_pb_column][et_pb_column type=\u00bb2_5&#8243; _builder_version=\u00bb4.16&#8243; custom_padding=\u00bb|||\u00bb global_colors_info=\u00bb{}\u00bb custom_padding__hover=\u00bb|||\u00bb][et_pb_image src=\u00bbhttps:\/\/www.upla.cl\/normasgraficas\/wp-content\/uploads\/2025\/03\/20250311_upla_acreditada_2022-2027-color.png\u00bb alt=\u00bbUniversidad de Playa Ancha &#8211; Acreditaci\u00f3n prorrogada\u00bb title_text=\u00bb20250311_upla_acreditada_2022-2027-color\u00bb admin_label=\u00bbAcreditaci\u00f3n UPLA\u00bb _builder_version=\u00bb4.27.4&#8243; _module_preset=\u00bbdefault\u00bb global_colors_info=\u00bb{}\u00bb][\/et_pb_image][\/et_pb_column][\/et_pb_row][\/et_pb_section][et_pb_section fb_built=\u00bb1&#8243; _builder_version=\u00bb4.16&#8243; _module_preset=\u00bbdefault\u00bb global_colors_info=\u00bb{}\u00bb][et_pb_row _builder_version=\u00bb4.16&#8243; _module_preset=\u00bbdefault\u00bb global_colors_info=\u00bb{}\u00bb][et_pb_column type=\u00bb4_4&#8243; _builder_version=\u00bb4.16&#8243; _module_preset=\u00bbdefault\u00bb global_colors_info=\u00bb{}\u00bb][et_pb_slider _builder_version=\u00bb4.27.2&#8243; parallax=\u00bbon\u00bb parallax_method=\u00bbon\u00bb custom_padding=\u00bb|||\u00bb custom_padding_tablet=\u00bb|||\u00bb custom_padding_phone=\u00bb|||\u00bb box_shadow_style=\u00bbpreset6&#8243; box_shadow_blur=\u00bb10px\u00bb box_shadow_color=\u00bbrgba(0,0,0,0.1)\u00bb remove_inner_shadow=\u00bboff\u00bb hide_content_on_mobile=\u00bboff\u00bb hide_cta_on_mobile=\u00bboff\u00bb show_inner_shadow=\u00bbon\u00bb global_colors_info=\u00bb{}\u00bb button_text_size__hover_enabled=\u00bboff\u00bb button_one_text_size__hover_enabled=\u00bboff\u00bb button_two_text_size__hover_enabled=\u00bboff\u00bb button_text_color__hover_enabled=\u00bboff\u00bb button_one_text_color__hover_enabled=\u00bboff\u00bb button_two_text_color__hover_enabled=\u00bboff\u00bb button_border_width__hover_enabled=\u00bboff\u00bb button_one_border_width__hover_enabled=\u00bboff\u00bb button_two_border_width__hover_enabled=\u00bboff\u00bb button_border_color__hover_enabled=\u00bboff\u00bb button_one_border_color__hover_enabled=\u00bboff\u00bb button_two_border_color__hover_enabled=\u00bboff\u00bb button_border_radius__hover_enabled=\u00bboff\u00bb button_one_border_radius__hover_enabled=\u00bboff\u00bb button_two_border_radius__hover_enabled=\u00bboff\u00bb button_letter_spacing__hover_enabled=\u00bboff\u00bb button_one_letter_spacing__hover_enabled=\u00bboff\u00bb button_two_letter_spacing__hover_enabled=\u00bboff\u00bb button_bg_color__hover_enabled=\u00bboff\u00bb button_one_bg_color__hover_enabled=\u00bboff\u00bb button_two_bg_color__hover_enabled=\u00bboff\u00bb][et_pb_slide heading=\u00bbManual de normas gr\u00e1ficas de la Universidad de Playa Ancha\u00bb button_text=\u00bbCons\u00faltalo y desc\u00e1rgalo aqu\u00ed\u00bb button_link=\u00bbhttps:\/\/www.upla.cl\/normasgraficas\/manual\/\u00bb use_bg_overlay=\u00bbon\u00bb bg_overlay_color=\u00bbrgba(155,155,155,0.47)\u00bb use_text_overlay=\u00bboff\u00bb _builder_version=\u00bb4.16&#8243; header_font=\u00bb||||\u00bb body_font=\u00bb||||\u00bb background_image=\u00bbhttps:\/\/www.upla.cl\/normasgraficas\/wp-content\/uploads\/2016\/03\/cabecera_normas_07.jpg\u00bb button_icon_placement=\u00bbright\u00bb button_on_hover=\u00bbon\u00bb global_colors_info=\u00bb{}\u00bb button_text_size__hover_enabled=\u00bboff\u00bb button_one_text_size__hover_enabled=\u00bboff\u00bb button_two_text_size__hover_enabled=\u00bboff\u00bb button_text_color__hover_enabled=\u00bboff\u00bb button_one_text_color__hover_enabled=\u00bboff\u00bb button_two_text_color__hover_enabled=\u00bboff\u00bb button_border_width__hover_enabled=\u00bboff\u00bb button_one_border_width__hover_enabled=\u00bboff\u00bb button_two_border_width__hover_enabled=\u00bboff\u00bb button_border_color__hover_enabled=\u00bboff\u00bb button_one_border_color__hover_enabled=\u00bboff\u00bb button_two_border_color__hover_enabled=\u00bboff\u00bb button_border_radius__hover_enabled=\u00bboff\u00bb button_one_border_radius__hover_enabled=\u00bboff\u00bb button_two_border_radius__hover_enabled=\u00bboff\u00bb button_letter_spacing__hover_enabled=\u00bboff\u00bb button_one_letter_spacing__hover_enabled=\u00bboff\u00bb button_two_letter_spacing__hover_enabled=\u00bboff\u00bb button_bg_color__hover_enabled=\u00bboff\u00bb button_one_bg_color__hover_enabled=\u00bboff\u00bb button_two_bg_color__hover_enabled=\u00bboff\u00bb sticky_transition=\u00bbon\u00bb][\/et_pb_slide][\/et_pb_slider][\/et_pb_column][\/et_pb_row][\/et_pb_section][et_pb_section fb_built=\u00bb1&#8243; _builder_version=\u00bb4.16&#8243; global_colors_info=\u00bb{}\u00bb][et_pb_row column_structure=\u00bb1_3,2_3&#8243; _builder_version=\u00bb4.16&#8243; background_size=\u00bbinitial\u00bb background_position=\u00bbtop_left\u00bb background_repeat=\u00bbrepeat\u00bb global_colors_info=\u00bb{}\u00bb][et_pb_column type=\u00bb1_3&#8243; _builder_version=\u00bb4.16&#8243; custom_padding=\u00bb|||\u00bb global_colors_info=\u00bb{}\u00bb custom_padding__hover=\u00bb|||\u00bb][et_pb_blurb title=\u00bbLogotipo\u00bb url=\u00bbhttps:\/\/www.upla.cl\/normasgraficas\/logotipo\/\u00bb image=\u00bbhttps:\/\/www.upla.cl\/normasgraficas\/wp-content\/uploads\/2016\/01\/cropped-logo_upla-1.png\u00bb alt=\u00bbLogotipo\u00bb admin_label=\u00bbLogotipo\u00bb _builder_version=\u00bb4.16&#8243; header_font=\u00bb|600|||||||\u00bb body_line_height=\u00bb1.5em\u00bb background_size=\u00bbinitial\u00bb background_position=\u00bbtop_left\u00bb background_repeat=\u00bbrepeat\u00bb custom_padding=\u00bb15%|15%|15%|15%|true|true\u00bb box_shadow_style=\u00bbpreset2&#8243; use_border_color=\u00bboff\u00bb border_color=\u00bb#ffffff\u00bb border_style=\u00bbsolid\u00bb global_colors_info=\u00bb{}\u00bb]<a href=\"https:\/\/www.upla.cl\/normasgraficas\/logotipo\/\">Descarga desde aqu\u00ed<\/a> el logotipo UPLA en\u00a0todas sus derivaciones.<br \/>\n[\/et_pb_blurb][et_pb_blurb title=\u00bbColores institucionales\u00bb url=\u00bbhttps:\/\/www.upla.cl\/normasgraficas\/color\/\u00bb image=\u00bbhttps:\/\/www.upla.cl\/normasgraficas\/wp-content\/uploads\/2016\/01\/color_upla.png\u00bb alt=\u00bbColores institucionales\u00bb admin_label=\u00bbColores institucionales\u00bb _builder_version=\u00bb4.16&#8243; header_font=\u00bb|600|||||||\u00bb body_line_height=\u00bb1.5em\u00bb background_size=\u00bbinitial\u00bb background_position=\u00bbtop_left\u00bb background_repeat=\u00bbrepeat\u00bb custom_padding=\u00bb15%|15%|15%|15%|true|true\u00bb box_shadow_style=\u00bbpreset2&#8243; use_border_color=\u00bboff\u00bb border_color=\u00bb#ffffff\u00bb border_style=\u00bbsolid\u00bb global_colors_info=\u00bb{}\u00bb]Los colores a utilizar seg\u00fan pantone y cuatricrom\u00eda son CYAN y NEGRO, en su amplia gama de porcentajes, as\u00ed como tambi\u00e9n el tercer color derivado de la mezcla de ambos. A modo de facilitar la impresi\u00f3n de documentos y\/o productos tanto de manera interna como externa.<\/p>\n<p><a href=\"https:\/\/www.upla.cl\/normasgraficas\/color\/\">Sigue leyendo&#8230;<\/a><br \/>\n[\/et_pb_blurb][et_pb_blurb title=\u00bbTipograf\u00eda\u00bb url=\u00bbhttps:\/\/www.upla.cl\/normasgraficas\/tipografia\/\u00bb image=\u00bbhttps:\/\/www.upla.cl\/normasgraficas\/wp-content\/uploads\/2022\/05\/din.jpg\u00bb alt=\u00bbTipograf\u00eda Din para Upla\u00bb admin_label=\u00bbTipograf\u00eda\u00bb _builder_version=\u00bb4.17.4&#8243; header_font=\u00bb|600|||||||\u00bb body_line_height=\u00bb1.5em\u00bb background_size=\u00bbinitial\u00bb background_position=\u00bbtop_left\u00bb background_repeat=\u00bbrepeat\u00bb custom_padding=\u00bb15%|15%|15%|15%|true|true\u00bb box_shadow_style=\u00bbpreset2&#8243; use_border_color=\u00bboff\u00bb border_color=\u00bb#ffffff\u00bb border_style=\u00bbsolid\u00bb global_colors_info=\u00bb{}\u00bb]<\/p>\n<p>Revisa aqu\u00ed la informaci\u00f3n sobre la tipograf\u00eda utilizada para la construcci\u00f3n de la marca institucional Universidad de Playa Ancha y uso gr\u00e1fico comunicacional<\/p>\n<p><a href=\"https:\/\/www.upla.cl\/normasgraficas\/tipografia\/\">Sigue leyendo&#8230;<\/a><\/p>\n<p>[\/et_pb_blurb][\/et_pb_column][et_pb_column type=\u00bb2_3&#8243; _builder_version=\u00bb4.16&#8243; custom_padding=\u00bb|||\u00bb global_colors_info=\u00bb{}\u00bb custom_padding__hover=\u00bb|||\u00bb][et_pb_code _builder_version=\u00bb4.27.4&#8243; _module_preset=\u00bbdefault\u00bb global_colors_info=\u00bb{}\u00bb]<iframe loading=\"lazy\" src=\"https:\/\/docs.google.com\/forms\/d\/e\/1FAIpQLSdAv7Cq5KtN51DOEhf6SHANnu6SYSaAwGrqczHqyCQPTXjGqw\/viewform?embedded=true\" width=\"100%\" height=\"1500\" frameborder=\"0\" marginheight=\"0\" marginwidth=\"0\">Cargando\u2026<\/iframe>[\/et_pb_code][\/et_pb_column][\/et_pb_row][\/et_pb_section]<\/p>\n","protected":false},"excerpt":{"rendered":"<p>Descarga desde aqu\u00ed el logotipo UPLA en\u00a0todas sus derivaciones. Los colores a utilizar seg\u00fan pantone y cuatricrom\u00eda son CYAN y NEGRO, en su amplia gama de porcentajes, as\u00ed como tambi\u00e9n el tercer color derivado de la mezcla de ambos. A modo de facilitar la impresi\u00f3n de documentos y\/o productos tanto de manera interna como externa. [&hellip;]<\/p>\n","protected":false},"author":1,"featured_media":0,"parent":0,"menu_order":0,"comment_status":"closed","ping_status":"closed","template":"","meta":{"_et_pb_use_builder":"on","_et_pb_old_content":"","_et_gb_content_width":"","footnotes":""},"class_list":["post-153","page","type-page","status-publish","hentry"],"_links":{"self":[{"href":"https:\/\/www.upla.cl\/normasgraficas\/wp-json\/wp\/v2\/pages\/153","targetHints":{"allow":["GET"]}}],"collection":[{"href":"https:\/\/www.upla.cl\/normasgraficas\/wp-json\/wp\/v2\/pages"}],"about":[{"href":"https:\/\/www.upla.cl\/normasgraficas\/wp-json\/wp\/v2\/types\/page"}],"author":[{"embeddable":true,"href":"https:\/\/www.upla.cl\/normasgraficas\/wp-json\/wp\/v2\/users\/1"}],"replies":[{"embeddable":true,"href":"https:\/\/www.upla.cl\/normasgraficas\/wp-json\/wp\/v2\/comments?post=153"}],"version-history":[{"count":55,"href":"https:\/\/www.upla.cl\/normasgraficas\/wp-json\/wp\/v2\/pages\/153\/revisions"}],"predecessor-version":[{"id":597,"href":"https:\/\/www.upla.cl\/normasgraficas\/wp-json\/wp\/v2\/pages\/153\/revisions\/597"}],"wp:attachment":[{"href":"https:\/\/www.upla.cl\/normasgraficas\/wp-json\/wp\/v2\/media?parent=153"}],"curies":[{"name":"wp","href":"https:\/\/api.w.org\/{rel}","templated":true}]}}