{"id":84,"date":"2016-06-24T11:39:32","date_gmt":"2016-06-24T15:39:32","guid":{"rendered":"http:\/\/www.upla.cl\/investigacion\/?page_id=84"},"modified":"2024-01-08T15:24:29","modified_gmt":"2024-01-08T18:24:29","slug":"quienes-somos","status":"publish","type":"page","link":"https:\/\/www.upla.cl\/investigacion\/quienes-somos\/","title":{"rendered":"Qui\u00e9nes somos"},"content":{"rendered":"<p>[et_pb_section fb_built=\u00bb1&#8243; custom_padding_last_edited=\u00bbon|desktop\u00bb admin_label=\u00bbsection\u00bb _builder_version=\u00bb3.22&#8243; background_color=\u00bbrgba(255,255,255,0)\u00bb custom_padding_tablet=\u00bb50px|0|50px|0&#8243; custom_padding_phone=\u00bb\u00bb transparent_background=\u00bbon\u00bb padding_mobile=\u00bboff\u00bb make_fullwidth=\u00bboff\u00bb use_custom_width=\u00bboff\u00bb width_unit=\u00bbon\u00bb global_module=\u00bb79&#8243; global_colors_info=\u00bb{}\u00bb][et_pb_row column_structure=\u00bb3_4,1_4&#8243; use_custom_gutter=\u00bbon\u00bb gutter_width=\u00bb1&#8243; admin_label=\u00bbrow\u00bb _builder_version=\u00bb4.17.4&#8243; background_size=\u00bbinitial\u00bb background_position=\u00bbtop_left\u00bb background_repeat=\u00bbrepeat\u00bb width=\u00bb95%\u00bb max_width=\u00bb2560px\u00bb global_colors_info=\u00bb{}\u00bb][et_pb_column type=\u00bb3_4&#8243; _builder_version=\u00bb4.16&#8243; custom_padding=\u00bb|||\u00bb global_colors_info=\u00bb{}\u00bb custom_padding__hover=\u00bb|||\u00bb][et_pb_image src=\u00bbhttps:\/\/www.upla.cl\/investigacion\/wp-content\/uploads\/2022\/07\/02-dir-gene-investigacion.png\u00bb alt=\u00bbUniversidad de Playa Ancha (UPLA) &#8211; Direcci\u00f3n General de Investigaci\u00f3n\u00bb title_text=\u00bbUniversidad de Playa Ancha (UPLA) &#8211; Direcci\u00f3n General de Investigaci\u00f3n\u00bb url=\u00bbhttps:\/\/www.upla.cl\/investigacion\/\u00bb align_tablet=\u00bbcenter\u00bb align_phone=\u00bb\u00bb align_last_edited=\u00bbon|desktop\u00bb admin_label=\u00bbUniversidad de Playa Ancha &#8211; Investigaci\u00f3n &#8211; Header\u00bb _builder_version=\u00bb4.17.4&#8243; animation_style=\u00bbslide\u00bb animation_direction=\u00bbleft\u00bb animation_duration=\u00bb500ms\u00bb animation_intensity_slide=\u00bb10%\u00bb use_border_color=\u00bboff\u00bb border_color=\u00bb#ffffff\u00bb border_style=\u00bbsolid\u00bb animation=\u00bbleft\u00bb sticky=\u00bboff\u00bb always_center_on_mobile=\u00bbon\u00bb global_colors_info=\u00bb{}\u00bb][\/et_pb_image][\/et_pb_column][et_pb_column type=\u00bb1_4&#8243; _builder_version=\u00bb4.16&#8243; custom_padding=\u00bb|||\u00bb global_colors_info=\u00bb{}\u00bb custom_padding__hover=\u00bb|||\u00bb][et_pb_image src=\u00bbhttps:\/\/www.upla.cl\/portada\/wp-content\/uploads\/2022\/05\/UPLA_acreditada_2022-2027.png\u00bb url=\u00bbhttps:\/\/www.upla.cl\/calidad\/acreditacion\/acreditacion-institucional\/\u00bb url_new_window=\u00bbon\u00bb _builder_version=\u00bb4.17.4&#8243; _module_preset=\u00bbdefault\u00bb global_colors_info=\u00bb{}\u00bb][\/et_pb_image][\/et_pb_column][\/et_pb_row][\/et_pb_section][et_pb_section fb_built=\u00bb1&#8243; admin_label=\u00bbSecci\u00f3n\u00bb _builder_version=\u00bb4.16&#8243; global_colors_info=\u00bb{}\u00bb][et_pb_row admin_label=\u00bbFila\u00bb _builder_version=\u00bb4.16&#8243; background_size=\u00bbinitial\u00bb background_position=\u00bbtop_left\u00bb background_repeat=\u00bbrepeat\u00bb global_colors_info=\u00bb{}\u00bb][et_pb_column type=\u00bb4_4&#8243; _builder_version=\u00bb4.16&#8243; custom_padding=\u00bb|||\u00bb global_colors_info=\u00bb{}\u00bb custom_padding__hover=\u00bb|||\u00bb][et_pb_cta title=\u00bbLa Vicerrector\u00eda de Investigaci\u00f3n\u00bb admin_label=\u00bbLa Vicerrector\u00eda de Investigaci\u00f3n (Presentaci\u00f3n &#8211; T\u00edtulo)\u00bb _builder_version=\u00bb4.16&#8243; background_color=\u00bb#009bdb\u00bb background_size=\u00bbinitial\u00bb background_position=\u00bbtop_left\u00bb background_repeat=\u00bbrepeat\u00bb text_orientation=\u00bbleft\u00bb use_border_color=\u00bboff\u00bb border_color=\u00bb#ffffff\u00bb border_style=\u00bbsolid\u00bb button_letter_spacing_hover=\u00bb0&#8243; global_colors_info=\u00bb{}\u00bb button_text_size__hover_enabled=\u00bboff\u00bb button_one_text_size__hover_enabled=\u00bboff\u00bb button_two_text_size__hover_enabled=\u00bboff\u00bb button_text_color__hover_enabled=\u00bboff\u00bb button_one_text_color__hover_enabled=\u00bboff\u00bb button_two_text_color__hover_enabled=\u00bboff\u00bb button_border_width__hover_enabled=\u00bboff\u00bb button_one_border_width__hover_enabled=\u00bboff\u00bb button_two_border_width__hover_enabled=\u00bboff\u00bb button_border_color__hover_enabled=\u00bboff\u00bb button_one_border_color__hover_enabled=\u00bboff\u00bb button_two_border_color__hover_enabled=\u00bboff\u00bb button_border_radius__hover_enabled=\u00bboff\u00bb button_one_border_radius__hover_enabled=\u00bboff\u00bb button_two_border_radius__hover_enabled=\u00bboff\u00bb button_letter_spacing__hover_enabled=\u00bbon\u00bb button_letter_spacing__hover=\u00bb0&#8243; button_one_letter_spacing__hover_enabled=\u00bboff\u00bb button_two_letter_spacing__hover_enabled=\u00bboff\u00bb button_bg_color__hover_enabled=\u00bboff\u00bb button_one_bg_color__hover_enabled=\u00bboff\u00bb button_two_bg_color__hover_enabled=\u00bboff\u00bb][\/et_pb_cta][et_pb_text _builder_version=\u00bb4.23.4&#8243; hover_enabled=\u00bb0&#8243; global_colors_info=\u00bb{}\u00bb sticky_enabled=\u00bb0&#8243;]<\/p>\n<p>La Vicerrector\u00eda de Desarrollo de la Universidad de Playa Ancha est\u00e1 ubicada en calle Traslavi\u00f1a 450, Vi\u00f1a del Mar.<\/p>\n<p><strong>Vicerrectora<\/strong><br \/>Carolina Santelices Werchez<br \/>Correo electronico: <a href=\"mailto:carolina.santelices@upla.cl\">carolina.santelices@upla.cl<\/a><br \/>Tel\u00e9fono: +56 32 2205934<\/p>\n<p><strong>Asistente<\/strong><br \/>Margarita Rivas G\u00f3mez<br \/>Correo electr\u00f3nico: <a href=\"mailto:mrivas@upla.cl\" target=\"_blank\" rel=\"noopener noreferrer\" title=\"mrivas@upla.cl\">mrivas@upla.cl<\/a><br \/>Tel\u00e9fono: +56 32 2205927<\/p>\n<p>[\/et_pb_text][\/et_pb_column][\/et_pb_row][\/et_pb_section][et_pb_section fb_built=\u00bb1&#8243; admin_label=\u00bbSecci\u00f3n\u00bb _builder_version=\u00bb4.16&#8243; global_colors_info=\u00bb{}\u00bb][et_pb_row disabled_on=\u00bbon|on|on\u00bb admin_label=\u00bbFila\u00bb _builder_version=\u00bb4.22.1&#8243; background_size=\u00bbinitial\u00bb background_position=\u00bbtop_left\u00bb background_repeat=\u00bbrepeat\u00bb disabled=\u00bbon\u00bb global_colors_info=\u00bb{}\u00bb][et_pb_column type=\u00bb4_4&#8243; _builder_version=\u00bb4.16&#8243; custom_padding=\u00bb|||\u00bb global_colors_info=\u00bb{}\u00bb custom_padding__hover=\u00bb|||\u00bb][et_pb_cta title=\u00bbPol\u00edticas de I+D+i 2016-2020&#8243; admin_label=\u00bbPol\u00edticas de I+D+i 2016-2020&#8243; _builder_version=\u00bb4.16&#8243; background_color=\u00bb#009bdb\u00bb background_size=\u00bbinitial\u00bb background_position=\u00bbtop_left\u00bb background_repeat=\u00bbrepeat\u00bb text_orientation=\u00bbleft\u00bb use_border_color=\u00bboff\u00bb border_color=\u00bb#ffffff\u00bb border_style=\u00bbsolid\u00bb button_letter_spacing_hover=\u00bb0&#8243; global_colors_info=\u00bb{}\u00bb button_text_size__hover_enabled=\u00bboff\u00bb button_one_text_size__hover_enabled=\u00bboff\u00bb button_two_text_size__hover_enabled=\u00bboff\u00bb button_text_color__hover_enabled=\u00bboff\u00bb button_one_text_color__hover_enabled=\u00bboff\u00bb button_two_text_color__hover_enabled=\u00bboff\u00bb button_border_width__hover_enabled=\u00bboff\u00bb button_one_border_width__hover_enabled=\u00bboff\u00bb button_two_border_width__hover_enabled=\u00bboff\u00bb button_border_color__hover_enabled=\u00bboff\u00bb button_one_border_color__hover_enabled=\u00bboff\u00bb button_two_border_color__hover_enabled=\u00bboff\u00bb button_border_radius__hover_enabled=\u00bboff\u00bb button_one_border_radius__hover_enabled=\u00bboff\u00bb button_two_border_radius__hover_enabled=\u00bboff\u00bb button_letter_spacing__hover_enabled=\u00bbon\u00bb button_letter_spacing__hover=\u00bb0&#8243; button_one_letter_spacing__hover_enabled=\u00bboff\u00bb button_two_letter_spacing__hover_enabled=\u00bboff\u00bb button_bg_color__hover_enabled=\u00bboff\u00bb button_one_bg_color__hover_enabled=\u00bboff\u00bb button_two_bg_color__hover_enabled=\u00bboff\u00bb][\/et_pb_cta][et_pb_accordion admin_label=\u00bbPol\u00edticas de investigaci\u00f3n\u00bb _builder_version=\u00bb4.16&#8243; use_border_color=\u00bboff\u00bb border_color=\u00bb#ffffff\u00bb border_style=\u00bbsolid\u00bb global_colors_info=\u00bb{}\u00bb][et_pb_accordion_item title=\u00bb1. Las actividades de investigaci\u00f3n tienen un car\u00e1cter estrat\u00e9gico\u00bb open=\u00bbon\u00bb _builder_version=\u00bb4.16&#8243; global_colors_info=\u00bb{}\u00bb]De acuerdo a lo expresado en el Plan de Desarrollo Estrat\u00e9gico Institucional de la Universidad de Playa Ancha, la investigaci\u00f3n se define con el car\u00e1cter de estrat\u00e9gica y asimila como tal el concepto de I+D+i en todos los \u00e1mbitos de estudio en que la universidad genera conocimiento. Adicionalmente, se vincula a estas actividades la productividad intelectual en Creaci\u00f3n Art\u00edstica, en tanto que \u00e9stas tambi\u00e9n impliquen generaci\u00f3n de conocimiento.<br \/>\n[\/et_pb_accordion_item][et_pb_accordion_item title=\u00bb2. Las actividades de I+D+i y Creaci\u00f3n consideran la productividad y la gesti\u00f3n\u00bb _builder_version=\u00bb4.16&#8243; global_colors_info=\u00bb{}\u00bb open=\u00bboff\u00bb]La productividad est\u00e1 orientada principalmente a:<\/p>\n<ul>\n<li>Publicaciones indexadas.<\/li>\n<li>Otras publicaciones con arbitraje y con mecanismos que aseguren su calidad.<\/li>\n<li>Patentes.<\/li>\n<li>Modelos de utilidad.<\/li>\n<li>otros productos de I+D+i que respondan a est\u00e1ndares nacionales e internacionales.<\/li>\n<li>Productos de Creaci\u00f3n que \u00a0respondan\u00a0 tambi\u00e9n \u00a0a est\u00e1ndares \u00a0semejantes, propios \u00a0de estas actividades.<\/li>\n<\/ul>\n<p>Prioritariamente se consideran las publicaciones de corriente principal, defini\u00e9ndose como tales, a aquellos art\u00edculos indexados en la <a title=\"Web of Science (WoS)\" href=\"https:\/\/apps.webofknowledge.com\/WOS_GeneralSearch_input.do?product=WOS&amp;search_mode=GeneralSearch&amp;SID=Q2FLvsyZIDupI1dGoTa&amp;preferencesSaved=\" target=\"_blank\" rel=\"noopener noreferrer\">Web of Science (WoS)<\/a>, evaluados en los <a title=\"Journal Citation Reports (JCR)\" href=\"http:\/\/about.jcr.incites.thomsonreuters.com\/?refineString=null&amp;SID=Q2FLvsyZIDupI1dGoTa&amp;timeSpan=null\" target=\"_blank\" rel=\"noopener noreferrer\">Journal Citation Reports (JCR)<\/a> y en <a title=\"Scopus\" href=\"https:\/\/www.scopus.com\/\" target=\"_blank\" rel=\"noopener noreferrer\">Scopus<\/a>.<\/p>\n<p>Especial atenci\u00f3n tendr\u00e1n los indicadores de calidad de las publicaciones, expresadas en\u00a0 el \u00a0tipo \u00a0de \u00a0revistas \u00a0(Q1\u00a0 \u00a0y \u00a0Q2),\u00a0 n\u00famero \u00a0de \u00a0citas,\u00a0 coautor\u00edas \u00a0internacionales \u00a0y \u00a0otros indicadores cienciom\u00e9tricos. Para los productos de Creaci\u00f3n se priorizar\u00e1n aquellos con impacto nacional e internacional seg\u00fan evaluaci\u00f3n formales y objetivas.<\/p>\n<p>La gesti\u00f3n dispondr\u00e1 de una organizaci\u00f3n adecuada y efectiva, que incluya:<\/p>\n<ul>\n<li>Componentes estructurales y funcionales (que considerar\u00e1 prioritariamente su profesionalizaci\u00f3n)<\/li>\n<li>La ejecuci\u00f3n de un modelo formal de desarrollo<\/li>\n<li>Planificaci\u00f3n estrat\u00e9gica y operativa.<\/li>\n<li>Gesti\u00f3n de la informaci\u00f3n.<\/li>\n<li>Una normativa adecuada a los fines.<\/li>\n<\/ul>\n<p>Las actividades de I+D+i abordar\u00e1n problemas originales pertinentes y que permitan aportar a la imagen corporativa de la universidad. Se trata de una visi\u00f3n alternativa al desarrollo disciplinar tradicional.<br \/>\n[\/et_pb_accordion_item][et_pb_accordion_item title=\u00bb3. Para el logro de los prop\u00f3sitos, fines y objetivos estrat\u00e9gicos ser\u00e1n parte de las Pol\u00edticas Institucionales\u00bb _builder_version=\u00bb4.16&#8243; global_colors_info=\u00bb{}\u00bb open=\u00bboff\u00bb]3.1. La constituci\u00f3n de una masa cr\u00edtica de investigadores de alto nivel seg\u00fan est\u00e1ndares internacionales, que permitan soportar sustantivamente las metas de productividad en I+D+i.<\/p>\n<p>3.2. Constituci\u00f3n de grupos de Investigaci\u00f3n competitivos que permitan abordar con niveles de excelencia, temas emergentes y pertinentes a la Regi\u00f3n de Valpara\u00edso y el pa\u00eds, de manera interdisciplinaria. Ello no significa limitar la libertad de Investigaci\u00f3n y la dedicaci\u00f3n a l\u00edneas de investigaci\u00f3n particulares, sino estimular las sinergias y convergencias.<\/p>\n<p>3.3. Paralelamente es necesario establecer una \u201cComunidad de Investigadores\u201d que considere:<\/p>\n<ul>\n<li>A quienes realizan actividades de I+D+i, independientemente de su adscripci\u00f3n a las unidades internas.<\/li>\n<li>Sus l\u00edneas de Investigaci\u00f3n.<\/li>\n<li>grados de experiencia y productividad<\/li>\n<\/ul>\n<p>De modo de favorecer las interacciones internas, instancias de apoyo y la priorizaci\u00f3n de la generaci\u00f3n de conocimiento.<\/p>\n<p>Para su constituci\u00f3n y desarrollo se deben considerar:<\/p>\n<ul>\n<li>Proyectos y programas.<\/li>\n<li>Est\u00edmulos individuales y colectivos.<\/li>\n<li>Asignaci\u00f3n horaria.<\/li>\n<li>Consideraci\u00f3n en la carrera acad\u00e9mica y en general medidas de fomento similares.<\/li>\n<li>Condiciones similares ser\u00e1n aplicadas al caso de las actividades de Creaci\u00f3n.<\/li>\n<\/ul>\n<p>3.4. Las ediciones del Sello Editorial Punt\u00e1ngeles estar\u00e1n orientadas a contribuciones monogr\u00e1ficas en Investigaci\u00f3n de una l\u00ednea editorial definida, sometidas a arbitraje para asegurar su calidad y con mecanismos efectivos de distribuci\u00f3n nacional e internacional. Las revistas institucionales de Investigaci\u00f3n \u2013independientemente de su dependencia interna- deber\u00e1n estar indexadas y evidenciar planes en que se verifique su progresivo mejoramiento en sus est\u00e1ndares de calidad seg\u00fan normas internacionales.<\/p>\n<p>3.5. Se fomenta la concursabilidad de proyectos de I+D+i y Creaci\u00f3n en fuentes de financiamiento externos, as\u00ed como la participaci\u00f3n activa y formal en redes, n\u00facleos y otras iniciativas asociativas nacionales y\u00a0 extranjeras, que permitan aumentar la productividad intelectual, tanto cuantitativa como cualitativamente.<\/p>\n<p>3.6. Es \u00a0necesario \u00a0contar \u00a0con\u00a0 recursos \u00a0f\u00edsicos \u00a0de \u00a0infraestructura \u00a0y \u00a0equipamiento \u00a0de \u00a0calidad, expresada en laboratorios de investigaci\u00f3n, talleres y otros soportes f\u00edsicos para el desarrollo de la Investigaci\u00f3n, Innovaci\u00f3n y Creaci\u00f3n. Asimismo establecer una efectiva gesti\u00f3n de la informaci\u00f3n en I+D+i.<\/p>\n<p>3.7. Las actividades de I+D+i y Creaci\u00f3n deber\u00e1n articularse con todos los niveles formativos que ofrece la Universidad. La prioridad para la Investigaci\u00f3n ser\u00e1n sus v\u00ednculos con doctorados de calidad (acreditables y acreditadas), as\u00ed como el fomento de los talentos de investigaci\u00f3n en estudiantes de carreras de pregrado.<br \/>\n[\/et_pb_accordion_item][\/et_pb_accordion][\/et_pb_column][\/et_pb_row][et_pb_row admin_label=\u00bbFila\u00bb _builder_version=\u00bb4.16&#8243; background_size=\u00bbinitial\u00bb background_position=\u00bbtop_left\u00bb background_repeat=\u00bbrepeat\u00bb global_colors_info=\u00bb{}\u00bb][et_pb_column type=\u00bb4_4&#8243; _builder_version=\u00bb4.16&#8243; custom_padding=\u00bb|||\u00bb global_colors_info=\u00bb{}\u00bb custom_padding__hover=\u00bb|||\u00bb][et_pb_cta title=\u00bbDirecci\u00f3n General de Investigaci\u00f3n\u00bb button_url=\u00bbhttps:\/\/www.upla.cl\/investigacion\/quienes-somos\/direccion-general-de-investigacion\/\u00bb button_text=\u00bbEquipo\u00bb admin_label=\u00bbDiGi\u00bb _builder_version=\u00bb4.16&#8243; background_color=\u00bb#009bdb\u00bb background_size=\u00bbinitial\u00bb background_position=\u00bbtop_left\u00bb background_repeat=\u00bbrepeat\u00bb text_orientation=\u00bbleft\u00bb use_border_color=\u00bboff\u00bb border_color=\u00bb#ffffff\u00bb border_style=\u00bbsolid\u00bb button_letter_spacing_hover=\u00bb0&#8243; global_colors_info=\u00bb{}\u00bb button_text_size__hover_enabled=\u00bboff\u00bb button_one_text_size__hover_enabled=\u00bboff\u00bb button_two_text_size__hover_enabled=\u00bboff\u00bb button_text_color__hover_enabled=\u00bboff\u00bb button_one_text_color__hover_enabled=\u00bboff\u00bb button_two_text_color__hover_enabled=\u00bboff\u00bb button_border_width__hover_enabled=\u00bboff\u00bb button_one_border_width__hover_enabled=\u00bboff\u00bb button_two_border_width__hover_enabled=\u00bboff\u00bb button_border_color__hover_enabled=\u00bboff\u00bb button_one_border_color__hover_enabled=\u00bboff\u00bb button_two_border_color__hover_enabled=\u00bboff\u00bb button_border_radius__hover_enabled=\u00bboff\u00bb button_one_border_radius__hover_enabled=\u00bboff\u00bb button_two_border_radius__hover_enabled=\u00bboff\u00bb button_letter_spacing__hover_enabled=\u00bbon\u00bb button_letter_spacing__hover=\u00bb0&#8243; button_one_letter_spacing__hover_enabled=\u00bboff\u00bb button_two_letter_spacing__hover_enabled=\u00bboff\u00bb button_bg_color__hover_enabled=\u00bboff\u00bb button_one_bg_color__hover_enabled=\u00bboff\u00bb button_two_bg_color__hover_enabled=\u00bboff\u00bb][\/et_pb_cta][\/et_pb_column][\/et_pb_row][\/et_pb_section]<\/p>\n","protected":false},"excerpt":{"rendered":"<p>La Vicerrector\u00eda de Desarrollo de la Universidad de Playa Ancha est\u00e1 ubicada en calle Traslavi\u00f1a 450, Vi\u00f1a del Mar. VicerrectoraCarolina Santelices WerchezCorreo electronico: carolina.santelices@upla.clTel\u00e9fono: +56 32 2205934 AsistenteMargarita Rivas G\u00f3mezCorreo electr\u00f3nico: mrivas@upla.clTel\u00e9fono: +56 32 2205927De acuerdo a lo expresado en el Plan de Desarrollo Estrat\u00e9gico Institucional de la Universidad de Playa Ancha, la investigaci\u00f3n se [&hellip;]<\/p>\n","protected":false},"author":1,"featured_media":0,"parent":0,"menu_order":2,"comment_status":"closed","ping_status":"closed","template":"","meta":{"_et_pb_use_builder":"on","_et_pb_old_content":"","_et_gb_content_width":"","footnotes":""},"class_list":["post-84","page","type-page","status-publish","hentry"],"_links":{"self":[{"href":"https:\/\/www.upla.cl\/investigacion\/wp-json\/wp\/v2\/pages\/84","targetHints":{"allow":["GET"]}}],"collection":[{"href":"https:\/\/www.upla.cl\/investigacion\/wp-json\/wp\/v2\/pages"}],"about":[{"href":"https:\/\/www.upla.cl\/investigacion\/wp-json\/wp\/v2\/types\/page"}],"author":[{"embeddable":true,"href":"https:\/\/www.upla.cl\/investigacion\/wp-json\/wp\/v2\/users\/1"}],"replies":[{"embeddable":true,"href":"https:\/\/www.upla.cl\/investigacion\/wp-json\/wp\/v2\/comments?post=84"}],"version-history":[{"count":48,"href":"https:\/\/www.upla.cl\/investigacion\/wp-json\/wp\/v2\/pages\/84\/revisions"}],"predecessor-version":[{"id":94905,"href":"https:\/\/www.upla.cl\/investigacion\/wp-json\/wp\/v2\/pages\/84\/revisions\/94905"}],"wp:attachment":[{"href":"https:\/\/www.upla.cl\/investigacion\/wp-json\/wp\/v2\/media?parent=84"}],"curies":[{"name":"wp","href":"https:\/\/api.w.org\/{rel}","templated":true}]}}