{"id":141,"date":"2016-06-24T13:04:28","date_gmt":"2016-06-24T17:04:28","guid":{"rendered":"http:\/\/www.upla.cl\/investigacion\/?page_id=141"},"modified":"2026-03-13T09:14:14","modified_gmt":"2026-03-13T12:14:14","slug":"fondos-y-concursos-externos","status":"publish","type":"page","link":"https:\/\/www.upla.cl\/investigacion\/fondos-y-concursos-externos\/","title":{"rendered":"Fondos y concursos externos"},"content":{"rendered":"<p>[et_pb_section fb_built=\u00bb1&#8243; custom_padding_last_edited=\u00bbon|desktop\u00bb admin_label=\u00bbsection\u00bb _builder_version=\u00bb3.22&#8243; background_color=\u00bbrgba(255,255,255,0)\u00bb custom_padding_tablet=\u00bb50px|0|50px|0&#8243; custom_padding_phone=\u00bb\u00bb transparent_background=\u00bbon\u00bb padding_mobile=\u00bboff\u00bb make_fullwidth=\u00bboff\u00bb use_custom_width=\u00bboff\u00bb width_unit=\u00bbon\u00bb global_module=\u00bb79&#8243; global_colors_info=\u00bb{}\u00bb][et_pb_row column_structure=\u00bb3_4,1_4&#8243; use_custom_gutter=\u00bbon\u00bb gutter_width=\u00bb1&#8243; admin_label=\u00bbrow\u00bb _builder_version=\u00bb4.17.4&#8243; background_size=\u00bbinitial\u00bb background_position=\u00bbtop_left\u00bb background_repeat=\u00bbrepeat\u00bb width=\u00bb95%\u00bb max_width=\u00bb2560px\u00bb global_colors_info=\u00bb{}\u00bb][et_pb_column type=\u00bb3_4&#8243; _builder_version=\u00bb4.16&#8243; custom_padding=\u00bb|||\u00bb global_colors_info=\u00bb{}\u00bb custom_padding__hover=\u00bb|||\u00bb][et_pb_image src=\u00bbhttps:\/\/www.upla.cl\/investigacion\/wp-content\/uploads\/2025\/04\/logoupla.png\u00bb alt=\u00bbImagotipo de la Universidad de Playa Ancha (UPLA)\u00bb title_text=\u00bbImagotipo de la Universidad de Playa Ancha (UPLA)\u00bb url=\u00bbhttps:\/\/www.upla.cl\/investigacion\/\u00bb align_tablet=\u00bbcenter\u00bb align_phone=\u00bb\u00bb align_last_edited=\u00bbon|desktop\u00bb admin_label=\u00bbUniversidad de Playa Ancha &#8211; Investigaci\u00f3n &#8211; Header\u00bb _builder_version=\u00bb4.27.4&#8243; width=\u00bb60%\u00bb max_width=\u00bb60%\u00bb animation_style=\u00bbslide\u00bb animation_direction=\u00bbleft\u00bb animation_duration=\u00bb500ms\u00bb animation_intensity_slide=\u00bb10%\u00bb use_border_color=\u00bboff\u00bb border_color=\u00bb#ffffff\u00bb border_style=\u00bbsolid\u00bb animation=\u00bbleft\u00bb sticky=\u00bboff\u00bb always_center_on_mobile=\u00bbon\u00bb global_colors_info=\u00bb{}\u00bb][\/et_pb_image][\/et_pb_column][et_pb_column type=\u00bb1_4&#8243; _builder_version=\u00bb4.16&#8243; custom_padding=\u00bb|||\u00bb global_colors_info=\u00bb{}\u00bb custom_padding__hover=\u00bb|||\u00bb][et_pb_image src=\u00bbhttps:\/\/www.upla.cl\/portada\/wp-content\/uploads\/2025\/03\/20250311_upla_acreditada_2022-2027-color.png\u00bb url=\u00bbhttps:\/\/www.upla.cl\/calidad\/acreditacion\/acreditacion-institucional\/\u00bb url_new_window=\u00bbon\u00bb _builder_version=\u00bb4.27.4&#8243; _module_preset=\u00bbdefault\u00bb global_colors_info=\u00bb{}\u00bb][\/et_pb_image][\/et_pb_column][\/et_pb_row][\/et_pb_section][et_pb_section fb_built=\u00bb1&#8243; _builder_version=\u00bb4.16&#8243; background_color=\u00bbrgba(255,255,255,0)\u00bb global_colors_info=\u00bb{}\u00bb][et_pb_row column_padding_mobile=\u00bbon\u00bb admin_label=\u00bbrow\u00bb module_class=\u00bb et_pb_row_fullwidth\u00bb _builder_version=\u00bb4.27.6&#8243; background_size=\u00bbinitial\u00bb background_position=\u00bbtop_left\u00bb background_repeat=\u00bbrepeat\u00bb width=\u00bb94%\u00bb width_tablet=\u00bb80%\u00bb width_phone=\u00bb80%\u00bb width_last_edited=\u00bbon|desktop\u00bb max_width=\u00bb94%\u00bb max_width_tablet=\u00bb80%\u00bb max_width_phone=\u00bb80%\u00bb max_width_last_edited=\u00bbon|desktop\u00bb custom_padding=\u00bb0px|0px|5%|0px|false|false\u00bb make_fullwidth=\u00bbon\u00bb global_colors_info=\u00bb{}\u00bb][et_pb_column type=\u00bb4_4&#8243; _builder_version=\u00bb4.16&#8243; background_position=\u00bbtop_left\u00bb custom_padding=\u00bb|||\u00bb global_colors_info=\u00bb{}\u00bb custom_padding__hover=\u00bb|||\u00bb][et_pb_cta title=\u00bbAgenda de concursos externos\u00bb admin_label=\u00bbAgenda\u00bb _builder_version=\u00bb4.16&#8243; header_font=\u00bb|on|||\u00bb header_font_size=\u00bb44&#8243; background_color=\u00bb#009bdb\u00bb background_size=\u00bbinitial\u00bb background_position=\u00bbtop_left\u00bb background_repeat=\u00bbrepeat\u00bb text_orientation=\u00bbleft\u00bb border_style=\u00bbsolid\u00bb saved_tabs=\u00bball\u00bb global_colors_info=\u00bb{}\u00bb button_text_size__hover_enabled=\u00bboff\u00bb button_one_text_size__hover_enabled=\u00bboff\u00bb button_two_text_size__hover_enabled=\u00bboff\u00bb button_text_color__hover_enabled=\u00bboff\u00bb button_one_text_color__hover_enabled=\u00bboff\u00bb button_two_text_color__hover_enabled=\u00bboff\u00bb button_border_width__hover_enabled=\u00bboff\u00bb button_one_border_width__hover_enabled=\u00bboff\u00bb button_two_border_width__hover_enabled=\u00bboff\u00bb button_border_color__hover_enabled=\u00bboff\u00bb button_one_border_color__hover_enabled=\u00bboff\u00bb button_two_border_color__hover_enabled=\u00bboff\u00bb button_border_radius__hover_enabled=\u00bboff\u00bb button_one_border_radius__hover_enabled=\u00bboff\u00bb button_two_border_radius__hover_enabled=\u00bboff\u00bb button_letter_spacing__hover_enabled=\u00bboff\u00bb button_one_letter_spacing__hover_enabled=\u00bboff\u00bb button_two_letter_spacing__hover_enabled=\u00bboff\u00bb button_bg_color__hover_enabled=\u00bboff\u00bb button_one_bg_color__hover_enabled=\u00bboff\u00bb button_two_bg_color__hover_enabled=\u00bboff\u00bb][\/et_pb_cta][et_pb_text disabled_on=\u00bboff|off|off\u00bb admin_label=\u00bbConcursos externos abiertos\u00bb _builder_version=\u00bb4.27.6&#8243; max_width=\u00bb100%\u00bb module_alignment=\u00bbleft\u00bb hover_enabled=\u00bb0&#8243; global_module=\u00bb92656&#8243; saved_tabs=\u00bball\u00bb global_colors_info=\u00bb{}\u00bb sticky_enabled=\u00bb0&#8243;]<\/p>\n<table style=\"width: 91.096578%; height: 240px;\" border=\"0\" width=\"100%\" cellspacing=\"0\" cellpadding=\"0\">\n<tbody>\n<tr style=\"height: 72px;\">\n<td class=\"gmail-xl64\" style=\"height: 72px; width: 10.2746%;\" height=\"72\"><strong>Concurso<\/strong><\/td>\n<td style=\"width: 23.8264%; height: 72px;\"><strong>Descripci\u00f3n<\/strong><\/td>\n<td style=\"width: 9.47741%; height: 72px;\"><strong>Duraci\u00f3n<\/strong><\/td>\n<td class=\"gmail-xl64\" style=\"height: 72px; width: 17.293%;\"><strong>Financiamiento<\/strong><\/td>\n<td class=\"gmail-xl64\" style=\"height: 72px; width: 9.45636%;\"><strong>Fecha de cierre de la postulaci\u00f3n<\/strong><\/td>\n<td class=\"gmail-xl64\" style=\"height: 72px; width: 9.56599%;\"><strong>Fecha de cierre de la recepci\u00f3n en la DGI-UPLA<\/strong><\/td>\n<td style=\"width: 10.186%; height: 72px;\"><strong>Fecha de patrocinio institucional<\/strong><\/td>\n<td class=\"gmail-xl64\" style=\"height: 72px; width: 9.74314%;\"><strong>M\u00e1s informaci\u00f3n del concurso<\/strong><\/td>\n<\/tr>\n<tr>\n<td style=\"width: 10.2746%;\">Proyectos de Investigaci\u00f3n y Desarrollo en Salud (Fonis) 2026<\/td>\n<td style=\"width: 23.8264%;\">Instrumento que busca generar y difundir conocimiento a trav\u00e9s de proyectos de investigaci\u00f3n cient\u00edfica y tecnol\u00f3gica aplicada, que contribuyan a la resoluci\u00f3n de los problemas prioritarios que se asocian a los objetivos sanitarios vigentes.<\/td>\n<td style=\"width: 9.47741%;\">Hasta 24 meses<\/td>\n<td style=\"width: 17.293%;\">ANID y Minsal entregar\u00e1n hasta $72.000.000 por proyecto.<\/td>\n<td style=\"width: 9.45636%;\">Martes 28 de abril de 2026, a las 17.00 horas.<\/td>\n<td style=\"width: 9.56599%;\">Martes 15 de abril de 2026, a las 17.00 horas.<\/td>\n<td style=\"width: 10.186%;\"><\/td>\n<td style=\"width: 9.74314%;\"><a href=\"https:\/\/anid.cl\/concursos\/proyectos-de-investigacion-y-desarrollo-en-salud-fonis-2026\/\" target=\"_blank\" rel=\"noopener\" title=\"Proyectos de Investigaci\u00f3n y Desarrollo en Salud (Fonis) 2026\">Anid.cl<\/a><\/td>\n<\/tr>\n<tr>\n<td style=\"width: 10.2746%;\">IX Convocatoria de Proyectos de Investigaci\u00f3n (2026)<\/td>\n<td style=\"width: 23.8264%;\">Instrumento que financiar\u00e1 hasta cuatro investigaciones que aporten a la mejora continua de las instituciones de educaci\u00f3n superior y del sistema de aseguramiento de la calidad chileno.<\/td>\n<td style=\"width: 9.47741%;\">10 meses.<\/td>\n<td style=\"width: 17.293%;\">$12.000.000.<\/td>\n<td style=\"width: 9.45636%;\">Viernes 15 de mayo de 2026 (16:00 hrs)<\/td>\n<td style=\"width: 9.56599%;\">Viernes 8 de mayo de 2026<\/td>\n<td style=\"width: 10.186%;\"><\/td>\n<td style=\"width: 9.74314%;\"><a href=\"https:\/\/www.cnachile.cl\/noticias\/paginas\/CNA-Chile-le-invita-a-postular-a-la-IX-Convocatoria-de-Proyectos-de-Investigaci%C3%B3n-(2026).aspx\" target=\"_blank\" rel=\"noopener\" title=\"CNA Chile\">CNA Chile<\/a><\/td>\n<\/tr>\n<\/tbody>\n<\/table>\n<p>[\/et_pb_text][\/et_pb_column][\/et_pb_row][\/et_pb_section]<\/p>\n","protected":false},"excerpt":{"rendered":"<p>Concurso Descripci\u00f3n Duraci\u00f3n Financiamiento Fecha de cierre de la postulaci\u00f3n Fecha de cierre de la recepci\u00f3n en la DGI-UPLA Fecha de patrocinio institucional M\u00e1s informaci\u00f3n del concurso Proyectos de Investigaci\u00f3n y Desarrollo en Salud (Fonis) 2026 Instrumento que busca generar y difundir conocimiento a trav\u00e9s de proyectos de investigaci\u00f3n cient\u00edfica y tecnol\u00f3gica aplicada, que contribuyan [&hellip;]<\/p>\n","protected":false},"author":1,"featured_media":0,"parent":0,"menu_order":6,"comment_status":"closed","ping_status":"closed","template":"","meta":{"_et_pb_use_builder":"on","_et_pb_old_content":"","_et_gb_content_width":"","footnotes":""},"class_list":["post-141","page","type-page","status-publish","hentry"],"_links":{"self":[{"href":"https:\/\/www.upla.cl\/investigacion\/wp-json\/wp\/v2\/pages\/141","targetHints":{"allow":["GET"]}}],"collection":[{"href":"https:\/\/www.upla.cl\/investigacion\/wp-json\/wp\/v2\/pages"}],"about":[{"href":"https:\/\/www.upla.cl\/investigacion\/wp-json\/wp\/v2\/types\/page"}],"author":[{"embeddable":true,"href":"https:\/\/www.upla.cl\/investigacion\/wp-json\/wp\/v2\/users\/1"}],"replies":[{"embeddable":true,"href":"https:\/\/www.upla.cl\/investigacion\/wp-json\/wp\/v2\/comments?post=141"}],"version-history":[{"count":78,"href":"https:\/\/www.upla.cl\/investigacion\/wp-json\/wp\/v2\/pages\/141\/revisions"}],"predecessor-version":[{"id":98716,"href":"https:\/\/www.upla.cl\/investigacion\/wp-json\/wp\/v2\/pages\/141\/revisions\/98716"}],"wp:attachment":[{"href":"https:\/\/www.upla.cl\/investigacion\/wp-json\/wp\/v2\/media?parent=141"}],"curies":[{"name":"wp","href":"https:\/\/api.w.org\/{rel}","templated":true}]}}