{"id":21,"date":"2014-08-04T16:25:17","date_gmt":"2014-08-04T20:25:17","guid":{"rendered":"http:\/\/www.upla.cl\/institutotecnologico\/?page_id=21"},"modified":"2025-11-27T18:39:34","modified_gmt":"2025-11-27T21:39:34","slug":"aranceles","status":"publish","type":"page","link":"https:\/\/www.upla.cl\/institutotecnologico\/aranceles\/","title":{"rendered":"Aranceles"},"content":{"rendered":"<p>[et_pb_section fb_built=\u00bb1&#8243; admin_label=\u00bbBanner carrera con info instant\u00e1nea\u00bb _builder_version=\u00bb4.27.4&#8243; background_color=\u00bbRGBA(255,255,255,0)\u00bb use_background_color_gradient=\u00bbon\u00bb background_color_gradient_stops=\u00bbrgba(86,86,86,0.6) 0%|rgba(255,255,255,0) 67%\u00bb background_color_gradient_overlays_image=\u00bbon\u00bb background_color_gradient_start=\u00bbrgba(150,105,97,0.67)\u00bb background_color_gradient_end=\u00bbrgba(2,0,76,0.84)\u00bb background_image=\u00bbhttps:\/\/www.upla.cl\/institutotecnologico\/wp-content\/uploads\/2023\/10\/aranceles.jpeg\u00bb background_position=\u00bbcenter_right\u00bb background_blend=\u00bbhue\u00bb custom_margin=\u00bb|||\u00bb custom_padding=\u00bb2.5%||10.3%|||\u00bb global_colors_info=\u00bb{}\u00bb][et_pb_row column_structure=\u00bb1_2,1_2&#8243; _builder_version=\u00bb4.19.3&#8243; _module_preset=\u00bbdefault\u00bb global_colors_info=\u00bb{}\u00bb][et_pb_column type=\u00bb1_2&#8243; _builder_version=\u00bb4.19.3&#8243; _module_preset=\u00bbdefault\u00bb global_colors_info=\u00bb{}\u00bb][et_pb_cta title=\u00bbAranceles 2025 por carrera\u00bb button_url=\u00bb#\u00bb _builder_version=\u00bb4.27.4&#8243; header_level=\u00bbh1&#8243; header_font=\u00bbLato|900||on|||||\u00bb header_font_size=\u00bb40px\u00bb header_letter_spacing=\u00bb1px\u00bb header_line_height=\u00bb1.2em\u00bb body_font=\u00bbLato||||||||\u00bb body_font_size=\u00bb18px\u00bb body_line_height=\u00bb1.5em\u00bb use_background_color=\u00bboff\u00bb text_orientation=\u00bbleft\u00bb max_width=\u00bb750px\u00bb module_alignment=\u00bbleft\u00bb custom_margin=\u00bb61px|||||\u00bb animation_style=\u00bbfold\u00bb animation_intensity_fold=\u00bb16%\u00bb header_font_size_tablet=\u00bb46px\u00bb header_font_size_phone=\u00bb\u00bb header_font_size_last_edited=\u00bbon|tablet\u00bb header_text_shadow_style=\u00bbpreset3&#8243; header_text_shadow_color=\u00bbrgba(0,0,0,0.6)\u00bb text_shadow_style=\u00bbpreset3&#8243; button_letter_spacing_hover=\u00bb2px\u00bb global_colors_info=\u00bb%91%93&#8243; button_text_size__hover_enabled=\u00bboff\u00bb button_one_text_size__hover_enabled=\u00bboff\u00bb button_two_text_size__hover_enabled=\u00bboff\u00bb button_text_color__hover_enabled=\u00bboff\u00bb button_one_text_color__hover_enabled=\u00bboff\u00bb button_two_text_color__hover_enabled=\u00bboff\u00bb button_border_width__hover_enabled=\u00bboff\u00bb button_one_border_width__hover_enabled=\u00bboff\u00bb button_two_border_width__hover_enabled=\u00bboff\u00bb button_border_color__hover_enabled=\u00bboff\u00bb button_one_border_color__hover_enabled=\u00bboff\u00bb button_two_border_color__hover_enabled=\u00bboff\u00bb button_border_radius__hover_enabled=\u00bboff\u00bb button_one_border_radius__hover_enabled=\u00bboff\u00bb button_two_border_radius__hover_enabled=\u00bboff\u00bb button_letter_spacing__hover_enabled=\u00bbon\u00bb button_letter_spacing__hover=\u00bb2px\u00bb button_one_letter_spacing__hover_enabled=\u00bboff\u00bb button_two_letter_spacing__hover_enabled=\u00bboff\u00bb button_bg_color__hover_enabled=\u00bboff\u00bb button_one_bg_color__hover_enabled=\u00bboff\u00bb button_two_bg_color__hover_enabled=\u00bboff\u00bb]<\/p>\n<p><a href=\"https:\/\/www.upla.cl\/transparencia\/wp-content\/uploads\/2024\/10\/20241010_otrasnormas_sept24_dex1378-2024.pdf\" target=\"_blank\" rel=\"noopener\" title=\"Decreto Exento N\u00ba 1378\/2024 - Aranceles Instituto Tecnol\u00f3gico de la Universidad de Playa Ancha\">Seg\u00fan Decreto Exento N\u00ba 1378\/2024<\/a><br \/>(Descarga en formato pdf, 1,6 MB)<\/p>\n<p>[\/et_pb_cta][\/et_pb_column][et_pb_column type=\u00bb1_2&#8243; _builder_version=\u00bb4.19.3&#8243; _module_preset=\u00bbdefault\u00bb global_colors_info=\u00bb{}\u00bb][\/et_pb_column][\/et_pb_row][\/et_pb_section][et_pb_section fb_built=\u00bb1&#8243; admin_label=\u00bbPerfil y bienvenida\u00bb _builder_version=\u00bb4.22.1&#8243; _module_preset=\u00bbdefault\u00bb custom_margin=\u00bb||0px||false|false\u00bb custom_padding=\u00bb54px|0px|50px|0px|false|false\u00bb global_colors_info=\u00bb{}\u00bb][et_pb_row column_structure=\u00bb1_3,2_3&#8243; use_custom_gutter=\u00bbon\u00bb _builder_version=\u00bb4.22.2&#8243; _module_preset=\u00bbdefault\u00bb background_color=\u00bb#FFFFFF\u00bb max_width=\u00bb2560px\u00bb min_height=\u00bb427px\u00bb custom_margin=\u00bb-10.1%|auto|12px|auto|false|false\u00bb custom_margin_tablet=\u00bb-10%||12px||false|false\u00bb custom_margin_phone=\u00bb-150px||||false|false\u00bb custom_margin_last_edited=\u00bbon|phone\u00bb custom_padding=\u00bb83px|0px|50px|0px|false|false\u00bb animation_style=\u00bbslide\u00bb border_radii=\u00bbon|15px|15px|15px|15px\u00bb border_width_top=\u00bb18px\u00bb border_color_top=\u00bb#565656&#8243; border_style_top=\u00bboutset\u00bb box_shadow_style=\u00bbpreset3&#8243; box_shadow_vertical=\u00bb39px\u00bb box_shadow_blur=\u00bb80px\u00bb global_colors_info=\u00bb{}\u00bb][et_pb_column type=\u00bb1_3&#8243; _builder_version=\u00bb4.22.1&#8243; _module_preset=\u00bbdefault\u00bb global_colors_info=\u00bb{}\u00bb][et_pb_text _builder_version=\u00bb4.27.4&#8243; _module_preset=\u00bbdefault\u00bb text_font=\u00bb|800|||||||\u00bb text_text_color=\u00bb#565656&#8243; text_font_size=\u00bb25px\u00bb text_line_height=\u00bb1.6em\u00bb header_4_font=\u00bb|800|||||||\u00bb header_4_text_color=\u00bb#009bdb\u00bb header_4_font_size=\u00bb30px\u00bb header_5_font=\u00bb||||||||\u00bb header_5_text_color=\u00bb#565656&#8243; text_orientation=\u00bbcenter\u00bb custom_margin=\u00bb|10%||10%|false|true\u00bb custom_padding=\u00bb5%|5%|5%|5%|true|true\u00bb hover_enabled=\u00bb0&#8243; border_radii=\u00bbon|15px|15px|15px|15px\u00bb border_width_all=\u00bb1px\u00bb border_color_all=\u00bb#009bdb\u00bb border_style_all=\u00bboutset\u00bb global_colors_info=\u00bb{}\u00bb sticky_enabled=\u00bb0&#8243;]<\/p>\n<p>Derechos B\u00e1sicos<\/p>\n<h5 style=\"text-align: center;\">Matr\u00edcula de estudiantes presenciales de primer a\u00f1o y cursos superiores<\/h5>\n<h4 style=\"text-align: center;\">$185.000.-<\/h4>\n<h5 style=\"text-align: center;\">\/ Anual<\/h5>\n<h5 style=\"text-align: center;\">Matr\u00edcula de estudiantes de carreras en l\u00ednea<\/h5>\n<h4 style=\"text-align: center;\">$185.000.-<\/h4>\n<h5 style=\"text-align: center;\">\/ Anual<\/h5>\n<p>[\/et_pb_text][et_pb_text _builder_version=\u00bb4.27.4&#8243; _module_preset=\u00bbdefault\u00bb text_orientation=\u00bbcenter\u00bb custom_padding=\u00bb5%|13%|5%|13%|true|true\u00bb hover_enabled=\u00bb0&#8243; global_colors_info=\u00bb{}\u00bb sticky_enabled=\u00bb0&#8243;]<\/p>\n<p>Valores seg\u00fan <strong><a href=\"https:\/\/www.upla.cl\/institutotecnologico\/wp-content\/uploads\/2025\/11\/20251126_institutotecnologico_dto_exto_1502-2025_aranceles.pdf\" target=\"_blank\" rel=\"noopener\" title=\"Decreto Exento N\u00ba 1502\/2025\">Decreto Exento N\u00ba 1502\/2025<\/a><\/strong><\/p>\n<p>[\/et_pb_text][\/et_pb_column][et_pb_column type=\u00bb2_3&#8243; _builder_version=\u00bb4.22.2&#8243; _module_preset=\u00bbdefault\u00bb global_colors_info=\u00bb{}\u00bb][et_pb_text _builder_version=\u00bb4.27.4&#8243; text_font_size=\u00bb16px\u00bb text_line_height=\u00bb1.5em\u00bb custom_padding=\u00bb|5%||5%|true|true\u00bb hover_enabled=\u00bb0&#8243; global_colors_info=\u00bb{}\u00bb sticky_enabled=\u00bb0&#8243;]<\/p>\n<h2>Arancel anual para estudiantes que ingresan a partir del a\u00f1o 2026<\/h2>\n<p>&nbsp;<\/p>\n<table width=\"100%\" border=\"0\" cellpadding=\"0\" cellspacing=\"0\" style=\"width: 100%; height: 187px;\">\n<tbody>\n<tr style=\"height: 65px;\">\n<td width=\"491\" style=\"height: 65px;\">\n<h3>Carrera<\/h3>\n<\/td>\n<td width=\"132\" style=\"height: 65px;\">\n<h3>Arancel<\/h3>\n<\/td>\n<\/tr>\n<tr style=\"height: 24px;\">\n<td width=\"491\" style=\"height: 24px;\">T\u00e9cnico o T\u00e9cnica en Construcci\u00f3n<\/td>\n<td width=\"132\" style=\"height: 24px;\">$2.641.999.-<\/td>\n<\/tr>\n<tr style=\"height: 10px;\">\n<td width=\"491\" style=\"height: 10px;\">T\u00e9cnico o T\u00e9cnica en Administraci\u00f3n Log\u00edstica<\/td>\n<td width=\"132\" style=\"height: 10px;\">$2.516.419.-<\/td>\n<\/tr>\n<tr style=\"height: 24px;\">\n<td width=\"491\" style=\"height: 24px;\">T\u00e9cnico o T\u00e9cnica en Administraci\u00f3n de Recursos Humanos<\/td>\n<td width=\"132\" style=\"height: 24px;\">$2.516.419.-<\/td>\n<\/tr>\n<tr>\n<td>T\u00e9cnico o T\u00e9cnica Asistente de la Educaci\u00f3n (en l\u00ednea)<\/td>\n<td>$1.800.000.-<\/td>\n<\/tr>\n<tr style=\"height: 10px;\">\n<td width=\"491\" style=\"height: 10px;\">T\u00e9cnico o T\u00e9cnica en Miner\u00eda<\/td>\n<td width=\"132\" style=\"height: 10px;\">$2.641.999.-<\/td>\n<\/tr>\n<tr style=\"height: 24px;\">\n<td width=\"491\" style=\"height: 24px;\">T\u00e9cnico o T\u00e9cnica en Interpretaci\u00f3n de Lengua de Se\u00f1as (presencial)<\/td>\n<td width=\"132\" style=\"height: 24px;\">$2.601.937.-<\/td>\n<\/tr>\n<tr>\n<td>T\u00e9cnico o T\u00e9cnica en Electricidad<\/td>\n<td>$2.641.999.-<\/td>\n<\/tr>\n<tr>\n<td>T\u00e9cnico o T\u00e9cnica en Educaci\u00f3n Parvularia<\/td>\n<td>$2.601.937.-<\/td>\n<\/tr>\n<tr>\n<td>T\u00e9cnico o T\u00e9cnica en Contabilidad<\/td>\n<td>$2.414.938.-<\/td>\n<\/tr>\n<tr style=\"height: 10px;\">\n<td width=\"491\" style=\"height: 10px;\">T\u00e9cnico o T\u00e9cnica en Soporte Tecnol\u00f3gico<\/td>\n<td width=\"132\" style=\"height: 10px;\">$2.641.999.-<\/td>\n<\/tr>\n<tr style=\"height: 10px;\">\n<td width=\"491\" style=\"height: 10px;\">T\u00e9cnico o T\u00e9cnica en Interpretaci\u00f3n de Lengua de Se\u00f1as (en l\u00ednea)<\/td>\n<td width=\"132\" style=\"height: 10px;\">$1.800.000.-<\/td>\n<\/tr>\n<tr>\n<td>T\u00e9cnico o T\u00e9cnica en Contabilidad (en l\u00ednea)<\/td>\n<td>$1.800.000.-<\/td>\n<\/tr>\n<tr>\n<td>T\u00e9cnico o T\u00e9cnica en Educaci\u00f3n Parvularia (en l\u00ednea)<\/td>\n<td>$1.800.000.-<\/td>\n<\/tr>\n<tr style=\"height: 10px;\">\n<td width=\"491\" style=\"height: 10px;\">T\u00e9cnico o T\u00e9cnica en Traducci\u00f3n Espa\u00f1ol-Mapuzungun<\/td>\n<td width=\"132\" style=\"height: 10px;\">$1.928.000.-<\/td>\n<\/tr>\n<\/tbody>\n<\/table>\n<p>&nbsp;<\/p>\n<p>[\/et_pb_text][et_pb_text _builder_version=\u00bb4.27.4&#8243; text_font_size=\u00bb16px\u00bb text_line_height=\u00bb1.5em\u00bb custom_padding=\u00bb|5%||5%|true|true\u00bb hover_enabled=\u00bb0&#8243; global_colors_info=\u00bb{}\u00bb sticky_enabled=\u00bb0&#8243;]<\/p>\n<h2>Arancel anual para estudiantes que ingresaron en 2025 o con anterioridad<\/h2>\n<p>&nbsp;<\/p>\n<table width=\"100%\" border=\"0\" cellpadding=\"0\" cellspacing=\"0\" style=\"width: 100%; height: 187px;\">\n<tbody>\n<tr style=\"height: 65px;\">\n<td width=\"491\" style=\"height: 65px;\">\n<h3>Carrera<\/h3>\n<\/td>\n<td width=\"132\" style=\"height: 65px;\">\n<h3>Arancel<\/h3>\n<\/td>\n<\/tr>\n<tr style=\"height: 24px;\">\n<td width=\"491\" style=\"height: 24px;\">T\u00e9cnico o T\u00e9cnica en Administraci\u00f3n de la Gesti\u00f3n P\u00fablica<\/td>\n<td width=\"132\" style=\"height: 24px;\">$2.084.000.-<\/td>\n<\/tr>\n<tr style=\"height: 10px;\">\n<td width=\"491\" style=\"height: 10px;\">T\u00e9cnico o T\u00e9cnica en Analista Qu\u00edmico<\/td>\n<td width=\"132\" style=\"height: 10px;\">$2.814.000.-<\/td>\n<\/tr>\n<tr style=\"height: 24px;\">\n<td width=\"491\" style=\"height: 24px;\">T\u00e9cnico o T\u00e9cnica en Prevenci\u00f3n de Riesgos<\/td>\n<td width=\"132\" style=\"height: 24px;\">$2.084.000.-<\/td>\n<\/tr>\n<tr style=\"height: 10px;\">\n<td width=\"491\" style=\"height: 10px;\">T\u00e9cnico o T\u00e9cnica en Enfermer\u00eda<\/td>\n<td width=\"132\" style=\"height: 10px;\">$2.084.000.-<\/td>\n<\/tr>\n<tr style=\"height: 24px;\">\n<td width=\"491\" style=\"height: 24px;\">T\u00e9cnico o T\u00e9cnica en Construcci\u00f3n<\/td>\n<td width=\"132\" style=\"height: 24px;\">$2.397.000.-<\/td>\n<\/tr>\n<tr>\n<td>T\u00e9cnico o T\u00e9cnica en Administraci\u00f3n Log\u00edstica<\/td>\n<td>$1.928.000.-<\/td>\n<\/tr>\n<tr>\n<td>T\u00e9cnico o T\u00e9cnica en Gesti\u00f3n de Tecnolog\u00edas de la Informaci\u00f3n y de la Comunicaci\u00f3n<\/td>\n<td>$2.293.000.-<\/td>\n<\/tr>\n<tr>\n<td>T\u00e9cnico o T\u00e9cnica en Miner\u00eda<\/td>\n<td>$2.397.000.-<\/td>\n<\/tr>\n<tr style=\"height: 10px;\">\n<td width=\"491\" style=\"height: 10px;\">T\u00e9cnico o T\u00e9cnica en Gesti\u00f3n Ambiental Minera<\/td>\n<td width=\"132\" style=\"height: 10px;\">$2.501.000.-<\/td>\n<\/tr>\n<tr style=\"height: 10px;\">\n<td width=\"491\" style=\"height: 10px;\">T\u00e9cnico o T\u00e9cnica en Seguridad Minera<\/td>\n<td width=\"132\" style=\"height: 10px;\">$2.501.000.-<\/td>\n<\/tr>\n<tr style=\"height: 10px;\">\n<td width=\"491\" style=\"height: 10px;\">T\u00e9cnico o T\u00e9cnica en Geolog\u00eda Minera<\/td>\n<td width=\"132\" style=\"height: 10px;\">$2.501.000.-<\/td>\n<\/tr>\n<tr>\n<td>T\u00e9cnico o T\u00e9cnica en Administraci\u00f3n de Recursos Humanos<\/td>\n<td>$1.928.000.-<\/td>\n<\/tr>\n<tr>\n<td>T\u00e9cnico o T\u00e9cnica en Programaci\u00f3n de Aplicaciones Computacionales<\/td>\n<td>$2.397.000.-<\/td>\n<\/tr>\n<tr>\n<td>T\u00e9cnico o T\u00e9cnica en Asistente Jur\u00eddico<\/td>\n<td>$1.876.000.-<\/td>\n<\/tr>\n<tr>\n<td>Asistente de la Educaci\u00f3n<\/td>\n<td>$1.876.000.-<\/td>\n<\/tr>\n<tr>\n<td>T\u00e9cnico o T\u00e9cnica en Contabilidad<\/td>\n<td>$1.928.000.-<\/td>\n<\/tr>\n<tr>\n<td>T\u00e9cnico o T\u00e9cnica en Educaci\u00f3n Parvularia<\/td>\n<td>$2.084.000.-<\/td>\n<\/tr>\n<tr>\n<td>T\u00e9cnico o T\u00e9cnica en Electricidad<\/td>\n<td>$2.397.000.-<\/td>\n<\/tr>\n<tr>\n<td>T\u00e9cnico o T\u00e9cnica en Interpretaci\u00f3n de Lengua de Se\u00f1as (presencial)<\/td>\n<td>$1.980.000.-<\/td>\n<\/tr>\n<tr>\n<td>T\u00e9cnico o T\u00e9cnica en Interpretaci\u00f3n de Lengua de Se\u00f1as (en l\u00ednea)<\/td>\n<td>$1.355.000.-<\/td>\n<\/tr>\n<tr>\n<td>T\u00e9cnico o T\u00e9cnica en Soporte Tecnol\u00f3gico<\/td>\n<td>$2.189.000.-<\/td>\n<\/tr>\n<tr>\n<td>T\u00e9cnico en Traducci\u00f3n Espa\u00f1ol-Mapuzung\u00fan<\/td>\n<td>$1.928.000.-<\/td>\n<\/tr>\n<\/tbody>\n<\/table>\n<p>&nbsp;<\/p>\n<p>[\/et_pb_text][\/et_pb_column][\/et_pb_row][\/et_pb_section][et_pb_section fb_built=\u00bb1&#8243; admin_label=\u00bbBecas y beneficios\u00bb module_id=\u00bbbeneficiosestudiantiles\u00bb _builder_version=\u00bb4.27.4&#8243; _module_preset=\u00bbdefault\u00bb custom_margin=\u00bb||0px||false|false\u00bb custom_padding=\u00bb50px|0px||0px|false|false\u00bb global_module=\u00bb132715&#8243; saved_tabs=\u00bball\u00bb global_colors_info=\u00bb{}\u00bb][et_pb_row column_structure=\u00bb1_3,1_3,1_3&#8243; use_custom_gutter=\u00bbon\u00bb gutter_width=\u00bb1.3&#8243; custom_padding_last_edited=\u00bbon|phone\u00bb _builder_version=\u00bb4.22.2&#8243; _module_preset=\u00bbdefault\u00bb background_color=\u00bbRGBA(255,255,255,0)\u00bb max_width=\u00bb2560px\u00bb min_height=\u00bb350px\u00bb custom_margin=\u00bb-3.3%|auto|10px|auto|false|true\u00bb custom_padding=\u00bb50px|0px|14px|0px|false|false\u00bb custom_padding_tablet=\u00bb\u00bb custom_padding_phone=\u00bb0px|0px|14px|0px|false|false\u00bb animation_style=\u00bbslide\u00bb animation_direction=\u00bbbottom\u00bb animation_intensity_slide=\u00bb6%\u00bb animation_starting_opacity=\u00bb100%\u00bb animation_starting_opacity_tablet=\u00bb100%\u00bb animation_starting_opacity_phone=\u00bb100%\u00bb animation_starting_opacity_last_edited=\u00bbon|desktop\u00bb border_radii=\u00bbon|15px|15px|15px|15px\u00bb border_color_top=\u00bbRGBA(255,255,255,0)\u00bb border_style_top=\u00bboutset\u00bb global_colors_info=\u00bb{}\u00bb][et_pb_column type=\u00bb1_3&#8243; _builder_version=\u00bb4.22.1&#8243; _module_preset=\u00bbdefault\u00bb global_colors_info=\u00bb{}\u00bb][et_pb_text _builder_version=\u00bb4.27.4&#8243; _module_preset=\u00bbdefault\u00bb text_font=\u00bb|800|||||||\u00bb text_text_color=\u00bb#004562&#8243; text_font_size=\u00bb25px\u00bb text_line_height=\u00bb1.6em\u00bb header_2_font=\u00bb|700|||||||\u00bb header_2_text_align=\u00bbleft\u00bb header_2_text_color=\u00bb#565656&#8243; header_2_font_size=\u00bb32px\u00bb text_orientation=\u00bbcenter\u00bb custom_padding=\u00bb20px||20px|30px|false|false\u00bb global_colors_info=\u00bb{}\u00bb]<\/p>\n<h2 style=\"text-align: left;\">Becas y beneficios<\/h2>\n<p>[\/et_pb_text][et_pb_text _builder_version=\u00bb4.27.4&#8243; _module_preset=\u00bbdefault\u00bb custom_padding=\u00bb||20px|30px|false|false\u00bb global_colors_info=\u00bb{}\u00bb]<\/p>\n<p><strong>*<\/strong> Carreras en modalidad en l\u00ednea no est\u00e1n adscritas a gratuidad.<\/p>\n<p>[\/et_pb_text][\/et_pb_column][et_pb_column type=\u00bb1_3&#8243; _builder_version=\u00bb4.22.1&#8243; _module_preset=\u00bbdefault\u00bb global_colors_info=\u00bb{}\u00bb][et_pb_blurb title=\u00bbBeneficios estudiantiles estatales para la Educaci\u00f3n Superior\u00bb url=\u00bbhttps:\/\/portal.beneficiosestudiantiles.cl\/\u00bb url_new_window=\u00bbon\u00bb image=\u00bbhttps:\/\/www.upla.cl\/institutotecnologico\/wp-content\/uploads\/2025\/09\/popup-sliderbanner-notaweb_sliderbanner1.jpg\u00bb alt=\u00bbBanner FUAS 2026&#8243; _builder_version=\u00bb4.27.4&#8243; _module_preset=\u00bbdefault\u00bb header_text_color=\u00bb#009bdb\u00bb body_text_color=\u00bb#565656&#8243; body_line_height=\u00bb1.2em\u00bb background_enable_image=\u00bboff\u00bb custom_padding=\u00bb|15px|||false|false\u00bb animation_direction=\u00bbright\u00bb animation=\u00bbright\u00bb link_option_url=\u00bbhttps:\/\/portal.beneficiosestudiantiles.cl\/\u00bb link_option_url_new_window=\u00bbon\u00bb border_radii_image=\u00bbon|5px|5px|5px|5px\u00bb box_shadow_style_image=\u00bbpreset3&#8243; global_colors_info=\u00bb{}\u00bb]<\/p>\n<p>Ingresa al portal de beneficios.<\/p>\n<p>[\/et_pb_blurb][\/et_pb_column][et_pb_column type=\u00bb1_3&#8243; _builder_version=\u00bb4.22.1&#8243; _module_preset=\u00bbdefault\u00bb global_colors_info=\u00bb{}\u00bb][et_pb_blurb title=\u00bbBeneficios de la Direcci\u00f3n General de Desarrollo Estudiantil UPLA\u00bb url=\u00bbhttps:\/\/www.upla.cl\/desarrolloestudiantil\/\u00bb url_new_window=\u00bbon\u00bb image=\u00bbhttps:\/\/www.upla.cl\/institutotecnologico\/wp-content\/uploads\/2023\/10\/20230913_becasybeneficios-dgde.png\u00bb _builder_version=\u00bb4.27.3&#8243; _module_preset=\u00bbdefault\u00bb header_text_color=\u00bb#009bdb\u00bb body_text_color=\u00bb#565656&#8243; body_line_height=\u00bb1.2em\u00bb background_enable_image=\u00bboff\u00bb custom_padding=\u00bb|15px|||false|false\u00bb animation_direction=\u00bbright\u00bb animation=\u00bbright\u00bb link_option_url=\u00bbhttps:\/\/www.upla.cl\/desarrolloestudiantil\/\u00bb link_option_url_new_window=\u00bbon\u00bb border_radii_image=\u00bbon|5px|5px|5px|5px\u00bb box_shadow_style_image=\u00bbpreset3&#8243; global_colors_info=\u00bb{}\u00bb]<\/p>\n<p>Aqu\u00ed encontrar\u00e1s informaci\u00f3n sobre nuestras becas.<\/p>\n<p>[\/et_pb_blurb][\/et_pb_column][\/et_pb_row][\/et_pb_section]<\/p>\n","protected":false},"excerpt":{"rendered":"<p>Seg\u00fan Decreto Exento N\u00ba 1378\/2024(Descarga en formato pdf, 1,6 MB)Derechos B\u00e1sicos Matr\u00edcula de estudiantes presenciales de primer a\u00f1o y cursos superiores $185.000.- \/ Anual Matr\u00edcula de estudiantes de carreras en l\u00ednea $185.000.- \/ AnualValores seg\u00fan Decreto Exento N\u00ba 1502\/2025Arancel anual para estudiantes que ingresan a partir del a\u00f1o 2026 &nbsp; Carrera Arancel T\u00e9cnico o T\u00e9cnica [&hellip;]<\/p>\n","protected":false},"author":1,"featured_media":79318,"parent":0,"menu_order":2,"comment_status":"closed","ping_status":"closed","template":"","meta":{"_et_pb_use_builder":"on","_et_pb_old_content":"<h3>Matr\u00edcula<\/h3><h4>Derechos B\u00e1sicos para todos los estudiantes<\/h4><p>$144.000 (ciento cuarenta y cuatro mil pesos)<\/p><h3>Aranceles 2018 por carrera<\/h3><p><a href=\"https:\/\/www.upla.cl\/institutotecnologico\/wp-content\/uploads\/2017\/11\/2017_1107_institutotecnologico_dto_exto_aranceles_1012-2017.pdf\" target=\"_blank\" rel=\"noopener\">Seg\u00fan Decreto Exento N\u00ba 1012\/2017<\/a><\/p><p>[su_table]<\/p><table><tbody><tr><td><h4>Carrera<\/h4><\/td><td><h4>Arancel<\/h4><\/td><\/tr><tr><td><strong>Administrador de la Gesti\u00f3n P\u00fablica<\/strong><\/td><td>$1.597.000.-<\/td><\/tr><tr><td><strong>Analista Qu\u00edmico<\/strong><br \/> * Carrera sin matr\u00edcula nueva\u00a0en 2018.<\/td><td>$2.260.800.-<\/td><\/tr><tr><td><strong>T\u00e9cnico en Prevenci\u00f3n de Riesgos<\/strong><br \/> * Carrera sin matr\u00edcula nueva\u00a0en 2018.<\/td><td>$1.619.400.-<\/td><\/tr><tr><td><strong>T\u00e9cnico en Enfermer\u00eda<\/strong><br \/> * Carrera sin matr\u00edcula nueva\u00a0en 2018.<\/td><td>$1.623.700.-<\/td><\/tr><tr><td><strong>T\u00e9cnico en Construcci\u00f3n<\/strong><\/td><td>$2.122.100.-<\/td><\/tr><tr><td><strong>T\u00e9cnico en Administraci\u00f3n Log\u00edstica<\/strong><\/td><td>$1.525.000.-<\/td><\/tr><tr><td><strong>T\u00e9cnico en Gesti\u00f3n de Tecnolog\u00edas de la Informaci\u00f3n y Comunicaci\u00f3n<\/strong><br \/> * Carrera sin matr\u00edcula nueva\u00a0en 2018.<\/td><td>$1.786.400.-<\/td><\/tr><tr><td><strong>T\u00e9cnico en Miner\u00eda<\/strong><\/td><td>$2.078.400.-<\/td><\/tr><tr><td><strong>T\u00e9cnico en Gesti\u00f3n Ambiental Menci\u00f3n Miner\u00eda<\/strong><br \/> * Carrera sin matr\u00edcula nueva\u00a0en 2018.<\/td><td>$2.078.400.-<\/td><\/tr><tr><td><strong>T\u00e9cnico en Seguridad Minera<\/strong><br \/> * Carrera sin matr\u00edcula nueva\u00a0en 2018.<\/td><td>$2.078.400.-<\/td><\/tr><tr><td><strong>T\u00e9cnico en Geolog\u00eda Minera<\/strong><\/td><td>$2.078.400.-<\/td><\/tr><tr><td><strong>T\u00e9cnico en Administraci\u00f3n de Recursos Humanos<\/strong><\/td><td>$1.678.300.-<\/td><\/tr><tr><td><strong>Programador en Aplicaciones Computacionales<\/strong><br \/> * Carrera sin matr\u00edcula nueva\u00a0en 2018.<\/td><td>$2.307.100.-<\/td><\/tr><\/tbody><\/table><p>[\/su_table]<\/p>","_et_gb_content_width":"","_joinchat":[],"footnotes":""},"class_list":["post-21","page","type-page","status-publish","has-post-thumbnail","hentry"],"_links":{"self":[{"href":"https:\/\/www.upla.cl\/institutotecnologico\/wp-json\/wp\/v2\/pages\/21","targetHints":{"allow":["GET"]}}],"collection":[{"href":"https:\/\/www.upla.cl\/institutotecnologico\/wp-json\/wp\/v2\/pages"}],"about":[{"href":"https:\/\/www.upla.cl\/institutotecnologico\/wp-json\/wp\/v2\/types\/page"}],"author":[{"embeddable":true,"href":"https:\/\/www.upla.cl\/institutotecnologico\/wp-json\/wp\/v2\/users\/1"}],"replies":[{"embeddable":true,"href":"https:\/\/www.upla.cl\/institutotecnologico\/wp-json\/wp\/v2\/comments?post=21"}],"version-history":[{"count":48,"href":"https:\/\/www.upla.cl\/institutotecnologico\/wp-json\/wp\/v2\/pages\/21\/revisions"}],"predecessor-version":[{"id":134823,"href":"https:\/\/www.upla.cl\/institutotecnologico\/wp-json\/wp\/v2\/pages\/21\/revisions\/134823"}],"wp:featuredmedia":[{"embeddable":true,"href":"https:\/\/www.upla.cl\/institutotecnologico\/wp-json\/wp\/v2\/media\/79318"}],"wp:attachment":[{"href":"https:\/\/www.upla.cl\/institutotecnologico\/wp-json\/wp\/v2\/media?parent=21"}],"curies":[{"name":"wp","href":"https:\/\/api.w.org\/{rel}","templated":true}]}}