{"id":10172,"date":"2025-05-16T22:17:41","date_gmt":"2025-05-17T02:17:41","guid":{"rendered":"https:\/\/www.upla.cl\/innovacioncurricular\/?page_id=10172"},"modified":"2025-09-11T16:23:42","modified_gmt":"2025-09-11T19:23:42","slug":"inicio","status":"publish","type":"page","link":"https:\/\/www.upla.cl\/innovacioncurricular\/","title":{"rendered":"Inicio"},"content":{"rendered":"<p>[et_pb_section fb_built=\u00bb1&#8243; fullwidth=\u00bbon\u00bb _builder_version=\u00bb4.27.4&#8243; _module_preset=\u00bbdefault\u00bb bottom_divider_style=\u00bbwave2&#8243; bottom_divider_color=\u00bb#f4f4f4&#8243; global_colors_info=\u00bb{}\u00bb][et_pb_fullwidth_header title=\u00bbDirecci\u00f3n de Estudios e Innovaci\u00f3n Curricular\u00bb background_overlay_color=\u00bbrgba(0,69,98,0.43)\u00bb _builder_version=\u00bb4.27.4&#8243; _module_preset=\u00bbdefault\u00bb title_font=\u00bb&#8211;et_global_heading_font|700|||||||\u00bb title_text_align=\u00bbleft\u00bb title_font_size=\u00bb400%\u00bb title_line_height=\u00bb1.4em\u00bb content_font=\u00bb|600|||||||\u00bb content_font_size=\u00bb22px\u00bb content_line_height=\u00bb1.4em\u00bb background_color=\u00bbRGBA(255,255,255,0)\u00bb background_enable_image=\u00bboff\u00bb background_video_mp4=\u00bbhttps:\/\/www.upla.cl\/innovacioncurricular\/wp-content\/uploads\/2025\/08\/100725-LOOP-DEIC.mp4&#8243; background_video_webm=\u00bbhttps:\/\/www.upla.cl\/innovacioncurricular\/wp-content\/uploads\/2025\/08\/100725-LOOP-DEIC.mp4&#8243; custom_padding=\u00bb15%||15%||true|false\u00bb title_text_shadow_style=\u00bbpreset2&#8243; content_text_shadow_style=\u00bbpreset5&#8243; global_colors_info=\u00bb{}\u00bb]<\/p>\n<h3><strong>La DEIC<\/strong><strong>\u00a0tiene como objetivo general desarrollar capacidad t\u00e9cnica y de investigaci\u00f3n que articule la gesti\u00f3n, el dise\u00f1o, ejecuci\u00f3n y evaluaci\u00f3n del curr\u00edculum institucional en los procesos de innovaci\u00f3n y redise\u00f1o con enfoque en la calidad y mejora continua de los programas formativos de pregrado (t\u00e9cnico y profesional) y postgrado, potenciando el principio de educaci\u00f3n a lo largo de la vida, en concordancia con el Modelo Educativo lnstitucional, la normativa y planes de desarrollo internos, la pol\u00edtica p\u00fablica y las demandas del contexto sociocultural.<\/strong><\/h3>\n<p>[\/et_pb_fullwidth_header][\/et_pb_section][et_pb_section fb_built=\u00bb1&#8243; next_background_color=\u00bb#ffffff\u00bb _builder_version=\u00bb4.27.4&#8243; background_color=\u00bb#f4f4f4&#8243; custom_padding=\u00bb0%|0px|0%|0px|false|false\u00bb bottom_divider_style=\u00bbwave2&#8243; global_colors_info=\u00bb{}\u00bb][\/et_pb_section][et_pb_section fb_built=\u00bb1&#8243; _builder_version=\u00bb4.27.4&#8243; background_enable_color=\u00bboff\u00bb custom_margin=\u00bb||||false|false\u00bb custom_padding=\u00bb|0px||0px|false|false\u00bb border_width_top=\u00bb1px\u00bb border_color_top=\u00bbRGBA(255,255,255,0)\u00bb border_style_top=\u00bbinset\u00bb global_colors_info=\u00bb{}\u00bb][et_pb_row _builder_version=\u00bb4.27.4&#8243; _module_preset=\u00bbdefault\u00bb custom_margin=\u00bb||||true|false\u00bb border_radii=\u00bbon|15px|15px|15px|15px\u00bb border_width_all=\u00bb1px\u00bb border_color_all=\u00bb#009bdb\u00bb border_style_all=\u00bboutset\u00bb global_colors_info=\u00bb{}\u00bb][et_pb_column type=\u00bb4_4&#8243; _builder_version=\u00bb4.20.2&#8243; _module_preset=\u00bbdefault\u00bb global_colors_info=\u00bb{}\u00bb][et_pb_text _builder_version=\u00bb4.27.4&#8243; _module_preset=\u00bbdefault\u00bb header_5_font=\u00bb|600|||||||\u00bb header_5_text_color=\u00bb#009BDB\u00bb header_5_font_size=\u00bb160%\u00bb custom_margin=\u00bb|||5%|false|false\u00bb global_colors_info=\u00bb{}\u00bb]<\/p>\n<h5>Noticias relacionadas<\/h5>\n<p>[\/et_pb_text][et_pb_sidebar area=\u00bbet_pb_widget_area_1&#8243; _builder_version=\u00bb4.27.4&#8243; _module_preset=\u00bbdefault\u00bb width=\u00bb90%\u00bb module_alignment=\u00bbcenter\u00bb custom_css_free_form=\u00bb||    .et_pb_widget {||        width: 100% !important;||    }||    .widget_block widget_rss{||        width: 100% !important;||    }||\u00bb global_colors_info=\u00bb{}\u00bb][\/et_pb_sidebar][et_pb_button button_url=\u00bbhttps:\/\/www.upla.cl\/noticias\/?s=innovaci\u00f3n+curricular\u00bb url_new_window=\u00bbon\u00bb button_text=\u00bbVer m\u00e1s noticias relacionadas\u00bb _builder_version=\u00bb4.27.4&#8243; _module_preset=\u00bbdefault\u00bb custom_button=\u00bbon\u00bb button_text_size=\u00bb16px\u00bb button_text_color=\u00bb#FFFFFF\u00bb button_bg_color=\u00bb#009bdb\u00bb button_border_radius=\u00bb10px\u00bb custom_margin=\u00bb|||5%|false|false\u00bb global_colors_info=\u00bb{}\u00bb button_bg_color__hover_enabled=\u00bbon|hover\u00bb button_bg_color__hover=\u00bb#009bdb\u00bb][\/et_pb_button][\/et_pb_column][\/et_pb_row][\/et_pb_section][et_pb_section fb_built=\u00bb1&#8243; disabled_on=\u00bbon|on|on\u00bb _builder_version=\u00bb4.27.4&#8243; background_enable_color=\u00bboff\u00bb custom_margin=\u00bb||||false|false\u00bb custom_padding=\u00bb|0px||0px|false|false\u00bb border_width_top=\u00bb1px\u00bb border_color_top=\u00bbRGBA(255,255,255,0)\u00bb border_style_top=\u00bbinset\u00bb disabled=\u00bbon\u00bb global_colors_info=\u00bb{}\u00bb][et_pb_row _builder_version=\u00bb4.27.4&#8243; _module_preset=\u00bbdefault\u00bb custom_margin=\u00bb||||true|false\u00bb border_radii=\u00bbon|15px|15px|15px|15px\u00bb border_width_all=\u00bb1px\u00bb border_color_all=\u00bb#009bdb\u00bb border_style_all=\u00bboutset\u00bb global_colors_info=\u00bb{}\u00bb][et_pb_column type=\u00bb4_4&#8243; _builder_version=\u00bb4.20.2&#8243; _module_preset=\u00bbdefault\u00bb global_colors_info=\u00bb{}\u00bb][et_pb_text _builder_version=\u00bb4.27.4&#8243; _module_preset=\u00bbdefault\u00bb header_font_size=\u00bb400%\u00bb header_2_font_size=\u00bb300%\u00bb header_3_font_size=\u00bb200%\u00bb header_4_font_size=\u00bb170%\u00bb header_5_font_size=\u00bb160%\u00bb header_6_font_size=\u00bb120%\u00bb custom_padding=\u00bb1%|1%|1%|1%|true|true\u00bb global_colors_info=\u00bb{}\u00bb]<\/p>\n<p>Secci\u00f3n con borde, puede ser contenido texto, im\u00e1genes, anuncios, etc.<\/p>\n<p>T\u00edtulos:<\/p>\n<p>&nbsp;<\/p>\n<h1>H1<\/h1>\n<h2>H2<\/h2>\n<h3>H3<\/h3>\n<h4>H4<\/h4>\n<h5>H5<\/h5>\n<h6>H6<\/h6>\n<p>&nbsp;<\/p>\n<p>Colores:<\/p>\n<p>Principal Postgrado: #004562<\/p>\n<p>Principal institucional: #009bdb<\/p>\n<p>Textos: #565656<\/p>\n<p>Fondo gris claro #f4f4f4<\/p>\n<p>Fondo gris claro 2: #e5e5e5<\/p>\n<p>&nbsp;<\/p>\n<p>[\/et_pb_text][\/et_pb_column][\/et_pb_row][\/et_pb_section]<\/p>\n","protected":false},"excerpt":{"rendered":"<p>La DEIC\u00a0tiene como objetivo general desarrollar capacidad t\u00e9cnica y de investigaci\u00f3n que articule la gesti\u00f3n, el dise\u00f1o, ejecuci\u00f3n y evaluaci\u00f3n del curr\u00edculum institucional en los procesos de innovaci\u00f3n y redise\u00f1o con enfoque en la calidad y mejora continua de los programas formativos de pregrado (t\u00e9cnico y profesional) y postgrado, potenciando el principio de educaci\u00f3n a [&hellip;]<\/p>\n","protected":false},"author":3,"featured_media":0,"parent":0,"menu_order":0,"comment_status":"closed","ping_status":"closed","template":"","meta":{"_et_pb_use_builder":"on","_et_pb_old_content":"","_et_gb_content_width":"","footnotes":""},"class_list":["post-10172","page","type-page","status-publish","hentry"],"_links":{"self":[{"href":"https:\/\/www.upla.cl\/innovacioncurricular\/wp-json\/wp\/v2\/pages\/10172","targetHints":{"allow":["GET"]}}],"collection":[{"href":"https:\/\/www.upla.cl\/innovacioncurricular\/wp-json\/wp\/v2\/pages"}],"about":[{"href":"https:\/\/www.upla.cl\/innovacioncurricular\/wp-json\/wp\/v2\/types\/page"}],"author":[{"embeddable":true,"href":"https:\/\/www.upla.cl\/innovacioncurricular\/wp-json\/wp\/v2\/users\/3"}],"replies":[{"embeddable":true,"href":"https:\/\/www.upla.cl\/innovacioncurricular\/wp-json\/wp\/v2\/comments?post=10172"}],"version-history":[{"count":23,"href":"https:\/\/www.upla.cl\/innovacioncurricular\/wp-json\/wp\/v2\/pages\/10172\/revisions"}],"predecessor-version":[{"id":17228618,"href":"https:\/\/www.upla.cl\/innovacioncurricular\/wp-json\/wp\/v2\/pages\/10172\/revisions\/17228618"}],"wp:attachment":[{"href":"https:\/\/www.upla.cl\/innovacioncurricular\/wp-json\/wp\/v2\/media?parent=10172"}],"curies":[{"name":"wp","href":"https:\/\/api.w.org\/{rel}","templated":true}]}}