{"id":627,"date":"2024-05-02T14:55:12","date_gmt":"2024-05-02T18:55:12","guid":{"rendered":"https:\/\/www.upla.cl\/inesgenero\/?page_id=627"},"modified":"2025-06-10T10:39:03","modified_gmt":"2025-06-10T14:39:03","slug":"enmovimiento","status":"publish","type":"page","link":"https:\/\/www.upla.cl\/inesgenero\/enmovimiento\/","title":{"rendered":"En movimiento"},"content":{"rendered":"<p>[et_pb_section fb_built=\u00bb1&#8243; next_background_color=\u00bbrgba(86,86,86,0.09)\u00bb admin_label=\u00bbHeader\u00bb _builder_version=\u00bb4.27.0&#8243; _module_preset=\u00bbdefault\u00bb background_color=\u00bbRGBA(255,255,255,0)\u00bb background_image=\u00bbhttps:\/\/www.upla.cl\/inesgenero\/wp-content\/uploads\/2024\/06\/en-movimiento-banner.png\u00bb background_position=\u00bbcenter_right\u00bb background_horizontal_offset=\u00bb-6%\u00bb background_blend=\u00bbcolor\u00bb custom_padding=\u00bb120px||120px||true|false\u00bb top_divider_style=\u00bbwave\u00bb top_divider_color=\u00bbrgba(86,86,86,0.09)\u00bb bottom_divider_style=\u00bbcurve\u00bb collapsed=\u00bboff\u00bb global_colors_info=\u00bb{}\u00bb][et_pb_row column_structure=\u00bb1_2,1_2&#8243; _builder_version=\u00bb4.24.2&#8243; _module_preset=\u00bbdefault\u00bb max_width=\u00bb1280px\u00bb global_colors_info=\u00bb{}\u00bb][et_pb_column type=\u00bb1_2&#8243; _builder_version=\u00bb4.22.0&#8243; _module_preset=\u00bbdefault\u00bb global_colors_info=\u00bb{}\u00bb][et_pb_text _builder_version=\u00bb4.25.0&#8243; _module_preset=\u00bb704da6b5-9d48-4e5e-8d55-6ec823e032e4&#8243; header_font=\u00bbGeorgia|700|||||||\u00bb header_text_align=\u00bbleft\u00bb header_text_color=\u00bb#C70068&#8243; global_colors_info=\u00bb{}\u00bb]<\/p>\n<h1>En Movimiento<\/h1>\n<p>[\/et_pb_text][\/et_pb_column][et_pb_column type=\u00bb1_2&#8243; _builder_version=\u00bb4.22.0&#8243; _module_preset=\u00bbdefault\u00bb global_colors_info=\u00bb{}\u00bb][\/et_pb_column][\/et_pb_row][\/et_pb_section][et_pb_section fb_built=\u00bb1&#8243; _builder_version=\u00bb4.27.4&#8243; _module_preset=\u00bbdefault\u00bb background_color=\u00bbrgba(86,86,86,0.09)\u00bb custom_padding=\u00bb||24px|||\u00bb hover_enabled=\u00bb0&#8243; global_colors_info=\u00bb{}\u00bb module_id=\u00bbnoticias\u00bb sticky_enabled=\u00bb0&#8243;][et_pb_row column_structure=\u00bb1_3,2_3&#8243; _builder_version=\u00bb4.24.2&#8243; _module_preset=\u00bbdefault\u00bb width=\u00bb90%\u00bb global_colors_info=\u00bb{}\u00bb][et_pb_column type=\u00bb1_3&#8243; _builder_version=\u00bb4.24.2&#8243; _module_preset=\u00bbdefault\u00bb global_colors_info=\u00bb{}\u00bb][et_pb_blog posts_number=\u00bb1&#8243; include_categories=\u00bb8,9&#8243; show_more=\u00bbon\u00bb show_author=\u00bboff\u00bb show_pagination=\u00bboff\u00bb _builder_version=\u00bb4.27.0&#8243; _module_preset=\u00bbdefault\u00bb header_font=\u00bbGeorgia|600|||||||\u00bb header_text_color=\u00bb#DD147B\u00bb border_width_all_fullwidth=\u00bb1px\u00bb border_color_all_fullwidth=\u00bbRGBA(255,255,255,0)\u00bb border_radii_image=\u00bbon|15px|15px|15px|15px\u00bb global_colors_info=\u00bb{}\u00bb][\/et_pb_blog][et_pb_text _builder_version=\u00bb4.24.2&#8243; _module_preset=\u00bbdefault\u00bb text_font=\u00bbLato|700|||||||\u00bb text_text_color=\u00bb#0C71C3&#8243; text_font_size=\u00bb34px\u00bb header_font=\u00bbGeorgia||||||||\u00bb header_text_color=\u00bb#dd147b\u00bb header_font_size=\u00bb34px\u00bb global_colors_info=\u00bb{}\u00bb]<\/p>\n<h1 style=\"text-align: left;\"><strong>+ Noticias relacionadas<\/strong><\/h1>\n<p>[\/et_pb_text][et_pb_sidebar area=\u00bbet_pb_widget_area_1&#8243; disabled_on=\u00bboff|off|off\u00bb _builder_version=\u00bb4.27.3&#8243; _module_preset=\u00bbdefault\u00bb global_module=\u00bb635&#8243; saved_tabs=\u00bball\u00bb global_colors_info=\u00bb{}\u00bb][\/et_pb_sidebar][et_pb_button url_new_window=\u00bbon\u00bb button_text=\u00bbIr al sitio de noticias UPLA\u00bb button_alignment=\u00bbleft\u00bb _builder_version=\u00bb4.25.0&#8243; _module_preset=\u00bbdefault\u00bb custom_button=\u00bbon\u00bb button_text_size=\u00bb18px\u00bb button_text_color=\u00bb#FFFFFF\u00bb button_bg_color=\u00bb#DD147B\u00bb button_border_width=\u00bb0px\u00bb button_border_radius=\u00bb5px\u00bb button_font=\u00bbLato|700|||||||\u00bb custom_margin=\u00bb5%||||false|false\u00bb global_colors_info=\u00bb{}\u00bb][\/et_pb_button][\/et_pb_column][et_pb_column type=\u00bb2_3&#8243; _builder_version=\u00bb4.24.2&#8243; _module_preset=\u00bbdefault\u00bb global_colors_info=\u00bb{}\u00bb][et_pb_text _builder_version=\u00bb4.27.4&#8243; _module_preset=\u00bbdefault\u00bb text_font=\u00bbLato|700|||||||\u00bb text_text_color=\u00bb#0C71C3&#8243; text_font_size=\u00bb34px\u00bb header_font=\u00bbGeorgia||||||||\u00bb header_text_color=\u00bb#dd147b\u00bb header_font_size=\u00bb34px\u00bb global_colors_info=\u00bb{}\u00bb]<\/p>\n<h1 style=\"text-align: left;\"><strong>Sigue leyendo<\/strong><\/h1>\n<p>[\/et_pb_text][et_pb_blog fullwidth=\u00bboff\u00bb include_categories=\u00bb8&#8243; show_thumbnail=\u00bboff\u00bb show_more=\u00bbon\u00bb show_author=\u00bboff\u00bb show_pagination=\u00bboff\u00bb _builder_version=\u00bb4.27.0&#8243; _module_preset=\u00bbdefault\u00bb header_font=\u00bbGeorgia|600|||||||\u00bb header_text_color=\u00bb#DD147B\u00bb read_more_text_color=\u00bb#DD147B\u00bb border_radii=\u00bbon|15px|15px|15px|15px\u00bb global_colors_info=\u00bb{}\u00bb][\/et_pb_blog][\/et_pb_column][\/et_pb_row][\/et_pb_section][et_pb_section fb_built=\u00bb1&#8243; disabled_on=\u00bboff|off|off\u00bb admin_label=\u00bbFeatures\u00bb _builder_version=\u00bb4.27.4&#8243; _module_preset=\u00bbdefault\u00bb hover_enabled=\u00bb0&#8243; collapsed=\u00bbon\u00bb global_colors_info=\u00bb{}\u00bb module_id=\u00bbentrevista\u00bb sticky_enabled=\u00bb0&#8243;][et_pb_row column_structure=\u00bb2_5,3_5&#8243; _builder_version=\u00bb4.27.4&#8243; _module_preset=\u00bbdefault\u00bb max_width=\u00bb1280px\u00bb global_colors_info=\u00bb{}\u00bb][et_pb_column type=\u00bb2_5&#8243; _builder_version=\u00bb4.24.2&#8243; _module_preset=\u00bbdefault\u00bb background_color=\u00bbgcid-ea6a34b7-3964-4bb3-9ab0-b3684573f27e\u00bb overflow-x=\u00bbvisible\u00bb overflow-y=\u00bbvisible\u00bb border_radii=\u00bbon|10px|10px|10px|10px\u00bb global_colors_info=\u00bb{%22gcid-ea6a34b7-3964-4bb3-9ab0-b3684573f27e%22:%91%22background_color%22%93}\u00bb][et_pb_image src=\u00bbhttps:\/\/www.upla.cl\/inesgenero\/wp-content\/uploads\/2025\/06\/GRAFICO-1.png\u00bb alt=\u00bbAcad\u00e9mica UPLA integra dos equipos de investigaci\u00f3n que se adjudicaron proyectos Fondecyt Regular\u00bb title_text=\u00bbGr\u00e1fico 1&#8243; _builder_version=\u00bb4.27.4&#8243; _module_preset=\u00bbdefault\u00bb custom_margin=\u00bb-30px|-30px|-30px|30px|true|false\u00bb custom_margin_tablet=\u00bb-5vw|-5vw|30px||false|false\u00bb custom_margin_phone=\u00bb||20px|20px|false|false\u00bb custom_margin_last_edited=\u00bbon|phone\u00bb scroll_vertical_motion_enable=\u00bbon\u00bb scroll_vertical_motion=\u00bb0|50|50|100|0.5|0|-0.5&#8243; border_radii=\u00bbon|15px|15px|15px|15px\u00bb global_colors_info=\u00bb{}\u00bb][\/et_pb_image][\/et_pb_column][et_pb_column type=\u00bb3_5&#8243; _builder_version=\u00bb4.22.0&#8243; _module_preset=\u00bbdefault\u00bb custom_padding=\u00bb60px||||false|false\u00bb custom_padding_tablet=\u00bb0px||||false|false\u00bb custom_padding_phone=\u00bb0px||0px||true|false\u00bb custom_padding_last_edited=\u00bbon|tablet\u00bb global_colors_info=\u00bb{}\u00bb][et_pb_text _builder_version=\u00bb4.27.4&#8243; _module_preset=\u00bb7dd7d9ba-ec21-4719-a7cc-18b01eb545bf\u00bb header_font_size=\u00bb34px\u00bb header_3_font=\u00bbGeorgia|700|||||||\u00bb header_3_text_color=\u00bb#DD147B\u00bb header_3_font_size=\u00bb30px\u00bb min_height=\u00bb47px\u00bb custom_margin=\u00bb||10px||false|false\u00bb custom_padding=\u00bb|||30px||\u00bb global_colors_info=\u00bb{}\u00bb]<\/p>\n<h3>Entrevista<\/h3>\n<p>[\/et_pb_text][et_pb_team_member name=\u00bbDaniela Z\u00fa\u00f1iga Maldonado: \u201cContar con datos que visibilicen las brechas de g\u00e9nero es fundamental para la universidad\u201d\u00bb position=\u00bbLa soci\u00f3loga y profesional del equipo InES G\u00e9nero de la Universidad de Playa Ancha da cuenta de aspectos relevantes del informe de caracterizaci\u00f3n sobre esta materia en nuestra instituci\u00f3n.\u00bb _builder_version=\u00bb4.27.4&#8243; _module_preset=\u00bbdefault\u00bb header_level=\u00bbh2&#8243; header_font=\u00bbGeorgia|700|||||||\u00bb header_text_color=\u00bb#DD147B\u00bb position_font=\u00bbLato|700|||||||\u00bb position_text_color=\u00bb#565656&#8243; custom_margin=\u00bb|||30px|false|false\u00bb global_colors_info=\u00bb{}\u00bb]<\/p>\n<p>&nbsp;<\/p>\n<p>Conocer con datos certeros la brecha de g\u00e9nero en la Universidad, explorar c\u00f3mo se expresa en el estamento acad\u00e9mico, y pensar en acciones que nos permitan avanzar para superar las desigualdades, fueron algunos objetivos derivados del <strong>\u201cInforme de Caracterizaci\u00f3n de la Brecha de G\u00e9nero en la Universidad de Playa Ancha\u201d<\/strong>, desarrollado desde el proyecto<a href=\"https:\/\/www.upla.cl\/inesgenero\/\" target=\"_blank\" rel=\"noopener\"> InES G\u00e9nero<\/a>.<\/p>\n<p>[\/et_pb_team_member][et_pb_button button_url=\u00bbhttps:\/\/www.upla.cl\/inesgenero\/2025\/06\/03\/daniela-zuniga-maldonado-contar-con-datos-que-visibilicen-las-brechas-de-genero-es-fundamental-para-la-universidad\/\u00bb url_new_window=\u00bbon\u00bb button_text=\u00bbVer entrevista completa\u00bb button_alignment=\u00bbleft\u00bb _builder_version=\u00bb4.27.4&#8243; _module_preset=\u00bbdefault\u00bb custom_button=\u00bbon\u00bb button_text_size=\u00bb18px\u00bb button_text_color=\u00bb#FFFFFF\u00bb button_bg_color=\u00bb#DD147B\u00bb button_border_width=\u00bb0px\u00bb button_border_radius=\u00bb5px\u00bb button_font=\u00bbLato|700|||||||\u00bb custom_margin=\u00bb5%|||30px|false|false\u00bb global_colors_info=\u00bb{}\u00bb][\/et_pb_button][\/et_pb_column][\/et_pb_row][\/et_pb_section][et_pb_section fb_built=\u00bb1&#8243; disabled_on=\u00bboff|off|off\u00bb admin_label=\u00bbFeatures\u00bb _builder_version=\u00bb4.27.4&#8243; _module_preset=\u00bbdefault\u00bb background_color=\u00bbrgba(86,86,86,0.09)\u00bb hover_enabled=\u00bb0&#8243; collapsed=\u00bbon\u00bb global_colors_info=\u00bb{}\u00bb module_id=\u00bbboletines\u00bb sticky_enabled=\u00bb0&#8243;][et_pb_row column_structure=\u00bb1_2,1_2&#8243; _builder_version=\u00bb4.27.4&#8243; _module_preset=\u00bbdefault\u00bb max_width=\u00bb1280px\u00bb custom_padding=\u00bb||0px|||\u00bb global_colors_info=\u00bb{}\u00bb][et_pb_column type=\u00bb1_2&#8243; _builder_version=\u00bb4.27.4&#8243; _module_preset=\u00bbdefault\u00bb background_color=\u00bbRGBA(255,255,255,0)\u00bb overflow-x=\u00bbvisible\u00bb overflow-y=\u00bbvisible\u00bb border_radii=\u00bbon|10px|10px|10px|10px\u00bb global_colors_info=\u00bb{}\u00bb][et_pb_text _builder_version=\u00bb4.27.4&#8243; _module_preset=\u00bb7dd7d9ba-ec21-4719-a7cc-18b01eb545bf\u00bb header_font_size=\u00bb34px\u00bb header_3_font=\u00bbGeorgia|700|||||||\u00bb header_3_text_color=\u00bb#DD147B\u00bb header_3_font_size=\u00bb30px\u00bb min_height=\u00bb47px\u00bb custom_margin=\u00bb||10px||false|false\u00bb custom_padding=\u00bb|||30px||\u00bb global_colors_info=\u00bb{}\u00bb]<\/p>\n<h3>Boletines<\/h3>\n<p>[\/et_pb_text][\/et_pb_column][et_pb_column type=\u00bb1_2&#8243; _builder_version=\u00bb4.27.4&#8243; _module_preset=\u00bbdefault\u00bb background_color=\u00bbRGBA(255,255,255,0)\u00bb overflow-x=\u00bbvisible\u00bb overflow-y=\u00bbvisible\u00bb border_radii=\u00bbon|10px|10px|10px|10px\u00bb global_colors_info=\u00bb{}\u00bb][\/et_pb_column][\/et_pb_row][et_pb_row column_structure=\u00bb1_3,1_3,1_3&#8243; _builder_version=\u00bb4.27.4&#8243; _module_preset=\u00bbdefault\u00bb max_width=\u00bb1280px\u00bb custom_padding=\u00bb6px|||||\u00bb global_colors_info=\u00bb{}\u00bb][et_pb_column type=\u00bb1_3&#8243; _builder_version=\u00bb4.27.4&#8243; _module_preset=\u00bbdefault\u00bb background_color=\u00bbRGBA(255,255,255,0)\u00bb overflow-x=\u00bbvisible\u00bb overflow-y=\u00bbvisible\u00bb border_radii=\u00bbon|10px|10px|10px|10px\u00bb global_colors_info=\u00bb{}\u00bb][et_pb_image src=\u00bbhttps:\/\/www.upla.cl\/inesgenero\/wp-content\/uploads\/2025\/06\/202506_ines-genero_boletin.jpg\u00bb title_text=\u00bb202506_ines-genero_boletin\u00bb url=\u00bbhttps:\/\/drive.google.com\/file\/d\/1pajVGeXqMD1DoYUt78vowdeoQM1kvx1V\/view?usp=sharing\u00bb url_new_window=\u00bbon\u00bb _builder_version=\u00bb4.27.4&#8243; _module_preset=\u00bbdefault\u00bb hover_enabled=\u00bb0&#8243; global_colors_info=\u00bb{}\u00bb sticky_enabled=\u00bb0&#8243;][\/et_pb_image][et_pb_button url_new_window=\u00bbon\u00bb button_text=\u00bbRevisar el bolet\u00edn n\u00b02&#8243; button_alignment=\u00bbleft\u00bb _builder_version=\u00bb4.27.4&#8243; _module_preset=\u00bbdefault\u00bb custom_button=\u00bbon\u00bb button_text_size=\u00bb18px\u00bb button_text_color=\u00bb#FFFFFF\u00bb button_bg_color=\u00bb#DD147B\u00bb button_border_width=\u00bb0px\u00bb button_border_radius=\u00bb5px\u00bb button_font=\u00bbLato||||||||\u00bb custom_margin=\u00bb5%||||false|false\u00bb hover_enabled=\u00bb0&#8243; global_colors_info=\u00bb{}\u00bb theme_builder_area=\u00bbpost_content\u00bb button_url=\u00bbhttps:\/\/drive.google.com\/file\/d\/1pajVGeXqMD1DoYUt78vowdeoQM1kvx1V\/view?usp=sharing\u00bb sticky_enabled=\u00bb0&#8243;][\/et_pb_button][\/et_pb_column][et_pb_column type=\u00bb1_3&#8243; _builder_version=\u00bb4.27.4&#8243; _module_preset=\u00bbdefault\u00bb background_color=\u00bbRGBA(255,255,255,0)\u00bb overflow-x=\u00bbvisible\u00bb overflow-y=\u00bbvisible\u00bb border_radii=\u00bbon|10px|10px|10px|10px\u00bb global_colors_info=\u00bb{}\u00bb][et_pb_image src=\u00bbhttps:\/\/www.upla.cl\/inesgenero\/wp-content\/uploads\/2025\/06\/202501_ines-genero_boletin.jpg\u00bb title_text=\u00bb202501_ines-genero_boletin\u00bb url=\u00bbhttps:\/\/drive.google.com\/file\/d\/1yaq_Mvk13GEu_JqJNA5IckNxQTEyMVgY\/view?usp=sharing\u00bb url_new_window=\u00bbon\u00bb _builder_version=\u00bb4.27.4&#8243; _module_preset=\u00bbdefault\u00bb global_colors_info=\u00bb{}\u00bb][\/et_pb_image][et_pb_button url_new_window=\u00bbon\u00bb button_text=\u00bbRevisar el bolet\u00edn n\u00b01&#8243; button_alignment=\u00bbleft\u00bb _builder_version=\u00bb4.27.4&#8243; _module_preset=\u00bbdefault\u00bb custom_button=\u00bbon\u00bb button_text_size=\u00bb18px\u00bb button_text_color=\u00bb#FFFFFF\u00bb button_bg_color=\u00bb#DD147B\u00bb button_border_width=\u00bb0px\u00bb button_border_radius=\u00bb5px\u00bb button_font=\u00bbLato||||||||\u00bb custom_margin=\u00bb5%||||false|false\u00bb hover_enabled=\u00bb0&#8243; global_colors_info=\u00bb{}\u00bb theme_builder_area=\u00bbpost_content\u00bb button_url=\u00bbhttps:\/\/drive.google.com\/file\/d\/1yaq_Mvk13GEu_JqJNA5IckNxQTEyMVgY\/view?usp=sharing\u00bb sticky_enabled=\u00bb0&#8243;][\/et_pb_button][\/et_pb_column][et_pb_column type=\u00bb1_3&#8243; _builder_version=\u00bb4.27.4&#8243; _module_preset=\u00bbdefault\u00bb background_color=\u00bbRGBA(255,255,255,0)\u00bb overflow-x=\u00bbvisible\u00bb overflow-y=\u00bbvisible\u00bb border_radii=\u00bbon|10px|10px|10px|10px\u00bb global_colors_info=\u00bb{}\u00bb][\/et_pb_column][\/et_pb_row][\/et_pb_section][et_pb_section fb_built=\u00bb1&#8243; admin_label=\u00bbSecci\u00f3n\u00bb _builder_version=\u00bb4.27.2&#8243; _module_preset=\u00bbdefault\u00bb background_color=\u00bbRGBA(255,255,255,0)\u00bb background_enable_color=\u00bboff\u00bb background_image=\u00bbhttps:\/\/www.upla.cl\/inesgenero\/wp-content\/uploads\/2024\/06\/FOOTER.png\u00bb parallax=\u00bbon\u00bb background_blend=\u00bboverlay\u00bb custom_margin=\u00bb||-55px|||\u00bb global_module=\u00bb258&#8243; saved_tabs=\u00bball\u00bb global_colors_info=\u00bb{}\u00bb][et_pb_row column_structure=\u00bb1_3,1_3,1_3&#8243; _builder_version=\u00bb4.21.0&#8243; _module_preset=\u00bbdefault\u00bb global_colors_info=\u00bb{}\u00bb][et_pb_column type=\u00bb1_3&#8243; _builder_version=\u00bb4.21.0&#8243; _module_preset=\u00bbdefault\u00bb global_colors_info=\u00bb{}\u00bb][et_pb_text _builder_version=\u00bb4.27.0&#8243; _module_preset=\u00bbdefault\u00bb text_font=\u00bbLato||||||||\u00bb text_text_color=\u00bb#FFFFFF\u00bb text_font_size=\u00bb18px\u00bb link_text_color=\u00bb#C70068&#8243; global_colors_info=\u00bb{}\u00bb]<\/p>\n<p><span style=\"color: #ffffff;\"><strong>InES G\u00e9nero UPLA<\/strong><\/span><br \/><span style=\"color: #ffffff;\">Traslavi\u00f1a 436, Vi\u00f1a de Mar.<\/span><br \/><span style=\"color: #ffffff;\">Correo electr\u00f3nico:<strong> <a href=\"mailto:ines.genero@upla.cl\" style=\"color: #ffffff;\">ines.genero@upla.cl<\/a><\/strong><\/span><br \/><span style=\"color: #ffffff;\">S\u00edguenos en <strong><a title=\"S\u00edguenos\" href=\"https:\/\/www.instagram.com\/inesgenero_upla\/?hl=es\" target=\"_blank\" rel=\"noopener\" style=\"color: #ffffff;\">Instagram<\/a><\/strong><\/span><\/p>\n<p>[\/et_pb_text][\/et_pb_column][et_pb_column type=\u00bb1_3&#8243; _builder_version=\u00bb4.21.0&#8243; _module_preset=\u00bbdefault\u00bb global_colors_info=\u00bb{}\u00bb][et_pb_image src=\u00bbhttps:\/\/www.upla.cl\/inesgenero\/wp-content\/uploads\/2025\/03\/20250311_upla_acreditada_2022-2027-monocromo-fondo-oscuro.png\u00bb alt=\u00bbUPLA Acreditada\u00bb title_text=\u00bb20250311_upla_acreditada_2022-2027-monocromo-fondo-oscuro\u00bb align_tablet=\u00bb\u00bb align_phone=\u00bb\u00bb align_last_edited=\u00bbon|phone\u00bb _builder_version=\u00bb4.27.4&#8243; _module_preset=\u00bbdefault\u00bb width=\u00bb100%\u00bb width_tablet=\u00bb50%\u00bb width_phone=\u00bb\u00bb width_last_edited=\u00bbon|tablet\u00bb custom_padding=\u00bb|20%|||false|false\u00bb custom_padding_tablet=\u00bb|0%|||false|false\u00bb custom_padding_phone=\u00bb|0%|||false|false\u00bb custom_padding_last_edited=\u00bbon|desktop\u00bb global_colors_info=\u00bb{}\u00bb custom_padding__hover_enabled=\u00bboff|desktop\u00bb][\/et_pb_image][\/et_pb_column][et_pb_column type=\u00bb1_3&#8243; _builder_version=\u00bb4.21.0&#8243; _module_preset=\u00bbdefault\u00bb global_colors_info=\u00bb{}\u00bb][\/et_pb_column][\/et_pb_row][et_pb_row _builder_version=\u00bb4.24.2&#8243; _module_preset=\u00bbdefault\u00bb collapsed=\u00bboff\u00bb global_colors_info=\u00bb{}\u00bb][et_pb_column type=\u00bb4_4&#8243; _builder_version=\u00bb4.24.2&#8243; _module_preset=\u00bbdefault\u00bb global_colors_info=\u00bb{}\u00bb][et_pb_text admin_label=\u00bbTexto\u00bb _builder_version=\u00bb4.25.0&#8243; _module_preset=\u00bbdefault\u00bb link_text_color=\u00bb#C70068&#8243; global_colors_info=\u00bb{}\u00bb]<\/p>\n<p style=\"text-align: left;\"><strong><span style=\"color: #ffffff;\">Enlaces relacionados:<\/span> <span style=\"color: #ffffff;\"><a href=\"https:\/\/www.cienciaenchile.cl\/\" target=\"_blank\" rel=\"noopener\" title=\"Ciencia en Chile\" style=\"color: #fff;\">Ciencia en Chile<\/a> | <a href=\"https:\/\/anid.cl\/redes-estrategia-y-conocimiento\/innovacion-en-educacion-superior-en-genero-ines-genero\/\" target=\"_blank\" rel=\"noopener\" title=\"InES - Sitio ANID\" style=\"color: #dd147b;\">InES &#8211; Sitio ANID<\/a>\u00a0 | <a href=\"https:\/\/consejoctci.cl\/\" target=\"_blank\" rel=\"noopener\" title=\"Consejo Nacional CTCI\" style=\"color: #dd147b;\">Consejo Nacional CTCI<\/a><\/span><\/strong><\/p>\n<p>[\/et_pb_text][\/et_pb_column][\/et_pb_row][\/et_pb_section]<\/p>\n","protected":false},"excerpt":{"rendered":"<p>En Movimiento+ Noticias relacionadasSigue leyendoEntrevista&nbsp; Conocer con datos certeros la brecha de g\u00e9nero en la Universidad, explorar c\u00f3mo se expresa en el estamento acad\u00e9mico, y pensar en acciones que nos permitan avanzar para superar las desigualdades, fueron algunos objetivos derivados del \u201cInforme de Caracterizaci\u00f3n de la Brecha de G\u00e9nero en la Universidad de Playa Ancha\u201d, [&hellip;]<\/p>\n","protected":false},"author":1,"featured_media":0,"parent":0,"menu_order":0,"comment_status":"closed","ping_status":"closed","template":"","meta":{"_et_pb_use_builder":"on","_et_pb_old_content":"","_et_gb_content_width":"","footnotes":""},"class_list":["post-627","page","type-page","status-publish","hentry"],"_links":{"self":[{"href":"https:\/\/www.upla.cl\/inesgenero\/wp-json\/wp\/v2\/pages\/627","targetHints":{"allow":["GET"]}}],"collection":[{"href":"https:\/\/www.upla.cl\/inesgenero\/wp-json\/wp\/v2\/pages"}],"about":[{"href":"https:\/\/www.upla.cl\/inesgenero\/wp-json\/wp\/v2\/types\/page"}],"author":[{"embeddable":true,"href":"https:\/\/www.upla.cl\/inesgenero\/wp-json\/wp\/v2\/users\/1"}],"replies":[{"embeddable":true,"href":"https:\/\/www.upla.cl\/inesgenero\/wp-json\/wp\/v2\/comments?post=627"}],"version-history":[{"count":33,"href":"https:\/\/www.upla.cl\/inesgenero\/wp-json\/wp\/v2\/pages\/627\/revisions"}],"predecessor-version":[{"id":1382,"href":"https:\/\/www.upla.cl\/inesgenero\/wp-json\/wp\/v2\/pages\/627\/revisions\/1382"}],"wp:attachment":[{"href":"https:\/\/www.upla.cl\/inesgenero\/wp-json\/wp\/v2\/media?parent=627"}],"curies":[{"name":"wp","href":"https:\/\/api.w.org\/{rel}","templated":true}]}}