{"id":226,"date":"2024-05-02T12:23:57","date_gmt":"2024-05-02T16:23:57","guid":{"rendered":"https:\/\/www.upla.cl\/inesgenero\/?page_id=226"},"modified":"2025-05-20T12:55:54","modified_gmt":"2025-05-20T16:55:54","slug":"sobre-ines","status":"publish","type":"page","link":"https:\/\/www.upla.cl\/inesgenero\/sobre-ines\/","title":{"rendered":"Sobre InES"},"content":{"rendered":"<p>[et_pb_section fb_built=\u00bb1&#8243; admin_label=\u00bbHeader\u00bb _builder_version=\u00bb4.25.0&#8243; _module_preset=\u00bbdefault\u00bb custom_padding=\u00bb148px||75px|||\u00bb top_divider_style=\u00bbwave\u00bb top_divider_color=\u00bb#dddee0&#8243; top_divider_height=\u00bb120px\u00bb bottom_divider_color=\u00bbrgba(86,86,86,0.09)\u00bb collapsed=\u00bboff\u00bb global_colors_info=\u00bb{}\u00bb][et_pb_row column_structure=\u00bb3_5,2_5&#8243; _builder_version=\u00bb4.24.2&#8243; _module_preset=\u00bbdefault\u00bb max_width=\u00bb1280px\u00bb global_colors_info=\u00bb{}\u00bb][et_pb_column type=\u00bb3_5&#8243; _builder_version=\u00bb4.22.0&#8243; _module_preset=\u00bbdefault\u00bb global_colors_info=\u00bb{}\u00bb][et_pb_image src=\u00bbhttps:\/\/www.upla.cl\/inesgenero\/wp-content\/uploads\/2024\/06\/ines-color.png\u00bb title_text=\u00bbines-color\u00bb force_fullwidth=\u00bbon\u00bb _builder_version=\u00bb4.25.0&#8243; _module_preset=\u00bbdefault\u00bb module_alignment=\u00bbleft\u00bb global_colors_info=\u00bb{}\u00bb][\/et_pb_image][\/et_pb_column][et_pb_column type=\u00bb2_5&#8243; _builder_version=\u00bb4.22.0&#8243; _module_preset=\u00bbdefault\u00bb global_colors_info=\u00bb{}\u00bb][et_pb_text _builder_version=\u00bb4.27.4&#8243; _module_preset=\u00bb35a724ca-6ab8-4e80-be30-4a789c4b557c\u00bb text_font_size=\u00bb18px\u00bb text_line_height=\u00bb1.7em\u00bb global_colors_info=\u00bb{}\u00bb]<\/p>\n<p><strong><span style=\"color: #c70068;\">El proyecto InES G\u00e9nero UPLA (INGE 220004), <\/span><\/strong>de \u201cpromoci\u00f3n y fortalecimiento institucional de la equidad de g\u00e9nero en I+D+i+e en la Universidad de Playa Ancha\u201d, se enfoca en dise\u00f1ar y ejecutar un plan de desarrollo que instale capacidades y herramientas institucionales, que promuevan la igualdad de g\u00e9nero y disminuyan las brechas entre hombres y mujeres, en los \u00e1mbitos de Investigaci\u00f3n, Desarrollo, Innovaci\u00f3n y Emprendimiento en la Universidad.<\/p>\n<p>[\/et_pb_text][et_pb_text admin_label=\u00bbTexto\u00bb _builder_version=\u00bb4.27.4&#8243; _module_preset=\u00bbdefault\u00bb text_text_color=\u00bb#C70068&#8243; link_text_color=\u00bb#C70068&#8243; global_colors_info=\u00bb{}\u00bb]<\/p>\n<p><strong><a href=\"https:\/\/www.upla.cl\/inesgenero\/wp-content\/uploads\/2024\/05\/20240503_inesgenero-dex_1542-2022.pdf\" target=\"_blank\" rel=\"noopener\">Decreto Exento N\u00b0 1542\/2022<\/a><\/strong><\/p>\n<p>[\/et_pb_text][\/et_pb_column][\/et_pb_row][\/et_pb_section][et_pb_section fb_built=\u00bb1&#8243; prev_background_color=\u00bb#ffffff\u00bb admin_label=\u00bbAbout\u00bb _builder_version=\u00bb4.25.0&#8243; _module_preset=\u00bbdefault\u00bb background_color=\u00bbRGBA(255,255,255,0)\u00bb background_image=\u00bbhttps:\/\/www.upla.cl\/inesgenero\/wp-content\/uploads\/2024\/06\/banner-inicio.png\u00bb custom_margin=\u00bb-56px|||||\u00bb custom_padding=\u00bb40px|0px||||\u00bb top_divider_style=\u00bbwave\u00bb top_divider_flip=\u00bbhorizontal\u00bb collapsed=\u00bboff\u00bb global_colors_info=\u00bb{}\u00bb][et_pb_row column_structure=\u00bb2_5,3_5&#8243; make_equal=\u00bbon\u00bb _builder_version=\u00bb4.24.2&#8243; _module_preset=\u00bbdefault\u00bb background_color=\u00bbRGBA(255,255,255,0)\u00bb max_width=\u00bb1280px\u00bb custom_padding=\u00bb118px|||||\u00bb global_colors_info=\u00bb{}\u00bb][et_pb_column type=\u00bb2_5&#8243; _builder_version=\u00bb4.24.2&#8243; _module_preset=\u00bbdefault\u00bb background_color=\u00bbRGBA(255,255,255,0)\u00bb global_colors_info=\u00bb{}\u00bb][et_pb_text _builder_version=\u00bb4.25.0&#8243; _module_preset=\u00bb7dd7d9ba-ec21-4719-a7cc-18b01eb545bf\u00bb header_3_font=\u00bbGeorgia|700|||||||\u00bb header_3_text_color=\u00bb#C70068&#8243; header_3_font_size=\u00bb30px\u00bb min_height=\u00bb47px\u00bb custom_margin=\u00bb||10px||false|false\u00bb global_colors_info=\u00bb{}\u00bb]<\/p>\n<h3>Sobre InES G\u00e9nero UPLA<br \/><span style=\"color: #565656;\">\/Antecedentes<\/span><\/h3>\n<p>[\/et_pb_text][\/et_pb_column][et_pb_column type=\u00bb3_5&#8243; _builder_version=\u00bb4.24.2&#8243; _module_preset=\u00bbdefault\u00bb background_color=\u00bbRGBA(255,255,255,0)\u00bb custom_padding=\u00bb20px|20px|20px|20px|true|true\u00bb global_colors_info=\u00bb{}\u00bb][et_pb_text _builder_version=\u00bb4.27.4&#8243; _module_preset=\u00bb35a724ca-6ab8-4e80-be30-4a789c4b557c\u00bb text_orientation=\u00bbcenter\u00bb custom_margin=\u00bb-21px|||||\u00bb custom_padding=\u00bb0px|||||\u00bb global_colors_info=\u00bb{}\u00bb]<\/p>\n<p style=\"text-align: left;\">Desde 2011, la Universidad de Playa Ancha (UPLA) integr\u00f3 la investigaci\u00f3n a sus \u00e1reas estrat\u00e9gicas, creando la <strong>Vicerrector\u00eda de Investigaci\u00f3n, Postgrado e Innovaci\u00f3n<\/strong> (Vipei), con el objetivo de promover la investigaci\u00f3n de frontera para abordar problem\u00e1ticas complejas e interdisciplinarias.<\/p>\n<p style=\"text-align: left;\">Dicho programa de desarrollo institucional, se orienta a la investigaci\u00f3n y postgrado, fortaleciendo programas de trabajo cooperativos al interior y entre las facultades, creando espacios de investigaci\u00f3n como el Centro de Estudios Avanzados (CEA), laboratorios, HUBs y grupos de investigaci\u00f3n interdisciplinarios, vinculados a tem\u00e1ticas complejas como: agua, ense\u00f1anza de las ciencias, estudio del patrimonio, espacio social, desarrollo territorial, entre otros.<\/p>\n<p style=\"text-align: left;\">El fortalecimiento del I+D+i en la UPLA, se ha complementado mediante convenios de desempe\u00f1o, proyecto de innovaci\u00f3n en Educaci\u00f3n Superior (InES 19101), concursos de investigaci\u00f3n internos (DiGi), programas de movilidad y postgrado, habilitaci\u00f3n de infraestructura, implementaci\u00f3n de programas de perfeccionamiento, entre otros, con la finalidad de robustecer el desarrollo acad\u00e9mico en el \u00e1mbito de la investigaci\u00f3n.<\/p>\n<p style=\"text-align: left;\">En 2020, la Universidad de Playa Ancha inicio\u0301 un proceso de ana\u0301lisis de sus brechas de ge\u0301nero liderado por la <strong>Direccio\u0301n de Equidad e Igualdad de Ge\u0301nero<\/strong>, a trave\u0301s del desarrollo de un estudio de cara\u0301cter cuantitativo que analiz\u00f3 la informaci\u00f3n secundaria disponible.<\/p>\n<p style=\"text-align: left;\">El proceso de transversalizaci\u00f3n de la perspectiva de g\u00e9nero, ha propiciado logros relevantes en la gesti\u00f3n institucional y la docencia, como lo fue la incorporaci\u00f3n de objetivos espec\u00edficos asociados a la inclusi\u00f3n en los <strong>planes de Fortalecimiento Institucional y de Desarrollo Estrat\u00e9gico Institucional<\/strong> (PDEI).<\/p>\n<p>[\/et_pb_text][\/et_pb_column][\/et_pb_row][\/et_pb_section][et_pb_section fb_built=\u00bb1&#8243; admin_label=\u00bbFeatures\u00bb _builder_version=\u00bb4.22.0&#8243; _module_preset=\u00bbdefault\u00bb collapsed=\u00bboff\u00bb global_colors_info=\u00bb{}\u00bb][et_pb_row column_structure=\u00bb2_5,3_5&#8243; _builder_version=\u00bb4.25.0&#8243; _module_preset=\u00bbdefault\u00bb max_width=\u00bb1280px\u00bb global_colors_info=\u00bb{}\u00bb][et_pb_column type=\u00bb2_5&#8243; _builder_version=\u00bb4.25.0&#8243; _module_preset=\u00bbdefault\u00bb background_color=\u00bb#C70068&#8243; overflow-x=\u00bbvisible\u00bb overflow-y=\u00bbvisible\u00bb border_radii=\u00bbon|10px|10px|10px|10px\u00bb global_colors_info=\u00bb{%22gcid-ea6a34b7-3964-4bb3-9ab0-b3684573f27e%22:%91%22background_color%22%93}\u00bb][et_pb_image src=\u00bbhttps:\/\/www.upla.cl\/inesgenero\/wp-content\/uploads\/2024\/06\/objts.png\u00bb title_text=\u00bbobjts\u00bb _builder_version=\u00bb4.25.0&#8243; _module_preset=\u00bbdefault\u00bb custom_margin=\u00bb-30px|-30px|-30px|30px|true|false\u00bb custom_margin_tablet=\u00bb-5vw|-5vw|30px||false|false\u00bb custom_margin_phone=\u00bb||20px|20px|false|false\u00bb custom_margin_last_edited=\u00bbon|phone\u00bb scroll_vertical_motion_enable=\u00bbon\u00bb scroll_vertical_motion=\u00bb0|50|50|100|0.5|0|-0.5&#8243; global_colors_info=\u00bb{}\u00bb][\/et_pb_image][\/et_pb_column][et_pb_column type=\u00bb3_5&#8243; _builder_version=\u00bb4.22.0&#8243; _module_preset=\u00bbdefault\u00bb custom_padding=\u00bb60px||||false|false\u00bb custom_padding_tablet=\u00bb0px||||false|false\u00bb custom_padding_phone=\u00bb0px||0px||true|false\u00bb custom_padding_last_edited=\u00bbon|tablet\u00bb global_colors_info=\u00bb{}\u00bb][et_pb_text _builder_version=\u00bb4.27.4&#8243; _module_preset=\u00bb7dd7d9ba-ec21-4719-a7cc-18b01eb545bf\u00bb header_3_font=\u00bbGeorgia|700|||||||\u00bb header_3_text_color=\u00bb#DD147B\u00bb header_3_font_size=\u00bb30px\u00bb min_height=\u00bb47px\u00bb custom_margin=\u00bb||10px||false|false\u00bb global_colors_info=\u00bb{}\u00bb]<\/p>\n<h3>Objetivos<br \/><span style=\"color: #565656;\">\/Acciones<\/span><\/h3>\n<p>[\/et_pb_text][et_pb_blurb title=\u00bbObjetivo 1 \/ Acciones\u00bb image=\u00bbhttps:\/\/www.upla.cl\/inesgenero\/wp-content\/uploads\/2024\/06\/objt1.png\u00bb _builder_version=\u00bb4.26.0&#8243; _module_preset=\u00bbf15f328c-bc36-44d1-9ede-b3d63a03031c\u00bb header_font=\u00bbLato|700|||||||\u00bb header_text_color=\u00bb#565656&#8243; header_font_size=\u00bb18px\u00bb body_line_height=\u00bb1.7em\u00bb locked=\u00bboff\u00bb global_colors_info=\u00bb{}\u00bb]<\/p>\n<p><strong>Fortalecer las capacidades institucionales que permitan implementar el plan de <\/strong><strong>desarrollo, para disminuir las desigualdades de g\u00e9nero en I+D+i+e en la Universidad de Playa Ancha.<\/strong><\/p>\n<p><b>Acciones<\/b><\/p>\n<p>a. Instalaci\u00f3n de la Unidad de G\u00e9nero en la Direcci\u00f3n General de Investigaci\u00f3n.<br \/>b. Creaci\u00f3n e implementaci\u00f3n de un sistema de monitoreo de las brechas de g\u00e9nero en investigaci\u00f3n.<br \/>c. Creaci\u00f3n de la Red de Investigadoras de la UPLA.<\/p>\n<p>[\/et_pb_blurb][et_pb_blurb title=\u00bbObjetivo 2 \/ Acciones\u00bb image=\u00bbhttps:\/\/www.upla.cl\/inesgenero\/wp-content\/uploads\/2024\/06\/objt2.png\u00bb _builder_version=\u00bb4.26.0&#8243; _module_preset=\u00bbf15f328c-bc36-44d1-9ede-b3d63a03031c\u00bb header_font=\u00bbLato|700|||||||\u00bb header_text_color=\u00bb#565656&#8243; header_font_size=\u00bb18px\u00bb body_line_height=\u00bb1.7em\u00bb locked=\u00bboff\u00bb global_colors_info=\u00bb{}\u00bb]<\/p>\n<p><strong>Implementar iniciativas y acciones que aseguren el acceso, desarrollo y liderazgo de las mujeres que promuevan la igualdad de g\u00e9nero en el \u00e1mbito de I+D+i+e de base cient\u00edfica y tecnol\u00f3gica.\u00a0<\/strong><\/p>\n<p><strong>Acciones<\/strong><\/p>\n<p>a. Capacitaci\u00f3n a comisiones de selecci\u00f3n, de jerarquizaci\u00f3n y otros, con conocimientos y metodolog\u00edas que permitan evitar reproducir sesgos de g\u00e9nero en el acceso, desarrollo de las trayectorias de las investigadoras.<br \/>b. Promoci\u00f3n de la integraci\u00f3n paritaria de las comisiones.<br \/>c. Implementaci\u00f3n de ciclos de conversatorios, encuentros, seminarios destinados a visibilizar y reconocer el trabajo de las mujeres investigadoras de la UPLA.<\/p>\n<p>[\/et_pb_blurb][et_pb_blurb title=\u00bbObjetivo 3 \/ Acciones\u00bb image=\u00bbhttps:\/\/www.upla.cl\/inesgenero\/wp-content\/uploads\/2024\/06\/objt3.png\u00bb _builder_version=\u00bb4.26.0&#8243; _module_preset=\u00bbf15f328c-bc36-44d1-9ede-b3d63a03031c\u00bb header_font=\u00bbLato|700|||||||\u00bb header_text_color=\u00bb#565656&#8243; header_font_size=\u00bb18px\u00bb body_line_height=\u00bb1.7em\u00bb locked=\u00bboff\u00bb global_colors_info=\u00bb{}\u00bb]<\/p>\n<p><strong>Fomentar investigaci\u00f3n con perspectiva de g\u00e9nero. <\/strong><\/p>\n<p><strong>Acciones<\/strong><\/p>\n<p>a. Creaci\u00f3n de Diplomado en Investigaci\u00f3n con Perspectiva de G\u00e9nero para la comunidad UPLA.<br \/>b. Generaci\u00f3n de un Concurso Regular de Investigaci\u00f3n (DIGI) que incluya la modalidad de investigaci\u00f3n con enfoque de g\u00e9nero, que abarque diversas l\u00edneas de trabajo y campos de estudio.<br \/>c. Generaci\u00f3n de un Concurso Regular de Investigaci\u00f3n orientado a acad\u00e9micas y mujeres estudiantes tesistas de postgrados UPLA, que propicie el trabajo grupal e interdisciplinar.<\/p>\n<p>[\/et_pb_blurb][\/et_pb_column][\/et_pb_row][\/et_pb_section][et_pb_section fb_built=\u00bb1&#8243; admin_label=\u00bbStats\u00bb _builder_version=\u00bb4.24.2&#8243; _module_preset=\u00bbdefault\u00bb background_color=\u00bb#f4f4f4&#8243; collapsed=\u00bboff\u00bb global_colors_info=\u00bb{}\u00bb][et_pb_row column_structure=\u00bb3_5,2_5&#8243; custom_padding_last_edited=\u00bbon|tablet\u00bb _builder_version=\u00bb4.24.2&#8243; _module_preset=\u00bbdefault\u00bb max_width=\u00bb1280px\u00bb custom_padding_tablet=\u00bb||0px||false|false\u00bb custom_padding_phone=\u00bb||0px||false|false\u00bb global_colors_info=\u00bb{}\u00bb][et_pb_column type=\u00bb3_5&#8243; _builder_version=\u00bb4.22.0&#8243; _module_preset=\u00bbdefault\u00bb global_colors_info=\u00bb{}\u00bb][et_pb_image src=\u00bbhttps:\/\/www.upla.cl\/inesgenero\/wp-content\/uploads\/2024\/06\/ines-color.png\u00bb alt=\u00bbEquipo del proyecto InES G\u00e9nero UPLA\u00bb title_text=\u00bbines-color\u00bb _builder_version=\u00bb4.27.4&#8243; _module_preset=\u00bbdefault\u00bb border_radii=\u00bbon|10px|10px|10px|10px\u00bb global_colors_info=\u00bb{}\u00bb][\/et_pb_image][\/et_pb_column][et_pb_column type=\u00bb2_5&#8243; _builder_version=\u00bb4.22.0&#8243; _module_preset=\u00bbdefault\u00bb global_colors_info=\u00bb{}\u00bb][et_pb_text _builder_version=\u00bb4.25.0&#8243; _module_preset=\u00bb7dd7d9ba-ec21-4719-a7cc-18b01eb545bf\u00bb header_3_font=\u00bbGeorgia|700|||||||\u00bb header_3_text_color=\u00bb#C70068&#8243; header_3_font_size=\u00bb30px\u00bb min_height=\u00bb47px\u00bb custom_margin=\u00bb||10px||false|false\u00bb global_colors_info=\u00bb{}\u00bb]<\/p>\n<h3>Equipo InES G\u00e9nero UPLA<\/h3>\n<p>[\/et_pb_text][et_pb_text _builder_version=\u00bb4.27.4&#8243; _module_preset=\u00bbdefault\u00bb width=\u00bb100%\u00bb global_colors_info=\u00bb{}\u00bb]<\/p>\n<p><strong><\/strong><\/p>\n<p><strong>Dr. Alejandro Madrid Villegas<\/strong><br \/>Director general de Investigaci\u00f3n.<br \/>Correo electr\u00f3nico: <a href=\"mailto:directordgi@upla.cl\">directordgi@upla.cl<\/a><\/p>\n<p><strong>Mg. Karimme Morales Aguirre<\/strong><br \/>Coordinadora de la Unidad de Ge\u0301nero de la Direccio\u0301n de Investigacio\u0301n.<br \/>Correo electr\u00f3nico: <a href=\"mailto:karimme.morales@upla.cl\">karimme.morales@upla.cl<\/a><\/p>\n<p><strong>Jos\u00e9 Heresi Besoain<\/strong><br \/>\u200b\u200bDirector ejecutivo.<br \/>Correo electr\u00f3nico: <a href=\"mailto:jose.heresi@upla.cl\">jose.heresi@upla.cl<\/a><\/p>\n<p><strong>Dra. Jessica Alfaro \u00c1lvarez<\/strong><br \/>Directora t\u00e9cnica. Acad\u00e9mica, especialista en G\u00e9nero y Feminismos.<br \/>Correo electr\u00f3nico: <a href=\"mailto:jessica.alfaro@upla.cl\">jessica.alfaro@upla.cl<\/a><\/p>\n<p><strong>Dra. Tania de Armas Pedraza<\/strong><br \/>Coordinadora de Acceso, Desarrollo y Liderazgo.<br \/>Correo electr\u00f3nico: <a href=\"mailto:tania.dearmas@upla.cl\">tania.dearmas@upla.cl<\/a><\/p>\n<p><strong>Dra. Ana Timm Hidalgo<\/strong><br \/>Coordinadora de Institucionalizaci\u00f3n.<br \/>Correo electr\u00f3nico: <a href=\"mailto:ana.timm@upla.cl\">ana.timm@upla.cl<\/a><\/p>\n<p><span><b><strong>Dra. Eva Soto Acevedo<\/strong><br \/><\/b>Coordinadora Fomento de Investigaci\u00f3n con Perspectiva de G\u00e9nero.<br \/>Correo electr\u00f3nico: <a href=\"mailto:esoto@upla.cl\">esoto@upla.cl<\/a><\/span><\/p>\n<p><strong>Daniela Z\u00fa\u00f1iga Maldonado<\/strong><br \/>Analista de G\u00e9nero<br \/>Correo electr\u00f3nico: <a href=\"mailto:daniela.zuniga@upla.cl\">daniela.zuniga@upla.cl<\/a><\/p>\n<p><strong>Katherine Johnson Debernardi<\/strong><br \/>Coordinadora Diplomado en Investigaci\u00f3n con Perspectiva de G\u00e9nero<br \/>Correo electr\u00f3nico: <a href=\"mailto:katherine.johnson@upla.cl\">katherine.johnson@upla.cl<\/a><\/p>\n<p><strong>Daniella Araya Pedreros<\/strong><br \/>Inform\u00e1tica<br \/>Correo electr\u00f3nico: <a href=\"mailto:daniella.araya@upla.cl\">daniella.araya@upla.cl<\/a><\/p>\n<p><strong>Javiera Olavarr\u00eda Moraga<\/strong><br \/>Encargada de Control y Seguimiento T\u00e9cnico y Econ\u00f3mico.<br \/>Correo electr\u00f3nico: <a href=\"mailto:javiera.olavarria@upla.cl\">javiera.olavarria@upla.cl<\/a><\/p>\n<p><strong>Claudia Aguilera Fern\u00e1ndez<\/strong><br \/>Dise\u00f1adora.<br \/>Correo electr\u00f3nico: <a href=\"mailto:caguilera@upla.cl\">caguilera@upla.cl<\/a><\/p>\n<p><strong>Natacha G\u00f3mez Barahona<\/strong><br \/>Periodista.<br \/>Correo electr\u00f3nico: <a href=\"mailto:ngomez@upla.cl\">ngomez@upla.cl<\/a><\/p>\n<p>[\/et_pb_text][\/et_pb_column][\/et_pb_row][\/et_pb_section][et_pb_section fb_built=\u00bb1&#8243; admin_label=\u00bbSecci\u00f3n\u00bb _builder_version=\u00bb4.27.2&#8243; _module_preset=\u00bbdefault\u00bb background_color=\u00bbRGBA(255,255,255,0)\u00bb background_enable_color=\u00bboff\u00bb background_image=\u00bbhttps:\/\/www.upla.cl\/inesgenero\/wp-content\/uploads\/2024\/06\/FOOTER.png\u00bb parallax=\u00bbon\u00bb background_blend=\u00bboverlay\u00bb custom_margin=\u00bb||-55px|||\u00bb global_module=\u00bb258&#8243; saved_tabs=\u00bball\u00bb global_colors_info=\u00bb{}\u00bb][et_pb_row column_structure=\u00bb1_3,1_3,1_3&#8243; _builder_version=\u00bb4.21.0&#8243; _module_preset=\u00bbdefault\u00bb global_colors_info=\u00bb{}\u00bb][et_pb_column type=\u00bb1_3&#8243; _builder_version=\u00bb4.21.0&#8243; _module_preset=\u00bbdefault\u00bb global_colors_info=\u00bb{}\u00bb][et_pb_text _builder_version=\u00bb4.27.0&#8243; _module_preset=\u00bbdefault\u00bb text_font=\u00bbLato||||||||\u00bb text_text_color=\u00bb#FFFFFF\u00bb text_font_size=\u00bb18px\u00bb link_text_color=\u00bb#C70068&#8243; global_colors_info=\u00bb{}\u00bb]<\/p>\n<p><span style=\"color: #ffffff;\"><strong>InES G\u00e9nero UPLA<\/strong><\/span><br \/><span style=\"color: #ffffff;\">Traslavi\u00f1a 436, Vi\u00f1a de Mar.<\/span><br \/><span style=\"color: #ffffff;\">Correo electr\u00f3nico:<strong> <a href=\"mailto:ines.genero@upla.cl\" style=\"color: #ffffff;\">ines.genero@upla.cl<\/a><\/strong><\/span><br \/><span style=\"color: #ffffff;\">S\u00edguenos en <strong><a title=\"S\u00edguenos\" href=\"https:\/\/www.instagram.com\/inesgenero_upla\/?hl=es\" target=\"_blank\" rel=\"noopener\" style=\"color: #ffffff;\">Instagram<\/a><\/strong><\/span><\/p>\n<p>[\/et_pb_text][\/et_pb_column][et_pb_column type=\u00bb1_3&#8243; _builder_version=\u00bb4.21.0&#8243; _module_preset=\u00bbdefault\u00bb global_colors_info=\u00bb{}\u00bb][et_pb_image src=\u00bbhttps:\/\/www.upla.cl\/inesgenero\/wp-content\/uploads\/2025\/03\/20250311_upla_acreditada_2022-2027-monocromo-fondo-oscuro.png\u00bb alt=\u00bbUPLA Acreditada\u00bb title_text=\u00bb20250311_upla_acreditada_2022-2027-monocromo-fondo-oscuro\u00bb align_tablet=\u00bb\u00bb align_phone=\u00bb\u00bb align_last_edited=\u00bbon|phone\u00bb _builder_version=\u00bb4.27.4&#8243; _module_preset=\u00bbdefault\u00bb width=\u00bb100%\u00bb width_tablet=\u00bb50%\u00bb width_phone=\u00bb\u00bb width_last_edited=\u00bbon|tablet\u00bb custom_padding=\u00bb|20%|||false|false\u00bb custom_padding_tablet=\u00bb|0%|||false|false\u00bb custom_padding_phone=\u00bb|0%|||false|false\u00bb custom_padding_last_edited=\u00bbon|desktop\u00bb global_colors_info=\u00bb{}\u00bb custom_padding__hover_enabled=\u00bboff|desktop\u00bb][\/et_pb_image][\/et_pb_column][et_pb_column type=\u00bb1_3&#8243; _builder_version=\u00bb4.21.0&#8243; _module_preset=\u00bbdefault\u00bb global_colors_info=\u00bb{}\u00bb][\/et_pb_column][\/et_pb_row][et_pb_row _builder_version=\u00bb4.24.2&#8243; _module_preset=\u00bbdefault\u00bb global_colors_info=\u00bb{}\u00bb][et_pb_column type=\u00bb4_4&#8243; _builder_version=\u00bb4.24.2&#8243; _module_preset=\u00bbdefault\u00bb global_colors_info=\u00bb{}\u00bb][et_pb_text _builder_version=\u00bb4.25.0&#8243; _module_preset=\u00bbdefault\u00bb link_text_color=\u00bb#C70068&#8243; global_colors_info=\u00bb{}\u00bb]<\/p>\n<p style=\"text-align: left;\"><strong><span style=\"color: #ffffff;\">Enlaces relacionados:<\/span> <span style=\"color: #ffffff;\"><a href=\"https:\/\/www.cienciaenchile.cl\/\" target=\"_blank\" rel=\"noopener\" title=\"Ciencia en Chile\" style=\"color: #fff;\">Ciencia en Chile<\/a> | <a href=\"https:\/\/anid.cl\/redes-estrategia-y-conocimiento\/innovacion-en-educacion-superior-en-genero-ines-genero\/\" target=\"_blank\" rel=\"noopener\" title=\"InES - Sitio ANID\" style=\"color: #dd147b;\">InES &#8211; Sitio ANID<\/a>\u00a0 | <a href=\"https:\/\/consejoctci.cl\/\" target=\"_blank\" rel=\"noopener\" title=\"Consejo Nacional CTCI\" style=\"color: #dd147b;\">Consejo Nacional CTCI<\/a><\/span><\/strong><\/p>\n<p>[\/et_pb_text][\/et_pb_column][\/et_pb_row][\/et_pb_section]<\/p>\n","protected":false},"excerpt":{"rendered":"<p>El proyecto InES G\u00e9nero UPLA (INGE 220004), de \u201cpromoci\u00f3n y fortalecimiento institucional de la equidad de g\u00e9nero en I+D+i+e en la Universidad de Playa Ancha\u201d, se enfoca en dise\u00f1ar y ejecutar un plan de desarrollo que instale capacidades y herramientas institucionales, que promuevan la igualdad de g\u00e9nero y disminuyan las brechas entre hombres y mujeres, [&hellip;]<\/p>\n","protected":false},"author":1,"featured_media":576,"parent":0,"menu_order":0,"comment_status":"closed","ping_status":"closed","template":"","meta":{"_et_pb_use_builder":"on","_et_pb_old_content":"","_et_gb_content_width":"","footnotes":""},"class_list":["post-226","page","type-page","status-publish","has-post-thumbnail","hentry"],"_links":{"self":[{"href":"https:\/\/www.upla.cl\/inesgenero\/wp-json\/wp\/v2\/pages\/226","targetHints":{"allow":["GET"]}}],"collection":[{"href":"https:\/\/www.upla.cl\/inesgenero\/wp-json\/wp\/v2\/pages"}],"about":[{"href":"https:\/\/www.upla.cl\/inesgenero\/wp-json\/wp\/v2\/types\/page"}],"author":[{"embeddable":true,"href":"https:\/\/www.upla.cl\/inesgenero\/wp-json\/wp\/v2\/users\/1"}],"replies":[{"embeddable":true,"href":"https:\/\/www.upla.cl\/inesgenero\/wp-json\/wp\/v2\/comments?post=226"}],"version-history":[{"count":56,"href":"https:\/\/www.upla.cl\/inesgenero\/wp-json\/wp\/v2\/pages\/226\/revisions"}],"predecessor-version":[{"id":1321,"href":"https:\/\/www.upla.cl\/inesgenero\/wp-json\/wp\/v2\/pages\/226\/revisions\/1321"}],"wp:featuredmedia":[{"embeddable":true,"href":"https:\/\/www.upla.cl\/inesgenero\/wp-json\/wp\/v2\/media\/576"}],"wp:attachment":[{"href":"https:\/\/www.upla.cl\/inesgenero\/wp-json\/wp\/v2\/media?parent=226"}],"curies":[{"name":"wp","href":"https:\/\/api.w.org\/{rel}","templated":true}]}}