{"id":1162,"date":"2024-10-02T16:04:10","date_gmt":"2024-10-02T19:04:10","guid":{"rendered":"https:\/\/www.upla.cl\/inesgenero\/?page_id=1162"},"modified":"2025-05-14T14:28:39","modified_gmt":"2025-05-14T18:28:39","slug":"convocatorias","status":"publish","type":"page","link":"https:\/\/www.upla.cl\/inesgenero\/convocatorias\/","title":{"rendered":"Convocatorias"},"content":{"rendered":"<p>[et_pb_section fb_built=\u00bb1&#8243; next_background_color=\u00bbrgba(86,86,86,0.09)\u00bb admin_label=\u00bbHeader\u00bb _builder_version=\u00bb4.27.0&#8243; _module_preset=\u00bbdefault\u00bb background_color=\u00bbRGBA(255,255,255,0)\u00bb background_image=\u00bbhttps:\/\/www.upla.cl\/inesgenero\/wp-content\/uploads\/2024\/06\/en-movimiento-banner.png\u00bb background_position=\u00bbcenter_right\u00bb background_horizontal_offset=\u00bb-6%\u00bb background_blend=\u00bbcolor\u00bb custom_margin=\u00bb||-11px|||\u00bb custom_padding=\u00bb90px||90px||true|false\u00bb top_divider_style=\u00bbwave\u00bb top_divider_color=\u00bbrgba(86,86,86,0.09)\u00bb bottom_divider_style=\u00bbcurve\u00bb collapsed=\u00bboff\u00bb global_colors_info=\u00bb{}\u00bb][et_pb_row column_structure=\u00bb1_2,1_2&#8243; _builder_version=\u00bb4.27.2&#8243; _module_preset=\u00bbdefault\u00bb max_width=\u00bb1415px\u00bb global_colors_info=\u00bb{}\u00bb][et_pb_column type=\u00bb1_2&#8243; _builder_version=\u00bb4.22.0&#8243; _module_preset=\u00bbdefault\u00bb global_colors_info=\u00bb{}\u00bb][et_pb_text _builder_version=\u00bb4.27.2&#8243; _module_preset=\u00bb704da6b5-9d48-4e5e-8d55-6ec823e032e4&#8243; text_font_size=\u00bb15px\u00bb header_font=\u00bbGeorgia|700|||||||\u00bb header_text_align=\u00bbleft\u00bb header_text_color=\u00bb#C70068&#8243; custom_margin=\u00bb|-78px||||\u00bb global_colors_info=\u00bb{}\u00bb]<\/p>\n<h1>Convocatorias<\/h1>\n<p>[\/et_pb_text][\/et_pb_column][et_pb_column type=\u00bb1_2&#8243; _builder_version=\u00bb4.22.0&#8243; _module_preset=\u00bbdefault\u00bb global_colors_info=\u00bb{}\u00bb][\/et_pb_column][\/et_pb_row][\/et_pb_section][et_pb_section fb_built=\u00bb1&#8243; _builder_version=\u00bb4.27.4&#8243; _module_preset=\u00bbdefault\u00bb background_color=\u00bbrgba(86,86,86,0.09)\u00bb custom_padding=\u00bb56px||24px|||\u00bb hover_enabled=\u00bb0&#8243; global_colors_info=\u00bb{}\u00bb custom_margin=\u00bb11px||||false|false\u00bb sticky_enabled=\u00bb0&#8243;][et_pb_row _builder_version=\u00bb4.27.2&#8243; _module_preset=\u00bbdefault\u00bb width=\u00bb90%\u00bb global_colors_info=\u00bb{}\u00bb][et_pb_column type=\u00bb4_4&#8243; _builder_version=\u00bb4.24.2&#8243; _module_preset=\u00bbdefault\u00bb global_colors_info=\u00bb{}\u00bb][et_pb_blog include_categories=\u00bb16&#8243; show_more=\u00bbon\u00bb show_author=\u00bboff\u00bb show_pagination=\u00bboff\u00bb disabled_on=\u00bboff|off|off\u00bb admin_label=\u00bbBlog\u00bb _builder_version=\u00bb4.27.4&#8243; _module_preset=\u00bbdefault\u00bb header_font=\u00bbGeorgia|600|||||||\u00bb header_text_color=\u00bb#DD147B\u00bb custom_padding=\u00bb||||false|false\u00bb hover_enabled=\u00bb0&#8243; border_width_all_fullwidth=\u00bb1px\u00bb border_color_all_fullwidth=\u00bbRGBA(255,255,255,0)\u00bb border_radii_image=\u00bbon|60px|60px|60px|60px\u00bb border_color_all_image=\u00bbRGBA(255,255,255,0)\u00bb global_colors_info=\u00bb{}\u00bb fullwidth=\u00bboff\u00bb pagination_text_color=\u00bbRGBA(255,255,255,0)\u00bb background_enable_color=\u00bboff\u00bb masonry_tile_background_color=\u00bbRGBA(255,255,255,0)\u00bb meta_text_color=\u00bbRGBA(255,255,255,0)\u00bb border_width_all=\u00bb0px\u00bb sticky_enabled=\u00bb0&#8243;][\/et_pb_blog][\/et_pb_column][\/et_pb_row][\/et_pb_section][et_pb_section fb_built=\u00bb1&#8243; admin_label=\u00bbSecci\u00f3n\u00bb _builder_version=\u00bb4.27.2&#8243; _module_preset=\u00bbdefault\u00bb background_color=\u00bbRGBA(255,255,255,0)\u00bb background_enable_color=\u00bboff\u00bb background_image=\u00bbhttps:\/\/www.upla.cl\/inesgenero\/wp-content\/uploads\/2024\/06\/FOOTER.png\u00bb parallax=\u00bbon\u00bb background_blend=\u00bboverlay\u00bb custom_margin=\u00bb||-55px|||\u00bb global_module=\u00bb258&#8243; saved_tabs=\u00bball\u00bb global_colors_info=\u00bb{}\u00bb][et_pb_row column_structure=\u00bb1_3,1_3,1_3&#8243; _builder_version=\u00bb4.21.0&#8243; _module_preset=\u00bbdefault\u00bb global_colors_info=\u00bb{}\u00bb][et_pb_column type=\u00bb1_3&#8243; _builder_version=\u00bb4.21.0&#8243; _module_preset=\u00bbdefault\u00bb global_colors_info=\u00bb{}\u00bb][et_pb_text _builder_version=\u00bb4.27.0&#8243; _module_preset=\u00bbdefault\u00bb text_font=\u00bbLato||||||||\u00bb text_text_color=\u00bb#FFFFFF\u00bb text_font_size=\u00bb18px\u00bb link_text_color=\u00bb#C70068&#8243; global_colors_info=\u00bb{}\u00bb]<\/p>\n<p><span style=\"color: #ffffff;\"><strong>InES G\u00e9nero UPLA<\/strong><\/span><br \/><span style=\"color: #ffffff;\">Traslavi\u00f1a 436, Vi\u00f1a de Mar.<\/span><br \/><span style=\"color: #ffffff;\">Correo electr\u00f3nico:<strong> <a href=\"mailto:ines.genero@upla.cl\" style=\"color: #ffffff;\">ines.genero@upla.cl<\/a><\/strong><\/span><br \/><span style=\"color: #ffffff;\">S\u00edguenos en <strong><a title=\"S\u00edguenos\" href=\"https:\/\/www.instagram.com\/inesgenero_upla\/?hl=es\" target=\"_blank\" rel=\"noopener\" style=\"color: #ffffff;\">Instagram<\/a><\/strong><\/span><\/p>\n<p>[\/et_pb_text][\/et_pb_column][et_pb_column type=\u00bb1_3&#8243; _builder_version=\u00bb4.21.0&#8243; _module_preset=\u00bbdefault\u00bb global_colors_info=\u00bb{}\u00bb][et_pb_image src=\u00bbhttps:\/\/www.upla.cl\/inesgenero\/wp-content\/uploads\/2025\/03\/20250311_upla_acreditada_2022-2027-monocromo-fondo-oscuro.png\u00bb alt=\u00bbUPLA Acreditada\u00bb title_text=\u00bb20250311_upla_acreditada_2022-2027-monocromo-fondo-oscuro\u00bb align_tablet=\u00bb\u00bb align_phone=\u00bb\u00bb align_last_edited=\u00bbon|phone\u00bb _builder_version=\u00bb4.27.4&#8243; _module_preset=\u00bbdefault\u00bb width=\u00bb100%\u00bb width_tablet=\u00bb50%\u00bb width_phone=\u00bb\u00bb width_last_edited=\u00bbon|tablet\u00bb custom_padding=\u00bb|20%|||false|false\u00bb custom_padding_tablet=\u00bb|0%|||false|false\u00bb custom_padding_phone=\u00bb|0%|||false|false\u00bb custom_padding_last_edited=\u00bbon|desktop\u00bb global_colors_info=\u00bb{}\u00bb custom_padding__hover_enabled=\u00bboff|desktop\u00bb][\/et_pb_image][\/et_pb_column][et_pb_column type=\u00bb1_3&#8243; _builder_version=\u00bb4.21.0&#8243; _module_preset=\u00bbdefault\u00bb global_colors_info=\u00bb{}\u00bb][\/et_pb_column][\/et_pb_row][et_pb_row _builder_version=\u00bb4.24.2&#8243; _module_preset=\u00bbdefault\u00bb global_colors_info=\u00bb{}\u00bb][et_pb_column type=\u00bb4_4&#8243; _builder_version=\u00bb4.24.2&#8243; _module_preset=\u00bbdefault\u00bb global_colors_info=\u00bb{}\u00bb][et_pb_text _builder_version=\u00bb4.25.0&#8243; _module_preset=\u00bbdefault\u00bb link_text_color=\u00bb#C70068&#8243; global_colors_info=\u00bb{}\u00bb]<\/p>\n<p style=\"text-align: left;\"><strong><span style=\"color: #ffffff;\">Enlaces relacionados:<\/span> <span style=\"color: #ffffff;\"><a href=\"https:\/\/www.cienciaenchile.cl\/\" target=\"_blank\" rel=\"noopener\" title=\"Ciencia en Chile\" style=\"color: #fff;\">Ciencia en Chile<\/a> | <a href=\"https:\/\/anid.cl\/redes-estrategia-y-conocimiento\/innovacion-en-educacion-superior-en-genero-ines-genero\/\" target=\"_blank\" rel=\"noopener\" title=\"InES - Sitio ANID\" style=\"color: #dd147b;\">InES &#8211; Sitio ANID<\/a>\u00a0 | <a href=\"https:\/\/consejoctci.cl\/\" target=\"_blank\" rel=\"noopener\" title=\"Consejo Nacional CTCI\" style=\"color: #dd147b;\">Consejo Nacional CTCI<\/a><\/span><\/strong><\/p>\n<p>[\/et_pb_text][\/et_pb_column][\/et_pb_row][\/et_pb_section]<\/p>\n","protected":false},"excerpt":{"rendered":"<p>ConvocatoriasInES G\u00e9nero UPLATraslavi\u00f1a 436, Vi\u00f1a de Mar.Correo electr\u00f3nico: ines.genero@upla.clS\u00edguenos en InstagramEnlaces relacionados: Ciencia en Chile | InES &#8211; Sitio ANID\u00a0 | Consejo Nacional CTCI<\/p>\n","protected":false},"author":5,"featured_media":0,"parent":0,"menu_order":0,"comment_status":"closed","ping_status":"closed","template":"","meta":{"_et_pb_use_builder":"on","_et_pb_old_content":"","_et_gb_content_width":"","footnotes":""},"class_list":["post-1162","page","type-page","status-publish","hentry"],"_links":{"self":[{"href":"https:\/\/www.upla.cl\/inesgenero\/wp-json\/wp\/v2\/pages\/1162","targetHints":{"allow":["GET"]}}],"collection":[{"href":"https:\/\/www.upla.cl\/inesgenero\/wp-json\/wp\/v2\/pages"}],"about":[{"href":"https:\/\/www.upla.cl\/inesgenero\/wp-json\/wp\/v2\/types\/page"}],"author":[{"embeddable":true,"href":"https:\/\/www.upla.cl\/inesgenero\/wp-json\/wp\/v2\/users\/5"}],"replies":[{"embeddable":true,"href":"https:\/\/www.upla.cl\/inesgenero\/wp-json\/wp\/v2\/comments?post=1162"}],"version-history":[{"count":13,"href":"https:\/\/www.upla.cl\/inesgenero\/wp-json\/wp\/v2\/pages\/1162\/revisions"}],"predecessor-version":[{"id":1311,"href":"https:\/\/www.upla.cl\/inesgenero\/wp-json\/wp\/v2\/pages\/1162\/revisions\/1311"}],"wp:attachment":[{"href":"https:\/\/www.upla.cl\/inesgenero\/wp-json\/wp\/v2\/media?parent=1162"}],"curies":[{"name":"wp","href":"https:\/\/api.w.org\/{rel}","templated":true}]}}