{"id":446,"date":"2019-05-07T11:37:21","date_gmt":"2019-05-07T14:37:21","guid":{"rendered":"https:\/\/www.upla.cl\/higieneyseguridad\/?page_id=446"},"modified":"2023-05-29T17:15:26","modified_gmt":"2023-05-29T21:15:26","slug":"comite-paritario-laboratorio-ist","status":"publish","type":"page","link":"https:\/\/www.upla.cl\/higieneyseguridad\/somos\/comite-paritario-laboratorio-ist\/","title":{"rendered":"Comit\u00e9 Paritario Laboratorio IST \/ Kine"},"content":{"rendered":"\n<p>El Comit\u00e9 Paritario de Higiene y Seguridad del Laboratorio IST incorpora a los funcionarios que desempe\u00f1an sus labores en el servicio kinesiol\u00f3gico y toma de muestras en dependencias del Instituto de Seguridad del Trabajo (\u00c1lvarez 662, Vi\u00f1a del Mar)<\/p>\n\n\n\n<h3 class=\"wp-block-heading\">Documentos oficiales relacionados<\/h3>\n\n\n\n<ul class=\"wp-block-list\">\n<li><a rel=\"noreferrer noopener\" aria-label=\"Acta de constituci\u00f3n. (abre en una nueva pesta\u00f1a)\" href=\"https:\/\/www.upla.cl\/higieneyseguridad\/wp-content\/uploads\/2019\/10\/2019_0925_comitesparitarios_ist_acta_constituci\u00f3n.pdf\" target=\"_blank\">Acta de constituci\u00f3n.<\/a><\/li>\n\n\n\n<li><a href=\"https:\/\/www.upla.cl\/higieneyseguridad\/wp-content\/uploads\/2019\/10\/2019_0925_comitesparitarios_ist_acta_votacion.pdf\" target=\"_blank\" rel=\"noreferrer noopener\" aria-label=\"Acta de votaci\u00f3n. (abre en una nueva pesta\u00f1a)\">Acta de votaci\u00f3n.<\/a><\/li>\n\n\n\n<li>Carta de&nbsp;notificaci\u00f3n de la constituci\u00f3n<\/li>\n\n\n\n<li>Carta de la directora de Administraci\u00f3n de Recursos Humanos a Inspecci\u00f3n del Trabajo, notificando constituci\u00f3n<\/li>\n\n\n\n<li>N\u00f3mina de las personas que recibieron preferencias<\/li>\n\n\n\n<li>Decreto Exento N\u00ba&#8230;&nbsp;Designa representantes patronales del Comit\u00e9 Paritario de Higiene y Seguridad de la Universidad de Playa Ancha para el Campus 1 de Valpara\u00edso y Campus Valpara\u00edso.<\/li>\n<\/ul>\n\n\n\n<h3 class=\"wp-block-heading\">Informaci\u00f3n de contacto<\/h3>\n\n\n\n<p><strong>Presidente<\/strong><\/p>\n\n\n\n<p>Leandro Zamora Villarroel<\/p>\n\n\n\n<p>Tel\u00e9fono de contacto: +56 32 2262512<\/p>\n\n\n\n<p>Correo electr\u00f3nico: <a href=\"mailto:leandro.zamora@upla.cl\">leandro.zamora@upla.cl<\/a><\/p>\n\n\n\n<p><strong>Secretario<\/strong><\/p>\n\n\n\n<p>Carlos Navarro Barria<\/p>\n\n\n\n<p>Tel\u00e9fono de contacto: +56 32 2262512<\/p>\n\n\n\n<p>Correo electr\u00f3nico: <a href=\"mailto:carlos.navarro@upla.cl\">carlos.navarro@upla.cl<\/a><\/p>\n\n\n\n<p><\/p>\n\n\n\n<p><\/p>\n\n\n\n<h3 class=\"wp-block-heading\">Actas de reuni\u00f3n<\/h3>\n\n\n\n<p><a href=\"https:\/\/www.upla.cl\/higieneyseguridad\/wp-content\/uploads\/2019\/10\/2019_0925_comitesparitarios_ist_acta_reunion.pdf\" target=\"_blank\" rel=\"noreferrer noopener\" aria-label=\"Acta de reuni\u00f3n N\u00ba 1, del 3 de julio de 2019. (abre en una nueva pesta\u00f1a)\">Acta de reuni\u00f3n N\u00ba 1, del 3 de julio de 2019.<\/a><\/p>\n","protected":false},"excerpt":{"rendered":"<p>El Comit\u00e9 Paritario de Higiene y Seguridad del Laboratorio IST incorpora a los funcionarios que desempe\u00f1an sus labores en el servicio kinesiol\u00f3gico y toma de muestras en dependencias del Instituto de Seguridad del Trabajo (\u00c1lvarez 662, Vi\u00f1a del Mar) Documentos oficiales relacionados Informaci\u00f3n de contacto Presidente Leandro Zamora Villarroel Tel\u00e9fono de contacto: +56 32 2262512 Correo electr\u00f3nico: leandro.zamora@upla.cl Secretario Carlos Navarro Barria Tel\u00e9fono de contacto: +56 32 2262512 Correo electr\u00f3nico: carlos.navarro@upla.cl Actas de reuni\u00f3n Acta de reuni\u00f3n N\u00ba 1, del 3 de julio de 2019.<\/p>\n","protected":false},"author":2,"featured_media":296,"parent":11,"menu_order":8,"comment_status":"closed","ping_status":"closed","template":"","meta":{"footnotes":""},"class_list":["post-446","page","type-page","status-publish","has-post-thumbnail","hentry"],"_links":{"self":[{"href":"https:\/\/www.upla.cl\/higieneyseguridad\/wp-json\/wp\/v2\/pages\/446","targetHints":{"allow":["GET"]}}],"collection":[{"href":"https:\/\/www.upla.cl\/higieneyseguridad\/wp-json\/wp\/v2\/pages"}],"about":[{"href":"https:\/\/www.upla.cl\/higieneyseguridad\/wp-json\/wp\/v2\/types\/page"}],"author":[{"embeddable":true,"href":"https:\/\/www.upla.cl\/higieneyseguridad\/wp-json\/wp\/v2\/users\/2"}],"replies":[{"embeddable":true,"href":"https:\/\/www.upla.cl\/higieneyseguridad\/wp-json\/wp\/v2\/comments?post=446"}],"version-history":[{"count":4,"href":"https:\/\/www.upla.cl\/higieneyseguridad\/wp-json\/wp\/v2\/pages\/446\/revisions"}],"predecessor-version":[{"id":506,"href":"https:\/\/www.upla.cl\/higieneyseguridad\/wp-json\/wp\/v2\/pages\/446\/revisions\/506"}],"up":[{"embeddable":true,"href":"https:\/\/www.upla.cl\/higieneyseguridad\/wp-json\/wp\/v2\/pages\/11"}],"wp:featuredmedia":[{"embeddable":true,"href":"https:\/\/www.upla.cl\/higieneyseguridad\/wp-json\/wp\/v2\/media\/296"}],"wp:attachment":[{"href":"https:\/\/www.upla.cl\/higieneyseguridad\/wp-json\/wp\/v2\/media?parent=446"}],"curies":[{"name":"wp","href":"https:\/\/api.w.org\/{rel}","templated":true}]}}