{"id":23,"date":"2013-09-03T11:49:10","date_gmt":"2013-09-03T15:49:10","guid":{"rendered":"http:\/\/www.upla.cl\/higieneyseguridad\/?page_id=23"},"modified":"2015-12-09T16:44:55","modified_gmt":"2015-12-09T19:44:55","slug":"leyes-y-decretos-oficiales","status":"publish","type":"page","link":"https:\/\/www.upla.cl\/higieneyseguridad\/leyes-y-decretos-oficiales\/","title":{"rendered":"Leyes y decretos oficiales"},"content":{"rendered":"<h3><img loading=\"lazy\" decoding=\"async\" class=\"alignright wp-image-78 size-medium\" src=\"https:\/\/www.upla.cl\/higieneyseguridad\/wp-content\/uploads\/2013\/09\/documentos-300x199.jpg\" alt=\"Documentos\" width=\"300\" height=\"199\" srcset=\"https:\/\/www.upla.cl\/higieneyseguridad\/wp-content\/uploads\/2013\/09\/documentos-300x199.jpg 300w, https:\/\/www.upla.cl\/higieneyseguridad\/wp-content\/uploads\/2013\/09\/documentos.jpg 380w\" sizes=\"auto, (max-width: 300px) 100vw, 300px\" \/><\/h3>\n<h3>Documentos oficiales<\/h3>\n<ul>\n<li><a href=\"https:\/\/www.upla.cl\/higieneyseguridad\/wp-content\/uploads\/2013\/09\/2015_1209_higieneyseguridad_circularropa.jpg.pdf\" target=\"_blank\" rel=\"\">Circular N\u00ba 01\/2015<\/a><br \/>\nUso de ropa de trabajo y elementos de protecci\u00f3n personal para funcionarios seg\u00fan necesidad de servicio.<\/li>\n<li><a href=\"https:\/\/www.upla.cl\/higieneyseguridad\/wp-content\/uploads\/2013\/09\/2013_0903_dto_exto_0614-2013_reglto_hys.pdf\">Decreto Exento N\u00ba 0614-2013:<\/a><br \/>\nModifica Reglamento Interno de Higiene y Seguridad de la Universidad de Playa Ancha<\/li>\n<li><a href=\"https:\/\/www.upla.cl\/higieneyseguridad\/wp-content\/uploads\/2013\/09\/2013_0903_dto_0594-2000.pdf\">Decreto N\u00ba 0594\/2000:<\/a><br \/>\nAprueba Reglamento sobre condiciones sanitarias y ambientales b\u00e1sicas en los lugares de trabajo<\/li>\n<li><a href=\"https:\/\/www.upla.cl\/higieneyseguridad\/wp-content\/uploads\/2013\/09\/2013_0903_ley_16744.pdf\">Ley N\u00ba 16744\/2000:<\/a><br \/>\nEstablece normas sobre accidentes en el trabajo y enfermedades profesionales<\/li>\n<li><a href=\"https:\/\/www.upla.cl\/higieneyseguridad\/wp-content\/uploads\/2013\/09\/2013_0903_dto_0054-1969.pdf\">Decreto N\u00ba 0054-1969:<\/a><br \/>\nAprueba el Reglamento para la constituci\u00f3n y funcionamiento de los comit\u00e9s paritarios de higiene y seguridad<\/li>\n<li><a href=\"https:\/\/www.upla.cl\/higieneyseguridad\/wp-content\/uploads\/2013\/09\/2013_0903_dto_0040-1969.pdf\">Decreto 0040-1969:<\/a><br \/>\nAprueba reglamento para prevenci\u00f3n de riesgos profesionales<\/li>\n<li><a href=\"https:\/\/www.upla.cl\/higieneyseguridad\/wp-content\/uploads\/2013\/09\/2013_0903_dfl_0725-1968.pdf\">Decreto con Fuerza de Ley N\u00ba 0725-1968<\/a><br \/>\nC\u00f3digo sanitario<\/li>\n<li><a href=\"https:\/\/www.upla.cl\/higieneyseguridad\/wp-content\/uploads\/2013\/09\/2015_1028_higieneyseguridad_leyesydecretos_dto_0109-1968.pdf\">Decreto N\u00ba 0109\/1968<\/a><br \/>\nAprueba el Reglamento para la calificaci\u00f3n y evaluaci\u00f3n de los accidentes del trabajo y enfermedades profesionales, de acuerdo con lo dispuesto en la Ley 16.744, del 1 de febrero de 1968, que estableci\u00f3 el seguro social contra los riesgos por estos accidentes y enfermedades.<\/li>\n<li><a href=\"https:\/\/www.upla.cl\/higieneyseguridad\/wp-content\/uploads\/2013\/09\/2015_1028_higieneyseguridad_leyesydecretos_dto_0101-1968.pdf\">Decreto N\u00ba 0101-1968<\/a><br \/>\nAprueba reglamento para la aplicaci\u00f3n de la Ley N\u00ba 16.744, que establece normas sobre accidentes del trabajo y enfermedades profesionales.<\/li>\n<\/ul>\n","protected":false},"excerpt":{"rendered":"<p>Documentos oficiales Circular N\u00ba 01\/2015 Uso de ropa de trabajo y elementos de protecci\u00f3n personal para funcionarios seg\u00fan necesidad de servicio. Decreto Exento N\u00ba 0614-2013: Modifica Reglamento Interno de Higiene y Seguridad de la Universidad de Playa Ancha Decreto N\u00ba 0594\/2000: Aprueba Reglamento sobre condiciones sanitarias y ambientales b\u00e1sicas en los lugares de trabajo Ley N\u00ba 16744\/2000: Establece normas sobre accidentes en el trabajo y enfermedades profesionales Decreto N\u00ba 0054-1969: Aprueba el Reglamento para la constituci\u00f3n y funcionamiento de los comit\u00e9s paritarios de higiene y seguridad Decreto 0040-1969: Aprueba reglamento para prevenci\u00f3n de riesgos profesionales Decreto con Fuerza de Ley<\/p>\n<p><a class=\"excerpt-more blog-excerpt\" href=\"https:\/\/www.upla.cl\/higieneyseguridad\/leyes-y-decretos-oficiales\/\">M\u00e1s informaci\u00f3n<\/a><\/p>\n","protected":false},"author":2,"featured_media":76,"parent":0,"menu_order":3,"comment_status":"closed","ping_status":"closed","template":"","meta":{"footnotes":""},"class_list":["post-23","page","type-page","status-publish","has-post-thumbnail","hentry"],"_links":{"self":[{"href":"https:\/\/www.upla.cl\/higieneyseguridad\/wp-json\/wp\/v2\/pages\/23","targetHints":{"allow":["GET"]}}],"collection":[{"href":"https:\/\/www.upla.cl\/higieneyseguridad\/wp-json\/wp\/v2\/pages"}],"about":[{"href":"https:\/\/www.upla.cl\/higieneyseguridad\/wp-json\/wp\/v2\/types\/page"}],"author":[{"embeddable":true,"href":"https:\/\/www.upla.cl\/higieneyseguridad\/wp-json\/wp\/v2\/users\/2"}],"replies":[{"embeddable":true,"href":"https:\/\/www.upla.cl\/higieneyseguridad\/wp-json\/wp\/v2\/comments?post=23"}],"version-history":[{"count":17,"href":"https:\/\/www.upla.cl\/higieneyseguridad\/wp-json\/wp\/v2\/pages\/23\/revisions"}],"predecessor-version":[{"id":281,"href":"https:\/\/www.upla.cl\/higieneyseguridad\/wp-json\/wp\/v2\/pages\/23\/revisions\/281"}],"wp:featuredmedia":[{"embeddable":true,"href":"https:\/\/www.upla.cl\/higieneyseguridad\/wp-json\/wp\/v2\/media\/76"}],"wp:attachment":[{"href":"https:\/\/www.upla.cl\/higieneyseguridad\/wp-json\/wp\/v2\/media?parent=23"}],"curies":[{"name":"wp","href":"https:\/\/api.w.org\/{rel}","templated":true}]}}