{"id":138,"date":"2015-10-28T14:01:05","date_gmt":"2015-10-28T17:01:05","guid":{"rendered":"http:\/\/www.upla.cl\/higieneyseguridad\/?page_id=138"},"modified":"2023-05-29T17:19:54","modified_gmt":"2023-05-29T21:19:54","slug":"comite-paritario-campus-san-felipe","status":"publish","type":"page","link":"https:\/\/www.upla.cl\/higieneyseguridad\/somos\/comite-paritario-campus-san-felipe\/","title":{"rendered":"Comit\u00e9 Paritario Campus San Felipe"},"content":{"rendered":"<p>El Comit\u00e9 Paritario de Higiene y Seguridad del Campus&nbsp;San Felipe incorpora a los funcionarios que desempe\u00f1an sus labores en dicho espacio.<\/p>\n<h3>Documentos oficiales relacionados<\/h3>\n<ul>\n<li>Acta de constituci\u00f3n<\/li>\n<li>Carta de&nbsp;notificaci\u00f3n de la constituci\u00f3n<\/li>\n<li>Carta de la directora de Administraci\u00f3n de Recursos Humanos a Inspecci\u00f3n del Trabajo, notificando constituci\u00f3n<\/li>\n<li>N\u00f3mina de las personas que recibieron preferencias<\/li>\n<li>Decreto Exento N\u00ba&#8230;&nbsp;Designa representantes patronales del Comit\u00e9 Paritario de Higiene y Seguridad de la Universidad de Playa Ancha para el Campus 1 de Valpara\u00edso y Campus Valpara\u00edso.<\/li>\n<\/ul>\n<h3>Informaci\u00f3n de contacto<\/h3>\n<p><strong>Presidente<\/strong><br \/>\nAndr\u00e9s Jil G\u00e1lvez<br \/>\nTel\u00e9fono de contacto: +56 9 7439 0614<br \/>\nCorreo electr\u00f3nico: <a href=\"mailto:andres.jil@upla.cl\">andres.jil@upla.cl<\/a><\/p>\n<p><strong>Secretaria<\/strong><br \/>\nGiselle Leiva Naranjo<br \/>\nTel\u00e9fono de contacto: +56 34 2515623<br \/>\nAnexo interno: 5623<br \/>\nCorreo electr\u00f3nico: <a href=\"mailto:giselle.leiva@upla.cl\">giselle.leiva@upla.cl<\/a><\/p>\n<p>Correo de contacto del Comit\u00e9:&nbsp;<a href=\"mailto:cphssanfelipe@upla.cl\" target=\"_blank\" rel=\"noopener noreferrer\">cphssanfelipe@upla.cl<\/a><\/p>\n","protected":false},"excerpt":{"rendered":"<p>El Comit\u00e9 Paritario de Higiene y Seguridad del Campus&nbsp;San Felipe incorpora a los funcionarios que desempe\u00f1an sus labores en dicho espacio. Documentos oficiales relacionados Acta de constituci\u00f3n Carta de&nbsp;notificaci\u00f3n de la constituci\u00f3n Carta de la directora de Administraci\u00f3n de Recursos Humanos a Inspecci\u00f3n del Trabajo, notificando constituci\u00f3n N\u00f3mina de las personas que recibieron preferencias Decreto Exento N\u00ba&#8230;&nbsp;Designa representantes patronales del Comit\u00e9 Paritario de Higiene y Seguridad de la Universidad de Playa Ancha para el Campus 1 de Valpara\u00edso y Campus Valpara\u00edso. Informaci\u00f3n de contacto Presidente Andr\u00e9s Jil G\u00e1lvez Tel\u00e9fono de contacto: +56 9 7439 0614 Correo electr\u00f3nico: andres.jil@upla.cl Secretaria Giselle<\/p>\n<p><a class=\"excerpt-more blog-excerpt\" href=\"https:\/\/www.upla.cl\/higieneyseguridad\/somos\/comite-paritario-campus-san-felipe\/\">M\u00e1s informaci\u00f3n<\/a><\/p>\n","protected":false},"author":2,"featured_media":177,"parent":11,"menu_order":6,"comment_status":"closed","ping_status":"closed","template":"","meta":{"footnotes":""},"class_list":["post-138","page","type-page","status-publish","has-post-thumbnail","hentry"],"_links":{"self":[{"href":"https:\/\/www.upla.cl\/higieneyseguridad\/wp-json\/wp\/v2\/pages\/138","targetHints":{"allow":["GET"]}}],"collection":[{"href":"https:\/\/www.upla.cl\/higieneyseguridad\/wp-json\/wp\/v2\/pages"}],"about":[{"href":"https:\/\/www.upla.cl\/higieneyseguridad\/wp-json\/wp\/v2\/types\/page"}],"author":[{"embeddable":true,"href":"https:\/\/www.upla.cl\/higieneyseguridad\/wp-json\/wp\/v2\/users\/2"}],"replies":[{"embeddable":true,"href":"https:\/\/www.upla.cl\/higieneyseguridad\/wp-json\/wp\/v2\/comments?post=138"}],"version-history":[{"count":13,"href":"https:\/\/www.upla.cl\/higieneyseguridad\/wp-json\/wp\/v2\/pages\/138\/revisions"}],"predecessor-version":[{"id":511,"href":"https:\/\/www.upla.cl\/higieneyseguridad\/wp-json\/wp\/v2\/pages\/138\/revisions\/511"}],"up":[{"embeddable":true,"href":"https:\/\/www.upla.cl\/higieneyseguridad\/wp-json\/wp\/v2\/pages\/11"}],"wp:featuredmedia":[{"embeddable":true,"href":"https:\/\/www.upla.cl\/higieneyseguridad\/wp-json\/wp\/v2\/media\/177"}],"wp:attachment":[{"href":"https:\/\/www.upla.cl\/higieneyseguridad\/wp-json\/wp\/v2\/media?parent=138"}],"curies":[{"name":"wp","href":"https:\/\/api.w.org\/{rel}","templated":true}]}}