{"id":134,"date":"2015-10-28T14:00:22","date_gmt":"2015-10-28T17:00:22","guid":{"rendered":"http:\/\/www.upla.cl\/higieneyseguridad\/?page_id=134"},"modified":"2019-10-02T12:12:33","modified_gmt":"2019-10-02T15:12:33","slug":"comite-paritario-campus-gran-bretana","status":"publish","type":"page","link":"https:\/\/www.upla.cl\/higieneyseguridad\/somos\/comite-paritario-campus-gran-bretana\/","title":{"rendered":"Comit\u00e9 Paritario Campus Gran Breta\u00f1a"},"content":{"rendered":"<p>El Comit\u00e9 Paritario de Higiene y Seguridad de la Sede Gran Breta\u00f1a de la Universidad de Playa Ancha incorpora a los funcionarios que desempe\u00f1an\u00a0en\u00a0dicho lugar.<\/p>\n<h3>Documentos oficiales relacionados<\/h3>\n<ul>\n<li>Acta de constituci\u00f3n<\/li>\n<li>Carta de\u00a0notificaci\u00f3n de la constituci\u00f3n<\/li>\n<li>Carta de la directora de Administraci\u00f3n de Recursos Humanos a Inspecci\u00f3n del Trabajo, notificando constituci\u00f3n<\/li>\n<li>N\u00f3mina de las personas que recibieron preferencias<\/li>\n<li>Decreto Exento N\u00ba&#8230;\u00a0Designa representantes patronales del Comit\u00e9 Paritario de Higiene y Seguridad de la Universidad de Playa Ancha para el Campus 1 de Valpara\u00edso y Campus Valpara\u00edso.<\/li>\n<\/ul>\n<h3>Informaci\u00f3n de contacto<\/h3>\n<p><strong>Presidente<\/strong><br \/>\nEduardo Colivoro Villal\u00f3n<br \/>\nTel\u00e9fono de contacto: +56 32 2205562<br \/>\nAnexo interno: 5562<br \/>\nCorreo electr\u00f3nico: colivoro@upla.cl<\/p>\n<p><strong>Secretaria<\/strong><br \/>\nPatricia Villal\u00f3n Venegas<br \/>\nTel\u00e9fono de contacto: +56 32 2205772<br \/>\nAnexo interno: 5772<br \/>\nCorreo electr\u00f3nico: <a href=\"mailto:patricia.villal\u00f3n@upla.cl\">patricia.villal\u00f3n@upla.cl<\/a><\/p>\n<p>Alicia Colarte Olivarez<br \/>\nTel\u00e9fono de contacto: +56 32 2205819<br \/>\nAnexo interno: 5819<br \/>\nCorreo electr\u00f3nico: <a href=\"mailto:acolarte@upla.cl\">acolarte@upla.cl<\/a><\/p>\n<p>Iv\u00e1n Villavicencio Figueroa<br \/>\nCorreo electr\u00f3nico: ivan.villavicencio@upla.cl<\/p>\n<p>Correo electr\u00f3nico del Comit\u00e9: <a href=\"mailto:comiteparitario4@upla.cl\">comiteparitario4@upla.cl<\/a><\/p>\n","protected":false},"excerpt":{"rendered":"<p>El Comit\u00e9 Paritario de Higiene y Seguridad de la Sede Gran Breta\u00f1a de la Universidad de Playa Ancha incorpora a los funcionarios que desempe\u00f1an\u00a0en\u00a0dicho lugar. Documentos oficiales relacionados Acta de constituci\u00f3n Carta de\u00a0notificaci\u00f3n de la constituci\u00f3n Carta de la directora de Administraci\u00f3n de Recursos Humanos a Inspecci\u00f3n del Trabajo, notificando constituci\u00f3n N\u00f3mina de las personas que recibieron preferencias Decreto Exento N\u00ba&#8230;\u00a0Designa representantes patronales del Comit\u00e9 Paritario de Higiene y Seguridad de la Universidad de Playa Ancha para el Campus 1 de Valpara\u00edso y Campus Valpara\u00edso. Informaci\u00f3n de contacto Presidente Eduardo Colivoro Villal\u00f3n Tel\u00e9fono de contacto: +56 32 2205562 Anexo interno:<\/p>\n<p><a class=\"excerpt-more blog-excerpt\" href=\"https:\/\/www.upla.cl\/higieneyseguridad\/somos\/comite-paritario-campus-gran-bretana\/\">M\u00e1s informaci\u00f3n<\/a><\/p>\n","protected":false},"author":2,"featured_media":175,"parent":11,"menu_order":4,"comment_status":"closed","ping_status":"closed","template":"","meta":{"footnotes":""},"class_list":["post-134","page","type-page","status-publish","has-post-thumbnail","hentry"],"_links":{"self":[{"href":"https:\/\/www.upla.cl\/higieneyseguridad\/wp-json\/wp\/v2\/pages\/134","targetHints":{"allow":["GET"]}}],"collection":[{"href":"https:\/\/www.upla.cl\/higieneyseguridad\/wp-json\/wp\/v2\/pages"}],"about":[{"href":"https:\/\/www.upla.cl\/higieneyseguridad\/wp-json\/wp\/v2\/types\/page"}],"author":[{"embeddable":true,"href":"https:\/\/www.upla.cl\/higieneyseguridad\/wp-json\/wp\/v2\/users\/2"}],"replies":[{"embeddable":true,"href":"https:\/\/www.upla.cl\/higieneyseguridad\/wp-json\/wp\/v2\/comments?post=134"}],"version-history":[{"count":9,"href":"https:\/\/www.upla.cl\/higieneyseguridad\/wp-json\/wp\/v2\/pages\/134\/revisions"}],"predecessor-version":[{"id":471,"href":"https:\/\/www.upla.cl\/higieneyseguridad\/wp-json\/wp\/v2\/pages\/134\/revisions\/471"}],"up":[{"embeddable":true,"href":"https:\/\/www.upla.cl\/higieneyseguridad\/wp-json\/wp\/v2\/pages\/11"}],"wp:featuredmedia":[{"embeddable":true,"href":"https:\/\/www.upla.cl\/higieneyseguridad\/wp-json\/wp\/v2\/media\/175"}],"wp:attachment":[{"href":"https:\/\/www.upla.cl\/higieneyseguridad\/wp-json\/wp\/v2\/media?parent=134"}],"curies":[{"name":"wp","href":"https:\/\/api.w.org\/{rel}","templated":true}]}}