{"id":130,"date":"2015-10-28T13:59:42","date_gmt":"2015-10-28T16:59:42","guid":{"rendered":"http:\/\/www.upla.cl\/higieneyseguridad\/?page_id=130"},"modified":"2023-05-29T16:55:18","modified_gmt":"2023-05-29T20:55:18","slug":"comite-paritario-campus-2","status":"publish","type":"page","link":"https:\/\/www.upla.cl\/higieneyseguridad\/somos\/comite-paritario-campus-2\/","title":{"rendered":"Comit\u00e9 Paritario Campus 2"},"content":{"rendered":"<p>El Comit\u00e9 Paritario de Higiene y Seguridad del Campus 2\u00a0de la Universidad de Playa Ancha incorpora a los funcionarios que desempe\u00f1an sus labores en\u00a0la Facultad de Arte, Edificio Institucional, Biblioteca y Casino Central, Servicio de Bienestar del Personal e Instituto Tecnol\u00f3gico.<\/p>\n<h3>Documentos oficiales relacionados<\/h3>\n<ul>\n<li>Acta de constituci\u00f3n<\/li>\n<li>Carta de\u00a0notificaci\u00f3n de la constituci\u00f3n<\/li>\n<li>Carta de la directora de Administraci\u00f3n de Recursos Humanos a Inspecci\u00f3n del Trabajo, notificando constituci\u00f3n<\/li>\n<li>N\u00f3mina de las personas que recibieron preferencias<\/li>\n<li>Decreto Exento N\u00ba&#8230;\u00a0Designa representantes patronales del Comit\u00e9 Paritario de Higiene y Seguridad de la Universidad de Playa Ancha para el Campus 1 de Valpara\u00edso y Campus Valpara\u00edso.<\/li>\n<\/ul>\n<h3>Informaci\u00f3n de contacto<\/h3>\n<p><strong>Presidenta<\/strong><br \/>\nEvelyn Lazcano Hansen<br \/>\nTel\u00e9fono de contacto: +56 32 2205931<br \/>\nAnexo interno: 5931<br \/>\nCorreo electr\u00f3nico: <a href=\"mailto:elazcano@upla.cl\">elazcano@upla.cl<\/a><\/p>\n<p><strong>Secretaria<\/strong><br \/>\nKaren Calfucura Galdames:<br \/>\nTel\u00e9fono de contacto: +56 32 2205208<br \/>\nAnexo interno: 5208<br \/>\nCorreo electr\u00f3nico: <a href=\"mailto:karen.calfucura@upla.cl\">karen.calfucura@upla.cl<\/a><\/p>\n<p>Correo electr\u00f3nico del Comit\u00e9: <a href=\"mailto:comiteparitario2@upla.cl\">comiteparitario2@upla.cl<\/a><\/p>\n","protected":false},"excerpt":{"rendered":"<p>El Comit\u00e9 Paritario de Higiene y Seguridad del Campus 2\u00a0de la Universidad de Playa Ancha incorpora a los funcionarios que desempe\u00f1an sus labores en\u00a0la Facultad de Arte, Edificio Institucional, Biblioteca y Casino Central, Servicio de Bienestar del Personal e Instituto Tecnol\u00f3gico. Documentos oficiales relacionados Acta de constituci\u00f3n Carta de\u00a0notificaci\u00f3n de la constituci\u00f3n Carta de la directora de Administraci\u00f3n de Recursos Humanos a Inspecci\u00f3n del Trabajo, notificando constituci\u00f3n N\u00f3mina de las personas que recibieron preferencias Decreto Exento N\u00ba&#8230;\u00a0Designa representantes patronales del Comit\u00e9 Paritario de Higiene y Seguridad de la Universidad de Playa Ancha para el Campus 1 de Valpara\u00edso y Campus<\/p>\n<p><a class=\"excerpt-more blog-excerpt\" href=\"https:\/\/www.upla.cl\/higieneyseguridad\/somos\/comite-paritario-campus-2\/\">M\u00e1s informaci\u00f3n<\/a><\/p>\n","protected":false},"author":2,"featured_media":173,"parent":11,"menu_order":2,"comment_status":"closed","ping_status":"closed","template":"","meta":{"footnotes":""},"class_list":["post-130","page","type-page","status-publish","has-post-thumbnail","hentry"],"_links":{"self":[{"href":"https:\/\/www.upla.cl\/higieneyseguridad\/wp-json\/wp\/v2\/pages\/130","targetHints":{"allow":["GET"]}}],"collection":[{"href":"https:\/\/www.upla.cl\/higieneyseguridad\/wp-json\/wp\/v2\/pages"}],"about":[{"href":"https:\/\/www.upla.cl\/higieneyseguridad\/wp-json\/wp\/v2\/types\/page"}],"author":[{"embeddable":true,"href":"https:\/\/www.upla.cl\/higieneyseguridad\/wp-json\/wp\/v2\/users\/2"}],"replies":[{"embeddable":true,"href":"https:\/\/www.upla.cl\/higieneyseguridad\/wp-json\/wp\/v2\/comments?post=130"}],"version-history":[{"count":10,"href":"https:\/\/www.upla.cl\/higieneyseguridad\/wp-json\/wp\/v2\/pages\/130\/revisions"}],"predecessor-version":[{"id":496,"href":"https:\/\/www.upla.cl\/higieneyseguridad\/wp-json\/wp\/v2\/pages\/130\/revisions\/496"}],"up":[{"embeddable":true,"href":"https:\/\/www.upla.cl\/higieneyseguridad\/wp-json\/wp\/v2\/pages\/11"}],"wp:featuredmedia":[{"embeddable":true,"href":"https:\/\/www.upla.cl\/higieneyseguridad\/wp-json\/wp\/v2\/media\/173"}],"wp:attachment":[{"href":"https:\/\/www.upla.cl\/higieneyseguridad\/wp-json\/wp\/v2\/media?parent=130"}],"curies":[{"name":"wp","href":"https:\/\/api.w.org\/{rel}","templated":true}]}}