{"id":108731,"date":"2021-05-13T18:54:01","date_gmt":"2021-05-13T22:54:01","guid":{"rendered":"https:\/\/www.upla.cl\/facultad\/ingenieria\/?page_id=108731"},"modified":"2025-05-13T18:52:59","modified_gmt":"2025-05-13T22:52:59","slug":"diplomado-de-suelos-linea-de-base-y-gestion-de-comunidades","status":"publish","type":"page","link":"https:\/\/www.upla.cl\/facultad\/ingenieria\/diplomado-de-suelos-linea-de-base-y-gestion-de-comunidades\/","title":{"rendered":"Diplomado de Suelos: L\u00ednea de Base y Gesti\u00f3n de Comunidades"},"content":{"rendered":"<p>[et_pb_section fb_built=\u00bb1&#8243; fullwidth=\u00bbon\u00bb _builder_version=\u00bb4.27.4&#8243; background_color=\u00bbRGBA(255,255,255,0)\u00bb background_enable_image=\u00bboff\u00bb custom_padding=\u00bb0px|0px|0px|0px\u00bb global_colors_info=\u00bb{}\u00bb][et_pb_fullwidth_post_title meta=\u00bboff\u00bb featured_placement=\u00bbbackground\u00bb text_color=\u00bblight\u00bb _builder_version=\u00bb4.27.4&#8243; title_font=\u00bb|700|||||||\u00bb title_text_align=\u00bbright\u00bb title_font_size=\u00bb50px\u00bb background_enable_color=\u00bboff\u00bb background_image=\u00bbhttps:\/\/www.upla.cl\/facultad\/ingenieria\/wp-content\/uploads\/2025\/05\/20250513_diplomado-suelos_fondo-banner.jpg\u00bb background_blend=\u00bboverlay\u00bb text_orientation=\u00bbright\u00bb custom_padding=\u00bb200px||200px||true|false\u00bb global_colors_info=\u00bb{}\u00bb][\/et_pb_fullwidth_post_title][\/et_pb_section][et_pb_section fb_built=\u00bb1&#8243; _builder_version=\u00bb4.27.4&#8243; custom_padding=\u00bb60px||60px||true|false\u00bb top_divider_color=\u00bb#004f84&#8243; top_divider_height=\u00bb35px\u00bb top_divider_repeat=\u00bb1x\u00bb hover_enabled=\u00bb0&#8243; global_colors_info=\u00bb{}\u00bb sticky_enabled=\u00bb0&#8243;][et_pb_row column_structure=\u00bb3_4,1_4&#8243; use_custom_gutter=\u00bbon\u00bb gutter_width=\u00bb2&#8243; _builder_version=\u00bb4.16&#8243; global_colors_info=\u00bb{}\u00bb][et_pb_column type=\u00bb3_4&#8243; _builder_version=\u00bb4.16&#8243; custom_padding=\u00bb|||\u00bb global_colors_info=\u00bb{}\u00bb custom_padding__hover=\u00bb|||\u00bb][et_pb_text _builder_version=\u00bb4.21.0&#8243; _module_preset=\u00bbdefault\u00bb text_font_size=\u00bb16px\u00bb text_line_height=\u00bb1.5em\u00bb global_colors_info=\u00bb{}\u00bb]<\/p>\n<p>El Diplomado de Suelos: L\u00ednea de Base y Gesti\u00f3n de Comunidades est\u00e1 orientado a desarrollar capacidades en composici\u00f3n qu\u00edmica y f\u00edsica de suelo, y para realizar una l\u00ednea de base de suelos. Hace entrega del Sistema de Informaci\u00f3n Geogr\u00e1fica (SIG) y da importancia a las comunidades que habitan territorios con suelos afectados, otorgando herramientas iniciales para fortalecerlas en torno a las estrategias de soluci\u00f3n.<\/p>\n<p>Est\u00e1 dirigido a <span>egresados y egresadas de distintas carreras de ingenier\u00eda y a profesionales del sector p\u00fablico o privado que est\u00e9n interesados o interesadas en la matriz ambiental suelo, que hayan estudiado en una Universidad reconocida por el Estado o que hayan convalidado su t\u00edtulo profesional en Chile (en el caso de ser extranjeros o extranjeras).<\/span><\/p>\n<p>[\/et_pb_text][et_pb_button button_url=\u00bbhttps:\/\/www.upla.cl\/diplomados\/project\/suelos\/\u00bb url_new_window=\u00bbon\u00bb button_text=\u00bbInf\u00f3rmate e inscr\u00edbete aqu\u00ed\u00bb admin_label=\u00bbBot\u00f3n m\u00e1s informaci\u00f3n\u00bb _builder_version=\u00bb4.21.0&#8243; _module_preset=\u00bbdefault\u00bb custom_button=\u00bbon\u00bb button_text_color=\u00bb#0C71C3&#8243; global_colors_info=\u00bb{}\u00bb][\/et_pb_button][\/et_pb_column][et_pb_column type=\u00bb1_4&#8243; _builder_version=\u00bb4.16&#8243; custom_padding=\u00bb|||\u00bb global_colors_info=\u00bb{}\u00bb custom_padding__hover=\u00bb|||\u00bb][et_pb_image src=\u00bbhttps:\/\/www.upla.cl\/facultad\/ingenieria\/wp-content\/uploads\/2025\/05\/20250513_diplomado-suelos.jpg\u00bb alt=\u00bbUniversidad de Playa Ancha &#8211; Diplomado en Energ\u00eda 2050&#8243; title_text=\u00bb20250513_diplomado-suelos\u00bb show_in_lightbox=\u00bbon\u00bb admin_label=\u00bbDiplomado de Suelos: L\u00ednea de Base y Gesti\u00f3n de Comunidades de la Universidad de Playa Ancha\u00bb _builder_version=\u00bb4.27.4&#8243; _module_preset=\u00bbdefault\u00bb global_colors_info=\u00bb{}\u00bb transform_styles__hover_enabled=\u00bbon|hover\u00bb transform_scale__hover_enabled=\u00bbon|hover\u00bb transform_translate__hover_enabled=\u00bbon|desktop\u00bb transform_rotate__hover_enabled=\u00bbon|desktop\u00bb transform_skew__hover_enabled=\u00bbon|desktop\u00bb transform_origin__hover_enabled=\u00bbon|desktop\u00bb transform_scale__hover=\u00bb110%|110%\u00bb][\/et_pb_image][\/et_pb_column][\/et_pb_row][\/et_pb_section][et_pb_section fb_built=\u00bb1&#8243; module_id=\u00bbaccesos\u00bb _builder_version=\u00bb4.16&#8243; custom_padding=\u00bb0px|0px|0px|0px\u00bb global_colors_info=\u00bb{}\u00bb][et_pb_row admin_label=\u00bbrow\u00bb module_class=\u00bb et_pb_row_fullwidth\u00bb _builder_version=\u00bb4.16&#8243; width=\u00bb100%\u00bb width_tablet=\u00bb100%\u00bb width_phone=\u00bb\u00bb width_last_edited=\u00bbon|desktop\u00bb max_width=\u00bb100%\u00bb max_width_tablet=\u00bb100%\u00bb max_width_phone=\u00bb\u00bb max_width_last_edited=\u00bbon|desktop\u00bb custom_padding=\u00bb0px|0px|24.2667px|0px\u00bb make_fullwidth=\u00bbon\u00bb global_colors_info=\u00bb{}\u00bb][et_pb_column type=\u00bb4_4&#8243; _builder_version=\u00bb4.16&#8243; background_color=\u00bb#009bdb\u00bb custom_padding=\u00bb|||\u00bb global_colors_info=\u00bb{}\u00bb custom_padding__hover=\u00bb|||\u00bb][et_pb_cta title=\u00bbACCESOS\u00bb admin_label=\u00bbACCESOS\u00bb _builder_version=\u00bb4.16&#8243; header_font_size=\u00bb20&#8243; use_background_color=\u00bboff\u00bb background_size=\u00bbinitial\u00bb background_position=\u00bbtop_left\u00bb background_repeat=\u00bbrepeat\u00bb text_orientation=\u00bbleft\u00bb custom_margin=\u00bb|||50px\u00bb custom_padding=\u00bb15px||0px|\u00bb saved_tabs=\u00bball\u00bb global_colors_info=\u00bb{}\u00bb button_text_size__hover_enabled=\u00bboff\u00bb button_one_text_size__hover_enabled=\u00bboff\u00bb button_two_text_size__hover_enabled=\u00bboff\u00bb button_text_color__hover_enabled=\u00bboff\u00bb button_one_text_color__hover_enabled=\u00bboff\u00bb button_two_text_color__hover_enabled=\u00bboff\u00bb button_border_width__hover_enabled=\u00bboff\u00bb button_one_border_width__hover_enabled=\u00bboff\u00bb button_two_border_width__hover_enabled=\u00bboff\u00bb button_border_color__hover_enabled=\u00bboff\u00bb button_one_border_color__hover_enabled=\u00bboff\u00bb button_two_border_color__hover_enabled=\u00bboff\u00bb button_border_radius__hover_enabled=\u00bboff\u00bb button_one_border_radius__hover_enabled=\u00bboff\u00bb button_two_border_radius__hover_enabled=\u00bboff\u00bb button_letter_spacing__hover_enabled=\u00bboff\u00bb button_one_letter_spacing__hover_enabled=\u00bboff\u00bb button_two_letter_spacing__hover_enabled=\u00bboff\u00bb button_bg_color__hover_enabled=\u00bboff\u00bb button_one_bg_color__hover_enabled=\u00bboff\u00bb button_two_bg_color__hover_enabled=\u00bboff\u00bb][\/et_pb_cta][\/et_pb_column][\/et_pb_row][et_pb_row column_structure=\u00bb1_3,1_3,1_3&#8243; _builder_version=\u00bb4.16&#8243; background_size=\u00bbinitial\u00bb background_position=\u00bbtop_left\u00bb background_repeat=\u00bbrepeat\u00bb custom_padding=\u00bb0px|0px|0px|0px\u00bb global_colors_info=\u00bb{}\u00bb][et_pb_column type=\u00bb1_3&#8243; _builder_version=\u00bb4.16&#8243; custom_padding=\u00bb|||\u00bb global_colors_info=\u00bb{}\u00bb custom_padding__hover=\u00bb|||\u00bb][et_pb_text admin_label=\u00bbAccesos 1&#8243; _builder_version=\u00bb4.16&#8243; text_font=\u00bbLato||||\u00bb text_text_color=\u00bb#000000&#8243; global_colors_info=\u00bb{}\u00bb]<\/p>\n<ul style=\"list-style-type: disc;\">\n<li><span style=\"color: #000000;\"><a style=\"color: #000000;\" href=\"https:\/\/acceso.upla.cl\/sinte\/Login.aspx?ReturnUrl=%2fsinte%2f\" target=\"_blank\" rel=\"noopener noreferrer\">Sistema Integrado Institucional<\/a><\/span><\/li>\n<li><span style=\"color: #000000;\"><a style=\"color: #000000;\" href=\"https:\/\/accounts.google.com\/signin\/v2\/identifier?continue=https%3A%2F%2Fmail.google.com%2Fmail%2F&amp;service=mail&amp;hd=alumnos.upla.cl&amp;sacu=1&amp;flowName=GlifWebSignIn&amp;flowEntry=AddSession\" target=\"_blank\" rel=\"noopener noreferrer\">Correo del estudiante<\/a><\/span><\/li>\n<li><span style=\"color: #000000;\"><a style=\"color: #000000;\" href=\"https:\/\/accounts.google.com\/signin\/v2\/identifier?continue=https%3A%2F%2Fmail.google.com%2Fmail%2F&amp;service=mail&amp;hd=upla.cl&amp;sacu=1&amp;flowName=GlifWebSignIn&amp;flowEntry=AddSession\" target=\"_blank\" rel=\"noopener noreferrer\">Correo institucional<\/a><\/span><\/li>\n<li><span style=\"color: #000000;\"><a href=\"https:\/\/acceso.upla.cl\/Contacto_Institucional\/\" target=\"_blank\" rel=\"noopener noreferrer\"><span style=\"color: #000000;\">Sistema de Contacto Institucional<\/span><\/a><\/span><\/li>\n<\/ul>\n<p>[\/et_pb_text][\/et_pb_column][et_pb_column type=\u00bb1_3&#8243; _builder_version=\u00bb4.16&#8243; custom_padding=\u00bb|||\u00bb global_colors_info=\u00bb{}\u00bb custom_padding__hover=\u00bb|||\u00bb][et_pb_text admin_label=\u00bbAccesos 2&#8243; _builder_version=\u00bb4.16&#8243; global_colors_info=\u00bb{}\u00bb]<\/p>\n<ul style=\"list-style-type: disc;\">\n<li><a title=\"Becas de Postgrado\" href=\"https:\/\/www.upla.cl\/postgrado\/escuela-de-postgrado\/becas-de-postgrado\/\"><span style=\"color: #000000;\">Becas de Postgrado<\/span><\/a><\/li>\n<li><a title=\"Calendario Acad\u00e9mico\" href=\"http:\/\/www.upla.cl\/calendarioacademico\" target=\"_blank\" rel=\"noopener noreferrer\"><span style=\"color: #000000;\">Calendario Acad\u00e9mico<\/span><\/a><\/li>\n<li><a title=\"Direcci\u00f3n de Gesti\u00f3n Institucional\" href=\"http:\/\/www.upla.cl\/gestioninstitucional\" target=\"_blank\" rel=\"noopener noreferrer\"><span style=\"color: #000000;\">Gesti\u00f3n Institucional<\/span><\/a><\/li>\n<\/ul>\n<p>[\/et_pb_text][\/et_pb_column][et_pb_column type=\u00bb1_3&#8243; _builder_version=\u00bb4.16&#8243; custom_padding=\u00bb|||\u00bb global_colors_info=\u00bb{}\u00bb custom_padding__hover=\u00bb|||\u00bb][et_pb_text admin_label=\u00bbAccesos 3&#8243; _builder_version=\u00bb4.16&#8243; global_colors_info=\u00bb{}\u00bb]<\/p>\n<ul style=\"list-style-type: disc;\">\n<li><span style=\"color: #000000;\"><a style=\"color: #000000;\" href=\"http:\/\/www.upla.cl\/titulosygrados\/\" target=\"_blank\" rel=\"noopener noreferrer\">T\u00edtulos y grados<\/a><\/span><\/li>\n<li><span style=\"color: #000000;\"><a style=\"color: #000000;\" href=\"https:\/\/www.upla.cl\/postgrado\/escuela-de-postgrado\/aranceles\/\" target=\"_blank\" rel=\"noopener noreferrer\">Aranceles<\/a><\/span><\/li>\n<li><span style=\"color: #000000;\"><a style=\"color: #000000;\" href=\"http:\/\/www.upla.cl\/bibliotecas\" target=\"_blank\" rel=\"noopener noreferrer\">Bibliotecas UPLA<\/a><\/span><\/li>\n<li><span style=\"color: #000000;\"><a style=\"color: #000000;\" href=\"https:\/\/www.upla.cl\/postgrado\/wp-content\/uploads\/2013\/11\/2014_1007_postgrado_colecciones_biblioteca.pdf\" target=\"_blank\" rel=\"noopener noreferrer\">Cat\u00e1logo de colecciones electr\u00f3nicas disponibles (formato pdf)<\/a><\/span><\/li>\n<li><span style=\"color: #000000;\"><a style=\"color: #000000;\" href=\"http:\/\/www.e-campus-upla.com\/course\/view.php?id=187\" target=\"_blank\" rel=\"noopener noreferrer\" title=\"Repositorio de Doctorado\">Repositorio de Doctorado<\/a><\/span><\/li>\n<\/ul>\n<p>[\/et_pb_text][\/et_pb_column][\/et_pb_row][\/et_pb_section]<\/p>\n","protected":false},"excerpt":{"rendered":"<p>El Diplomado de Suelos: L\u00ednea de Base y Gesti\u00f3n de Comunidades est\u00e1 orientado a desarrollar capacidades en composici\u00f3n qu\u00edmica y f\u00edsica de suelo, y para realizar una l\u00ednea de base de suelos. Hace entrega del Sistema de Informaci\u00f3n Geogr\u00e1fica (SIG) y da importancia a las comunidades que habitan territorios con suelos afectados, otorgando herramientas iniciales [&hellip;]<\/p>\n","protected":false},"author":1,"featured_media":113101,"parent":0,"menu_order":0,"comment_status":"closed","ping_status":"closed","template":"","meta":{"_et_pb_use_builder":"on","_et_pb_old_content":"","_et_gb_content_width":"","_joinchat":[],"footnotes":""},"class_list":["post-108731","page","type-page","status-publish","has-post-thumbnail","hentry"],"_links":{"self":[{"href":"https:\/\/www.upla.cl\/facultad\/ingenieria\/wp-json\/wp\/v2\/pages\/108731","targetHints":{"allow":["GET"]}}],"collection":[{"href":"https:\/\/www.upla.cl\/facultad\/ingenieria\/wp-json\/wp\/v2\/pages"}],"about":[{"href":"https:\/\/www.upla.cl\/facultad\/ingenieria\/wp-json\/wp\/v2\/types\/page"}],"author":[{"embeddable":true,"href":"https:\/\/www.upla.cl\/facultad\/ingenieria\/wp-json\/wp\/v2\/users\/1"}],"replies":[{"embeddable":true,"href":"https:\/\/www.upla.cl\/facultad\/ingenieria\/wp-json\/wp\/v2\/comments?post=108731"}],"version-history":[{"count":21,"href":"https:\/\/www.upla.cl\/facultad\/ingenieria\/wp-json\/wp\/v2\/pages\/108731\/revisions"}],"predecessor-version":[{"id":113108,"href":"https:\/\/www.upla.cl\/facultad\/ingenieria\/wp-json\/wp\/v2\/pages\/108731\/revisions\/113108"}],"wp:featuredmedia":[{"embeddable":true,"href":"https:\/\/www.upla.cl\/facultad\/ingenieria\/wp-json\/wp\/v2\/media\/113101"}],"wp:attachment":[{"href":"https:\/\/www.upla.cl\/facultad\/ingenieria\/wp-json\/wp\/v2\/media?parent=108731"}],"curies":[{"name":"wp","href":"https:\/\/api.w.org\/{rel}","templated":true}]}}