{"id":99323,"date":"2021-08-30T10:19:33","date_gmt":"2021-08-30T14:19:33","guid":{"rendered":"https:\/\/www.upla.cl\/facultad\/cienciaseducacion\/?page_id=99323"},"modified":"2025-10-28T18:20:08","modified_gmt":"2025-10-28T21:20:08","slug":"diplomado-en-educacion-de-adultos","status":"publish","type":"page","link":"https:\/\/www.upla.cl\/facultad\/cienciaseducacion\/postgrado\/diplomado-en-educacion-de-adultos\/","title":{"rendered":"Diplomado en Educaci\u00f3n de Adultos"},"content":{"rendered":"<p>[et_pb_section fb_built=\u00bb1&#8243; fullwidth=\u00bbon\u00bb _builder_version=\u00bb4.16&#8243; _module_preset=\u00bbdefault\u00bb global_colors_info=\u00bb{}\u00bb][et_pb_fullwidth_post_title meta=\u00bboff\u00bb featured_placement=\u00bbbackground\u00bb _builder_version=\u00bb4.16&#8243; _module_preset=\u00bbdefault\u00bb title_text_color=\u00bb#FFFFFF\u00bb background_color=\u00bb#B55103&#8243; background_image=\u00bbhttps:\/\/www.upla.cl\/facultad\/cienciaseducacion\/wp-content\/uploads\/2021\/07\/casacentral_patio_1920x1080.jpg\u00bb background_position=\u00bbtop_center\u00bb background_blend=\u00bbmultiply\u00bb custom_padding=\u00bb13.1%||13.1%||true|false\u00bb global_colors_info=\u00bb{}\u00bb][\/et_pb_fullwidth_post_title][\/et_pb_section][et_pb_section fb_built=\u00bb1&#8243; _builder_version=\u00bb4.16&#8243; global_colors_info=\u00bb{}\u00bb][et_pb_row column_structure=\u00bb3_4,1_4&#8243; use_custom_gutter=\u00bbon\u00bb _builder_version=\u00bb4.16&#8243; global_colors_info=\u00bb{}\u00bb][et_pb_column type=\u00bb3_4&#8243; _builder_version=\u00bb4.16&#8243; custom_padding=\u00bb|||\u00bb global_colors_info=\u00bb{}\u00bb custom_padding__hover=\u00bb|||\u00bb][et_pb_accordion admin_label=\u00bbAcorde\u00f3n: ficha programa\u00bb _builder_version=\u00bb4.17.6&#8243; global_colors_info=\u00bb{}\u00bb][et_pb_accordion_item title=\u00bbPresentaci\u00f3n\u00bb open=\u00bbon\u00bb _builder_version=\u00bb4.16&#8243; global_colors_info=\u00bb{}\u00bb]<\/p>\n<p>El Diplomado en Educaci\u00f3n de Adultos tiene como principal prop\u00f3sito formar especialistas de la educaci\u00f3n de poblaciones adultas capaces de favorecer el desarrollo de competencias cognitivas y socio-afectivas para la autorrealizaci\u00f3n de las personas en contextos socioculturales diversos. A partir de un s\u00f3lido conocimiento de las bases filos\u00f3ficas, sociol\u00f3gicas, antropol\u00f3gicas y psicol\u00f3gicas de la poblaci\u00f3n beneficiaria, se espera que los diplomados puedan reflexionar y aprender sobre dise\u00f1os curriculares, estrategias metodol\u00f3gicas y evaluativas destinada a poblaciones adultas en diversas situaciones de aprendizaje.<\/p>\n<p>Este programa cuenta con c\u00f3digo SENCE, est\u00e1 inscrito en CPEIP y es v\u00e1lido por 400 horas.<\/p>\n<p>[\/et_pb_accordion_item][et_pb_accordion_item title=\u00bbPlan de estudios\u00bb _builder_version=\u00bb4.16&#8243; global_colors_info=\u00bb{}\u00bb open=\u00bboff\u00bb]<\/p>\n<p>&nbsp;<\/p>\n<table border=\"1\" width=\"100%\" cellpadding=\"1\">\n<tbody>\n<tr>\n<td><strong>Primer trimestre<\/strong><\/td>\n<td><strong>Tercer semestre<\/strong><\/td>\n<\/tr>\n<tr>\n<td>\n<ul>\n<li>Introducci\u00f3n a la Educaci\u00f3n de Adultos.<\/li>\n<li>Desarrollo Psicosocial del Adulto.<\/li>\n<li>La Antropolog\u00eda y su Aplicaci\u00f3n con Poblaciones Adultas.<\/li>\n<\/ul>\n<\/td>\n<td>\n<ul>\n<li>Educaci\u00f3n y Contexto Comunitario.<\/li>\n<li>Gesti\u00f3n y Financiamiento en los Sistemas Educativos.<\/li>\n<li>Dise\u00f1o y Evaluaci\u00f3n de Proyectos.<\/li>\n<\/ul>\n<\/td>\n<\/tr>\n<tr>\n<td><strong>Segundo semestre<\/strong><\/td>\n<td>&nbsp;<\/td>\n<\/tr>\n<tr>\n<td>\n<ul>\n<li>Dise\u00f1os Curriculares.<\/li>\n<li>Estrategias Metodol\u00f3gicas para el Trabajo con Adultos.<\/li>\n<li>Evaluaci\u00f3n en el Trabajo con Adultos.<\/li>\n<\/ul>\n<\/td>\n<td>&nbsp;<\/td>\n<\/tr>\n<\/tbody>\n<\/table>\n<p>&nbsp;<\/p>\n<p>[\/et_pb_accordion_item][et_pb_accordion_item title=\u00bbCuerpo acad\u00e9mico\u00bb _builder_version=\u00bb4.16&#8243; global_colors_info=\u00bb{}\u00bb open=\u00bboff\u00bb]<\/p>\n<p><strong>Carlos Moreno Herrera<\/strong><br \/>Mag\u00edster en Pedagog\u00eda Universitaria, Universidad de Playa Ancha, Chile.<\/p>\n<p><strong>Graciela Rubio Soto<\/strong><br \/>Doctora en Educaci\u00f3n, Universidad de Granada, Espa\u00f1a.<\/p>\n<p><strong>Jorge Osorio Vargas<\/strong><br \/>Mag\u00edster (c) en Humanidades, Universidad Adolfo Ib\u00e1\u00f1ez, Chile.<\/p>\n<p><strong>Lorena Godoy Pe\u00f1a<\/strong><br \/>Mag\u00edster en Educaci\u00f3n, menci\u00f3n Trastornos Espec\u00edficos del Aprendizaje, Pontificia Universidad Cat\u00f3lica de Chile.<\/p>\n<p><strong>Luis Weinstein Crenovich<\/strong><br \/>M\u00e9dico Cirujano.<\/p>\n<p><strong>Mar\u00eda Isabel Mu\u00f1oz Rojo<\/strong><br \/>Doctora en Psciolog\u00eda, Universidad de Oviedo, Espa\u00f1a.<\/p>\n<p><strong>Patricia Mu\u00f1oz Salazar<\/strong><br \/>Ph.D en Sociolog\u00eda, Universidad Estatal de Pensylvania, Estados Unidos.<\/p>\n<p><strong>Ra\u00fal Fuentes Salinas<\/strong><br \/>Licenciado en Historia, Pontificia Universidad Cat\u00f3lica de Valpara\u00edso, Chile.<\/p>\n<p><strong>Ren\u00e9 Flores Castillo<\/strong><br \/>Doctor en Psicolog\u00eda Escolar y Desarrollo, Universidad Complutense, Espa\u00f1a.<\/p>\n<p><strong>Violeta Acu\u00f1a Collado<\/strong><br \/>Doctora en Educaci\u00f3n de Personas y Aprendizaje, Universidad Cat\u00f3lica del Sagrado Coraz\u00f3n de Mil\u00e1n, Italia.<\/p>\n<p>[\/et_pb_accordion_item][et_pb_accordion_item title=\u00bbModalidad\u00bb _builder_version=\u00bb4.16&#8243; global_colors_info=\u00bb{}\u00bb open=\u00bboff\u00bb]<\/p>\n<p>Presencial.<\/p>\n<p>[\/et_pb_accordion_item][et_pb_accordion_item title=\u00bbRequisitos\u00bb _builder_version=\u00bb4.16&#8243; global_colors_info=\u00bb{}\u00bb open=\u00bboff\u00bb]<\/p>\n<p style=\"padding-left: 30px;\">1. Realizar postulaci\u00f3n en l\u00ednea.<\/p>\n<p style=\"padding-left: 30px;\">2. Poseer Titulo Profesional y\/o Licenciatura<\/p>\n<p style=\"padding-left: 30px;\">3. Presentar Curr\u00edculum Vitae resumido.<\/p>\n<p style=\"padding-left: 30px;\">4. Presentar dos cartas de recomendaci\u00f3n de profesores de pregrado del postulante.<\/p>\n<p style=\"padding-left: 30px;\">5. Entrevista personal.<\/p>\n<p>[\/et_pb_accordion_item][et_pb_accordion_item title=\u00bbDuraci\u00f3n\u00bb _builder_version=\u00bb4.16&#8243; global_colors_info=\u00bb{}\u00bb open=\u00bboff\u00bb]<\/p>\n<p>Tres trimestres.<\/p>\n<p>[\/et_pb_accordion_item][et_pb_accordion_item title=\u00bbCoordinaci\u00f3n\u00bb _builder_version=\u00bb4.17.6&#8243; global_colors_info=\u00bb{}\u00bb open=\u00bboff\u00bb]<\/p>\n<p><strong>Vivian Astudillo Carcamo<\/strong><br \/>Mag\u00edster en Educaci\u00f3n de Adultos y Procesos Formativos<br \/>Correo electronico: <a href=\"mailto:coordinacionmagistereja@upla.cl\">coordinacionmagistereja@upla.cl<\/a><\/p>\n<p>[\/et_pb_accordion_item][et_pb_accordion_item title=\u00bbUnidad acad\u00e9mica responsable\u00bb _builder_version=\u00bb4.16&#8243; global_colors_info=\u00bb{}\u00bb open=\u00bboff\u00bb]<a href=\"http:\/\/www.upla.cl\/cienciaseducacion\" target=\"_blank\" rel=\"noopener noreferrer\">Facultad de Ciencias de la Educaci\u00f3n<\/a><br \/>\n[\/et_pb_accordion_item][et_pb_accordion_item title=\u00bbM\u00e1s informaci\u00f3n\u00bb _builder_version=\u00bb4.16&#8243; global_colors_info=\u00bb{}\u00bb open=\u00bboff\u00bb]<\/p>\n<p>Se realizar\u00e1 reconocimiento de 400 horas exalumnos del Diplomado de Educaci\u00f3n de Adultos.\u00a0<\/p>\n<p><a href=\"mailto:escueladepostgrado@upla.cl\" target=\"_blank\" rel=\"noopener noreferrer\">escueladepostgrado@upla.cl<\/a><\/p>\n<p><a href=\"https:\/\/goo.gl\/maps\/PV1LCBRp4ZR2\" target=\"_blank\" rel=\"noopener noreferrer\">Traslavi\u00f1a 450, Vi\u00f1a del Mar, Chile (click para ver el mapa).<\/a><\/p>\n<p>Avenida Playa Ancha N\u00ba 850, quinto piso de la Casa Central, Valpara\u00edso.<\/p>\n<p>Tel\u00e9fonos: <a href=\"tel:+56322205080\" title=\"+56 32 2205080\">+56 32 2205080<\/a> \/ <a href=\"tel:+56322205197\" title=\"+56 32 2205197\">+56 32 2205197<\/a><\/p>\n<p>Facebook: <a href=\"https:\/\/www.facebook.com\/PostgradoUPLA\" target=\"_blank\" rel=\"noopener noreferrer\">PostgradoUPLA<\/a><\/p>\n<p>[\/et_pb_accordion_item][et_pb_accordion_item title=\u00bbFecha de inicio\u00bb _builder_version=\u00bb4.16&#8243; global_colors_info=\u00bb{}\u00bb open=\u00bboff\u00bb]<\/p>\n<p>Abril de 2021.<\/p>\n<p>[\/et_pb_accordion_item][et_pb_accordion_item title=\u00bbD\u00edas y horarios\u00bb _builder_version=\u00bb4.16&#8243; global_colors_info=\u00bb{}\u00bb open=\u00bboff\u00bb]<\/p>\n<ul>\n<li>S\u00e1bados de 9.00 a 18.00 horas.<\/li>\n<\/ul>\n<p>[\/et_pb_accordion_item][et_pb_accordion_item title=\u00bbPostulaciones\u00bb _builder_version=\u00bb4.16&#8243; global_colors_info=\u00bb{}\u00bb open=\u00bboff\u00bb]<\/p>\n<p>Cerradas.<\/p>\n<p>[\/et_pb_accordion_item][\/et_pb_accordion][\/et_pb_column][et_pb_column type=\u00bb1_4&#8243; _builder_version=\u00bb4.16&#8243; custom_padding=\u00bb|||\u00bb global_colors_info=\u00bb{}\u00bb custom_padding__hover=\u00bb|||\u00bb][et_pb_image src=\u00bbhttps:\/\/www.upla.cl\/postgrado\/wp-content\/uploads\/2022\/01\/20220107_postgrado_ficha_diplomado_educaciondeadultos.jpg\u00bb admin_label=\u00bbDiplomado en Educaci\u00f3n de Adultos y Procesos Formativos UPLA\u00bb _builder_version=\u00bb4.16&#8243; _module_preset=\u00bbdefault\u00bb global_colors_info=\u00bb{}\u00bb][\/et_pb_image][et_pb_button button_url=\u00bbhttps:\/\/www.upla.cl\/postgrado\/formulario-de-solicitud-de-informacion-de-programas\/\u00bb button_text=\u00bbSolicita m\u00e1s informaci\u00f3n sobre este programa\u00bb admin_label=\u00bbBot\u00f3n Solicita m\u00e1s informaci\u00f3n sobre nuestros programas\u00bb _builder_version=\u00bb4.16&#8243; global_colors_info=\u00bb{}\u00bb button_text_size__hover_enabled=\u00bboff\u00bb button_one_text_size__hover_enabled=\u00bboff\u00bb button_two_text_size__hover_enabled=\u00bboff\u00bb button_text_color__hover_enabled=\u00bboff\u00bb button_one_text_color__hover_enabled=\u00bboff\u00bb button_two_text_color__hover_enabled=\u00bboff\u00bb button_border_width__hover_enabled=\u00bboff\u00bb button_one_border_width__hover_enabled=\u00bboff\u00bb button_two_border_width__hover_enabled=\u00bboff\u00bb button_border_color__hover_enabled=\u00bboff\u00bb button_one_border_color__hover_enabled=\u00bboff\u00bb button_two_border_color__hover_enabled=\u00bboff\u00bb button_border_radius__hover_enabled=\u00bboff\u00bb button_one_border_radius__hover_enabled=\u00bboff\u00bb button_two_border_radius__hover_enabled=\u00bboff\u00bb button_letter_spacing__hover_enabled=\u00bboff\u00bb button_one_letter_spacing__hover_enabled=\u00bboff\u00bb button_two_letter_spacing__hover_enabled=\u00bboff\u00bb button_bg_color__hover_enabled=\u00bboff\u00bb button_one_bg_color__hover_enabled=\u00bboff\u00bb button_two_bg_color__hover_enabled=\u00bboff\u00bb][\/et_pb_button][et_pb_button button_url=\u00bbhttps:\/\/www.upla.cl\/postgrado\/escuela-de-postgrado\/aranceles\/\u00bb button_text=\u00bbAranceles\u00bb admin_label=\u00bbBot\u00f3n aranceles\u00bb _builder_version=\u00bb4.16&#8243; global_colors_info=\u00bb{}\u00bb button_text_size__hover_enabled=\u00bboff\u00bb button_one_text_size__hover_enabled=\u00bboff\u00bb button_two_text_size__hover_enabled=\u00bboff\u00bb button_text_color__hover_enabled=\u00bboff\u00bb button_one_text_color__hover_enabled=\u00bboff\u00bb button_two_text_color__hover_enabled=\u00bboff\u00bb button_border_width__hover_enabled=\u00bboff\u00bb button_one_border_width__hover_enabled=\u00bboff\u00bb button_two_border_width__hover_enabled=\u00bboff\u00bb button_border_color__hover_enabled=\u00bboff\u00bb button_one_border_color__hover_enabled=\u00bboff\u00bb button_two_border_color__hover_enabled=\u00bboff\u00bb button_border_radius__hover_enabled=\u00bboff\u00bb button_one_border_radius__hover_enabled=\u00bboff\u00bb button_two_border_radius__hover_enabled=\u00bboff\u00bb button_letter_spacing__hover_enabled=\u00bboff\u00bb button_one_letter_spacing__hover_enabled=\u00bboff\u00bb button_two_letter_spacing__hover_enabled=\u00bboff\u00bb button_bg_color__hover_enabled=\u00bboff\u00bb button_one_bg_color__hover_enabled=\u00bboff\u00bb button_two_bg_color__hover_enabled=\u00bboff\u00bb][\/et_pb_button][et_pb_button button_url=\u00bbhttps:\/\/www.upla.cl\/postgrado\/escuela-de-postgrado\/becas-de-postgrado\/\u00bb button_text=\u00bbBecas\u00bb admin_label=\u00bbBot\u00f3n becas\u00bb _builder_version=\u00bb4.16&#8243; global_colors_info=\u00bb{}\u00bb button_text_size__hover_enabled=\u00bboff\u00bb button_one_text_size__hover_enabled=\u00bboff\u00bb button_two_text_size__hover_enabled=\u00bboff\u00bb button_text_color__hover_enabled=\u00bboff\u00bb button_one_text_color__hover_enabled=\u00bboff\u00bb button_two_text_color__hover_enabled=\u00bboff\u00bb button_border_width__hover_enabled=\u00bboff\u00bb button_one_border_width__hover_enabled=\u00bboff\u00bb button_two_border_width__hover_enabled=\u00bboff\u00bb button_border_color__hover_enabled=\u00bboff\u00bb button_one_border_color__hover_enabled=\u00bboff\u00bb button_two_border_color__hover_enabled=\u00bboff\u00bb button_border_radius__hover_enabled=\u00bboff\u00bb button_one_border_radius__hover_enabled=\u00bboff\u00bb button_two_border_radius__hover_enabled=\u00bboff\u00bb button_letter_spacing__hover_enabled=\u00bboff\u00bb button_one_letter_spacing__hover_enabled=\u00bboff\u00bb button_two_letter_spacing__hover_enabled=\u00bboff\u00bb button_bg_color__hover_enabled=\u00bboff\u00bb button_one_bg_color__hover_enabled=\u00bboff\u00bb button_two_bg_color__hover_enabled=\u00bboff\u00bb][\/et_pb_button][\/et_pb_column][\/et_pb_row][\/et_pb_section]<\/p>\n","protected":false},"excerpt":{"rendered":"<p>El Diplomado en Educaci\u00f3n de Adultos tiene como principal prop\u00f3sito formar especialistas de la educaci\u00f3n de poblaciones adultas capaces de favorecer el desarrollo de competencias cognitivas y socio-afectivas para la [&hellip;]<\/p>\n","protected":false},"author":1,"featured_media":99303,"parent":84,"menu_order":7,"comment_status":"closed","ping_status":"closed","template":"","meta":{"_et_pb_use_builder":"on","_et_pb_old_content":"","_et_gb_content_width":"","footnotes":""},"class_list":["post-99323","page","type-page","status-publish","has-post-thumbnail","hentry"],"_links":{"self":[{"href":"https:\/\/www.upla.cl\/facultad\/cienciaseducacion\/wp-json\/wp\/v2\/pages\/99323","targetHints":{"allow":["GET"]}}],"collection":[{"href":"https:\/\/www.upla.cl\/facultad\/cienciaseducacion\/wp-json\/wp\/v2\/pages"}],"about":[{"href":"https:\/\/www.upla.cl\/facultad\/cienciaseducacion\/wp-json\/wp\/v2\/types\/page"}],"author":[{"embeddable":true,"href":"https:\/\/www.upla.cl\/facultad\/cienciaseducacion\/wp-json\/wp\/v2\/users\/1"}],"replies":[{"embeddable":true,"href":"https:\/\/www.upla.cl\/facultad\/cienciaseducacion\/wp-json\/wp\/v2\/comments?post=99323"}],"version-history":[{"count":0,"href":"https:\/\/www.upla.cl\/facultad\/cienciaseducacion\/wp-json\/wp\/v2\/pages\/99323\/revisions"}],"up":[{"embeddable":true,"href":"https:\/\/www.upla.cl\/facultad\/cienciaseducacion\/wp-json\/wp\/v2\/pages\/84"}],"wp:featuredmedia":[{"embeddable":true,"href":"https:\/\/www.upla.cl\/facultad\/cienciaseducacion\/wp-json\/wp\/v2\/media\/99303"}],"wp:attachment":[{"href":"https:\/\/www.upla.cl\/facultad\/cienciaseducacion\/wp-json\/wp\/v2\/media?parent=99323"}],"curies":[{"name":"wp","href":"https:\/\/api.w.org\/{rel}","templated":true}]}}