{"id":99318,"date":"2021-08-30T10:16:48","date_gmt":"2021-08-30T14:16:48","guid":{"rendered":"https:\/\/www.upla.cl\/facultad\/cienciaseducacion\/?page_id=99318"},"modified":"2025-10-28T18:19:47","modified_gmt":"2025-10-28T21:19:47","slug":"magister-en-orientacion-educacional","status":"publish","type":"page","link":"https:\/\/www.upla.cl\/facultad\/cienciaseducacion\/postgrado\/magister-en-orientacion-educacional\/","title":{"rendered":"Mag\u00edster en Orientaci\u00f3n Educacional"},"content":{"rendered":"<p>[et_pb_section fb_built=\u00bb1&#8243; fullwidth=\u00bbon\u00bb _builder_version=\u00bb4.16&#8243; _module_preset=\u00bbdefault\u00bb global_colors_info=\u00bb{}\u00bb][et_pb_fullwidth_post_title meta=\u00bboff\u00bb featured_placement=\u00bbbackground\u00bb _builder_version=\u00bb4.16&#8243; _module_preset=\u00bbdefault\u00bb title_text_color=\u00bb#FFFFFF\u00bb background_color=\u00bb#B55103&#8243; background_image=\u00bbhttps:\/\/www.upla.cl\/facultad\/cienciaseducacion\/wp-content\/uploads\/2021\/07\/casacentral_patio_1920x1080.jpg\u00bb background_position=\u00bbtop_center\u00bb background_blend=\u00bbmultiply\u00bb custom_padding=\u00bb13.1%||13.1%||true|false\u00bb global_colors_info=\u00bb{}\u00bb][\/et_pb_fullwidth_post_title][\/et_pb_section][et_pb_section fb_built=\u00bb1&#8243; _builder_version=\u00bb4.16&#8243; global_colors_info=\u00bb{}\u00bb][et_pb_row column_structure=\u00bb3_4,1_4&#8243; use_custom_gutter=\u00bbon\u00bb _builder_version=\u00bb4.16&#8243; global_colors_info=\u00bb{}\u00bb][et_pb_column type=\u00bb3_4&#8243; _builder_version=\u00bb4.16&#8243; custom_padding=\u00bb|||\u00bb global_colors_info=\u00bb{}\u00bb custom_padding__hover=\u00bb|||\u00bb][et_pb_accordion admin_label=\u00bbAcorde\u00f3n: ficha programa\u00bb _builder_version=\u00bb4.16&#8243; global_colors_info=\u00bb{}\u00bb][et_pb_accordion_item title=\u00bbPresentaci\u00f3n\u00bb open=\u00bbon\u00bb _builder_version=\u00bb4.16&#8243; global_colors_info=\u00bb{}\u00bb]Su prop\u00f3sito es formar graduados con un claro sentido profesionalizante, con capacidad para desempe\u00f1arse eficazmente en el campo de planificaci\u00f3n, gesti\u00f3n, implementaci\u00f3n y evaluaci\u00f3n de proyectos y programas de orientaci\u00f3n, evidenciando actitudes proactivas, manejo te\u00f3rico y habilidades cient\u00edficas que le permitan conocer, comprender, aplicar, evaluar e intervenir en problem\u00e1ticas propias de la orientaci\u00f3n educacional en contextos diferenciados.<br \/>\n[\/et_pb_accordion_item][et_pb_accordion_item title=\u00bbPlan de estudios\u00bb _builder_version=\u00bb4.16&#8243; global_colors_info=\u00bb{}\u00bb open=\u00bboff\u00bb]<\/p>\n<table border=\"1\" width=\"100%\" cellpadding=\"1\">\n<tbody>\n<tr>\n<td><strong>Primer semestre<\/strong><\/td>\n<td><strong>Tercer semestre<\/strong><\/td>\n<\/tr>\n<tr>\n<td>\n<ul>\n<li>Enfoques te\u00f3ricos y modelos de intervenci\u00f3n en la Orientaci\u00f3n.<\/li>\n<li>Orientaci\u00f3n y tutor\u00eda.<\/li>\n<li>Orientaci\u00f3n para el desarrollo de la persona: Nuevos contenidos.<\/li>\n<li>Orientaci\u00f3n Vocacional y Profesional: Perspectivas actuales.<\/li>\n<\/ul>\n<\/td>\n<td>\n<ul>\n<li>Evaluaci\u00f3n en el contexto orientador.<\/li>\n<li>Metodolog\u00eda de la Investigaci\u00f3n Cualitativa.<\/li>\n<li>Electivo II.<\/li>\n<li>Proyecto de Tesis.<\/li>\n<\/ul>\n<\/td>\n<\/tr>\n<tr>\n<td><strong>Segundo semestre<\/strong><\/td>\n<td><strong>Cuarto semestre<\/strong><\/td>\n<\/tr>\n<tr>\n<td>\n<ul>\n<li>Planificaci\u00f3n y Gesti\u00f3n de Proyectos en Orientaci\u00f3n.<\/li>\n<li>Problem\u00e1ticas educativas en el contexto de la Orientaci\u00f3n Educacional.<\/li>\n<li>Metodolog\u00eda de la investigaci\u00f3n cuantitativa.<\/li>\n<li>Electivo I.<\/li>\n<\/ul>\n<\/td>\n<td>\n<ul>\n<li>Tesis de Grado.<\/li>\n<\/ul>\n<\/td>\n<\/tr>\n<\/tbody>\n<\/table>\n<p>[\/et_pb_accordion_item][et_pb_accordion_item title=\u00bbCuerpo acad\u00e9mico\u00bb _builder_version=\u00bb4.16&#8243; global_colors_info=\u00bb{}\u00bb open=\u00bboff\u00bb]<\/p>\n<p><strong>Dante Castillo Canales<\/strong><br \/> Doctor en Educaci\u00f3n, Universidad Lumi\u00e8re de Lyon, Francia<br \/> Mag\u00edster en Educaci\u00f3n, Universidad Academia de Humanismo Cristiano, Chile<br \/> Soci\u00f3logo, Universidad de las Artes y de las Ciencias Sociales, Chile<br \/> Profesor de Franc\u00e9s, Universidad de Lyon, Francia<\/p>\n<p><strong>Claudia Carrasco Aguilar<\/strong><br \/> Doctora en Ciencias de la Educaci\u00f3n, Universidad de Granada, Espa\u00f1a<br \/> M\u00e1ster en Psicolog\u00eda Social, Universidad Aut\u00f3noma de Barcelona, Espa\u00f1a \/ Universidad de las Artes y de las Ciencias Sociales, Chile<br \/> Psic\u00f3loga, Pontificia Universidad Cat\u00f3lica de Valpara\u00edso, Chile<\/p>\n<p><strong>Sandra Catal\u00e1n Henr\u00edquez<\/strong><br \/> Doctora en Innovaci\u00f3n e Investigaci\u00f3n Educativa, Universidad de M\u00e1laga, Espa\u00f1a<br \/> Profesora de Educaci\u00f3n Diferencial con menci\u00f3n en Trastornos del Aprendizaje Espec\u00edficos.<br \/> Psic\u00f3loga<\/p>\n<p><strong>Marcela Lara Catal\u00e1n<\/strong><br \/> Doctora en Ciencias de la Educaci\u00f3n, Universidad de Playa Ancha, Chile<br \/> Mag\u00edster en Evaluaci\u00f3n Educacional, Universidad de Playa Ancha, Chile<br \/> Educadora de P\u00e1rvulos, Universidad de Playa Ancha, Chile.<\/p>\n<p>[\/et_pb_accordion_item][et_pb_accordion_item title=\u00bbModalidad\u00bb _builder_version=\u00bb4.16&#8243; global_colors_info=\u00bb{}\u00bb open=\u00bboff\u00bb] Presencial.<br \/>\n[\/et_pb_accordion_item][et_pb_accordion_item title=\u00bbRequisitos\u00bb _builder_version=\u00bb4.16&#8243; global_colors_info=\u00bb{}\u00bb open=\u00bboff\u00bb] Los postulantes a los programas de postgrado dictados por la universidad, deber\u00e1n acompa\u00f1ar a sus solicitudes de ingreso la siguiente\u00a0documentaci\u00f3n:<\/p>\n<p>&nbsp;<\/p>\n<ol>\n<li>Certificado de Licenciatura y\/o T\u00edtulo Profesional (<span class=\"s1\">original o fotocopia legalizada ante notario<\/span>).<\/li>\n<li>Concentraci\u00f3n de notas\u00a0original o fotocopia\u00a0 legalizada ante notario.<\/li>\n<li>Curr\u00edculum vitae.<\/li>\n<li>Dos informes que avalen las capacidades personales y profesionales del postulante para realizar el programa. Trat\u00e1ndose de postulantes a un doctorado, al menos uno de ellos debe provenir de un acad\u00e9mico universitario con quien haya trabajado el postulante.<\/li>\n<li>Patrocinio o autorizaci\u00f3n de la instituci\u00f3n a la cual pertenece, solo cuando corresponda.<\/li>\n<li>Otros antecedentes establecidos por reglamento espec\u00edfico del programa al que postula.<\/li>\n<li>Dos fotos tama\u00f1o carnet, a color, con nombre y RUT.<\/li>\n<li>Fotocopia c\u00e9dula de identidad por ambos lados.<\/li>\n<li>Entrevista personal.<\/li>\n<\/ol>\n<p>[\/et_pb_accordion_item][et_pb_accordion_item title=\u00bbDuraci\u00f3n\u00bb _builder_version=\u00bb4.16&#8243; global_colors_info=\u00bb{}\u00bb open=\u00bboff\u00bb] Cuatro semestres.<br \/>\n[\/et_pb_accordion_item][et_pb_accordion_item title=\u00bbCoordinaci\u00f3n\u00bb _builder_version=\u00bb4.16&#8243; global_colors_info=\u00bb{}\u00bb open=\u00bboff\u00bb]<\/p>\n<p><strong>Margarita Opazo Salvatierra<\/strong><br \/> Mag\u00edster en Orientaci\u00f3n Educacional, Universidad de Playa Ancha, Chile.<br \/> Mag\u00edster en Desarrollo Personal, Universidad de Playa Ancha, Chile<br \/> Correo electr\u00f3nico: <a href=\"mailto:mopazo@upla.cl\" title=\"mopazo@upla.cl\">mopazo@upla.cl<\/a><\/p>\n<p>[\/et_pb_accordion_item][et_pb_accordion_item title=\u00bbConsejo del programa\u00bb _builder_version=\u00bb4.16&#8243; global_colors_info=\u00bb{}\u00bb open=\u00bboff\u00bb]<\/p>\n<ul>\n<li>Dr. Ren\u00e9 Flores Castillo.<\/li>\n<li>Dr. Alejandro gallardo Jaque.<\/li>\n<li>Mg Gast\u00f3n Aguilar Pulido.<\/li>\n<li>Mg Rafael Andaur Troncoso.<\/li>\n<li>Mg Margarita Opazo Salvatierra.<\/li>\n<\/ul>\n<p>[\/et_pb_accordion_item][et_pb_accordion_item title=\u00bbUnidad acad\u00e9mica responsable\u00bb _builder_version=\u00bb4.16&#8243; global_colors_info=\u00bb{}\u00bb open=\u00bboff\u00bb] <a href=\"http:\/\/www.upla.cl\/cienciaseducacion\" target=\"_blank\" rel=\"noopener noreferrer\">Facultad de Ciencias de la Educaci\u00f3n<\/a><br \/>\n[\/et_pb_accordion_item][et_pb_accordion_item title=\u00bbM\u00e1s informaci\u00f3n\u00bb _builder_version=\u00bb4.16&#8243; global_colors_info=\u00bb{}\u00bb open=\u00bboff\u00bb] <a href=\"mailto:escueladepostgrado@upla.cl\" target=\"_blank\" rel=\"noopener noreferrer\">escueladepostgrado@upla.cl<\/a><br \/>\n<a href=\"https:\/\/goo.gl\/maps\/PV1LCBRp4ZR2\" target=\"_blank\" rel=\"noopener noreferrer\">Traslavi\u00f1a 450, Vi\u00f1a del Mar, Chile (click para ver el mapa).<\/a><br \/>\nTel\u00e9fonos: +56 32 2205080 \/ +56 32 2205791<br \/>\nFacebook: <a href=\"https:\/\/www.facebook.com\/PostgradoUPLA\" target=\"_blank\" rel=\"noopener noreferrer\">PostgradoUPLA<\/a><br \/>\n[\/et_pb_accordion_item][et_pb_accordion_item title=\u00bbValor\u00bb _builder_version=\u00bb4.16&#8243; global_colors_info=\u00bb{}\u00bb open=\u00bboff\u00bb]<\/p>\n<p>Matr\u00edcula: $ 150.000.-<br \/> Arancel: $ 4.010.000.- (20 cuotas).-<\/p>\n<p>[\/et_pb_accordion_item][et_pb_accordion_item title=\u00bbFecha de inicio\u00bb _builder_version=\u00bb4.16&#8243; global_colors_info=\u00bb{}\u00bb open=\u00bboff\u00bb]<\/p>\n<p>Abril de 2021.<\/p>\n<p>[\/et_pb_accordion_item][et_pb_accordion_item title=\u00bbD\u00edas y horarios\u00bb _builder_version=\u00bb4.16&#8243; global_colors_info=\u00bb{}\u00bb open=\u00bboff\u00bb]<\/p>\n<ul>\n<li>S\u00e1bado, de 9.00 a 18.00 horas.<\/li>\n<\/ul>\n<p>[\/et_pb_accordion_item][et_pb_accordion_item title=\u00bbPostulaciones\u00bb _builder_version=\u00bb4.16&#8243; global_colors_info=\u00bb{}\u00bb open=\u00bboff\u00bb]<\/p>\n<p>Cerradas.<\/p>\n<p>[\/et_pb_accordion_item][\/et_pb_accordion][\/et_pb_column][et_pb_column type=\u00bb1_4&#8243; _builder_version=\u00bb4.16&#8243; custom_padding=\u00bb|||\u00bb global_colors_info=\u00bb{}\u00bb custom_padding__hover=\u00bb|||\u00bb][et_pb_button button_url=\u00bbhttps:\/\/www.upla.cl\/postgrado\/formulario-de-solicitud-de-informacion-de-programas\/\u00bb button_text=\u00bbSolicita m\u00e1s informaci\u00f3n sobre este programa\u00bb admin_label=\u00bbBot\u00f3n Solicita m\u00e1s informaci\u00f3n sobre nuestros programas\u00bb _builder_version=\u00bb4.16&#8243; global_colors_info=\u00bb{}\u00bb button_text_size__hover_enabled=\u00bboff\u00bb button_one_text_size__hover_enabled=\u00bboff\u00bb button_two_text_size__hover_enabled=\u00bboff\u00bb button_text_color__hover_enabled=\u00bboff\u00bb button_one_text_color__hover_enabled=\u00bboff\u00bb button_two_text_color__hover_enabled=\u00bboff\u00bb button_border_width__hover_enabled=\u00bboff\u00bb button_one_border_width__hover_enabled=\u00bboff\u00bb button_two_border_width__hover_enabled=\u00bboff\u00bb button_border_color__hover_enabled=\u00bboff\u00bb button_one_border_color__hover_enabled=\u00bboff\u00bb button_two_border_color__hover_enabled=\u00bboff\u00bb button_border_radius__hover_enabled=\u00bboff\u00bb button_one_border_radius__hover_enabled=\u00bboff\u00bb button_two_border_radius__hover_enabled=\u00bboff\u00bb button_letter_spacing__hover_enabled=\u00bboff\u00bb button_one_letter_spacing__hover_enabled=\u00bboff\u00bb button_two_letter_spacing__hover_enabled=\u00bboff\u00bb button_bg_color__hover_enabled=\u00bboff\u00bb button_one_bg_color__hover_enabled=\u00bboff\u00bb button_two_bg_color__hover_enabled=\u00bboff\u00bb]&nbsp;<br \/>\n[\/et_pb_button][et_pb_button button_url=\u00bbhttps:\/\/www.upla.cl\/postgrado\/escuela-de-postgrado\/aranceles\/\u00bb button_text=\u00bbAranceles\u00bb admin_label=\u00bbBot\u00f3n aranceles\u00bb _builder_version=\u00bb4.16&#8243; global_colors_info=\u00bb{}\u00bb button_text_size__hover_enabled=\u00bboff\u00bb button_one_text_size__hover_enabled=\u00bboff\u00bb button_two_text_size__hover_enabled=\u00bboff\u00bb button_text_color__hover_enabled=\u00bboff\u00bb button_one_text_color__hover_enabled=\u00bboff\u00bb button_two_text_color__hover_enabled=\u00bboff\u00bb button_border_width__hover_enabled=\u00bboff\u00bb button_one_border_width__hover_enabled=\u00bboff\u00bb button_two_border_width__hover_enabled=\u00bboff\u00bb button_border_color__hover_enabled=\u00bboff\u00bb button_one_border_color__hover_enabled=\u00bboff\u00bb button_two_border_color__hover_enabled=\u00bboff\u00bb button_border_radius__hover_enabled=\u00bboff\u00bb button_one_border_radius__hover_enabled=\u00bboff\u00bb button_two_border_radius__hover_enabled=\u00bboff\u00bb button_letter_spacing__hover_enabled=\u00bboff\u00bb button_one_letter_spacing__hover_enabled=\u00bboff\u00bb button_two_letter_spacing__hover_enabled=\u00bboff\u00bb button_bg_color__hover_enabled=\u00bboff\u00bb button_one_bg_color__hover_enabled=\u00bboff\u00bb button_two_bg_color__hover_enabled=\u00bboff\u00bb]&nbsp;<br \/>\n[\/et_pb_button][et_pb_button button_url=\u00bbhttps:\/\/www.upla.cl\/postgrado\/escuela-de-postgrado\/becas-de-postgrado\/\u00bb button_text=\u00bbBecas\u00bb admin_label=\u00bbBot\u00f3n becas\u00bb _builder_version=\u00bb4.16&#8243; global_colors_info=\u00bb{}\u00bb button_text_size__hover_enabled=\u00bboff\u00bb button_one_text_size__hover_enabled=\u00bboff\u00bb button_two_text_size__hover_enabled=\u00bboff\u00bb button_text_color__hover_enabled=\u00bboff\u00bb button_one_text_color__hover_enabled=\u00bboff\u00bb button_two_text_color__hover_enabled=\u00bboff\u00bb button_border_width__hover_enabled=\u00bboff\u00bb button_one_border_width__hover_enabled=\u00bboff\u00bb button_two_border_width__hover_enabled=\u00bboff\u00bb button_border_color__hover_enabled=\u00bboff\u00bb button_one_border_color__hover_enabled=\u00bboff\u00bb button_two_border_color__hover_enabled=\u00bboff\u00bb button_border_radius__hover_enabled=\u00bboff\u00bb button_one_border_radius__hover_enabled=\u00bboff\u00bb button_two_border_radius__hover_enabled=\u00bboff\u00bb button_letter_spacing__hover_enabled=\u00bboff\u00bb button_one_letter_spacing__hover_enabled=\u00bboff\u00bb button_two_letter_spacing__hover_enabled=\u00bboff\u00bb button_bg_color__hover_enabled=\u00bboff\u00bb button_one_bg_color__hover_enabled=\u00bboff\u00bb button_two_bg_color__hover_enabled=\u00bboff\u00bb]&nbsp;<br \/>\n[\/et_pb_button][\/et_pb_column][\/et_pb_row][\/et_pb_section]<\/p>\n","protected":false},"excerpt":{"rendered":"<p>Su prop\u00f3sito es formar graduados con un claro sentido profesionalizante, con capacidad para desempe\u00f1arse eficazmente en el campo de planificaci\u00f3n, gesti\u00f3n, implementaci\u00f3n y evaluaci\u00f3n de proyectos y programas de orientaci\u00f3n, [&hellip;]<\/p>\n","protected":false},"author":1,"featured_media":99319,"parent":84,"menu_order":6,"comment_status":"closed","ping_status":"closed","template":"","meta":{"_et_pb_use_builder":"on","_et_pb_old_content":"","_et_gb_content_width":"","footnotes":""},"class_list":["post-99318","page","type-page","status-publish","has-post-thumbnail","hentry"],"_links":{"self":[{"href":"https:\/\/www.upla.cl\/facultad\/cienciaseducacion\/wp-json\/wp\/v2\/pages\/99318","targetHints":{"allow":["GET"]}}],"collection":[{"href":"https:\/\/www.upla.cl\/facultad\/cienciaseducacion\/wp-json\/wp\/v2\/pages"}],"about":[{"href":"https:\/\/www.upla.cl\/facultad\/cienciaseducacion\/wp-json\/wp\/v2\/types\/page"}],"author":[{"embeddable":true,"href":"https:\/\/www.upla.cl\/facultad\/cienciaseducacion\/wp-json\/wp\/v2\/users\/1"}],"replies":[{"embeddable":true,"href":"https:\/\/www.upla.cl\/facultad\/cienciaseducacion\/wp-json\/wp\/v2\/comments?post=99318"}],"version-history":[{"count":0,"href":"https:\/\/www.upla.cl\/facultad\/cienciaseducacion\/wp-json\/wp\/v2\/pages\/99318\/revisions"}],"up":[{"embeddable":true,"href":"https:\/\/www.upla.cl\/facultad\/cienciaseducacion\/wp-json\/wp\/v2\/pages\/84"}],"wp:featuredmedia":[{"embeddable":true,"href":"https:\/\/www.upla.cl\/facultad\/cienciaseducacion\/wp-json\/wp\/v2\/media\/99319"}],"wp:attachment":[{"href":"https:\/\/www.upla.cl\/facultad\/cienciaseducacion\/wp-json\/wp\/v2\/media?parent=99318"}],"curies":[{"name":"wp","href":"https:\/\/api.w.org\/{rel}","templated":true}]}}