{"id":99307,"date":"2021-08-30T09:53:42","date_gmt":"2021-08-30T13:53:42","guid":{"rendered":"https:\/\/www.upla.cl\/facultad\/cienciaseducacion\/?page_id=99307"},"modified":"2025-11-12T16:07:47","modified_gmt":"2025-11-12T19:07:47","slug":"magister-en-evaluacion-educacional","status":"publish","type":"page","link":"https:\/\/www.upla.cl\/facultad\/cienciaseducacion\/postgrado\/magister-en-evaluacion-educacional\/","title":{"rendered":"Mag\u00edster en Evaluaci\u00f3n Educacional"},"content":{"rendered":"<p>[et_pb_section fb_built=\u00bb1&#8243; fullwidth=\u00bbon\u00bb _builder_version=\u00bb4.16&#8243; _module_preset=\u00bbdefault\u00bb global_colors_info=\u00bb{}\u00bb][et_pb_fullwidth_post_title meta=\u00bboff\u00bb featured_placement=\u00bbbackground\u00bb _builder_version=\u00bb4.16&#8243; _module_preset=\u00bbdefault\u00bb title_text_color=\u00bb#FFFFFF\u00bb background_color=\u00bb#B55103&#8243; background_image=\u00bbhttps:\/\/www.upla.cl\/facultad\/cienciaseducacion\/wp-content\/uploads\/2021\/07\/casacentral_patio_1920x1080.jpg\u00bb background_blend=\u00bbmultiply\u00bb custom_padding=\u00bb13.1%||13.1%||true|false\u00bb global_colors_info=\u00bb{}\u00bb][\/et_pb_fullwidth_post_title][\/et_pb_section][et_pb_section fb_built=\u00bb1&#8243; _builder_version=\u00bb4.16&#8243; custom_margin=\u00bb100px|||||\u00bb custom_padding=\u00bb0px|||||\u00bb global_colors_info=\u00bb{}\u00bb][et_pb_row column_structure=\u00bb2_3,1_3&#8243; use_custom_gutter=\u00bbon\u00bb _builder_version=\u00bb4.24.2&#8243; custom_margin=\u00bb|||76px|false|false\u00bb custom_padding=\u00bb3px||0px|||\u00bb global_colors_info=\u00bb{}\u00bb][et_pb_column type=\u00bb2_3&#8243; _builder_version=\u00bb4.16&#8243; custom_padding=\u00bb|||\u00bb global_colors_info=\u00bb{}\u00bb custom_padding__hover=\u00bb|||\u00bb][et_pb_accordion open_toggle_text_color=\u00bb#000000&#8243; admin_label=\u00bbAcorde\u00f3n: ficha programa\u00bb _builder_version=\u00bb4.27.3&#8243; toggle_level=\u00bbh3&#8243; toggle_font_size=\u00bb30px\u00bb closed_toggle_font_size=\u00bb18px\u00bb custom_margin=\u00bb||||false|false\u00bb global_colors_info=\u00bb{}\u00bb][et_pb_accordion_item title=\u00bbPresentaci\u00f3n\u00bb open=\u00bbon\u00bb _builder_version=\u00bb4.27.3&#8243; global_colors_info=\u00bb{}\u00bb]<\/p>\n<p>Programa de naturaleza profesional, cuyo prop\u00f3sito es formar graduados del m\u00e1s alto nivel de excelencia, a partir de una s\u00f3lida formaci\u00f3n acad\u00e9mica y epistemol\u00f3gica, capaces de contribuir de manera efectiva al desarrollo de la evaluaci\u00f3n educacional y a la consolidaci\u00f3n de los saberes propios de la disciplina.<\/p>\n<p>El perfil del\/la graduado\/a del programa de Mag\u00edster en Evaluaci\u00f3n Educacional refiere a una amplia formaci\u00f3n en el campo de la evaluaci\u00f3n y su \u00e1mbito de aplicaci\u00f3n, la educaci\u00f3n.<\/p>\n<p>Desde una perspectiva anal\u00edtica\u2013explicativa, el\/la graduado\/a del programa desarrollar\u00e1n competencias que le permitir\u00e1n intervenir y gestionar evaluativamente diversas comunidades, niveles y programas, en el marco de aprendizajes deseables. Su formaci\u00f3n caracterizada por un amplio conocimiento te\u00f3rico conceptual, pr\u00e1ctico y t\u00e9cnico de la evaluaci\u00f3n, habilita al\/la egresado\/a para desempe\u00f1arse como evaluador\/a educacional en diversos campos de acci\u00f3n, en los cuales:<\/p>\n<p>&nbsp;<\/p>\n<ol>\n<li>Gestiona y lidera proyectos de evaluaci\u00f3n educacional.<\/li>\n<li>Asesora en toda gama de necesidades y materias de evaluaci\u00f3n educativa.<\/li>\n<li>Ejecuta proyectos y labores t\u00e9cnicas relativas a evaluaci\u00f3n en educaci\u00f3n.<\/li>\n<li>Investiga a trav\u00e9s de la evaluaci\u00f3n del propio proceso de evaluaci\u00f3n o aspectos afines.<\/li>\n<li>Hace docencia a nivel superior en el \u00e1mbito de la evaluaci\u00f3n y de la investigaci\u00f3n.<\/li>\n<li>Comunica y socializa resultados y metodolog\u00edas de investigaci\u00f3n y evaluaci\u00f3n educacional.<\/li>\n<\/ol>\n<p>[\/et_pb_accordion_item][\/et_pb_accordion][\/et_pb_column][et_pb_column type=\u00bb1_3&#8243; _builder_version=\u00bb4.16&#8243; custom_padding=\u00bb|||\u00bb global_colors_info=\u00bb{}\u00bb custom_padding__hover=\u00bb|||\u00bb][et_pb_team_member name=\u00bbCoordinadora\u00bb position=\u00bbDaisy Gonz\u00e1lez Parada\u00bb admin_label=\u00bbDirecci\u00f3n de carrera\u00bb _builder_version=\u00bb4.27.4&#8243; _module_preset=\u00bbdefault\u00bb header_text_align=\u00bbleft\u00bb header_text_color=\u00bb#000000&#8243; header_font_size=\u00bb20px\u00bb header_line_height=\u00bb0.3em\u00bb body_font=\u00bb||||||||\u00bb body_text_align=\u00bbleft\u00bb body_text_color=\u00bb#004562&#8243; position_font=\u00bb|600|||||||\u00bb position_text_align=\u00bbleft\u00bb position_text_color=\u00bb#565656&#8243; position_line_height=\u00bb1.8em\u00bb text_orientation=\u00bbleft\u00bb width=\u00bb100%\u00bb max_width=\u00bb90%\u00bb max_width_tablet=\u00bb100%\u00bb max_width_phone=\u00bb70%\u00bb max_width_last_edited=\u00bbon|desktop\u00bb module_alignment=\u00bbcenter\u00bb custom_margin=\u00bb||||false|false\u00bb custom_padding=\u00bb||||false|false\u00bb hover_enabled=\u00bb0&#8243; header_text_align_tablet=\u00bbcenter\u00bb header_text_align_phone=\u00bbcenter\u00bb header_text_align_last_edited=\u00bbon|phone\u00bb border_color_left=\u00bb#BCE3FA\u00bb border_color_all_image=\u00bb#004562&#8243; global_colors_info=\u00bb{}\u00bb sticky_enabled=\u00bb0&#8243;]<\/p>\n<p style=\"text-align: left;\"><a href=\"mailto:coordinacionmageva@upla.cl\">coordinacionmageva@upla.cl<\/a><\/p>\n<p>[\/et_pb_team_member][et_pb_text disabled_on=\u00bbon|on|on\u00bb _builder_version=\u00bb4.25.1&#8243; _module_preset=\u00bbdefault\u00bb custom_padding=\u00bb|||6%|false|false\u00bb disabled=\u00bbon\u00bb global_colors_info=\u00bb{}\u00bb]<\/p>\n<p><strong>Decreto de Creaci\u00f3n:<\/strong><br \/><a href=\"https:\/\/www.upla.cl\/transparencia\/wp-content\/uploads\/2022\/11\/20221008_estructuraorganica_sep-2022_dto_exto_0812-2022.pdf\" target=\"_blank\" rel=\"noopener\" title=\"Decreto Exento N\u00ba 0812\/2022\">Decreto Exento N\u00ba 0812\/2022<\/a><\/p>\n<p>[\/et_pb_text][et_pb_blurb title=\u00bbM\u00e1s informaci\u00f3n\u00bb url=\u00bbhttps:\/\/www.upla.cl\/postgrado\/magisteres\/evaluacion-educacional\/\u00bb use_icon=\u00bbon\u00bb font_icon=\u00bb&#xe046;||divi||400&#8243; icon_color=\u00bb#FFFFFF\u00bb icon_placement=\u00bbleft\u00bb image_icon_width=\u00bb50px\u00bb content_max_width=\u00bb596px\u00bb admin_label=\u00bbMatr\u00edcula de postgrado\u00bb _builder_version=\u00bb4.27.3&#8243; _module_preset=\u00bbdefault\u00bb header_font=\u00bb|800|||||||\u00bb header_text_color=\u00bb#FFFFFF\u00bb header_font_size=\u00bb23px\u00bb body_font=\u00bb|600|||||||\u00bb body_text_color=\u00bb#FFFFFF\u00bb body_font_size=\u00bb13px\u00bb background_color=\u00bb#B55103&#8243; width=\u00bb100%\u00bb max_width=\u00bb100%\u00bb custom_margin=\u00bb|-74px|35px|2px||\u00bb custom_padding=\u00bb20px|29px|20px|29px|true|true\u00bb link_option_url=\u00bbhttps:\/\/www.upla.cl\/postgrado\/magisteres\/evaluacion-educacional\/\u00bb border_radii=\u00bboff||15px||15px\u00bb border_color_all_image=\u00bb#004562&#8243; global_colors_info=\u00bb{}\u00bb header_text_color__hover_enabled=\u00bbon|hover\u00bb header_text_color__hover=\u00bb#FFFFFF\u00bb icon_color__hover_enabled=\u00bbon|hover\u00bb icon_color__hover=\u00bb#FFFFFF\u00bb background__hover_enabled=\u00bbon|hover\u00bb background_color__hover=\u00bb#EA5B0C\u00bb background_enable_color__hover=\u00bbon\u00bb]<\/p>\n<p>En el sitio de Postgrado UPLA.<\/p>\n<p>[\/et_pb_blurb][et_pb_blurb title=\u00bbAcreditaci\u00f3n\u00bb url=\u00bbhttps:\/\/www.upla.cl\/calidad\/acreditacion\/programas-postgrado-acreditados-2\/\u00bb url_new_window=\u00bbon\u00bb use_icon=\u00bbon\u00bb font_icon=\u00bb&#x5a;||divi||400&#8243; icon_color=\u00bb#009966&#8243; icon_placement=\u00bbleft\u00bb image_icon_width=\u00bb40px\u00bb content_max_width=\u00bb1100px\u00bb admin_label=\u00bbestadoacreditacionpostgrado\u00bb _builder_version=\u00bb4.27.3&#8243; _module_preset=\u00bbdefault\u00bb header_text_color=\u00bb#006699&#8243; header_font_size=\u00bb22px\u00bb body_text_color=\u00bb#666666&#8243; custom_padding=\u00bb20px|40px|20px|40px|true|true\u00bb link_option_url=\u00bbhttps:\/\/www.upla.cl\/calidad\/acreditacion\/programas-postgrado-acreditados-2\/\u00bb link_option_url_new_window=\u00bbon\u00bb border_radii=\u00bboff||15px||15px\u00bb box_shadow_style=\u00bbpreset1&#8243; icon_font_size=\u00bb40px\u00bb global_colors_info=\u00bb{}\u00bb transform_styles__hover_enabled=\u00bbon|hover\u00bb transform_scale__hover_enabled=\u00bbon|hover\u00bb transform_translate__hover_enabled=\u00bbon|desktop\u00bb transform_rotate__hover_enabled=\u00bbon|desktop\u00bb transform_skew__hover_enabled=\u00bbon|desktop\u00bb transform_origin__hover_enabled=\u00bbon|desktop\u00bb transform_scale__hover=\u00bb90%|90%\u00bb]<\/p>\n<p>Revisa el estado de acreditaci\u00f3n de este programa en <span style=\"text-decoration: underline;\"><strong>en este enlace<\/strong><\/span>.<\/p>\n<p>[\/et_pb_blurb][\/et_pb_column][\/et_pb_row][\/et_pb_section][et_pb_section fb_built=\u00bb1&#8243; admin_label=\u00bbBecas y beneficios\u00bb _builder_version=\u00bb4.24.3&#8243; _module_preset=\u00bbdefault\u00bb background_color=\u00bb#f4f4f4&#8243; custom_margin=\u00bb||0px||false|false\u00bb custom_padding=\u00bb50px||3px||false|false\u00bb global_module=\u00bb106330&#8243; saved_tabs=\u00bball\u00bb global_colors_info=\u00bb{}\u00bb][et_pb_row column_structure=\u00bb1_3,1_3,1_3&#8243; use_custom_gutter=\u00bbon\u00bb gutter_width=\u00bb1.2&#8243; custom_padding_last_edited=\u00bbon|phone\u00bb _builder_version=\u00bb4.22.2&#8243; _module_preset=\u00bbdefault\u00bb background_color=\u00bbRGBA(255,255,255,0)\u00bb max_width=\u00bb2560px\u00bb min_height=\u00bb350px\u00bb custom_margin=\u00bb-3.3%|auto|10px|auto|false|true\u00bb custom_padding=\u00bb50px|0px|14px|0px|false|false\u00bb custom_padding_tablet=\u00bb\u00bb custom_padding_phone=\u00bb0px|0px|14px|0px|false|false\u00bb animation_style=\u00bbslide\u00bb animation_direction=\u00bbbottom\u00bb animation_intensity_slide=\u00bb6%\u00bb animation_starting_opacity=\u00bb100%\u00bb animation_starting_opacity_tablet=\u00bb100%\u00bb animation_starting_opacity_phone=\u00bb100%\u00bb animation_starting_opacity_last_edited=\u00bbon|desktop\u00bb border_radii=\u00bbon|15px|15px|15px|15px\u00bb border_color_top=\u00bbRGBA(255,255,255,0)\u00bb border_style_top=\u00bboutset\u00bb global_colors_info=\u00bb{}\u00bb][et_pb_column type=\u00bb1_3&#8243; _builder_version=\u00bb4.22.1&#8243; _module_preset=\u00bbdefault\u00bb global_colors_info=\u00bb{}\u00bb][et_pb_text _builder_version=\u00bb4.27.3&#8243; _module_preset=\u00bbdefault\u00bb text_font=\u00bb|800|||||||\u00bb text_text_color=\u00bb#004562&#8243; text_font_size=\u00bb25px\u00bb text_line_height=\u00bb1.6em\u00bb header_font=\u00bb||||||||\u00bb header_2_font=\u00bb|700|||||||\u00bb header_2_text_align=\u00bbleft\u00bb header_2_text_color=\u00bb#565656&#8243; header_2_font_size=\u00bb32px\u00bb header_3_text_color=\u00bb#000000&#8243; header_3_font_size=\u00bb30px\u00bb text_orientation=\u00bbcenter\u00bb custom_padding=\u00bb20px||20px|30px|false|false\u00bb global_colors_info=\u00bb{}\u00bb]<\/p>\n<blockquote>\n<h3 style=\"text-align: left;\">Becas y beneficios<\/h3>\n<\/blockquote>\n<p>[\/et_pb_text][\/et_pb_column][et_pb_column type=\u00bb1_3&#8243; _builder_version=\u00bb4.22.1&#8243; _module_preset=\u00bbdefault\u00bb global_colors_info=\u00bb{}\u00bb][et_pb_blurb title=\u00bbBecas de Postgrado UPLA\u00bb url=\u00bbhttps:\/\/www.upla.cl\/postgrado\/escuela-de-postgrado\/becas-de-postgrado\/\u00bb url_new_window=\u00bbon\u00bb image=\u00bbhttps:\/\/www.upla.cl\/facultad\/cienciaseducacion\/wp-content\/uploads\/2017\/03\/nivelaciondeestudios.png\u00bb _builder_version=\u00bb4.27.3&#8243; _module_preset=\u00bbdefault\u00bb header_font=\u00bb|600|||||||\u00bb header_text_color=\u00bb#000000&#8243; body_text_color=\u00bb#565656&#8243; body_line_height=\u00bb1.2em\u00bb animation_direction=\u00bbright\u00bb animation=\u00bbright\u00bb link_option_url=\u00bbhttps:\/\/www.upla.cl\/postgrado\/escuela-de-postgrado\/becas-de-postgrado\/\u00bb link_option_url_new_window=\u00bbon\u00bb border_radii_image=\u00bbon|5px|5px|5px|5px\u00bb box_shadow_style_image=\u00bbpreset3&#8243; global_colors_info=\u00bb{}\u00bb]<\/p>\n<p>Uno de los objetivos estrat\u00e9gicos de la Universidad de Playa Ancha es desarrollar y fortalecer sus programas de Postgrado, bajo los criterios de aseguramiento de la calidad establecidos tanto por la normativa interna como externa.<\/p>\n<p>[\/et_pb_blurb][\/et_pb_column][et_pb_column type=\u00bb1_3&#8243; _builder_version=\u00bb4.22.1&#8243; _module_preset=\u00bbdefault\u00bb global_colors_info=\u00bb{}\u00bb][et_pb_blurb title=\u00bbConcursos ANID\u00bb url=\u00bbhttps:\/\/anid.cl\/concursos\/jsf\/jet-engine\/tax\/areas:7\/\u00bb url_new_window=\u00bbon\u00bb image=\u00bbhttps:\/\/www.upla.cl\/facultad\/cienciaseducacion\/wp-content\/uploads\/2024\/11\/20231206_anid.jpeg\u00bb _builder_version=\u00bb4.27.3&#8243; _module_preset=\u00bbdefault\u00bb header_font=\u00bb|600|||||||\u00bb header_text_color=\u00bb#000000&#8243; body_text_color=\u00bb#565656&#8243; body_line_height=\u00bb1.2em\u00bb background_enable_image=\u00bboff\u00bb animation_direction=\u00bbright\u00bb animation=\u00bbright\u00bb link_option_url=\u00bbhttps:\/\/anid.cl\/concursos\/jsf\/jet-engine\/tax\/areas:7\/\u00bb link_option_url_new_window=\u00bbon\u00bb border_radii_image=\u00bbon|5px|5px|5px|5px\u00bb box_shadow_style_image=\u00bbpreset3&#8243; global_colors_info=\u00bb{}\u00bb]<\/p>\n<p>Permiten financiar estudios en programas de mag\u00edster y doctorado, tanto en Chile como en el extranjero.<\/p>\n<p>[\/et_pb_blurb][\/et_pb_column][\/et_pb_row][\/et_pb_section]<\/p>\n","protected":false},"excerpt":{"rendered":"<p>Programa de naturaleza profesional, cuyo prop\u00f3sito es formar graduados del m\u00e1s alto nivel de excelencia, a partir de una s\u00f3lida formaci\u00f3n acad\u00e9mica y epistemol\u00f3gica, capaces de contribuir de manera efectiva [&hellip;]<\/p>\n","protected":false},"author":1,"featured_media":99310,"parent":84,"menu_order":4,"comment_status":"closed","ping_status":"closed","template":"","meta":{"_et_pb_use_builder":"on","_et_pb_old_content":"","_et_gb_content_width":"","footnotes":""},"class_list":["post-99307","page","type-page","status-publish","has-post-thumbnail","hentry"],"_links":{"self":[{"href":"https:\/\/www.upla.cl\/facultad\/cienciaseducacion\/wp-json\/wp\/v2\/pages\/99307","targetHints":{"allow":["GET"]}}],"collection":[{"href":"https:\/\/www.upla.cl\/facultad\/cienciaseducacion\/wp-json\/wp\/v2\/pages"}],"about":[{"href":"https:\/\/www.upla.cl\/facultad\/cienciaseducacion\/wp-json\/wp\/v2\/types\/page"}],"author":[{"embeddable":true,"href":"https:\/\/www.upla.cl\/facultad\/cienciaseducacion\/wp-json\/wp\/v2\/users\/1"}],"replies":[{"embeddable":true,"href":"https:\/\/www.upla.cl\/facultad\/cienciaseducacion\/wp-json\/wp\/v2\/comments?post=99307"}],"version-history":[{"count":0,"href":"https:\/\/www.upla.cl\/facultad\/cienciaseducacion\/wp-json\/wp\/v2\/pages\/99307\/revisions"}],"up":[{"embeddable":true,"href":"https:\/\/www.upla.cl\/facultad\/cienciaseducacion\/wp-json\/wp\/v2\/pages\/84"}],"wp:featuredmedia":[{"embeddable":true,"href":"https:\/\/www.upla.cl\/facultad\/cienciaseducacion\/wp-json\/wp\/v2\/media\/99310"}],"wp:attachment":[{"href":"https:\/\/www.upla.cl\/facultad\/cienciaseducacion\/wp-json\/wp\/v2\/media?parent=99307"}],"curies":[{"name":"wp","href":"https:\/\/api.w.org\/{rel}","templated":true}]}}