{"id":100549,"date":"2024-08-29T18:00:42","date_gmt":"2024-08-29T22:00:42","guid":{"rendered":"https:\/\/www.upla.cl\/facultad\/cienciaseducacion\/?page_id=100549"},"modified":"2025-10-28T15:05:24","modified_gmt":"2025-10-28T18:05:24","slug":"comite-editorial","status":"publish","type":"page","link":"https:\/\/www.upla.cl\/facultad\/cienciaseducacion\/comite-editorial\/","title":{"rendered":"Comit\u00e9 editorial"},"content":{"rendered":"<p>[et_pb_section fb_built=\u00bb1&#8243; fullwidth=\u00bbon\u00bb _builder_version=\u00bb4.16&#8243; _module_preset=\u00bbdefault\u00bb global_colors_info=\u00bb{}\u00bb][et_pb_fullwidth_post_title meta=\u00bboff\u00bb featured_placement=\u00bbbackground\u00bb _builder_version=\u00bb4.27.0&#8243; _module_preset=\u00bbdefault\u00bb title_text_color=\u00bb#FFFFFF\u00bb background_color=\u00bb#B55103&#8243; background_image=\u00bbhttps:\/\/www.upla.cl\/facultad\/cienciaseducacion\/wp-content\/uploads\/2021\/07\/casacentral_patio_1920x1080.jpg\u00bb background_position=\u00bbtop_center\u00bb background_vertical_offset=\u00bb22%\u00bb background_blend=\u00bbmultiply\u00bb custom_padding=\u00bb13.1%||13.1%||true|false\u00bb global_colors_info=\u00bb{}\u00bb][\/et_pb_fullwidth_post_title][\/et_pb_section][et_pb_section fb_built=\u00bb1&#8243; _builder_version=\u00bb4.21.0&#8243; _module_preset=\u00bbdefault\u00bb background_color=\u00bbrgba(247,166,0,0.36)\u00bb global_colors_info=\u00bb{}\u00bb][et_pb_row column_structure=\u00bb1_2,1_2&#8243; use_custom_gutter=\u00bbon\u00bb gutter_width=\u00bb3&#8243; _builder_version=\u00bb4.27.0&#8243; _module_preset=\u00bbdefault\u00bb global_colors_info=\u00bb{}\u00bb][et_pb_column type=\u00bb1_2&#8243; _builder_version=\u00bb4.21.0&#8243; _module_preset=\u00bbdefault\u00bb global_colors_info=\u00bb{}\u00bb][et_pb_blurb title=\u00bbLineamientos generales sobre el funcionamiento del Comit\u00e9 editorial \u00bb url=\u00bbhttp:\/\/www.roe.cl\/index.php\/roe\u00bb url_new_window=\u00bbon\u00bb use_icon=\u00bbon\u00bb font_icon=\u00bb&#x68;||divi||400&#8243; icon_color=\u00bb#E35000&#8243; icon_placement=\u00bbleft\u00bb image_icon_width=\u00bb50px\u00bb content_max_width=\u00bb1100px\u00bb _builder_version=\u00bb4.27.0&#8243; _module_preset=\u00bbdefault\u00bb header_font=\u00bb|800||on|||||\u00bb header_text_color=\u00bb#000000&#8243; header_font_size=\u00bb22px\u00bb body_text_color=\u00bb#000000&#8243; body_link_font=\u00bb|700|||on|||#009BDB|\u00bb body_link_text_color=\u00bb#009BDB\u00bb link_option_url=\u00bbhttp:\/\/www.roe.cl\/index.php\/roe\u00bb link_option_url_new_window=\u00bbon\u00bb icon_font_size=\u00bb50px\u00bb global_colors_info=\u00bb{}\u00bb]<\/p>\n<p>El siguiente documento describe los lineamientos generales que rigen al Comit\u00e9 Editorial de la Facultad de Ciencias de la Educaci\u00f3n de la Universidad de Playa Ancha y desde el cual se desprenden los diversos procedimientos para su funcionamiento. Estos lineamientos responden al Decreto Exento N\u00ba 0922\/2023, publicado el 13 de abril de 2023, que regula el funcionamiento del Sello Editorial Punt\u00e1ngeles de la Universidad de Playa Ancha, tributando en particular, al numeral III, d, art\u00edculos 12, 13, 14, 15 y 16.<\/p>\n<p>[\/et_pb_blurb][et_pb_text _builder_version=\u00bb4.27.0&#8243; _module_preset=\u00bbdefault\u00bb global_colors_info=\u00bb{}\u00bb]<\/p>\n<h3>Descripci\u00f3n general<\/h3>\n<p>El Comit\u00e9 Editorial de la Facultad de Ciencias de la Educaci\u00f3n tiene como objetivo evaluar la producci\u00f3n de libros, manuales, proyectos u otros productos editoriales realizados por acad\u00e9micas y acad\u00e9micos de esta facultad, destinados a aportar conocimiento relacionado al \u00e1mbito educativo, velando para que dicha producci\u00f3n responda a los est\u00e1ndares de lineamientos de los departamentos de la Facultad para las \u00e1reas de investigaci\u00f3n y vinculaci\u00f3n con el medio, y de la Agencia Nacional de Investigaci\u00f3n y Desarrollo (ANID).<\/p>\n<p>El Comit\u00e9 Editorial est\u00e1 conformado por tres acad\u00e9micas o acad\u00e9micos de la Facultad, de las dos m\u00e1s altas jerarqu\u00edas, que cuentan con el respaldo de la decanatura y del Consejo de la Facultad para cumplir su misi\u00f3n. La aceptaci\u00f3n y ejercicio de cargo es voluntario. No podr\u00e1n ser miembros del Comit\u00e9, acad\u00e9micas o acad\u00e9micos con cargos directivos.<\/p>\n<p>Las acad\u00e9micas y los acad\u00e9micos podr\u00e1n postular para ser miembros del Comit\u00e9 Editorial, siendo ratificados por el Consejo de Facultad.<\/p>\n<p>Los miembros del Comit\u00e9 Editorial tienen una permanencia de 3 a\u00f1os, pudiendo continuar por un nuevo periodo con la ratificaci\u00f3n del Consejo de Facultad para un pr\u00f3ximo per\u00edodo.<\/p>\n<p>Por otra parte, no percibir\u00e1n asignaciones de cargo y su participaci\u00f3n ser\u00e1 de 3 horas semanales, las que deben ser consideradas en su compromiso acad\u00e9mico.[\/et_pb_text][et_pb_text _builder_version=\u00bb4.27.0&#8243; _module_preset=\u00bbdefault\u00bb global_colors_info=\u00bb{}\u00bb]<\/p>\n<h3>Funciones del Comit\u00e9 Editorial<\/h3>\n<ol>\n<li>Evaluar los productos de las acad\u00e9micas y de los acad\u00e9micos de la Facultad que aspiran a ser publicados por el Sello Editorial Punt\u00e1ngeles.<\/li>\n<li>Patrocinar los trabajos que cumplan con las l\u00edneas de investigaci\u00f3n de los departamentos de la Facultad y con est\u00e1ndares de calidad acad\u00e9micos para ser publicados por el Sello Editorial Punt\u00e1ngeles.<\/li>\n<li>Gestionar el apoyo de un referato externo en caso de que sea necesario, asegurando la idoneidad de las y los especialistas, utilizando un sistema doble ciego y evitando la<br \/>presencia de conflictos de intereses.<\/li>\n<li>Implementar y actualizar un sistema de evaluaci\u00f3n que permita la revisi\u00f3n de la producci\u00f3n acad\u00e9mica para ser publicada por el Sello Editorial Punt\u00e1ngeles.<\/li>\n<li>Proponer al Consejo de Facultad, las necesidades de financiamiento de las publicaciones proyectadas para cada a\u00f1o, indicando los montos necesarios que ser\u00e1n incorporados a los planes operativos de la Facultad, tarea que deber\u00e1 ser asesorada desde la Direcci\u00f3n del Sello Editorial.<\/li>\n<li>Informar anualmente al Consejo de Facultad las tareas de patrocinio, referato y productos publicados.<\/li>\n<\/ol>\n<p>[\/et_pb_text][\/et_pb_column][et_pb_column type=\u00bb1_2&#8243; _builder_version=\u00bb4.21.0&#8243; _module_preset=\u00bbdefault\u00bb global_colors_info=\u00bb{}\u00bb][et_pb_blurb title=\u00bbProceso de toma de decisiones del Comit\u00e9 editorial\u00bb url=\u00bbhttp:\/\/www.roe.cl\/index.php\/roe\u00bb url_new_window=\u00bbon\u00bb use_icon=\u00bbon\u00bb font_icon=\u00bb&#x68;||divi||400&#8243; icon_color=\u00bb#E35000&#8243; icon_placement=\u00bbleft\u00bb image_icon_width=\u00bb50px\u00bb content_max_width=\u00bb1100px\u00bb _builder_version=\u00bb4.27.0&#8243; _module_preset=\u00bbdefault\u00bb header_font=\u00bb|800||on|||||\u00bb header_text_color=\u00bb#000000&#8243; header_font_size=\u00bb22px\u00bb body_text_color=\u00bb#000000&#8243; body_link_font=\u00bb|700|||on|||#009BDB|\u00bb body_link_text_color=\u00bb#009BDB\u00bb link_option_url=\u00bbhttp:\/\/www.roe.cl\/index.php\/roe\u00bb link_option_url_new_window=\u00bbon\u00bb icon_font_size=\u00bb50px\u00bb global_colors_info=\u00bb{}\u00bb]<\/p>\n<p>El siguiente documento describe el proceso que realiza el Comit\u00e9 Editorial de la Facultad de Ciencias de la Educaci\u00f3n de la Universidad de Playa Ancha para tomar la decisiones respecto del patrocinio de los trabajos de las acad\u00e9micas y de los acad\u00e9micos.<\/p>\n<p>En general, se distinguen dos tipos de trabajos: productos terminados y proyectos.<\/p>\n<p>[\/et_pb_blurb][et_pb_text _builder_version=\u00bb4.27.0&#8243; _module_preset=\u00bbdefault\u00bb global_colors_info=\u00bb{}\u00bb]<\/p>\n<h3>Productos terminados<\/h3>\n<p>Comprende la presentaci\u00f3n de libros, manuales u otros productos editoriales totalmente acabados y propuestos por el autor para ser publicado por el Sello Editorial Punt\u00e1ngeles. Las siguientes son las instancias por las cuales pasar\u00e1 el producto:<\/p>\n<ol>\n<li>El Comit\u00e9 Editorial realizar\u00e1 una primera revisi\u00f3n general de las obras terminadas recibidas.<\/li>\n<li>En caso de que un producto terminado sea aprobado por el Comit\u00e9 en primera instancia, \u00e9ste es enviado a dos r\u00e9feris especialistas externos a la Universidad para una evaluaci\u00f3n en profundidad del trabajo.<\/li>\n<li>Una vez recibida la evaluaci\u00f3n de los r\u00e9feris especializados, el Comit\u00e9 decidir\u00e1 sobre la entrega del patrocinio.<\/li>\n<li>El Comit\u00e9 elaborar\u00e1 una carta, certificando la participaci\u00f3n del evaluador o evaluadora en el proceso.<\/li>\n<li>El Comit\u00e9 elaborar\u00e1 una carta dirigida al interesado o a la interesada, con copia a la decanatura de la Facultad de Ciencias de la Educaci\u00f3n en la que se informar\u00e1 del resultado de la revisi\u00f3n y su fundamento. En caso de ser necesario entregar\u00e1 retroalimentaci\u00f3n y sugerencias de mejora.<\/li>\n<li>Cuando el resultado de la revisi\u00f3n sea positiva, el Comit\u00e9 entregar\u00e1\u00a0una carta de patrocinio a la obra.<\/li>\n<li>Cuando la revisi\u00f3n determine que la obra no cumple con los est\u00e1ndares esperados no se entregar\u00e1 el patrocinio solicitado. La negativa al patrocinio no es impedimento para volver a solicitarlo, siempre y cuando se hayan realizado modificaciones sugeridas en la etapa anterior.<\/li>\n<\/ol>\n<p>[\/et_pb_text][et_pb_text _builder_version=\u00bb4.27.0&#8243; _module_preset=\u00bbdefault\u00bb global_colors_info=\u00bb{}\u00bb]<\/p>\n<h3>Proyectos o maquetas para ser presentados a concursos u otras instancias<\/h3>\n<p>Se refiere a propuestas o proyectos de libros, manuales u otros productos, descritos s\u00f3lo de manera general para ser concretados posteriormente y publicados por el Sello Editorial Punt\u00e1ngeles. Las etapas por las que deber\u00e1 transcurrir este tipo de iniciativas ser\u00e1n:<\/p>\n<ol>\n<li>El Comit\u00e9 Rditorial realizar\u00e1 una primera revisi\u00f3n general del proyecto o maqueta recibida y decide sobre su patrocinio.<\/li>\n<li>En caso de ser necesario, el Comit\u00e9 puede recurrir a 1 o 2 r\u00e9feris externos, especializados en el \u00e1rea seg\u00fan corresponda, para conocer su opini\u00f3n del proyecto o maqueta y decidir finalmente sobre la entrega de su patrocinio.<\/li>\n<li>El Comit\u00e9 elaborar\u00e1 una carta dirigidaa la interesada o a el interesado con copia a la decanatura\u00a0de la Facultad donde informar\u00e1 del resultado de la revisi\u00f3n y su<br \/>fundamento. En caso de ser necesario se entrega retroalimentaci\u00f3n y sugerencias de mejora.<\/li>\n<li>Cuando el resultado de la revisi\u00f3n sea positiva el Comit\u00e9 expedir\u00e1 una carta de patrocinio al autor o a la autora del proyecto o maqueta tras su visado.<\/li>\n<li>Cuando la revisi\u00f3n determine que el proyecto o maqueta no cumple con los est\u00e1ndares esperados no se entregar\u00e1 el patrocinio solicitado. La negativa al patrocinio para el proyecto o maqueta no es impedimento para volver a solicitarlo, siempre y cuando se hayan realizado modificaciones sugeridas en la etapa anterior.<\/li>\n<\/ol>\n<p>[\/et_pb_text][et_pb_text _builder_version=\u00bb4.27.0&#8243; _module_preset=\u00bbdefault\u00bb global_colors_info=\u00bb{}\u00bb]<\/p>\n<h3>Env\u00edos al Comit\u00e9 Editorial de la Facultad de Ciencias de la Educaci\u00f3n<\/h3>\n<p>Los env\u00edos deben indicar claramente el\/la acad\u00e9mico\/a remitente, y remitirse al correo electr\u00f3nico: <a href=\"mailto:comiteditorialfaced@upla.cl\">comiteditorialfaced@upla.cl<\/a>\u00a0<\/p>\n<p>Posteriormente, en un periodo m\u00e1ximo de dos semanas de recibida la solicitud, se enviar\u00e1 una confirmaci\u00f3n de su recepci\u00f3n.<\/p>\n<p>[\/et_pb_text][\/et_pb_column][\/et_pb_row][\/et_pb_section]<\/p>\n","protected":false},"excerpt":{"rendered":"<p>El siguiente documento describe los lineamientos generales que rigen al Comit\u00e9 Editorial de la Facultad de Ciencias de la Educaci\u00f3n de la Universidad de Playa Ancha y desde el cual [&hellip;]<\/p>\n","protected":false},"author":1,"featured_media":100552,"parent":0,"menu_order":0,"comment_status":"closed","ping_status":"closed","template":"","meta":{"_et_pb_use_builder":"on","_et_pb_old_content":"","_et_gb_content_width":"","footnotes":""},"class_list":["post-100549","page","type-page","status-publish","has-post-thumbnail","hentry"],"_links":{"self":[{"href":"https:\/\/www.upla.cl\/facultad\/cienciaseducacion\/wp-json\/wp\/v2\/pages\/100549","targetHints":{"allow":["GET"]}}],"collection":[{"href":"https:\/\/www.upla.cl\/facultad\/cienciaseducacion\/wp-json\/wp\/v2\/pages"}],"about":[{"href":"https:\/\/www.upla.cl\/facultad\/cienciaseducacion\/wp-json\/wp\/v2\/types\/page"}],"author":[{"embeddable":true,"href":"https:\/\/www.upla.cl\/facultad\/cienciaseducacion\/wp-json\/wp\/v2\/users\/1"}],"replies":[{"embeddable":true,"href":"https:\/\/www.upla.cl\/facultad\/cienciaseducacion\/wp-json\/wp\/v2\/comments?post=100549"}],"version-history":[{"count":0,"href":"https:\/\/www.upla.cl\/facultad\/cienciaseducacion\/wp-json\/wp\/v2\/pages\/100549\/revisions"}],"wp:featuredmedia":[{"embeddable":true,"href":"https:\/\/www.upla.cl\/facultad\/cienciaseducacion\/wp-json\/wp\/v2\/media\/100552"}],"wp:attachment":[{"href":"https:\/\/www.upla.cl\/facultad\/cienciaseducacion\/wp-json\/wp\/v2\/media?parent=100549"}],"curies":[{"name":"wp","href":"https:\/\/api.w.org\/{rel}","templated":true}]}}