{"id":2014,"date":"2024-05-08T10:16:32","date_gmt":"2024-05-08T14:16:32","guid":{"rendered":"https:\/\/www.upla.cl\/educacionvirtual\/?page_id=2014"},"modified":"2025-10-22T12:01:01","modified_gmt":"2025-10-22T15:01:01","slug":"investigacion","status":"publish","type":"page","link":"https:\/\/www.upla.cl\/educacionvirtual\/investigacion\/","title":{"rendered":"Investigaci\u00f3n"},"content":{"rendered":"<p>[et_pb_section fb_built=\u00bb1&#8243; admin_label=\u00bbEnunciado\u00bb _builder_version=\u00bb4.26.0&#8243; _module_preset=\u00bbdefault\u00bb min_height=\u00bb774.9px\u00bb custom_margin=\u00bb||5%||false|false\u00bb custom_padding=\u00bb3px||0px|||\u00bb box_shadow_style=\u00bbpreset1&#8243; box_shadow_color=\u00bb#BCE3FA\u00bb collapsed=\u00bboff\u00bb global_colors_info=\u00bb{}\u00bb][et_pb_row column_structure=\u00bb1_2,1_2&#8243; _builder_version=\u00bb4.25.2&#8243; _module_preset=\u00bbdefault\u00bb max_width=\u00bb1280px\u00bb min_height=\u00bb772.9px\u00bb custom_margin=\u00bb|auto|21px|auto||\u00bb custom_padding=\u00bb120px||0px|||\u00bb global_colors_info=\u00bb{}\u00bb][et_pb_column type=\u00bb1_2&#8243; _builder_version=\u00bb4.24.2&#8243; _module_preset=\u00bbdefault\u00bb custom_padding=\u00bb60px||||false|false\u00bb custom_padding_tablet=\u00bb0px||||false|false\u00bb custom_padding_phone=\u00bb0px||||false|false\u00bb custom_padding_last_edited=\u00bbon|tablet\u00bb global_colors_info=\u00bb{}\u00bb][et_pb_heading title=\u00bbInvestigaci\u00f3n\u00bb _builder_version=\u00bb4.26.0&#8243; _module_preset=\u00bbdefault\u00bb title_font=\u00bb|700|||||||\u00bb title_text_align=\u00bbleft\u00bb title_text_color=\u00bb#004562&#8243; title_font_size=\u00bb36px\u00bb custom_margin=\u00bb-59px|||||\u00bb custom_margin_tablet=\u00bb60px||||false|false\u00bb custom_margin_phone=\u00bb50px||||false|false\u00bb custom_margin_last_edited=\u00bbon|phone\u00bb global_colors_info=\u00bb{}\u00bb][\/et_pb_heading][et_pb_text _builder_version=\u00bb4.25.0&#8243; _module_preset=\u00bb4b914bb5-5466-45cc-a3b9-a08ce9841bf9&#8243; text_text_color=\u00bb#666666&#8243; text_line_height=\u00bb1.7em\u00bb global_colors_info=\u00bb{}\u00bb]<\/p>\n<p>Los \u00e1mbitos investigativos contribuyen a la generaci\u00f3n de conocimientos vanguardistas que fortalecen el avance de la <strong>Educaci\u00f3n Virtual<\/strong>, con dedicaci\u00f3n a explorar y entender las din\u00e1micas cambiantes del aprendizaje en entornos digitales y la identificaci\u00f3n de pr\u00e1cticas pedag\u00f3gicas efectivas, desarrollando estrategias que optimicen la calidad y accesibilidad de la formaci\u00f3n, apoyada por recursos tecnol\u00f3gicos en l\u00ednea.<\/p>\n<p>Estas acciones forjan la evoluci\u00f3n de la educaci\u00f3n virtual, las nuevas tecnolog\u00edas, los m\u00e9todos de ense\u00f1anza y los enfoques pedag\u00f3gicos, para promover experiencias de aprendizaje enriquecedoras y significativas que impulsen nuestra misi\u00f3n de proporcionar una educaci\u00f3n de calidad, adaptada a los desaf\u00edos y oportunidades del siglo XXI.<\/p>\n<p>[\/et_pb_text][\/et_pb_column][et_pb_column type=\u00bb1_2&#8243; _builder_version=\u00bb4.25.2&#8243; _module_preset=\u00bbdefault\u00bb background_color=\u00bbRGBA(255,255,255,0)\u00bb background_image=\u00bbhttps:\/\/www.upla.cl\/educacionvirtual\/wp-content\/uploads\/2024\/03\/WEB_DEPORTE-04.png\u00bb parallax=\u00bbon\u00bb overflow-x=\u00bbvisible\u00bb overflow-y=\u00bbvisible\u00bb custom_padding=\u00bb5%|||20px|false|false\u00bb custom_padding_tablet=\u00bb20%|||20px|false|false\u00bb custom_padding_phone=\u00bb20%|||20px|false|false\u00bb custom_padding_last_edited=\u00bbon|tablet\u00bb border_radii=\u00bbon|10px|10px|10px|10px\u00bb border_width_all=\u00bb1px\u00bb border_color_all=\u00bb#004562&#8243; global_colors_info=\u00bb{}\u00bb][et_pb_text _builder_version=\u00bb4.26.0&#8243; _module_preset=\u00bbdefault\u00bb header_text_align=\u00bbleft\u00bb header_2_font=\u00bb|600|||||||\u00bb header_2_text_align=\u00bbcenter\u00bb header_2_text_color=\u00bb#004562&#8243; header_3_text_align=\u00bbcenter\u00bb header_3_text_color=\u00bb#004562&#8243; header_4_text_color=\u00bb#004562&#8243; header_4_line_height=\u00bb1.7em\u00bb custom_margin=\u00bb-6px||||false|false\u00bb custom_padding=\u00bb|7%|||false|false\u00bb global_colors_info=\u00bb{}\u00bb]<\/p>\n<h3>Propendemos a implementar procesos de investigaci\u00f3n, en nuestro compromiso constante con la innovaci\u00f3n educativa.<\/h3>\n<p>[\/et_pb_text][et_pb_image src=\u00bbhttps:\/\/www.upla.cl\/educacionvirtual\/wp-content\/uploads\/2025\/10\/20251022_computadores.jpg\u00bb title_text=\u00bbPersonas trabajando\u00bb show_bottom_space=\u00bboff\u00bb force_fullwidth=\u00bbon\u00bb _builder_version=\u00bb4.27.4&#8243; _module_preset=\u00bbdefault\u00bb custom_margin=\u00bb||5%||false|false\u00bb custom_padding=\u00bb|3%|||false|false\u00bb hover_enabled=\u00bb0&#8243; border_radii=\u00bbon|15px|15px|15px|15px\u00bb global_colors_info=\u00bb{}\u00bb sticky_enabled=\u00bb0&#8243;][\/et_pb_image][\/et_pb_column][\/et_pb_row][\/et_pb_section][et_pb_section fb_built=\u00bb1&#8243; admin_label=\u00bbSecci\u00f3n footer\u00bb _builder_version=\u00bb4.26.0&#8243; _module_preset=\u00bbdefault\u00bb background_image=\u00bbhttps:\/\/www.upla.cl\/educacionvirtual\/wp-content\/uploads\/2024\/03\/WEB_DEPORTE-04.png\u00bb min_height=\u00bb71.2px\u00bb custom_margin=\u00bb2px|||||\u00bb custom_padding=\u00bb6px||3px|||\u00bb border_color_all=\u00bb#FFFFFF\u00bb border_style_all=\u00bbnone\u00bb border_width_top=\u00bb0px\u00bb border_color_top=\u00bb#0C71C3&#8243; border_style_top=\u00bboutset\u00bb global_module=\u00bb2074&#8243; saved_tabs=\u00bball\u00bb collapsed=\u00bboff\u00bb global_colors_info=\u00bb{}\u00bb][et_pb_row column_structure=\u00bb1_3,1_3,1_3&#8243; _builder_version=\u00bb4.21.0&#8243; _module_preset=\u00bbdefault\u00bb min_height=\u00bb247.9px\u00bb custom_margin=\u00bb40px|auto|-7px|auto|false|false\u00bb custom_padding=\u00bb28px|||||\u00bb global_colors_info=\u00bb{}\u00bb][et_pb_column type=\u00bb1_3&#8243; _builder_version=\u00bb4.20.4&#8243; _module_preset=\u00bbdefault\u00bb global_colors_info=\u00bb{}\u00bb][et_pb_image src=\u00bbhttps:\/\/www.upla.cl\/educacionvirtual\/wp-content\/uploads\/2024\/03\/im-upla.png\u00bb alt=\u00bbUniversidad de Playa Ancha\u00bb title_text=\u00bbim-upla\u00bb url=\u00bbhttps:\/\/www.upla.cl\/portada\/\u00bb _builder_version=\u00bb4.26.0&#8243; _module_preset=\u00bbdefault\u00bb custom_margin=\u00bb-18px|||||\u00bb custom_padding=\u00bb|50px||||\u00bb global_colors_info=\u00bb{}\u00bb][\/et_pb_image][et_pb_text _builder_version=\u00bb4.26.0&#8243; _module_preset=\u00bbdefault\u00bb global_colors_info=\u00bb{}\u00bb]<\/p>\n<p><span style=\"color: #444444;\"><a href=\"https:\/\/goo.gl\/maps\/ATWYwP7fz8APkNqA7\" target=\"_blank\" rel=\"noopener\" style=\"color: #444444;\"><span style=\"color: #666666;\">Av. Playa Ancha 850, Valpara\u00edso, Chile.<\/span><\/a><\/span><br \/><span style=\"color: #666666;\"><a href=\"mailto:programas.virtual@upla.cl\" style=\"color: #666666;\">programas.virtual@upla.cl<\/a><\/span><br \/><span style=\"color: #666666;\">Tel\u00e9fono: <a href=\"+56322205100\" style=\"color: #666666;\">+56 32 2205100<\/a><\/span><\/p>\n<p>[\/et_pb_text][\/et_pb_column][et_pb_column type=\u00bb1_3&#8243; _builder_version=\u00bb4.20.4&#8243; _module_preset=\u00bbdefault\u00bb global_colors_info=\u00bb{}\u00bb][et_pb_image src=\u00bbhttps:\/\/www.upla.cl\/portada\/wp-content\/uploads\/2025\/03\/20250311_upla_acreditada_2022-2027-color.png\u00bb alt=\u00bbUPLA_acreditada_2022-2027&#8243; title_text=\u00bb20230713_upla-acreditada\u00bb url=\u00bbhttps:\/\/www.upla.cl\/calidad\/acreditacion\/\u00bb url_new_window=\u00bbon\u00bb _builder_version=\u00bb4.27.4&#8243; _module_preset=\u00bbdefault\u00bb custom_margin=\u00bb-25px|||||\u00bb custom_padding=\u00bb||0px|||\u00bb global_colors_info=\u00bb{}\u00bb][\/et_pb_image][et_pb_text _builder_version=\u00bb4.20.4&#8243; _module_preset=\u00bbdefault\u00bb custom_margin=\u00bb-18px||11px||false|false\u00bb custom_padding=\u00bb0px|||||\u00bb global_colors_info=\u00bb{}\u00bb]<\/p>\n<p>S\u00edguenos en nuestras redes sociales:<\/p>\n<p>[\/et_pb_text][et_pb_social_media_follow icon_color=\u00bb#FFFFFF\u00bb _builder_version=\u00bb4.20.4&#8243; _module_preset=\u00bbdefault\u00bb text_orientation=\u00bbleft\u00bb global_colors_info=\u00bb{}\u00bb][et_pb_social_media_follow_network social_network=\u00bbinstagram\u00bb url=\u00bbhttps:\/\/www.instagram.com\/upla_comunica\/\u00bb _builder_version=\u00bb4.20.4&#8243; _module_preset=\u00bbdefault\u00bb background_color=\u00bb#ea2c59&#8243; global_colors_info=\u00bb{}\u00bb follow_button=\u00bboff\u00bb url_new_window=\u00bbon\u00bb]instagram[\/et_pb_social_media_follow_network][et_pb_social_media_follow_network social_network=\u00bbfacebook\u00bb url=\u00bbhttps:\/\/www.facebook.com\/uplacomunica\u00bb _builder_version=\u00bb4.20.4&#8243; _module_preset=\u00bbdefault\u00bb background_color=\u00bb#3b5998&#8243; global_colors_info=\u00bb{}\u00bb follow_button=\u00bboff\u00bb url_new_window=\u00bbon\u00bb]facebook[\/et_pb_social_media_follow_network][et_pb_social_media_follow_network social_network=\u00bbtwitter\u00bb url=\u00bbhttps:\/\/twitter.com\/upla_comunica\u00bb _builder_version=\u00bb4.22.2&#8243; _module_preset=\u00bbdefault\u00bb background_color=\u00bb#000000&#8243; global_colors_info=\u00bb{}\u00bb follow_button=\u00bboff\u00bb url_new_window=\u00bbon\u00bb]twitter[\/et_pb_social_media_follow_network][et_pb_social_media_follow_network social_network=\u00bbyoutube\u00bb url=\u00bbhttps:\/\/www.youtube.com\/user\/comunicacionesupla\u00bb _builder_version=\u00bb4.20.4&#8243; _module_preset=\u00bbdefault\u00bb background_color=\u00bb#a82400&#8243; global_colors_info=\u00bb{}\u00bb follow_button=\u00bboff\u00bb url_new_window=\u00bbon\u00bb]youtube[\/et_pb_social_media_follow_network][\/et_pb_social_media_follow][\/et_pb_column][et_pb_column type=\u00bb1_3&#8243; _builder_version=\u00bb4.20.4&#8243; _module_preset=\u00bbdefault\u00bb global_colors_info=\u00bb{}\u00bb][wpforms_selector form_id=\u00bb2252&#8243; _builder_version=\u00bb4.26.0&#8243; _module_preset=\u00bbdefault\u00bb width=\u00bb100%\u00bb max_width=\u00bb100%\u00bb custom_margin=\u00bb-56px|||||\u00bb custom_padding=\u00bb0px|||||\u00bb global_colors_info=\u00bb{}\u00bb][\/wpforms_selector][\/et_pb_column][\/et_pb_row][\/et_pb_section]<\/p>\n","protected":false},"excerpt":{"rendered":"<p>Los \u00e1mbitos investigativos contribuyen a la generaci\u00f3n de conocimientos vanguardistas que fortalecen el avance de la Educaci\u00f3n Virtual, con dedicaci\u00f3n a explorar y entender las din\u00e1micas cambiantes del aprendizaje en entornos digitales y la identificaci\u00f3n de pr\u00e1cticas pedag\u00f3gicas efectivas, desarrollando estrategias que optimicen la calidad y accesibilidad de la formaci\u00f3n, apoyada por recursos tecnol\u00f3gicos en [&hellip;]<\/p>\n","protected":false},"author":7,"featured_media":0,"parent":0,"menu_order":0,"comment_status":"closed","ping_status":"closed","template":"","meta":{"_et_pb_use_builder":"on","_et_pb_old_content":"","_et_gb_content_width":"","footnotes":""},"class_list":["post-2014","page","type-page","status-publish","hentry"],"_links":{"self":[{"href":"https:\/\/www.upla.cl\/educacionvirtual\/wp-json\/wp\/v2\/pages\/2014","targetHints":{"allow":["GET"]}}],"collection":[{"href":"https:\/\/www.upla.cl\/educacionvirtual\/wp-json\/wp\/v2\/pages"}],"about":[{"href":"https:\/\/www.upla.cl\/educacionvirtual\/wp-json\/wp\/v2\/types\/page"}],"author":[{"embeddable":true,"href":"https:\/\/www.upla.cl\/educacionvirtual\/wp-json\/wp\/v2\/users\/7"}],"replies":[{"embeddable":true,"href":"https:\/\/www.upla.cl\/educacionvirtual\/wp-json\/wp\/v2\/comments?post=2014"}],"version-history":[{"count":16,"href":"https:\/\/www.upla.cl\/educacionvirtual\/wp-json\/wp\/v2\/pages\/2014\/revisions"}],"predecessor-version":[{"id":2365,"href":"https:\/\/www.upla.cl\/educacionvirtual\/wp-json\/wp\/v2\/pages\/2014\/revisions\/2365"}],"wp:attachment":[{"href":"https:\/\/www.upla.cl\/educacionvirtual\/wp-json\/wp\/v2\/media?parent=2014"}],"curies":[{"name":"wp","href":"https:\/\/api.w.org\/{rel}","templated":true}]}}