{"id":1987,"date":"2024-05-07T14:30:09","date_gmt":"2024-05-07T18:30:09","guid":{"rendered":"https:\/\/www.upla.cl\/educacionvirtual\/?page_id=1987"},"modified":"2024-07-03T16:58:37","modified_gmt":"2024-07-03T20:58:37","slug":"educacion-continua-2","status":"publish","type":"page","link":"https:\/\/www.upla.cl\/educacionvirtual\/educacion-continua-2\/","title":{"rendered":"Educaci\u00f3n Continua"},"content":{"rendered":"<p>[et_pb_section fb_built=\u00bb1&#8243; prev_background_color=\u00bb#000000&#8243; admin_label=\u00bbpresentacion\u00bb _builder_version=\u00bb4.26.0&#8243; _module_preset=\u00bbdefault\u00bb custom_margin=\u00bb||29px|||\u00bb custom_padding=\u00bb3px||3px|||\u00bb top_divider_style=\u00bbnone\u00bb bottom_divider_style=\u00bbnone\u00bb bottom_divider_color=\u00bb#BCE3FA\u00bb bottom_divider_height=\u00bb40px\u00bb bottom_divider_repeat=\u00bb1x\u00bb border_width_bottom=\u00bb0px\u00bb border_color_bottom=\u00bb#BCE3FA\u00bb border_style_bottom=\u00bbdotted\u00bb box_shadow_style=\u00bbpreset1&#8243; box_shadow_color=\u00bb#BCE3FA\u00bb collapsed=\u00bboff\u00bb global_colors_info=\u00bb{}\u00bb][et_pb_row column_structure=\u00bb1_2,1_2&#8243; _builder_version=\u00bb4.25.2&#8243; _module_preset=\u00bbdefault\u00bb max_width=\u00bb1280px\u00bb custom_margin=\u00bb|auto|0%|auto|false|false\u00bb custom_padding=\u00bb120px||150px|||\u00bb global_colors_info=\u00bb{}\u00bb][et_pb_column type=\u00bb1_2&#8243; _builder_version=\u00bb4.24.2&#8243; _module_preset=\u00bbdefault\u00bb custom_padding=\u00bb60px||||false|false\u00bb custom_padding_tablet=\u00bb0px||||false|false\u00bb custom_padding_phone=\u00bb0px||||false|false\u00bb custom_padding_last_edited=\u00bbon|tablet\u00bb global_colors_info=\u00bb{}\u00bb][et_pb_heading title=\u00bbEducaci\u00f3n Continua\u00bb _builder_version=\u00bb4.26.0&#8243; _module_preset=\u00bbdefault\u00bb title_font=\u00bb|700|||||||\u00bb title_text_align=\u00bbleft\u00bb title_text_color=\u00bb#004562&#8243; title_font_size=\u00bb36px\u00bb custom_margin=\u00bb-60px||||false|\u00bb custom_margin_tablet=\u00bb60px||||false|false\u00bb custom_margin_phone=\u00bb50px||||false|false\u00bb custom_margin_last_edited=\u00bbon|tablet\u00bb global_colors_info=\u00bb{}\u00bb][\/et_pb_heading][et_pb_text _builder_version=\u00bb4.25.0&#8243; _module_preset=\u00bbdefault\u00bb header_4_text_color=\u00bb#004562&#8243; header_4_line_height=\u00bb1.7em\u00bb global_colors_info=\u00bb{}\u00bb]<\/p>\n<h4><strong>Nos destacamos por ofrecer una propuesta innovadora, con una educaci\u00f3n flexible y adaptada a tus necesidades reales, horarios y circunstancias. <\/strong><strong>Contamos con <\/strong><strong>clases presenciales, a distancia, semipresenciales y online.<\/strong><\/h4>\n<p>[\/et_pb_text][et_pb_text _builder_version=\u00bb4.25.0&#8243; _module_preset=\u00bb4b914bb5-5466-45cc-a3b9-a08ce9841bf9&#8243; text_text_color=\u00bb#666666&#8243; text_line_height=\u00bb1.7em\u00bb global_colors_info=\u00bb{}\u00bb]El enfoque de nuestra Educaci\u00f3n Continua se centra en proporcionar soporte t\u00e9cnico pedag\u00f3gico a cursos, programas y actividades educativas que contribuyan al desarrollo profesional continuo a lo largo de toda la vida. Esta visi\u00f3n reconoce la importancia y responsabilidad de capacitar y perfeccionar en un mundo laboral y social en constante evoluci\u00f3n.<\/p>\n<p>Con nuestras tecnolog\u00edas, dispuestas en apoyo a los diversos procesos formativos en l\u00ednea, facilitamos la actualizaci\u00f3n de conocimientos, habilidades y nuevas competencias. Esto impulsa el crecimiento profesional y el enriquecimiento personal, a trav\u00e9s de un perfeccionamiento continuo en respuesta a los r\u00e1pidos cambios sociales y tecnol\u00f3gicos.<br \/>\n[\/et_pb_text][\/et_pb_column][et_pb_column type=\u00bb1_2&#8243; _builder_version=\u00bb4.25.2&#8243; _module_preset=\u00bbdefault\u00bb background_color=\u00bbRGBA(255,255,255,0)\u00bb background_image=\u00bbhttps:\/\/www.upla.cl\/educacionvirtual\/wp-content\/uploads\/2024\/03\/WEB_DEPORTE-04.png\u00bb background_blend=\u00bbmultiply\u00bb overflow-x=\u00bbvisible\u00bb overflow-y=\u00bbvisible\u00bb custom_padding=\u00bb20%|||20px|false|false\u00bb custom_padding_tablet=\u00bb20%|||20px|false|false\u00bb custom_padding_phone=\u00bb20%|||20px|false|false\u00bb custom_padding_last_edited=\u00bbon|tablet\u00bb border_radii=\u00bbon|10px|10px|10px|10px\u00bb border_width_all=\u00bb1px\u00bb border_color_all=\u00bb#004562&#8243; global_colors_info=\u00bb{}\u00bb][et_pb_heading title=\u00bb\u00a1\u00danete! Y experimenta una Educaci\u00f3n Continua ajustada a tu ritmo de vida.\u00bb _builder_version=\u00bb4.26.0&#8243; _module_preset=\u00bbdefault\u00bb title_level=\u00bbh3&#8243; title_font=\u00bb||||||||\u00bb title_text_align=\u00bbcenter\u00bb title_text_color=\u00bb#004562&#8243; width=\u00bb100%\u00bb min_height=\u00bb58px\u00bb custom_margin=\u00bb-188px||17px|||\u00bb custom_margin_tablet=\u00bb-80px||||false|false\u00bb custom_margin_phone=\u00bb-40px||||false|false\u00bb custom_margin_last_edited=\u00bbon|tablet\u00bb custom_padding=\u00bb|7%|||false|false\u00bb hover_enabled=\u00bb0&#8243; global_colors_info=\u00bb{}\u00bb sticky_enabled=\u00bb0&#8243; title_font_size=\u00bb22px\u00bb][\/et_pb_heading][et_pb_image src=\u00bbhttps:\/\/www.upla.cl\/educacionvirtual\/wp-content\/uploads\/2024\/07\/4e.png\u00bb title_text=\u00bb4e\u00bb _builder_version=\u00bb4.26.0&#8243; _module_preset=\u00bbdefault\u00bb custom_margin=\u00bb14px|5%|5%||false|false\u00bb custom_padding=\u00bb||||false|false\u00bb border_radii=\u00bbon|15px|15px|15px|15px\u00bb global_colors_info=\u00bb{}\u00bb][\/et_pb_image][\/et_pb_column][\/et_pb_row][\/et_pb_section][et_pb_section fb_built=\u00bb1&#8243; admin_label=\u00bbSecci\u00f3n footer\u00bb _builder_version=\u00bb4.26.0&#8243; _module_preset=\u00bbdefault\u00bb background_image=\u00bbhttps:\/\/www.upla.cl\/educacionvirtual\/wp-content\/uploads\/2024\/03\/WEB_DEPORTE-04.png\u00bb min_height=\u00bb71.2px\u00bb custom_margin=\u00bb2px|||||\u00bb custom_padding=\u00bb6px||3px|||\u00bb border_color_all=\u00bb#FFFFFF\u00bb border_style_all=\u00bbnone\u00bb border_width_top=\u00bb0px\u00bb border_color_top=\u00bb#0C71C3&#8243; border_style_top=\u00bboutset\u00bb global_module=\u00bb2074&#8243; saved_tabs=\u00bball\u00bb collapsed=\u00bboff\u00bb global_colors_info=\u00bb{}\u00bb][et_pb_row column_structure=\u00bb1_3,1_3,1_3&#8243; _builder_version=\u00bb4.21.0&#8243; _module_preset=\u00bbdefault\u00bb min_height=\u00bb247.9px\u00bb custom_margin=\u00bb40px|auto|-7px|auto|false|false\u00bb custom_padding=\u00bb28px|||||\u00bb global_colors_info=\u00bb{}\u00bb][et_pb_column type=\u00bb1_3&#8243; _builder_version=\u00bb4.20.4&#8243; _module_preset=\u00bbdefault\u00bb global_colors_info=\u00bb{}\u00bb][et_pb_image src=\u00bbhttps:\/\/www.upla.cl\/educacionvirtual\/wp-content\/uploads\/2024\/03\/im-upla.png\u00bb alt=\u00bbUniversidad de Playa Ancha\u00bb title_text=\u00bbim-upla\u00bb url=\u00bbhttps:\/\/www.upla.cl\/portada\/\u00bb _builder_version=\u00bb4.26.0&#8243; _module_preset=\u00bbdefault\u00bb custom_margin=\u00bb-18px|||||\u00bb custom_padding=\u00bb|50px||||\u00bb global_colors_info=\u00bb{}\u00bb][\/et_pb_image][et_pb_text _builder_version=\u00bb4.26.0&#8243; _module_preset=\u00bbdefault\u00bb global_colors_info=\u00bb{}\u00bb]<\/p>\n<p><span style=\"color: #444444;\"><a href=\"https:\/\/goo.gl\/maps\/ATWYwP7fz8APkNqA7\" target=\"_blank\" rel=\"noopener\" style=\"color: #444444;\"><span style=\"color: #666666;\">Av. Playa Ancha 850, Valpara\u00edso, Chile.<\/span><\/a><\/span><br \/><span style=\"color: #666666;\"><a href=\"mailto:programas.virtual@upla.cl\" style=\"color: #666666;\">programas.virtual@upla.cl<\/a><\/span><br \/><span style=\"color: #666666;\">Tel\u00e9fono: <a href=\"+56322205100\" style=\"color: #666666;\">+56 32 2205100<\/a><\/span><\/p>\n<p>[\/et_pb_text][\/et_pb_column][et_pb_column type=\u00bb1_3&#8243; _builder_version=\u00bb4.20.4&#8243; _module_preset=\u00bbdefault\u00bb global_colors_info=\u00bb{}\u00bb][et_pb_image src=\u00bbhttps:\/\/www.upla.cl\/educacionvirtual\/wp-content\/uploads\/2024\/03\/20230713_upla-acreditada.png\u00bb alt=\u00bbUPLA_acreditada_2022-2027&#8243; title_text=\u00bb20230713_upla-acreditada\u00bb _builder_version=\u00bb4.21.0&#8243; _module_preset=\u00bbdefault\u00bb custom_margin=\u00bb-25px|||||\u00bb custom_padding=\u00bb||0px|||\u00bb global_colors_info=\u00bb{}\u00bb][\/et_pb_image][et_pb_text _builder_version=\u00bb4.20.4&#8243; _module_preset=\u00bbdefault\u00bb custom_margin=\u00bb-18px||11px||false|false\u00bb custom_padding=\u00bb0px|||||\u00bb global_colors_info=\u00bb{}\u00bb]<\/p>\n<p>S\u00edguenos en nuestras redes sociales:<\/p>\n<p>[\/et_pb_text][et_pb_social_media_follow icon_color=\u00bb#FFFFFF\u00bb _builder_version=\u00bb4.20.4&#8243; _module_preset=\u00bbdefault\u00bb text_orientation=\u00bbleft\u00bb global_colors_info=\u00bb{}\u00bb][et_pb_social_media_follow_network social_network=\u00bbinstagram\u00bb url=\u00bbhttps:\/\/www.instagram.com\/upla_comunica\/\u00bb _builder_version=\u00bb4.20.4&#8243; _module_preset=\u00bbdefault\u00bb background_color=\u00bb#ea2c59&#8243; global_colors_info=\u00bb{}\u00bb follow_button=\u00bboff\u00bb url_new_window=\u00bbon\u00bb]instagram[\/et_pb_social_media_follow_network][et_pb_social_media_follow_network social_network=\u00bbfacebook\u00bb url=\u00bbhttps:\/\/www.facebook.com\/uplacomunica\u00bb _builder_version=\u00bb4.20.4&#8243; _module_preset=\u00bbdefault\u00bb background_color=\u00bb#3b5998&#8243; global_colors_info=\u00bb{}\u00bb follow_button=\u00bboff\u00bb url_new_window=\u00bbon\u00bb]facebook[\/et_pb_social_media_follow_network][et_pb_social_media_follow_network social_network=\u00bbtwitter\u00bb url=\u00bbhttps:\/\/twitter.com\/upla_comunica\u00bb _builder_version=\u00bb4.22.2&#8243; _module_preset=\u00bbdefault\u00bb background_color=\u00bb#000000&#8243; global_colors_info=\u00bb{}\u00bb follow_button=\u00bboff\u00bb url_new_window=\u00bbon\u00bb]twitter[\/et_pb_social_media_follow_network][et_pb_social_media_follow_network social_network=\u00bbyoutube\u00bb url=\u00bbhttps:\/\/www.youtube.com\/user\/comunicacionesupla\u00bb _builder_version=\u00bb4.20.4&#8243; _module_preset=\u00bbdefault\u00bb background_color=\u00bb#a82400&#8243; global_colors_info=\u00bb{}\u00bb follow_button=\u00bboff\u00bb url_new_window=\u00bbon\u00bb]youtube[\/et_pb_social_media_follow_network][\/et_pb_social_media_follow][\/et_pb_column][et_pb_column type=\u00bb1_3&#8243; _builder_version=\u00bb4.20.4&#8243; _module_preset=\u00bbdefault\u00bb global_colors_info=\u00bb{}\u00bb][wpforms_selector form_id=\u00bb2252&#8243; _builder_version=\u00bb4.26.0&#8243; _module_preset=\u00bbdefault\u00bb width=\u00bb100%\u00bb max_width=\u00bb100%\u00bb custom_margin=\u00bb-56px|||||\u00bb custom_padding=\u00bb0px|||||\u00bb global_colors_info=\u00bb{}\u00bb][\/wpforms_selector][\/et_pb_column][\/et_pb_row][\/et_pb_section]<\/p>\n","protected":false},"excerpt":{"rendered":"<p>Nos destacamos por ofrecer una propuesta innovadora, con una educaci\u00f3n flexible y adaptada a tus necesidades reales, horarios y circunstancias. Contamos con clases presenciales, a distancia, semipresenciales y online. El enfoque de nuestra Educaci\u00f3n Continua se centra en proporcionar soporte t\u00e9cnico pedag\u00f3gico a cursos, programas y actividades educativas que contribuyan al desarrollo profesional continuo a [&hellip;]<\/p>\n","protected":false},"author":7,"featured_media":0,"parent":0,"menu_order":0,"comment_status":"closed","ping_status":"closed","template":"","meta":{"_et_pb_use_builder":"on","_et_pb_old_content":"","_et_gb_content_width":"","footnotes":""},"class_list":["post-1987","page","type-page","status-publish","hentry"],"_links":{"self":[{"href":"https:\/\/www.upla.cl\/educacionvirtual\/wp-json\/wp\/v2\/pages\/1987","targetHints":{"allow":["GET"]}}],"collection":[{"href":"https:\/\/www.upla.cl\/educacionvirtual\/wp-json\/wp\/v2\/pages"}],"about":[{"href":"https:\/\/www.upla.cl\/educacionvirtual\/wp-json\/wp\/v2\/types\/page"}],"author":[{"embeddable":true,"href":"https:\/\/www.upla.cl\/educacionvirtual\/wp-json\/wp\/v2\/users\/7"}],"replies":[{"embeddable":true,"href":"https:\/\/www.upla.cl\/educacionvirtual\/wp-json\/wp\/v2\/comments?post=1987"}],"version-history":[{"count":24,"href":"https:\/\/www.upla.cl\/educacionvirtual\/wp-json\/wp\/v2\/pages\/1987\/revisions"}],"predecessor-version":[{"id":2308,"href":"https:\/\/www.upla.cl\/educacionvirtual\/wp-json\/wp\/v2\/pages\/1987\/revisions\/2308"}],"wp:attachment":[{"href":"https:\/\/www.upla.cl\/educacionvirtual\/wp-json\/wp\/v2\/media?parent=1987"}],"curies":[{"name":"wp","href":"https:\/\/api.w.org\/{rel}","templated":true}]}}