{"id":1914,"date":"2024-05-07T12:47:35","date_gmt":"2024-05-07T16:47:35","guid":{"rendered":"https:\/\/www.upla.cl\/educacionvirtual\/?page_id=1914"},"modified":"2025-10-16T17:26:17","modified_gmt":"2025-10-16T20:26:17","slug":"nosotros","status":"publish","type":"page","link":"https:\/\/www.upla.cl\/educacionvirtual\/nosotros\/","title":{"rendered":"Nosotros"},"content":{"rendered":"<p>[et_pb_section fb_built=\u00bb1&#8243; fullwidth=\u00bbon\u00bb _builder_version=\u00bb4.27.4&#8243; _module_preset=\u00bbdefault\u00bb background_image=\u00bbhttps:\/\/www.upla.cl\/educacionvirtual\/wp-content\/uploads\/2024\/07\/4e.png\u00bb background_position=\u00bbcenter_left\u00bb background_horizontal_offset=\u00bb1%\u00bb hover_enabled=\u00bb0&#8243; global_colors_info=\u00bb{}\u00bb sticky_enabled=\u00bb0&#8243; title_text=\u00bb4e\u00bb background_color=\u00bb#009BDB\u00bb background_blend=\u00bbmultiply\u00bb][et_pb_fullwidth_header title=\u00bbNosotros\u00bb _builder_version=\u00bb4.27.4&#8243; _module_preset=\u00bbdefault\u00bb title_font=\u00bb|700|||||||\u00bb title_text_color=\u00bb#FFFFFF\u00bb background_enable_color=\u00bboff\u00bb height=\u00bb250px\u00bb custom_padding=\u00bb10%||10%||true|false\u00bb hover_enabled=\u00bb0&#8243; text_shadow_style=\u00bbpreset1&#8243; global_colors_info=\u00bb{}\u00bb sticky_enabled=\u00bb0&#8243;][\/et_pb_fullwidth_header][\/et_pb_section][et_pb_section fb_built=\u00bb1&#8243; _builder_version=\u00bb4.25.0&#8243; _module_preset=\u00bbdefault\u00bb background_image=\u00bbhttps:\/\/www.upla.cl\/educacionvirtual\/wp-content\/uploads\/2024\/03\/WEB_DEPORTE-04.png\u00bb global_colors_info=\u00bb{}\u00bb][et_pb_row _builder_version=\u00bb4.25.0&#8243; _module_preset=\u00bbdefault\u00bb global_colors_info=\u00bb{}\u00bb][et_pb_column type=\u00bb4_4&#8243; _builder_version=\u00bb4.25.0&#8243; _module_preset=\u00bbdefault\u00bb global_colors_info=\u00bb{}\u00bb][et_pb_heading title=\u00bbEquipo\u00bb _builder_version=\u00bb4.25.0&#8243; _module_preset=\u00bbdefault\u00bb title_font=\u00bb|700|||||||\u00bb title_text_align=\u00bbleft\u00bb title_text_color=\u00bb#004562&#8243; global_colors_info=\u00bb{}\u00bb][\/et_pb_heading][et_pb_text _builder_version=\u00bb4.25.0&#8243; _module_preset=\u00bbdefault\u00bb global_colors_info=\u00bb{}\u00bb]<\/p>\n<p>Somos <strong>profesionales<\/strong> <strong>altamente calificados y comprometidos con la excelencia tecnopedag\u00f3gica<\/strong>, preparados para liderar una transformaci\u00f3n digital en el \u00e1mbito educativo que fortalezca las estrategias innovadoras con la implementaci\u00f3n de programas de calidad en m\u00faltiples modalidades, y que proporcionen experiencias de aprendizaje efectivas y adaptadas a las demandas actuales.<\/p>\n<p>Nuestro equipo construye un entorno de aprendizaje enriquecedor, al aportar con habilidades y experiencias valiosas en \u00e1reas tales como: <strong>dise\u00f1o instruccional y multimedial, gesti\u00f3n de plataforma, gesti\u00f3n administrativa y contable, y<\/strong>\u00a0<strong>seguimiento, an\u00e1lisis e investigaci\u00f3n para la innovaci\u00f3n continua; <\/strong>esto gracias al desarrollo de proyectos virtuales en la UPLA y en diversas casas de estudios del pa\u00eds, como tambi\u00e9n a la valiosa experiencia como pares evaluadores en el \u00e1mbito de \u00abpregrado y virtual\u00bb en la Comisi\u00f3n Nacional de Acreditaci\u00f3n (CNA).<\/p>\n<p>[\/et_pb_text][\/et_pb_column][\/et_pb_row][\/et_pb_section][et_pb_section fb_built=\u00bb1&#8243; _builder_version=\u00bb4.25.0&#8243; _module_preset=\u00bbdefault\u00bb custom_padding=\u00bb2px|||||\u00bb global_colors_info=\u00bb{}\u00bb][et_pb_row column_structure=\u00bb1_4,1_4,1_4,1_4&#8243; _builder_version=\u00bb4.25.0&#8243; _module_preset=\u00bbdefault\u00bb global_colors_info=\u00bb{}\u00bb][et_pb_column type=\u00bb1_4&#8243; _builder_version=\u00bb4.25.0&#8243; _module_preset=\u00bbdefault\u00bb global_colors_info=\u00bb{}\u00bb][et_pb_team_member name=\u00bbFabi\u00e1n Gonz\u00e1lez Araya\u00bb position=\u00bbDirector de Educaci\u00f3n Virtual \u00bb image_url=\u00bbhttps:\/\/www.upla.cl\/educacionvirtual\/wp-content\/uploads\/2024\/06\/Fabian-Gonzalez.png\u00bb _builder_version=\u00bb4.26.0&#8243; _module_preset=\u00bbdefault\u00bb header_font=\u00bb|600|||||||\u00bb header_text_color=\u00bb#004562&#8243; body_text_color=\u00bb#666666&#8243; position_text_color=\u00bb#000000&#8243; border_radii_image=\u00bbon|999px|999px|999px|999px\u00bb border_width_all_image=\u00bb3px\u00bb border_color_all_image=\u00bb#004562&#8243; global_colors_info=\u00bb{}\u00bb]<\/p>\n<p>Correo electr\u00f3nico: <strong><a href=\"mailto:fabian.gonzalez@upla.cl\" target=\"_blank\" rel=\"noopener\" title=\"escribir a Fabi\u00e1n Gonz\u00e1lez\">fabian.gonzalez@upla.cl<\/a><\/strong><\/p>\n<p>[\/et_pb_team_member][\/et_pb_column][et_pb_column type=\u00bb1_4&#8243; _builder_version=\u00bb4.25.0&#8243; _module_preset=\u00bbdefault\u00bb global_colors_info=\u00bb{}\u00bb][et_pb_team_member name=\u00bbEduardo Gonz\u00e1lez Pradenas\u00bb position=\u00bbRevisi\u00f3n de Estilo y Plataforma\u00bb image_url=\u00bbhttps:\/\/www.upla.cl\/educacionvirtual\/wp-content\/uploads\/2024\/06\/Eduardo-Gonzalez.png\u00bb _builder_version=\u00bb4.26.0&#8243; _module_preset=\u00bbdefault\u00bb header_font=\u00bb|600|||||||\u00bb header_text_color=\u00bb#004562&#8243; body_text_color=\u00bb#666666&#8243; position_text_color=\u00bb#000000&#8243; border_color_all=\u00bb#004562&#8243; border_radii_image=\u00bbon|999px|999px|999px|999px\u00bb border_width_all_image=\u00bb3px\u00bb border_color_all_image=\u00bb#004562&#8243; global_colors_info=\u00bb{}\u00bb]<\/p>\n<p>Correo electr\u00f3nico: <strong><a href=\"mailto:egonzal@upla.cl\" target=\"_blank\" rel=\"noopener\" title=\"escribir a Eduardo Gonz\u00e1lez\">egonzal@upla.cl<\/a><\/strong><\/p>\n<p>[\/et_pb_team_member][\/et_pb_column][et_pb_column type=\u00bb1_4&#8243; _builder_version=\u00bb4.25.0&#8243; _module_preset=\u00bbdefault\u00bb global_colors_info=\u00bb{}\u00bb][et_pb_team_member name=\u00bbPablo Pacheco Gallardo\u00bb position=\u00bbSeguimiento, An\u00e1lisis y Coordinaci\u00f3n\u00bb image_url=\u00bbhttps:\/\/www.upla.cl\/educacionvirtual\/wp-content\/uploads\/2024\/06\/Pablo-Pacheco.png\u00bb _builder_version=\u00bb4.26.0&#8243; _module_preset=\u00bbdefault\u00bb header_font=\u00bb|600|||||||\u00bb header_text_color=\u00bb#004562&#8243; body_text_color=\u00bb#666666&#8243; position_text_color=\u00bb#000000&#8243; border_radii_image=\u00bbon|999px|999px|999px|999px\u00bb border_width_all_image=\u00bb3px\u00bb border_color_all_image=\u00bb#004562&#8243; global_colors_info=\u00bb{}\u00bb]<\/p>\n<p>Correo electr\u00f3nico: <strong><a href=\"mailto:ppachecog@upla.cl\" target=\"_blank\" rel=\"noopener\" title=\"escribir a Pablo Pacheco\"> ppachecog@upla.cl <\/a><\/strong><\/p>\n<p>[\/et_pb_team_member][\/et_pb_column][et_pb_column type=\u00bb1_4&#8243; _builder_version=\u00bb4.25.0&#8243; _module_preset=\u00bbdefault\u00bb global_colors_info=\u00bb{}\u00bb][et_pb_team_member name=\u00bbRonald Ortega Villal\u00f3n\u00bb position=\u00bbAcci\u00f3n Administrativa y Contable\u00bb image_url=\u00bbhttps:\/\/www.upla.cl\/educacionvirtual\/wp-content\/uploads\/2024\/06\/Ronald-Ortega.png\u00bb _builder_version=\u00bb4.26.0&#8243; _module_preset=\u00bbdefault\u00bb header_font=\u00bb|600|||||||\u00bb header_text_color=\u00bb#004562&#8243; body_text_color=\u00bb#666666&#8243; position_text_color=\u00bb#000000&#8243; border_radii_image=\u00bbon|999px|999px|999px|999px\u00bb border_width_all_image=\u00bb3px\u00bb border_color_all_image=\u00bb#004562&#8243; global_colors_info=\u00bb{}\u00bb]<\/p>\n<p>Correo electr\u00f3nico: <strong><a href=\"mailto:ronald.ortega@upla.cl\" target=\"_blank\" rel=\"noopener\" title=\"escribir a Ronald Ortega\">ronald.ortega@upla.cl<\/a><\/strong><\/p>\n<p>[\/et_pb_team_member][\/et_pb_column][\/et_pb_row][\/et_pb_section][et_pb_section fb_built=\u00bb1&#8243; fullwidth=\u00bbon\u00bb _builder_version=\u00bb4.25.0&#8243; _module_preset=\u00bbdefault\u00bb global_colors_info=\u00bb{}\u00bb][et_pb_fullwidth_header title=\u00bbHistoria\u00bb button_one_text=\u00bbDecreto N\u00ba 0478\/1997: Crea la Direcci\u00f3n de Programas Especiales UPLA\u00bb button_one_url=\u00bbhttps:\/\/www.upla.cl\/educacionvirtual\/wp-content\/uploads\/2024\/06\/1993_dto_0478-1993.pdf\u00bb button_two_text=\u00bbModifica el nombre de la %22Direcci\u00f3n de Programas Especiales%22 por el de %22Direcci\u00f3n de Educaci\u00f3n Virtual%22&#8243; button_two_url=\u00bbhttps:\/\/www.upla.cl\/educacionvirtual\/wp-content\/uploads\/2024\/06\/2017_dto_exto_0481-2017.pdf\u00bb _builder_version=\u00bb4.26.0&#8243; _module_preset=\u00bbdefault\u00bb title_font=\u00bb|600|||||||\u00bb title_text_align=\u00bbcenter\u00bb title_text_color=\u00bb#FFFFFF\u00bb title_line_height=\u00bb1.7em\u00bb custom_button_one=\u00bbon\u00bb button_one_border_radius=\u00bb15px\u00bb custom_button_two=\u00bbon\u00bb button_two_border_radius=\u00bb15px\u00bb custom_padding=\u00bb||93px|||\u00bb link_option_url_new_window=\u00bbon\u00bb global_colors_info=\u00bb{}\u00bb]<\/p>\n<p>&nbsp;<\/p>\n<p>&nbsp;<\/p>\n<p>\u00a0La actual Direcci\u00f3n de Educaci\u00f3n Virtual fue creada en el a\u00f1o 1990, bajo el nombre de Oficina de Programas Especiales, a ra\u00edz de un proyecto que el Estado de Chile, que en reconocimiento a su prestigio pedag\u00f3gico, le entreg\u00f3 a la Universidad la importante responsabilidad de regularizar los estudios y la titulaci\u00f3n de exalumnos de las ex Escuelas Normales del pa\u00eds, quienes, en 1973, a trav\u00e9s de la dictaci\u00f3n del D.L.179\/73, fueron inhabilitados para continuar con sus actividades de formaci\u00f3n profesional.<\/p>\n<p>&nbsp;<\/p>\n<p>En un per\u00edodo de cinco a\u00f1os, entre 1991 y 1996, esta unidad realiz\u00f3 grandes avances en la formaci\u00f3n docente a distancia. Se implementaron exitosamente cinco convocatorias de regularizaci\u00f3n de t\u00edtulo para profesores y profesoras de Educaci\u00f3n B\u00e1sica, y tres convocatorias de formaci\u00f3n pedag\u00f3gica para profesores y profesoras T\u00e9cnico-Profesionales. Gracias a la amplia convocatoria y acogida de estos innovadores programas formativos no presenciales, logrando titular a 1.569 estudiantes, en total, entre ambos proyectos.<\/p>\n<p>&nbsp;<\/p>\n<p>En el a\u00f1o 1993, dentro de la estructura administrativa de la Universidad de Playa Ancha, nace la Direcci\u00f3n de Programas Especiales y Asistencia T\u00e9cnica (DPEAT),\u00a0en respuesta a la gran demanda y necesidad pa\u00eds por formaci\u00f3n pedag\u00f3gica de pregrado en modalidad a distancia, tanto en ense\u00f1anza b\u00e1sica como media t\u00e9cnico-profesional.<\/p>\n<p>&nbsp;<\/p>\n<p>Tras su creaci\u00f3n, la DPEAT experiment\u00f3 un proceso de fortalecimiento y expansi\u00f3n continua, destacando especialmente la realizaci\u00f3n, en el a\u00f1o 1998, de la primera carrera de Pedagog\u00eda en Educaci\u00f3n B\u00e1sica, en modalidad no presencial con una cobertura que incluy\u00f3 todo el territorio nacional, lo que consider\u00f3 islas como Juan Fern\u00e1ndez e Isla de Pascua, y espacios geogr\u00e1ficos fronterizos como Visviri, lo que signific\u00f3 el acceso a la Educaci\u00f3n Superior de miles de estudiantes.<\/p>\n<p>&nbsp;<\/p>\n<p>En la d\u00e9cada de los 2000, la direcci\u00f3n tuvo una apertura hacia nuevos programas, buscando ampliar la oferta educativa para cumplir con la misi\u00f3n institucional de llevar la Universidad a todo el pa\u00eds, en beneficio de personas que requer\u00edan de formaci\u00f3n pedag\u00f3gica. As\u00ed, la instituci\u00f3n cre\u00f3 el programa de Licenciatura en Educaci\u00f3n; tambi\u00e9n, se avanz\u00f3 en el perfeccionamiento docente a trav\u00e9s de menciones en diversas \u00e1reas disciplinares de la pedagog\u00eda y, como un gran logro se destac\u00f3, en el a\u00f1o 2002, la creaci\u00f3n del primer mag\u00edster en modalidad a distancia en el \u00e1rea de la Educaci\u00f3n Ambiental en conjunto con el Centro de Perfeccionamiento, Experimentaci\u00f3n e Investigaciones Pedag\u00f3gicas (CPEIP). A su vez, se continu\u00f3 desarrollando con una creciente matr\u00edcula, las carreras de Pedagog\u00eda en Educaci\u00f3n B\u00e1sica y de Educaci\u00f3n T\u00e9cnico-Profesional.<\/p>\n<p>&nbsp;<\/p>\n<p>Con el desarrollo y avances tecnol\u00f3gicos, en los \u00faltimos 15 a\u00f1os se transfirieron los modos y acciones desde un proceso formativo a distancia, a lo que hoy se construye en la virtualidad como tecnolog\u00edas interactivas en tiempo real y sistemas de asistencia con inteligencia artificial (IA).<\/p>\n<p>&nbsp;<\/p>\n<p>&nbsp;<\/p>\n<p>&nbsp;<\/p>\n<p>[\/et_pb_fullwidth_header][\/et_pb_section][et_pb_section fb_built=\u00bb1&#8243; _builder_version=\u00bb4.25.0&#8243; _module_preset=\u00bbdefault\u00bb background_enable_image=\u00bboff\u00bb global_colors_info=\u00bb{}\u00bb][et_pb_row _builder_version=\u00bb4.25.0&#8243; _module_preset=\u00bbdefault\u00bb global_colors_info=\u00bb{}\u00bb][et_pb_column type=\u00bb4_4&#8243; _builder_version=\u00bb4.25.0&#8243; _module_preset=\u00bbdefault\u00bb global_colors_info=\u00bb{}\u00bb][et_pb_heading title=\u00bbPrincipios\u00bb _builder_version=\u00bb4.25.0&#8243; _module_preset=\u00bbdefault\u00bb title_font=\u00bb|700|||||||\u00bb title_text_align=\u00bbcenter\u00bb title_text_color=\u00bb#004562&#8243; global_colors_info=\u00bb{}\u00bb][\/et_pb_heading][et_pb_text _builder_version=\u00bb4.25.0&#8243; _module_preset=\u00bbdefault\u00bb global_colors_info=\u00bb{}\u00bb]<\/p>\n<p style=\"text-align: center;\">La Direcci\u00f3n de Educaci\u00f3n Virtual se plantea sus metas con sentido y coherencia, en l\u00ednea con las directrices y principios rectores de la UPLA, lo cual se encuentra claramente definido en nuestra <strong>Misi\u00f3n y Visi\u00f3n<\/strong>.\u00a0<\/p>\n<p>[\/et_pb_text][\/et_pb_column][\/et_pb_row][et_pb_row column_structure=\u00bb1_2,1_2&#8243; _builder_version=\u00bb4.25.0&#8243; _module_preset=\u00bbdefault\u00bb global_colors_info=\u00bb{}\u00bb][et_pb_column type=\u00bb1_2&#8243; _builder_version=\u00bb4.25.0&#8243; _module_preset=\u00bbdefault\u00bb global_colors_info=\u00bb{}\u00bb][et_pb_blurb title=\u00bbMisi\u00f3n\u00bb image=\u00bbhttps:\/\/www.upla.cl\/educacionvirtual\/wp-content\/uploads\/2024\/05\/icono-de-mision.png\u00bb alt=\u00bbIcono de misi\u00f3n\u00bb image_icon_width=\u00bb30%\u00bb content_max_width=\u00bb100%\u00bb _builder_version=\u00bb4.25.1&#8243; _module_preset=\u00bbdefault\u00bb header_font=\u00bb|700|||||||\u00bb header_text_color=\u00bb#004562&#8243; body_text_color=\u00bb#666666&#8243; text_orientation=\u00bbcenter\u00bb border_radii_image=\u00bbon|15px|15px|15px|15px\u00bb global_colors_info=\u00bb{}\u00bb]<\/p>\n<p style=\"text-align: left;\">La <strong>Direcci\u00f3n de Educaci\u00f3n Virtual<\/strong> es la responsable de implementar y dar soporte t\u00e9cnicopedag\u00f3gico a los proyectos acad\u00e9micos que la Universidad, a trav\u00e9s de sus unidades y facultades, ha definido como parte de su oferta virtual, semivirtual e h\u00edbrida (entre otras modalidades fuera de la formaci\u00f3n tradicional).<\/p>\n<p>[\/et_pb_blurb][\/et_pb_column][et_pb_column type=\u00bb1_2&#8243; _builder_version=\u00bb4.25.0&#8243; _module_preset=\u00bbdefault\u00bb global_colors_info=\u00bb{}\u00bb][et_pb_blurb title=\u00bbVisi\u00f3n\u00bb image=\u00bbhttps:\/\/www.upla.cl\/educacionvirtual\/wp-content\/uploads\/2024\/05\/icono-de-vision.png\u00bb alt=\u00bbIcono de visi\u00f3n\u00bb image_icon_width=\u00bb30%\u00bb content_max_width=\u00bb100%\u00bb _builder_version=\u00bb4.25.1&#8243; _module_preset=\u00bbdefault\u00bb header_font=\u00bb|700|||||||\u00bb header_text_color=\u00bb#004562&#8243; body_text_color=\u00bb#666666&#8243; text_orientation=\u00bbcenter\u00bb border_radii_image=\u00bbon|15px|15px|15px|15px\u00bb global_colors_info=\u00bb{}\u00bb]<\/p>\n<p style=\"text-align: left;\">Nuestra visi\u00f3n es ser reconocidos como una unidad de excelencia, que implementa la oferta virtual de la Universidad con altos est\u00e1ndares de calidad, promueve el \u00e9xito acad\u00e9mico de las y los estudiantes en colaboraci\u00f3n estrecha con los equipos docentes y que garantiza el acceso equitativo a grupos vulnerables, cumpliendo con la responsabilidad social, la inclusi\u00f3n y la educaci\u00f3n continua.<\/p>\n<p>[\/et_pb_blurb][\/et_pb_column][\/et_pb_row][\/et_pb_section][et_pb_section fb_built=\u00bb1&#8243; admin_label=\u00bbSecci\u00f3n footer\u00bb _builder_version=\u00bb4.26.0&#8243; _module_preset=\u00bbdefault\u00bb background_image=\u00bbhttps:\/\/www.upla.cl\/educacionvirtual\/wp-content\/uploads\/2024\/03\/WEB_DEPORTE-04.png\u00bb min_height=\u00bb71.2px\u00bb custom_margin=\u00bb2px|||||\u00bb custom_padding=\u00bb6px||3px|||\u00bb border_color_all=\u00bb#FFFFFF\u00bb border_style_all=\u00bbnone\u00bb border_width_top=\u00bb0px\u00bb border_color_top=\u00bb#0C71C3&#8243; border_style_top=\u00bboutset\u00bb global_module=\u00bb2074&#8243; saved_tabs=\u00bball\u00bb collapsed=\u00bboff\u00bb global_colors_info=\u00bb{}\u00bb][et_pb_row column_structure=\u00bb1_3,1_3,1_3&#8243; _builder_version=\u00bb4.21.0&#8243; _module_preset=\u00bbdefault\u00bb min_height=\u00bb247.9px\u00bb custom_margin=\u00bb40px|auto|-7px|auto|false|false\u00bb custom_padding=\u00bb28px|||||\u00bb global_colors_info=\u00bb{}\u00bb][et_pb_column type=\u00bb1_3&#8243; _builder_version=\u00bb4.20.4&#8243; _module_preset=\u00bbdefault\u00bb global_colors_info=\u00bb{}\u00bb][et_pb_image src=\u00bbhttps:\/\/www.upla.cl\/educacionvirtual\/wp-content\/uploads\/2024\/03\/im-upla.png\u00bb alt=\u00bbUniversidad de Playa Ancha\u00bb title_text=\u00bbim-upla\u00bb url=\u00bbhttps:\/\/www.upla.cl\/portada\/\u00bb _builder_version=\u00bb4.26.0&#8243; _module_preset=\u00bbdefault\u00bb custom_margin=\u00bb-18px|||||\u00bb custom_padding=\u00bb|50px||||\u00bb global_colors_info=\u00bb{}\u00bb][\/et_pb_image][et_pb_text _builder_version=\u00bb4.26.0&#8243; _module_preset=\u00bbdefault\u00bb global_colors_info=\u00bb{}\u00bb]<\/p>\n<p><span style=\"color: #444444;\"><a href=\"https:\/\/goo.gl\/maps\/ATWYwP7fz8APkNqA7\" target=\"_blank\" rel=\"noopener\" style=\"color: #444444;\"><span style=\"color: #666666;\">Av. Playa Ancha 850, Valpara\u00edso, Chile.<\/span><\/a><\/span><br \/><span style=\"color: #666666;\"><a href=\"mailto:programas.virtual@upla.cl\" style=\"color: #666666;\">programas.virtual@upla.cl<\/a><\/span><br \/><span style=\"color: #666666;\">Tel\u00e9fono: <a href=\"+56322205100\" style=\"color: #666666;\">+56 32 2205100<\/a><\/span><\/p>\n<p>[\/et_pb_text][\/et_pb_column][et_pb_column type=\u00bb1_3&#8243; _builder_version=\u00bb4.20.4&#8243; _module_preset=\u00bbdefault\u00bb global_colors_info=\u00bb{}\u00bb][et_pb_image src=\u00bbhttps:\/\/www.upla.cl\/portada\/wp-content\/uploads\/2025\/03\/20250311_upla_acreditada_2022-2027-color.png\u00bb alt=\u00bbUPLA_acreditada_2022-2027&#8243; title_text=\u00bb20230713_upla-acreditada\u00bb url=\u00bbhttps:\/\/www.upla.cl\/calidad\/acreditacion\/\u00bb url_new_window=\u00bbon\u00bb _builder_version=\u00bb4.27.4&#8243; _module_preset=\u00bbdefault\u00bb custom_margin=\u00bb-25px|||||\u00bb custom_padding=\u00bb||0px|||\u00bb global_colors_info=\u00bb{}\u00bb][\/et_pb_image][et_pb_text _builder_version=\u00bb4.20.4&#8243; _module_preset=\u00bbdefault\u00bb custom_margin=\u00bb-18px||11px||false|false\u00bb custom_padding=\u00bb0px|||||\u00bb global_colors_info=\u00bb{}\u00bb]<\/p>\n<p>S\u00edguenos en nuestras redes sociales:<\/p>\n<p>[\/et_pb_text][et_pb_social_media_follow icon_color=\u00bb#FFFFFF\u00bb _builder_version=\u00bb4.20.4&#8243; _module_preset=\u00bbdefault\u00bb text_orientation=\u00bbleft\u00bb global_colors_info=\u00bb{}\u00bb][et_pb_social_media_follow_network social_network=\u00bbinstagram\u00bb url=\u00bbhttps:\/\/www.instagram.com\/upla_comunica\/\u00bb _builder_version=\u00bb4.20.4&#8243; _module_preset=\u00bbdefault\u00bb background_color=\u00bb#ea2c59&#8243; global_colors_info=\u00bb{}\u00bb follow_button=\u00bboff\u00bb url_new_window=\u00bbon\u00bb]instagram[\/et_pb_social_media_follow_network][et_pb_social_media_follow_network social_network=\u00bbfacebook\u00bb url=\u00bbhttps:\/\/www.facebook.com\/uplacomunica\u00bb _builder_version=\u00bb4.20.4&#8243; _module_preset=\u00bbdefault\u00bb background_color=\u00bb#3b5998&#8243; global_colors_info=\u00bb{}\u00bb follow_button=\u00bboff\u00bb url_new_window=\u00bbon\u00bb]facebook[\/et_pb_social_media_follow_network][et_pb_social_media_follow_network social_network=\u00bbtwitter\u00bb url=\u00bbhttps:\/\/twitter.com\/upla_comunica\u00bb _builder_version=\u00bb4.22.2&#8243; _module_preset=\u00bbdefault\u00bb background_color=\u00bb#000000&#8243; global_colors_info=\u00bb{}\u00bb follow_button=\u00bboff\u00bb url_new_window=\u00bbon\u00bb]twitter[\/et_pb_social_media_follow_network][et_pb_social_media_follow_network social_network=\u00bbyoutube\u00bb url=\u00bbhttps:\/\/www.youtube.com\/user\/comunicacionesupla\u00bb _builder_version=\u00bb4.20.4&#8243; _module_preset=\u00bbdefault\u00bb background_color=\u00bb#a82400&#8243; global_colors_info=\u00bb{}\u00bb follow_button=\u00bboff\u00bb url_new_window=\u00bbon\u00bb]youtube[\/et_pb_social_media_follow_network][\/et_pb_social_media_follow][\/et_pb_column][et_pb_column type=\u00bb1_3&#8243; _builder_version=\u00bb4.20.4&#8243; _module_preset=\u00bbdefault\u00bb global_colors_info=\u00bb{}\u00bb][wpforms_selector form_id=\u00bb2252&#8243; _builder_version=\u00bb4.26.0&#8243; _module_preset=\u00bbdefault\u00bb width=\u00bb100%\u00bb max_width=\u00bb100%\u00bb custom_margin=\u00bb-56px|||||\u00bb custom_padding=\u00bb0px|||||\u00bb global_colors_info=\u00bb{}\u00bb][\/wpforms_selector][\/et_pb_column][\/et_pb_row][\/et_pb_section]<\/p>\n","protected":false},"excerpt":{"rendered":"<p>Somos profesionales altamente calificados y comprometidos con la excelencia tecnopedag\u00f3gica, preparados para liderar una transformaci\u00f3n digital en el \u00e1mbito educativo que fortalezca las estrategias innovadoras con la implementaci\u00f3n de programas de calidad en m\u00faltiples modalidades, y que proporcionen experiencias de aprendizaje efectivas y adaptadas a las demandas actuales. Nuestro equipo construye un entorno de aprendizaje [&hellip;]<\/p>\n","protected":false},"author":7,"featured_media":0,"parent":0,"menu_order":0,"comment_status":"closed","ping_status":"closed","template":"","meta":{"_et_pb_use_builder":"on","_et_pb_old_content":"","_et_gb_content_width":"","footnotes":""},"class_list":["post-1914","page","type-page","status-publish","hentry"],"_links":{"self":[{"href":"https:\/\/www.upla.cl\/educacionvirtual\/wp-json\/wp\/v2\/pages\/1914","targetHints":{"allow":["GET"]}}],"collection":[{"href":"https:\/\/www.upla.cl\/educacionvirtual\/wp-json\/wp\/v2\/pages"}],"about":[{"href":"https:\/\/www.upla.cl\/educacionvirtual\/wp-json\/wp\/v2\/types\/page"}],"author":[{"embeddable":true,"href":"https:\/\/www.upla.cl\/educacionvirtual\/wp-json\/wp\/v2\/users\/7"}],"replies":[{"embeddable":true,"href":"https:\/\/www.upla.cl\/educacionvirtual\/wp-json\/wp\/v2\/comments?post=1914"}],"version-history":[{"count":37,"href":"https:\/\/www.upla.cl\/educacionvirtual\/wp-json\/wp\/v2\/pages\/1914\/revisions"}],"predecessor-version":[{"id":2362,"href":"https:\/\/www.upla.cl\/educacionvirtual\/wp-json\/wp\/v2\/pages\/1914\/revisions\/2362"}],"wp:attachment":[{"href":"https:\/\/www.upla.cl\/educacionvirtual\/wp-json\/wp\/v2\/media?parent=1914"}],"curies":[{"name":"wp","href":"https:\/\/api.w.org\/{rel}","templated":true}]}}