{"id":695,"date":"2023-07-14T10:43:00","date_gmt":"2023-07-14T13:43:00","guid":{"rendered":"https:\/\/www.upla.cl\/diplomados\/?page_id=695"},"modified":"2025-12-01T12:07:08","modified_gmt":"2025-12-01T15:07:08","slug":"inicio","status":"publish","type":"page","link":"https:\/\/www.upla.cl\/diplomados\/","title":{"rendered":"Inicio"},"content":{"rendered":"<p>[et_pb_section fb_built=\u00bb1&#8243; fullwidth=\u00bbon\u00bb _builder_version=\u00bb4.27.4&#8243; _module_preset=\u00bbdefault\u00bb background_enable_image=\u00bboff\u00bb background_video_mp4=\u00bbhttps:\/\/www.upla.cl\/diplomados\/wp-content\/uploads\/2023\/07\/casacentral_upla.mp4&#8243; background_video_webm=\u00bbhttps:\/\/www.upla.cl\/diplomados\/wp-content\/uploads\/2023\/07\/casacentral_upla.mp4&#8243; hover_enabled=\u00bb0&#8243; global_colors_info=\u00bb{}\u00bb sticky_enabled=\u00bb0&#8243;][et_pb_fullwidth_slider _builder_version=\u00bb4.27.4&#8243; _module_preset=\u00bbdefault\u00bb background_image=\u00bbhttps:\/\/www.upla.cl\/diplomados\/wp-content\/uploads\/2023\/07\/WEB_banner_deporte_tex1v.png\u00bb background_blend=\u00bbmultiply\u00bb background_video_mp4=\u00bbhttps:\/\/www.upla.cl\/diplomados\/wp-content\/uploads\/2023\/07\/casacentral_upla.mp4&#8243; background_video_webm=\u00bbhttps:\/\/www.upla.cl\/diplomados\/wp-content\/uploads\/2023\/07\/casacentral_upla.mp4&#8243; hover_enabled=\u00bb0&#8243; global_colors_info=\u00bb{}\u00bb use_bg_overlay=\u00bboff\u00bb sticky_enabled=\u00bb0&#8243;][et_pb_slide heading=\u00bbDiplomados\u00bb image=\u00bbhttps:\/\/www.upla.cl\/diplomados\/wp-content\/uploads\/2023\/07\/20230724_imgmarca_upla-blancas.png\u00bb _builder_version=\u00bb4.27.4&#8243; _module_preset=\u00bbdefault\u00bb header_level=\u00bbh1&#8243; header_font=\u00bb|700|||||||\u00bb header_font_size=\u00bb4em\u00bb body_font=\u00bb|600|||||||\u00bb body_font_size=\u00bb1.5em\u00bb body_line_height=\u00bb1.1em\u00bb background_enable_color=\u00bboff\u00bb use_background_color_gradient=\u00bbon\u00bb background_color_gradient_direction=\u00bb150deg\u00bb background_color_gradient_stops=\u00bbrgba(205,64,143,0.6) 0%|rgba(9,79,195,0.6) 100%\u00bb background_enable_video_mp4=\u00bboff\u00bb background_enable_video_webm=\u00bboff\u00bb hover_enabled=\u00bb0&#8243; global_colors_info=\u00bb{}\u00bb sticky_transition=\u00bbon\u00bb use_bg_overlay=\u00bboff\u00bb use_text_overlay=\u00bboff\u00bb sticky_enabled=\u00bb0&#8243;]<\/p>\n<p>Actual\u00edzate con nuestros diplomados en l\u00ednea y semipresenciales.<\/p>\n<p>La Universidad de Playa Ancha te invita a fortalecer tu desarrollo personal y profesional, fomentando una reflexi\u00f3n cr\u00edtica sobre los cambios y nuevas exigencias.<\/p>\n<p>[\/et_pb_slide][\/et_pb_fullwidth_slider][\/et_pb_section][et_pb_section fb_built=\u00bb1&#8243; _builder_version=\u00bb4.27.4&#8243; _module_preset=\u00bbdefault\u00bb custom_padding=\u00bb||0px|||\u00bb top_divider_color=\u00bbrgba(24,156,217,0.61)\u00bb top_divider_height=\u00bb44px\u00bb top_divider_repeat=\u00bb1x\u00bb global_colors_info=\u00bb{}\u00bb][et_pb_row _builder_version=\u00bb4.27.4&#8243; _module_preset=\u00bbdefault\u00bb global_colors_info=\u00bb{}\u00bb][et_pb_column type=\u00bb4_4&#8243; _builder_version=\u00bb4.27.4&#8243; _module_preset=\u00bbdefault\u00bb global_colors_info=\u00bb{}\u00bb][et_pb_text _builder_version=\u00bb4.27.4&#8243; _module_preset=\u00bbdefault\u00bb header_2_font=\u00bb|700|||||||\u00bb header_2_text_align=\u00bbcenter\u00bb header_2_text_color=\u00bb#565656&#8243; header_2_font_size=\u00bb2em\u00bb global_colors_info=\u00bb{}\u00bb]<\/p>\n<h2>\u00a1\u00danete a nosotros y potencia tu carrera!<\/h2>\n<p>[\/et_pb_text][\/et_pb_column][\/et_pb_row][et_pb_row _builder_version=\u00bb4.21.0&#8243; _module_preset=\u00bbdefault\u00bb background_enable_image=\u00bboff\u00bb width=\u00bb85%\u00bb max_width=\u00bb2560px\u00bb border_width_bottom=\u00bb1px\u00bb border_color_bottom=\u00bb#c9e8fb\u00bb global_colors_info=\u00bb{}\u00bb][et_pb_column type=\u00bb4_4&#8243; _builder_version=\u00bb4.21.0&#8243; _module_preset=\u00bbdefault\u00bb global_colors_info=\u00bb{}\u00bb][et_pb_portfolio fullwidth=\u00bboff\u00bb include_categories=\u00bb6,12&#8243; show_categories=\u00bboff\u00bb zoom_icon_color=\u00bbRGBA(255,255,255,0)\u00bb hover_overlay_color=\u00bbRGBA(255,255,255,0)\u00bb hover_icon=\u00bb&#xe050;||divi||400&#8243; _builder_version=\u00bb4.27.4&#8243; _module_preset=\u00bbdefault\u00bb title_font=\u00bb|600|||||||\u00bb title_text_color=\u00bb#565656&#8243; title_font_size=\u00bb18px\u00bb caption_font=\u00bb||||||||\u00bb caption_text_align=\u00bbcenter\u00bb caption_text_color=\u00bb#189CD9&#8243; caption_font_size=\u00bb16px\u00bb background_color=\u00bbRGBA(255,255,255,0)\u00bb text_orientation=\u00bbcenter\u00bb width=\u00bb100%\u00bb module_alignment=\u00bbcenter\u00bb custom_margin=\u00bb||||false|false\u00bb animation_style=\u00bbfade\u00bb animation_duration=\u00bb1500ms\u00bb border_color_all=\u00bbRGBA(255,255,255,0)\u00bb border_color_bottom=\u00bbRGBA(255,255,255,0)\u00bb border_radii_image=\u00bboff|60px|||\u00bb border_color_all_image=\u00bb#189CD9&#8243; border_style_all_image=\u00bboutset\u00bb global_colors_info=\u00bb{}\u00bb child_filter_hue_rotate__hover_enabled=\u00bbon|hover\u00bb child_filter_hue_rotate__hover=\u00bb0deg\u00bb border_color_all_image__hover_enabled=\u00bbon|hover\u00bb border_color_all_image__hover=\u00bb#094fc3&#8243; border_color_all__hover_enabled=\u00bbon|hover\u00bb border_style_all__hover_enabled=\u00bbon|desktop\u00bb border_style_all__hover=\u00bboutset\u00bb border_width_all_image__hover_enabled=\u00bbon|hover\u00bb border_width_all_image__hover=\u00bb1px\u00bb border_style_all_image__hover_enabled=\u00bbon|hover\u00bb border_style_all_image__hover=\u00bboutset\u00bb border_color_all__hover=\u00bbRGBA(255,255,255,0)\u00bb][\/et_pb_portfolio][\/et_pb_column][\/et_pb_row][\/et_pb_section][et_pb_section fb_built=\u00bb1&#8243; admin_label=\u00bbSecci\u00f3n footer\u00bb _builder_version=\u00bb4.21.0&#8243; _module_preset=\u00bbdefault\u00bb background_image=\u00bbhttps:\/\/www.upla.cl\/diplomados\/wp-content\/uploads\/2023\/07\/WEB_DEPORTE-04.png\u00bb min_height=\u00bb71.2px\u00bb custom_margin=\u00bb2px|||||\u00bb custom_padding=\u00bb6px||3px|||\u00bb global_module=\u00bb125&#8243; saved_tabs=\u00bball\u00bb collapsed=\u00bboff\u00bb global_colors_info=\u00bb{}\u00bb][et_pb_row column_structure=\u00bb1_3,1_3,1_3&#8243; _builder_version=\u00bb4.21.0&#8243; _module_preset=\u00bbdefault\u00bb min_height=\u00bb247.9px\u00bb custom_margin=\u00bb50px|auto|50px|auto|false|false\u00bb global_colors_info=\u00bb{}\u00bb][et_pb_column type=\u00bb1_3&#8243; _builder_version=\u00bb4.20.4&#8243; _module_preset=\u00bbdefault\u00bb global_colors_info=\u00bb{}\u00bb][et_pb_image src=\u00bbhttps:\/\/www.upla.cl\/diplomados\/wp-content\/uploads\/2023\/06\/im-upla.png\u00bb alt=\u00bbUniversidad de Playa Ancha\u00bb title_text=\u00bbim-upla\u00bb url=\u00bbhttps:\/\/www.upla.cl\/portada\/\u00bb _builder_version=\u00bb4.24.3&#8243; _module_preset=\u00bbdefault\u00bb custom_padding=\u00bb2%||||false|false\u00bb global_colors_info=\u00bb{}\u00bb][\/et_pb_image][et_pb_text _builder_version=\u00bb4.25.1&#8243; _module_preset=\u00bbdefault\u00bb global_colors_info=\u00bb{}\u00bb]<span style=\"color: #444444;\"><a href=\"https:\/\/goo.gl\/maps\/ATWYwP7fz8APkNqA7\" target=\"_blank\" rel=\"noopener\" style=\"color: #444444;\"><span style=\"color: #666666;\">Av. Playa Ancha 850, Valpara\u00edso, Chile.<\/span><\/a><\/span><br \/>\n<span style=\"color: #666666;\"><a href=\"mailto:programas.virtual@upla.cl\" style=\"color: #666666;\">programas.virtual@upla.cl<\/a><\/span><br \/>\n<span style=\"color: #666666;\">Tel\u00e9fono: <a href=\"++56322205206\" style=\"color: #666666;\">+56 32 2205206<\/a><\/span>[\/et_pb_text][\/et_pb_column][et_pb_column type=\u00bb1_3&#8243; _builder_version=\u00bb4.20.4&#8243; _module_preset=\u00bbdefault\u00bb global_colors_info=\u00bb{}\u00bb][et_pb_image src=\u00bbhttps:\/\/www.upla.cl\/portada\/wp-content\/uploads\/2025\/03\/20250311_upla_acreditada_2022-2027-color.png\u00bb alt=\u00bbUPLA_acreditada_2022-2027&#8243; title_text=\u00bb20230713_upla-acreditada\u00bb url=\u00bbhttps:\/\/www.upla.cl\/calidad\/acreditacion\/\u00bb url_new_window=\u00bbon\u00bb _builder_version=\u00bb4.27.4&#8243; _module_preset=\u00bbdefault\u00bb custom_margin=\u00bb-25px|||||\u00bb custom_padding=\u00bb3%||0px||false|false\u00bb global_colors_info=\u00bb{}\u00bb][\/et_pb_image][et_pb_text _builder_version=\u00bb4.20.4&#8243; _module_preset=\u00bbdefault\u00bb custom_margin=\u00bb-18px||11px||false|false\u00bb custom_padding=\u00bb0px|||||\u00bb global_colors_info=\u00bb{}\u00bb]<\/p>\n<p>S\u00edguenos en nuestras redes sociales:<\/p>\n<p>[\/et_pb_text][et_pb_social_media_follow icon_color=\u00bb#FFFFFF\u00bb _builder_version=\u00bb4.20.4&#8243; _module_preset=\u00bbdefault\u00bb text_orientation=\u00bbleft\u00bb global_colors_info=\u00bb{}\u00bb][et_pb_social_media_follow_network social_network=\u00bbinstagram\u00bb url=\u00bbhttps:\/\/www.instagram.com\/upla_comunica\/\u00bb _builder_version=\u00bb4.20.4&#8243; _module_preset=\u00bbdefault\u00bb background_color=\u00bb#ea2c59&#8243; global_colors_info=\u00bb{}\u00bb follow_button=\u00bboff\u00bb url_new_window=\u00bbon\u00bb]instagram[\/et_pb_social_media_follow_network][et_pb_social_media_follow_network social_network=\u00bbfacebook\u00bb url=\u00bbhttps:\/\/www.facebook.com\/uplacomunica\u00bb _builder_version=\u00bb4.20.4&#8243; _module_preset=\u00bbdefault\u00bb background_color=\u00bb#3b5998&#8243; global_colors_info=\u00bb{}\u00bb follow_button=\u00bboff\u00bb url_new_window=\u00bbon\u00bb]facebook[\/et_pb_social_media_follow_network][et_pb_social_media_follow_network social_network=\u00bbtwitter\u00bb url=\u00bbhttps:\/\/twitter.com\/upla_comunica\u00bb _builder_version=\u00bb4.22.2&#8243; _module_preset=\u00bbdefault\u00bb background_color=\u00bb#000000&#8243; global_colors_info=\u00bb{}\u00bb follow_button=\u00bboff\u00bb url_new_window=\u00bbon\u00bb]twitter[\/et_pb_social_media_follow_network][et_pb_social_media_follow_network social_network=\u00bbyoutube\u00bb url=\u00bbhttps:\/\/www.youtube.com\/user\/comunicacionesupla\u00bb _builder_version=\u00bb4.20.4&#8243; _module_preset=\u00bbdefault\u00bb background_color=\u00bb#a82400&#8243; global_colors_info=\u00bb{}\u00bb follow_button=\u00bboff\u00bb url_new_window=\u00bbon\u00bb]youtube[\/et_pb_social_media_follow_network][\/et_pb_social_media_follow][\/et_pb_column][et_pb_column type=\u00bb1_3&#8243; _builder_version=\u00bb4.20.4&#8243; _module_preset=\u00bbdefault\u00bb global_colors_info=\u00bb{}\u00bb][et_pb_text _builder_version=\u00bb4.24.3&#8243; _module_preset=\u00bbdefault\u00bb custom_padding=\u00bb||||false|false\u00bb global_colors_info=\u00bb{}\u00bb]<\/p>\n<p>Enlaces de inter\u00e9s:<br \/><a href=\"https:\/\/www.upla.cl\/portada\/\" target=\"_blank\" rel=\"noopener\">UPLA.cl<\/a><br \/><a href=\"https:\/\/acceso.upla.cl\/sinte\/Login.aspx?ReturnUrl=%2fsinte%2f\" target=\"_blank\" rel=\"noopener\" title=\"Sistema integrado Institucional\">Sistema Integrado Institucional<\/a><br \/><a href=\"https:\/\/www.upla.cl\/secretariadeestudios\/\" target=\"_blank\" rel=\"noopener\" title=\"Secretar\u00eda de Estudios\">Secretar\u00eda de Estudios<\/a><br \/><a href=\"https:\/\/www.upla.cl\/titulosygrados\/\" target=\"_blank\" rel=\"noopener\" title=\"T\u00edtulos y grados\">T\u00edtulos y Grados<\/a><br \/><a href=\"https:\/\/sitios.upla.cl\/aranceles\/\" target=\"_blank\" rel=\"noopener\" title=\"Aranceles\">Aranceles<\/a><br \/><a href=\"https:\/\/www.upla.cl\/bibliotecas\/\" target=\"_blank\" rel=\"noopener\" title=\"Bibliotecas UPLA\">Bibliotecas UPLA<\/a><\/p>\n<p>[\/et_pb_text][\/et_pb_column][\/et_pb_row][\/et_pb_section]<\/p>\n","protected":false},"excerpt":{"rendered":"<p>Actual\u00edzate con nuestros diplomados en l\u00ednea y semipresenciales. La Universidad de Playa Ancha te invita a fortalecer tu desarrollo personal y profesional, fomentando una reflexi\u00f3n cr\u00edtica sobre los cambios y nuevas exigencias.\u00a1\u00danete a nosotros y potencia tu carrera!Av. Playa Ancha 850, Valpara\u00edso, Chile. programas.virtual@upla.cl Tel\u00e9fono: +56 32 2205206S\u00edguenos en nuestras redes sociales:Enlaces de inter\u00e9s:UPLA.clSistema Integrado [&hellip;]<\/p>\n","protected":false},"author":1,"featured_media":0,"parent":0,"menu_order":0,"comment_status":"closed","ping_status":"closed","template":"","meta":{"_et_pb_use_builder":"on","_et_pb_old_content":"","_et_gb_content_width":"","footnotes":""},"class_list":["post-695","page","type-page","status-publish","hentry"],"_links":{"self":[{"href":"https:\/\/www.upla.cl\/diplomados\/wp-json\/wp\/v2\/pages\/695","targetHints":{"allow":["GET"]}}],"collection":[{"href":"https:\/\/www.upla.cl\/diplomados\/wp-json\/wp\/v2\/pages"}],"about":[{"href":"https:\/\/www.upla.cl\/diplomados\/wp-json\/wp\/v2\/types\/page"}],"author":[{"embeddable":true,"href":"https:\/\/www.upla.cl\/diplomados\/wp-json\/wp\/v2\/users\/1"}],"replies":[{"embeddable":true,"href":"https:\/\/www.upla.cl\/diplomados\/wp-json\/wp\/v2\/comments?post=695"}],"version-history":[{"count":48,"href":"https:\/\/www.upla.cl\/diplomados\/wp-json\/wp\/v2\/pages\/695\/revisions"}],"predecessor-version":[{"id":1610,"href":"https:\/\/www.upla.cl\/diplomados\/wp-json\/wp\/v2\/pages\/695\/revisions\/1610"}],"wp:attachment":[{"href":"https:\/\/www.upla.cl\/diplomados\/wp-json\/wp\/v2\/media?parent=695"}],"curies":[{"name":"wp","href":"https:\/\/api.w.org\/{rel}","templated":true}]}}