{"id":77,"date":"2018-05-08T12:57:55","date_gmt":"2018-05-08T15:57:55","guid":{"rendered":"http:\/\/www.upla.cl\/desarrolloestudiantil\/?page_id=77"},"modified":"2025-03-19T18:02:30","modified_gmt":"2025-03-19T21:02:30","slug":"organizacion-estudiantil","status":"publish","type":"page","link":"https:\/\/www.upla.cl\/desarrolloestudiantil\/organizacion-estudiantil\/","title":{"rendered":"Organizaci\u00f3n Estudiantil"},"content":{"rendered":"<p>[et_pb_section fb_built=\u00bb1&#8243; fullwidth=\u00bbon\u00bb _builder_version=\u00bb4.23.1&#8243; background_color=\u00bbrgba(0,0,0,0.43)\u00bb background_image=\u00bbhttps:\/\/www.upla.cl\/desarrolloestudiantil\/wp-content\/uploads\/2018\/06\/estudiantes_organizacion.png\u00bb background_blend=\u00bbhue\u00bb custom_padding=\u00bb0px|0px|110px|0px|false|false\u00bb global_colors_info=\u00bb{}\u00bb][et_pb_fullwidth_post_title meta=\u00bboff\u00bb featured_image=\u00bboff\u00bb text_color=\u00bblight\u00bb _builder_version=\u00bb4.23.1&#8243; background_size=\u00bbinitial\u00bb background_position=\u00bbtop_left\u00bb background_repeat=\u00bbrepeat\u00bb title_text_shadow_style=\u00bbpreset2&#8243; global_colors_info=\u00bb{}\u00bb][\/et_pb_fullwidth_post_title][\/et_pb_section][et_pb_section fb_built=\u00bb1&#8243; _builder_version=\u00bb4.23.1&#8243; custom_margin=\u00bb||||false|false\u00bb custom_padding=\u00bb84px|0px|84px|0px|true|false\u00bb global_colors_info=\u00bb{}\u00bb][et_pb_row column_structure=\u00bb1_2,1_2&#8243; _builder_version=\u00bb4.16&#8243; background_size=\u00bbinitial\u00bb background_position=\u00bbtop_left\u00bb background_repeat=\u00bbrepeat\u00bb custom_margin=\u00bb|auto|37px|auto||\u00bb custom_padding=\u00bb||0px|||\u00bb global_colors_info=\u00bb{}\u00bb][et_pb_column type=\u00bb1_2&#8243; _builder_version=\u00bb4.16&#8243; custom_padding=\u00bb|||\u00bb global_colors_info=\u00bb{}\u00bb custom_padding__hover=\u00bb|||\u00bb][et_pb_text _builder_version=\u00bb4.23.1&#8243; _module_preset=\u00bbdefault\u00bb global_colors_info=\u00bb{}\u00bb]<\/p>\n<p>Las carreras organizan el trabajo pol\u00edtico leg\u00edtimo, respetuoso, democr\u00e1tico y participativo, a trav\u00e9s de la constituci\u00f3n de sus Centros de Representantes. Estos, a su vez, se agrupan en el Consejo de Representantes, que es un \u00f3rgano aut\u00f3nomo para la toma de decisiones colectivas.<\/p>\n<p>La Federaci\u00f3n de Estudiantes es el \u00f3rgano de representaci\u00f3n de todas las carreras de la universidad. Su conformaci\u00f3n y ejercicio pol\u00edtico representa un fortalecimiento al desarrollo y consolidaci\u00f3n de la instituci\u00f3n, a trav\u00e9s de los aportes responsables y transformadores que nacen desde las inquietudes y saberes del estamento.<\/p>\n<p>[\/et_pb_text][\/et_pb_column][et_pb_column type=\u00bb1_2&#8243; _builder_version=\u00bb4.16&#8243; custom_padding=\u00bb|||\u00bb global_colors_info=\u00bb{}\u00bb custom_padding__hover=\u00bb|||\u00bb][et_pb_image src=\u00bbhttps:\/\/www.upla.cl\/desarrolloestudiantil\/wp-content\/uploads\/2023\/12\/feuplabyn-scaled.jpg\u00bb title_text=\u00bbfeuplabyn\u00bb _builder_version=\u00bb4.23.1&#8243; _module_preset=\u00bbdefault\u00bb border_radii=\u00bboff|15px||15px|\u00bb global_colors_info=\u00bb{}\u00bb][\/et_pb_image][\/et_pb_column][\/et_pb_row][\/et_pb_section][et_pb_section fb_built=\u00bb1&#8243; admin_label=\u00bbAccesos\u00bb module_id=\u00bbotros accesos\u00bb _builder_version=\u00bb4.16&#8243; custom_padding=\u00bb0px|0px|1px|0px||\u00bb locked=\u00bboff\u00bb global_colors_info=\u00bb{}\u00bb][et_pb_row use_custom_gutter=\u00bbon\u00bb gutter_width=\u00bb1&#8243; make_equal=\u00bbon\u00bb admin_label=\u00bbrow\u00bb module_class=\u00bb et_pb_row_fullwidth\u00bb _builder_version=\u00bb4.23.1&#8243; width=\u00bb100%\u00bb width_tablet=\u00bb100%\u00bb width_phone=\u00bb\u00bb width_last_edited=\u00bbon|desktop\u00bb max_width=\u00bb100%\u00bb max_width_tablet=\u00bb100%\u00bb max_width_phone=\u00bb\u00bb max_width_last_edited=\u00bbon|desktop\u00bb custom_padding=\u00bb0px|0px|24.2667px|0px\u00bb make_fullwidth=\u00bbon\u00bb global_colors_info=\u00bb{}\u00bb][et_pb_column type=\u00bb4_4&#8243; _builder_version=\u00bb4.23.1&#8243; background_color=\u00bb#009bdb\u00bb custom_padding=\u00bb|||\u00bb border_radii=\u00bboff|15px|15px||\u00bb global_colors_info=\u00bb{}\u00bb custom_padding__hover=\u00bb|||\u00bb][et_pb_cta title=\u00bbACCESOS\u00bb _builder_version=\u00bb4.23.1&#8243; header_font_size=\u00bb20&#8243; background_enable_color=\u00bboff\u00bb background_size=\u00bbinitial\u00bb background_position=\u00bbtop_left\u00bb background_repeat=\u00bbrepeat\u00bb text_orientation=\u00bbleft\u00bb min_height=\u00bb41px\u00bb custom_margin=\u00bb|50px|-24px|50px||true\u00bb custom_padding=\u00bb15px||0px|||\u00bb saved_tabs=\u00bball\u00bb global_colors_info=\u00bb{}\u00bb button_text_size__hover_enabled=\u00bboff\u00bb button_text_size__hover=\u00bbnull\u00bb button_one_text_size__hover_enabled=\u00bboff\u00bb button_one_text_size__hover=\u00bbnull\u00bb button_two_text_size__hover_enabled=\u00bboff\u00bb button_two_text_size__hover=\u00bbnull\u00bb button_text_color__hover_enabled=\u00bboff\u00bb button_text_color__hover=\u00bbnull\u00bb button_one_text_color__hover_enabled=\u00bboff\u00bb button_one_text_color__hover=\u00bbnull\u00bb button_two_text_color__hover_enabled=\u00bboff\u00bb button_two_text_color__hover=\u00bbnull\u00bb button_border_width__hover_enabled=\u00bboff\u00bb button_border_width__hover=\u00bbnull\u00bb button_one_border_width__hover_enabled=\u00bboff\u00bb button_one_border_width__hover=\u00bbnull\u00bb button_two_border_width__hover_enabled=\u00bboff\u00bb button_two_border_width__hover=\u00bbnull\u00bb button_border_color__hover_enabled=\u00bboff\u00bb button_border_color__hover=\u00bbnull\u00bb button_one_border_color__hover_enabled=\u00bboff\u00bb button_one_border_color__hover=\u00bbnull\u00bb button_two_border_color__hover_enabled=\u00bboff\u00bb button_two_border_color__hover=\u00bbnull\u00bb button_border_radius__hover_enabled=\u00bboff\u00bb button_border_radius__hover=\u00bbnull\u00bb button_one_border_radius__hover_enabled=\u00bboff\u00bb button_one_border_radius__hover=\u00bbnull\u00bb button_two_border_radius__hover_enabled=\u00bboff\u00bb button_two_border_radius__hover=\u00bbnull\u00bb button_letter_spacing__hover_enabled=\u00bboff\u00bb button_letter_spacing__hover=\u00bbnull\u00bb button_one_letter_spacing__hover_enabled=\u00bboff\u00bb button_one_letter_spacing__hover=\u00bbnull\u00bb button_two_letter_spacing__hover_enabled=\u00bboff\u00bb button_two_letter_spacing__hover=\u00bbnull\u00bb button_bg_color__hover_enabled=\u00bboff\u00bb button_bg_color__hover=\u00bbnull\u00bb button_one_bg_color__hover_enabled=\u00bboff\u00bb button_one_bg_color__hover=\u00bbnull\u00bb button_two_bg_color__hover_enabled=\u00bboff\u00bb button_two_bg_color__hover=\u00bbnull\u00bb][\/et_pb_cta][\/et_pb_column][\/et_pb_row][et_pb_row column_structure=\u00bb1_4,1_4,1_4,1_4&#8243; _builder_version=\u00bb4.23.1&#8243; background_size=\u00bbinitial\u00bb background_position=\u00bbtop_left\u00bb background_repeat=\u00bbrepeat\u00bb custom_padding=\u00bb0px|0px|17px|0px|false|false\u00bb global_colors_info=\u00bb{}\u00bb][et_pb_column type=\u00bb1_4&#8243; _builder_version=\u00bb4.16&#8243; custom_padding=\u00bb|||\u00bb global_colors_info=\u00bb{}\u00bb custom_padding__hover=\u00bb|||\u00bb][et_pb_text _builder_version=\u00bb4.23.1&#8243; text_font=\u00bbLato||||\u00bb text_text_color=\u00bb#565656&#8243; global_colors_info=\u00bb{}\u00bb]<\/p>\n<ul style=\"list-style-type: disc;\">\n<li><span style=\"color: #565656;\"><a style=\"color: #565656;\" href=\"https:\/\/acceso.upla.cl\/sinte\/Login.aspx?ReturnUrl=%2fsinte%2f\" target=\"_blank\" rel=\"noopener noreferrer nofollow\">Sistema Integrado Institucional<\/a><\/span><\/li>\n<li><span style=\"color: #565656;\"><a style=\"color: #565656;\" href=\"https:\/\/accounts.google.com\/signin\/v2\/identifier?continue=https%3A%2F%2Fmail.google.com%2Fmail%2F&amp;service=mail&amp;hd=alumnos.upla.cl&amp;sacu=1&amp;flowName=GlifWebSignIn&amp;flowEntry=AddSession\" target=\"_blank\" rel=\"noopener noreferrer nofollow\">Correo del Estudiante<\/a><\/span><\/li>\n<li><span style=\"color: #565656;\"><a href=\"http:\/\/www.upla.cl\/\" target=\"_blank\" rel=\"noopener noreferrer\"><span style=\"color: #565656;\">Sitio Web Institucional<\/span><\/a><\/span><\/li>\n<li><span style=\"color: #565656;\"><a style=\"color: #565656;\" href=\"http:\/\/eaula.upla.cl\/moodle\/index.php\" target=\"_blank\" rel=\"noopener noreferrer nofollow\">E-Aula<\/a> <\/span><\/li>\n<li><span style=\"color: #565656;\"><a style=\"color: #565656;\" href=\"https:\/\/acceso.upla.cl\/Contacto_Institucional\/\" target=\"_blank\" rel=\"noopener noreferrer nofollow\">Contacto Institucional<\/a><\/span><span style=\"color: #565656;\"><span style=\"color: #565656;\"><\/span><\/span><\/li>\n<\/ul>\n<p>[\/et_pb_text][\/et_pb_column][et_pb_column type=\u00bb1_4&#8243; _builder_version=\u00bb4.16&#8243; custom_padding=\u00bb|||\u00bb global_colors_info=\u00bb{}\u00bb custom_padding__hover=\u00bb|||\u00bb][et_pb_text _builder_version=\u00bb4.23.1&#8243; text_text_color=\u00bb#565656&#8243; global_colors_info=\u00bb{}\u00bb]<\/p>\n<ul style=\"list-style-type: disc;\">\n<li><span style=\"color: #565656;\"><a style=\"color: #565656;\" href=\"https:\/\/www.upla.cl\/desarrolloestudiantil\/beneficios-estudiantiles-externos\/\" target=\"_blank\" rel=\"noopener noreferrer\">Beneficios<\/a><\/span><\/li>\n<li><span style=\"color: #565656;\"><a style=\"color: #565656;\" href=\"http:\/\/www.upla.cl\/admision\/\" target=\"_blank\" rel=\"noopener noreferrer\">Admisi\u00f3n<\/a><\/span><\/li>\n<li><span style=\"color: #565656;\"><a style=\"color: #565656;\" href=\"http:\/\/www.upla.cl\/postgrado\/\" target=\"_blank\" rel=\"noopener noreferrer\">Postgrado<\/a><\/span><\/li>\n<\/ul>\n<p>[\/et_pb_text][\/et_pb_column][et_pb_column type=\u00bb1_4&#8243; _builder_version=\u00bb4.16&#8243; custom_padding=\u00bb|||\u00bb global_colors_info=\u00bb{}\u00bb custom_padding__hover=\u00bb|||\u00bb][et_pb_text _builder_version=\u00bb4.23.1&#8243; text_text_color=\u00bb#565656&#8243; global_colors_info=\u00bb{}\u00bb]<\/p>\n<ul style=\"list-style-type: disc;\">\n<li><a href=\"http:\/\/www.upla.cl\/gestioncurricular\/\" target=\"_blank\" rel=\"noopener noreferrer\"><span style=\"color: #565656;\">Secretar\u00eda de Estudios<\/span><\/a><\/li>\n<li><span style=\"color: #565656;\"><a style=\"color: #565656;\" href=\"http:\/\/www.upla.cl\/titulosygrados\/\" target=\"_blank\" rel=\"noopener noreferrer\">T\u00edtulos y Grados<\/a><\/span><\/li>\n<li><span style=\"color: #565656;\"><a style=\"color: #565656;\" href=\"http:\/\/sitios.upla.cl\/aranceles\/\" target=\"_blank\" rel=\"noopener noreferrer nofollow\">Aranceles y Cr\u00e9dito<\/a><\/span><\/li>\n<li><span style=\"color: #565656;\"><a style=\"color: #565656;\" href=\"http:\/\/www.upla.cl\/bibliotecas\/\" target=\"_blank\" rel=\"noopener noreferrer\">Sistema de Bibliotecas<\/a><\/span><\/li>\n<\/ul>\n<p>[\/et_pb_text][\/et_pb_column][et_pb_column type=\u00bb1_4&#8243; _builder_version=\u00bb4.16&#8243; custom_padding=\u00bb|||\u00bb global_colors_info=\u00bb{}\u00bb custom_padding__hover=\u00bb|||\u00bb][et_pb_image src=\u00bbhttps:\/\/www.upla.cl\/portada\/wp-content\/uploads\/2025\/03\/20250311_upla_acreditada_2022-2027-color.png\u00bb alt=\u00bbUPLA Acreditada\u00bb title_text=\u00bbUPLA Acreditada\u00bb url=\u00bbhttps:\/\/www.upla.cl\/calidad\/acreditacion\/\u00bb force_fullwidth=\u00bbon\u00bb align_tablet=\u00bbcenter\u00bb align_phone=\u00bb\u00bb align_last_edited=\u00bbon|desktop\u00bb admin_label=\u00bbHeader admisi\u00f3n Upla: acreditaci\u00f3n\u00bb _builder_version=\u00bb4.27.4&#8243; hover_enabled=\u00bb0&#8243; global_colors_info=\u00bb{}\u00bb url_new_window=\u00bbon\u00bb sticky_enabled=\u00bb0&#8243;]<\/p>\n<p>\u00a0<\/p>\n<p>[\/et_pb_image][\/et_pb_column][\/et_pb_row][\/et_pb_section]<\/p>\n","protected":false},"excerpt":{"rendered":"<p>Las carreras organizan el trabajo pol\u00edtico leg\u00edtimo, respetuoso, democr\u00e1tico y participativo, a trav\u00e9s de la constituci\u00f3n de sus Centros de Representantes. Estos, a su vez, se agrupan en el Consejo de Representantes, que es un \u00f3rgano aut\u00f3nomo para la toma de decisiones colectivas. La Federaci\u00f3n de Estudiantes es el \u00f3rgano de representaci\u00f3n de todas las [&hellip;]<\/p>\n","protected":false},"author":1,"featured_media":105152,"parent":0,"menu_order":11,"comment_status":"closed","ping_status":"closed","template":"","meta":{"_et_pb_use_builder":"on","_et_pb_old_content":"","_et_gb_content_width":"","footnotes":""},"class_list":["post-77","page","type-page","status-publish","has-post-thumbnail","hentry"],"_links":{"self":[{"href":"https:\/\/www.upla.cl\/desarrolloestudiantil\/wp-json\/wp\/v2\/pages\/77","targetHints":{"allow":["GET"]}}],"collection":[{"href":"https:\/\/www.upla.cl\/desarrolloestudiantil\/wp-json\/wp\/v2\/pages"}],"about":[{"href":"https:\/\/www.upla.cl\/desarrolloestudiantil\/wp-json\/wp\/v2\/types\/page"}],"author":[{"embeddable":true,"href":"https:\/\/www.upla.cl\/desarrolloestudiantil\/wp-json\/wp\/v2\/users\/1"}],"replies":[{"embeddable":true,"href":"https:\/\/www.upla.cl\/desarrolloestudiantil\/wp-json\/wp\/v2\/comments?post=77"}],"version-history":[{"count":0,"href":"https:\/\/www.upla.cl\/desarrolloestudiantil\/wp-json\/wp\/v2\/pages\/77\/revisions"}],"wp:featuredmedia":[{"embeddable":true,"href":"https:\/\/www.upla.cl\/desarrolloestudiantil\/wp-json\/wp\/v2\/media\/105152"}],"wp:attachment":[{"href":"https:\/\/www.upla.cl\/desarrolloestudiantil\/wp-json\/wp\/v2\/media?parent=77"}],"curies":[{"name":"wp","href":"https:\/\/api.w.org\/{rel}","templated":true}]}}