{"id":53,"date":"2018-03-08T15:05:28","date_gmt":"2018-03-08T18:05:28","guid":{"rendered":"http:\/\/www.upla.cl\/desarrolloestudiantil\/?page_id=53"},"modified":"2026-05-12T15:58:44","modified_gmt":"2026-05-12T19:58:44","slug":"inicio","status":"publish","type":"page","link":"https:\/\/www.upla.cl\/desarrolloestudiantil\/","title":{"rendered":"Inicio"},"content":{"rendered":"<p>[et_pb_section fb_built=\u00bb1&#8243; admin_label=\u00bbHero\u00bb module_id=\u00bbinicio\u00bb _builder_version=\u00bb4.27.6&#8243; use_background_color_gradient=\u00bbon\u00bb background_color_gradient_direction=\u00bb70deg\u00bb background_color_gradient_stops=\u00bb#4b8cc1 0%|rgba(183,183,183,0.5) 100%\u00bb background_color_gradient_overlays_image=\u00bbon\u00bb background_color_gradient_start=\u00bb#4b8cc1&#8243; background_color_gradient_end=\u00bbrgba(183,183,183,0.5)\u00bb background_image=\u00bbhttps:\/\/www.upla.cl\/desarrolloestudiantil\/wp-content\/uploads\/2018\/08\/14630083375_325828f9ce_k-1.jpg\u00bb background_video_mp4=\u00bbhttps:\/\/www.upla.cl\/desarrolloestudiantil\/wp-content\/uploads\/2026\/05\/20260512_vida-estudiantil-dgde.mp4&#8243; background_enable_video_webm=\u00bboff\u00bb min_height=\u00bb305px\u00bb custom_margin=\u00bb||||false|false\u00bb custom_padding=\u00bb||5%||false|false\u00bb top_divider_style=\u00bbslant\u00bb top_divider_color=\u00bbRGBA(255,255,255,0)\u00bb top_divider_height=\u00bb50px\u00bb top_divider_repeat=\u00bb1x\u00bb top_divider_flip=\u00bbvertical|horizontal\u00bb bottom_divider_style=\u00bbwave2&#8243; bottom_divider_color=\u00bb#009bdb\u00bb bottom_divider_height=\u00bb5vw\u00bb bottom_divider_repeat=\u00bb1x\u00bb bottom_divider_flip=\u00bbvertical\u00bb border_color_bottom=\u00bbRGBA(255,255,255,0)\u00bb global_colors_info=\u00bb{}\u00bb][et_pb_row _builder_version=\u00bb4.27.4&#8243; _module_preset=\u00bbdefault\u00bb global_colors_info=\u00bb{}\u00bb][et_pb_column type=\u00bb4_4&#8243; _builder_version=\u00bb4.23.1&#8243; _module_preset=\u00bbdefault\u00bb global_colors_info=\u00bb{}\u00bb][et_pb_text admin_label=\u00bbTexto gu\u00eda inicial\u00bb _builder_version=\u00bb4.27.6&#8243; text_font=\u00bbLato|700|||||||\u00bb header_font=\u00bbLato|700|||||||\u00bb header_font_size=\u00bb400%\u00bb header_line_height=\u00bb1.4em\u00bb header_2_font=\u00bbLato||||||||\u00bb header_2_text_color=\u00bbrgba(255,255,255,0.6)\u00bb header_2_font_size=\u00bb32px\u00bb header_2_line_height=\u00bb1.4em\u00bb background_layout=\u00bbdark\u00bb width=\u00bb100%\u00bb max_width=\u00bb100%\u00bb custom_margin=\u00bb||||false|false\u00bb custom_padding=\u00bb13%||13%||true|false\u00bb animation_style=\u00bbslide\u00bb animation_direction=\u00bbright\u00bb animation_intensity_slide=\u00bb4%\u00bb header_font_size_tablet=\u00bb50px\u00bb header_font_size_phone=\u00bb32px\u00bb header_font_size_last_edited=\u00bbon|desktop\u00bb header_2_font_size_tablet=\u00bb\u00bb header_2_font_size_phone=\u00bb24px\u00bb header_2_font_size_last_edited=\u00bbon|phone\u00bb text_text_shadow_style=\u00bbpreset2&#8243; header_text_shadow_style=\u00bbpreset2&#8243; header_text_shadow_vertical_length=\u00bb0.05em\u00bb inline_fonts=\u00bbAllerta Stencil,Architects Daughter,Yellowtail,Calligraffitti,Amatic SC,Suravaram,Armata,Lato\u00bb global_colors_info=\u00bb{}\u00bb]<\/p>\n<h1>Direcci\u00f3n General de Desarrollo Estudiantil<\/h1>\n<h3><strong>Estamos en Playa Ancha y en el Campus San Felipe.<\/strong><\/h3>\n<p>[\/et_pb_text][\/et_pb_column][\/et_pb_row][\/et_pb_section][et_pb_section fb_built=\u00bb1&#8243; _builder_version=\u00bb4.27.4&#8243; _module_preset=\u00bbdefault\u00bb custom_padding=\u00bb||0px|||\u00bb top_divider_style=\u00bbwave2&#8243; top_divider_color=\u00bb#009bdb\u00bb top_divider_flip=\u00bbvertical\u00bb global_colors_info=\u00bb{}\u00bb][et_pb_row _builder_version=\u00bb4.27.4&#8243; _module_preset=\u00bbdefault\u00bb custom_margin=\u00bb5%|auto||auto|false|false\u00bb custom_margin_tablet=\u00bb36px|auto||auto||\u00bb custom_margin_phone=\u00bb0px||||false|false\u00bb custom_margin_last_edited=\u00bbon|phone\u00bb custom_padding=\u00bb5%||0px||false|false\u00bb global_colors_info=\u00bb{}\u00bb custom_margin__hover_enabled=\u00bbon|desktop\u00bb custom_margin__hover=\u00bb36px|auto||auto||\u00bb][et_pb_column type=\u00bb4_4&#8243; _builder_version=\u00bb4.23.1&#8243; _module_preset=\u00bbdefault\u00bb background_enable_image=\u00bboff\u00bb global_colors_info=\u00bb{}\u00bb][et_pb_text _builder_version=\u00bb4.27.5&#8243; _module_preset=\u00bbdefault\u00bb text_font_size=\u00bb18px\u00bb text_line_height=\u00bb1.5em\u00bb header_font_size=\u00bb17px\u00bb custom_margin=\u00bb||29px|||\u00bb custom_margin_tablet=\u00bb||57px|||\u00bb custom_margin_phone=\u00bb||0px||false|false\u00bb custom_margin_last_edited=\u00bbon|phone\u00bb global_colors_info=\u00bb{}\u00bb]<\/p>\n<p>La <strong>Direcci\u00f3n General de Desarrollo Estudiantil (DGDE)<\/strong> gestiona diversos beneficios estudiantiles, tales como: gratuidad universitaria, becas ministeriales de arancel, de mantenci\u00f3n, cr\u00e9ditos (Solidario y con Garant\u00eda Estatal), Tarjeta Nacional Estudiantil (TNE), entre otros. Centra su preocupaci\u00f3n en el desarrollo integral de sus estudiantes, a trav\u00e9s de la instalaci\u00f3n de pol\u00edticas que posibiliten espacios de transformaci\u00f3n emblem\u00e1ticos y significativos para el buen vivir.<\/p>\n<p>Adem\u00e1s, la DGDE coordina las acciones de la <strong>Direcci\u00f3n de Deportes y Recreaci\u00f3n (Dider)<\/strong>, del <strong>Centro Universitario para la Salud y el Bienestar (Cusabi)<\/strong> y del <strong>Centro para el Desarrollo Psicosocial (CDP)<\/strong>, como tambi\u00e9n los programas relacionados con alternativas de trabajo, mejora en la calidad de vida universitaria, inclusi\u00f3n, integraci\u00f3n, organizaci\u00f3n estudiantil, entre otros.<\/p>\n<p><span><\/span><\/p>\n<p>[\/et_pb_text][\/et_pb_column][\/et_pb_row][\/et_pb_section][et_pb_section fb_built=\u00bb1&#8243; specialty=\u00bbon\u00bb _builder_version=\u00bb4.27.4&#8243; _module_preset=\u00bbdefault\u00bb width=\u00bb100%\u00bb module_alignment=\u00bbcenter\u00bb global_colors_info=\u00bb{}\u00bb][et_pb_column type=\u00bb1_2&#8243; _builder_version=\u00bb4.16&#8243; custom_padding=\u00bb|||\u00bb global_colors_info=\u00bb{}\u00bb custom_padding__hover=\u00bb|||\u00bb][et_pb_text _builder_version=\u00bb4.23.1&#8243; global_colors_info=\u00bb{}\u00bb]<\/p>\n<h2>Noticias Relacionadas<\/h2>\n<p>[\/et_pb_text][et_pb_sidebar area=\u00bbet_pb_widget_area_1&#8243; module_class=\u00bbrss-sidebar-upla\u00bb _builder_version=\u00bb4.27.5&#8243; _module_preset=\u00bbdefault\u00bb width=\u00bb100%\u00bb max_width=\u00bb100%\u00bb custom_css_free_form=\u00bb    .et_pb_widget {||        width: 100% !important;||    }||    .widget_block widget_rss{||        width: 100% !important;||    }||\u00bb global_colors_info=\u00bb{}\u00bb][\/et_pb_sidebar][\/et_pb_column][et_pb_column type=\u00bb1_2&#8243; specialty_columns=\u00bb2&#8243; _builder_version=\u00bb4.16&#8243; custom_padding=\u00bb|||\u00bb global_colors_info=\u00bb{}\u00bb custom_padding__hover=\u00bb|||\u00bb][et_pb_row_inner _builder_version=\u00bb4.27.0&#8243; _module_preset=\u00bbdefault\u00bb custom_padding=\u00bb20px||1px|||\u00bb global_colors_info=\u00bb{}\u00bb][et_pb_column_inner saved_specialty_column_type=\u00bb1_2&#8243; _builder_version=\u00bb4.27.0&#8243; _module_preset=\u00bbdefault\u00bb global_colors_info=\u00bb{}\u00bb][et_pb_text _builder_version=\u00bb4.27.0&#8243; global_colors_info=\u00bb{}\u00bb]<\/p>\n<h2>Videos<\/h2>\n<p>[\/et_pb_text][et_pb_video_slider _builder_version=\u00bb4.27.4&#8243; _module_preset=\u00bbdefault\u00bb global_colors_info=\u00bb{}\u00bb][et_pb_video_slider_item admin_title=\u00bbDesarrollemos una cultura preventiva\u00bb src=\u00bbhttps:\/\/www.youtube.com\/watch?v=LfCrl5CUHXs\u00bb src_webm=\u00bbhttps:\/\/www.youtube.com\/watch?v=LfCrl5CUHXs\u00bb _builder_version=\u00bb4.27.4&#8243; _module_preset=\u00bbdefault\u00bb global_colors_info=\u00bb{}\u00bb show_image_overlay=\u00bboff\u00bb][\/et_pb_video_slider_item][et_pb_video_slider_item admin_title=\u00bbPrograma Ethos\u00bb src=\u00bbhttps:\/\/www.youtube.com\/watch?v=Vf9EbvqeQ_8&#8243; src_webm=\u00bbhttps:\/\/www.youtube.com\/watch?v=Vf9EbvqeQ_8&#8243; _builder_version=\u00bb4.27.4&#8243; _module_preset=\u00bbdefault\u00bb global_colors_info=\u00bb{}\u00bb show_image_overlay=\u00bboff\u00bb][\/et_pb_video_slider_item][et_pb_video_slider_item admin_title=\u00bbcirco\u00bb src=\u00bbhttps:\/\/www.youtube.com\/watch?v=eFx8ev5TO-8&#8243; src_webm=\u00bbhttps:\/\/www.youtube.com\/watch?v=eFx8ev5TO-8&#8243; _builder_version=\u00bb4.27.0&#8243; _module_preset=\u00bbdefault\u00bb global_colors_info=\u00bb{}\u00bb show_image_overlay=\u00bboff\u00bb][\/et_pb_video_slider_item][et_pb_video_slider_item admin_title=\u00bbDiversidades sexogen\u00e9ricas\u00bb src=\u00bbhttps:\/\/www.youtube.com\/watch?v=IGyi8TwRRzY\u00bb src_webm=\u00bbhttps:\/\/www.youtube.com\/watch?v=IGyi8TwRRzY\u00bb _builder_version=\u00bb4.27.0&#8243; _module_preset=\u00bbdefault\u00bb global_colors_info=\u00bb{}\u00bb show_image_overlay=\u00bboff\u00bb][\/et_pb_video_slider_item][\/et_pb_video_slider][\/et_pb_column_inner][\/et_pb_row_inner][\/et_pb_column][\/et_pb_section][et_pb_section fb_built=\u00bb1&#8243; _builder_version=\u00bb4.27.4&#8243; _module_preset=\u00bbdefault\u00bb custom_padding=\u00bb5%||5%||true|false\u00bb global_colors_info=\u00bb{}\u00bb][et_pb_row _builder_version=\u00bb4.27.4&#8243; _module_preset=\u00bbdefault\u00bb global_colors_info=\u00bb{}\u00bb][et_pb_column type=\u00bb4_4&#8243; _builder_version=\u00bb4.27.4&#8243; _module_preset=\u00bbdefault\u00bb global_colors_info=\u00bb{}\u00bb][et_pb_cta title=\u00bb\u00bfNecesitas realizar una visaci\u00f3n m\u00e9dica?\u00bb button_url=\u00bbhttps:\/\/upla.cl\/noticias\/wp-content\/uploads\/2026\/04\/Guia-para-Ingreso-de-Solicitud-de-Visacion-Medica-en-SINTE.pdf\u00bb button_text=\u00bbver aqu\u00ed\u00bb _builder_version=\u00bb4.27.6&#8243; _module_preset=\u00bbdefault\u00bb background_color=\u00bb#009bdb\u00bb background_image=\u00bbhttps:\/\/www.upla.cl\/desarrolloestudiantil\/wp-content\/uploads\/2022\/12\/14411694537_0f92fc2e2c_k-1.jpg\u00bb background_blend=\u00bbmultiply\u00bb custom_button=\u00bbon\u00bb button_text_size=\u00bb20px\u00bb button_text_color=\u00bb#FFFFFF\u00bb button_bg_color=\u00bb#009bdb\u00bb button_border_radius=\u00bb5px\u00bb button_use_icon=\u00bbon\u00bb button_alignment=\u00bbcenter\u00bb hover_enabled=\u00bb0&#8243; border_radii=\u00bbon|15px|15px|15px|15px\u00bb global_colors_info=\u00bb{}\u00bb sticky_enabled=\u00bb0&#8243;]<\/p>\n<p>Revisa el instructivo para realizarla f\u00e1cilmente a trav\u00e9s del <strong>Sistema Integrado Institucional (SINTE)<\/strong><\/p>\n<p>[\/et_pb_cta][\/et_pb_column][\/et_pb_row][\/et_pb_section][et_pb_section fb_built=\u00bb1&#8243; _builder_version=\u00bb4.23.1&#8243; _module_preset=\u00bbdefault\u00bb background_color=\u00bbRGBA(255,255,255,0)\u00bb custom_margin=\u00bb||29px||false|false\u00bb custom_margin_tablet=\u00bb||50px||false|false\u00bb custom_margin_phone=\u00bb||0px||false|false\u00bb custom_margin_last_edited=\u00bbon|phone\u00bb global_colors_info=\u00bb{}\u00bb][et_pb_row _builder_version=\u00bb4.23.1&#8243; _module_preset=\u00bbdefault\u00bb custom_margin=\u00bb|auto||auto|false|false\u00bb custom_padding=\u00bb||0px|||\u00bb border_color_all=\u00bb#009bdb\u00bb border_style_all=\u00bboutset\u00bb global_colors_info=\u00bb{}\u00bb][et_pb_column type=\u00bb4_4&#8243; _builder_version=\u00bb4.23.1&#8243; _module_preset=\u00bbdefault\u00bb global_colors_info=\u00bb{}\u00bb][et_pb_tabs active_tab_background_color=\u00bb#009bdb\u00bb inactive_tab_background_color=\u00bb#FFFFFF\u00bb active_tab_text_color=\u00bb#FFFFFF\u00bb _builder_version=\u00bb4.27.6&#8243; _module_preset=\u00bbdefault\u00bb tab_text_color=\u00bb#009bdb\u00bb tab_font=\u00bb|600|||||||\u00bb tab_font_size=\u00bb16px\u00bb tab_line_height=\u00bb2.5em\u00bb custom_margin=\u00bb||5%||false|false\u00bb custom_padding=\u00bb||5%||false|false\u00bb hover_enabled=\u00bb0&#8243; custom_css_free_form=\u00bbul.et_pb_tabs_controls {||    background-color: #ffffff;||}\u00bb border_radii=\u00bbon|15px|15px|15px|15px\u00bb border_color_all=\u00bb#009bdb\u00bb border_style_all=\u00bboutset\u00bb border_style_top=\u00bboutset\u00bb border_width_bottom=\u00bb1px\u00bb border_style_bottom=\u00bboutset\u00bb global_colors_info=\u00bb{}\u00bb sticky_enabled=\u00bb0&#8243;][et_pb_tab title=\u00bbDGDE\u00bb _builder_version=\u00bb4.27.6&#8243; _module_preset=\u00bbdefault\u00bb hover_enabled=\u00bb0&#8243; global_colors_info=\u00bb{}\u00bb sticky_enabled=\u00bb0&#8243;]<\/p>\n<p><strong>Correo electr\u00f3nico: <a href=\"mailto:dgde@upla.cl\">dgde@upla.cl\u00a0<\/a><\/strong><strong><\/strong><\/p>\n<p><strong><\/strong><\/p>\n<p><strong>Campus Valpara\u00edso<\/strong><strong><\/strong><\/p>\n<p>Tercer piso del Edificio Institucional, Avenida Guillermo Gonz\u00e1lez de Hontaneda 855, Playa Ancha, Valpara\u00edso.<br \/>Tel\u00e9fono: +56 32 2205138<\/p>\n<hr \/>\n<p><strong>San Felipe<\/strong><\/p>\n<p>Edificio Administrativo, Benigno Caldera 351, San Felipe.<br \/>Tel\u00e9fono: +56 32 2205622<\/p>\n<p>[\/et_pb_tab][et_pb_tab title=\u00bbDIDER\u00bb _builder_version=\u00bb4.27.5&#8243; _module_preset=\u00bbdefault\u00bb global_colors_info=\u00bb{}\u00bb]<\/p>\n<p>Correo electr\u00f3nico: <strong><span size=\"3\" style=\"font-size: medium;\"><a href=\"mailto:dgde@upla.cl\">dider@upla.cl<\/a>\u00a0<\/span><\/strong><\/p>\n<p><strong>Campus Valpara\u00edso<\/strong><\/p>\n<p>Patio RecreActivo, Avenida Playa Ancha 850, Playa Ancha, Valpara\u00edso.\u00a0 Tel\u00e9fono: +56 32 2205287<\/p>\n<hr \/>\n<p><strong>Campus San Felipe<\/strong><\/p>\n<p>Benigno Caldera 351, San Felipe.\u00a0 Tel\u00e9fono: +56 32 2205937<br \/><strong><\/strong><\/p>\n<p><span size=\"3\" style=\"font-size: medium;\"><\/span><\/p>\n<p>[\/et_pb_tab][et_pb_tab title=\u00bbCUSABI\u00bb _builder_version=\u00bb4.27.5&#8243; _module_preset=\u00bbdefault\u00bb global_colors_info=\u00bb{}\u00bb]<\/p>\n<p>Correo Electr\u00f3nico: <span size=\"3\" style=\"font-size: medium;\"><a href=\"mailto:dgde@upla.cl\"><strong>cusabi@upla.cl<\/strong><\/a><strong>\u00a0<\/strong><\/span><\/p>\n<p><span size=\"3\" style=\"font-size: medium;\"><strong>Campus Valpara\u00edso<\/strong><\/span><\/p>\n<p>Primer Piso, Edificio Institucional, Avenida Guillermo Gonz\u00e1lez de Hontaneda 855, Playa Ancha, Valpara\u00edso.\u00a0 Tel\u00e9fono: +56 32 2205142.<\/p>\n<hr \/>\n<p><span size=\"3\" style=\"font-size: medium;\"><strong>Campus San Felipe<\/strong><\/span><\/p>\n<p>Benigno Caldera 351, San Felipe.\u00a0 Tel\u00e9fono: +56 32 2205624.<\/p>\n<p>&nbsp;<\/p>\n<p>[\/et_pb_tab][et_pb_tab title=\u00bbCDP\u00bb _builder_version=\u00bb4.27.6&#8243; _module_preset=\u00bbdefault\u00bb hover_enabled=\u00bb0&#8243; global_colors_info=\u00bb{}\u00bb sticky_enabled=\u00bb0&#8243;]<\/p>\n<p>Correo Electr\u00f3nico: <strong><span size=\"3\" style=\"font-size: medium;\"><a href=\"mailto:dgde@upla.cl\">cdp@upla.cl<\/a>\u00a0<\/span><\/strong><\/p>\n<p><strong><span size=\"3\" style=\"font-size: medium;\">Campus Valpara\u00edso<\/span><\/strong><\/p>\n<p>Piso -1, Casa Central,\u00a0 Avenida Playa Ancha 850, Valpara\u00edso.\u00a0 Tel\u00e9fono: +56 32 22055332<\/p>\n<p>[\/et_pb_tab][\/et_pb_tabs][\/et_pb_column][\/et_pb_row][\/et_pb_section][et_pb_section fb_built=\u00bb1&#8243; admin_label=\u00bbAccesos\u00bb module_id=\u00bbotros accesos\u00bb _builder_version=\u00bb4.16&#8243; custom_padding=\u00bb0px|0px|1px|0px||\u00bb global_colors_info=\u00bb{}\u00bb][et_pb_row use_custom_gutter=\u00bbon\u00bb gutter_width=\u00bb1&#8243; make_equal=\u00bbon\u00bb admin_label=\u00bbrow\u00bb module_class=\u00bb et_pb_row_fullwidth\u00bb _builder_version=\u00bb4.23.1&#8243; width=\u00bb100%\u00bb width_tablet=\u00bb100%\u00bb width_phone=\u00bb\u00bb width_last_edited=\u00bbon|desktop\u00bb max_width=\u00bb100%\u00bb max_width_tablet=\u00bb100%\u00bb max_width_phone=\u00bb\u00bb max_width_last_edited=\u00bbon|desktop\u00bb custom_padding=\u00bb0px|0px|25.3px|0px||\u00bb make_fullwidth=\u00bbon\u00bb global_colors_info=\u00bb{}\u00bb][et_pb_column type=\u00bb4_4&#8243; _builder_version=\u00bb4.23.1&#8243; background_color=\u00bb#009bdb\u00bb custom_padding=\u00bb|||\u00bb border_radii=\u00bboff|15px|15px||\u00bb global_colors_info=\u00bb{}\u00bb custom_padding__hover=\u00bb|||\u00bb][et_pb_cta title=\u00bbACCESOS\u00bb _builder_version=\u00bb4.23.1&#8243; header_text_align=\u00bbleft\u00bb header_font_size=\u00bb20&#8243; header_line_height=\u00bb1.1em\u00bb background_enable_color=\u00bboff\u00bb background_size=\u00bbinitial\u00bb background_position=\u00bbtop_left\u00bb background_repeat=\u00bbrepeat\u00bb transform_translate=\u00bb4px|-4px\u00bb text_orientation=\u00bbleft\u00bb min_height=\u00bb41px\u00bb custom_margin=\u00bb|50px|-24px|50px||true\u00bb custom_padding=\u00bb15px||0px|31px||\u00bb header_text_align_tablet=\u00bb\u00bb header_text_align_phone=\u00bbcenter\u00bb header_text_align_last_edited=\u00bbon|phone\u00bb global_colors_info=\u00bb{}\u00bb button_text_size__hover_enabled=\u00bboff\u00bb button_text_size__hover=\u00bbnull\u00bb button_one_text_size__hover_enabled=\u00bboff\u00bb button_one_text_size__hover=\u00bbnull\u00bb button_two_text_size__hover_enabled=\u00bboff\u00bb button_two_text_size__hover=\u00bbnull\u00bb button_text_color__hover_enabled=\u00bboff\u00bb button_text_color__hover=\u00bbnull\u00bb button_one_text_color__hover_enabled=\u00bboff\u00bb button_one_text_color__hover=\u00bbnull\u00bb button_two_text_color__hover_enabled=\u00bboff\u00bb button_two_text_color__hover=\u00bbnull\u00bb button_border_width__hover_enabled=\u00bboff\u00bb button_border_width__hover=\u00bbnull\u00bb button_one_border_width__hover_enabled=\u00bboff\u00bb button_one_border_width__hover=\u00bbnull\u00bb button_two_border_width__hover_enabled=\u00bboff\u00bb button_two_border_width__hover=\u00bbnull\u00bb button_border_color__hover_enabled=\u00bboff\u00bb button_border_color__hover=\u00bbnull\u00bb button_one_border_color__hover_enabled=\u00bboff\u00bb button_one_border_color__hover=\u00bbnull\u00bb button_two_border_color__hover_enabled=\u00bboff\u00bb button_two_border_color__hover=\u00bbnull\u00bb button_border_radius__hover_enabled=\u00bboff\u00bb button_border_radius__hover=\u00bbnull\u00bb button_one_border_radius__hover_enabled=\u00bboff\u00bb button_one_border_radius__hover=\u00bbnull\u00bb button_two_border_radius__hover_enabled=\u00bboff\u00bb button_two_border_radius__hover=\u00bbnull\u00bb button_letter_spacing__hover_enabled=\u00bboff\u00bb button_letter_spacing__hover=\u00bbnull\u00bb button_one_letter_spacing__hover_enabled=\u00bboff\u00bb button_one_letter_spacing__hover=\u00bbnull\u00bb button_two_letter_spacing__hover_enabled=\u00bboff\u00bb button_two_letter_spacing__hover=\u00bbnull\u00bb button_bg_color__hover_enabled=\u00bboff\u00bb button_bg_color__hover=\u00bbnull\u00bb button_one_bg_color__hover_enabled=\u00bboff\u00bb button_one_bg_color__hover=\u00bbnull\u00bb button_two_bg_color__hover_enabled=\u00bboff\u00bb button_two_bg_color__hover=\u00bbnull\u00bb][\/et_pb_cta][\/et_pb_column][\/et_pb_row][et_pb_row column_structure=\u00bb3_5,2_5&#8243; use_custom_gutter=\u00bbon\u00bb make_equal=\u00bbon\u00bb _builder_version=\u00bb4.27.0&#8243; _module_preset=\u00bbdefault\u00bb width=\u00bb90%\u00bb module_alignment=\u00bbcenter\u00bb global_colors_info=\u00bb{}\u00bb][et_pb_column type=\u00bb3_5&#8243; _builder_version=\u00bb4.23.1&#8243; _module_preset=\u00bbdefault\u00bb global_colors_info=\u00bb{}\u00bb][et_pb_text disabled_on=\u00bboff|off|off\u00bb _builder_version=\u00bb4.27.0&#8243; text_font=\u00bbLato||||\u00bb text_text_color=\u00bb#565656&#8243; text_letter_spacing=\u00bb1px\u00bb text_line_height=\u00bb1.4em\u00bb custom_padding=\u00bb5%||||false|false\u00bb text_orientation_tablet=\u00bb\u00bb text_orientation_phone=\u00bbleft\u00bb text_orientation_last_edited=\u00bbon|desktop\u00bb global_colors_info=\u00bb{}\u00bb]<\/p>\n<p style=\"text-align: center;\"><a href=\"https:\/\/acceso.upla.cl\/sinte\/Login.aspx?ReturnUrl=%2fsinte%2f\" target=\"_blank\" rel=\"noopener nofollow\">Sistema Integrado Institucional\u00a0<\/a> |\u00a0 <a href=\"https:\/\/accounts.google.com\/signin\/v2\/identifier?continue=https%3A%2F%2Fmail.google.com%2Fmail%2F&amp;service=mail&amp;hd=alumnos.upla.cl&amp;sacu=1&amp;flowName=GlifWebSignIn&amp;flowEntry=AddSession&amp;theme=glif\" target=\"_blank\" rel=\"noopener nofollow\">Correo del Estudiante<\/a>\u00a0 |\u00a0 <a href=\"http:\/\/www.upla.cl\/\" target=\"_blank\" rel=\"noopener\">Sitio Web Institucional<\/a>\u00a0 |\u00a0 <a href=\"http:\/\/eaula.upla.cl\/moodle\/index.php\" target=\"_blank\" rel=\"noopener nofollow\">E-Aula<\/a>\u00a0 |\u00a0 <a href=\"https:\/\/acceso.upla.cl\/Contacto_Institucional\/\" target=\"_blank\" rel=\"noopener nofollow\">Contacto Institucional<\/a>\u00a0 |\u00a0 <a href=\"https:\/\/www.upla.cl\/desarrolloestudiantil\/beneficios-estudiantiles-externos\/\" target=\"_blank\" rel=\"noopener\">Beneficios<\/a>\u00a0 |\u00a0 <a href=\"http:\/\/www.upla.cl\/admision\/\" target=\"_blank\" rel=\"noopener\">Admisi\u00f3n<\/a>\u00a0 |\u00a0 <a href=\"http:\/\/www.upla.cl\/postgrado\/\" target=\"_blank\" rel=\"noopener\">Postgrado<\/a>\u00a0 |\u00a0 <a href=\"http:\/\/www.upla.cl\/gestioncurricular\/\" target=\"_blank\" rel=\"noopener\">Secretar\u00eda de Estudios<\/a>\u00a0 |\u00a0 <a href=\"http:\/\/www.upla.cl\/titulosygrados\/\" target=\"_blank\" rel=\"noopener\">T\u00edtulos y Grados<\/a>\u00a0 |\u00a0 <a href=\"http:\/\/sitios.upla.cl\/aranceles\/\" target=\"_blank\" rel=\"noopener nofollow\">Aranceles y Cr\u00e9dito<\/a>\u00a0 |\u00a0 <a href=\"http:\/\/www.upla.cl\/bibliotecas\/\" target=\"_blank\" rel=\"noopener\">Sistema de Bibliotecas<\/a><\/p>\n<p>[\/et_pb_text][\/et_pb_column][et_pb_column type=\u00bb2_5&#8243; _builder_version=\u00bb4.23.1&#8243; _module_preset=\u00bbdefault\u00bb global_colors_info=\u00bb{}\u00bb][et_pb_image src=\u00bbhttps:\/\/www.upla.cl\/portada\/wp-content\/uploads\/2025\/03\/20250311_upla_acreditada_2022-2027-color.png\u00bb alt=\u00bbUPLA Acreditada\u00bb title_text=\u00bbUPLA Acreditada\u00bb url=\u00bbhttps:\/\/www.upla.cl\/calidad\/acreditacion\/\u00bb url_new_window=\u00bbon\u00bb force_fullwidth=\u00bbon\u00bb align_tablet=\u00bbcenter\u00bb align_phone=\u00bb\u00bb align_last_edited=\u00bbon|desktop\u00bb admin_label=\u00bbHeader admisi\u00f3n Upla: acreditaci\u00f3n\u00bb _builder_version=\u00bb4.27.4&#8243; global_colors_info=\u00bb{}\u00bb]<\/p>\n<p>\u00a0<\/p>\n<p>[\/et_pb_image][\/et_pb_column][\/et_pb_row][\/et_pb_section]<\/p>\n","protected":false},"excerpt":{"rendered":"<p>Direcci\u00f3n General de Desarrollo Estudiantil Estamos en Playa Ancha y en el Campus San Felipe.La Direcci\u00f3n General de Desarrollo Estudiantil (DGDE) gestiona diversos beneficios estudiantiles, tales como: gratuidad universitaria, becas ministeriales de arancel, de mantenci\u00f3n, cr\u00e9ditos (Solidario y con Garant\u00eda Estatal), Tarjeta Nacional Estudiantil (TNE), entre otros. Centra su preocupaci\u00f3n en el desarrollo integral de [&hellip;]<\/p>\n","protected":false},"author":1,"featured_media":119383,"parent":0,"menu_order":0,"comment_status":"closed","ping_status":"closed","template":"","meta":{"_et_pb_use_builder":"on","_et_pb_old_content":"","_et_gb_content_width":"","footnotes":""},"class_list":["post-53","page","type-page","status-publish","has-post-thumbnail","hentry"],"_links":{"self":[{"href":"https:\/\/www.upla.cl\/desarrolloestudiantil\/wp-json\/wp\/v2\/pages\/53","targetHints":{"allow":["GET"]}}],"collection":[{"href":"https:\/\/www.upla.cl\/desarrolloestudiantil\/wp-json\/wp\/v2\/pages"}],"about":[{"href":"https:\/\/www.upla.cl\/desarrolloestudiantil\/wp-json\/wp\/v2\/types\/page"}],"author":[{"embeddable":true,"href":"https:\/\/www.upla.cl\/desarrolloestudiantil\/wp-json\/wp\/v2\/users\/1"}],"replies":[{"embeddable":true,"href":"https:\/\/www.upla.cl\/desarrolloestudiantil\/wp-json\/wp\/v2\/comments?post=53"}],"version-history":[{"count":7,"href":"https:\/\/www.upla.cl\/desarrolloestudiantil\/wp-json\/wp\/v2\/pages\/53\/revisions"}],"predecessor-version":[{"id":129567,"href":"https:\/\/www.upla.cl\/desarrolloestudiantil\/wp-json\/wp\/v2\/pages\/53\/revisions\/129567"}],"wp:featuredmedia":[{"embeddable":true,"href":"https:\/\/www.upla.cl\/desarrolloestudiantil\/wp-json\/wp\/v2\/media\/119383"}],"wp:attachment":[{"href":"https:\/\/www.upla.cl\/desarrolloestudiantil\/wp-json\/wp\/v2\/media?parent=53"}],"curies":[{"name":"wp","href":"https:\/\/api.w.org\/{rel}","templated":true}]}}