{"id":126847,"date":"2023-11-21T18:04:12","date_gmt":"2023-11-21T21:04:12","guid":{"rendered":"https:\/\/www.upla.cl\/desarrolloestudiantil\/?page_id=126847"},"modified":"2025-06-23T17:01:25","modified_gmt":"2025-06-23T21:01:25","slug":"beneficios-junaeb","status":"publish","type":"page","link":"https:\/\/www.upla.cl\/desarrolloestudiantil\/beneficios-junaeb\/","title":{"rendered":"Beneficios Junaeb"},"content":{"rendered":"<p>[et_pb_section fb_built=\u00bb1&#8243; fullwidth=\u00bbon\u00bb _builder_version=\u00bb4.23.1&#8243; background_color=\u00bbRGBA(255,255,255,0)\u00bb background_image=\u00bbhttps:\/\/www.upla.cl\/desarrolloestudiantil\/wp-content\/uploads\/2023\/12\/32417292401_e3f2b24584_o-scaled.jpg\u00bb background_position=\u00bbcenter_left\u00bb background_blend=\u00bbdarken\u00bb custom_padding=\u00bb0px|0px|110px|0px|false|false\u00bb global_colors_info=\u00bb{}\u00bb][et_pb_fullwidth_post_title meta=\u00bboff\u00bb featured_image=\u00bboff\u00bb text_color=\u00bblight\u00bb _builder_version=\u00bb4.23.1&#8243; title_text_shadow_style=\u00bbpreset2&#8243; global_colors_info=\u00bb{}\u00bb]&nbsp;[\/et_pb_fullwidth_post_title][\/et_pb_section][et_pb_section fb_built=\u00bb1&#8243; _builder_version=\u00bb4.23.1&#8243; background_color=\u00bb#f4f4f4&#8243; custom_padding=\u00bb81px|0px|81px|0px|true|false\u00bb border_color_top=\u00bb#009bdb\u00bb border_style_top=\u00bboutset\u00bb border_width_all_tablet=\u00bb\u00bb border_width_all_phone=\u00bb0px\u00bb border_width_all_last_edited=\u00bbon|phone\u00bb border_width_top_tablet=\u00bb\u00bb border_width_top_phone=\u00bb1px\u00bb border_width_top_last_edited=\u00bbon|desktop\u00bb global_colors_info=\u00bb{}\u00bb][et_pb_row column_structure=\u00bb1_2,1_2&#8243; make_equal=\u00bbon\u00bb _builder_version=\u00bb4.23.1&#8243; _module_preset=\u00bbdefault\u00bb custom_margin=\u00bb|auto|20px|auto||\u00bb custom_padding=\u00bb1px|||||\u00bb global_colors_info=\u00bb{}\u00bb][et_pb_column type=\u00bb1_2&#8243; _builder_version=\u00bb4.23.1&#8243; _module_preset=\u00bbdefault\u00bb border_radii=\u00bbon|15px|15px|15px|15px\u00bb border_width_all=\u00bb1px\u00bb border_color_all=\u00bb#0C71C3&#8243; border_style_all=\u00bboutset\u00bb global_colors_info=\u00bb{}\u00bb][et_pb_text _builder_version=\u00bb4.23.1&#8243; _module_preset=\u00bbdefault\u00bb custom_margin=\u00bb10%|10%|10%|10%|true|true\u00bb global_colors_info=\u00bb{}\u00bb]<\/p>\n<h2>Beca de Alimentaci\u00f3n para la Educaci\u00f3n Superior (BAES)<\/h2>\n<p>Es un aporte econ\u00f3mico destinado a cubrir parte de los gastos de alimentaci\u00f3n de las y los estudiantes de educaci\u00f3n superior, que hayan obtenido una beca o cr\u00e9dito de arancel elegible para el beneficio.<\/p>\n<blockquote>\n<h4><strong><a href=\"https:\/\/www.junaeb.cl\/beca-alimentacion-la-educacion-superior\/\" target=\"_blank\" rel=\"noopener nofollow\">M\u00e1s informaci\u00f3n<\/a><\/strong><\/h4>\n<\/blockquote>\n<blockquote>\n<h4><strong><a href=\"https:\/\/publico.becaticketjunaeb.cl\/\" target=\"_blank\" rel=\"noopener nofollow\">Revisa si eres beneficiario o beneficiaria<\/a><\/strong><\/h4>\n<\/blockquote>\n<blockquote>\n<h4><strong><a href=\"https:\/\/publico.becaticketjunaeb.cl\/preguntas-frecuentes\" target=\"_blank\" rel=\"noopener nofollow\">Preguntas Frecuentes<\/a><\/strong><\/h4>\n<\/blockquote>\n<p>[\/et_pb_text][et_pb_button button_url=\u00bbhttps:\/\/www.becaticketjunaeb.cl\/inicio-sesion\u00bb url_new_window=\u00bbon\u00bb button_text=\u00bbIngresa a tu cuenta BAES-Junaeb\u00bb button_alignment=\u00bbleft\u00bb button_alignment_tablet=\u00bbleft\u00bb button_alignment_phone=\u00bbleft\u00bb button_alignment_last_edited=\u00bbon|desktop\u00bb admin_label=\u00bbBot\u00f3n ingreso Junaeb\u00bb _builder_version=\u00bb4.23.1&#8243; _module_preset=\u00bbdefault\u00bb custom_button=\u00bbon\u00bb button_text_size=\u00bb18px\u00bb button_text_color=\u00bb#FFFFFF\u00bb button_bg_color=\u00bb#0C71C3&#8243; button_border_width=\u00bb0px\u00bb button_border_radius=\u00bb5px\u00bb button_icon=\u00bb&#x35;||divi||400&#8243; custom_margin=\u00bb||20px|10%|false|false\u00bb custom_padding=\u00bb||||false|false\u00bb global_colors_info=\u00bb{}\u00bb][\/et_pb_button][\/et_pb_column][et_pb_column type=\u00bb1_2&#8243; _builder_version=\u00bb4.23.1&#8243; _module_preset=\u00bbdefault\u00bb border_radii=\u00bbon|15px|15px|15px|15px\u00bb border_width_all=\u00bb1px\u00bb border_color_all=\u00bb#0C71C3&#8243; border_style_all=\u00bboutset\u00bb global_colors_info=\u00bb{}\u00bb][et_pb_text _builder_version=\u00bb4.23.1&#8243; _module_preset=\u00bbdefault\u00bb custom_margin=\u00bb10%|10%|10%|10%|true|true\u00bb global_colors_info=\u00bb{}\u00bb]<\/p>\n<h2>Tarjeta Nacional Estudiantil (TNE)<\/h2>\n<p><span style=\"font-weight: 400;\">La TNE permite acceder a una rebaja en el costo del pasaje del transporte p\u00fablico y puede ser utilizada durante todo el a\u00f1o, de lunes a domingo, las 24 horas del d\u00eda.<\/span><\/p>\n<blockquote>\n<h4><strong><a href=\"https:\/\/www.junaeb.cl\/revalida\/\" target=\"_blank\" rel=\"noopener nofollow\">Puntos de Revalidaci\u00f3n<\/a><\/strong><\/h4>\n<\/blockquote>\n<blockquote>\n<h4><strong><a href=\"https:\/\/www.junaeb.cl\/puntos-de-captura-fotografica\/\" _blank=\"\" rel=\"noopener nofollow\" target=\"_blank\">Puntos de Captura Fotogr\u00e1fica<\/a><\/strong><\/h4>\n<\/blockquote>\n<blockquote>\n<h4><strong><a href=\"https:\/\/www.junaeb.cl\/oficinas-tne\/%20\" target=\"_blank\" rel=\"noopener nofollow\">Oficinas TNE<\/a><\/strong><\/h4>\n<\/blockquote>\n<blockquote>\n<h4><strong><a href=\"http:\/\/portalsiac.mtt.gob.cl:8070\/frm_CrearSolicitudes.aspx\" target=\"_blank\" rel=\"noopener nofollow\">Transporte Escucha<\/a><\/strong><\/h4>\n<\/blockquote>\n<p>[\/et_pb_text][et_pb_button button_url=\u00bbhttps:\/\/sistema.tne.cl\/reposiciones\/estado_tarjeta_alumno\u00bb url_new_window=\u00bbon\u00bb button_text=\u00bbRevisa aqu\u00ed el estado de tu TNE\u00bb button_alignment=\u00bbleft\u00bb _builder_version=\u00bb4.23.1&#8243; _module_preset=\u00bbdefault\u00bb custom_button=\u00bbon\u00bb button_text_size=\u00bb18px\u00bb button_text_color=\u00bb#FFFFFF\u00bb button_bg_color=\u00bb#0C71C3&#8243; button_border_width=\u00bb0px\u00bb button_border_radius=\u00bb5px\u00bb button_icon=\u00bb&#x35;||divi||400&#8243; custom_margin=\u00bb||20px|25px|false|false\u00bb custom_padding=\u00bb||||false|false\u00bb global_colors_info=\u00bb{}\u00bb][\/et_pb_button][\/et_pb_column][\/et_pb_row][\/et_pb_section][et_pb_section fb_built=\u00bb1&#8243; _builder_version=\u00bb4.23.1&#8243; background_color=\u00bbRGBA(255,255,255,0)\u00bb custom_padding=\u00bb112px||112px||true|false\u00bb border_color_top=\u00bbRGBA(255,255,255,0)\u00bb border_style_top=\u00bbdashed\u00bb border_width_top_tablet=\u00bb0px\u00bb border_width_top_phone=\u00bb1px\u00bb border_width_top_last_edited=\u00bbon|phone\u00bb global_colors_info=\u00bb{}\u00bb][et_pb_row _builder_version=\u00bb4.23.1&#8243; background_size=\u00bbinitial\u00bb background_position=\u00bbtop_left\u00bb background_repeat=\u00bbrepeat\u00bb custom_padding=\u00bb0px|0px|26px|0px|false|false\u00bb global_colors_info=\u00bb{}\u00bb][et_pb_column type=\u00bb4_4&#8243; _builder_version=\u00bb4.16&#8243; custom_padding=\u00bb|||\u00bb global_colors_info=\u00bb{}\u00bb custom_padding__hover=\u00bb|||\u00bb][et_pb_text admin_label=\u00bbT\u00edtulo Becas ministeriales de mantenci\u00f3n\u00bb _builder_version=\u00bb4.23.1&#8243; header_2_text_color=\u00bb#009bdb\u00bb global_colors_info=\u00bb{}\u00bb]<\/p>\n<h2>Becas Junaeb<\/h2>\n<p>[\/et_pb_text][\/et_pb_column][\/et_pb_row][et_pb_row _builder_version=\u00bb4.23.1&#8243; _module_preset=\u00bbdefault\u00bb global_colors_info=\u00bb{}\u00bb][et_pb_column type=\u00bb4_4&#8243; _builder_version=\u00bb4.23.1&#8243; _module_preset=\u00bbdefault\u00bb global_colors_info=\u00bb{}\u00bb][et_pb_accordion open_toggle_text_color=\u00bb#009bdb\u00bb open_toggle_background_color=\u00bb#FFFFFF\u00bb closed_toggle_text_color=\u00bb#565656&#8243; closed_toggle_background_color=\u00bb#FFFFFF\u00bb toggle_icon=\u00bb&#x43;||divi||400&#8243; icon_color=\u00bb#009bdb\u00bb use_icon_font_size=\u00bbon\u00bb icon_font_size=\u00bb26px\u00bb _builder_version=\u00bb4.23.1&#8243; _module_preset=\u00bbdefault\u00bb toggle_font_size=\u00bb24px\u00bb closed_toggle_font_size=\u00bb24px\u00bb body_text_color=\u00bb#565656&#8243; body_line_height=\u00bb1.3em\u00bb border_width_all=\u00bb0px\u00bb border_color_all=\u00bb#ffffff\u00bb border_width_bottom=\u00bb1px\u00bb border_color_bottom=\u00bb#009bdb\u00bb border_style_bottom=\u00bboutset\u00bb global_colors_info=\u00bb{}\u00bb][et_pb_accordion_item title=\u00bbBeca Presidente de la Rep\u00fablica\u00bb open_toggle_text_color=\u00bb#009bdb\u00bb _builder_version=\u00bb4.23.1&#8243; _module_preset=\u00bbdefault\u00bb border_width_all=\u00bb1px\u00bb border_style_all=\u00bbdashed\u00bb global_colors_info=\u00bb{}\u00bb toggle_text_color=\u00bbrgba(0,0,0,0.55)\u00bb open=\u00bbon\u00bb]<\/p>\n<p>Es un aporte de libre disposici\u00f3n o uso, equivalente a 12,4 UTM (valor referencial anual), que se paga hasta en 10 cuotas al a\u00f1o.<\/p>\n<p><a style=\"font-size: 18px;\" href=\"https:\/\/www.junaeb.cl\/beca-presidente-la-republica-bpr-educacion-superior\/\" target=\"_blank\" rel=\"noopener nofollow\"><strong>&gt;Ver m\u00e1s detalles<\/strong><\/a><\/p>\n<p>[\/et_pb_accordion_item][et_pb_accordion_item title=\u00bbBeca de Integraci\u00f3n Territorial\u00bb open_toggle_text_color=\u00bb#009bdb\u00bb _builder_version=\u00bb4.23.1&#8243; _module_preset=\u00bbdefault\u00bb border_width_all=\u00bb1px\u00bb border_style_all=\u00bbdashed\u00bb global_colors_info=\u00bb{}\u00bb toggle_text_color=\u00bbrgba(0,0,0,0.55)\u00bb open=\u00bboff\u00bb]<\/p>\n<p>Es un aporte para la mantenci\u00f3n y traslado de estudiantes provenientes de las provincias de Coyhaique, Ays\u00e9n, General Carrera, Capit\u00e1n Prat, Isla de Pascua, Palena, \u00daltima Esperanza, Magallanes, Tierra del Fuego, Ant\u00e1rtica Chilena y de la comuna de Juan Fern\u00e1ndez.<\/p>\n<p><a style=\"font-size: 18px;\" href=\"https:\/\/www.junaeb.cl\/beca-integracion-territorial-bit-educacion-superior\/\" target=\"_blank\" rel=\"noopener nofollow\"><strong>&gt;Ver m\u00e1s detalles<\/strong><\/a><\/p>\n<p>[\/et_pb_accordion_item][et_pb_accordion_item title=\u00bbBeca Patagonia Ays\u00e9n\u00bb open=\u00bboff\u00bb open_toggle_text_color=\u00bb#009bdb\u00bb _builder_version=\u00bb4.23.1&#8243; _module_preset=\u00bbdefault\u00bb border_width_all=\u00bb1px\u00bb border_style_all=\u00bbdashed\u00bb global_colors_info=\u00bb{}\u00bb toggle_text_color=\u00bbrgba(0,0,0,0.55)\u00bb]<\/p>\n<p>Es un aporte de libre disposici\u00f3n dirigido a estudiantes que residen en la regi\u00f3n de Ays\u00e9n del General Carlos Ib\u00e1\u00f1ez del Campo, y cursan estudios superiores en sedes instaladas fuera de su regi\u00f3n.<\/p>\n<p><a style=\"font-size: 18px;\" href=\"https:\/\/www.junaeb.cl\/beca-patagonia-aysen-bpa-educacion-superior\/\" target=\"_blank\" rel=\"noopener nofollow\"><strong>&gt;Ver m\u00e1s detalles<\/strong><\/a><\/p>\n<p>[\/et_pb_accordion_item][et_pb_accordion_item title=\u00bbBeca Ind\u00edgena\u00bb open_toggle_text_color=\u00bb#009bdb\u00bb _builder_version=\u00bb4.23.1&#8243; _module_preset=\u00bbdefault\u00bb border_width_all=\u00bb1px\u00bb border_style_all=\u00bbdashed\u00bb global_colors_info=\u00bb{}\u00bb toggle_text_color=\u00bbrgba(0,0,0,0.55)\u00bb open=\u00bboff\u00bb]<\/p>\n<p>Es un aporte de libre disposici\u00f3n equivalente a $654.600 (monto referencial anual), dirigido a estudiantes de Educaci\u00f3n Superior de ascendencia ind\u00edgena acreditada por Conadi.<\/p>\n<p><a style=\"font-size: 18px;\" href=\"https:\/\/www.junaeb.cl\/beca-indigena-bi-educacion-superior\/\" target=\"_blank\" rel=\"noopener nofollow\"><strong>&gt;Ver m\u00e1s detalles<\/strong><\/a><\/p>\n<p>[\/et_pb_accordion_item][et_pb_accordion_item title=\u00bbBeca Polimetales\u00bb open_toggle_text_color=\u00bb#009bdb\u00bb _builder_version=\u00bb4.23.1&#8243; _module_preset=\u00bbdefault\u00bb border_width_all=\u00bb1px\u00bb border_style_all=\u00bbdashed\u00bb global_colors_info=\u00bb{}\u00bb toggle_text_color=\u00bbrgba(0,0,0,0.55)\u00bb open=\u00bboff\u00bb]<\/p>\n<p>Aporte de libre disposici\u00f3n para estudiantes afectados por la contaminaci\u00f3n de las zonas delimitadas con presencia de polimetales en Arica, y que cursan estudios en IES estatales.<\/p>\n<p><a style=\"font-size: 18px;\" href=\"https:\/\/www.junaeb.cl\/beca-polimetales-educacion-superior\/\" target=\"_blank\" rel=\"noopener nofollow\"><strong>&gt;Ver m\u00e1s detalles<\/strong><\/a><\/p>\n<p>[\/et_pb_accordion_item][\/et_pb_accordion][\/et_pb_column][\/et_pb_row][\/et_pb_section][et_pb_section fb_built=\u00bb1&#8243; _builder_version=\u00bb4.23.1&#8243; _module_preset=\u00bbdefault\u00bb global_colors_info=\u00bb{}\u00bb][et_pb_row _builder_version=\u00bb4.23.1&#8243; _module_preset=\u00bbdefault\u00bb custom_margin=\u00bb|auto|50px|auto||\u00bb global_colors_info=\u00bb{}\u00bb][et_pb_column type=\u00bb4_4&#8243; _builder_version=\u00bb4.23.1&#8243; _module_preset=\u00bbdefault\u00bb global_colors_info=\u00bb{}\u00bb][et_pb_text admin_label=\u00bbT\u00edtulo Becas ministeriales de mantenci\u00f3n\u00bb _builder_version=\u00bb4.23.1&#8243; header_2_text_color=\u00bb#009bdb\u00bb global_colors_info=\u00bb{}\u00bb]<\/p>\n<h2 style=\"text-align: center;\">Revisa m\u00e1s informaci\u00f3n JUNAEB<\/h2>\n<p>[\/et_pb_text][et_pb_image src=\u00bbhttps:\/\/www.upla.cl\/desarrolloestudiantil\/wp-content\/uploads\/2025\/06\/20250623_dgde-beneficios-junaeb.png\u00bb title_text=\u00bb20250623_dgde-beneficios-junaeb\u00bb url=\u00bbhttps:\/\/buscatubeneficio.junaeb.cl\/?_sfm_cobertura=103&#038;_sfm_nivel_educacional=135&#038;_sfm_tipo_de_beneficio=84&#8243; url_new_window=\u00bbon\u00bb align=\u00bbcenter\u00bb _builder_version=\u00bb4.27.4&#8243; _module_preset=\u00bbdefault\u00bb global_colors_info=\u00bb{}\u00bb][\/et_pb_image][\/et_pb_column][\/et_pb_row][\/et_pb_section][et_pb_section fb_built=\u00bb1&#8243; admin_label=\u00bbAccesos\u00bb module_id=\u00bbotros accesos\u00bb _builder_version=\u00bb4.16&#8243; custom_padding=\u00bb0px|0px|1px|0px||\u00bb locked=\u00bboff\u00bb global_colors_info=\u00bb{}\u00bb][et_pb_row use_custom_gutter=\u00bbon\u00bb gutter_width=\u00bb1&#8243; make_equal=\u00bbon\u00bb admin_label=\u00bbrow\u00bb module_class=\u00bb et_pb_row_fullwidth\u00bb _builder_version=\u00bb4.23.1&#8243; width=\u00bb100%\u00bb width_tablet=\u00bb100%\u00bb width_phone=\u00bb\u00bb width_last_edited=\u00bbon|desktop\u00bb max_width=\u00bb100%\u00bb max_width_tablet=\u00bb100%\u00bb max_width_phone=\u00bb\u00bb max_width_last_edited=\u00bbon|desktop\u00bb custom_padding=\u00bb0px|0px|24.2667px|0px\u00bb make_fullwidth=\u00bbon\u00bb global_colors_info=\u00bb{}\u00bb][et_pb_column type=\u00bb4_4&#8243; _builder_version=\u00bb4.23.1&#8243; background_color=\u00bb#009bdb\u00bb custom_padding=\u00bb|||\u00bb border_radii=\u00bboff|15px|15px||\u00bb global_colors_info=\u00bb{}\u00bb custom_padding__hover=\u00bb|||\u00bb][et_pb_cta title=\u00bbACCESOS\u00bb _builder_version=\u00bb4.23.1&#8243; header_font_size=\u00bb20&#8243; background_enable_color=\u00bboff\u00bb background_size=\u00bbinitial\u00bb background_position=\u00bbtop_left\u00bb background_repeat=\u00bbrepeat\u00bb text_orientation=\u00bbleft\u00bb min_height=\u00bb41px\u00bb custom_margin=\u00bb|50px|-24px|50px||true\u00bb custom_padding=\u00bb15px||0px|||\u00bb saved_tabs=\u00bball\u00bb global_colors_info=\u00bb{}\u00bb button_text_size__hover_enabled=\u00bboff\u00bb button_text_size__hover=\u00bbnull\u00bb button_one_text_size__hover_enabled=\u00bboff\u00bb button_one_text_size__hover=\u00bbnull\u00bb button_two_text_size__hover_enabled=\u00bboff\u00bb button_two_text_size__hover=\u00bbnull\u00bb button_text_color__hover_enabled=\u00bboff\u00bb button_text_color__hover=\u00bbnull\u00bb button_one_text_color__hover_enabled=\u00bboff\u00bb button_one_text_color__hover=\u00bbnull\u00bb button_two_text_color__hover_enabled=\u00bboff\u00bb button_two_text_color__hover=\u00bbnull\u00bb button_border_width__hover_enabled=\u00bboff\u00bb button_border_width__hover=\u00bbnull\u00bb button_one_border_width__hover_enabled=\u00bboff\u00bb button_one_border_width__hover=\u00bbnull\u00bb button_two_border_width__hover_enabled=\u00bboff\u00bb button_two_border_width__hover=\u00bbnull\u00bb button_border_color__hover_enabled=\u00bboff\u00bb button_border_color__hover=\u00bbnull\u00bb button_one_border_color__hover_enabled=\u00bboff\u00bb button_one_border_color__hover=\u00bbnull\u00bb button_two_border_color__hover_enabled=\u00bboff\u00bb button_two_border_color__hover=\u00bbnull\u00bb button_border_radius__hover_enabled=\u00bboff\u00bb button_border_radius__hover=\u00bbnull\u00bb button_one_border_radius__hover_enabled=\u00bboff\u00bb button_one_border_radius__hover=\u00bbnull\u00bb button_two_border_radius__hover_enabled=\u00bboff\u00bb button_two_border_radius__hover=\u00bbnull\u00bb button_letter_spacing__hover_enabled=\u00bboff\u00bb button_letter_spacing__hover=\u00bbnull\u00bb button_one_letter_spacing__hover_enabled=\u00bboff\u00bb button_one_letter_spacing__hover=\u00bbnull\u00bb button_two_letter_spacing__hover_enabled=\u00bboff\u00bb button_two_letter_spacing__hover=\u00bbnull\u00bb button_bg_color__hover_enabled=\u00bboff\u00bb button_bg_color__hover=\u00bbnull\u00bb button_one_bg_color__hover_enabled=\u00bboff\u00bb button_one_bg_color__hover=\u00bbnull\u00bb button_two_bg_color__hover_enabled=\u00bboff\u00bb button_two_bg_color__hover=\u00bbnull\u00bb][\/et_pb_cta][\/et_pb_column][\/et_pb_row][et_pb_row column_structure=\u00bb1_4,1_4,1_4,1_4&#8243; _builder_version=\u00bb4.23.1&#8243; background_size=\u00bbinitial\u00bb background_position=\u00bbtop_left\u00bb background_repeat=\u00bbrepeat\u00bb custom_padding=\u00bb0px|0px|17px|0px|false|false\u00bb global_colors_info=\u00bb{}\u00bb][et_pb_column type=\u00bb1_4&#8243; _builder_version=\u00bb4.16&#8243; custom_padding=\u00bb|||\u00bb global_colors_info=\u00bb{}\u00bb custom_padding__hover=\u00bb|||\u00bb][et_pb_text _builder_version=\u00bb4.23.1&#8243; text_font=\u00bbLato||||\u00bb text_text_color=\u00bb#565656&#8243; global_colors_info=\u00bb{}\u00bb]<\/p>\n<ul style=\"list-style-type: disc;\">\n<li><span style=\"color: #565656;\"><a style=\"color: #565656;\" href=\"https:\/\/acceso.upla.cl\/sinte\/Login.aspx?ReturnUrl=%2fsinte%2f\" target=\"_blank\" rel=\"noopener noreferrer nofollow\">Sistema Integrado Institucional<\/a><\/span><\/li>\n<li><span style=\"color: #565656;\"><a style=\"color: #565656;\" href=\"https:\/\/accounts.google.com\/signin\/v2\/identifier?continue=https%3A%2F%2Fmail.google.com%2Fmail%2F&amp;service=mail&amp;hd=alumnos.upla.cl&amp;sacu=1&amp;flowName=GlifWebSignIn&amp;flowEntry=AddSession\" target=\"_blank\" rel=\"noopener noreferrer nofollow\">Correo del Estudiante<\/a><\/span><\/li>\n<li><span style=\"color: #565656;\"><a href=\"http:\/\/www.upla.cl\/\" target=\"_blank\" rel=\"noopener noreferrer\"><span style=\"color: #565656;\">Sitio Web Institucional<\/span><\/a><\/span><\/li>\n<li><span style=\"color: #565656;\"><a style=\"color: #565656;\" href=\"http:\/\/eaula.upla.cl\/moodle\/index.php\" target=\"_blank\" rel=\"noopener noreferrer nofollow\">E-Aula<\/a> <\/span><\/li>\n<li><span style=\"color: #565656;\"><a style=\"color: #565656;\" href=\"https:\/\/acceso.upla.cl\/Contacto_Institucional\/\" target=\"_blank\" rel=\"noopener noreferrer nofollow\">Contacto Institucional<\/a><\/span><span style=\"color: #565656;\"><span style=\"color: #565656;\"><\/span><\/span><\/li>\n<\/ul>\n<p>[\/et_pb_text][\/et_pb_column][et_pb_column type=\u00bb1_4&#8243; _builder_version=\u00bb4.16&#8243; custom_padding=\u00bb|||\u00bb global_colors_info=\u00bb{}\u00bb custom_padding__hover=\u00bb|||\u00bb][et_pb_text _builder_version=\u00bb4.23.1&#8243; text_text_color=\u00bb#565656&#8243; global_colors_info=\u00bb{}\u00bb]<\/p>\n<ul style=\"list-style-type: disc;\">\n<li><span style=\"color: #565656;\"><a style=\"color: #565656;\" href=\"https:\/\/www.upla.cl\/desarrolloestudiantil\/beneficios-estudiantiles-externos\/\" target=\"_blank\" rel=\"noopener noreferrer\">Beneficios<\/a><\/span><\/li>\n<li><span style=\"color: #565656;\"><a style=\"color: #565656;\" href=\"http:\/\/www.upla.cl\/admision\/\" target=\"_blank\" rel=\"noopener noreferrer\">Admisi\u00f3n<\/a><\/span><\/li>\n<li><span style=\"color: #565656;\"><a style=\"color: #565656;\" href=\"http:\/\/www.upla.cl\/postgrado\/\" target=\"_blank\" rel=\"noopener noreferrer\">Postgrado<\/a><\/span><\/li>\n<\/ul>\n<p>[\/et_pb_text][\/et_pb_column][et_pb_column type=\u00bb1_4&#8243; _builder_version=\u00bb4.16&#8243; custom_padding=\u00bb|||\u00bb global_colors_info=\u00bb{}\u00bb custom_padding__hover=\u00bb|||\u00bb][et_pb_text _builder_version=\u00bb4.23.1&#8243; text_text_color=\u00bb#565656&#8243; global_colors_info=\u00bb{}\u00bb]<\/p>\n<ul style=\"list-style-type: disc;\">\n<li><a href=\"http:\/\/www.upla.cl\/gestioncurricular\/\" target=\"_blank\" rel=\"noopener noreferrer\"><span style=\"color: #565656;\">Secretar\u00eda de Estudios<\/span><\/a><\/li>\n<li><span style=\"color: #565656;\"><a style=\"color: #565656;\" href=\"http:\/\/www.upla.cl\/titulosygrados\/\" target=\"_blank\" rel=\"noopener noreferrer\">T\u00edtulos y Grados<\/a><\/span><\/li>\n<li><span style=\"color: #565656;\"><a style=\"color: #565656;\" href=\"http:\/\/sitios.upla.cl\/aranceles\/\" target=\"_blank\" rel=\"noopener noreferrer nofollow\">Aranceles y Cr\u00e9dito<\/a><\/span><\/li>\n<li><span style=\"color: #565656;\"><a style=\"color: #565656;\" href=\"http:\/\/www.upla.cl\/bibliotecas\/\" target=\"_blank\" rel=\"noopener noreferrer\">Sistema de Bibliotecas<\/a><\/span><\/li>\n<\/ul>\n<p>[\/et_pb_text][\/et_pb_column][et_pb_column type=\u00bb1_4&#8243; _builder_version=\u00bb4.16&#8243; custom_padding=\u00bb|||\u00bb global_colors_info=\u00bb{}\u00bb custom_padding__hover=\u00bb|||\u00bb][et_pb_image src=\u00bbhttps:\/\/www.upla.cl\/portada\/wp-content\/uploads\/2025\/03\/20250311_upla_acreditada_2022-2027-color.png\u00bb alt=\u00bbUPLA Acreditada\u00bb title_text=\u00bbUPLA Acreditada\u00bb url=\u00bbhttps:\/\/www.upla.cl\/calidad\/acreditacion\/\u00bb url_new_window=\u00bbon\u00bb force_fullwidth=\u00bbon\u00bb align_tablet=\u00bbcenter\u00bb align_phone=\u00bb\u00bb align_last_edited=\u00bbon|desktop\u00bb admin_label=\u00bbHeader admisi\u00f3n Upla: acreditaci\u00f3n\u00bb _builder_version=\u00bb4.27.4&#8243; global_colors_info=\u00bb{}\u00bb]<\/p>\n<p>\u00a0<\/p>\n<p>[\/et_pb_image][\/et_pb_column][\/et_pb_row][\/et_pb_section]<\/p>\n","protected":false},"excerpt":{"rendered":"<p>&nbsp;Beca de Alimentaci\u00f3n para la Educaci\u00f3n Superior (BAES) Es un aporte econ\u00f3mico destinado a cubrir parte de los gastos de alimentaci\u00f3n de las y los estudiantes de educaci\u00f3n superior, que hayan obtenido una beca o cr\u00e9dito de arancel elegible para el beneficio. M\u00e1s informaci\u00f3n Revisa si eres beneficiario o beneficiaria Preguntas Frecuentes Tarjeta Nacional Estudiantil [&hellip;]<\/p>\n","protected":false},"author":2,"featured_media":0,"parent":0,"menu_order":0,"comment_status":"closed","ping_status":"closed","template":"","meta":{"_et_pb_use_builder":"on","_et_pb_old_content":"","_et_gb_content_width":"","footnotes":""},"class_list":["post-126847","page","type-page","status-publish","hentry"],"_links":{"self":[{"href":"https:\/\/www.upla.cl\/desarrolloestudiantil\/wp-json\/wp\/v2\/pages\/126847","targetHints":{"allow":["GET"]}}],"collection":[{"href":"https:\/\/www.upla.cl\/desarrolloestudiantil\/wp-json\/wp\/v2\/pages"}],"about":[{"href":"https:\/\/www.upla.cl\/desarrolloestudiantil\/wp-json\/wp\/v2\/types\/page"}],"author":[{"embeddable":true,"href":"https:\/\/www.upla.cl\/desarrolloestudiantil\/wp-json\/wp\/v2\/users\/2"}],"replies":[{"embeddable":true,"href":"https:\/\/www.upla.cl\/desarrolloestudiantil\/wp-json\/wp\/v2\/comments?post=126847"}],"version-history":[{"count":0,"href":"https:\/\/www.upla.cl\/desarrolloestudiantil\/wp-json\/wp\/v2\/pages\/126847\/revisions"}],"wp:attachment":[{"href":"https:\/\/www.upla.cl\/desarrolloestudiantil\/wp-json\/wp\/v2\/media?parent=126847"}],"curies":[{"name":"wp","href":"https:\/\/api.w.org\/{rel}","templated":true}]}}