{"id":5356,"date":"2019-08-05T05:36:20","date_gmt":"2019-08-05T09:36:20","guid":{"rendered":"https:\/\/www.upla.cl\/calidad\/?page_id=5356"},"modified":"2026-01-20T17:44:19","modified_gmt":"2026-01-20T20:44:19","slug":"inicio","status":"publish","type":"page","link":"https:\/\/www.upla.cl\/calidad\/","title":{"rendered":"Inicio"},"content":{"rendered":"[et_pb_section fb_built=\u00bb1&#8243; fullwidth=\u00bbon\u00bb _builder_version=\u00bb4.16&#8243; hover_enabled=\u00bb0&#8243; collapsed=\u00bboff\u00bb global_colors_info=\u00bb{}\u00bb sticky_enabled=\u00bb0&#8243;][et_pb_fullwidth_post_slider posts_number=\u00bb5&#8243; include_categories=\u00bb2&#8243; more_text=\u00bbM\u00e1s informaci\u00f3n\u00bb show_meta=\u00bboff\u00bb bg_overlay_color=\u00bbrgba(0,0,0,0.53)\u00bb admin_label=\u00bbNovedades Dirgecal\u00bb _builder_version=\u00bb4.27.5&#8243; header_font=\u00bbLato|700|||||||\u00bb header_font_size=\u00bb37px\u00bb header_line_height=\u00bb1.3em\u00bb body_font=\u00bbLato||||||||\u00bb body_font_size=\u00bb16px\u00bb custom_button=\u00bbon\u00bb button_bg_color=\u00bb#38a5ff\u00bb button_border_width=\u00bb0px\u00bb button_border_radius=\u00bb0px\u00bb button_font=\u00bbLato||||||||\u00bb text_orientation=\u00bbleft\u00bb custom_margin=\u00bb||0px|||\u00bb custom_padding=\u00bb366px||366px||true|false\u00bb auto=\u00bbon\u00bb auto_speed=\u00bb10000&#8243; hover_enabled=\u00bb0&#8243; global_colors_info=\u00bb{}\u00bb button_bg_color__hover_enabled=\u00bbon\u00bb button_bg_color__hover=\u00bb#e35000&#8243; button_bg_enable_color__hover=\u00bbon\u00bb button_border_width__hover_enabled=\u00bbon\u00bb button_border_width__hover=\u00bb0px\u00bb sticky_enabled=\u00bb0&#8243; min_height=\u00bb1301.5px\u00bb][\/et_pb_fullwidth_post_slider][\/et_pb_section][et_pb_section fb_built=\u00bb1&#8243; _builder_version=\u00bb4.16&#8243; custom_padding=\u00bb||80px|||\u00bb global_colors_info=\u00bb{}\u00bb][et_pb_row _builder_version=\u00bb4.16&#8243; custom_padding=\u00bb||0px|||\u00bb global_colors_info=\u00bb{}\u00bb][et_pb_column type=\u00bb4_4&#8243; _builder_version=\u00bb4.16&#8243; global_colors_info=\u00bb{}\u00bb][et_pb_text _builder_version=\u00bb4.24.3&#8243; _module_preset=\u00bbdefault\u00bb text_letter_spacing=\u00bb1px\u00bb text_orientation=\u00bbcenter\u00bb module_alignment=\u00bbcenter\u00bb global_colors_info=\u00bb{}\u00bb]\n<h2>La <strong><span style=\"color: #00b0f6;\">Direcci\u00f3n General de Gesti\u00f3n de la Calidad<\/span> <\/strong>es una unidad estrat\u00e9gico-t\u00e9cnica de la <strong><span style=\"color: #00b0f6;\">Universidad de Playa Ancha<\/span><\/strong> responsable de acompa\u00f1ar, guiar y dar asistencia t\u00e9cnica a cada miembro de la instituci\u00f3n respecto del <span style=\"color: #00b0f6;\">aseguramiento de la calidad<\/span>, lo que implica abordar la <span style=\"color: #00b0f6;\">autoevaluaci\u00f3n sistem\u00e1tica y permanentemente<\/span> (de la instituci\u00f3n, de carreras y programas de postgrado), la <span style=\"color: #00b0f6;\">gesti\u00f3n de planes de mejoramiento<\/span> y la <span style=\"color: #00b0f6;\">gesti\u00f3n de los procesos de acreditaci\u00f3n<\/span>. Lo anterior, con el objetivo de garantizar el <span style=\"color: #00b0f6;\">mejoramiento continuo<\/span>, fortalecer la <span style=\"color: #00b0f6;\">capacidad de autorregulaci\u00f3n<\/span> y lograr una correcta toma de decisiones, asegurando as\u00ed la <span style=\"color: #00b0f6;\">pertinencia y calidad de todas sus funciones institucionales<\/span> (Docencia de Pregrado y Postgrado; Vinculaci\u00f3n con el Medio; Investigaci\u00f3n, Creaci\u00f3n e Innovaci\u00f3n; y Gesti\u00f3n Estrat\u00e9gica), <span style=\"color: #00b0f6;\">en coherencia con la misi\u00f3n, visi\u00f3n, valores, prop\u00f3sitos institucionales y<\/span> requerimientos establecidos en la <span style=\"color: #00b0f6;\">legislaci\u00f3n vigente<\/span>\u201d.<\/h2>\n[\/et_pb_text][\/et_pb_column][\/et_pb_row][\/et_pb_section][et_pb_section fb_built=\u00bb1&#8243; _builder_version=\u00bb4.16&#8243; custom_padding=\u00bb0px||0px|||\u00bb top_divider_style=\u00bbarrow2&#8243; top_divider_color=\u00bb#0c71c3&#8243; top_divider_height=\u00bb20px\u00bb locked=\u00bboff\u00bb global_colors_info=\u00bb{}\u00bb][et_pb_row _builder_version=\u00bb4.16&#8243; background_size=\u00bbinitial\u00bb background_position=\u00bbtop_left\u00bb background_repeat=\u00bbrepeat\u00bb custom_padding=\u00bb||0px|||\u00bb global_colors_info=\u00bb{}\u00bb][et_pb_column type=\u00bb4_4&#8243; _builder_version=\u00bb4.16&#8243; custom_padding=\u00bb|||\u00bb global_colors_info=\u00bb{}\u00bb custom_padding__hover=\u00bb|||\u00bb][et_pb_blurb title=\u00bbUPLA: Universidad Acreditada\u00bb url=\u00bbhttps:\/\/www.upla.cl\/calidad\/acreditacion\/acreditacion-institucional\/\u00bb image=\u00bbhttps:\/\/www.upla.cl\/calidad\/wp-content\/uploads\/2025\/03\/UPLA_acreditada_2022-2027-editables-01.png\u00bb content_max_width=\u00bb1100px\u00bb _builder_version=\u00bb4.27.4&#8243; header_level=\u00bbh2&#8243; header_font=\u00bb|600|||||||\u00bb header_text_color=\u00bb#0c71c3&#8243; background_color=\u00bbrgba(188,227,250,0.45)\u00bb custom_padding=\u00bb20px|20px|20px|20px|true|true\u00bb border_color_all_image=\u00bb#ffffff\u00bb box_shadow_style_image=\u00bbpreset2&#8243; global_colors_info=\u00bb{}\u00bb]\n<p style=\"text-align: justify;\"><span style=\"font-family: verdana, sans-serif;\">En Mayo de 2022, la Comisi\u00f3n Nacional de Acreditaci\u00f3n resolvi\u00f3 acreditar institucionalmente a la Universidad de Playa Ancha en <strong>Nivel Avanzado<\/strong> por un per\u00edodo de <strong>cinco 5 a\u00f1os<\/strong>, desde mayo de 2022 <strong>hasta mayo de 2027<\/strong> en lasa \u00c1reas de <strong>Docencia de Pregrado, Gesti\u00f3n Institucional y Vinculaci\u00f3n con el Medio<\/strong>.<\/span><\/p>\n[\/et_pb_blurb][\/et_pb_column][\/et_pb_row][\/et_pb_section][et_pb_section fb_built=\u00bb1&#8243; _builder_version=\u00bb4.16&#8243; global_colors_info=\u00bb{}\u00bb][et_pb_row _builder_version=\u00bb4.16&#8243; global_colors_info=\u00bb{}\u00bb][et_pb_column type=\u00bb4_4&#8243; _builder_version=\u00bb4.16&#8243; global_colors_info=\u00bb{}\u00bb][et_pb_button button_text=\u00bbNovedades DIRGECAL\u00bb _builder_version=\u00bb4.16&#8243; custom_button=\u00bbon\u00bb button_text_size=\u00bb32px\u00bb button_text_color=\u00bb#ffffff\u00bb button_bg_color=\u00bb#38a5ff\u00bb button_border_width=\u00bb3px\u00bb button_border_radius=\u00bb0px\u00bb button_letter_spacing=\u00bb0px\u00bb button_icon=\u00bb&#x5a;||divi||400&#8243; button_icon_placement=\u00bbleft\u00bb custom_margin=\u00bb||35px|||\u00bb custom_padding=\u00bb|34px||||\u00bb button_text_size_tablet=\u00bb\u00bb button_text_size_phone=\u00bb47px\u00bb button_text_size_last_edited=\u00bbon|desktop\u00bb global_colors_info=\u00bb{}\u00bb button_text_size__hover_enabled=\u00bbon\u00bb button_text_size__hover=\u00bb32px\u00bb][\/et_pb_button][et_pb_blog fullwidth=\u00bboff\u00bb posts_number=\u00bb6&#8243; include_categories=\u00bb2&#8243; meta_date=\u00bbj M Y\u00bb show_author=\u00bboff\u00bb show_categories=\u00bboff\u00bb _builder_version=\u00bb4.16&#8243; global_colors_info=\u00bb{}\u00bb][\/et_pb_blog][\/et_pb_column][\/et_pb_row][\/et_pb_section][et_pb_section fb_built=\u00bb1&#8243; custom_padding_last_edited=\u00bbon|phone\u00bb next_background_color=\u00bb#e5e5e5&#8243; admin_label=\u00bbFooter Section\u00bb _builder_version=\u00bb4.16&#8243; use_background_color_gradient=\u00bbon\u00bb background_color_gradient_type=\u00bbcircular\u00bb background_color_gradient_direction_radial=\u00bbtop left\u00bb background_color_gradient_stops=\u00bb#2b303a 10%|rgba(43,48,58,0.5) 100%\u00bb background_color_gradient_overlays_image=\u00bbon\u00bb background_color_gradient_start=\u00bb#2b303a\u00bb background_color_gradient_start_position=\u00bb10%\u00bb background_color_gradient_end=\u00bbrgba(43,48,58,0.5)\u00bb background_image=\u00bbhttps:\/\/www.upla.cl\/calidad\/wp-content\/uploads\/2019\/06\/edificioinstitucional_atardecer.jpg\u00bb width=\u00bb96.8%\u00bb module_alignment=\u00bbright\u00bb custom_margin=\u00bb80px|-124px|60px|-124px|false|true\u00bb custom_margin_tablet=\u00bb0px|0px|0px|0px|true|true\u00bb custom_margin_phone=\u00bb\u00bb custom_margin_last_edited=\u00bbon|tablet\u00bb custom_padding=\u00bb0px|97px|0vw|0|false|false\u00bb custom_padding_tablet=\u00bb|||0px\u00bb custom_padding_phone=\u00bb||120px|\u00bb bottom_divider_style=\u00bbasymmetric4&#8243; bottom_divider_repeat=\u00bb0.5x\u00bb bottom_divider_flip=\u00bbhorizontal\u00bb animation_style=\u00bbslide\u00bb animation_direction=\u00bbbottom\u00bb animation_intensity_slide=\u00bb5%\u00bb box_shadow_style=\u00bbpreset3&#8243; box_shadow_vertical=\u00bb-80px\u00bb box_shadow_blur=\u00bb200px\u00bb box_shadow_spread=\u00bb-40px\u00bb box_shadow_color=\u00bbrgba(0,0,0,0.12)\u00bb global_colors_info=\u00bb{}\u00bb][et_pb_row column_structure=\u00bb2_3,1_3&#8243; use_custom_gutter=\u00bbon\u00bb gutter_width=\u00bb1&#8243; make_equal=\u00bbon\u00bb admin_label=\u00bbFooter Area\u00bb _builder_version=\u00bb4.16&#8243; background_color=\u00bb#38a5ff\u00bb width=\u00bb90%\u00bb max_width=\u00bb90%\u00bb module_alignment=\u00bbleft\u00bb custom_margin=\u00bb|-50px||244px||\u00bb custom_margin_tablet=\u00bb|||0px\u00bb custom_margin_last_edited=\u00bboff|desktop\u00bb custom_padding=\u00bb0px|0px|0px|0px||\u00bb use_custom_width=\u00bbon\u00bb width_unit=\u00bboff\u00bb custom_width_percent=\u00bb90%\u00bb global_colors_info=\u00bb{}\u00bb][et_pb_column type=\u00bb2_3&#8243; _builder_version=\u00bb4.16&#8243; background_color=\u00bb#ffffff\u00bb custom_padding=\u00bb40px|10%|40px|10%\u00bb global_colors_info=\u00bb{}\u00bb custom_padding__hover=\u00bb|||\u00bb][et_pb_text _builder_version=\u00bb4.16&#8243; text_font=\u00bbLato|900||on|||||\u00bb text_text_color=\u00bb#7f7f7f\u00bb text_font_size=\u00bb16px\u00bb text_letter_spacing=\u00bb4px\u00bb text_line_height=\u00bb2em\u00bb link_font=\u00bbBungee||||||||\u00bb link_text_color=\u00bb#ff5400&#8243; link_font_size=\u00bb24px\u00bb link_letter_spacing=\u00bb4px\u00bb ul_font=\u00bb||||||||\u00bb ol_font=\u00bb||||||||\u00bb quote_font=\u00bb||||||||\u00bb header_font=\u00bb||||||||\u00bb header_2_font=\u00bb||||||||\u00bb header_3_font=\u00bb||||||||\u00bb header_4_font=\u00bb||||||||\u00bb header_5_font=\u00bb||||||||\u00bb header_6_font=\u00bb||||||||\u00bb max_width_tablet=\u00bb\u00bb max_width_phone=\u00bb\u00bb max_width_last_edited=\u00bbon|desktop\u00bb custom_margin=\u00bb|||\u00bb custom_padding=\u00bb|||\u00bb custom_padding_tablet=\u00bb35px|70px|25px|70px\u00bb custom_padding_phone=\u00bb50px|20px|40px|20px\u00bb custom_padding_last_edited=\u00bboff|desktop\u00bb animation_style=\u00bbfold\u00bb animation_direction=\u00bbleft\u00bb animation_intensity_fold=\u00bb5%\u00bb animation_starting_opacity=\u00bb100%\u00bb link_font_size_tablet=\u00bb24px\u00bb link_font_size_phone=\u00bb24px\u00bb link_font_size_last_edited=\u00bboff|desktop\u00bb locked=\u00bboff\u00bb global_colors_info=\u00bb{}\u00bb]\n<h1><span style=\"color: #333333;\">dudas y consultas<\/span><\/h1>\n[\/et_pb_text][\/et_pb_column][et_pb_column type=\u00bb1_3&#8243; _builder_version=\u00bb4.16&#8243; custom_padding=\u00bb|||\u00bb global_colors_info=\u00bb{}\u00bb custom_padding__hover=\u00bb|||\u00bb][et_pb_text _builder_version=\u00bb4.16&#8243; text_font=\u00bbLato|900||on|||||\u00bb text_text_color=\u00bb#ffffff\u00bb text_font_size=\u00bb22px\u00bb text_letter_spacing=\u00bb4px\u00bb text_line_height=\u00bb2em\u00bb link_font=\u00bbBungee||||||||\u00bb link_text_color=\u00bb#ff5400&#8243; link_font_size=\u00bb24px\u00bb link_letter_spacing=\u00bb4px\u00bb ul_font=\u00bb||||||||\u00bb ol_font=\u00bb||||||||\u00bb quote_font=\u00bb||||||||\u00bb header_font=\u00bb||||||||\u00bb header_2_font=\u00bb||||||||\u00bb header_3_font=\u00bb||||||||\u00bb header_4_font=\u00bb||||||||\u00bb header_5_font=\u00bb||||||||\u00bb header_6_font=\u00bb||||||||\u00bb background_color=\u00bbrgba(0,0,0,0)\u00bb width=\u00bb100%\u00bb max_width_tablet=\u00bb\u00bb max_width_phone=\u00bb\u00bb max_width_last_edited=\u00bbon|desktop\u00bb min_height=\u00bb34px\u00bb custom_margin=\u00bb-36px||-42px|||\u00bb custom_padding=\u00bb68px|60px|68px|60px|true|true\u00bb custom_padding_tablet=\u00bb35px|70px|25px|70px\u00bb custom_padding_phone=\u00bb50px|20px|40px|20px\u00bb custom_padding_last_edited=\u00bboff|desktop\u00bb animation_style=\u00bbfold\u00bb animation_direction=\u00bbleft\u00bb animation_intensity_fold=\u00bb5%\u00bb animation_starting_opacity=\u00bb100%\u00bb link_font_size_tablet=\u00bb24px\u00bb link_font_size_phone=\u00bb24px\u00bb link_font_size_last_edited=\u00bboff|desktop\u00bb locked=\u00bboff\u00bb global_colors_info=\u00bb{}\u00bb]\n<p>Cont\u00e1ctanos<\/p>\n[\/et_pb_text][\/et_pb_column][\/et_pb_row][et_pb_row column_structure=\u00bb1_2,1_2&#8243; admin_label=\u00bbCTA Area\u00bb _builder_version=\u00bb4.16&#8243; custom_margin=\u00bb5vw|auto||auto||\u00bb custom_padding=\u00bb||110px|||\u00bb locked=\u00bboff\u00bb global_colors_info=\u00bb{}\u00bb][et_pb_column type=\u00bb1_2&#8243; _builder_version=\u00bb4.16&#8243; custom_padding=\u00bb|||\u00bb global_colors_info=\u00bb{}\u00bb custom_padding__hover=\u00bb|||\u00bb][et_pb_text _builder_version=\u00bb4.27.4&#8243; text_font=\u00bb||||||||\u00bb text_font_size=\u00bb20px\u00bb text_line_height=\u00bb1.8em\u00bb header_font=\u00bb||||||||\u00bb background_layout=\u00bbdark\u00bb max_width=\u00bb700px\u00bb max_width_tablet=\u00bb\u00bb max_width_phone=\u00bb\u00bb max_width_last_edited=\u00bbon|tablet\u00bb custom_margin=\u00bb||50px|||\u00bb custom_padding=\u00bb|||\u00bb animation_style=\u00bbslide\u00bb animation_direction=\u00bbtop\u00bb animation_intensity_slide=\u00bb5%\u00bb animation_starting_opacity=\u00bb100%\u00bb locked=\u00bboff\u00bb inline_fonts=\u00bbGeorgia\u00bb global_colors_info=\u00bb{}\u00bb]\n<h4><span style=\"font-size: x-large;\"><strong><span style=\"color: #ffffff;\"><a href=\"mailto:acreditacion@upla.cl\" target=\"_blank\" rel=\"noopener noreferrer\" title=\"acreditacion@upla.cl\" style=\"color: #ffffff;\">\u00a0Correo<\/a><span style=\"font-family: inherit;\"><\/span><\/span><\/strong><\/span><\/h4>\n<blockquote>\n<h4><span style=\"font-size: x-large; font-weight: normal; font-family: inherit;\"><a href=\"mailto:giovanna.rubino@upla.cl;\">dirgecalidad@upla.cl<\/a><\/span><\/h4>\n<\/blockquote>\n<h4><span style=\"font-size: x-large; font-weight: normal; font-family: inherit;\"><\/span><\/h4>\n<h4><span style=\"font-size: x-large; font-weight: normal; font-family: inherit;\"><\/span><\/h4>\n<h4><span style=\"font-size: x-large;\"><span style=\"font-weight: normal; font-family: inherit;\"><strong>Tel\u00e9fono<\/strong><\/span><\/span><\/h4>\n<blockquote>\n<h4><span style=\"font-size: x-large; font-weight: normal; font-family: inherit;\">+56 32 2205358<\/span><\/h4>\n<\/blockquote>\n<p><span style=\"font-size: x-large;\"><\/span><\/p>\n[\/et_pb_text][\/et_pb_column][et_pb_column type=\u00bb1_2&#8243; _builder_version=\u00bb4.16&#8243; custom_padding=\u00bb|||\u00bb global_colors_info=\u00bb{}\u00bb custom_padding__hover=\u00bb|||\u00bb][et_pb_contact_form email=\u00bbcalidad@upla.cl\u00bb success_message=\u00bbGracias por tu mensaje. Responderemos a la brevedad posible.\u00bb submit_button_text=\u00bbEnviar\u00bb admin_label=\u00bbFormulario de contacto\u00bb _builder_version=\u00bb4.22.1&#8243; _unique_id=\u00bbb8f478d7-f832-476a-afef-1b3d3a7741aa\u00bb title_text_align=\u00bbleft\u00bb captcha_text_color=\u00bb#ffffff\u00bb background_color=\u00bbrgba(0,0,0,0)\u00bb custom_button=\u00bbon\u00bb button_text_size=\u00bb28px\u00bb button_text_color=\u00bb#ffffff\u00bb button_bg_color=\u00bb#38a5ff\u00bb button_bg_color_gradient_stops=\u00bb#0c71c3 0%|#29c4a9 100%\u00bb button_bg_color_gradient_overlays_image=\u00bbon\u00bb button_bg_color_gradient_start=\u00bb#0c71c3&#8243; button_icon=\u00bb&#xe010;||divi||400&#8243; button_on_hover=\u00bboff\u00bb text_orientation=\u00bbleft\u00bb min_height=\u00bb317px\u00bb custom_margin=\u00bb-28px|||||\u00bb custom_padding=\u00bb21px|0px|0px|||\u00bb global_colors_info=\u00bb{}\u00bb][et_pb_contact_field field_id=\u00bbNombre\u00bb field_title=\u00bbNombre\u00bb _builder_version=\u00bb4.16&#8243; global_colors_info=\u00bb{}\u00bb button_text_size__hover_enabled=\u00bboff\u00bb button_one_text_size__hover_enabled=\u00bboff\u00bb button_two_text_size__hover_enabled=\u00bboff\u00bb button_text_color__hover_enabled=\u00bboff\u00bb button_one_text_color__hover_enabled=\u00bboff\u00bb button_two_text_color__hover_enabled=\u00bboff\u00bb button_border_width__hover_enabled=\u00bboff\u00bb button_one_border_width__hover_enabled=\u00bboff\u00bb button_two_border_width__hover_enabled=\u00bboff\u00bb button_border_color__hover_enabled=\u00bboff\u00bb button_one_border_color__hover_enabled=\u00bboff\u00bb button_two_border_color__hover_enabled=\u00bboff\u00bb button_border_radius__hover_enabled=\u00bboff\u00bb button_one_border_radius__hover_enabled=\u00bboff\u00bb button_two_border_radius__hover_enabled=\u00bboff\u00bb button_letter_spacing__hover_enabled=\u00bboff\u00bb button_one_letter_spacing__hover_enabled=\u00bboff\u00bb button_two_letter_spacing__hover_enabled=\u00bboff\u00bb button_bg_color__hover_enabled=\u00bboff\u00bb button_one_bg_color__hover_enabled=\u00bboff\u00bb button_two_bg_color__hover_enabled=\u00bboff\u00bb][\/et_pb_contact_field][et_pb_contact_field field_id=\u00bbCorreo_electr\u00f3nico\u00bb field_title=\u00bbDirecci\u00f3n de correo electr\u00f3nico\u00bb field_type=\u00bbemail\u00bb _builder_version=\u00bb4.22.1&#8243; global_colors_info=\u00bb{}\u00bb button_text_size__hover_enabled=\u00bboff\u00bb button_one_text_size__hover_enabled=\u00bboff\u00bb button_two_text_size__hover_enabled=\u00bboff\u00bb button_text_color__hover_enabled=\u00bboff\u00bb button_one_text_color__hover_enabled=\u00bboff\u00bb button_two_text_color__hover_enabled=\u00bboff\u00bb button_border_width__hover_enabled=\u00bboff\u00bb button_one_border_width__hover_enabled=\u00bboff\u00bb button_two_border_width__hover_enabled=\u00bboff\u00bb button_border_color__hover_enabled=\u00bboff\u00bb button_one_border_color__hover_enabled=\u00bboff\u00bb button_two_border_color__hover_enabled=\u00bboff\u00bb button_border_radius__hover_enabled=\u00bboff\u00bb button_one_border_radius__hover_enabled=\u00bboff\u00bb button_two_border_radius__hover_enabled=\u00bboff\u00bb button_letter_spacing__hover_enabled=\u00bboff\u00bb button_one_letter_spacing__hover_enabled=\u00bboff\u00bb button_two_letter_spacing__hover_enabled=\u00bboff\u00bb button_bg_color__hover_enabled=\u00bboff\u00bb button_one_bg_color__hover_enabled=\u00bboff\u00bb button_two_bg_color__hover_enabled=\u00bboff\u00bb][\/et_pb_contact_field][et_pb_contact_field field_id=\u00bbEscr\u00edbenos\u00bb field_title=\u00bbEscr\u00edbenos\u00bb field_type=\u00bbtext\u00bb fullwidth_field=\u00bbon\u00bb _builder_version=\u00bb4.16&#8243; global_colors_info=\u00bb{}\u00bb button_text_size__hover_enabled=\u00bboff\u00bb button_one_text_size__hover_enabled=\u00bboff\u00bb button_two_text_size__hover_enabled=\u00bboff\u00bb button_text_color__hover_enabled=\u00bboff\u00bb button_one_text_color__hover_enabled=\u00bboff\u00bb button_two_text_color__hover_enabled=\u00bboff\u00bb button_border_width__hover_enabled=\u00bboff\u00bb button_one_border_width__hover_enabled=\u00bboff\u00bb button_two_border_width__hover_enabled=\u00bboff\u00bb button_border_color__hover_enabled=\u00bboff\u00bb button_one_border_color__hover_enabled=\u00bboff\u00bb button_two_border_color__hover_enabled=\u00bboff\u00bb button_border_radius__hover_enabled=\u00bboff\u00bb button_one_border_radius__hover_enabled=\u00bboff\u00bb button_two_border_radius__hover_enabled=\u00bboff\u00bb button_letter_spacing__hover_enabled=\u00bboff\u00bb button_one_letter_spacing__hover_enabled=\u00bboff\u00bb button_two_letter_spacing__hover_enabled=\u00bboff\u00bb button_bg_color__hover_enabled=\u00bboff\u00bb button_one_bg_color__hover_enabled=\u00bboff\u00bb button_two_bg_color__hover_enabled=\u00bboff\u00bb][\/et_pb_contact_field][\/et_pb_contact_form][\/et_pb_column][\/et_pb_row][\/et_pb_section]\n","protected":false},"excerpt":{"rendered":"<p>La Direcci\u00f3n General de Gesti\u00f3n de la Calidad es una unidad estrat\u00e9gico-t\u00e9cnica de la Universidad de Playa Ancha responsable de acompa\u00f1ar, guiar y dar asistencia t\u00e9cnica a cada miembro de la instituci\u00f3n respecto del aseguramiento de la calidad, lo que implica abordar la autoevaluaci\u00f3n sistem\u00e1tica y permanentemente (de la instituci\u00f3n, de carreras y programas de [&hellip;]<\/p>\n","protected":false},"author":2,"featured_media":0,"parent":0,"menu_order":1,"comment_status":"closed","ping_status":"closed","template":"","meta":{"_et_pb_use_builder":"on","_et_pb_old_content":"","_et_gb_content_width":"","footnotes":""},"class_list":["post-5356","page","type-page","status-publish","hentry"],"_links":{"self":[{"href":"https:\/\/www.upla.cl\/calidad\/wp-json\/wp\/v2\/pages\/5356","targetHints":{"allow":["GET"]}}],"collection":[{"href":"https:\/\/www.upla.cl\/calidad\/wp-json\/wp\/v2\/pages"}],"about":[{"href":"https:\/\/www.upla.cl\/calidad\/wp-json\/wp\/v2\/types\/page"}],"author":[{"embeddable":true,"href":"https:\/\/www.upla.cl\/calidad\/wp-json\/wp\/v2\/users\/2"}],"replies":[{"embeddable":true,"href":"https:\/\/www.upla.cl\/calidad\/wp-json\/wp\/v2\/comments?post=5356"}],"version-history":[{"count":60,"href":"https:\/\/www.upla.cl\/calidad\/wp-json\/wp\/v2\/pages\/5356\/revisions"}],"predecessor-version":[{"id":131050,"href":"https:\/\/www.upla.cl\/calidad\/wp-json\/wp\/v2\/pages\/5356\/revisions\/131050"}],"wp:attachment":[{"href":"https:\/\/www.upla.cl\/calidad\/wp-json\/wp\/v2\/media?parent=5356"}],"curies":[{"name":"wp","href":"https:\/\/api.w.org\/{rel}","templated":true}]}}