{"id":4533,"date":"2017-09-08T13:03:45","date_gmt":"2017-09-08T16:03:45","guid":{"rendered":"http:\/\/www.upla.cl\/calidad\/?page_id=4533"},"modified":"2019-08-07T22:12:59","modified_gmt":"2019-08-08T02:12:59","slug":"glosario-terminos-siglas-acronimos","status":"publish","type":"page","link":"https:\/\/www.upla.cl\/calidad\/recursos\/glosario-terminos-siglas-acronimos\/","title":{"rendered":"Glosario de T\u00e9rminos, Siglas y Acr\u00f3nimos, desde la Gesti\u00f3n Universitaria"},"content":{"rendered":"[et_pb_section fb_built=\u00bb1&#8243; fullwidth=\u00bbon\u00bb _builder_version=\u00bb3.26.6&#8243;][et_pb_fullwidth_post_title meta=\u00bboff\u00bb featured_placement=\u00bbbackground\u00bb text_color=\u00bblight\u00bb text_background=\u00bbon\u00bb text_bg_color=\u00bbrgba(0,155,219,0.66)\u00bb _builder_version=\u00bb3.26.6&#8243; title_font_size=\u00bb35px\u00bb title_line_height=\u00bb1.5em\u00bb background_color=\u00bb#009bdb\u00bb background_image=\u00bbhttps:\/\/www.upla.cl\/calidad\/wp-content\/uploads\/2019\/06\/edificioinstitucional_patio.jpg\u00bb parallax=\u00bbon\u00bb parallax_method=\u00bboff\u00bb custom_padding=\u00bb200px||200px||true|false\u00bb][\/et_pb_fullwidth_post_title][\/et_pb_section][et_pb_section fb_built=\u00bb1&#8243; admin_label=\u00bbsection\u00bb _builder_version=\u00bb3.26.6&#8243; custom_padding=\u00bb||0px|||\u00bb][et_pb_row admin_label=\u00bbrow\u00bb _builder_version=\u00bb3.25&#8243; background_size=\u00bbinitial\u00bb background_position=\u00bbtop_left\u00bb background_repeat=\u00bbrepeat\u00bb][et_pb_column type=\u00bb4_4&#8243; _builder_version=\u00bb3.25&#8243; custom_padding=\u00bb|||\u00bb custom_padding__hover=\u00bb|||\u00bb][et_pb_text admin_label=\u00bbText\u00bb _builder_version=\u00bb3.0.74&#8243; background_size=\u00bbinitial\u00bb background_position=\u00bbtop_left\u00bb background_repeat=\u00bbrepeat\u00bb]<img loading=\"lazy\" decoding=\"async\" class=\"aligncenter size-full wp-image-4536\" src=\"https:\/\/www.upla.cl\/calidad\/wp-content\/uploads\/2017\/09\/glosario.png\" alt=\"\" width=\"751\" height=\"300\" srcset=\"https:\/\/www.upla.cl\/calidad\/wp-content\/uploads\/2017\/09\/glosario.png 751w, https:\/\/www.upla.cl\/calidad\/wp-content\/uploads\/2017\/09\/glosario-300x120.png 300w\" sizes=\"(max-width: 751px) 100vw, 751px\" \/><\/p>\n<p style=\"text-align: justify;\"><span style=\"color: #00ccff; font-size: 14pt;\"><strong>Presentaci\u00f3n<\/strong><\/span><\/p>\n<p style=\"text-align: justify;\">\n<p style=\"text-align: justify;\">La Direcci\u00f3n General de Gesti\u00f3n de la Calidad (DIRGECAL), en un esfuerzo por promocionar un lenguaje com\u00fan a las actoras y actores de la comunidad educativa tanto para la autoevaluaci\u00f3n de carreras con fines de acreditaci\u00f3n, como a su vez para el apoyo de la gesti\u00f3n acad\u00e9mica e institucional, presenta el siguiente GLOSARIO (T\u00e9rminos, Siglas y Acr\u00f3nimos) que contiene un conjunto de conceptos desde la gesti\u00f3n de Instituciones de Educaci\u00f3n Superior, el cual abarca los \u00e1mbitos de Docencia, Gesti\u00f3n Institucional, Investigaci\u00f3n y Vinculaci\u00f3n con el Medio.<\/p>\n<p style=\"text-align: justify;\">Este trabajo se estructur\u00f3 con el objetivo t\u00e9cnico de entregar insumos para la gesti\u00f3n y vinculaci\u00f3n de las pr\u00e1cticas discursivas en un com\u00fan espacio conceptual, por sobre todo, institucional. Como tal es un instrumento incipiente, perfectible en la medida de su validaci\u00f3n por la comunidad educativa. En \u00e9l participaron, a modo de validadores, Coordinadores de Calidad de las Facultades y profesionales de distintas Direcciones Generales de la Universidad.<\/p>\n<table style=\"width: 607px;\">\n<tbody>\n<tr>\n<td style=\"text-align: center; width: 271px;\"><span style=\"color: #00ccff;\">Glosario de T\u00e9rminos<\/span><\/td>\n<td style=\"text-align: center; width: 94px;\"><\/td>\n<td style=\"text-align: center; width: 254px;\"><span style=\"color: #00ccff;\">Glosario de Siglas y Acr\u00f3nimos<\/span><\/td>\n<\/tr>\n<tr>\n<td style=\"width: 271px;\"><a href=\"https:\/\/www.upla.cl\/calidad\/glosario-de-terminos\/\" target=\"_blank\" rel=\"noopener noreferrer\"><img loading=\"lazy\" decoding=\"async\" class=\"aligncenter wp-image-4539 size-thumbnail\" src=\"https:\/\/www.upla.cl\/calidad\/wp-content\/uploads\/2017\/09\/book-3_icon-icons.com_49257-150x150.png\" alt=\"\" width=\"150\" height=\"150\" srcset=\"https:\/\/www.upla.cl\/calidad\/wp-content\/uploads\/2017\/09\/book-3_icon-icons.com_49257-150x150.png 150w, https:\/\/www.upla.cl\/calidad\/wp-content\/uploads\/2017\/09\/book-3_icon-icons.com_49257-300x300.png 300w, https:\/\/www.upla.cl\/calidad\/wp-content\/uploads\/2017\/09\/book-3_icon-icons.com_49257.png 512w\" sizes=\"(max-width: 150px) 100vw, 150px\" \/><\/a><\/td>\n<td style=\"width: 94px;\"><\/td>\n<td style=\"width: 254px;\"><a href=\"https:\/\/www.upla.cl\/calidad\/siglas-y-acronimos\/\" target=\"_blank\" rel=\"noopener noreferrer\"><img loading=\"lazy\" decoding=\"async\" class=\"aligncenter wp-image-4540 size-thumbnail\" src=\"https:\/\/www.upla.cl\/calidad\/wp-content\/uploads\/2017\/09\/1600-150x150.png\" alt=\"\" width=\"150\" height=\"150\" srcset=\"https:\/\/www.upla.cl\/calidad\/wp-content\/uploads\/2017\/09\/1600-150x150.png 150w, https:\/\/www.upla.cl\/calidad\/wp-content\/uploads\/2017\/09\/1600-300x300.png 300w, https:\/\/www.upla.cl\/calidad\/wp-content\/uploads\/2017\/09\/1600-768x768.png 768w, https:\/\/www.upla.cl\/calidad\/wp-content\/uploads\/2017\/09\/1600-1024x1024.png 1024w, https:\/\/www.upla.cl\/calidad\/wp-content\/uploads\/2017\/09\/1600.png 1600w\" sizes=\"(max-width: 150px) 100vw, 150px\" \/><\/a><\/td>\n<\/tr>\n<\/tbody>\n<\/table>\n<p>&nbsp;[\/et_pb_text][\/et_pb_column][\/et_pb_row][\/et_pb_section]\n","protected":false},"excerpt":{"rendered":"<p>Presentaci\u00f3n La Direcci\u00f3n General de Gesti\u00f3n de la Calidad (DIRGECAL), en un esfuerzo por promocionar un lenguaje com\u00fan a las actoras y actores de la comunidad educativa tanto para la autoevaluaci\u00f3n de carreras con fines de acreditaci\u00f3n, como a su vez para el apoyo de la gesti\u00f3n acad\u00e9mica e institucional, presenta el siguiente GLOSARIO (T\u00e9rminos, [&hellip;]<\/p>\n","protected":false},"author":2,"featured_media":127300,"parent":4598,"menu_order":1,"comment_status":"closed","ping_status":"closed","template":"","meta":{"_et_pb_use_builder":"on","_et_pb_old_content":"<img class=\"aligncenter size-full wp-image-4536\" src=\"https:\/\/www.upla.cl\/calidad\/wp-content\/uploads\/2017\/09\/glosario.png\" alt=\"\" width=\"751\" height=\"300\" \/>\r\n<p style=\"text-align: justify;\"><span style=\"color: #00ccff; font-size: 14pt;\"><strong>Presentaci\u00f3n<\/strong><\/span><\/p>\r\n<p style=\"text-align: justify;\"><\/p>\r\n<p style=\"text-align: justify;\">La Direcci\u00f3n General de Gesti\u00f3n de la Calidad (DIRGECAL), en un esfuerzo por promocionar un lenguaje com\u00fan a las actoras y actores de la comunidad educativa tanto para la autoevaluaci\u00f3n de carreras con fines de acreditaci\u00f3n, como a su vez para el apoyo de la gesti\u00f3n acad\u00e9mica e institucional, presenta el siguiente GLOSARIO (T\u00e9rminos, Siglas y Acr\u00f3nimos) que contiene un conjunto de conceptos desde la gesti\u00f3n de Instituciones de Educaci\u00f3n Superior, el cual abarca los \u00e1mbitos de Docencia, Gesti\u00f3n Institucional, Investigaci\u00f3n y Vinculaci\u00f3n con el Medio.<\/p>\r\n<p style=\"text-align: justify;\">Este trabajo se estructur\u00f3 con el objetivo t\u00e9cnico de entregar insumos para la gesti\u00f3n y vinculaci\u00f3n de las pr\u00e1cticas discursivas en un com\u00fan espacio conceptual, por sobre todo, institucional. Como tal es un instrumento incipiente, perfectible en la medida de su validaci\u00f3n por la comunidad educativa. En \u00e9l participaron, a modo de validadores, Coordinadores de Calidad de las Facultades y profesionales de distintas Direcciones Generales de la Universidad.<\/p>\r\n\r\n<table style=\"width: 607px;\">\r\n<tbody>\r\n<tr>\r\n<td style=\"text-align: center; width: 271px;\"><span style=\"color: #00ccff;\">Glosario de T\u00e9rminos<\/span><\/td>\r\n<td style=\"text-align: center; width: 94px;\"><\/td>\r\n<td style=\"text-align: center; width: 254px;\"><span style=\"color: #00ccff;\">Glosario de Siglas y Acr\u00f3nimos<\/span><\/td>\r\n<\/tr>\r\n<tr>\r\n<td style=\"width: 271px;\"><a href=\"https:\/\/www.upla.cl\/calidad\/glosario-de-terminos\/\" target=\"_blank\" rel=\"noopener\"><img class=\"aligncenter wp-image-4539 size-thumbnail\" src=\"https:\/\/www.upla.cl\/calidad\/wp-content\/uploads\/2017\/09\/book-3_icon-icons.com_49257-150x150.png\" alt=\"\" width=\"150\" height=\"150\" \/><\/a><\/td>\r\n<td style=\"width: 94px;\"><\/td>\r\n<td style=\"width: 254px;\"><a href=\"https:\/\/www.upla.cl\/calidad\/siglas-y-acronimos\/\" target=\"_blank\" rel=\"noopener\"><img class=\"aligncenter wp-image-4540 size-thumbnail\" src=\"https:\/\/www.upla.cl\/calidad\/wp-content\/uploads\/2017\/09\/1600-150x150.png\" alt=\"\" width=\"150\" height=\"150\" \/><\/a><\/td>\r\n<\/tr>\r\n<\/tbody>\r\n<\/table>\r\n\u00a0","_et_gb_content_width":"","footnotes":""},"class_list":["post-4533","page","type-page","status-publish","has-post-thumbnail","hentry"],"_links":{"self":[{"href":"https:\/\/www.upla.cl\/calidad\/wp-json\/wp\/v2\/pages\/4533","targetHints":{"allow":["GET"]}}],"collection":[{"href":"https:\/\/www.upla.cl\/calidad\/wp-json\/wp\/v2\/pages"}],"about":[{"href":"https:\/\/www.upla.cl\/calidad\/wp-json\/wp\/v2\/types\/page"}],"author":[{"embeddable":true,"href":"https:\/\/www.upla.cl\/calidad\/wp-json\/wp\/v2\/users\/2"}],"replies":[{"embeddable":true,"href":"https:\/\/www.upla.cl\/calidad\/wp-json\/wp\/v2\/comments?post=4533"}],"version-history":[{"count":18,"href":"https:\/\/www.upla.cl\/calidad\/wp-json\/wp\/v2\/pages\/4533\/revisions"}],"predecessor-version":[{"id":127303,"href":"https:\/\/www.upla.cl\/calidad\/wp-json\/wp\/v2\/pages\/4533\/revisions\/127303"}],"up":[{"embeddable":true,"href":"https:\/\/www.upla.cl\/calidad\/wp-json\/wp\/v2\/pages\/4598"}],"wp:featuredmedia":[{"embeddable":true,"href":"https:\/\/www.upla.cl\/calidad\/wp-json\/wp\/v2\/media\/127300"}],"wp:attachment":[{"href":"https:\/\/www.upla.cl\/calidad\/wp-json\/wp\/v2\/media?parent=4533"}],"curies":[{"name":"wp","href":"https:\/\/api.w.org\/{rel}","templated":true}]}}