{"id":84,"date":"2020-05-28T19:23:45","date_gmt":"2020-05-28T23:23:45","guid":{"rendered":"https:\/\/www.upla.cl\/buenaspracticas\/?page_id=84"},"modified":"2025-03-27T15:59:44","modified_gmt":"2025-03-27T18:59:44","slug":"inicio","status":"publish","type":"page","link":"https:\/\/www.upla.cl\/buenaspracticas\/","title":{"rendered":"Inicio"},"content":{"rendered":"<p>[et_pb_section fb_built=\u00bb1&#8243; fullwidth=\u00bbon\u00bb admin_label=\u00bbHeader\u00bb _builder_version=\u00bb4.16&#8243; background_image=\u00bbhttps:\/\/www.upla.cl\/buenaspracticas\/wp-content\/uploads\/2020\/05\/upla_casacentral_costado.jpg\u00bb parallax=\u00bbon\u00bb global_colors_info=\u00bb{}\u00bb][et_pb_fullwidth_header title=\u00bbComisi\u00f3n de Buenas Pr\u00e1cticas Laborales UPLA\u00bb subhead=\u00bbSeg\u00fan Decreto Exento N\u00ba 3390\/2010&#8243; text_orientation=\u00bbcenter\u00bb _builder_version=\u00bb4.16&#8243; title_font=\u00bbLato||||||||\u00bb title_font_size=\u00bb60px\u00bb title_line_height=\u00bb1.3em\u00bb content_font=\u00bb||||||||\u00bb content_line_height=\u00bb2em\u00bb subhead_font=\u00bbLato||||||||\u00bb subhead_font_size=\u00bb20px\u00bb subhead_line_height=\u00bb1.8em\u00bb background_color=\u00bbrgba(0,0,0,0)\u00bb use_background_color_gradient=\u00bbon\u00bb background_color_gradient_type=\u00bbcircular\u00bb background_color_gradient_stops=\u00bbrgba(102,133,221,0.37) 0%|rgba(31,31,71,0.81) 53%\u00bb background_color_gradient_start=\u00bbrgba(102,133,221,0.37)\u00bb background_color_gradient_end=\u00bbrgba(31,31,71,0.81)\u00bb background_color_gradient_end_position=\u00bb53%\u00bb custom_button_one=\u00bbon\u00bb button_one_text_size=\u00bb16px\u00bb button_one_text_color=\u00bb#ffffff\u00bb button_one_bg_color=\u00bb#a0beef\u00bb button_one_border_width=\u00bb8px\u00bb button_one_border_color=\u00bbrgba(0,0,0,0)\u00bb button_one_border_radius=\u00bb0px\u00bb button_one_letter_spacing=\u00bb3px\u00bb button_one_font=\u00bbDidact Gothic|700||on|||||\u00bb button_one_use_icon=\u00bboff\u00bb custom_button_two=\u00bbon\u00bb button_two_text_size=\u00bb16px\u00bb button_two_text_color=\u00bb#34587c\u00bb button_two_bg_color=\u00bb#ffffff\u00bb button_two_border_width=\u00bb8px\u00bb button_two_border_color=\u00bbrgba(0,0,0,0)\u00bb button_two_border_radius=\u00bb0px\u00bb button_two_letter_spacing=\u00bb3px\u00bb button_two_font=\u00bbDidact Gothic|700||on|||||\u00bb button_two_icon=\u00bb&#x49;||divi||400&#8243; button_two_icon_placement=\u00bbleft\u00bb button_two_on_hover=\u00bboff\u00bb custom_padding=\u00bb10vw||10vw||true\u00bb custom_padding_tablet=\u00bb\u00bb custom_padding_phone=\u00bb||80px\u00bb custom_padding_last_edited=\u00bbon|phone\u00bb animation_style=\u00bbfade\u00bb animation_starting_opacity=\u00bb45%\u00bb title_font_size_tablet=\u00bb40px\u00bb title_font_size_phone=\u00bb30px\u00bb title_font_size_last_edited=\u00bbon|phone\u00bb subhead_font_size_tablet=\u00bb\u00bb subhead_font_size_phone=\u00bb18px\u00bb subhead_font_size_last_edited=\u00bbon|phone\u00bb global_colors_info=\u00bb{}\u00bb][\/et_pb_fullwidth_header][\/et_pb_section][et_pb_section fb_built=\u00bb1&#8243; admin_label=\u00bbServices\u00bb _builder_version=\u00bb4.16&#8243; background_image=\u00bbhttps:\/\/www.upla.cl\/buenaspracticas\/wp-content\/uploads\/2020\/05\/church-03.jpg\u00bb background_size=\u00bbinitial\u00bb background_position=\u00bbtop_center\u00bb custom_padding=\u00bb0|0px|40px|0px|false|false\u00bb global_colors_info=\u00bb{}\u00bb][et_pb_row column_structure=\u00bb1_2,1_2&#8243; use_custom_gutter=\u00bbon\u00bb gutter_width=\u00bb1&#8243; _builder_version=\u00bb4.16&#8243; background_color=\u00bbrgba(126,190,197,0)\u00bb custom_padding=\u00bb0|0px|27px|0px|false|false\u00bb global_colors_info=\u00bb{}\u00bb][et_pb_column type=\u00bb1_2&#8243; _builder_version=\u00bb4.16&#8243; custom_padding=\u00bb|||\u00bb global_colors_info=\u00bb{}\u00bb custom_padding__hover=\u00bb|||\u00bb][et_pb_cta title=\u00bb\u00bfQu\u00e9 es el moobing o acoso laboral?\u00bb button_url=\u00bbhttps:\/\/www.upla.cl\/buenaspracticas\/que-es-el-moobing-o-acoso-laboral\/\u00bb button_text=\u00bbRevisa aqu\u00ed estos conceptos\u00bb _builder_version=\u00bb4.16&#8243; header_font=\u00bbLato||||||||\u00bb header_font_size=\u00bb36px\u00bb header_line_height=\u00bb1.5em\u00bb body_font=\u00bbLato||||||||\u00bb body_line_height=\u00bb2em\u00bb background_color=\u00bbrgba(126,190,197,0)\u00bb custom_button=\u00bbon\u00bb button_text_size=\u00bb16px\u00bb button_text_color=\u00bb#009bcd\u00bb button_bg_color=\u00bbrgba(234,114,74,0)\u00bb button_border_width=\u00bb8px\u00bb button_border_color=\u00bbrgba(0,155,220,0.52)\u00bb button_border_radius=\u00bb0px\u00bb button_letter_spacing=\u00bb1px\u00bb button_font=\u00bbLato||||||||\u00bb button_use_icon=\u00bboff\u00bb background_layout=\u00bblight\u00bb link_option_url=\u00bbhttps:\/\/www.upla.cl\/buenaspracticas\/que-es-el-moobing-o-acoso-laboral\/\u00bb header_font_size_tablet=\u00bb30px\u00bb header_font_size_phone=\u00bb20px\u00bb header_font_size_last_edited=\u00bbon|phone\u00bb box_shadow_style_button=\u00bbpreset3&#8243; box_shadow_color_button=\u00bbrgba(81,103,120,0.48)\u00bb global_colors_info=\u00bb{}\u00bb]\u00bfQu\u00e9 definiciones se circunscriben al \u00e1mbito del acoso laboral? \u00bfQu\u00e9 entendemos por maltrato, persecuci\u00f3n, discriminaci\u00f3n, entorpecimiento, inequidad o desprotecci\u00f3n laboral?[\/et_pb_cta][\/et_pb_column][et_pb_column type=\u00bb1_2&#8243; _builder_version=\u00bb4.16&#8243; custom_padding=\u00bb|||\u00bb global_colors_info=\u00bb{}\u00bb custom_padding__hover=\u00bb|||\u00bb][et_pb_cta title=\u00bbProcedimiento de denuncia\u00bb button_url=\u00bbhttps:\/\/www.upla.cl\/buenaspracticas\/que-es-el-moobing-o-acoso-laboral\/procedimiento-de-denuncia\/\u00bb button_text=\u00bbInf\u00f3rmate aqu\u00ed\u00bb _builder_version=\u00bb4.16&#8243; header_font=\u00bbLato||||||||\u00bb header_font_size=\u00bb30px\u00bb header_line_height=\u00bb1.5em\u00bb body_font=\u00bbLato||||||||\u00bb background_color=\u00bb#009bcd\u00bb custom_button=\u00bbon\u00bb button_text_size=\u00bb16px\u00bb button_text_color=\u00bb#ffffff\u00bb button_bg_color=\u00bbrgba(234,114,74,0)\u00bb button_border_width=\u00bb8px\u00bb button_border_color=\u00bbrgba(0,0,0,0)\u00bb button_border_radius=\u00bb0px\u00bb button_letter_spacing=\u00bb0px\u00bb button_font=\u00bbLato|700|||||||\u00bb button_use_icon=\u00bboff\u00bb animation_style=\u00bbslide\u00bb animation_direction=\u00bbtop\u00bb animation_intensity_slide=\u00bb5%\u00bb link_option_url=\u00bbhttps:\/\/www.upla.cl\/buenaspracticas\/que-es-el-moobing-o-acoso-laboral\/procedimiento-de-denuncia\/\u00bb header_font_size_tablet=\u00bb30px\u00bb header_font_size_phone=\u00bb20px\u00bb header_font_size_last_edited=\u00bbon|phone\u00bb box_shadow_style=\u00bbpreset3&#8243; box_shadow_vertical=\u00bb20px\u00bb box_shadow_blur=\u00bb45px\u00bb box_shadow_spread=\u00bb-15px\u00bb box_shadow_color=\u00bbrgba(0,0,0,0.5)\u00bb box_shadow_style_button=\u00bbpreset5&#8243; box_shadow_vertical_button=\u00bb0px\u00bb box_shadow_spread_button=\u00bb2px\u00bb box_shadow_color_button=\u00bb#ffffff\u00bb locked=\u00bboff\u00bb global_colors_info=\u00bb{}\u00bb box_shadow_vertical__hover=\u00bb32px\u00bb box_shadow_vertical__hover_enabled=\u00bbon\u00bb box_shadow_blur__hover=\u00bb105px\u00bb box_shadow_blur__hover_enabled=\u00bbon\u00bb]El funcionario de la Universidad de Playa Ancha que se sienta vulnerado en sus derechos producto de la concurrencia de una o m\u00e1s de las conductas anteriormente detalladas, o el funcionario que est\u00e9 en conocimiento del ejercicio de moobing, le asiste el derecho de realizar la denuncia en las instancias que establece la Ley N\u00ba 18.834, sin perjuicio de lo cual puede acudir a la Comisi\u00f3n de Buenas Pr\u00e1cticas Laborales como instancia mediadora de la situaci\u00f3n, en la perspectiva de la b\u00fasqueda de la conciliaci\u00f3n de las partes, y en aras del bien superior de la Universidad.[\/et_pb_cta][\/et_pb_column][\/et_pb_row][\/et_pb_section][et_pb_section fb_built=\u00bb1&#8243; admin_label=\u00bbFooter\u00bb _builder_version=\u00bb4.16&#8243; background_color=\u00bb#34587c\u00bb use_background_color_gradient=\u00bbon\u00bb background_color_gradient_type=\u00bbcircular\u00bb background_color_gradient_direction_radial=\u00bbtop left\u00bb background_color_gradient_stops=\u00bbrgba(0,155,205,0.66) 25%|#0c71c3 70%\u00bb background_color_gradient_overlays_image=\u00bbon\u00bb background_color_gradient_start=\u00bbrgba(0,155,205,0.66)\u00bb background_color_gradient_start_position=\u00bb25%\u00bb background_color_gradient_end=\u00bb#0c71c3&#8243; background_color_gradient_end_position=\u00bb70%\u00bb background_image=\u00bbhttps:\/\/www.upla.cl\/buenaspracticas\/wp-content\/uploads\/2020\/05\/church-01.jpg\u00bb background_blend=\u00bbmultiply\u00bb max_width=\u00bb90%\u00bb module_alignment=\u00bbcenter\u00bb custom_margin=\u00bb||5%\u00bb custom_padding=\u00bb36px|0px|36px|0px|true|false\u00bb animation_style=\u00bbslide\u00bb animation_direction=\u00bbbottom\u00bb animation_intensity_slide=\u00bb2%\u00bb box_shadow_style=\u00bbpreset1&#8243; box_shadow_vertical=\u00bb-10px\u00bb box_shadow_blur=\u00bb60px\u00bb global_colors_info=\u00bb{}\u00bb][et_pb_row _builder_version=\u00bb4.16&#8243; global_colors_info=\u00bb{}\u00bb][et_pb_column type=\u00bb4_4&#8243; _builder_version=\u00bb4.16&#8243; custom_padding=\u00bb|||\u00bb global_colors_info=\u00bb{}\u00bb custom_padding__hover=\u00bb|||\u00bb][et_pb_text _builder_version=\u00bb4.16&#8243; header_text_align=\u00bbleft\u00bb header_text_color=\u00bb#ffffff\u00bb global_colors_info=\u00bb{}\u00bb]<\/p>\n<h1>Cont\u00e1ctanos<\/h1>\n<p>[\/et_pb_text][et_pb_code _builder_version=\u00bb4.16&#8243; global_colors_info=\u00bb{}\u00bb]\n<div class=\"wpcf7 no-js\" id=\"wpcf7-f4-o1\" lang=\"es-ES\" dir=\"ltr\" data-wpcf7-id=\"4\">\n<div class=\"screen-reader-response\"><p role=\"status\" aria-live=\"polite\" aria-atomic=\"true\"><\/p> <ul><\/ul><\/div>\n<form action=\"\/buenaspracticas\/wp-json\/wp\/v2\/pages\/84#wpcf7-f4-o1\" method=\"post\" class=\"wpcf7-form init\" aria-label=\"Formulario de contacto\" novalidate=\"novalidate\" data-status=\"init\">\n<fieldset class=\"hidden-fields-container\"><input type=\"hidden\" name=\"_wpcf7\" value=\"4\" \/><input type=\"hidden\" name=\"_wpcf7_version\" value=\"6.1.4\" \/><input type=\"hidden\" name=\"_wpcf7_locale\" value=\"es_ES\" \/><input type=\"hidden\" name=\"_wpcf7_unit_tag\" value=\"wpcf7-f4-o1\" \/><input type=\"hidden\" name=\"_wpcf7_container_post\" value=\"0\" \/><input type=\"hidden\" name=\"_wpcf7_posted_data_hash\" value=\"\" \/><input type=\"hidden\" name=\"_wpcf7_recaptcha_response\" value=\"\" \/>\n<\/fieldset>\n<p>Nombre completo (requerido)\n<\/p>\n<p><span class=\"wpcf7-form-control-wrap\" data-name=\"your-name\"><input size=\"40\" maxlength=\"400\" class=\"wpcf7-form-control wpcf7-text wpcf7-validates-as-required\" aria-required=\"true\" aria-invalid=\"false\" value=\"\" type=\"text\" name=\"your-name\" \/><\/span>\n<\/p>\n<p>Correo electr\u00f3nico (requerido)\n<\/p>\n<p><span class=\"wpcf7-form-control-wrap\" data-name=\"your-email\"><input size=\"40\" maxlength=\"400\" class=\"wpcf7-form-control wpcf7-email wpcf7-validates-as-required wpcf7-text wpcf7-validates-as-email\" aria-required=\"true\" aria-invalid=\"false\" value=\"\" type=\"email\" name=\"your-email\" \/><\/span>\n<\/p>\n<p>Tel\u00e9fono (requerido)\n<\/p>\n<p><span class=\"wpcf7-form-control-wrap\" data-name=\"Telefono\"><input size=\"13\" maxlength=\"400\" class=\"wpcf7-form-control wpcf7-tel wpcf7-validates-as-required wpcf7-text wpcf7-validates-as-tel\" aria-required=\"true\" aria-invalid=\"false\" placeholder=\"09 12345678 - 32 2205100\" value=\"\" type=\"tel\" name=\"Telefono\" \/><\/span>\n<\/p>\n<p>Asunto\n<\/p>\n<p><span class=\"wpcf7-form-control-wrap\" data-name=\"your-subject\"><input size=\"40\" maxlength=\"400\" class=\"wpcf7-form-control wpcf7-text\" aria-invalid=\"false\" value=\"\" type=\"text\" name=\"your-subject\" \/><\/span>\n<\/p>\n<p>Mensaje\n<\/p>\n<p><span class=\"wpcf7-form-control-wrap\" data-name=\"your-message\"><textarea cols=\"40\" rows=\"10\" maxlength=\"2000\" class=\"wpcf7-form-control wpcf7-textarea\" aria-invalid=\"false\" name=\"your-message\"><\/textarea><\/span>\n<\/p>\n<p><input class=\"wpcf7-form-control wpcf7-submit has-spinner\" type=\"submit\" value=\"Enviar\" \/>\n<\/p><div class=\"wpcf7-response-output\" aria-hidden=\"true\"><\/div>\n<\/form>\n<\/div>\n[\/et_pb_code][\/et_pb_column][\/et_pb_row][\/et_pb_section]<\/p>\n","protected":false},"excerpt":{"rendered":"<p>\u00bfQu\u00e9 definiciones se circunscriben al \u00e1mbito del acoso laboral? \u00bfQu\u00e9 entendemos por maltrato, persecuci\u00f3n, discriminaci\u00f3n, entorpecimiento, inequidad o desprotecci\u00f3n laboral?El funcionario de la Universidad de Playa Ancha que se sienta vulnerado en sus derechos producto de la concurrencia de una o m\u00e1s de las conductas anteriormente detalladas, o el funcionario que est\u00e9 en conocimiento del [&hellip;]<\/p>\n","protected":false},"author":1,"featured_media":94,"parent":0,"menu_order":0,"comment_status":"closed","ping_status":"closed","template":"","meta":{"_et_pb_use_builder":"on","_et_pb_old_content":"","_et_gb_content_width":"","footnotes":""},"class_list":["post-84","page","type-page","status-publish","has-post-thumbnail","hentry"],"_links":{"self":[{"href":"https:\/\/www.upla.cl\/buenaspracticas\/wp-json\/wp\/v2\/pages\/84","targetHints":{"allow":["GET"]}}],"collection":[{"href":"https:\/\/www.upla.cl\/buenaspracticas\/wp-json\/wp\/v2\/pages"}],"about":[{"href":"https:\/\/www.upla.cl\/buenaspracticas\/wp-json\/wp\/v2\/types\/page"}],"author":[{"embeddable":true,"href":"https:\/\/www.upla.cl\/buenaspracticas\/wp-json\/wp\/v2\/users\/1"}],"replies":[{"embeddable":true,"href":"https:\/\/www.upla.cl\/buenaspracticas\/wp-json\/wp\/v2\/comments?post=84"}],"version-history":[{"count":12,"href":"https:\/\/www.upla.cl\/buenaspracticas\/wp-json\/wp\/v2\/pages\/84\/revisions"}],"predecessor-version":[{"id":100630,"href":"https:\/\/www.upla.cl\/buenaspracticas\/wp-json\/wp\/v2\/pages\/84\/revisions\/100630"}],"wp:featuredmedia":[{"embeddable":true,"href":"https:\/\/www.upla.cl\/buenaspracticas\/wp-json\/wp\/v2\/media\/94"}],"wp:attachment":[{"href":"https:\/\/www.upla.cl\/buenaspracticas\/wp-json\/wp\/v2\/media?parent=84"}],"curies":[{"name":"wp","href":"https:\/\/api.w.org\/{rel}","templated":true}]}}