{"id":16,"date":"2014-12-04T12:47:20","date_gmt":"2014-12-04T15:47:20","guid":{"rendered":"http:\/\/www.upla.cl\/buenaspracticas\/?page_id=16"},"modified":"2020-05-29T12:25:24","modified_gmt":"2020-05-29T16:25:24","slug":"presentacion","status":"publish","type":"page","link":"https:\/\/www.upla.cl\/buenaspracticas\/presentacion\/","title":{"rendered":"Historia"},"content":{"rendered":"<p>[et_pb_section fb_built=\u00bb1&#8243; fullwidth=\u00bbon\u00bb admin_label=\u00bbHeader\u00bb _builder_version=\u00bb4.2.2&#8243; background_image=\u00bbhttps:\/\/www.upla.cl\/buenaspracticas\/wp-content\/uploads\/2020\/05\/upla_casacentral_costado.jpg\u00bb parallax=\u00bbon\u00bb][et_pb_fullwidth_header title=\u00bbHistoria\u00bb text_orientation=\u00bbcenter\u00bb _builder_version=\u00bb4.2.2&#8243; title_font=\u00bbLato||||||||\u00bb title_font_size=\u00bb60px\u00bb title_line_height=\u00bb1.3em\u00bb content_font=\u00bb||||||||\u00bb content_line_height=\u00bb2em\u00bb subhead_font=\u00bbLato||||||||\u00bb subhead_font_size=\u00bb20px\u00bb subhead_line_height=\u00bb1.8em\u00bb background_color=\u00bbrgba(0,0,0,0)\u00bb use_background_color_gradient=\u00bbon\u00bb background_color_gradient_start=\u00bbrgba(102,133,221,0.37)\u00bb background_color_gradient_end=\u00bbrgba(31,31,71,0.81)\u00bb background_color_gradient_type=\u00bbradial\u00bb background_color_gradient_end_position=\u00bb53%\u00bb custom_button_one=\u00bbon\u00bb button_one_text_size=\u00bb16px\u00bb button_one_text_color=\u00bb#ffffff\u00bb button_one_bg_color=\u00bb#a0beef\u00bb button_one_border_width=\u00bb8px\u00bb button_one_border_color=\u00bbrgba(0,0,0,0)\u00bb button_one_border_radius=\u00bb0px\u00bb button_one_letter_spacing=\u00bb3px\u00bb button_one_font=\u00bbDidact Gothic|700||on|||||\u00bb button_one_use_icon=\u00bboff\u00bb custom_button_two=\u00bbon\u00bb button_two_text_size=\u00bb16px\u00bb button_two_text_color=\u00bb#34587c\u00bb button_two_bg_color=\u00bb#ffffff\u00bb button_two_border_width=\u00bb8px\u00bb button_two_border_color=\u00bbrgba(0,0,0,0)\u00bb button_two_border_radius=\u00bb0px\u00bb button_two_letter_spacing=\u00bb3px\u00bb button_two_font=\u00bbDidact Gothic|700||on|||||\u00bb button_two_icon=\u00bb%%40%%\u00bb button_two_icon_placement=\u00bbleft\u00bb button_two_on_hover=\u00bboff\u00bb custom_padding=\u00bb10vw||10vw||true\u00bb custom_padding_tablet=\u00bb\u00bb custom_padding_phone=\u00bb||80px\u00bb custom_padding_last_edited=\u00bbon|phone\u00bb animation_style=\u00bbfade\u00bb animation_starting_opacity=\u00bb45%\u00bb hover_enabled=\u00bb0&#8243; title_font_size_tablet=\u00bb40px\u00bb title_font_size_phone=\u00bb30px\u00bb title_font_size_last_edited=\u00bbon|phone\u00bb subhead_font_size_tablet=\u00bb\u00bb subhead_font_size_phone=\u00bb18px\u00bb subhead_font_size_last_edited=\u00bbon|phone\u00bb][\/et_pb_fullwidth_header][\/et_pb_section][et_pb_section fb_built=\u00bb1&#8243; admin_label=\u00bbServices\u00bb _builder_version=\u00bb3.22&#8243; background_image=\u00bbhttps:\/\/www.upla.cl\/buenaspracticas\/wp-content\/uploads\/2020\/05\/church-03.jpg\u00bb background_size=\u00bbinitial\u00bb background_position=\u00bbtop_center\u00bb custom_padding=\u00bb60px|0px|40px|0px|false|false\u00bb][et_pb_row column_structure=\u00bb2_5,3_5&#8243; use_custom_gutter=\u00bbon\u00bb _builder_version=\u00bb4.2.2&#8243; background_color=\u00bbrgba(126,190,197,0)\u00bb custom_padding=\u00bb0|0px|27px|0px|false|false\u00bb hover_enabled=\u00bb0&#8243;][et_pb_column type=\u00bb2_5&#8243; _builder_version=\u00bb3.25&#8243; custom_padding=\u00bb|||\u00bb custom_padding__hover=\u00bb|||\u00bb][et_pb_text _builder_version=\u00bb4.2.2&#8243; hover_enabled=\u00bb0&#8243;]<\/p>\n<p>La Comisi\u00f3n de Buenas Pr\u00e1cticas Laborales de la Universidad de Playa Ancha surgi\u00f3 como respuesta a la sentida necesidad de la comunidad universitaria de contar con instancias que permitieran hacer efectiva la prevenci\u00f3n, mediaci\u00f3n y reparaci\u00f3n del acoso laboral, entendido \u00e9ste como \u201ctoda conducta abusiva que atenta, por su repetici\u00f3n o sistematicidad, contra la dignidad o la integridad de una persona, poniendo en peligro su empleo o degradando el ambiente de trabajo\u201d.<\/p>\n<p>De esta forma, por voluntad de Rector\u00eda, la Comisi\u00f3n de Buenas Pr\u00e1cticas Laborales fue institucionalizada en la Universidad de Playa Ancha a trav\u00e9s del Decreto Exento N\u00ba 3390\/2010, con la misi\u00f3n de desarrollar ingentes esfuerzos orientados al cumplimiento de los principios consagrados en la Constituci\u00f3n Pol\u00edtica de la Rep\u00fablica, las observaciones establecidas en la ley de Bases Generales de la Administraci\u00f3n del Estado, lo consignado en el C\u00f3digo de Buenas Pr\u00e1cticas Laborales y No Discriminaci\u00f3n, y lo acordado por la Instituci\u00f3n en el marco del y lo acordado por la Instituci\u00f3n en el marco del Convenio de Cooperaci\u00f3n con el Servicio Nacional de la Mujer, vigente hasta la actualidad, que le ha permitido a esta Corporaci\u00f3n obtener el \u201cSello Iguala\u201d que significa el reconocimiento del compromiso institucional en estas materias, y en el que est\u00e1 la g\u00e9nesis de la Comisi\u00f3n de Buenas Pr\u00e1cticas Laborales.<\/p>\n<p>[\/et_pb_text][\/et_pb_column][et_pb_column type=\u00bb3_5&#8243; _builder_version=\u00bb3.25&#8243; custom_padding=\u00bb|||\u00bb custom_padding__hover=\u00bb|||\u00bb][et_pb_code _builder_version=\u00bb4.2.2&#8243; hover_enabled=\u00bb0&#8243;]<iframe loading=\"lazy\" src=\"\/\/e.issuu.com\/embed.html#13794093\/12099560\" width=\"800\" height=\"715\" frameborder=\"0\" allowfullscreen=\"allowfullscreen\"><\/iframe>[\/et_pb_code][\/et_pb_column][\/et_pb_row][\/et_pb_section][et_pb_section fb_built=\u00bb1&#8243; admin_label=\u00bbFooter\u00bb _builder_version=\u00bb4.2.2&#8243; background_color=\u00bb#34587c\u00bb use_background_color_gradient=\u00bbon\u00bb background_color_gradient_start=\u00bbrgba(0,155,205,0.66)\u00bb background_color_gradient_end=\u00bb#0c71c3&#8243; background_color_gradient_type=\u00bbradial\u00bb background_color_gradient_direction_radial=\u00bbtop left\u00bb background_color_gradient_start_position=\u00bb25%\u00bb background_color_gradient_end_position=\u00bb70%\u00bb background_color_gradient_overlays_image=\u00bbon\u00bb background_image=\u00bbhttps:\/\/www.upla.cl\/buenaspracticas\/wp-content\/uploads\/2020\/05\/church-01.jpg\u00bb background_blend=\u00bbmultiply\u00bb max_width=\u00bb90%\u00bb module_alignment=\u00bbcenter\u00bb custom_margin=\u00bb||5%\u00bb custom_padding=\u00bb36px|0px|36px|0px|true|false\u00bb animation_style=\u00bbslide\u00bb animation_direction=\u00bbbottom\u00bb animation_intensity_slide=\u00bb2%\u00bb box_shadow_style=\u00bbpreset1&#8243; box_shadow_vertical=\u00bb-10px\u00bb box_shadow_blur=\u00bb60px\u00bb][et_pb_row _builder_version=\u00bb3.25&#8243;][et_pb_column type=\u00bb4_4&#8243; _builder_version=\u00bb3.25&#8243; custom_padding=\u00bb|||\u00bb custom_padding__hover=\u00bb|||\u00bb][et_pb_text _builder_version=\u00bb4.2.2&#8243; header_text_align=\u00bbleft\u00bb header_text_color=\u00bb#ffffff\u00bb]<\/p>\n<h1>Cont\u00e1ctanos<\/h1>\n<p>[\/et_pb_text][et_pb_code _builder_version=\u00bb4.2.2&#8243;]\n<div class=\"wpcf7 no-js\" id=\"wpcf7-f4-o1\" lang=\"es-ES\" dir=\"ltr\" data-wpcf7-id=\"4\">\n<div class=\"screen-reader-response\"><p role=\"status\" aria-live=\"polite\" aria-atomic=\"true\"><\/p> <ul><\/ul><\/div>\n<form action=\"\/buenaspracticas\/wp-json\/wp\/v2\/pages\/16#wpcf7-f4-o1\" method=\"post\" class=\"wpcf7-form init\" aria-label=\"Formulario de contacto\" novalidate=\"novalidate\" data-status=\"init\">\n<fieldset class=\"hidden-fields-container\"><input type=\"hidden\" name=\"_wpcf7\" value=\"4\" \/><input type=\"hidden\" name=\"_wpcf7_version\" value=\"6.1.4\" \/><input type=\"hidden\" name=\"_wpcf7_locale\" value=\"es_ES\" \/><input type=\"hidden\" name=\"_wpcf7_unit_tag\" value=\"wpcf7-f4-o1\" \/><input type=\"hidden\" name=\"_wpcf7_container_post\" value=\"0\" \/><input type=\"hidden\" name=\"_wpcf7_posted_data_hash\" value=\"\" \/><input type=\"hidden\" name=\"_wpcf7_recaptcha_response\" value=\"\" \/>\n<\/fieldset>\n<p>Nombre completo (requerido)\n<\/p>\n<p><span class=\"wpcf7-form-control-wrap\" data-name=\"your-name\"><input size=\"40\" maxlength=\"400\" class=\"wpcf7-form-control wpcf7-text wpcf7-validates-as-required\" aria-required=\"true\" aria-invalid=\"false\" value=\"\" type=\"text\" name=\"your-name\" \/><\/span>\n<\/p>\n<p>Correo electr\u00f3nico (requerido)\n<\/p>\n<p><span class=\"wpcf7-form-control-wrap\" data-name=\"your-email\"><input size=\"40\" maxlength=\"400\" class=\"wpcf7-form-control wpcf7-email wpcf7-validates-as-required wpcf7-text wpcf7-validates-as-email\" aria-required=\"true\" aria-invalid=\"false\" value=\"\" type=\"email\" name=\"your-email\" \/><\/span>\n<\/p>\n<p>Tel\u00e9fono (requerido)\n<\/p>\n<p><span class=\"wpcf7-form-control-wrap\" data-name=\"Telefono\"><input size=\"13\" maxlength=\"400\" class=\"wpcf7-form-control wpcf7-tel wpcf7-validates-as-required wpcf7-text wpcf7-validates-as-tel\" aria-required=\"true\" aria-invalid=\"false\" placeholder=\"09 12345678 - 32 2205100\" value=\"\" type=\"tel\" name=\"Telefono\" \/><\/span>\n<\/p>\n<p>Asunto\n<\/p>\n<p><span class=\"wpcf7-form-control-wrap\" data-name=\"your-subject\"><input size=\"40\" maxlength=\"400\" class=\"wpcf7-form-control wpcf7-text\" aria-invalid=\"false\" value=\"\" type=\"text\" name=\"your-subject\" \/><\/span>\n<\/p>\n<p>Mensaje\n<\/p>\n<p><span class=\"wpcf7-form-control-wrap\" data-name=\"your-message\"><textarea cols=\"40\" rows=\"10\" maxlength=\"2000\" class=\"wpcf7-form-control wpcf7-textarea\" aria-invalid=\"false\" name=\"your-message\"><\/textarea><\/span>\n<\/p>\n<p><input class=\"wpcf7-form-control wpcf7-submit has-spinner\" type=\"submit\" value=\"Enviar\" \/>\n<\/p><div class=\"wpcf7-response-output\" aria-hidden=\"true\"><\/div>\n<\/form>\n<\/div>\n[\/et_pb_code][\/et_pb_column][\/et_pb_row][\/et_pb_section]<\/p>\n","protected":false},"excerpt":{"rendered":"<p>La Comisi\u00f3n de Buenas Pr\u00e1cticas Laborales de la Universidad de Playa Ancha surgi\u00f3 como respuesta a la sentida necesidad de la comunidad universitaria de contar con instancias que permitieran hacer efectiva la prevenci\u00f3n, mediaci\u00f3n y reparaci\u00f3n del acoso laboral, entendido \u00e9ste como \u201ctoda conducta abusiva que atenta, por su repetici\u00f3n o sistematicidad, contra la dignidad [&hellip;]<\/p>\n","protected":false},"author":1,"featured_media":18,"parent":0,"menu_order":1,"comment_status":"closed","ping_status":"closed","template":"","meta":{"_et_pb_use_builder":"on","_et_pb_old_content":"La Comisi\u00f3n de Buenas Pr\u00e1cticas Laborales de la Universidad de Playa Ancha surgi\u00f3 como respuesta a la sentida necesidad de la comunidad universitaria de contar con instancias que permitieran hacer efectiva la prevenci\u00f3n, mediaci\u00f3n y reparaci\u00f3n del acoso laboral, entendido \u00e9ste como \u201ctoda conducta abusiva que atenta, por su repetici\u00f3n o sistematicidad, contra la dignidad o la integridad de una persona, poniendo en peligro su empleo o degradando el ambiente de trabajo\u201d.\r\n\r\nDe esta forma, por voluntad de Rector\u00eda, la Comisi\u00f3n de Buenas Pr\u00e1cticas Laborales fue institucionalizada en la Universidad de Playa Ancha a trav\u00e9s del <a href=\"https:\/\/www.upla.cl\/buenaspracticas\/wp-content\/uploads\/2014\/12\/2014_1204_dto_exto_3390-2010_cbpl.pdf\">Decreto Exento N\u00ba 3390\/2010<\/a>\u00a0(descargable en formato pdf haciendo click en el enlace), con la misi\u00f3n de desarrollar ingentes esfuerzos orientados al cumplimiento de los principios consagrados en la Constituci\u00f3n Pol\u00edtica de la Rep\u00fablica, las observaciones establecidas en la ley de Bases Generales de la Administraci\u00f3n del Estado, lo consignado en el C\u00f3digo de Buenas Pr\u00e1cticas Laborales y No Discriminaci\u00f3n, y lo acordado por la Instituci\u00f3n en el marco del y lo acordado por la Instituci\u00f3n en el marco del<a href=\"http:\/\/portal.sernam.cl\/?m=programa&amp;i=4\" target=\"_blank\"> Convenio de Cooperaci\u00f3n con el Servicio Nacional de la Mujer<\/a>, vigente hasta la actualidad, que le ha permitido a esta Corporaci\u00f3n obtener el \u201cSello Iguala\u201d que significa el reconocimiento del compromiso institucional en estas materias, y en el que est\u00e1 la g\u00e9nesis de la Comisi\u00f3n de Buenas Pr\u00e1cticas Laborales.\r\n\r\n<iframe width=\"800\" height=\"715\" src=\"\/\/e.issuu.com\/embed.html#13794093\/12099560\" frameborder=\"0\" allowfullscreen><\/iframe>","_et_gb_content_width":"","footnotes":""},"class_list":["post-16","page","type-page","status-publish","has-post-thumbnail","hentry"],"_links":{"self":[{"href":"https:\/\/www.upla.cl\/buenaspracticas\/wp-json\/wp\/v2\/pages\/16","targetHints":{"allow":["GET"]}}],"collection":[{"href":"https:\/\/www.upla.cl\/buenaspracticas\/wp-json\/wp\/v2\/pages"}],"about":[{"href":"https:\/\/www.upla.cl\/buenaspracticas\/wp-json\/wp\/v2\/types\/page"}],"author":[{"embeddable":true,"href":"https:\/\/www.upla.cl\/buenaspracticas\/wp-json\/wp\/v2\/users\/1"}],"replies":[{"embeddable":true,"href":"https:\/\/www.upla.cl\/buenaspracticas\/wp-json\/wp\/v2\/comments?post=16"}],"version-history":[{"count":11,"href":"https:\/\/www.upla.cl\/buenaspracticas\/wp-json\/wp\/v2\/pages\/16\/revisions"}],"predecessor-version":[{"id":115,"href":"https:\/\/www.upla.cl\/buenaspracticas\/wp-json\/wp\/v2\/pages\/16\/revisions\/115"}],"wp:featuredmedia":[{"embeddable":true,"href":"https:\/\/www.upla.cl\/buenaspracticas\/wp-json\/wp\/v2\/media\/18"}],"wp:attachment":[{"href":"https:\/\/www.upla.cl\/buenaspracticas\/wp-json\/wp\/v2\/media?parent=16"}],"curies":[{"name":"wp","href":"https:\/\/api.w.org\/{rel}","templated":true}]}}