{"id":72,"date":"2012-11-19T21:05:06","date_gmt":"2012-11-19T21:05:06","guid":{"rendered":"http:\/\/www.upla.cl\/admision2013\/?page_id=72"},"modified":"2020-08-04T16:23:45","modified_gmt":"2020-08-04T20:23:45","slug":"valparaiso","status":"publish","type":"page","link":"https:\/\/www.upla.cl\/admision\/conocenos\/valparaiso\/","title":{"rendered":"Valpara\u00edso"},"content":{"rendered":"<p>[et_pb_section admin_label=\u00bbsection\u00bb]<br \/>\n\t\t\t[et_pb_row admin_label=\u00bbrow\u00bb]<br \/>\n\t\t\t\t[et_pb_column type=\u00bb4_4&#8243;][et_pb_text admin_label=\u00bbText\u00bb]<\/p>\n<h2>Para llegar a la UPLA<\/h2>\n<h3>En veh\u00edculo particular<\/h3>\n<p>Desde el centro de Valpara\u00edso dir\u00edjase hacia Playa Ancha, al poniente de la ciudad, por Av. Altamirano (es la v\u00eda costanera y continuaci\u00f3n de Av. Err\u00e1zuriz). En la caleta El Membrillo suba por Av. El Parque o bien, un poco m\u00e1s adelante, por Carvallo. En ambas intersecciones hay sem\u00e1foros.<\/p>\n<h3>En locomoci\u00f3n colectiva<\/h3>\n<p>Para llegar a la UPLA debe tomar los buses en direcci\u00f3n al sector de Playa Ancha, al poniente de Valpara\u00edso. En Vi\u00f1a, la locomoci\u00f3n colectiva puede tomarla en calle Arlegui o en Av. Uno Norte. En Valpara\u00edso, puede tomarla en Av. Err\u00e1zuriz, Chacabuco, Av. Pedro Montt o en Av. Brasil (desde la altura de Plaza Victoria).<\/p>\n<p>La gran mayor\u00eda de las l\u00edneas que se\u00f1alan \u00abPlaya Ancha\u00bb como parte de su recorrido llegan al barrio universitario y muchos buses incluso indican expl\u00edcitamente \u00abUPLA\u00bb.<\/p>\n<p>Para quienes llegan desde Santiago y otras regiones al terminal de buses (el \u00abRodoviario\u00bb, enfrente del Congreso Nacional), la locomoci\u00f3n se puede tomar saliendo a la Av. Pedro Montt.<\/p>\n<p>Si llega en el Metro Regional de Valpara\u00edso, b\u00e1jese en la estaci\u00f3n Puerto y tome el bus en Av. Err\u00e1zuriz.<\/p>\n<p>Existen 2 formas de llegar a destino:<\/p>\n<p>Acceso Descripci\u00f3n L\u00edneas<\/p>\n<p>Por Subida El Parque<br \/>\nLas micros suben desde la Avenida Altamirano (costanera), en el sector de Caleta El Membrillo.<br \/>\n*Por Err\u00e1zuriz (y desde Vi\u00f1a del Mar): l\u00edneas 602, 603, 606 y 605<br \/>\n*Por calle Chacabuco\/Brasil: l\u00edneas 505, 510 y 518<br \/>\n*Desde Av. Pedro Montt\/Brasil: l\u00edneas 501, 703 y 705<\/p>\n<p>Por Subida Carvallo<br \/>\nLas micros suben desde la Avenida Altamirano, un poco m\u00e1s al poniente de Caleta El Membrillo, casi llegando a la playa Las Torpederas.<br \/>\n*Por Av. Pedro Montt\/Brasil\/Blanco: l\u00ednea 705 (ex N)<br \/>\n*Por Av. Err\u00e1zuriz (y desde Villa Alemana, Quilpu\u00e9 y Vi\u00f1a): l\u00ednea 109<\/p>\n<h3>Mapa<\/h3>\n<p><iframe loading=\"lazy\" src=\"https:\/\/maps.google.cl\/maps?f=q&amp;source=s_q&amp;hl=es&amp;geocode=&amp;q=Universidad+de+Playa+Ancha&amp;aq=&amp;sll=-36.821915,-88.1804&amp;sspn=44.16738,107.138672&amp;t=h&amp;ie=UTF8&amp;hq=Universidad+de+Playa+Ancha&amp;ll=-33.023867,-71.640794&amp;spn=0.006297,0.013304&amp;z=16&amp;iwloc=A&amp;output=embed\" height=\"350\" width=\"620\" frameborder=\"0\" marginwidth=\"0\" marginheight=\"0\" scrolling=\"no\"><\/iframe><br \/>\n<small><a style=\"color: #0000ff; text-align: left;\" href=\"https:\/\/maps.google.cl\/maps?f=q&amp;source=embed&amp;hl=es&amp;geocode=&amp;q=Universidad+de+Playa+Ancha&amp;aq=&amp;sll=-36.821915,-88.1804&amp;sspn=44.16738,107.138672&amp;t=h&amp;ie=UTF8&amp;hq=Universidad+de+Playa+Ancha&amp;ll=-33.023867,-71.640794&amp;spn=0.006297,0.013304&amp;z=16&amp;iwloc=A\" target=\"_blank\" rel=\"noopener\">Ver mapa m\u00e1s grande<\/a><\/small><\/p>\n<h2><a title=\"Carreras Profesionales\" href=\"https:\/\/www.upla.cl\/admision2013\/carreras-profesionales\/\">Carreras Profesionales<\/a><\/h2>\n<h2><a title=\"Carreras Vespertinas\" href=\"https:\/\/www.upla.cl\/admision2013\/carreras-vespertinas\/\">Carreras Vespertinas<\/a><\/h2>\n<h2><a title=\"Carreras T\u00e9cnicas\" href=\"https:\/\/www.upla.cl\/admision2013\/carreras-tecnicas\/\">Carreras T\u00e9cnicas<\/a><\/h2>\n<p>[\/et_pb_text][\/et_pb_column]<br \/>\n\t\t\t[\/et_pb_row]<br \/>\n\t\t[\/et_pb_section]<\/p>\n","protected":false},"excerpt":{"rendered":"<p>Para llegar a la UPLA En veh\u00edculo particular Desde el centro de Valpara\u00edso dir\u00edjase hacia Playa Ancha, al poniente de la ciudad, por Av. Altamirano (es la v\u00eda costanera y continuaci\u00f3n de Av. Err\u00e1zuriz). En la caleta El Membrillo suba por Av. El Parque o bien, un poco m\u00e1s adelante, por Carvallo. En ambas intersecciones [&hellip;]<\/p>\n","protected":false},"author":7,"featured_media":0,"parent":69,"menu_order":1,"comment_status":"closed","ping_status":"closed","template":"","meta":{"_et_pb_use_builder":"on","_et_pb_old_content":"<h2>Para llegar a la UPLA<\/h2>\r\n<h3>En veh\u00edculo particular<\/h3>\r\nDesde el centro de Valpara\u00edso dir\u00edjase hacia Playa Ancha, al poniente de la ciudad, por Av. Altamirano (es la v\u00eda costanera y continuaci\u00f3n de Av. Err\u00e1zuriz). En la caleta El Membrillo suba por Av. El Parque o bien, un poco m\u00e1s adelante, por Carvallo. En ambas intersecciones hay sem\u00e1foros.\r\n<h3>En locomoci\u00f3n colectiva<\/h3>\r\nPara llegar a la UPLA debe tomar los buses en direcci\u00f3n al sector de Playa Ancha, al poniente de Valpara\u00edso. En Vi\u00f1a, la locomoci\u00f3n colectiva puede tomarla en calle Arlegui o en Av. Uno Norte. En Valpara\u00edso, puede tomarla en Av. Err\u00e1zuriz, Chacabuco, Av. Pedro Montt o en Av. Brasil (desde la altura de Plaza Victoria).\r\n\r\nLa gran mayor\u00eda de las l\u00edneas que se\u00f1alan \"Playa Ancha\" como parte de su recorrido llegan al barrio universitario y muchos buses incluso indican expl\u00edcitamente \"UPLA\".\r\n\r\nPara quienes llegan desde Santiago y otras regiones al terminal de buses (el \"Rodoviario\", enfrente del Congreso Nacional), la locomoci\u00f3n se puede tomar saliendo a la Av. Pedro Montt.\r\n\r\nSi llega en el Metro Regional de Valpara\u00edso, b\u00e1jese en la estaci\u00f3n Puerto y tome el bus en Av. Err\u00e1zuriz.\r\n\r\nExisten 2 formas de llegar a destino:\r\n\r\nAcceso Descripci\u00f3n L\u00edneas\r\n\r\nPor Subida El Parque\r\nLas micros suben desde la Avenida Altamirano (costanera), en el sector de Caleta El Membrillo.\r\n*Por Err\u00e1zuriz (y desde Vi\u00f1a del Mar): l\u00edneas 602, 603, 606 y 605\r\n*Por calle Chacabuco\/Brasil: l\u00edneas 505, 510 y 518\r\n*Desde Av. Pedro Montt\/Brasil: l\u00edneas 501, 703 y 705\r\n\r\nPor Subida Carvallo\r\nLas micros suben desde la Avenida Altamirano, un poco m\u00e1s al poniente de Caleta El Membrillo, casi llegando a la playa Las Torpederas.\r\n*Por Av. Pedro Montt\/Brasil\/Blanco: l\u00ednea 705 (ex N)\r\n*Por Av. Err\u00e1zuriz (y desde Villa Alemana, Quilpu\u00e9 y Vi\u00f1a): l\u00ednea 109\r\n<h3>Mapa<\/h3>\r\n<iframe src=\"https:\/\/maps.google.cl\/maps?f=q&amp;source=s_q&amp;hl=es&amp;geocode=&amp;q=Universidad+de+Playa+Ancha&amp;aq=&amp;sll=-36.821915,-88.1804&amp;sspn=44.16738,107.138672&amp;t=h&amp;ie=UTF8&amp;hq=Universidad+de+Playa+Ancha&amp;ll=-33.023867,-71.640794&amp;spn=0.006297,0.013304&amp;z=16&amp;iwloc=A&amp;output=embed\" height=\"350\" width=\"620\" frameborder=\"0\" marginwidth=\"0\" marginheight=\"0\" scrolling=\"no\"><\/iframe>\r\n<small><a style=\"color: #0000ff; text-align: left;\" href=\"https:\/\/maps.google.cl\/maps?f=q&amp;source=embed&amp;hl=es&amp;geocode=&amp;q=Universidad+de+Playa+Ancha&amp;aq=&amp;sll=-36.821915,-88.1804&amp;sspn=44.16738,107.138672&amp;t=h&amp;ie=UTF8&amp;hq=Universidad+de+Playa+Ancha&amp;ll=-33.023867,-71.640794&amp;spn=0.006297,0.013304&amp;z=16&amp;iwloc=A\">Ver mapa m\u00e1s grande<\/a><\/small>\r\n<h2><a title=\"Carreras Profesionales\" href=\"https:\/\/www.upla.cl\/admision2013\/carreras-profesionales\/\">Carreras Profesionales<\/a><\/h2>\r\n<h2><a title=\"Carreras Vespertinas\" href=\"https:\/\/www.upla.cl\/admision2013\/carreras-vespertinas\/\">Carreras Vespertinas<\/a><\/h2>\r\n<h2><a title=\"Carreras T\u00e9cnicas\" href=\"https:\/\/www.upla.cl\/admision2013\/carreras-tecnicas\/\">Carreras T\u00e9cnicas<\/a><\/h2>","_et_gb_content_width":"","footnotes":""},"class_list":["post-72","page","type-page","status-publish","hentry"],"_links":{"self":[{"href":"https:\/\/www.upla.cl\/admision\/wp-json\/wp\/v2\/pages\/72","targetHints":{"allow":["GET"]}}],"collection":[{"href":"https:\/\/www.upla.cl\/admision\/wp-json\/wp\/v2\/pages"}],"about":[{"href":"https:\/\/www.upla.cl\/admision\/wp-json\/wp\/v2\/types\/page"}],"author":[{"embeddable":true,"href":"https:\/\/www.upla.cl\/admision\/wp-json\/wp\/v2\/users\/7"}],"replies":[{"embeddable":true,"href":"https:\/\/www.upla.cl\/admision\/wp-json\/wp\/v2\/comments?post=72"}],"version-history":[{"count":0,"href":"https:\/\/www.upla.cl\/admision\/wp-json\/wp\/v2\/pages\/72\/revisions"}],"up":[{"embeddable":true,"href":"https:\/\/www.upla.cl\/admision\/wp-json\/wp\/v2\/pages\/69"}],"wp:attachment":[{"href":"https:\/\/www.upla.cl\/admision\/wp-json\/wp\/v2\/media?parent=72"}],"curies":[{"name":"wp","href":"https:\/\/api.w.org\/{rel}","templated":true}]}}